{"id":2492,"date":"2022-09-01T16:50:34","date_gmt":"2022-09-01T16:50:34","guid":{"rendered":"https:\/\/www.safinel.fr\/?post_type=product&#038;p=2492"},"modified":"2023-12-30T12:29:40","modified_gmt":"2023-12-30T12:29:40","slug":"capsulas-de-alquemila-biologica","status":"publish","type":"product","link":"https:\/\/www.safinel.fr\/pt\/product-2\/capsulas-de-alquemila-biologica\/","title":{"rendered":"C\u00e1psulas de alquimila org\u00e2nica"},"content":{"rendered":"<p>A sua vida de mulher \u00e9 marcada pelos\u00a0<strong>altera\u00e7\u00f5es hormonais<\/strong>\u00a0devido \u00e0 idade, gravidez, prova\u00e7\u00f5es da vida e tamb\u00e9m\u00a0<strong>s\u00edndromes relacionadas com\u00a0<\/strong>o seu<strong>\u00a0intimidade.\u00a0<\/strong>Gra\u00e7as \u00e0s c\u00e1psulas Alch\u00e9mille Bio, o seu corpo ter\u00e1 a solu\u00e7\u00e3o natural para atravessar essas tempestades internas com serenidade.<\/p>\n<h2><strong>Um rem\u00e9dio eficaz que vale a pena conhecer\u00a0<\/strong><\/h2>\n<p>As c\u00e1psulas de alquimila s\u00e3o fabricadas a partir da planta com o mesmo nome. Os naturopatas utilizam-na pelas suas qualidades.\u00a0<strong>hemost\u00e1ticos, antit\u00famores, secantes\u00a0<\/strong>e\u00a0<strong>revigorantes<\/strong>. Ela acalma a inflama\u00e7\u00e3o e desincha os tecidos inflamados. Em c\u00e1psulas, o seu efeito ser\u00e1 o mesmo, com uma a\u00e7\u00e3o direcionada para os intestinos, o \u00fatero e a sua regi\u00e3o.<\/p>\n<h2><strong>C\u00e1psulas de alquimila: uma barreira contra hemorragias<\/strong><\/h2>\n<p>Os princ\u00edpios ativos desta planta t\u00eam o efeito de\u00a0<strong>estancar as hemorragias<\/strong>. Concretamente, o di\u00e2metro dos vasos sangu\u00edneos ir\u00e1 diminuir e recuperar o seu tamanho normal. Desta forma, o fluxo sangu\u00edneo ir\u00e1 diminuir. Esta \u00e9 a solu\u00e7\u00e3o para menstrua\u00e7\u00f5es demasiado abundantes e hemorragias que podem ocorrer fora do per\u00edodo menstrual.<\/p>\n<p>Para as loquias, recomendamos variar com infus\u00f5es de\u00a0<a href=\"https:\/\/www.safinel.fr\/pt\/product-2\/folhas-de-framboesa\/\"><strong>folhas de framboesa<\/strong><\/a>.<\/p>\n<h3><strong>Um t\u00f4nico para os tecidos uterinos<\/strong><\/h3>\n<p>Estas c\u00e1psulas permitem\u00a0<strong>tonificar\u00a0<\/strong>o seu \u00fatero, especialmente ap\u00f3s o parto. Na verdade, esse aperto geral tamb\u00e9m previne e trata o prolapso do \u00fatero. A partir de agora, essa regi\u00e3o ficar\u00e1\u00a0<strong>estimulada e tonificada<\/strong>.<\/p>\n<h3><strong>Amigo das mulheres na perimenopausa<\/strong><\/h3>\n<p>A alquemila facilitar\u00e1 essa transi\u00e7\u00e3o, que nem sempre \u00e9 f\u00e1cil. Recomendamos que tome, como complemento,\u00a0<a href=\"https:\/\/www.safinel.fr\/pt\/product-2\/agripalma\/\"><strong>c\u00e1psulas de gattilier<\/strong><\/a>.<\/p>\n<h3><strong>Como tomar as c\u00e1psulas de Alquimila Biol\u00f3gica?<\/strong><\/h3>\n<p>A toma deve ser feita antes das refei\u00e7\u00f5es.  Dose di\u00e1ria: 3 c\u00e1psulas, interromper durante o per\u00edodo menstrual.<\/p>\n<p>Antes ou durante a menopausa: 3 doses por dia durante 3 meses. A cada m\u00eas, interrompa o tratamento durante uma semana. Contraindicado para mulheres gr\u00e1vidas ou a amamentar. N\u00e3o recomendado para pessoas com pris\u00e3o de ventre, pois tem efeito antidiarreico.<\/p>","protected":false},"excerpt":{"rendered":"<p><strong>Caracter\u00edsticas:<\/strong><\/p>\n<ul>\n<li>90 c\u00e1psulas<\/li>\n<li>Biografia<\/li>\n<li>Fabricado em Fran\u00e7a<\/li>\n<\/ul>","protected":false},"featured_media":2493,"template":"","meta":[],"product_brand":[],"product_cat":[23],"product_tag":[],"class_list":{"0":"post-2492","1":"product","2":"type-product","3":"status-publish","4":"has-post-thumbnail","6":"product_cat-hygiene-feminine","8":"first","9":"outofstock","10":"shipping-taxable","11":"purchasable","12":"product-type-simple"},"yoast_head":"<!-- This site is optimized with the Yoast SEO plugin v26.6 - https:\/\/yoast.com\/wordpress\/plugins\/seo\/ -->\n<title>G\u00e9lules alch\u00e9mille bio I Bienfaits nombreux pour votre corps<\/title>\n<meta name=\"description\" content=\"Gr\u00e2ce aux g\u00e9lules Alch\u00e9mille Bio, votre corps aura la solution naturelle pour traverser ces temp\u00eates int\u00e9rieures sereinement.\" \/>\n<meta name=\"robots\" content=\"index, follow, max-snippet:-1, max-image-preview:large, max-video-preview:-1\" \/>\n<link rel=\"canonical\" href=\"https:\/\/www.safinel.fr\/pt\/product-2\/capsulas-de-alquemila-biologica\/\" \/>\n<meta property=\"og:locale\" content=\"pt_PT\" \/>\n<meta property=\"og:type\" content=\"article\" \/>\n<meta property=\"og:title\" content=\"G\u00e9lules alch\u00e9mille bio I Bienfaits nombreux pour votre corps\" \/>\n<meta property=\"og:description\" content=\"Gr\u00e2ce aux g\u00e9lules Alch\u00e9mille Bio, votre corps aura la solution naturelle pour traverser ces temp\u00eates int\u00e9rieures sereinement.\" \/>\n<meta property=\"og:url\" content=\"https:\/\/www.safinel.fr\/pt\/product-2\/capsulas-de-alquemila-biologica\/\" \/>\n<meta property=\"og:site_name\" content=\"Safinel\" \/>\n<meta property=\"article:modified_time\" content=\"2023-12-30T12:29:40+00:00\" \/>\n<meta property=\"og:image\" content=\"https:\/\/www.safinel.fr\/wp-content\/uploads\/2022\/09\/ge\u0301lule-Alche\u0301mille-bio.jpg\" \/>\n\t<meta property=\"og:image:width\" content=\"600\" \/>\n\t<meta property=\"og:image:height\" content=\"600\" \/>\n\t<meta property=\"og:image:type\" content=\"image\/jpeg\" \/>\n<meta name=\"twitter:card\" content=\"summary_large_image\" \/>\n<meta name=\"twitter:label1\" content=\"Tempo estimado de leitura\" \/>\n\t<meta name=\"twitter:data1\" content=\"2 minutos\" \/>\n<script type=\"application\/ld+json\" class=\"yoast-schema-graph\">{\"@context\":\"https:\/\/schema.org\",\"@graph\":[{\"@type\":\"WebPage\",\"@id\":\"https:\/\/www.safinel.fr\/produit\/gelules-alchemille-bio\/\",\"url\":\"https:\/\/www.safinel.fr\/produit\/gelules-alchemille-bio\/\",\"name\":\"G\u00e9lules alch\u00e9mille bio I Bienfaits nombreux pour votre corps\",\"isPartOf\":{\"@id\":\"https:\/\/www.safinel.fr\/#website\"},\"primaryImageOfPage\":{\"@id\":\"https:\/\/www.safinel.fr\/produit\/gelules-alchemille-bio\/#primaryimage\"},\"image\":{\"@id\":\"https:\/\/www.safinel.fr\/produit\/gelules-alchemille-bio\/#primaryimage\"},\"thumbnailUrl\":\"https:\/\/www.safinel.fr\/wp-content\/uploads\/2022\/09\/ge\u0301lule-Alche\u0301mille-bio.jpg\",\"datePublished\":\"2022-09-01T16:50:34+00:00\",\"dateModified\":\"2023-12-30T12:29:40+00:00\",\"description\":\"Gr\u00e2ce aux g\u00e9lules Alch\u00e9mille Bio, votre corps aura la solution naturelle pour traverser ces temp\u00eates int\u00e9rieures sereinement.\",\"breadcrumb\":{\"@id\":\"https:\/\/www.safinel.fr\/produit\/gelules-alchemille-bio\/#breadcrumb\"},\"inLanguage\":\"pt-PT\",\"potentialAction\":[{\"@type\":\"ReadAction\",\"target\":[\"https:\/\/www.safinel.fr\/produit\/gelules-alchemille-bio\/\"]}]},{\"@type\":\"ImageObject\",\"inLanguage\":\"pt-PT\",\"@id\":\"https:\/\/www.safinel.fr\/produit\/gelules-alchemille-bio\/#primaryimage\",\"url\":\"https:\/\/www.safinel.fr\/wp-content\/uploads\/2022\/09\/ge\u0301lule-Alche\u0301mille-bio.jpg\",\"contentUrl\":\"https:\/\/www.safinel.fr\/wp-content\/uploads\/2022\/09\/ge\u0301lule-Alche\u0301mille-bio.jpg\",\"width\":600,\"height\":600,\"caption\":\"G\u00e9lules alch\u00e9mille bio\"},{\"@type\":\"BreadcrumbList\",\"@id\":\"https:\/\/www.safinel.fr\/produit\/gelules-alchemille-bio\/#breadcrumb\",\"itemListElement\":[{\"@type\":\"ListItem\",\"position\":1,\"name\":\"Accueil\",\"item\":\"https:\/\/www.safinel.fr\/\"},{\"@type\":\"ListItem\",\"position\":2,\"name\":\"Boutique\",\"item\":\"https:\/\/www.safinel.fr\/boutique\/\"},{\"@type\":\"ListItem\",\"position\":3,\"name\":\"G\u00e9lules alch\u00e9mille bio\"}]},{\"@type\":\"WebSite\",\"@id\":\"https:\/\/www.safinel.fr\/#website\",\"url\":\"https:\/\/www.safinel.fr\/\",\"name\":\"Safinel\",\"description\":\"\",\"publisher\":{\"@id\":\"https:\/\/www.safinel.fr\/#organization\"},\"potentialAction\":[{\"@type\":\"SearchAction\",\"target\":{\"@type\":\"EntryPoint\",\"urlTemplate\":\"https:\/\/www.safinel.fr\/?s={search_term_string}\"},\"query-input\":{\"@type\":\"PropertyValueSpecification\",\"valueRequired\":true,\"valueName\":\"search_term_string\"}}],\"inLanguage\":\"pt-PT\"},{\"@type\":\"Organization\",\"@id\":\"https:\/\/www.safinel.fr\/#organization\",\"name\":\"Safinel\",\"url\":\"https:\/\/www.safinel.fr\/\",\"logo\":{\"@type\":\"ImageObject\",\"inLanguage\":\"pt-PT\",\"@id\":\"https:\/\/www.safinel.fr\/#\/schema\/logo\/image\/\",\"url\":\"https:\/\/www.safinel.fr\/wp-content\/uploads\/2021\/05\/boutique-cosmetique.png\",\"contentUrl\":\"https:\/\/www.safinel.fr\/wp-content\/uploads\/2021\/05\/boutique-cosmetique.png\",\"width\":800,\"height\":200,\"caption\":\"Safinel\"},\"image\":{\"@id\":\"https:\/\/www.safinel.fr\/#\/schema\/logo\/image\/\"}}]}<\/script>\n<!-- \/ Yoast SEO plugin. -->","yoast_head_json":{"title":"C\u00e1psulas de alquemila org\u00e2nica I In\u00fameros benef\u00edcios para o seu corpo","description":"Gra\u00e7as \u00e0s c\u00e1psulas Alch\u00e9mille Bio, o seu corpo ter\u00e1 a solu\u00e7\u00e3o natural para atravessar essas tempestades internas com serenidade.","robots":{"index":"index","follow":"follow","max-snippet":"max-snippet:-1","max-image-preview":"max-image-preview:large","max-video-preview":"max-video-preview:-1"},"canonical":"https:\/\/www.safinel.fr\/pt\/product-2\/capsulas-de-alquemila-biologica\/","og_locale":"pt_PT","og_type":"article","og_title":"G\u00e9lules alch\u00e9mille bio I Bienfaits nombreux pour votre corps","og_description":"Gr\u00e2ce aux g\u00e9lules Alch\u00e9mille Bio, votre corps aura la solution naturelle pour traverser ces temp\u00eates int\u00e9rieures sereinement.","og_url":"https:\/\/www.safinel.fr\/pt\/product-2\/capsulas-de-alquemila-biologica\/","og_site_name":"Safinel","article_modified_time":"2023-12-30T12:29:40+00:00","og_image":[{"width":600,"height":600,"url":"https:\/\/www.safinel.fr\/wp-content\/uploads\/2022\/09\/ge\u0301lule-Alche\u0301mille-bio.jpg","type":"image\/jpeg"}],"twitter_card":"summary_large_image","twitter_misc":{"Tempo estimado de leitura":"2 minutos"},"schema":{"@context":"https:\/\/schema.org","@graph":[{"@type":"WebPage","@id":"https:\/\/www.safinel.fr\/produit\/gelules-alchemille-bio\/","url":"https:\/\/www.safinel.fr\/produit\/gelules-alchemille-bio\/","name":"C\u00e1psulas de alquemila org\u00e2nica I In\u00fameros benef\u00edcios para o seu corpo","isPartOf":{"@id":"https:\/\/www.safinel.fr\/#website"},"primaryImageOfPage":{"@id":"https:\/\/www.safinel.fr\/produit\/gelules-alchemille-bio\/#primaryimage"},"image":{"@id":"https:\/\/www.safinel.fr\/produit\/gelules-alchemille-bio\/#primaryimage"},"thumbnailUrl":"https:\/\/www.safinel.fr\/wp-content\/uploads\/2022\/09\/ge\u0301lule-Alche\u0301mille-bio.jpg","datePublished":"2022-09-01T16:50:34+00:00","dateModified":"2023-12-30T12:29:40+00:00","description":"Gra\u00e7as \u00e0s c\u00e1psulas Alch\u00e9mille Bio, o seu corpo ter\u00e1 a solu\u00e7\u00e3o natural para atravessar essas tempestades internas com serenidade.","breadcrumb":{"@id":"https:\/\/www.safinel.fr\/produit\/gelules-alchemille-bio\/#breadcrumb"},"inLanguage":"pt-PT","potentialAction":[{"@type":"ReadAction","target":["https:\/\/www.safinel.fr\/produit\/gelules-alchemille-bio\/"]}]},{"@type":"ImageObject","inLanguage":"pt-PT","@id":"https:\/\/www.safinel.fr\/produit\/gelules-alchemille-bio\/#primaryimage","url":"https:\/\/www.safinel.fr\/wp-content\/uploads\/2022\/09\/ge\u0301lule-Alche\u0301mille-bio.jpg","contentUrl":"https:\/\/www.safinel.fr\/wp-content\/uploads\/2022\/09\/ge\u0301lule-Alche\u0301mille-bio.jpg","width":600,"height":600,"caption":"G\u00e9lules alch\u00e9mille bio"},{"@type":"BreadcrumbList","@id":"https:\/\/www.safinel.fr\/produit\/gelules-alchemille-bio\/#breadcrumb","itemListElement":[{"@type":"ListItem","position":1,"name":"Accueil","item":"https:\/\/www.safinel.fr\/"},{"@type":"ListItem","position":2,"name":"Boutique","item":"https:\/\/www.safinel.fr\/boutique\/"},{"@type":"ListItem","position":3,"name":"G\u00e9lules alch\u00e9mille bio"}]},{"@type":"WebSite","@id":"https:\/\/www.safinel.fr\/#website","url":"https:\/\/www.safinel.fr\/","name":"Safinel","description":"","publisher":{"@id":"https:\/\/www.safinel.fr\/#organization"},"potentialAction":[{"@type":"SearchAction","target":{"@type":"EntryPoint","urlTemplate":"https:\/\/www.safinel.fr\/?s={search_term_string}"},"query-input":{"@type":"PropertyValueSpecification","valueRequired":true,"valueName":"search_term_string"}}],"inLanguage":"pt-PT"},{"@type":"Organization","@id":"https:\/\/www.safinel.fr\/#organization","name":"Safinel","url":"https:\/\/www.safinel.fr\/","logo":{"@type":"ImageObject","inLanguage":"pt-PT","@id":"https:\/\/www.safinel.fr\/#\/schema\/logo\/image\/","url":"https:\/\/www.safinel.fr\/wp-content\/uploads\/2021\/05\/boutique-cosmetique.png","contentUrl":"https:\/\/www.safinel.fr\/wp-content\/uploads\/2021\/05\/boutique-cosmetique.png","width":800,"height":200,"caption":"Safinel"},"image":{"@id":"https:\/\/www.safinel.fr\/#\/schema\/logo\/image\/"}}]}},"_links":{"self":[{"href":"https:\/\/www.safinel.fr\/pt\/wp-json\/wp\/v2\/product\/2492","targetHints":{"allow":["GET"]}}],"collection":[{"href":"https:\/\/www.safinel.fr\/pt\/wp-json\/wp\/v2\/product"}],"about":[{"href":"https:\/\/www.safinel.fr\/pt\/wp-json\/wp\/v2\/types\/product"}],"wp:featuredmedia":[{"embeddable":true,"href":"https:\/\/www.safinel.fr\/pt\/wp-json\/wp\/v2\/media\/2493"}],"wp:attachment":[{"href":"https:\/\/www.safinel.fr\/pt\/wp-json\/wp\/v2\/media?parent=2492"}],"wp:term":[{"taxonomy":"product_brand","embeddable":true,"href":"https:\/\/www.safinel.fr\/pt\/wp-json\/wp\/v2\/product_brand?post=2492"},{"taxonomy":"product_cat","embeddable":true,"href":"https:\/\/www.safinel.fr\/pt\/wp-json\/wp\/v2\/product_cat?post=2492"},{"taxonomy":"product_tag","embeddable":true,"href":"https:\/\/www.safinel.fr\/pt\/wp-json\/wp\/v2\/product_tag?post=2492"}],"curies":[{"name":"wp","href":"https:\/\/api.w.org\/{rel}","templated":true}]}}