{"id":246,"date":"2021-07-24T18:58:58","date_gmt":"2021-07-24T18:58:58","guid":{"rendered":"https:\/\/www.safinel.fr\/?post_type=product&#038;p=246"},"modified":"2023-12-30T13:56:03","modified_gmt":"2023-12-30T13:56:03","slug":"desodorizante-natural-petit-grain-bigarade-flor-de-laranjeira-50-ml","status":"publish","type":"product","link":"https:\/\/www.safinel.fr\/pt\/product-2\/desodorizante-natural-petit-grain-bigarade-flor-de-laranjeira-50-ml\/","title":{"rendered":"Desodorizante natural \u2013 Petit grain Bigarade (flor de laranjeira) 50 ml"},"content":{"rendered":"<p>O qu\u00ea?! Ainda n\u00e3o mudou para um desodorizante natural?! Ent\u00e3o, deixe-nos remediar isso! Porque vamos oferecer-lhe uma pequena maravilha... Trata-se do <b>desodorizante natural petit grain bigaradier<\/b>, com o delicioso aroma de flor de laranjeira.<span class=\"Apple-converted-space\">\u00a0<\/span><\/p>\n<p>Esta pequena maravilha com <i>ingredientes 100% naturais<\/i> vai rapidamente tornar-se a melhor amiga das suas axilas!<span class=\"Apple-converted-space\">\u00a0<\/span><\/p>\n<h2><b>O desodorizante natural petit grain bigaradier: para aqueles que se amam<span class=\"Apple-converted-space\">\u00a0<\/span><\/b><\/h2>\n<p>Este desodorizante natural \u00e9 uma verdadeira lufada de ar fresco! De origem francesa, \u00e9 fabricado exclusivamente com ingredientes naturais. Voc\u00ea vai adorar suas<b> benef\u00edcios antibacterianos e antif\u00fangicos<\/b>. Ele n\u00e3o age como um <b>antitranspirante<\/b>, mas sim como um <b>absorvedor de humidade<\/b>. Ao mesmo tempo que neutraliza os maus odores!<span class=\"Apple-converted-space\">\u00a0<\/span><\/p>\n<p>Aproveite a <b>delicado aroma adocicado da flor de laranjeira<\/b>. As suas notas c\u00edtricas v\u00e3o fazer-lhe esquecer os desodorizantes cl\u00e1ssicos (e qu\u00edmicos!).<span class=\"Apple-converted-space\">\u00a0<\/span><\/p>\n<p><b>Ingredientes:<\/b> <i>\u00d3leo de coco nucifera (<a href=\"https:\/\/www.aroma-zone.com\/info\/fiche-technique\/huile-vegetale-coco-bio-aroma-zone\" target=\"_blank\" rel=\"noopener\"><strong>\u00f3leo de coco<\/strong><\/a>), bicarbonato de s\u00f3dio (bicarbonato de s\u00f3dio), cera alba (cera de abelha), \u00f3leo de folha e ramo de laranja amarga (Citrus aurantium amara leaf\/twig oil)<\/i><\/p>\n<h3><b>Como usar este desodorizante natural com flor de laranjeira?<span class=\"Apple-converted-space\">\u00a0<\/span><\/b><\/h3>\n<p>O <b>desodorizante natural petit grain bigarade<\/b> \u00e9 muito simples de usar:<span class=\"Apple-converted-space\">\u00a0<\/span><\/p>\n<ol>\n<li>Lave as m\u00e3os e pegue uma pequena quantidade com o dedo; ;<span class=\"Apple-converted-space\">\u00a0<\/span><\/li>\n<li>Aplicar nas axilas limpas e secas; ;<span class=\"Apple-converted-space\">\u00a0<\/span><\/li>\n<li>Ao entrar em contacto com a pele, o desodorizante cremoso derrete harmoniosamente.<\/li>\n<\/ol>\n<p>E pronto! Axilas limpas e com um aroma agrad\u00e1vel a flor de laranjeira!<span class=\"Apple-converted-space\">\u00a0<\/span><\/p>\n<h3><b>Recarrego com um clique!<span class=\"Apple-converted-space\">\u00a0<\/span><\/b><\/h3>\n<p>Essa \u00e9 tamb\u00e9m a vantagem de passar para produtos naturais: economizar dinheiro e respeitar o ambiente. Quando o seu desodorizante natural estiver a acabar, basta recarreg\u00e1-lo! Para isso, nada mais simples. Existe a <b><a href=\"https:\/\/www.deodorant-naturel.com\/produit\/recharge-deodorant-naturel-petit-grain-bigarade-30g\/\">Recarga de desodorante natural com aroma de petit grain bigarade<\/a>.<\/b> Um <i>pre\u00e7o muito baixo, para pagar apenas pelo produto e nada mais!<span class=\"Apple-converted-space\">\u00a0<\/span><\/i><\/p>\n<p>E se quiser variar um pouco, encontre a recarga que mais lhe agrada! E clique!<span class=\"Apple-converted-space\">\u00a0<\/span><\/p>\n<h3><b>Conserva\u00e7\u00e3o<span class=\"Apple-converted-space\">\u00a0<\/span><\/b><\/h3>\n<p>Conservar na embalagem original, protegido do calor e da humidade. \u00c9 simples assim!<span class=\"Apple-converted-space\">\u00a0<\/span><\/p>\n<h3><b>Precau\u00e7\u00f5es<\/b><\/h3>\n<p>Este desodorizante natural pode ser usado por <a href=\"https:\/\/www.deodorant-naturel.com\/produit\/deodorant-100-naturel-femme-enceinte\/\"><strong>mulheres gr\u00e1vidas<\/strong><\/a> apenas a partir do terceiro m\u00eas de gravidez.<span class=\"Apple-converted-space\">\u00a0<\/span><\/p>\n<p>Em caso de rea\u00e7\u00e3o cut\u00e2nea indesej\u00e1vel, pare de usar este produto.<\/p>","protected":false},"excerpt":{"rendered":"<p>O qu\u00ea?! Ainda n\u00e3o mudaste para o desodorizante natural! Ent\u00e3o vamos remediar isso! Porque temos uma pequena maravilha para si... \u00c9 o desodorizante natural petit grain bigaradier, com o delicioso aroma da flor de laranjeira.  Esta pequena maravilha, com os seus 100% ingredientes naturais, tornar-se-\u00e1 rapidamente o melhor amigo da sua pele.","protected":false},"featured_media":276,"template":"","meta":[],"product_brand":[],"product_cat":[32],"product_tag":[],"class_list":{"0":"post-246","1":"product","2":"type-product","3":"status-publish","4":"has-post-thumbnail","6":"product_cat-curae","8":"first","9":"outofstock","10":"shipping-taxable","11":"purchasable","12":"product-type-simple"},"yoast_head":"<!-- This site is optimized with the Yoast SEO plugin v26.6 - https:\/\/yoast.com\/wordpress\/plugins\/seo\/ -->\n<title>D\u00e9odorant naturel - Petit grain Bigarade (fleur d&#039;oranger) 50ml - Safinel<\/title>\n<meta name=\"robots\" content=\"index, follow, max-snippet:-1, max-image-preview:large, max-video-preview:-1\" \/>\n<link rel=\"canonical\" href=\"https:\/\/www.safinel.fr\/pt\/product-2\/desodorizante-natural-petit-grain-bigarade-flor-de-laranjeira-50-ml\/\" \/>\n<meta property=\"og:locale\" content=\"pt_PT\" \/>\n<meta property=\"og:type\" content=\"article\" \/>\n<meta property=\"og:title\" content=\"D\u00e9odorant naturel - Petit grain Bigarade (fleur d&#039;oranger) 50ml - Safinel\" \/>\n<meta property=\"og:description\" content=\"Quoi ?! Vous n\u2019\u00eates pas encore pass\u00e9 au d\u00e9odorant naturel ?! Alors, laissez-nous rem\u00e9dier \u00e0 cela ! Parce que nous allons vous proposer une petite merveille\u2026 \u00a0Il s\u2019agit du d\u00e9odorant naturel petit grain bigaradier, \u00e0 la d\u00e9licieuse odeur de fleur d\u2019oranger.\u00a0 Cette petite merveille aux ingr\u00e9dients 100% naturels va rapidement devenir la meilleure amie de [...]\" \/>\n<meta property=\"og:url\" content=\"https:\/\/www.safinel.fr\/pt\/product-2\/desodorizante-natural-petit-grain-bigarade-flor-de-laranjeira-50-ml\/\" \/>\n<meta property=\"og:site_name\" content=\"Safinel\" \/>\n<meta property=\"article:modified_time\" content=\"2023-12-30T13:56:03+00:00\" \/>\n<meta property=\"og:image\" content=\"https:\/\/www.safinel.fr\/wp-content\/uploads\/2021\/07\/559-large_default.jpg\" \/>\n\t<meta property=\"og:image:width\" content=\"800\" \/>\n\t<meta property=\"og:image:height\" content=\"800\" \/>\n\t<meta property=\"og:image:type\" content=\"image\/jpeg\" \/>\n<meta name=\"twitter:card\" content=\"summary_large_image\" \/>\n<meta name=\"twitter:label1\" content=\"Tempo estimado de leitura\" \/>\n\t<meta name=\"twitter:data1\" content=\"2 minutos\" \/>\n<script type=\"application\/ld+json\" class=\"yoast-schema-graph\">{\"@context\":\"https:\/\/schema.org\",\"@graph\":[{\"@type\":\"WebPage\",\"@id\":\"https:\/\/www.safinel.fr\/produit\/deodorant-naturel-petit-grain-bigarade-fleur-doranger-50ml\/\",\"url\":\"https:\/\/www.safinel.fr\/produit\/deodorant-naturel-petit-grain-bigarade-fleur-doranger-50ml\/\",\"name\":\"D\u00e9odorant naturel - Petit grain Bigarade (fleur d'oranger) 50ml - Safinel\",\"isPartOf\":{\"@id\":\"https:\/\/www.safinel.fr\/#website\"},\"primaryImageOfPage\":{\"@id\":\"https:\/\/www.safinel.fr\/produit\/deodorant-naturel-petit-grain-bigarade-fleur-doranger-50ml\/#primaryimage\"},\"image\":{\"@id\":\"https:\/\/www.safinel.fr\/produit\/deodorant-naturel-petit-grain-bigarade-fleur-doranger-50ml\/#primaryimage\"},\"thumbnailUrl\":\"https:\/\/www.safinel.fr\/wp-content\/uploads\/2021\/07\/559-large_default.jpg\",\"datePublished\":\"2021-07-24T18:58:58+00:00\",\"dateModified\":\"2023-12-30T13:56:03+00:00\",\"breadcrumb\":{\"@id\":\"https:\/\/www.safinel.fr\/produit\/deodorant-naturel-petit-grain-bigarade-fleur-doranger-50ml\/#breadcrumb\"},\"inLanguage\":\"pt-PT\",\"potentialAction\":[{\"@type\":\"ReadAction\",\"target\":[\"https:\/\/www.safinel.fr\/produit\/deodorant-naturel-petit-grain-bigarade-fleur-doranger-50ml\/\"]}]},{\"@type\":\"ImageObject\",\"inLanguage\":\"pt-PT\",\"@id\":\"https:\/\/www.safinel.fr\/produit\/deodorant-naturel-petit-grain-bigarade-fleur-doranger-50ml\/#primaryimage\",\"url\":\"https:\/\/www.safinel.fr\/wp-content\/uploads\/2021\/07\/559-large_default.jpg\",\"contentUrl\":\"https:\/\/www.safinel.fr\/wp-content\/uploads\/2021\/07\/559-large_default.jpg\",\"width\":800,\"height\":800},{\"@type\":\"BreadcrumbList\",\"@id\":\"https:\/\/www.safinel.fr\/produit\/deodorant-naturel-petit-grain-bigarade-fleur-doranger-50ml\/#breadcrumb\",\"itemListElement\":[{\"@type\":\"ListItem\",\"position\":1,\"name\":\"Accueil\",\"item\":\"https:\/\/www.safinel.fr\/\"},{\"@type\":\"ListItem\",\"position\":2,\"name\":\"Boutique\",\"item\":\"https:\/\/www.safinel.fr\/boutique\/\"},{\"@type\":\"ListItem\",\"position\":3,\"name\":\"D\u00e9odorant naturel &#8211; Petit grain Bigarade (fleur d&#8217;oranger) 50ml\"}]},{\"@type\":\"WebSite\",\"@id\":\"https:\/\/www.safinel.fr\/#website\",\"url\":\"https:\/\/www.safinel.fr\/\",\"name\":\"Safinel\",\"description\":\"\",\"publisher\":{\"@id\":\"https:\/\/www.safinel.fr\/#organization\"},\"potentialAction\":[{\"@type\":\"SearchAction\",\"target\":{\"@type\":\"EntryPoint\",\"urlTemplate\":\"https:\/\/www.safinel.fr\/?s={search_term_string}\"},\"query-input\":{\"@type\":\"PropertyValueSpecification\",\"valueRequired\":true,\"valueName\":\"search_term_string\"}}],\"inLanguage\":\"pt-PT\"},{\"@type\":\"Organization\",\"@id\":\"https:\/\/www.safinel.fr\/#organization\",\"name\":\"Safinel\",\"url\":\"https:\/\/www.safinel.fr\/\",\"logo\":{\"@type\":\"ImageObject\",\"inLanguage\":\"pt-PT\",\"@id\":\"https:\/\/www.safinel.fr\/#\/schema\/logo\/image\/\",\"url\":\"https:\/\/www.safinel.fr\/wp-content\/uploads\/2021\/05\/boutique-cosmetique.png\",\"contentUrl\":\"https:\/\/www.safinel.fr\/wp-content\/uploads\/2021\/05\/boutique-cosmetique.png\",\"width\":800,\"height\":200,\"caption\":\"Safinel\"},\"image\":{\"@id\":\"https:\/\/www.safinel.fr\/#\/schema\/logo\/image\/\"}}]}<\/script>\n<!-- \/ Yoast SEO plugin. -->","yoast_head_json":{"title":"Desodorizante natural - Petit grain Bigarade (flor de laranjeira) 50 ml - Safinel","robots":{"index":"index","follow":"follow","max-snippet":"max-snippet:-1","max-image-preview":"max-image-preview:large","max-video-preview":"max-video-preview:-1"},"canonical":"https:\/\/www.safinel.fr\/pt\/product-2\/desodorizante-natural-petit-grain-bigarade-flor-de-laranjeira-50-ml\/","og_locale":"pt_PT","og_type":"article","og_title":"D\u00e9odorant naturel - Petit grain Bigarade (fleur d'oranger) 50ml - Safinel","og_description":"Quoi ?! Vous n\u2019\u00eates pas encore pass\u00e9 au d\u00e9odorant naturel ?! Alors, laissez-nous rem\u00e9dier \u00e0 cela ! Parce que nous allons vous proposer une petite merveille\u2026 \u00a0Il s\u2019agit du d\u00e9odorant naturel petit grain bigaradier, \u00e0 la d\u00e9licieuse odeur de fleur d\u2019oranger.\u00a0 Cette petite merveille aux ingr\u00e9dients 100% naturels va rapidement devenir la meilleure amie de [...]","og_url":"https:\/\/www.safinel.fr\/pt\/product-2\/desodorizante-natural-petit-grain-bigarade-flor-de-laranjeira-50-ml\/","og_site_name":"Safinel","article_modified_time":"2023-12-30T13:56:03+00:00","og_image":[{"width":800,"height":800,"url":"https:\/\/www.safinel.fr\/wp-content\/uploads\/2021\/07\/559-large_default.jpg","type":"image\/jpeg"}],"twitter_card":"summary_large_image","twitter_misc":{"Tempo estimado de leitura":"2 minutos"},"schema":{"@context":"https:\/\/schema.org","@graph":[{"@type":"WebPage","@id":"https:\/\/www.safinel.fr\/produit\/deodorant-naturel-petit-grain-bigarade-fleur-doranger-50ml\/","url":"https:\/\/www.safinel.fr\/produit\/deodorant-naturel-petit-grain-bigarade-fleur-doranger-50ml\/","name":"Desodorizante natural - Petit grain Bigarade (flor de laranjeira) 50 ml - Safinel","isPartOf":{"@id":"https:\/\/www.safinel.fr\/#website"},"primaryImageOfPage":{"@id":"https:\/\/www.safinel.fr\/produit\/deodorant-naturel-petit-grain-bigarade-fleur-doranger-50ml\/#primaryimage"},"image":{"@id":"https:\/\/www.safinel.fr\/produit\/deodorant-naturel-petit-grain-bigarade-fleur-doranger-50ml\/#primaryimage"},"thumbnailUrl":"https:\/\/www.safinel.fr\/wp-content\/uploads\/2021\/07\/559-large_default.jpg","datePublished":"2021-07-24T18:58:58+00:00","dateModified":"2023-12-30T13:56:03+00:00","breadcrumb":{"@id":"https:\/\/www.safinel.fr\/produit\/deodorant-naturel-petit-grain-bigarade-fleur-doranger-50ml\/#breadcrumb"},"inLanguage":"pt-PT","potentialAction":[{"@type":"ReadAction","target":["https:\/\/www.safinel.fr\/produit\/deodorant-naturel-petit-grain-bigarade-fleur-doranger-50ml\/"]}]},{"@type":"ImageObject","inLanguage":"pt-PT","@id":"https:\/\/www.safinel.fr\/produit\/deodorant-naturel-petit-grain-bigarade-fleur-doranger-50ml\/#primaryimage","url":"https:\/\/www.safinel.fr\/wp-content\/uploads\/2021\/07\/559-large_default.jpg","contentUrl":"https:\/\/www.safinel.fr\/wp-content\/uploads\/2021\/07\/559-large_default.jpg","width":800,"height":800},{"@type":"BreadcrumbList","@id":"https:\/\/www.safinel.fr\/produit\/deodorant-naturel-petit-grain-bigarade-fleur-doranger-50ml\/#breadcrumb","itemListElement":[{"@type":"ListItem","position":1,"name":"Accueil","item":"https:\/\/www.safinel.fr\/"},{"@type":"ListItem","position":2,"name":"Boutique","item":"https:\/\/www.safinel.fr\/boutique\/"},{"@type":"ListItem","position":3,"name":"D\u00e9odorant naturel &#8211; Petit grain Bigarade (fleur d&#8217;oranger) 50ml"}]},{"@type":"WebSite","@id":"https:\/\/www.safinel.fr\/#website","url":"https:\/\/www.safinel.fr\/","name":"Safinel","description":"","publisher":{"@id":"https:\/\/www.safinel.fr\/#organization"},"potentialAction":[{"@type":"SearchAction","target":{"@type":"EntryPoint","urlTemplate":"https:\/\/www.safinel.fr\/?s={search_term_string}"},"query-input":{"@type":"PropertyValueSpecification","valueRequired":true,"valueName":"search_term_string"}}],"inLanguage":"pt-PT"},{"@type":"Organization","@id":"https:\/\/www.safinel.fr\/#organization","name":"Safinel","url":"https:\/\/www.safinel.fr\/","logo":{"@type":"ImageObject","inLanguage":"pt-PT","@id":"https:\/\/www.safinel.fr\/#\/schema\/logo\/image\/","url":"https:\/\/www.safinel.fr\/wp-content\/uploads\/2021\/05\/boutique-cosmetique.png","contentUrl":"https:\/\/www.safinel.fr\/wp-content\/uploads\/2021\/05\/boutique-cosmetique.png","width":800,"height":200,"caption":"Safinel"},"image":{"@id":"https:\/\/www.safinel.fr\/#\/schema\/logo\/image\/"}}]}},"_links":{"self":[{"href":"https:\/\/www.safinel.fr\/pt\/wp-json\/wp\/v2\/product\/246","targetHints":{"allow":["GET"]}}],"collection":[{"href":"https:\/\/www.safinel.fr\/pt\/wp-json\/wp\/v2\/product"}],"about":[{"href":"https:\/\/www.safinel.fr\/pt\/wp-json\/wp\/v2\/types\/product"}],"wp:featuredmedia":[{"embeddable":true,"href":"https:\/\/www.safinel.fr\/pt\/wp-json\/wp\/v2\/media\/276"}],"wp:attachment":[{"href":"https:\/\/www.safinel.fr\/pt\/wp-json\/wp\/v2\/media?parent=246"}],"wp:term":[{"taxonomy":"product_brand","embeddable":true,"href":"https:\/\/www.safinel.fr\/pt\/wp-json\/wp\/v2\/product_brand?post=246"},{"taxonomy":"product_cat","embeddable":true,"href":"https:\/\/www.safinel.fr\/pt\/wp-json\/wp\/v2\/product_cat?post=246"},{"taxonomy":"product_tag","embeddable":true,"href":"https:\/\/www.safinel.fr\/pt\/wp-json\/wp\/v2\/product_tag?post=246"}],"curies":[{"name":"wp","href":"https:\/\/api.w.org\/{rel}","templated":true}]}}