{"id":245,"date":"2021-07-24T18:58:58","date_gmt":"2021-07-24T18:58:58","guid":{"rendered":"https:\/\/www.safinel.fr\/?post_type=product&#038;p=245"},"modified":"2023-12-30T13:55:58","modified_gmt":"2023-12-30T13:55:58","slug":"desodorizante-natural-lavanda-patchouli-50g","status":"publish","type":"product","link":"https:\/\/www.safinel.fr\/pt\/product-2\/desodorizante-natural-lavanda-patchouli-50g\/","title":{"rendered":"Desodorizante natural \u2013 Lavanda e patchouli 50 g"},"content":{"rendered":"<p>Por que deixar de usar os desodorizantes cl\u00e1ssicos? Simplesmente para adotar o<b> desodorizante natural de lavanda e patchouli<\/b>, Claro!<span class=\"Apple-converted-space\">\u00a0<\/span><\/p>\n<p>Descubra j\u00e1 esta <b>creme desodorizante fabricado em Fran\u00e7a<\/b>, que vai fazer voc\u00ea mudar de opini\u00e3o sobre os cosm\u00e9ticos ecol\u00f3gicos!<\/p>\n<h2><b>O desodorizante natural de lavanda e patchouli: o seu novo aliado natural!<span class=\"Apple-converted-space\">\u00a0<\/span><\/b><\/h2>\n<p>Este desodorizante natural atua como um <b>regulador da transpira\u00e7\u00e3o<\/b>. Mas tamb\u00e9m como um<b> anti-odor eficaz<\/b>. Ele lhe trar\u00e1 todos os seus <b>benef\u00edcios antif\u00fangicos, calmantes e antibacterianos<\/b>. Tudo isso, <i>sem quaisquer disruptores end\u00f3crinos prejudiciais \u00e0 sa\u00fade.<\/i><\/p>\n<p>O seu aroma delicado a patchouli e lavanda \u00e9 muito agrad\u00e1vel e refrescante. <span class=\"Apple-converted-space\">\u00a0<\/span><\/p>\n<p><b>Ingredientes: <\/b><i>\u00d3leo de coco nucifera (\u00f3leo de coco org\u00e2nico), bicarbonato de s\u00f3dio, cera alba (cera de abelha), lavandula officinalis (\u00f3leo de lavanda), citrus sinensis (laranja), pogostemon cablin (<a href=\"https:\/\/www.encens-store.fr\/produit\/huile-essentielle-maison-patchouli\/\" target=\"_blank\" rel=\"noopener\"><strong>patchouli<\/strong><\/a>),<span class=\"Apple-converted-space\">\u00a0 <\/span>cananga odorata (\u00f3leo essencial de ylang ylang), cedro atlantica (cedro do Atlas).<\/i><\/p>\n<p>Ah, sim! E o seu desodorizante natural, claro, n\u00e3o tem <b>Nunca foi testado em animais.<\/b> Parece \u00f3bvio, mas \u00e9 melhor esclarecer!<span class=\"Apple-converted-space\">\u00a0<\/span><\/p>\n<h3><b>As nossas recomenda\u00e7\u00f5es de utiliza\u00e7\u00e3o<span class=\"Apple-converted-space\">\u00a0<\/span><\/b><\/h3>\n<p>O <b>desodorizante natural de longa dura\u00e7\u00e3o<\/b> com patchouli e lavanda pode ser usado diariamente. De prefer\u00eancia ap\u00f3s o banho, para uma sensa\u00e7\u00e3o de frescura e limpeza ao longo do dia.<span class=\"Apple-converted-space\">\u00a0<\/span><\/p>\n<p>Aplique uma pequena quantidade nas axilas com o dedo. A textura cremosa deste desodorizante \u00e9 muito agrad\u00e1vel e tamb\u00e9m possui <b>propriedades hidratantes.<span class=\"Apple-converted-space\">\u00a0<\/span><\/b><\/p>\n<p>O seu desodorizante, al\u00e9m de ser <b>ecol\u00f3gico<\/b>, tamb\u00e9m \u00e9 muito <b>econ\u00f3mico<\/b> ! Lembre-se de recarregar o seu cosm\u00e9tico assim que ele estiver acabando. A embalagem de alum\u00ednio \u00e9 100% recicl\u00e1vel. Voc\u00ea tamb\u00e9m pode reutiliz\u00e1-la infinitamente!<span class=\"Apple-converted-space\">\u00a0<\/span><\/p>\n<h3><b>Conserva\u00e7\u00e3o<span class=\"Apple-converted-space\">\u00a0<\/span><\/b><\/h3>\n<p>Este desodorizante natural eficaz conserva-se muito bem num local seco, protegido do calor.<span class=\"Apple-converted-space\">\u00a0<\/span><\/p>\n<p><b>Precau\u00e7\u00f5es<span class=\"Apple-converted-space\">\u00a0<\/span><\/b><\/p>\n<p>Lembre-se de sempre lavar as m\u00e3os antes e depois de cada utiliza\u00e7\u00e3o.<span class=\"Apple-converted-space\">\u00a0<\/span><\/p>\n<p>Este desodorizante n\u00e3o \u00e9 recomendado para mulheres gr\u00e1vidas devido \u00e0 presen\u00e7a de \u00f3leos essenciais. Mas n\u00e3o hesite em experimentar o nosso <a href=\"https:\/\/www.deodorant-naturel.com\/produit\/deodorant-100-naturel-femme-enceinte\/\"><b>desodorizante natural para mulheres gr\u00e1vidas<\/b><\/a> !<span class=\"Apple-converted-space\">\u00a0<\/span><\/p>","protected":false},"excerpt":{"rendered":"<p>Porqu\u00ea deixar de usar os desodorizantes tradicionais? Muito simplesmente para adotar o desodorizante natural de lavanda e patchouli, claro!  Descubra este creme desodorizante, fabricado em Fran\u00e7a, que o far\u00e1 mudar de ideias sobre a cosm\u00e9tica verde! Desodorizante natural de lavanda e patchouli: o seu novo aliado natural!  Este desodorizante [...]","protected":false},"featured_media":275,"template":"","meta":[],"product_brand":[],"product_cat":[32],"product_tag":[],"class_list":{"0":"post-245","1":"product","2":"type-product","3":"status-publish","4":"has-post-thumbnail","6":"product_cat-curae","8":"first","9":"outofstock","10":"shipping-taxable","11":"purchasable","12":"product-type-simple"},"yoast_head":"<!-- This site is optimized with the Yoast SEO plugin v26.6 - https:\/\/yoast.com\/wordpress\/plugins\/seo\/ -->\n<title>D\u00e9odorant naturel - Lavande &amp; patchouli 50g - Safinel<\/title>\n<meta name=\"robots\" content=\"index, follow, max-snippet:-1, max-image-preview:large, max-video-preview:-1\" \/>\n<link rel=\"canonical\" href=\"https:\/\/www.safinel.fr\/pt\/product-2\/desodorizante-natural-lavanda-patchouli-50g\/\" \/>\n<meta property=\"og:locale\" content=\"pt_PT\" \/>\n<meta property=\"og:type\" content=\"article\" \/>\n<meta property=\"og:title\" content=\"D\u00e9odorant naturel - Lavande &amp; patchouli 50g - Safinel\" \/>\n<meta property=\"og:description\" content=\"Pourquoi arr\u00eater d\u2019utiliser les d\u00e9odorants classiques ? Tout simplement pour adopter le d\u00e9odorant naturel lavande et patchouli, bien s\u00fbr !\u00a0 D\u00e9couvrez sans plus attendre cette cr\u00e8me d\u00e9odorante fabriqu\u00e9e en France, qui vous fera changer d\u2019avis sur la cosm\u00e9tique verte ! Le d\u00e9odorant naturel lavande et patchouli : votre nouvel alli\u00e9 au naturel !\u00a0 Ce d\u00e9odorant [...]\" \/>\n<meta property=\"og:url\" content=\"https:\/\/www.safinel.fr\/pt\/product-2\/desodorizante-natural-lavanda-patchouli-50g\/\" \/>\n<meta property=\"og:site_name\" content=\"Safinel\" \/>\n<meta property=\"article:modified_time\" content=\"2023-12-30T13:55:58+00:00\" \/>\n<meta property=\"og:image\" content=\"https:\/\/www.safinel.fr\/wp-content\/uploads\/2021\/07\/555-large_default.jpg\" \/>\n\t<meta property=\"og:image:width\" content=\"800\" \/>\n\t<meta property=\"og:image:height\" content=\"800\" \/>\n\t<meta property=\"og:image:type\" content=\"image\/jpeg\" \/>\n<meta name=\"twitter:card\" content=\"summary_large_image\" \/>\n<meta name=\"twitter:label1\" content=\"Tempo estimado de leitura\" \/>\n\t<meta name=\"twitter:data1\" content=\"2 minutos\" \/>\n<script type=\"application\/ld+json\" class=\"yoast-schema-graph\">{\"@context\":\"https:\/\/schema.org\",\"@graph\":[{\"@type\":\"WebPage\",\"@id\":\"https:\/\/www.safinel.fr\/produit\/deodorant-naturel-lavande-patchouli-50g\/\",\"url\":\"https:\/\/www.safinel.fr\/produit\/deodorant-naturel-lavande-patchouli-50g\/\",\"name\":\"D\u00e9odorant naturel - Lavande & patchouli 50g - Safinel\",\"isPartOf\":{\"@id\":\"https:\/\/www.safinel.fr\/#website\"},\"primaryImageOfPage\":{\"@id\":\"https:\/\/www.safinel.fr\/produit\/deodorant-naturel-lavande-patchouli-50g\/#primaryimage\"},\"image\":{\"@id\":\"https:\/\/www.safinel.fr\/produit\/deodorant-naturel-lavande-patchouli-50g\/#primaryimage\"},\"thumbnailUrl\":\"https:\/\/www.safinel.fr\/wp-content\/uploads\/2021\/07\/555-large_default.jpg\",\"datePublished\":\"2021-07-24T18:58:58+00:00\",\"dateModified\":\"2023-12-30T13:55:58+00:00\",\"breadcrumb\":{\"@id\":\"https:\/\/www.safinel.fr\/produit\/deodorant-naturel-lavande-patchouli-50g\/#breadcrumb\"},\"inLanguage\":\"pt-PT\",\"potentialAction\":[{\"@type\":\"ReadAction\",\"target\":[\"https:\/\/www.safinel.fr\/produit\/deodorant-naturel-lavande-patchouli-50g\/\"]}]},{\"@type\":\"ImageObject\",\"inLanguage\":\"pt-PT\",\"@id\":\"https:\/\/www.safinel.fr\/produit\/deodorant-naturel-lavande-patchouli-50g\/#primaryimage\",\"url\":\"https:\/\/www.safinel.fr\/wp-content\/uploads\/2021\/07\/555-large_default.jpg\",\"contentUrl\":\"https:\/\/www.safinel.fr\/wp-content\/uploads\/2021\/07\/555-large_default.jpg\",\"width\":800,\"height\":800},{\"@type\":\"BreadcrumbList\",\"@id\":\"https:\/\/www.safinel.fr\/produit\/deodorant-naturel-lavande-patchouli-50g\/#breadcrumb\",\"itemListElement\":[{\"@type\":\"ListItem\",\"position\":1,\"name\":\"Accueil\",\"item\":\"https:\/\/www.safinel.fr\/\"},{\"@type\":\"ListItem\",\"position\":2,\"name\":\"Boutique\",\"item\":\"https:\/\/www.safinel.fr\/boutique\/\"},{\"@type\":\"ListItem\",\"position\":3,\"name\":\"D\u00e9odorant naturel &#8211; Lavande &#038; patchouli 50g\"}]},{\"@type\":\"WebSite\",\"@id\":\"https:\/\/www.safinel.fr\/#website\",\"url\":\"https:\/\/www.safinel.fr\/\",\"name\":\"Safinel\",\"description\":\"\",\"publisher\":{\"@id\":\"https:\/\/www.safinel.fr\/#organization\"},\"potentialAction\":[{\"@type\":\"SearchAction\",\"target\":{\"@type\":\"EntryPoint\",\"urlTemplate\":\"https:\/\/www.safinel.fr\/?s={search_term_string}\"},\"query-input\":{\"@type\":\"PropertyValueSpecification\",\"valueRequired\":true,\"valueName\":\"search_term_string\"}}],\"inLanguage\":\"pt-PT\"},{\"@type\":\"Organization\",\"@id\":\"https:\/\/www.safinel.fr\/#organization\",\"name\":\"Safinel\",\"url\":\"https:\/\/www.safinel.fr\/\",\"logo\":{\"@type\":\"ImageObject\",\"inLanguage\":\"pt-PT\",\"@id\":\"https:\/\/www.safinel.fr\/#\/schema\/logo\/image\/\",\"url\":\"https:\/\/www.safinel.fr\/wp-content\/uploads\/2021\/05\/boutique-cosmetique.png\",\"contentUrl\":\"https:\/\/www.safinel.fr\/wp-content\/uploads\/2021\/05\/boutique-cosmetique.png\",\"width\":800,\"height\":200,\"caption\":\"Safinel\"},\"image\":{\"@id\":\"https:\/\/www.safinel.fr\/#\/schema\/logo\/image\/\"}}]}<\/script>\n<!-- \/ Yoast SEO plugin. -->","yoast_head_json":{"title":"Desodorizante natural - Lavanda e patchouli 50 g - Safinel","robots":{"index":"index","follow":"follow","max-snippet":"max-snippet:-1","max-image-preview":"max-image-preview:large","max-video-preview":"max-video-preview:-1"},"canonical":"https:\/\/www.safinel.fr\/pt\/product-2\/desodorizante-natural-lavanda-patchouli-50g\/","og_locale":"pt_PT","og_type":"article","og_title":"D\u00e9odorant naturel - Lavande & patchouli 50g - Safinel","og_description":"Pourquoi arr\u00eater d\u2019utiliser les d\u00e9odorants classiques ? Tout simplement pour adopter le d\u00e9odorant naturel lavande et patchouli, bien s\u00fbr !\u00a0 D\u00e9couvrez sans plus attendre cette cr\u00e8me d\u00e9odorante fabriqu\u00e9e en France, qui vous fera changer d\u2019avis sur la cosm\u00e9tique verte ! Le d\u00e9odorant naturel lavande et patchouli : votre nouvel alli\u00e9 au naturel !\u00a0 Ce d\u00e9odorant [...]","og_url":"https:\/\/www.safinel.fr\/pt\/product-2\/desodorizante-natural-lavanda-patchouli-50g\/","og_site_name":"Safinel","article_modified_time":"2023-12-30T13:55:58+00:00","og_image":[{"width":800,"height":800,"url":"https:\/\/www.safinel.fr\/wp-content\/uploads\/2021\/07\/555-large_default.jpg","type":"image\/jpeg"}],"twitter_card":"summary_large_image","twitter_misc":{"Tempo estimado de leitura":"2 minutos"},"schema":{"@context":"https:\/\/schema.org","@graph":[{"@type":"WebPage","@id":"https:\/\/www.safinel.fr\/produit\/deodorant-naturel-lavande-patchouli-50g\/","url":"https:\/\/www.safinel.fr\/produit\/deodorant-naturel-lavande-patchouli-50g\/","name":"Desodorizante natural - Lavanda e patchouli 50 g - Safinel","isPartOf":{"@id":"https:\/\/www.safinel.fr\/#website"},"primaryImageOfPage":{"@id":"https:\/\/www.safinel.fr\/produit\/deodorant-naturel-lavande-patchouli-50g\/#primaryimage"},"image":{"@id":"https:\/\/www.safinel.fr\/produit\/deodorant-naturel-lavande-patchouli-50g\/#primaryimage"},"thumbnailUrl":"https:\/\/www.safinel.fr\/wp-content\/uploads\/2021\/07\/555-large_default.jpg","datePublished":"2021-07-24T18:58:58+00:00","dateModified":"2023-12-30T13:55:58+00:00","breadcrumb":{"@id":"https:\/\/www.safinel.fr\/produit\/deodorant-naturel-lavande-patchouli-50g\/#breadcrumb"},"inLanguage":"pt-PT","potentialAction":[{"@type":"ReadAction","target":["https:\/\/www.safinel.fr\/produit\/deodorant-naturel-lavande-patchouli-50g\/"]}]},{"@type":"ImageObject","inLanguage":"pt-PT","@id":"https:\/\/www.safinel.fr\/produit\/deodorant-naturel-lavande-patchouli-50g\/#primaryimage","url":"https:\/\/www.safinel.fr\/wp-content\/uploads\/2021\/07\/555-large_default.jpg","contentUrl":"https:\/\/www.safinel.fr\/wp-content\/uploads\/2021\/07\/555-large_default.jpg","width":800,"height":800},{"@type":"BreadcrumbList","@id":"https:\/\/www.safinel.fr\/produit\/deodorant-naturel-lavande-patchouli-50g\/#breadcrumb","itemListElement":[{"@type":"ListItem","position":1,"name":"Accueil","item":"https:\/\/www.safinel.fr\/"},{"@type":"ListItem","position":2,"name":"Boutique","item":"https:\/\/www.safinel.fr\/boutique\/"},{"@type":"ListItem","position":3,"name":"D\u00e9odorant naturel &#8211; Lavande &#038; patchouli 50g"}]},{"@type":"WebSite","@id":"https:\/\/www.safinel.fr\/#website","url":"https:\/\/www.safinel.fr\/","name":"Safinel","description":"","publisher":{"@id":"https:\/\/www.safinel.fr\/#organization"},"potentialAction":[{"@type":"SearchAction","target":{"@type":"EntryPoint","urlTemplate":"https:\/\/www.safinel.fr\/?s={search_term_string}"},"query-input":{"@type":"PropertyValueSpecification","valueRequired":true,"valueName":"search_term_string"}}],"inLanguage":"pt-PT"},{"@type":"Organization","@id":"https:\/\/www.safinel.fr\/#organization","name":"Safinel","url":"https:\/\/www.safinel.fr\/","logo":{"@type":"ImageObject","inLanguage":"pt-PT","@id":"https:\/\/www.safinel.fr\/#\/schema\/logo\/image\/","url":"https:\/\/www.safinel.fr\/wp-content\/uploads\/2021\/05\/boutique-cosmetique.png","contentUrl":"https:\/\/www.safinel.fr\/wp-content\/uploads\/2021\/05\/boutique-cosmetique.png","width":800,"height":200,"caption":"Safinel"},"image":{"@id":"https:\/\/www.safinel.fr\/#\/schema\/logo\/image\/"}}]}},"_links":{"self":[{"href":"https:\/\/www.safinel.fr\/pt\/wp-json\/wp\/v2\/product\/245","targetHints":{"allow":["GET"]}}],"collection":[{"href":"https:\/\/www.safinel.fr\/pt\/wp-json\/wp\/v2\/product"}],"about":[{"href":"https:\/\/www.safinel.fr\/pt\/wp-json\/wp\/v2\/types\/product"}],"wp:featuredmedia":[{"embeddable":true,"href":"https:\/\/www.safinel.fr\/pt\/wp-json\/wp\/v2\/media\/275"}],"wp:attachment":[{"href":"https:\/\/www.safinel.fr\/pt\/wp-json\/wp\/v2\/media?parent=245"}],"wp:term":[{"taxonomy":"product_brand","embeddable":true,"href":"https:\/\/www.safinel.fr\/pt\/wp-json\/wp\/v2\/product_brand?post=245"},{"taxonomy":"product_cat","embeddable":true,"href":"https:\/\/www.safinel.fr\/pt\/wp-json\/wp\/v2\/product_cat?post=245"},{"taxonomy":"product_tag","embeddable":true,"href":"https:\/\/www.safinel.fr\/pt\/wp-json\/wp\/v2\/product_tag?post=245"}],"curies":[{"name":"wp","href":"https:\/\/api.w.org\/{rel}","templated":true}]}}