{"id":2444,"date":"2022-08-30T18:20:22","date_gmt":"2022-08-30T18:20:22","guid":{"rendered":"https:\/\/www.safinel.fr\/?post_type=product&#038;p=2444"},"modified":"2024-08-22T18:17:33","modified_gmt":"2024-08-22T18:17:33","slug":"malato-de-citrulina","status":"publish","type":"product","link":"https:\/\/www.safinel.fr\/pt\/product-2\/malato-de-citrulina\/","title":{"rendered":"Malato de citrulina"},"content":{"rendered":"<p>O malato de citrulina \u00e9 um\u00a0<strong>suplemento alimentar<\/strong>\u00a0para os s<strong>portivos<\/strong>. \u00c9 conhecido pela sua a\u00e7\u00e3o sobre o\u00a0<strong>retardamento da fadiga muscular, recupera\u00e7\u00e3o e ganho de massa muscular<\/strong>. Ele ir\u00e1 ajud\u00e1-lo a ter treinos regulares e resultados convincentes.<\/p>\n<h2><strong>O malato de citrulina mais de perto<\/strong><\/h2>\n<p>Este suplemento alimentar \u00e9 uma mistura de um amino\u00e1cido, a L-citrulina, e \u00e1cido m\u00e1lico. O \u00e1cido m\u00e1lico \u00e9 um componente que ajuda a\u00a0<strong>produ\u00e7\u00e3o de energia<\/strong>\u00a0do corpo, mas sobretudo \u00e0\u00a0<strong>recupera\u00e7\u00e3o ap\u00f3s um esfor\u00e7o<\/strong>. A L-citrulina ajuda o corpo a\u00a0<strong>eliminar os seus res\u00edduos<\/strong>, especialmente os produzidos ap\u00f3s um esfor\u00e7o f\u00edsico. Al\u00e9m disso, \u00e9 um estimulador para a\u00a0<strong>ganho de massa<\/strong>\u00a0muscular.<\/p>\n<h2><strong>Por que escolher este suplemento alimentar?<\/strong><\/h2>\n<p>No campo do desporto e, mais especificamente, do muscula\u00e7\u00e3o, existem in\u00fameros suplementos alimentares. No entanto, grande parte deles poderia ser substitu\u00edda por uma alimenta\u00e7\u00e3o adequada. N\u00e3o \u00e9 o caso do malato de citrulina. Na verdade, os amino\u00e1cidos s\u00e3o essenciais para o bom funcionamento do organismo. Alguns s\u00e3o produzidos pelo seu corpo e outros devem ser ingeridos para ajudar no bom funcionamento do organismo. A L-citrulina \u00e9 produzida pelo seu corpo, mas em pequenas quantidades. Por esse motivo, \u00e9 aconselh\u00e1vel fornecer L-citrulina ao seu corpo quando treina regularmente. A combina\u00e7\u00e3o deste amino\u00e1cido com o malato tem propriedades muito ben\u00e9ficas, especialmente em\u00a0<strong>pr\u00e9-treino<\/strong>\u00a0e para ganhar massa muscular.<\/p>\n<h3><strong>Relaxamento dos vasos sangu\u00edneos<\/strong><\/h3>\n<p>Quando treina, h\u00e1 um afluxo de sangue para os m\u00fasculos. Esta mistura (e particularmente a L-citrulina) tem o efeito de\u00a0<strong>dilatar os vasos sangu\u00edneos<\/strong>. Assim, os seus m\u00fasculos recuperar\u00e3o mais facilmente.<\/p>\n<h3><strong>Aporte energ\u00e9tico<\/strong><\/h3>\n<p>Gra\u00e7as ao \u00e1cido m\u00e1lico, ir\u00e1 estimular o ciclo de fornecimento de energia. Assim, ter\u00e1 um\u00a0<strong>treino mais produtivo<\/strong>. Na verdade, voc\u00ea ser\u00e1 capaz de fazer mais repeti\u00e7\u00f5es dos seus exerc\u00edcios.<\/p>\n<h3><strong>Ajuda na contra\u00e7\u00e3o dos m\u00fasculos<\/strong><\/h3>\n<p>Durante a sua sess\u00e3o, ir\u00e1 produzir res\u00edduos (principalmente lactatos) que ir\u00e3o provocar uma diminui\u00e7\u00e3o da capacidade de contrair os m\u00fasculos. Isto deve-se a um pH muito \u00e1cido. O malato de citrulina ir\u00e1 atuar como uma barreira e o pH permanecer\u00e1 normal. Assim, poder\u00e1\u00a0<strong>prolongar a sua sess\u00e3o e prevenir dores musculares<\/strong>.<\/p>\n<h2><strong>Por que tomar malato de citrulina antes do treino?<\/strong><\/h2>\n<p>Ao tomar o seu suplemento antes de praticar desporto, os seus m\u00fasculos ir\u00e3o beneficiar de um maior aporte de nutrientes (gra\u00e7as \u00e0 dilata\u00e7\u00e3o dos vasos sangu\u00edneos). E, consequentemente, no final do seu treino, a\u00a0<strong>recupera\u00e7\u00e3o muscular, elimina\u00e7\u00e3o de res\u00edduos e recupera\u00e7\u00e3o<\/strong>\u00a0ser\u00e3o melhores. Sentir\u00e1 automaticamente\u00a0<strong>menos dores musculares. \u00a0<\/strong><\/p>\n<h3><strong>Como tomar o malato de citrulina?<\/strong><\/h3>\n<ul>\n<li>Num copo grande de \u00e1gua, misture uma dose completa (correspondente a cerca de 3 gramas). Beba a prepara\u00e7\u00e3o meia hora antes do treino. \u00c9 poss\u00edvel misturar o suplemento alimentar nas suas bebidas pr\u00e9-treino.<\/li>\n<li>Para ajudar ainda mais os seus m\u00fasculos, experimente o\u2019<a href=\"https:\/\/www.safinel.fr\/pt\/product-2\/ashwagandha-raiz-inteira\/\"><strong>Ashwagandha<\/strong><\/a>, a planta dos desportistas.<\/li>\n<li>Lembramos que o malato de citrulina n\u00e3o substitui uma alimenta\u00e7\u00e3o saud\u00e1vel e equilibrada.<\/li>\n<\/ul>\n<h3><strong>Conselho de conserva\u00e7\u00e3o:\u00a0<\/strong><\/h3>\n<p>Proteja este produto da luz e do calor.<\/p>","protected":false},"excerpt":{"rendered":"<p>Le malate de citrulline est un\u00a0compl\u00e9ment alimentaire\u00a0pour les sportifs. Il est connu pour son action sur le\u00a0retardement de la fatigue musculaire, la r\u00e9cup\u00e9ration et la prise de masse. Il va vous aider \u00e0 avoir des entrainements r\u00e9guliers et des r\u00e9sultats probants. Le malate de citrulline de plus pr\u00e8s Ce compl\u00e9ment alimentaire est le m\u00e9lange d\u2019un [&#8230;]","protected":false},"featured_media":2445,"template":"","meta":[],"product_brand":[],"product_cat":[28],"product_tag":[],"class_list":{"0":"post-2444","1":"product","2":"type-product","3":"status-publish","4":"has-post-thumbnail","6":"product_cat-divers","8":"first","9":"outofstock","10":"shipping-taxable","11":"purchasable","12":"product-type-variable"},"yoast_head":"<!-- This site is optimized with the Yoast SEO plugin v26.6 - https:\/\/yoast.com\/wordpress\/plugins\/seo\/ -->\n<title>Malate de citrulline I Compl\u00e9ment alimentaire I Achat rapide<\/title>\n<meta name=\"description\" content=\"Le malate de citrulline est un\u00a0compl\u00e9ment alimentaire\u00a0pour les sportifs. Il est connu pour son action sur le\u00a0retardement de la fatigue musculaire.\" \/>\n<meta name=\"robots\" content=\"index, follow, max-snippet:-1, max-image-preview:large, max-video-preview:-1\" \/>\n<link rel=\"canonical\" href=\"https:\/\/www.safinel.fr\/pt\/product-2\/malato-de-citrulina\/\" \/>\n<meta property=\"og:locale\" content=\"pt_PT\" \/>\n<meta property=\"og:type\" content=\"article\" \/>\n<meta property=\"og:title\" content=\"Malate de citrulline I Compl\u00e9ment alimentaire I Achat rapide\" \/>\n<meta property=\"og:description\" content=\"Le malate de citrulline est un\u00a0compl\u00e9ment alimentaire\u00a0pour les sportifs. Il est connu pour son action sur le\u00a0retardement de la fatigue musculaire.\" \/>\n<meta property=\"og:url\" content=\"https:\/\/www.safinel.fr\/pt\/product-2\/malato-de-citrulina\/\" \/>\n<meta property=\"og:site_name\" content=\"Safinel\" \/>\n<meta property=\"article:modified_time\" content=\"2024-08-22T18:17:33+00:00\" \/>\n<meta property=\"og:image\" content=\"https:\/\/www.safinel.fr\/wp-content\/uploads\/2022\/08\/Malate-De-Citrulline.jpg\" \/>\n\t<meta property=\"og:image:width\" content=\"600\" \/>\n\t<meta property=\"og:image:height\" content=\"600\" \/>\n\t<meta property=\"og:image:type\" content=\"image\/jpeg\" \/>\n<meta name=\"twitter:card\" content=\"summary_large_image\" \/>\n<meta name=\"twitter:label1\" content=\"Tempo estimado de leitura\" \/>\n\t<meta name=\"twitter:data1\" content=\"3 minutos\" \/>\n<script type=\"application\/ld+json\" class=\"yoast-schema-graph\">{\"@context\":\"https:\/\/schema.org\",\"@graph\":[{\"@type\":\"WebPage\",\"@id\":\"https:\/\/www.safinel.fr\/produit\/malate-de-citrulline\/\",\"url\":\"https:\/\/www.safinel.fr\/produit\/malate-de-citrulline\/\",\"name\":\"Malate de citrulline I Compl\u00e9ment alimentaire I Achat rapide\",\"isPartOf\":{\"@id\":\"https:\/\/www.safinel.fr\/#website\"},\"primaryImageOfPage\":{\"@id\":\"https:\/\/www.safinel.fr\/produit\/malate-de-citrulline\/#primaryimage\"},\"image\":{\"@id\":\"https:\/\/www.safinel.fr\/produit\/malate-de-citrulline\/#primaryimage\"},\"thumbnailUrl\":\"https:\/\/www.safinel.fr\/wp-content\/uploads\/2022\/08\/Malate-De-Citrulline.jpg\",\"datePublished\":\"2022-08-30T18:20:22+00:00\",\"dateModified\":\"2024-08-22T18:17:33+00:00\",\"description\":\"Le malate de citrulline est un\u00a0compl\u00e9ment alimentaire\u00a0pour les sportifs. Il est connu pour son action sur le\u00a0retardement de la fatigue musculaire.\",\"breadcrumb\":{\"@id\":\"https:\/\/www.safinel.fr\/produit\/malate-de-citrulline\/#breadcrumb\"},\"inLanguage\":\"pt-PT\",\"potentialAction\":[{\"@type\":\"ReadAction\",\"target\":[\"https:\/\/www.safinel.fr\/produit\/malate-de-citrulline\/\"]}]},{\"@type\":\"ImageObject\",\"inLanguage\":\"pt-PT\",\"@id\":\"https:\/\/www.safinel.fr\/produit\/malate-de-citrulline\/#primaryimage\",\"url\":\"https:\/\/www.safinel.fr\/wp-content\/uploads\/2022\/08\/Malate-De-Citrulline.jpg\",\"contentUrl\":\"https:\/\/www.safinel.fr\/wp-content\/uploads\/2022\/08\/Malate-De-Citrulline.jpg\",\"width\":600,\"height\":600,\"caption\":\"Malate de Citrulline\"},{\"@type\":\"BreadcrumbList\",\"@id\":\"https:\/\/www.safinel.fr\/produit\/malate-de-citrulline\/#breadcrumb\",\"itemListElement\":[{\"@type\":\"ListItem\",\"position\":1,\"name\":\"Accueil\",\"item\":\"https:\/\/www.safinel.fr\/\"},{\"@type\":\"ListItem\",\"position\":2,\"name\":\"Boutique\",\"item\":\"https:\/\/www.safinel.fr\/boutique\/\"},{\"@type\":\"ListItem\",\"position\":3,\"name\":\"Malate de Citrulline\"}]},{\"@type\":\"WebSite\",\"@id\":\"https:\/\/www.safinel.fr\/#website\",\"url\":\"https:\/\/www.safinel.fr\/\",\"name\":\"Safinel\",\"description\":\"\",\"publisher\":{\"@id\":\"https:\/\/www.safinel.fr\/#organization\"},\"potentialAction\":[{\"@type\":\"SearchAction\",\"target\":{\"@type\":\"EntryPoint\",\"urlTemplate\":\"https:\/\/www.safinel.fr\/?s={search_term_string}\"},\"query-input\":{\"@type\":\"PropertyValueSpecification\",\"valueRequired\":true,\"valueName\":\"search_term_string\"}}],\"inLanguage\":\"pt-PT\"},{\"@type\":\"Organization\",\"@id\":\"https:\/\/www.safinel.fr\/#organization\",\"name\":\"Safinel\",\"url\":\"https:\/\/www.safinel.fr\/\",\"logo\":{\"@type\":\"ImageObject\",\"inLanguage\":\"pt-PT\",\"@id\":\"https:\/\/www.safinel.fr\/#\/schema\/logo\/image\/\",\"url\":\"https:\/\/www.safinel.fr\/wp-content\/uploads\/2021\/05\/boutique-cosmetique.png\",\"contentUrl\":\"https:\/\/www.safinel.fr\/wp-content\/uploads\/2021\/05\/boutique-cosmetique.png\",\"width\":800,\"height\":200,\"caption\":\"Safinel\"},\"image\":{\"@id\":\"https:\/\/www.safinel.fr\/#\/schema\/logo\/image\/\"}}]}<\/script>\n<!-- \/ Yoast SEO plugin. -->","yoast_head_json":{"title":"Malato de citrulina I Suplemento alimentar I Compra r\u00e1pida","description":"O malato de citrulina \u00e9 um suplemento alimentar para desportistas. \u00c9 conhecido pela sua a\u00e7\u00e3o no retardamento da fadiga muscular.","robots":{"index":"index","follow":"follow","max-snippet":"max-snippet:-1","max-image-preview":"max-image-preview:large","max-video-preview":"max-video-preview:-1"},"canonical":"https:\/\/www.safinel.fr\/pt\/product-2\/malato-de-citrulina\/","og_locale":"pt_PT","og_type":"article","og_title":"Malate de citrulline I Compl\u00e9ment alimentaire I Achat rapide","og_description":"Le malate de citrulline est un\u00a0compl\u00e9ment alimentaire\u00a0pour les sportifs. Il est connu pour son action sur le\u00a0retardement de la fatigue musculaire.","og_url":"https:\/\/www.safinel.fr\/pt\/product-2\/malato-de-citrulina\/","og_site_name":"Safinel","article_modified_time":"2024-08-22T18:17:33+00:00","og_image":[{"width":600,"height":600,"url":"https:\/\/www.safinel.fr\/wp-content\/uploads\/2022\/08\/Malate-De-Citrulline.jpg","type":"image\/jpeg"}],"twitter_card":"summary_large_image","twitter_misc":{"Tempo estimado de leitura":"3 minutos"},"schema":{"@context":"https:\/\/schema.org","@graph":[{"@type":"WebPage","@id":"https:\/\/www.safinel.fr\/produit\/malate-de-citrulline\/","url":"https:\/\/www.safinel.fr\/produit\/malate-de-citrulline\/","name":"Malato de citrulina I Suplemento alimentar I Compra r\u00e1pida","isPartOf":{"@id":"https:\/\/www.safinel.fr\/#website"},"primaryImageOfPage":{"@id":"https:\/\/www.safinel.fr\/produit\/malate-de-citrulline\/#primaryimage"},"image":{"@id":"https:\/\/www.safinel.fr\/produit\/malate-de-citrulline\/#primaryimage"},"thumbnailUrl":"https:\/\/www.safinel.fr\/wp-content\/uploads\/2022\/08\/Malate-De-Citrulline.jpg","datePublished":"2022-08-30T18:20:22+00:00","dateModified":"2024-08-22T18:17:33+00:00","description":"O malato de citrulina \u00e9 um suplemento alimentar para desportistas. \u00c9 conhecido pela sua a\u00e7\u00e3o no retardamento da fadiga muscular.","breadcrumb":{"@id":"https:\/\/www.safinel.fr\/produit\/malate-de-citrulline\/#breadcrumb"},"inLanguage":"pt-PT","potentialAction":[{"@type":"ReadAction","target":["https:\/\/www.safinel.fr\/produit\/malate-de-citrulline\/"]}]},{"@type":"ImageObject","inLanguage":"pt-PT","@id":"https:\/\/www.safinel.fr\/produit\/malate-de-citrulline\/#primaryimage","url":"https:\/\/www.safinel.fr\/wp-content\/uploads\/2022\/08\/Malate-De-Citrulline.jpg","contentUrl":"https:\/\/www.safinel.fr\/wp-content\/uploads\/2022\/08\/Malate-De-Citrulline.jpg","width":600,"height":600,"caption":"Malate de Citrulline"},{"@type":"BreadcrumbList","@id":"https:\/\/www.safinel.fr\/produit\/malate-de-citrulline\/#breadcrumb","itemListElement":[{"@type":"ListItem","position":1,"name":"Accueil","item":"https:\/\/www.safinel.fr\/"},{"@type":"ListItem","position":2,"name":"Boutique","item":"https:\/\/www.safinel.fr\/boutique\/"},{"@type":"ListItem","position":3,"name":"Malate de Citrulline"}]},{"@type":"WebSite","@id":"https:\/\/www.safinel.fr\/#website","url":"https:\/\/www.safinel.fr\/","name":"Safinel","description":"","publisher":{"@id":"https:\/\/www.safinel.fr\/#organization"},"potentialAction":[{"@type":"SearchAction","target":{"@type":"EntryPoint","urlTemplate":"https:\/\/www.safinel.fr\/?s={search_term_string}"},"query-input":{"@type":"PropertyValueSpecification","valueRequired":true,"valueName":"search_term_string"}}],"inLanguage":"pt-PT"},{"@type":"Organization","@id":"https:\/\/www.safinel.fr\/#organization","name":"Safinel","url":"https:\/\/www.safinel.fr\/","logo":{"@type":"ImageObject","inLanguage":"pt-PT","@id":"https:\/\/www.safinel.fr\/#\/schema\/logo\/image\/","url":"https:\/\/www.safinel.fr\/wp-content\/uploads\/2021\/05\/boutique-cosmetique.png","contentUrl":"https:\/\/www.safinel.fr\/wp-content\/uploads\/2021\/05\/boutique-cosmetique.png","width":800,"height":200,"caption":"Safinel"},"image":{"@id":"https:\/\/www.safinel.fr\/#\/schema\/logo\/image\/"}}]}},"_links":{"self":[{"href":"https:\/\/www.safinel.fr\/pt\/wp-json\/wp\/v2\/product\/2444","targetHints":{"allow":["GET"]}}],"collection":[{"href":"https:\/\/www.safinel.fr\/pt\/wp-json\/wp\/v2\/product"}],"about":[{"href":"https:\/\/www.safinel.fr\/pt\/wp-json\/wp\/v2\/types\/product"}],"wp:featuredmedia":[{"embeddable":true,"href":"https:\/\/www.safinel.fr\/pt\/wp-json\/wp\/v2\/media\/2445"}],"wp:attachment":[{"href":"https:\/\/www.safinel.fr\/pt\/wp-json\/wp\/v2\/media?parent=2444"}],"wp:term":[{"taxonomy":"product_brand","embeddable":true,"href":"https:\/\/www.safinel.fr\/pt\/wp-json\/wp\/v2\/product_brand?post=2444"},{"taxonomy":"product_cat","embeddable":true,"href":"https:\/\/www.safinel.fr\/pt\/wp-json\/wp\/v2\/product_cat?post=2444"},{"taxonomy":"product_tag","embeddable":true,"href":"https:\/\/www.safinel.fr\/pt\/wp-json\/wp\/v2\/product_tag?post=2444"}],"curies":[{"name":"wp","href":"https:\/\/api.w.org\/{rel}","templated":true}]}}