{"id":244,"date":"2021-07-24T18:58:58","date_gmt":"2021-07-24T18:58:58","guid":{"rendered":"https:\/\/www.safinel.fr\/?post_type=product&#038;p=244"},"modified":"2023-12-30T13:55:53","modified_gmt":"2023-12-30T13:55:53","slug":"desodorizante-natural-curae-homem-50g","status":"publish","type":"product","link":"https:\/\/www.safinel.fr\/pt\/product-2\/desodorizante-natural-curae-homem-50g\/","title":{"rendered":"Desodorizante natural Curae Homme 50 g"},"content":{"rendered":"<p>Os<b> produtos de higiene e cuidados pessoais<\/b> est\u00e3o um pouco em dificuldades no mercado franc\u00eas nos \u00faltimos anos. No entanto, os desodorizantes para homem conseguem manter-se! Mas \u00e9 preciso acrescentar uma precis\u00e3o, e n\u00e3o das menores: os <b>antitranspirantes <\/b>e outros <b>desodorizantes cl\u00e1ssicos <\/b>com sais de alum\u00ednio est\u00e3o em decl\u00ednio! E isso \u00e9 uma boa not\u00edcia. Porque, ao mesmo tempo, observa-se um interesse crescente dos homens por desodorizantes mais naturais!<i> Sem disruptores end\u00f3crinos e mais respeitador do ambiente.<span class=\"Apple-converted-space\">\u00a0<\/span><\/i>Ent\u00e3o, na D\u00e9odorant Naturel, essa tend\u00eancia \u00e9 muito encorajadora para n\u00f3s. E nos motiva a oferecer a voc\u00ea <b>uma gama ainda mais completa e variada de desodorizantes naturais.<span class=\"Apple-converted-space\">\u00a0<\/span><\/b>Al\u00e9m disso, pens\u00e1mos que as mulheres tinham uma grande variedade de escolha na nossa sec\u00e7\u00e3o de <b>desodorizantes em creme<\/b>. Mas e os homens? Chegou o <b>desodorizante masculino<\/b>\u00a0<strong>100% natural<\/strong> E, como o pr\u00f3prio nome indica, \u00e9 para os homens!<span class=\"Apple-converted-space\">\u00a0<\/span><\/p>\n<h2><b>O desodorizante natural, um produto que faz bem<span class=\"Apple-converted-space\">\u00a0<\/span><\/b><\/h2>\n<p>O desodorizante natural \u00e9 um <b>produto de higiene<\/b> cada vez mais apreciado. Tanto pelas mulheres como pelos homens!<span class=\"Apple-converted-space\">\u00a0<\/span><\/p>\n<p>Ao compr\u00e1-lo, pode parecer um pouco mais caro do que um desodorizante cl\u00e1ssico. Mas n\u00e3o se deixe enganar! <i>O desodorizante natural pode ser recarregado<\/i>, e, portanto, acabar por ser muito mais barato do que um desodorizante comercial.<span class=\"Apple-converted-space\">\u00a0<\/span><\/p>\n<p>Sem contar que ele \u00e9 <b>ecol\u00f3gico, econ\u00f3mico<\/b> portanto, e claro <b>respeitador da sua sa\u00fade!<span class=\"Apple-converted-space\">\u00a0<\/span><\/b><\/p>\n<h3><b>Curae, o desodorizante que pensa em tudo<span class=\"Apple-converted-space\">\u00a0<\/span><\/b><\/h3>\n<p>O desodorizante natural para homem da marca Curae \u00e9 <b>100% natural<\/b>. \u00c9 fornecido numa embalagem met\u00e1lica totalmente recicl\u00e1vel. E reutiliz\u00e1vel infinitamente. Equivale a 2, ou mesmo 3 desodorizantes em stick!<span class=\"Apple-converted-space\">\u00a0<\/span><\/p>\n<p>Este<b> desodorizante em creme para homem<\/b> regula a transpira\u00e7\u00e3o, sem agredir a pele. \u00c9 adequado para as peles mais sens\u00edveis, mesmo ap\u00f3s o barbear. A presen\u00e7a de bicarbonato de s\u00f3dio permite, de facto,<i> acalmar o fogo da l\u00e2mina e evitar poss\u00edveis infe\u00e7\u00f5es.<\/i><span class=\"Apple-converted-space\">\u00a0<\/span><\/p>\n<p>Ele tem um<b> cheiro masculino muito agrad\u00e1vel <\/b>e n\u00e3o enjoativo. Voc\u00ea vai gostar <b>A mistura subtil de madeira de cedro revigorante e lim\u00e3o espumante.<span class=\"Apple-converted-space\">\u00a0<\/span><\/b><\/p>\n<p>Este produto \u00e9 <b>fabricado em Fran\u00e7a, n\u00e3o foi testado em animais<\/b>, e tem uma <b>composi\u00e7\u00e3o impec\u00e1vel<\/b>. Deixamos que verifique tudo isso por si mesmo:<span class=\"Apple-converted-space\">\u00a0<\/span><\/p>\n<p><b>Ingredientes:<\/b> <i>\u00d3LEO DE COCO (\u00f3leo de coco), BICARBONATO DE S\u00d3DIO (bicarbonato de s\u00f3dio), CERA ALBA (cera alba), \u00d3LEO DE CASCA DE CEDRO ATL\u00c2NTICO (\u00f3leo de casca de cedro do Atlas), \u00d3LEO DE SEMENTES DE TORANJA (\u00f3leo de sementes de toranja), CITRUS LIMONUM (<a href=\"https:\/\/www.passeportsante.net\/fr\/Solutions\/HuilesEssentielles\/Fiche.aspx?doc=huile-essentielle-citron\" target=\"_blank\" rel=\"noopener noreferrer\"><strong>\u00f3leo essencial de lim\u00e3o<\/strong><\/a>), \u00d3LEO DE CASCA DE LIM\u00c3O (\u00f3leo essencial de casca de lim\u00e3o)<span class=\"Apple-converted-space\">\u00a0<\/span><\/i><\/p>\n<h3><b>Um desodorizante masculino, n\u00e3o um antitranspirante!<span class=\"Apple-converted-space\">\u00a0<\/span><\/b><\/h3>\n<p>Frequentemente elogiados pela sua a\u00e7\u00e3o contra a transpira\u00e7\u00e3o, <b>os famosos antitranspirantes est\u00e3o longe de ser bons para a sa\u00fade<\/b> !<span class=\"Apple-converted-space\">\u00a0<\/span><\/p>\n<p>Eles cont\u00eam mol\u00e9culas muito irritantes. Estas s\u00e3o respons\u00e1veis pela inflama\u00e7\u00e3o nas axilas. Ocorre ent\u00e3o um espessamento da pele e, consequentemente, uma obstru\u00e7\u00e3o dos poros. As gl\u00e2ndulas sudor\u00edparas, respons\u00e1veis pela transpira\u00e7\u00e3o, n\u00e3o conseguem fazer o seu trabalho! Fala-se de \u00ab\u00a0<i>teoria do engarrafamento<\/i>\u00a0\u00bb para ilustrar o efeito dos antitranspirantes.<span class=\"Apple-converted-space\">\u00a0<\/span><\/p>\n<p>Ent\u00e3o, como n\u00e3o suar?<span class=\"Apple-converted-space\">\u00a0<\/span><\/p>\n<p>N\u00e3o podemos! E ainda bem. Porque \u00e9 um processo totalmente natural, e o corpo precisa dele. Especialmente para regular a temperatura corporal. Gostaria de ficar com calor excessivo?<\/p>\n<p>Ao adotar um<b> desodorizante natural para homem,<\/b> aprende a conviver melhor com os seus odores corporais. Ter\u00e1 <b>um cheiro agrad\u00e1vel,<\/b> bem como uma <b>verdadeira sensa\u00e7\u00e3o de limpeza e frescura. <\/b>Respeitando o seu corpo. A vida n\u00e3o \u00e9 bela?<span class=\"Apple-converted-space\">\u00a0<\/span><\/p>\n<h3><b>Quais s\u00e3o as propriedades deste produto de higiene masculina?<span class=\"Apple-converted-space\">\u00a0<\/span><\/b><\/h3>\n<p>Este desodorizante natural para homem apresenta in\u00fameras vantagens, tanto para si como para o ambiente:<span class=\"Apple-converted-space\">\u00a0<\/span><\/p>\n<ul>\n<li>N\u00e3o bloqueia a transpira\u00e7\u00e3o, mas atua diretamente sobre as bact\u00e9rias respons\u00e1veis pelo mau odor.<\/li>\n<li>Este desodorizante em creme proporciona frescura e uma dura\u00e7\u00e3o prolongada garantida.<span class=\"Apple-converted-space\">\u00a0<\/span><\/li>\n<li>N\u00e3o cont\u00e9m <i>sem sais de alum\u00ednio, materiais petroqu\u00edmicos, materiais sint\u00e9ticos, \u00f3leos hidrogenados, desreguladores end\u00f3crinos, silicone, pol\u00edmeros ou ftalatos<\/i><\/li>\n<li>Totalmente recicl\u00e1vel, \u00e9 um <b>produto sem res\u00edduos<span class=\"Apple-converted-space\">\u00a0<\/span><\/b><\/li>\n<\/ul>\n<h3><b>Lembre-se de recarregar!<span class=\"Apple-converted-space\">\u00a0<\/span><\/b><\/h3>\n<p>J\u00e1 lhe dissemos que este desodorizante natural para homem tem muitas vantagens! Quando chegar ao fim do seu super desodorizante, lembre-se de fazer uma encomenda. N\u00e3o de outro frasco, mas apenas de uma recarga! <i>\u00c9 mais barato e mais ecol\u00f3gico.<\/i>. Assim, poder\u00e1 comprar a <b>recarga de desodorizante masculino, 30 g<\/b>. Ou ent\u00e3o, experimentar um novato, \u00e0 sua escolha. Como <b>a <a href=\"https:\/\/www.deodorant-naturel.com\/produit\/recharge-de-deodorant-naturel-musc-tahara\/\">Recarga do desodorizante natural com alm\u00edscar tahara<\/a><\/b>. Um aroma misto que lhe proporcionar\u00e1 uma deliciosa sensa\u00e7\u00e3o de limpeza e frescura.<span class=\"Apple-converted-space\">\u00a0<\/span><\/p>\n<p>Al\u00e9m disso, <i>As nossas recargas s\u00e3o entregues na sua embalagem 100% biodegrad\u00e1vel.<\/i> Fabricado em fibra de cana-de-a\u00e7\u00facar e amido de milho para a tampa.<span class=\"Apple-converted-space\">\u00a0<\/span><\/p>\n<h3><b>Como usar o nosso desodorizante natural para homem 100%?<\/b><\/h3>\n<p>N\u00e3o temos a pretens\u00e3o de lhe dizer como usar um desodorizante. Mas \u00e9 preciso dizer que este formato em creme n\u00e3o \u00e9 necessariamente comum para todos. Por isso, vamos dar-lhe algumas dicas:<span class=\"Apple-converted-space\">\u00a0<\/span><\/p>\n<ol>\n<li>De prefer\u00eancia ap\u00f3s o banho, aplique uma pequena quantidade de desodorizante natural para homem com o dedo (o que preferir, a escolha \u00e9 sua!).<span class=\"Apple-converted-space\">\u00a0<\/span><\/li>\n<li>Aplique nas axilas limpas e secas, pois \u00e9 sempre melhor.<span class=\"Apple-converted-space\">\u00a0<\/span><\/li>\n<\/ol>\n<p>Se n\u00e3o gosta de aplicar o desodorizante com o dedo, opte por um utens\u00edlio! Existem pequenas colheres planas de pl\u00e1stico que podem servir para isso. Sim, de pl\u00e1stico! S\u00e3o lav\u00e1veis e reutiliz\u00e1veis infinitamente, portanto, n\u00e3o h\u00e1 desperd\u00edcio.<span class=\"Apple-converted-space\">\u00a0<\/span><\/p>\n<p><b>Precau\u00e7\u00f5es<span class=\"Apple-converted-space\">\u00a0<\/span><\/b><\/p>\n<p>Aqui est\u00e3o algumas precau\u00e7\u00f5es de uso para o seu desodorizante masculino:<span class=\"Apple-converted-space\">\u00a0<\/span><\/p>\n<ul>\n<li>Embora seja natural, recomendamos que fa\u00e7a um teste pelo menos 24 horas antes da utiliza\u00e7\u00e3o. Em caso de alergia, n\u00e3o utilize mais.<span class=\"Apple-converted-space\">\u00a0<\/span><\/li>\n<li>Mantenha fora do alcance de crian\u00e7as.<span class=\"Apple-converted-space\">\u00a0<\/span><\/li>\n<li>Feche a tampa ap\u00f3s cada utiliza\u00e7\u00e3o.<span class=\"Apple-converted-space\">\u00a0<\/span><\/li>\n<li><b>N\u00e3o \u00e9 adequado para mulheres gr\u00e1vidas.<\/b> Senhoras, prefiram <b>o <a href=\"https:\/\/www.deodorant-naturel.com\/produit\/deodorant-100-naturel-femme-enceinte\/\">desodorizante natural para mulheres gr\u00e1vidas<\/a><\/b> Sim, pensamos em tudo!<span class=\"Apple-converted-space\">\u00a0<\/span><\/li>\n<li>N\u00e3o engula. (A s\u00e9rio!)<span class=\"Apple-converted-space\">\u00a0<\/span><\/li>\n<\/ul>\n<h3><b>Para uma boa conserva\u00e7\u00e3o<span class=\"Apple-converted-space\">\u00a0do seu desodorizante masculino<\/span><\/b><\/h3>\n<p>Este <b>desodorizante creme natural <\/b>para os homens \u00e9 pr\u00e1tico e f\u00e1cil de usar. Mas ainda assim requer uma aten\u00e7\u00e3o especial. Durante as esta\u00e7\u00f5es frias, n\u00e3o h\u00e1 problema. Mas durante o ver\u00e3o, se as temperaturas come\u00e7arem a subir, o seu desodorizante pode ficar um pouco mais l\u00edquido. Para isso, nada de muito complicado! Guard\u00e1-lo no frigor\u00edfico pode ser uma boa solu\u00e7\u00e3o.<span class=\"Apple-converted-space\">\u00a0<\/span><\/p>\n<p><b>Respeite, de prefer\u00eancia, a data de validade indicada na embalagem do produto.<\/b><\/p>","protected":false},"excerpt":{"rendered":"<p>Les produits d\u2019hygi\u00e8ne et de soin sont un peu en peine sur le march\u00e9 fran\u00e7ais ces derni\u00e8res ann\u00e9es. Toutefois, les d\u00e9odorants pour homme arrivent \u00e0 se maintenir ! Mais il faut ajouter une pr\u00e9cision, et pas des moindres : les anti-transpirants et autres d\u00e9odorants classiques avec sels d\u2019aluminium sont en d\u00e9clin ! Et c\u2019est une [&#8230;]","protected":false},"featured_media":274,"template":"","meta":[],"product_brand":[],"product_cat":[32],"product_tag":[],"class_list":{"0":"post-244","1":"product","2":"type-product","3":"status-publish","4":"has-post-thumbnail","6":"product_cat-curae","8":"first","9":"outofstock","10":"shipping-taxable","11":"purchasable","12":"product-type-simple"},"yoast_head":"<!-- This site is optimized with the Yoast SEO plugin v26.6 - https:\/\/yoast.com\/wordpress\/plugins\/seo\/ -->\n<title>D\u00e9odorant naturel Curae Homme 50g - Safinel<\/title>\n<meta name=\"robots\" content=\"index, follow, max-snippet:-1, max-image-preview:large, max-video-preview:-1\" \/>\n<link rel=\"canonical\" href=\"https:\/\/www.safinel.fr\/pt\/product-2\/desodorizante-natural-curae-homem-50g\/\" \/>\n<meta property=\"og:locale\" content=\"pt_PT\" \/>\n<meta property=\"og:type\" content=\"article\" \/>\n<meta property=\"og:title\" content=\"D\u00e9odorant naturel Curae Homme 50g - Safinel\" \/>\n<meta property=\"og:description\" content=\"Les produits d\u2019hygi\u00e8ne et de soin sont un peu en peine sur le march\u00e9 fran\u00e7ais ces derni\u00e8res ann\u00e9es. Toutefois, les d\u00e9odorants pour homme arrivent \u00e0 se maintenir ! Mais il faut ajouter une pr\u00e9cision, et pas des moindres : les anti-transpirants et autres d\u00e9odorants classiques avec sels d\u2019aluminium sont en d\u00e9clin ! Et c\u2019est une [...]\" \/>\n<meta property=\"og:url\" content=\"https:\/\/www.safinel.fr\/pt\/product-2\/desodorizante-natural-curae-homem-50g\/\" \/>\n<meta property=\"og:site_name\" content=\"Safinel\" \/>\n<meta property=\"article:modified_time\" content=\"2023-12-30T13:55:53+00:00\" \/>\n<meta property=\"og:image\" content=\"https:\/\/www.safinel.fr\/wp-content\/uploads\/2021\/07\/561-large_default.jpg\" \/>\n\t<meta property=\"og:image:width\" content=\"800\" \/>\n\t<meta property=\"og:image:height\" content=\"800\" \/>\n\t<meta property=\"og:image:type\" content=\"image\/jpeg\" \/>\n<meta name=\"twitter:card\" content=\"summary_large_image\" \/>\n<meta name=\"twitter:label1\" content=\"Tempo estimado de leitura\" \/>\n\t<meta name=\"twitter:data1\" content=\"6 minutos\" \/>\n<script type=\"application\/ld+json\" class=\"yoast-schema-graph\">{\"@context\":\"https:\/\/schema.org\",\"@graph\":[{\"@type\":\"WebPage\",\"@id\":\"https:\/\/www.safinel.fr\/produit\/deodorant-naturel-curae-homme-50g\/\",\"url\":\"https:\/\/www.safinel.fr\/produit\/deodorant-naturel-curae-homme-50g\/\",\"name\":\"D\u00e9odorant naturel Curae Homme 50g - Safinel\",\"isPartOf\":{\"@id\":\"https:\/\/www.safinel.fr\/#website\"},\"primaryImageOfPage\":{\"@id\":\"https:\/\/www.safinel.fr\/produit\/deodorant-naturel-curae-homme-50g\/#primaryimage\"},\"image\":{\"@id\":\"https:\/\/www.safinel.fr\/produit\/deodorant-naturel-curae-homme-50g\/#primaryimage\"},\"thumbnailUrl\":\"https:\/\/www.safinel.fr\/wp-content\/uploads\/2021\/07\/561-large_default.jpg\",\"datePublished\":\"2021-07-24T18:58:58+00:00\",\"dateModified\":\"2023-12-30T13:55:53+00:00\",\"breadcrumb\":{\"@id\":\"https:\/\/www.safinel.fr\/produit\/deodorant-naturel-curae-homme-50g\/#breadcrumb\"},\"inLanguage\":\"pt-PT\",\"potentialAction\":[{\"@type\":\"ReadAction\",\"target\":[\"https:\/\/www.safinel.fr\/produit\/deodorant-naturel-curae-homme-50g\/\"]}]},{\"@type\":\"ImageObject\",\"inLanguage\":\"pt-PT\",\"@id\":\"https:\/\/www.safinel.fr\/produit\/deodorant-naturel-curae-homme-50g\/#primaryimage\",\"url\":\"https:\/\/www.safinel.fr\/wp-content\/uploads\/2021\/07\/561-large_default.jpg\",\"contentUrl\":\"https:\/\/www.safinel.fr\/wp-content\/uploads\/2021\/07\/561-large_default.jpg\",\"width\":800,\"height\":800},{\"@type\":\"BreadcrumbList\",\"@id\":\"https:\/\/www.safinel.fr\/produit\/deodorant-naturel-curae-homme-50g\/#breadcrumb\",\"itemListElement\":[{\"@type\":\"ListItem\",\"position\":1,\"name\":\"Accueil\",\"item\":\"https:\/\/www.safinel.fr\/\"},{\"@type\":\"ListItem\",\"position\":2,\"name\":\"Boutique\",\"item\":\"https:\/\/www.safinel.fr\/boutique\/\"},{\"@type\":\"ListItem\",\"position\":3,\"name\":\"D\u00e9odorant naturel Curae Homme 50g\"}]},{\"@type\":\"WebSite\",\"@id\":\"https:\/\/www.safinel.fr\/#website\",\"url\":\"https:\/\/www.safinel.fr\/\",\"name\":\"Safinel\",\"description\":\"\",\"publisher\":{\"@id\":\"https:\/\/www.safinel.fr\/#organization\"},\"potentialAction\":[{\"@type\":\"SearchAction\",\"target\":{\"@type\":\"EntryPoint\",\"urlTemplate\":\"https:\/\/www.safinel.fr\/?s={search_term_string}\"},\"query-input\":{\"@type\":\"PropertyValueSpecification\",\"valueRequired\":true,\"valueName\":\"search_term_string\"}}],\"inLanguage\":\"pt-PT\"},{\"@type\":\"Organization\",\"@id\":\"https:\/\/www.safinel.fr\/#organization\",\"name\":\"Safinel\",\"url\":\"https:\/\/www.safinel.fr\/\",\"logo\":{\"@type\":\"ImageObject\",\"inLanguage\":\"pt-PT\",\"@id\":\"https:\/\/www.safinel.fr\/#\/schema\/logo\/image\/\",\"url\":\"https:\/\/www.safinel.fr\/wp-content\/uploads\/2021\/05\/boutique-cosmetique.png\",\"contentUrl\":\"https:\/\/www.safinel.fr\/wp-content\/uploads\/2021\/05\/boutique-cosmetique.png\",\"width\":800,\"height\":200,\"caption\":\"Safinel\"},\"image\":{\"@id\":\"https:\/\/www.safinel.fr\/#\/schema\/logo\/image\/\"}}]}<\/script>\n<!-- \/ Yoast SEO plugin. -->","yoast_head_json":{"title":"Desodorizante natural Curae Homme 50 g - Safinel","robots":{"index":"index","follow":"follow","max-snippet":"max-snippet:-1","max-image-preview":"max-image-preview:large","max-video-preview":"max-video-preview:-1"},"canonical":"https:\/\/www.safinel.fr\/pt\/product-2\/desodorizante-natural-curae-homem-50g\/","og_locale":"pt_PT","og_type":"article","og_title":"D\u00e9odorant naturel Curae Homme 50g - Safinel","og_description":"Les produits d\u2019hygi\u00e8ne et de soin sont un peu en peine sur le march\u00e9 fran\u00e7ais ces derni\u00e8res ann\u00e9es. Toutefois, les d\u00e9odorants pour homme arrivent \u00e0 se maintenir ! Mais il faut ajouter une pr\u00e9cision, et pas des moindres : les anti-transpirants et autres d\u00e9odorants classiques avec sels d\u2019aluminium sont en d\u00e9clin ! Et c\u2019est une [...]","og_url":"https:\/\/www.safinel.fr\/pt\/product-2\/desodorizante-natural-curae-homem-50g\/","og_site_name":"Safinel","article_modified_time":"2023-12-30T13:55:53+00:00","og_image":[{"width":800,"height":800,"url":"https:\/\/www.safinel.fr\/wp-content\/uploads\/2021\/07\/561-large_default.jpg","type":"image\/jpeg"}],"twitter_card":"summary_large_image","twitter_misc":{"Tempo estimado de leitura":"6 minutos"},"schema":{"@context":"https:\/\/schema.org","@graph":[{"@type":"WebPage","@id":"https:\/\/www.safinel.fr\/produit\/deodorant-naturel-curae-homme-50g\/","url":"https:\/\/www.safinel.fr\/produit\/deodorant-naturel-curae-homme-50g\/","name":"Desodorizante natural Curae Homme 50 g - Safinel","isPartOf":{"@id":"https:\/\/www.safinel.fr\/#website"},"primaryImageOfPage":{"@id":"https:\/\/www.safinel.fr\/produit\/deodorant-naturel-curae-homme-50g\/#primaryimage"},"image":{"@id":"https:\/\/www.safinel.fr\/produit\/deodorant-naturel-curae-homme-50g\/#primaryimage"},"thumbnailUrl":"https:\/\/www.safinel.fr\/wp-content\/uploads\/2021\/07\/561-large_default.jpg","datePublished":"2021-07-24T18:58:58+00:00","dateModified":"2023-12-30T13:55:53+00:00","breadcrumb":{"@id":"https:\/\/www.safinel.fr\/produit\/deodorant-naturel-curae-homme-50g\/#breadcrumb"},"inLanguage":"pt-PT","potentialAction":[{"@type":"ReadAction","target":["https:\/\/www.safinel.fr\/produit\/deodorant-naturel-curae-homme-50g\/"]}]},{"@type":"ImageObject","inLanguage":"pt-PT","@id":"https:\/\/www.safinel.fr\/produit\/deodorant-naturel-curae-homme-50g\/#primaryimage","url":"https:\/\/www.safinel.fr\/wp-content\/uploads\/2021\/07\/561-large_default.jpg","contentUrl":"https:\/\/www.safinel.fr\/wp-content\/uploads\/2021\/07\/561-large_default.jpg","width":800,"height":800},{"@type":"BreadcrumbList","@id":"https:\/\/www.safinel.fr\/produit\/deodorant-naturel-curae-homme-50g\/#breadcrumb","itemListElement":[{"@type":"ListItem","position":1,"name":"Accueil","item":"https:\/\/www.safinel.fr\/"},{"@type":"ListItem","position":2,"name":"Boutique","item":"https:\/\/www.safinel.fr\/boutique\/"},{"@type":"ListItem","position":3,"name":"D\u00e9odorant naturel Curae Homme 50g"}]},{"@type":"WebSite","@id":"https:\/\/www.safinel.fr\/#website","url":"https:\/\/www.safinel.fr\/","name":"Safinel","description":"","publisher":{"@id":"https:\/\/www.safinel.fr\/#organization"},"potentialAction":[{"@type":"SearchAction","target":{"@type":"EntryPoint","urlTemplate":"https:\/\/www.safinel.fr\/?s={search_term_string}"},"query-input":{"@type":"PropertyValueSpecification","valueRequired":true,"valueName":"search_term_string"}}],"inLanguage":"pt-PT"},{"@type":"Organization","@id":"https:\/\/www.safinel.fr\/#organization","name":"Safinel","url":"https:\/\/www.safinel.fr\/","logo":{"@type":"ImageObject","inLanguage":"pt-PT","@id":"https:\/\/www.safinel.fr\/#\/schema\/logo\/image\/","url":"https:\/\/www.safinel.fr\/wp-content\/uploads\/2021\/05\/boutique-cosmetique.png","contentUrl":"https:\/\/www.safinel.fr\/wp-content\/uploads\/2021\/05\/boutique-cosmetique.png","width":800,"height":200,"caption":"Safinel"},"image":{"@id":"https:\/\/www.safinel.fr\/#\/schema\/logo\/image\/"}}]}},"_links":{"self":[{"href":"https:\/\/www.safinel.fr\/pt\/wp-json\/wp\/v2\/product\/244","targetHints":{"allow":["GET"]}}],"collection":[{"href":"https:\/\/www.safinel.fr\/pt\/wp-json\/wp\/v2\/product"}],"about":[{"href":"https:\/\/www.safinel.fr\/pt\/wp-json\/wp\/v2\/types\/product"}],"wp:featuredmedia":[{"embeddable":true,"href":"https:\/\/www.safinel.fr\/pt\/wp-json\/wp\/v2\/media\/274"}],"wp:attachment":[{"href":"https:\/\/www.safinel.fr\/pt\/wp-json\/wp\/v2\/media?parent=244"}],"wp:term":[{"taxonomy":"product_brand","embeddable":true,"href":"https:\/\/www.safinel.fr\/pt\/wp-json\/wp\/v2\/product_brand?post=244"},{"taxonomy":"product_cat","embeddable":true,"href":"https:\/\/www.safinel.fr\/pt\/wp-json\/wp\/v2\/product_cat?post=244"},{"taxonomy":"product_tag","embeddable":true,"href":"https:\/\/www.safinel.fr\/pt\/wp-json\/wp\/v2\/product_tag?post=244"}],"curies":[{"name":"wp","href":"https:\/\/api.w.org\/{rel}","templated":true}]}}