{"id":243,"date":"2021-07-24T18:58:58","date_gmt":"2021-07-24T18:58:58","guid":{"rendered":"https:\/\/www.safinel.fr\/?post_type=product&#038;p=243"},"modified":"2023-12-30T13:55:48","modified_gmt":"2023-12-30T13:55:48","slug":"desodorizante-natural-vegan-rosa-50-g","status":"publish","type":"product","link":"https:\/\/www.safinel.fr\/pt\/product-2\/desodorizante-natural-vegan-rosa-50-g\/","title":{"rendered":"Desodorizante natural (VEGAN) \u2013 Rosa 50 g"},"content":{"rendered":"<p>Na nossa rotina de beleza, h\u00e1 pelo menos uma etapa da qual n\u00e3o podemos escapar... o desodorizante! Para cuidar das suas axilas, selecion\u00e1mos cuidadosamente <b>desodorizantes 100% naturais.\u00a0<\/b>Se procura um desodorizante <i>biol\u00f3gico, natural e \u00e9tico<\/i>, certamente encontrar\u00e1 o que procura. O <b>desodorizante natural com aroma de rosa<\/b> foi especialmente concebido para aqueles que gostam de cuidar de si...<span class=\"Apple-converted-space\">\u00a0<\/span><\/p>\n<h2><b>O desodorizante natural com aroma de rosa, e ainda por cima vegan!<\/b><\/h2>\n<p>Os desodorizantes convencionais s\u00e3o prejudiciais para a nossa pele e, por vezes, podem at\u00e9 causar certos problemas de sa\u00fade. Por isso, \u00e9 prefer\u00edvel, ou mesmo necess\u00e1rio, mudar para um desodorizante natural.<\/p>\n<p>O<b> desodorizante natural com aroma de rosa \u00e9 100% natural<\/b>, formulado sem mat\u00e9ria animal, que <b>adequado para veganos. <\/b>A sua nova<b> creme desodorizante<\/b> n\u00e3o apresenta qualquer perigo para a sua pele e n\u00e3o obstrui os poros das axilas. Apenas impede os maus odores!<span class=\"Apple-converted-space\">\u00a0<\/span><\/p>\n<p><b>Ingredientes:<\/b> <i>\u00f3leo de coco nucifera, bicarbonato de s\u00f3dio, <a href=\"https:\/\/sante.lefigaro.fr\/mieux-etre\/nutrition-aliments\/graisses-vegetales\/quest-ce-que-lhydrogenation\" target=\"_blank\" rel=\"noopener\"><strong>\u00f3leo de soja hidrogenado<\/strong><\/a>, \u00f3leo de rosa damascena.<\/i><\/p>\n<h3><b>Quais s\u00e3o as propriedades do desodorizante natural de rosa?<\/b><\/h3>\n<p>Existem muitas raz\u00f5es para mudar para um desodorizante natural, por isso apresentamos-lhe alguns dos seus benef\u00edcios:<span class=\"Apple-converted-space\">\u00a0<\/span><\/p>\n<ul>\n<li>A sua composi\u00e7\u00e3o natural e \u00e9tica! Este <b>produto ecol\u00f3gico<\/b> \u00e9 100% natural, fabricado com ingredientes naturais e, claro, n\u00e3o testado em animais!<\/li>\n<li>O desodorizante natural favorece o processo natural de transpira\u00e7\u00e3o do corpo; ;<span class=\"Apple-converted-space\">\u00a0<\/span><\/li>\n<li>Impede a transpira\u00e7\u00e3o excessiva, ao mesmo tempo que limita as bact\u00e9rias. Isso neutraliza os odores e absorve a humidade.<\/li>\n<\/ul>\n<p>O desodorizante vegan com aroma de rosa: experimente e vai adorar! Descubra tamb\u00e9m o nosso <a href=\"https:\/\/www.deodorant-naturel.com\/produit\/deodorant-naturel-homme-curae\/\"><strong>desodorizante masculino Curae<\/strong><\/a> !<\/p>\n<h3><b>Como<\/b>\u2019<b>utilizar?<\/b><\/h3>\n<p>Muito f\u00e1cil de usar, o desodorizante natural vai tornar-se o seu novo aliado no dia a dia!<span class=\"Apple-converted-space\">\u00a0<\/span><\/p>\n<ol>\n<li>Lave as m\u00e3os antes de usar; ;<\/li>\n<li>Retire uma pequena quantidade com o dedo; ;<\/li>\n<li>Em seguida, aplique nas axilas; ;<\/li>\n<li>Lavar as m\u00e3os ap\u00f3s o uso... \u00e9 sempre melhor!<span class=\"Apple-converted-space\">\u00a0<\/span><\/li>\n<\/ol>\n<p>Este desodorizante de textura cremosa derrete ao entrar em contacto com a pele. E trata do resto para lhe proporcionar um conforto ideal!<span class=\"Apple-converted-space\">\u00a0<\/span><\/p>\n<h3><b>Precau\u00e7\u00f5es e conserva\u00e7\u00e3o<\/b><\/h3>\n<p>A melhor forma de conservar o seu desodorizante de rosa \u00e9 mant\u00ea-lo longe do calor e da luz.<\/p>\n<p>Em caso de rea\u00e7\u00e3o al\u00e9rgica, pare de usar este produto.<\/p>","protected":false},"excerpt":{"rendered":"<p>Dans notre routine beaut\u00e9, il y a au moins une \u00e9tape \u00e0 laquelle nous n\u2019\u00e9chappons pas\u2026 le d\u00e9odorant ! Pour chouchouter vos aisselles, nous avons s\u00e9lectionn\u00e9 avec soin des d\u00e9odorants 100 % naturels.\u00a0Si vous \u00eates \u00e0 la recherche d\u2019un d\u00e9odorant \u00e0 la fois biologique, naturel et \u00e9thique, vous trouverez certainement votre bonheur. Le d\u00e9odorant naturel [&#8230;]","protected":false},"featured_media":273,"template":"","meta":[],"product_brand":[],"product_cat":[32],"product_tag":[],"class_list":{"0":"post-243","1":"product","2":"type-product","3":"status-publish","4":"has-post-thumbnail","6":"product_cat-curae","8":"first","9":"outofstock","10":"shipping-taxable","11":"purchasable","12":"product-type-simple"},"yoast_head":"<!-- This site is optimized with the Yoast SEO plugin v26.6 - https:\/\/yoast.com\/wordpress\/plugins\/seo\/ -->\n<title>D\u00e9odorant naturel (VEGAN) - Rose 50g - Safinel<\/title>\n<meta name=\"robots\" content=\"index, follow, max-snippet:-1, max-image-preview:large, max-video-preview:-1\" \/>\n<link rel=\"canonical\" href=\"https:\/\/www.safinel.fr\/pt\/product-2\/desodorizante-natural-vegan-rosa-50-g\/\" \/>\n<meta property=\"og:locale\" content=\"pt_PT\" \/>\n<meta property=\"og:type\" content=\"article\" \/>\n<meta property=\"og:title\" content=\"D\u00e9odorant naturel (VEGAN) - Rose 50g - Safinel\" \/>\n<meta property=\"og:description\" content=\"Dans notre routine beaut\u00e9, il y a au moins une \u00e9tape \u00e0 laquelle nous n\u2019\u00e9chappons pas\u2026 le d\u00e9odorant ! Pour chouchouter vos aisselles, nous avons s\u00e9lectionn\u00e9 avec soin des d\u00e9odorants 100 % naturels.\u00a0Si vous \u00eates \u00e0 la recherche d\u2019un d\u00e9odorant \u00e0 la fois biologique, naturel et \u00e9thique, vous trouverez certainement votre bonheur. Le d\u00e9odorant naturel [...]\" \/>\n<meta property=\"og:url\" content=\"https:\/\/www.safinel.fr\/pt\/product-2\/desodorizante-natural-vegan-rosa-50-g\/\" \/>\n<meta property=\"og:site_name\" content=\"Safinel\" \/>\n<meta property=\"article:modified_time\" content=\"2023-12-30T13:55:48+00:00\" \/>\n<meta property=\"og:image\" content=\"https:\/\/www.safinel.fr\/wp-content\/uploads\/2021\/07\/563-large_default.jpg\" \/>\n\t<meta property=\"og:image:width\" content=\"800\" \/>\n\t<meta property=\"og:image:height\" content=\"800\" \/>\n\t<meta property=\"og:image:type\" content=\"image\/jpeg\" \/>\n<meta name=\"twitter:card\" content=\"summary_large_image\" \/>\n<meta name=\"twitter:label1\" content=\"Tempo estimado de leitura\" \/>\n\t<meta name=\"twitter:data1\" content=\"2 minutos\" \/>\n<script type=\"application\/ld+json\" class=\"yoast-schema-graph\">{\"@context\":\"https:\/\/schema.org\",\"@graph\":[{\"@type\":\"WebPage\",\"@id\":\"https:\/\/www.safinel.fr\/produit\/deodorant-naturel-vegan-rose-50g\/\",\"url\":\"https:\/\/www.safinel.fr\/produit\/deodorant-naturel-vegan-rose-50g\/\",\"name\":\"D\u00e9odorant naturel (VEGAN) - Rose 50g - Safinel\",\"isPartOf\":{\"@id\":\"https:\/\/www.safinel.fr\/#website\"},\"primaryImageOfPage\":{\"@id\":\"https:\/\/www.safinel.fr\/produit\/deodorant-naturel-vegan-rose-50g\/#primaryimage\"},\"image\":{\"@id\":\"https:\/\/www.safinel.fr\/produit\/deodorant-naturel-vegan-rose-50g\/#primaryimage\"},\"thumbnailUrl\":\"https:\/\/www.safinel.fr\/wp-content\/uploads\/2021\/07\/563-large_default.jpg\",\"datePublished\":\"2021-07-24T18:58:58+00:00\",\"dateModified\":\"2023-12-30T13:55:48+00:00\",\"breadcrumb\":{\"@id\":\"https:\/\/www.safinel.fr\/produit\/deodorant-naturel-vegan-rose-50g\/#breadcrumb\"},\"inLanguage\":\"pt-PT\",\"potentialAction\":[{\"@type\":\"ReadAction\",\"target\":[\"https:\/\/www.safinel.fr\/produit\/deodorant-naturel-vegan-rose-50g\/\"]}]},{\"@type\":\"ImageObject\",\"inLanguage\":\"pt-PT\",\"@id\":\"https:\/\/www.safinel.fr\/produit\/deodorant-naturel-vegan-rose-50g\/#primaryimage\",\"url\":\"https:\/\/www.safinel.fr\/wp-content\/uploads\/2021\/07\/563-large_default.jpg\",\"contentUrl\":\"https:\/\/www.safinel.fr\/wp-content\/uploads\/2021\/07\/563-large_default.jpg\",\"width\":800,\"height\":800},{\"@type\":\"BreadcrumbList\",\"@id\":\"https:\/\/www.safinel.fr\/produit\/deodorant-naturel-vegan-rose-50g\/#breadcrumb\",\"itemListElement\":[{\"@type\":\"ListItem\",\"position\":1,\"name\":\"Accueil\",\"item\":\"https:\/\/www.safinel.fr\/\"},{\"@type\":\"ListItem\",\"position\":2,\"name\":\"Boutique\",\"item\":\"https:\/\/www.safinel.fr\/boutique\/\"},{\"@type\":\"ListItem\",\"position\":3,\"name\":\"D\u00e9odorant naturel (VEGAN) &#8211; Rose 50g\"}]},{\"@type\":\"WebSite\",\"@id\":\"https:\/\/www.safinel.fr\/#website\",\"url\":\"https:\/\/www.safinel.fr\/\",\"name\":\"Safinel\",\"description\":\"\",\"publisher\":{\"@id\":\"https:\/\/www.safinel.fr\/#organization\"},\"potentialAction\":[{\"@type\":\"SearchAction\",\"target\":{\"@type\":\"EntryPoint\",\"urlTemplate\":\"https:\/\/www.safinel.fr\/?s={search_term_string}\"},\"query-input\":{\"@type\":\"PropertyValueSpecification\",\"valueRequired\":true,\"valueName\":\"search_term_string\"}}],\"inLanguage\":\"pt-PT\"},{\"@type\":\"Organization\",\"@id\":\"https:\/\/www.safinel.fr\/#organization\",\"name\":\"Safinel\",\"url\":\"https:\/\/www.safinel.fr\/\",\"logo\":{\"@type\":\"ImageObject\",\"inLanguage\":\"pt-PT\",\"@id\":\"https:\/\/www.safinel.fr\/#\/schema\/logo\/image\/\",\"url\":\"https:\/\/www.safinel.fr\/wp-content\/uploads\/2021\/05\/boutique-cosmetique.png\",\"contentUrl\":\"https:\/\/www.safinel.fr\/wp-content\/uploads\/2021\/05\/boutique-cosmetique.png\",\"width\":800,\"height\":200,\"caption\":\"Safinel\"},\"image\":{\"@id\":\"https:\/\/www.safinel.fr\/#\/schema\/logo\/image\/\"}}]}<\/script>\n<!-- \/ Yoast SEO plugin. -->","yoast_head_json":{"title":"Desodorizante natural (VEGAN) - Rosa 50 g - Safinel","robots":{"index":"index","follow":"follow","max-snippet":"max-snippet:-1","max-image-preview":"max-image-preview:large","max-video-preview":"max-video-preview:-1"},"canonical":"https:\/\/www.safinel.fr\/pt\/product-2\/desodorizante-natural-vegan-rosa-50-g\/","og_locale":"pt_PT","og_type":"article","og_title":"D\u00e9odorant naturel (VEGAN) - Rose 50g - Safinel","og_description":"Dans notre routine beaut\u00e9, il y a au moins une \u00e9tape \u00e0 laquelle nous n\u2019\u00e9chappons pas\u2026 le d\u00e9odorant ! Pour chouchouter vos aisselles, nous avons s\u00e9lectionn\u00e9 avec soin des d\u00e9odorants 100 % naturels.\u00a0Si vous \u00eates \u00e0 la recherche d\u2019un d\u00e9odorant \u00e0 la fois biologique, naturel et \u00e9thique, vous trouverez certainement votre bonheur. Le d\u00e9odorant naturel [...]","og_url":"https:\/\/www.safinel.fr\/pt\/product-2\/desodorizante-natural-vegan-rosa-50-g\/","og_site_name":"Safinel","article_modified_time":"2023-12-30T13:55:48+00:00","og_image":[{"width":800,"height":800,"url":"https:\/\/www.safinel.fr\/wp-content\/uploads\/2021\/07\/563-large_default.jpg","type":"image\/jpeg"}],"twitter_card":"summary_large_image","twitter_misc":{"Tempo estimado de leitura":"2 minutos"},"schema":{"@context":"https:\/\/schema.org","@graph":[{"@type":"WebPage","@id":"https:\/\/www.safinel.fr\/produit\/deodorant-naturel-vegan-rose-50g\/","url":"https:\/\/www.safinel.fr\/produit\/deodorant-naturel-vegan-rose-50g\/","name":"Desodorizante natural (VEGAN) - Rosa 50 g - Safinel","isPartOf":{"@id":"https:\/\/www.safinel.fr\/#website"},"primaryImageOfPage":{"@id":"https:\/\/www.safinel.fr\/produit\/deodorant-naturel-vegan-rose-50g\/#primaryimage"},"image":{"@id":"https:\/\/www.safinel.fr\/produit\/deodorant-naturel-vegan-rose-50g\/#primaryimage"},"thumbnailUrl":"https:\/\/www.safinel.fr\/wp-content\/uploads\/2021\/07\/563-large_default.jpg","datePublished":"2021-07-24T18:58:58+00:00","dateModified":"2023-12-30T13:55:48+00:00","breadcrumb":{"@id":"https:\/\/www.safinel.fr\/produit\/deodorant-naturel-vegan-rose-50g\/#breadcrumb"},"inLanguage":"pt-PT","potentialAction":[{"@type":"ReadAction","target":["https:\/\/www.safinel.fr\/produit\/deodorant-naturel-vegan-rose-50g\/"]}]},{"@type":"ImageObject","inLanguage":"pt-PT","@id":"https:\/\/www.safinel.fr\/produit\/deodorant-naturel-vegan-rose-50g\/#primaryimage","url":"https:\/\/www.safinel.fr\/wp-content\/uploads\/2021\/07\/563-large_default.jpg","contentUrl":"https:\/\/www.safinel.fr\/wp-content\/uploads\/2021\/07\/563-large_default.jpg","width":800,"height":800},{"@type":"BreadcrumbList","@id":"https:\/\/www.safinel.fr\/produit\/deodorant-naturel-vegan-rose-50g\/#breadcrumb","itemListElement":[{"@type":"ListItem","position":1,"name":"Accueil","item":"https:\/\/www.safinel.fr\/"},{"@type":"ListItem","position":2,"name":"Boutique","item":"https:\/\/www.safinel.fr\/boutique\/"},{"@type":"ListItem","position":3,"name":"D\u00e9odorant naturel (VEGAN) &#8211; Rose 50g"}]},{"@type":"WebSite","@id":"https:\/\/www.safinel.fr\/#website","url":"https:\/\/www.safinel.fr\/","name":"Safinel","description":"","publisher":{"@id":"https:\/\/www.safinel.fr\/#organization"},"potentialAction":[{"@type":"SearchAction","target":{"@type":"EntryPoint","urlTemplate":"https:\/\/www.safinel.fr\/?s={search_term_string}"},"query-input":{"@type":"PropertyValueSpecification","valueRequired":true,"valueName":"search_term_string"}}],"inLanguage":"pt-PT"},{"@type":"Organization","@id":"https:\/\/www.safinel.fr\/#organization","name":"Safinel","url":"https:\/\/www.safinel.fr\/","logo":{"@type":"ImageObject","inLanguage":"pt-PT","@id":"https:\/\/www.safinel.fr\/#\/schema\/logo\/image\/","url":"https:\/\/www.safinel.fr\/wp-content\/uploads\/2021\/05\/boutique-cosmetique.png","contentUrl":"https:\/\/www.safinel.fr\/wp-content\/uploads\/2021\/05\/boutique-cosmetique.png","width":800,"height":200,"caption":"Safinel"},"image":{"@id":"https:\/\/www.safinel.fr\/#\/schema\/logo\/image\/"}}]}},"_links":{"self":[{"href":"https:\/\/www.safinel.fr\/pt\/wp-json\/wp\/v2\/product\/243","targetHints":{"allow":["GET"]}}],"collection":[{"href":"https:\/\/www.safinel.fr\/pt\/wp-json\/wp\/v2\/product"}],"about":[{"href":"https:\/\/www.safinel.fr\/pt\/wp-json\/wp\/v2\/types\/product"}],"wp:featuredmedia":[{"embeddable":true,"href":"https:\/\/www.safinel.fr\/pt\/wp-json\/wp\/v2\/media\/273"}],"wp:attachment":[{"href":"https:\/\/www.safinel.fr\/pt\/wp-json\/wp\/v2\/media?parent=243"}],"wp:term":[{"taxonomy":"product_brand","embeddable":true,"href":"https:\/\/www.safinel.fr\/pt\/wp-json\/wp\/v2\/product_brand?post=243"},{"taxonomy":"product_cat","embeddable":true,"href":"https:\/\/www.safinel.fr\/pt\/wp-json\/wp\/v2\/product_cat?post=243"},{"taxonomy":"product_tag","embeddable":true,"href":"https:\/\/www.safinel.fr\/pt\/wp-json\/wp\/v2\/product_tag?post=243"}],"curies":[{"name":"wp","href":"https:\/\/api.w.org\/{rel}","templated":true}]}}