{"id":242,"date":"2021-07-24T18:58:58","date_gmt":"2021-07-24T18:58:58","guid":{"rendered":"https:\/\/www.safinel.fr\/?post_type=product&#038;p=242"},"modified":"2023-12-30T13:55:43","modified_gmt":"2023-12-30T13:55:43","slug":"desodorizante-100-natural-para-mulheres-gravidas","status":"publish","type":"product","link":"https:\/\/www.safinel.fr\/pt\/product-2\/desodorizante-100-natural-para-mulheres-gravidas\/","title":{"rendered":"Desodorizante 100% Natural para mulheres gr\u00e1vidas"},"content":{"rendered":"<p>Que felicidade carregar uma vida, ver a barriga crescer dia ap\u00f3s dia. Voc\u00ea est\u00e1 radiante e o seu cabelo est\u00e1 mais bonito do que nunca. Mas estar gr\u00e1vida tamb\u00e9m tem os seus inconvenientes, n\u00e3o \u00e9 verdade, senhoras? E entre eles est\u00e1 a transpira\u00e7\u00e3o! N\u00e3o, n\u00e3o, n\u00e3o estamos a falar de uma transpira\u00e7\u00e3o leve e discreta... mas sim de uma transpira\u00e7\u00e3o excessiva, abundante e, por vezes, malcheirosa! E para piorar ainda mais a situa\u00e7\u00e3o, como se j\u00e1 n\u00e3o fosse dif\u00edcil o suficiente... muitos cosm\u00e9ticos s\u00e3o realmente desaconselhados durante a gravidez! Por isso, \u00e9 preciso ter ainda mais cuidado com o que se coloca no corpo. E, em particular, nas axilas.<span class=\"Apple-converted-space\">\u00a0<\/span>Na D\u00e9odorant Naturel, os <b>desodorizantes naturais <\/b>s\u00e3o a nossa especialidade! Adivinhou?! Descubra j\u00e1 o nosso desodorizante natural para mulheres gr\u00e1vidas 100%.<\/p>\n<p>Nesse caso, desta vez poderemos surpreend\u00ea-lo com um produto verdadeiramente in\u00e9dito... <b>Um desodorizante para mulheres gr\u00e1vidas<\/b> Natural, ecol\u00f3gico, econ\u00f3mico... enfim, s\u00f3 vantagens para cuidar de si, sem se preocupar com a composi\u00e7\u00e3o!<span class=\"Apple-converted-space\">\u00a0<\/span><\/p>\n<p>Zoom sobre um produto que deve estar sempre \u00e0 m\u00e3o. Ou debaixo do bra\u00e7o, senhoras!<span class=\"Apple-converted-space\">\u00a0<\/span><\/p>\n<h2><b>O desodorizante natural para mulheres gr\u00e1vidas: um novato que agrada muito<span class=\"Apple-converted-space\">\u00a0<\/span><\/b><\/h2>\n<p><b>Apresenta\u00e7\u00e3o<\/b><span class=\"Apple-converted-space\">\u00a0<\/span><\/p>\n<p>Nosso <b>desodorizante natural para mulheres gr\u00e1vidas<\/b> vem num pequeno frasco super leve e pr\u00e1tico. A sua caixa de alum\u00ednio \u00e9 <b>totalmente reutiliz\u00e1vel e infinitamente recicl\u00e1vel<\/b>.<span class=\"Apple-converted-space\">\u00a0<\/span><\/p>\n<p>Uma das principais vantagens deste desodorizante reside no facto de poder <b>comprar recargas<\/b> ! Estas s\u00e3o vendidas individualmente no nosso site. \u00c9 claro que encontrar\u00e1 a <b>recarga de desodorizante natural para mulheres gr\u00e1vidas<\/b>. Mas tamb\u00e9m outras recargas. Nada o impede, portanto, depois do parto, de experimentar o incr\u00edvel aroma do <a href=\"https:\/\/www.deodorant-naturel.com\/produit\/deodorant-naturel-musc-tahara-vegan-50ml\/\"><b>desodorizante alm\u00edscar tahara<\/b><\/a><b> <\/b>Sem contar que essas recargas s\u00e3o vendidas em <i>potes 100% biodegrad\u00e1veis<\/i> ! Fabricados em fibra de cana-de-a\u00e7\u00facar e com tampa em amido de milho (PLA). N\u00f3s sabemos, somos geniais!<span class=\"Apple-converted-space\">\u00a0<\/span><\/p>\n<p>Este <b>desodorizante natural<\/b> Tem uma textura cremosa e leve. Um \u00fanico desodorizante natural equivale a 2 ou at\u00e9 3 desodorizantes cl\u00e1ssicos dispon\u00edveis no mercado! \u00c9 econ\u00f3mico, como j\u00e1 foi referido!<span class=\"Apple-converted-space\">\u00a0<\/span><\/p>\n<p>Mas este produto \u00e9 \u00fanico e especial porque foi <b>Feito para mulheres gr\u00e1vidas. <\/b>N\u00e3o cont\u00e9m<b> nenhuma \u00f3leo essencial<\/b>, o que n\u00e3o o impede de ter um aroma natural agrad\u00e1vel. Este desodorizante \u00e9:<span class=\"Apple-converted-space\">\u00a0<\/span><\/p>\n<ul>\n<li>Sem materiais petroqu\u00edmicos<\/li>\n<li>Sem materiais sint\u00e9ticos<\/li>\n<li>Nem \u00f3leos hidrogenados<\/li>\n<li>Sem disruptores end\u00f3crinos<\/li>\n<li>Sem silicone nem pol\u00edmeros<\/li>\n<li>Sem ftalatos<\/li>\n<li>Sem alum\u00ednio<\/li>\n<\/ul>\n<p>O que deixaria todos com inveja <b>desodorizantes cl\u00e1ssicos<\/b> no mercado!<span class=\"Apple-converted-space\">\u00a0<\/span><\/p>\n<h3><b>Caracter\u00edsticas do produto<\/b><\/h3>\n<p><b>Formato<\/b> : Pote redondo de alum\u00ednio com tampa de rosca<span class=\"Apple-converted-space\">\u00a0<\/span><\/p>\n<p><b>Peso<\/b> : 50 g<span class=\"Apple-converted-space\">\u00a0<\/span><\/p>\n<p><b>Mat\u00e9ria<\/b> : Desodorizante cremoso<\/p>\n<p><b>Odor<\/b> : Aroma suave, muito natural e n\u00e3o enjoativo de coco<span class=\"Apple-converted-space\">\u00a0<\/span><\/p>\n<p><b>Composi\u00e7\u00e3o<\/b> \u00d3LEO DE COCO NUCIFERA (<a href=\"https:\/\/www.amlou.fr\/produit\/huile-de-coco-bio-vegetale-vierge\/\" target=\"_blank\" rel=\"noopener noreferrer\"><strong>\u00d3leo de coco<\/strong><\/a>), BICARBONATO DE S\u00d3DIO (Bicarbonato de s\u00f3dio), CARBONATO DE C\u00c1LCIO (Carbonato de c\u00e1lcio), CERA ALBA (Cera de abelha).<span class=\"Apple-converted-space\">\u00a0<\/span><\/p>\n<p><b>Dica:<\/b> Quando quiser verificar a composi\u00e7\u00e3o de um produto, aceda ao site da <i>INCI Beauty<\/i>. Pode pesquisar por ingrediente. Neste desodorizante natural para mulheres gr\u00e1vidas, por exemplo, nada a assinalar!<span class=\"Apple-converted-space\">\u00a0<\/span><\/p>\n<h3><b>O desodorizante natural: mudan\u00e7a de formato e... de h\u00e1bitos!<span class=\"Apple-converted-space\">\u00a0<\/span><\/b><\/h3>\n<p>Passar para produtos naturais n\u00e3o \u00e9 necessariamente uma transi\u00e7\u00e3o f\u00e1cil para todos. Novos h\u00e1bitos, odores e texturas diferentes... Mas, no final das contas, quando sabemos que um desodorizante cl\u00e1ssico cont\u00e9m sais de alum\u00ednio, o esfor\u00e7o \u00e9 super\u00e1vel! E ele ainda cont\u00e9m muitos outros desreguladores end\u00f3crinos! Al\u00e9m disso, optar por um desodorizante da D\u00e9odorant Naturel n\u00e3o \u00e9 um esfor\u00e7o t\u00e3o grande assim. H\u00e1 at\u00e9 mesmo muitas vantagens:<span class=\"Apple-converted-space\">\u00a0<\/span><\/p>\n<ul>\n<li>\u00c9 mais barato a longo prazo<\/li>\n<li>Este tipo de<b> O desodorizante \u00e9 100% natural<\/b>, com uma composi\u00e7\u00e3o pr\u00f3pria<span class=\"Apple-converted-space\">\u00a0<\/span><\/li>\n<li>Todos os nossos desodorizantes naturais s\u00e3o <b>n\u00e3o testados em animais<span class=\"Apple-converted-space\">\u00a0<\/span><\/b><\/li>\n<li>Os nossos produtos s\u00e3o <b>Portugu\u00eas<\/b><span class=\"Apple-converted-space\">\u00a0<\/span><\/li>\n<li>Alguns dos nossos desodorizantes s\u00e3o <b>veganos<\/b>, como o nosso irresist\u00edvel <b><a href=\"https:\/\/www.deodorant-naturel.com\/produit\/deodorant-naturel-vegan\/\">desodorizante natural com aroma de rosa<\/a><span class=\"Apple-converted-space\">\u00a0<\/span><\/b><\/li>\n<li>Eles s\u00e3o <b>econ\u00f3micos e ecol\u00f3gicos<\/b>, pois a embalagem \u00e9 100% reutiliz\u00e1vel e recicl\u00e1vel<span class=\"Apple-converted-space\">\u00a0<\/span><\/li>\n<\/ul>\n<h3><b>As propriedades do desodorizante para mulheres gr\u00e1vidas<span class=\"Apple-converted-space\">\u00a0<\/span><\/b><\/h3>\n<p>Por falar em vantagens, o nosso desodorizante natural para mulheres gr\u00e1vidas tem muitas! Aqui est\u00e3o as propriedades de que poder\u00e1 usufruir:<span class=\"Apple-converted-space\">\u00a0<\/span><\/p>\n<ul>\n<li>N\u00e3o \u00e9 um antitranspirante, mas sim um desodorizante! Portanto, n\u00e3o impede a transpira\u00e7\u00e3o, que \u00e9 uma rea\u00e7\u00e3o natural e fisiol\u00f3gica perfeitamente normal do corpo. <b>Permite, antes, regul\u00e1-la.<\/b>, sem, no entanto, agredir o sistema end\u00f3crino. <span class=\"Apple-converted-space\">\u00a0<\/span><\/li>\n<li>O desodorizante natural para mulheres gr\u00e1vidas cont\u00e9m bicarbonato de s\u00f3dio. Este \u00e9 conhecido por<b> absorver a humidade, neste caso a transpira\u00e7\u00e3o.<\/b><\/li>\n<li>O \u00f3leo de coco contido neste produto \u00e9 ideal para a pele. Al\u00e9m do seu aroma delicado, \u00e9 <b>antimicrobiano<\/b>. O que permite combater as bact\u00e9rias respons\u00e1veis pelos maus odores. Este \u00f3leo vegetal tamb\u00e9m torna este desodorizante para mulheres gr\u00e1vidas muito mais <b>hidratante<\/b>. E <b>respeitador das peles fr\u00e1geis e sens\u00edveis.<span class=\"Apple-converted-space\">\u00a0<\/span><\/b><\/li>\n<li>O bicarbonato de s\u00f3dio tamb\u00e9m \u00e9 um <b>ingrediente com propriedades anti-inflamat\u00f3rias<\/b>. Isso significa que pode usar o seu superdesodorizante natural logo ap\u00f3s a depila\u00e7\u00e3o! Na verdade, ele permite\u2019<b>acalmar o fogo da l\u00e2mina.<\/b> \u00c9 um al\u00edvio, quando se conhece o efeito do desodorizante cl\u00e1ssico nas axilas rec\u00e9m-depiladas. S\u00f3 de pensar nisso, j\u00e1 d\u00e1 vontade de co\u00e7ar!<span class=\"Apple-converted-space\">\u00a0<\/span><\/li>\n<li>Este desodorizante natural para mulheres gr\u00e1vidas tem <b>uma roupa de longa dura\u00e7\u00e3o<\/b>. Assim, pode resistir ao desafio da gravidez mantendo o seu glamour! N\u00e3o \u00e9 uma boa not\u00edcia?!<span class=\"Apple-converted-space\">\u00a0<\/span><\/li>\n<\/ul>\n<h3><b>Como usar este desodorizante para mulheres gr\u00e1vidas?<span class=\"Apple-converted-space\">\u00a0<\/span><\/b><\/h3>\n<p>Quando estamos habituados a usar desodorizantes em roll-on ou spray, \u00e9 verdade que este desodorizante pode ser um pouco desconcertante. \u00ab\u00a0<i>Vou mesmo ter de enfiar os dedos neste desodorizante?<\/i> Sim, senhora! Mas um dedo ser\u00e1 suficiente. Al\u00e9m disso, bem limpo! E se realmente n\u00e3o for adepta deste tipo de utiliza\u00e7\u00e3o, uma colherinha rasa ou outra servir\u00e1 perfeitamente!<span class=\"Apple-converted-space\">\u00a0<\/span><\/p>\n<p>Depois de tomar um bom banho, <b>aplique uma pequena quantidade do seu desodorizante natural nas axilas.<\/b> Pode us\u00e1-lo todos os dias!<span class=\"Apple-converted-space\">\u00a0<\/span><\/p>\n<p>Por fim, o seu formato pr\u00e1tico torna este desodorizante f\u00e1cil de transportar.<\/p>\n<p>E se ainda n\u00e3o est\u00e1 totalmente convencido sobre os desodorizantes naturais, ou est\u00e1 hesitante em fazer essa transi\u00e7\u00e3o... N\u00e3o hesite em consultar o nosso artigo de blog sobre o assunto: \u00ab<b>\u00a0Porqu\u00ea escolher desodorizantes naturais<\/b> ? \u00bb Nele fala-se, nomeadamente, das subst\u00e2ncias qu\u00edmicas que l\u00e1 se encontram...!<span class=\"Apple-converted-space\">\u00a0<\/span><\/p>\n<p>Nota: Recomendamos a <a href=\"https:\/\/www.biomielandco.com\/medecine-traditionnelle-sunna\/99-chajarat-mariam-infertilite.html\" target=\"_blank\" rel=\"noopener\"><strong>rosa de Jeric\u00f3<\/strong><\/a> para favorecer a sua gravidez.<\/p>","protected":false},"excerpt":{"rendered":"<p>Que alegria \u00e9 carregar a vida, ver a barriga mais redonda dia ap\u00f3s dia. Est\u00e1 radiante e o seu cabelo est\u00e1 mais bonito do que nunca. Mas estar gr\u00e1vida tamb\u00e9m tem a sua quota-parte de inconvenientes, n\u00e3o \u00e9 verdade, meninas? E um deles \u00e9 a transpira\u00e7\u00e3o! N\u00e3o, n\u00e3o, n\u00e3o estamos a falar de um pouco de transpira\u00e7\u00e3o [...].","protected":false},"featured_media":272,"template":"","meta":[],"product_brand":[],"product_cat":[32],"product_tag":[],"class_list":{"0":"post-242","1":"product","2":"type-product","3":"status-publish","4":"has-post-thumbnail","6":"product_cat-curae","8":"first","9":"outofstock","10":"shipping-taxable","11":"purchasable","12":"product-type-simple"},"yoast_head":"<!-- This site is optimized with the Yoast SEO plugin v26.6 - https:\/\/yoast.com\/wordpress\/plugins\/seo\/ -->\n<title>D\u00e9odorant 100% Naturel Femme enceinte - Safinel<\/title>\n<meta name=\"robots\" content=\"index, follow, max-snippet:-1, max-image-preview:large, max-video-preview:-1\" \/>\n<link rel=\"canonical\" href=\"https:\/\/www.safinel.fr\/pt\/product-2\/desodorizante-100-natural-para-mulheres-gravidas\/\" \/>\n<meta property=\"og:locale\" content=\"pt_PT\" \/>\n<meta property=\"og:type\" content=\"article\" \/>\n<meta property=\"og:title\" content=\"D\u00e9odorant 100% Naturel Femme enceinte - Safinel\" \/>\n<meta property=\"og:description\" content=\"Quel bonheur de porter la vie, de voir son ventre s\u2019arrondir jour apr\u00e8s jour. Vous rayonnez et votre chevelure est plus belle que jamais. Mais \u00eatre enceinte a aussi son lot de d\u00e9sagr\u00e9ments, n\u2019est-ce pas Mesdames ? Et parmi eux, il y a la transpiration ! Non, non, on ne parle pas d\u2019une petite transpiration [...]\" \/>\n<meta property=\"og:url\" content=\"https:\/\/www.safinel.fr\/pt\/product-2\/desodorizante-100-natural-para-mulheres-gravidas\/\" \/>\n<meta property=\"og:site_name\" content=\"Safinel\" \/>\n<meta property=\"article:modified_time\" content=\"2023-12-30T13:55:43+00:00\" \/>\n<meta property=\"og:image\" content=\"https:\/\/www.safinel.fr\/wp-content\/uploads\/2021\/07\/562-large_default.jpg\" \/>\n\t<meta property=\"og:image:width\" content=\"800\" \/>\n\t<meta property=\"og:image:height\" content=\"800\" \/>\n\t<meta property=\"og:image:type\" content=\"image\/jpeg\" \/>\n<meta name=\"twitter:card\" content=\"summary_large_image\" \/>\n<meta name=\"twitter:label1\" content=\"Tempo estimado de leitura\" \/>\n\t<meta name=\"twitter:data1\" content=\"6 minutos\" \/>\n<script type=\"application\/ld+json\" class=\"yoast-schema-graph\">{\"@context\":\"https:\/\/schema.org\",\"@graph\":[{\"@type\":\"WebPage\",\"@id\":\"https:\/\/www.safinel.fr\/produit\/deodorant-100-naturel-femme-enceinte\/\",\"url\":\"https:\/\/www.safinel.fr\/produit\/deodorant-100-naturel-femme-enceinte\/\",\"name\":\"D\u00e9odorant 100% Naturel Femme enceinte - Safinel\",\"isPartOf\":{\"@id\":\"https:\/\/www.safinel.fr\/#website\"},\"primaryImageOfPage\":{\"@id\":\"https:\/\/www.safinel.fr\/produit\/deodorant-100-naturel-femme-enceinte\/#primaryimage\"},\"image\":{\"@id\":\"https:\/\/www.safinel.fr\/produit\/deodorant-100-naturel-femme-enceinte\/#primaryimage\"},\"thumbnailUrl\":\"https:\/\/www.safinel.fr\/wp-content\/uploads\/2021\/07\/562-large_default.jpg\",\"datePublished\":\"2021-07-24T18:58:58+00:00\",\"dateModified\":\"2023-12-30T13:55:43+00:00\",\"breadcrumb\":{\"@id\":\"https:\/\/www.safinel.fr\/produit\/deodorant-100-naturel-femme-enceinte\/#breadcrumb\"},\"inLanguage\":\"pt-PT\",\"potentialAction\":[{\"@type\":\"ReadAction\",\"target\":[\"https:\/\/www.safinel.fr\/produit\/deodorant-100-naturel-femme-enceinte\/\"]}]},{\"@type\":\"ImageObject\",\"inLanguage\":\"pt-PT\",\"@id\":\"https:\/\/www.safinel.fr\/produit\/deodorant-100-naturel-femme-enceinte\/#primaryimage\",\"url\":\"https:\/\/www.safinel.fr\/wp-content\/uploads\/2021\/07\/562-large_default.jpg\",\"contentUrl\":\"https:\/\/www.safinel.fr\/wp-content\/uploads\/2021\/07\/562-large_default.jpg\",\"width\":800,\"height\":800},{\"@type\":\"BreadcrumbList\",\"@id\":\"https:\/\/www.safinel.fr\/produit\/deodorant-100-naturel-femme-enceinte\/#breadcrumb\",\"itemListElement\":[{\"@type\":\"ListItem\",\"position\":1,\"name\":\"Accueil\",\"item\":\"https:\/\/www.safinel.fr\/\"},{\"@type\":\"ListItem\",\"position\":2,\"name\":\"Boutique\",\"item\":\"https:\/\/www.safinel.fr\/boutique\/\"},{\"@type\":\"ListItem\",\"position\":3,\"name\":\"D\u00e9odorant 100% Naturel Femme enceinte\"}]},{\"@type\":\"WebSite\",\"@id\":\"https:\/\/www.safinel.fr\/#website\",\"url\":\"https:\/\/www.safinel.fr\/\",\"name\":\"Safinel\",\"description\":\"\",\"publisher\":{\"@id\":\"https:\/\/www.safinel.fr\/#organization\"},\"potentialAction\":[{\"@type\":\"SearchAction\",\"target\":{\"@type\":\"EntryPoint\",\"urlTemplate\":\"https:\/\/www.safinel.fr\/?s={search_term_string}\"},\"query-input\":{\"@type\":\"PropertyValueSpecification\",\"valueRequired\":true,\"valueName\":\"search_term_string\"}}],\"inLanguage\":\"pt-PT\"},{\"@type\":\"Organization\",\"@id\":\"https:\/\/www.safinel.fr\/#organization\",\"name\":\"Safinel\",\"url\":\"https:\/\/www.safinel.fr\/\",\"logo\":{\"@type\":\"ImageObject\",\"inLanguage\":\"pt-PT\",\"@id\":\"https:\/\/www.safinel.fr\/#\/schema\/logo\/image\/\",\"url\":\"https:\/\/www.safinel.fr\/wp-content\/uploads\/2021\/05\/boutique-cosmetique.png\",\"contentUrl\":\"https:\/\/www.safinel.fr\/wp-content\/uploads\/2021\/05\/boutique-cosmetique.png\",\"width\":800,\"height\":200,\"caption\":\"Safinel\"},\"image\":{\"@id\":\"https:\/\/www.safinel.fr\/#\/schema\/logo\/image\/\"}}]}<\/script>\n<!-- \/ Yoast SEO plugin. -->","yoast_head_json":{"title":"Desodorizante 100% Natural para mulheres gr\u00e1vidas - Safinel","robots":{"index":"index","follow":"follow","max-snippet":"max-snippet:-1","max-image-preview":"max-image-preview:large","max-video-preview":"max-video-preview:-1"},"canonical":"https:\/\/www.safinel.fr\/pt\/product-2\/desodorizante-100-natural-para-mulheres-gravidas\/","og_locale":"pt_PT","og_type":"article","og_title":"D\u00e9odorant 100% Naturel Femme enceinte - Safinel","og_description":"Quel bonheur de porter la vie, de voir son ventre s\u2019arrondir jour apr\u00e8s jour. Vous rayonnez et votre chevelure est plus belle que jamais. Mais \u00eatre enceinte a aussi son lot de d\u00e9sagr\u00e9ments, n\u2019est-ce pas Mesdames ? Et parmi eux, il y a la transpiration ! Non, non, on ne parle pas d\u2019une petite transpiration [...]","og_url":"https:\/\/www.safinel.fr\/pt\/product-2\/desodorizante-100-natural-para-mulheres-gravidas\/","og_site_name":"Safinel","article_modified_time":"2023-12-30T13:55:43+00:00","og_image":[{"width":800,"height":800,"url":"https:\/\/www.safinel.fr\/wp-content\/uploads\/2021\/07\/562-large_default.jpg","type":"image\/jpeg"}],"twitter_card":"summary_large_image","twitter_misc":{"Tempo estimado de leitura":"6 minutos"},"schema":{"@context":"https:\/\/schema.org","@graph":[{"@type":"WebPage","@id":"https:\/\/www.safinel.fr\/produit\/deodorant-100-naturel-femme-enceinte\/","url":"https:\/\/www.safinel.fr\/produit\/deodorant-100-naturel-femme-enceinte\/","name":"Desodorizante 100% Natural para mulheres gr\u00e1vidas - Safinel","isPartOf":{"@id":"https:\/\/www.safinel.fr\/#website"},"primaryImageOfPage":{"@id":"https:\/\/www.safinel.fr\/produit\/deodorant-100-naturel-femme-enceinte\/#primaryimage"},"image":{"@id":"https:\/\/www.safinel.fr\/produit\/deodorant-100-naturel-femme-enceinte\/#primaryimage"},"thumbnailUrl":"https:\/\/www.safinel.fr\/wp-content\/uploads\/2021\/07\/562-large_default.jpg","datePublished":"2021-07-24T18:58:58+00:00","dateModified":"2023-12-30T13:55:43+00:00","breadcrumb":{"@id":"https:\/\/www.safinel.fr\/produit\/deodorant-100-naturel-femme-enceinte\/#breadcrumb"},"inLanguage":"pt-PT","potentialAction":[{"@type":"ReadAction","target":["https:\/\/www.safinel.fr\/produit\/deodorant-100-naturel-femme-enceinte\/"]}]},{"@type":"ImageObject","inLanguage":"pt-PT","@id":"https:\/\/www.safinel.fr\/produit\/deodorant-100-naturel-femme-enceinte\/#primaryimage","url":"https:\/\/www.safinel.fr\/wp-content\/uploads\/2021\/07\/562-large_default.jpg","contentUrl":"https:\/\/www.safinel.fr\/wp-content\/uploads\/2021\/07\/562-large_default.jpg","width":800,"height":800},{"@type":"BreadcrumbList","@id":"https:\/\/www.safinel.fr\/produit\/deodorant-100-naturel-femme-enceinte\/#breadcrumb","itemListElement":[{"@type":"ListItem","position":1,"name":"Accueil","item":"https:\/\/www.safinel.fr\/"},{"@type":"ListItem","position":2,"name":"Boutique","item":"https:\/\/www.safinel.fr\/boutique\/"},{"@type":"ListItem","position":3,"name":"D\u00e9odorant 100% Naturel Femme enceinte"}]},{"@type":"WebSite","@id":"https:\/\/www.safinel.fr\/#website","url":"https:\/\/www.safinel.fr\/","name":"Safinel","description":"","publisher":{"@id":"https:\/\/www.safinel.fr\/#organization"},"potentialAction":[{"@type":"SearchAction","target":{"@type":"EntryPoint","urlTemplate":"https:\/\/www.safinel.fr\/?s={search_term_string}"},"query-input":{"@type":"PropertyValueSpecification","valueRequired":true,"valueName":"search_term_string"}}],"inLanguage":"pt-PT"},{"@type":"Organization","@id":"https:\/\/www.safinel.fr\/#organization","name":"Safinel","url":"https:\/\/www.safinel.fr\/","logo":{"@type":"ImageObject","inLanguage":"pt-PT","@id":"https:\/\/www.safinel.fr\/#\/schema\/logo\/image\/","url":"https:\/\/www.safinel.fr\/wp-content\/uploads\/2021\/05\/boutique-cosmetique.png","contentUrl":"https:\/\/www.safinel.fr\/wp-content\/uploads\/2021\/05\/boutique-cosmetique.png","width":800,"height":200,"caption":"Safinel"},"image":{"@id":"https:\/\/www.safinel.fr\/#\/schema\/logo\/image\/"}}]}},"_links":{"self":[{"href":"https:\/\/www.safinel.fr\/pt\/wp-json\/wp\/v2\/product\/242","targetHints":{"allow":["GET"]}}],"collection":[{"href":"https:\/\/www.safinel.fr\/pt\/wp-json\/wp\/v2\/product"}],"about":[{"href":"https:\/\/www.safinel.fr\/pt\/wp-json\/wp\/v2\/types\/product"}],"wp:featuredmedia":[{"embeddable":true,"href":"https:\/\/www.safinel.fr\/pt\/wp-json\/wp\/v2\/media\/272"}],"wp:attachment":[{"href":"https:\/\/www.safinel.fr\/pt\/wp-json\/wp\/v2\/media?parent=242"}],"wp:term":[{"taxonomy":"product_brand","embeddable":true,"href":"https:\/\/www.safinel.fr\/pt\/wp-json\/wp\/v2\/product_brand?post=242"},{"taxonomy":"product_cat","embeddable":true,"href":"https:\/\/www.safinel.fr\/pt\/wp-json\/wp\/v2\/product_cat?post=242"},{"taxonomy":"product_tag","embeddable":true,"href":"https:\/\/www.safinel.fr\/pt\/wp-json\/wp\/v2\/product_tag?post=242"}],"curies":[{"name":"wp","href":"https:\/\/api.w.org\/{rel}","templated":true}]}}