{"id":241,"date":"2021-07-24T18:58:58","date_gmt":"2021-07-24T18:58:58","guid":{"rendered":"https:\/\/www.safinel.fr\/?post_type=product&#038;p=241"},"modified":"2023-12-30T13:55:38","modified_gmt":"2023-12-30T13:55:38","slug":"desodorizante-natural-almiscar-tahara-vegan-50-ml","status":"publish","type":"product","link":"https:\/\/www.safinel.fr\/pt\/product-2\/desodorizante-natural-almiscar-tahara-vegan-50-ml\/","title":{"rendered":"Desodorizante natural Musc Tahara Vegan 50 ml"},"content":{"rendered":"<p>Imagine por um momento: axilas rec\u00e9m-depiladas e limpas, e um delicado aroma de limpeza emanando do seu corpo. Tudo isso sem que nenhum coelhinho tenha sido maltratado ou que nenhum produto de origem animal tenha sido utilizado. Hein?! Qual \u00e9 a rela\u00e7\u00e3o?! Bem, o nosso maravilhoso <b>desodorizante natural e vegan tahara musk,<\/b>\u00a0Claro!<span class=\"Apple-converted-space\">\u00a0<\/span><\/p>\n<p>Na gama de <b>desodorizantes cremosos 100% naturais<\/b>, ainda n\u00e3o acab\u00e1mos de vos surpreender! Depois do <b>desodorizante especial para mulheres gr\u00e1vidas<\/b>, aqui est\u00e1 mais um produto de higiene que ir\u00e1 satisfazer a todos.<span class=\"Apple-converted-space\">\u00a0<\/span><\/p>\n<p>Zoom sobre um produto t\u00e3o agrad\u00e1vel que at\u00e9 os simp\u00e1ticos coelhinhos gostariam de experiment\u00e1-lo! Bom, vamos parar por aqui!<span class=\"Apple-converted-space\">\u00a0<\/span><\/p>\n<h2><b>O desodorizante natural, indispens\u00e1vel na sua casa de banho<span class=\"Apple-converted-space\">\u00a0<\/span><\/b><\/h2>\n<p>Antes de entrarmos em detalhes, vamos falar sobre desodorizantes! Em stick, roll-on, spray... embalagens coloridas e slogans atraentes. Tudo isso \u00e9 muito bom, mas e a nossa sa\u00fade? Pois \u00e9, a maioria dos <b>desodorizantes cl\u00e1ssicos<\/b> que se encontram em grande quantidade no mercado, s\u00e3o extremamente prejudiciais! Seja para o ambiente, seja para o nosso pr\u00f3prio bem-estar.<span class=\"Apple-converted-space\">\u00a0<\/span><\/p>\n<p>Eles cont\u00eam um n\u00famero incont\u00e1vel de <i>produtos qu\u00edmicos, corantes e outros desreguladores end\u00f3crinos<\/i>. Os desodorizantes cl\u00e1ssicos t\u00eam, nomeadamente, <b>sais de alum\u00ednio<\/b>, que, segundo estudos cient\u00edficos, podem aumentar o risco de cancro da mama. Mas os homens tamb\u00e9m n\u00e3o est\u00e3o imunes a consequ\u00eancias para a sa\u00fade.<span class=\"Apple-converted-space\">\u00a0<\/span><\/p>\n<p>\u00c9 por isso que, na D\u00e9odorant Naturel, queremos ser totalmente transparentes sobre os nossos produtos. Sejam eles quais forem. Ent\u00e3o, fa\u00e7a do desodorizante natural o item indispens\u00e1vel do seu banheiro. Sem correr o risco de se envenenar diariamente!<span class=\"Apple-converted-space\">\u00a0<\/span><\/p>\n<h3><b>Desodorizante natural com alm\u00edscar tahara: um aroma irresist\u00edvel<span class=\"Apple-converted-space\">\u00a0<\/span><\/b><\/h3>\n<p>Para os amantes de <b>alm\u00edscar tahara<\/b>, N\u00e3o \u00e9 preciso lembrar como o seu aroma \u00e9 \u00fanico! E irresistivelmente atraente e delicioso. Mas, para os outros, deixem-nos descrev\u00ea-lo...<span class=\"Apple-converted-space\">\u00a0<\/span><\/p>\n<p>Originalmente, o alm\u00edscar tahara era usado pelas mulheres na Ar\u00e1bia Saudita para aperfei\u00e7oar a sua higiene \u00edntima. Na verdade, este <b>alm\u00edscar branco<\/b> com textura cremosa costumava ser aplicado nas partes \u00edntimas. Ap\u00f3s o grande ritual de lavagem.<span class=\"Apple-converted-space\">\u00a0<\/span><\/p>\n<p>Atualmente, e j\u00e1 h\u00e1 muitos anos, o alm\u00edscar tahara est\u00e1 amplamente difundido em todo o mundo. Continua a ser utilizado como alm\u00edscar \u00edntimo, mas tamb\u00e9m \u00e9 utilizado como ingrediente em muitos produtos de higiene: <i>perfumes, sprays, sabonetes, \u00f3leos corporais, leite corporal...<span class=\"Apple-converted-space\">\u00a0<\/span><\/i><\/p>\n<p>Mas tamb\u00e9m no desodorizante, como \u00e9 o caso aqui com o nosso <b>Desodorizante natural Vegan com aroma de alm\u00edscar tahara.<span class=\"Apple-converted-space\">\u00a0<\/span><\/b><\/p>\n<h3><b>Caracter\u00edsticas do produto<span class=\"Apple-converted-space\">\u00a0<\/span><\/b><\/h3>\n<p><b>Formato: <\/b>pote redondo de alum\u00ednio recicl\u00e1vel<span class=\"Apple-converted-space\">\u00a0<\/span><\/p>\n<p><b>Peso:<\/b> 50 g<span class=\"Apple-converted-space\">\u00a0<\/span><\/p>\n<p><b>Assunto:<\/b> desodorizante em creme<span class=\"Apple-converted-space\">\u00a0<\/span><\/p>\n<p><b>Odor:<\/b> delicioso aroma de alm\u00edscar tahara e agrad\u00e1veis notas de \u00f3leo de coco<span class=\"Apple-converted-space\">\u00a0<\/span><\/p>\n<p><b>Composi\u00e7\u00e3o:<\/b> \u00d3LEO DE COCO NUCIFERA (\u00f3leo vegetal de coco), BICARBONATO DE S\u00d3DIO (bicarbonato de s\u00f3dio), \u00d3LEO DE SOJA HIDROGENADO (\u00f3leo hidrogenado), ALM\u00cdCEC TAHARA.<\/p>\n<h3><b>A garantia de um produto de qualidade e \u00e9tico<span class=\"Apple-converted-space\">\u00a0<\/span><\/b><\/h3>\n<p>O nosso desodorizante natural com <a href=\"https:\/\/www.amlou.fr\/produit\/musc-tahara-blanc-intime\/\" target=\"_blank\" rel=\"noopener noreferrer\"><strong>musk \u00edntimo<\/strong><\/a> tahara e vegan oferecem certas garantias:<span class=\"Apple-converted-space\">\u00a0<\/span><\/p>\n<ul>\n<li>N\u00e3o cont\u00e9m <b>nenhuma \u00f3leo essencial<\/b> : \u00e9 um desodorizante que <i>pode ser usado por mulheres gr\u00e1vidas sem problemas<span class=\"Apple-converted-space\">\u00a0<\/span><\/i><\/li>\n<\/ul>\n<ul>\n<li>\u00c9 <b>fabricado em Fran\u00e7a<span class=\"Apple-converted-space\">\u00a0<\/span><\/b><\/li>\n<\/ul>\n<ul>\n<li>\u00c9 um desodorizante natural que<b> n\u00e3o foi testado em animais<span class=\"Apple-converted-space\">\u00a0<\/span><\/b><\/li>\n<\/ul>\n<ul>\n<li>\u00c9 <b>certificado como vegano<\/b>. O que significa que n\u00e3o cont\u00e9m nenhum ingrediente de origem animal. Em particular, n\u00e3o cont\u00e9m cera de abelha, que \u00e9 amplamente utilizada em desodorizantes.<\/li>\n<\/ul>\n<ul>\n<li>Este desodorizante natural vegan com alm\u00edscar tahara \u00e9 adequado para todos os membros da fam\u00edlia.<span class=\"Apple-converted-space\">\u00a0<\/span><\/li>\n<\/ul>\n<ul>\n<li>\u00c9 um produto com um aroma neutro. Por isso, pode ser usado por todos, homens e mulheres. E apostamos que n\u00e3o deixar\u00e1 ningu\u00e9m indiferente!<span class=\"Apple-converted-space\">\u00a0<\/span><\/li>\n<\/ul>\n<h3><b>In\u00fameras vantagens<span class=\"Apple-converted-space\">\u00a0<\/span><\/b><\/h3>\n<p>Saiba que o nosso desodorizante natural com alm\u00edscar tahara apresenta in\u00fameras vantagens:<span class=\"Apple-converted-space\">\u00a0<\/span><\/p>\n<p><b>Econ\u00f3mico<span class=\"Apple-converted-space\">\u00a0<\/span><\/b><\/p>\n<p>Este <b>desodorizante em creme<\/b> pode parecer um pouco mais caro na hora da compra. No entanto, \u00e9 importante saber que ele cont\u00e9m<i> o equivalente a 2 a 3 desodorizantes em stick cl\u00e1ssicos.<\/i> Al\u00e9m disso, se quiser compr\u00e1-lo novamente, poder\u00e1 optar apenas pelo desodorizante, sem embalagem. Uma excelente forma de poupar dinheiro!<span class=\"Apple-converted-space\">\u00a0<\/span><\/p>\n<p><b>Ecol\u00f3gico<span class=\"Apple-converted-space\">\u00a0<\/span><\/b><\/p>\n<p>A embalagem do desodorizante natural com aroma de alm\u00edscar tahara \u00e9 <b>100% reciclado e recicl\u00e1vel<\/b>. Al\u00e9m disso, pode reutilizar esta caixa met\u00e1lica infinitamente.<span class=\"Apple-converted-space\">\u00a0<\/span><\/p>\n<p><b>Recarreg\u00e1vel<span class=\"Apple-converted-space\">\u00a0<\/span><\/b><\/p>\n<p>O seu precioso desodorizante creme natural est\u00e1 quase a acabar? Basta pensar em recarregar! Ao comprar o <b>recarga de desodorizante com alm\u00edscar tahara vegan<\/b>, se for um grande f\u00e3! Ou, se quiser mudar um pouco, n\u00e3o hesite em descobrir outros. Como o <b>recarga de <a href=\"https:\/\/www.deodorant-naturel.com\/produit\/deodorant-naturel-vegan\/\">desodorizante natural com aroma de rosa<\/a><\/b>, E vegan, claro!<span class=\"Apple-converted-space\">\u00a0<\/span><\/p>\n<p><b>100% natural<span class=\"Apple-converted-space\">\u00a0<\/span><\/b><\/p>\n<p>O nosso desodorizante natural \u00e9 <b>100% natural.<\/b> Se isso n\u00e3o \u00e9 uma boa not\u00edcia, o que \u00e9?! Falando s\u00e9rio, ele n\u00e3o cont\u00e9m <b>sem sais de alum\u00ednio.<\/b> Sem produtos qu\u00edmicos nem disruptores end\u00f3crinos. Apenas <b>um produto saud\u00e1vel e bom para a sa\u00fade<\/b> Sim, sim, garantimos, isso existe!<span class=\"Apple-converted-space\">\u00a0<\/span><\/p>\n<p><b>Respeitador da sua pele<span class=\"Apple-converted-space\">\u00a0<\/span><\/b><\/p>\n<p>Ele n\u00e3o age como um <b>antitranspirante.<\/b> \u00c9 importante saber que a transpira\u00e7\u00e3o \u00e9 totalmente natural para o corpo e at\u00e9 mesmo indispens\u00e1vel! Um antitranspirante tende a obstruir os poros, o que \u00e9 realmente prejudicial! O nosso desodorizante com alm\u00edscar tahara atua contra as bact\u00e9rias respons\u00e1veis pelo mau odor. Ele <b>refresca e deixa um aroma agrad\u00e1vel<\/b>, sem obstruir a epiderme.<span class=\"Apple-converted-space\">\u00a0<\/span><\/p>\n<h3><b>Como usar o desodorizante natural vegan tahara alm\u00edscar?<span class=\"Apple-converted-space\">\u00a0<\/span><\/b><\/h3>\n<p>Uma sec\u00e7\u00e3o inteira para explicar como aplicar desodorizante? N\u00e3o, mas espere! N\u00e3o \u00e9 qualquer desodorizante! Este \u00e9 natural, e a sua textura cremosa pode ser um pouco desconcertante para quem n\u00e3o est\u00e1 habituado.<span class=\"Apple-converted-space\">\u00a0<\/span><\/p>\n<p>Aplique uma pequena quantidade de desodorizante natural vegan tahara musk nas axilas limpas e secas. Pode usar diretamente com o dedo, limpo, \u00e9 claro. Ou use um pequeno utens\u00edlio lav\u00e1vel, reutiliz\u00e1vel, que servir\u00e1 apenas para esse fim.<span class=\"Apple-converted-space\">\u00a0<\/span><\/p>\n<p><b>A saber:<\/b> Pode usar este desodorizante natural diretamente ap\u00f3s o barbear.<span class=\"Apple-converted-space\">\u00a0<\/span><\/p>\n<p>Para quem prefere a depila\u00e7\u00e3o, recomendamos fazer uma esfolia\u00e7\u00e3o natural para esfoliar a pele. Pode usar o <a href=\"https:\/\/www.deodorant-naturel.com\/produit\/gants-exfoliant-en-sisal\/\"><b>luva esfoliante de sisal<\/b><\/a> totalmente natural e muito eficaz. Tamb\u00e9m \u00e9 poss\u00edvel esfoliar a pele antes de fazer a barba, para evitar p\u00ealos encravados.<span class=\"Apple-converted-space\">\u00a0<\/span><\/p>\n<p>Depois de terminar a depila\u00e7\u00e3o\/barbear, aplique o desodorizante natural tahara almiscarado. A presen\u00e7a de bicarbonato de s\u00f3dio <b>luta contra o fogo da l\u00e2mina<\/b>. Acalma a pele e pequenos cortes, ao mesmo tempo que desinfeta.<\/p>","protected":false},"excerpt":{"rendered":"<p>Imaginez un instant : des aisselles tout juste propres et \u00e9pil\u00e9es, et une d\u00e9licate odeur de propre qui \u00e9mane de votre corps. Tout cela sans qu\u2019un seul petit lapin n\u2019ait \u00e9t\u00e9 maltrait\u00e9, ou qu\u2019un seul produit d\u2019origine animale n\u2019ait \u00e9t\u00e9 utilis\u00e9. Hein ?! Quel est le rapport ?! Eh bien, notre merveilleux deodorant musc tahara [&#8230;]","protected":false},"featured_media":271,"template":"","meta":[],"product_brand":[],"product_cat":[32],"product_tag":[],"class_list":{"0":"post-241","1":"product","2":"type-product","3":"status-publish","4":"has-post-thumbnail","6":"product_cat-curae","8":"first","9":"outofstock","10":"shipping-taxable","11":"purchasable","12":"product-type-simple"},"yoast_head":"<!-- This site is optimized with the Yoast SEO plugin v26.6 - https:\/\/yoast.com\/wordpress\/plugins\/seo\/ -->\n<title>D\u00e9odorant naturel Musc Tahara Vegan 50ml - Safinel<\/title>\n<meta name=\"robots\" content=\"index, follow, max-snippet:-1, max-image-preview:large, max-video-preview:-1\" \/>\n<link rel=\"canonical\" href=\"https:\/\/www.safinel.fr\/pt\/product-2\/desodorizante-natural-almiscar-tahara-vegan-50-ml\/\" \/>\n<meta property=\"og:locale\" content=\"pt_PT\" \/>\n<meta property=\"og:type\" content=\"article\" \/>\n<meta property=\"og:title\" content=\"D\u00e9odorant naturel Musc Tahara Vegan 50ml - Safinel\" \/>\n<meta property=\"og:description\" content=\"Imaginez un instant : des aisselles tout juste propres et \u00e9pil\u00e9es, et une d\u00e9licate odeur de propre qui \u00e9mane de votre corps. Tout cela sans qu\u2019un seul petit lapin n\u2019ait \u00e9t\u00e9 maltrait\u00e9, ou qu\u2019un seul produit d\u2019origine animale n\u2019ait \u00e9t\u00e9 utilis\u00e9. Hein ?! Quel est le rapport ?! Eh bien, notre merveilleux deodorant musc tahara [...]\" \/>\n<meta property=\"og:url\" content=\"https:\/\/www.safinel.fr\/pt\/product-2\/desodorizante-natural-almiscar-tahara-vegan-50-ml\/\" \/>\n<meta property=\"og:site_name\" content=\"Safinel\" \/>\n<meta property=\"article:modified_time\" content=\"2023-12-30T13:55:38+00:00\" \/>\n<meta property=\"og:image\" content=\"https:\/\/www.safinel.fr\/wp-content\/uploads\/2021\/07\/626-large_default.jpg\" \/>\n\t<meta property=\"og:image:width\" content=\"800\" \/>\n\t<meta property=\"og:image:height\" content=\"800\" \/>\n\t<meta property=\"og:image:type\" content=\"image\/jpeg\" \/>\n<meta name=\"twitter:card\" content=\"summary_large_image\" \/>\n<meta name=\"twitter:label1\" content=\"Tempo estimado de leitura\" \/>\n\t<meta name=\"twitter:data1\" content=\"6 minutos\" \/>\n<script type=\"application\/ld+json\" class=\"yoast-schema-graph\">{\"@context\":\"https:\/\/schema.org\",\"@graph\":[{\"@type\":\"WebPage\",\"@id\":\"https:\/\/www.safinel.fr\/produit\/deodorant-naturel-musc-tahara-vegan-50ml\/\",\"url\":\"https:\/\/www.safinel.fr\/produit\/deodorant-naturel-musc-tahara-vegan-50ml\/\",\"name\":\"D\u00e9odorant naturel Musc Tahara Vegan 50ml - Safinel\",\"isPartOf\":{\"@id\":\"https:\/\/www.safinel.fr\/#website\"},\"primaryImageOfPage\":{\"@id\":\"https:\/\/www.safinel.fr\/produit\/deodorant-naturel-musc-tahara-vegan-50ml\/#primaryimage\"},\"image\":{\"@id\":\"https:\/\/www.safinel.fr\/produit\/deodorant-naturel-musc-tahara-vegan-50ml\/#primaryimage\"},\"thumbnailUrl\":\"https:\/\/www.safinel.fr\/wp-content\/uploads\/2021\/07\/626-large_default.jpg\",\"datePublished\":\"2021-07-24T18:58:58+00:00\",\"dateModified\":\"2023-12-30T13:55:38+00:00\",\"breadcrumb\":{\"@id\":\"https:\/\/www.safinel.fr\/produit\/deodorant-naturel-musc-tahara-vegan-50ml\/#breadcrumb\"},\"inLanguage\":\"pt-PT\",\"potentialAction\":[{\"@type\":\"ReadAction\",\"target\":[\"https:\/\/www.safinel.fr\/produit\/deodorant-naturel-musc-tahara-vegan-50ml\/\"]}]},{\"@type\":\"ImageObject\",\"inLanguage\":\"pt-PT\",\"@id\":\"https:\/\/www.safinel.fr\/produit\/deodorant-naturel-musc-tahara-vegan-50ml\/#primaryimage\",\"url\":\"https:\/\/www.safinel.fr\/wp-content\/uploads\/2021\/07\/626-large_default.jpg\",\"contentUrl\":\"https:\/\/www.safinel.fr\/wp-content\/uploads\/2021\/07\/626-large_default.jpg\",\"width\":800,\"height\":800},{\"@type\":\"BreadcrumbList\",\"@id\":\"https:\/\/www.safinel.fr\/produit\/deodorant-naturel-musc-tahara-vegan-50ml\/#breadcrumb\",\"itemListElement\":[{\"@type\":\"ListItem\",\"position\":1,\"name\":\"Accueil\",\"item\":\"https:\/\/www.safinel.fr\/\"},{\"@type\":\"ListItem\",\"position\":2,\"name\":\"Boutique\",\"item\":\"https:\/\/www.safinel.fr\/boutique\/\"},{\"@type\":\"ListItem\",\"position\":3,\"name\":\"D\u00e9odorant naturel Musc Tahara Vegan 50ml\"}]},{\"@type\":\"WebSite\",\"@id\":\"https:\/\/www.safinel.fr\/#website\",\"url\":\"https:\/\/www.safinel.fr\/\",\"name\":\"Safinel\",\"description\":\"\",\"publisher\":{\"@id\":\"https:\/\/www.safinel.fr\/#organization\"},\"potentialAction\":[{\"@type\":\"SearchAction\",\"target\":{\"@type\":\"EntryPoint\",\"urlTemplate\":\"https:\/\/www.safinel.fr\/?s={search_term_string}\"},\"query-input\":{\"@type\":\"PropertyValueSpecification\",\"valueRequired\":true,\"valueName\":\"search_term_string\"}}],\"inLanguage\":\"pt-PT\"},{\"@type\":\"Organization\",\"@id\":\"https:\/\/www.safinel.fr\/#organization\",\"name\":\"Safinel\",\"url\":\"https:\/\/www.safinel.fr\/\",\"logo\":{\"@type\":\"ImageObject\",\"inLanguage\":\"pt-PT\",\"@id\":\"https:\/\/www.safinel.fr\/#\/schema\/logo\/image\/\",\"url\":\"https:\/\/www.safinel.fr\/wp-content\/uploads\/2021\/05\/boutique-cosmetique.png\",\"contentUrl\":\"https:\/\/www.safinel.fr\/wp-content\/uploads\/2021\/05\/boutique-cosmetique.png\",\"width\":800,\"height\":200,\"caption\":\"Safinel\"},\"image\":{\"@id\":\"https:\/\/www.safinel.fr\/#\/schema\/logo\/image\/\"}}]}<\/script>\n<!-- \/ Yoast SEO plugin. -->","yoast_head_json":{"title":"Desodorizante natural Musc Tahara Vegan 50 ml - Safinel","robots":{"index":"index","follow":"follow","max-snippet":"max-snippet:-1","max-image-preview":"max-image-preview:large","max-video-preview":"max-video-preview:-1"},"canonical":"https:\/\/www.safinel.fr\/pt\/product-2\/desodorizante-natural-almiscar-tahara-vegan-50-ml\/","og_locale":"pt_PT","og_type":"article","og_title":"D\u00e9odorant naturel Musc Tahara Vegan 50ml - Safinel","og_description":"Imaginez un instant : des aisselles tout juste propres et \u00e9pil\u00e9es, et une d\u00e9licate odeur de propre qui \u00e9mane de votre corps. Tout cela sans qu\u2019un seul petit lapin n\u2019ait \u00e9t\u00e9 maltrait\u00e9, ou qu\u2019un seul produit d\u2019origine animale n\u2019ait \u00e9t\u00e9 utilis\u00e9. Hein ?! Quel est le rapport ?! Eh bien, notre merveilleux deodorant musc tahara [...]","og_url":"https:\/\/www.safinel.fr\/pt\/product-2\/desodorizante-natural-almiscar-tahara-vegan-50-ml\/","og_site_name":"Safinel","article_modified_time":"2023-12-30T13:55:38+00:00","og_image":[{"width":800,"height":800,"url":"https:\/\/www.safinel.fr\/wp-content\/uploads\/2021\/07\/626-large_default.jpg","type":"image\/jpeg"}],"twitter_card":"summary_large_image","twitter_misc":{"Tempo estimado de leitura":"6 minutos"},"schema":{"@context":"https:\/\/schema.org","@graph":[{"@type":"WebPage","@id":"https:\/\/www.safinel.fr\/produit\/deodorant-naturel-musc-tahara-vegan-50ml\/","url":"https:\/\/www.safinel.fr\/produit\/deodorant-naturel-musc-tahara-vegan-50ml\/","name":"Desodorizante natural Musc Tahara Vegan 50 ml - Safinel","isPartOf":{"@id":"https:\/\/www.safinel.fr\/#website"},"primaryImageOfPage":{"@id":"https:\/\/www.safinel.fr\/produit\/deodorant-naturel-musc-tahara-vegan-50ml\/#primaryimage"},"image":{"@id":"https:\/\/www.safinel.fr\/produit\/deodorant-naturel-musc-tahara-vegan-50ml\/#primaryimage"},"thumbnailUrl":"https:\/\/www.safinel.fr\/wp-content\/uploads\/2021\/07\/626-large_default.jpg","datePublished":"2021-07-24T18:58:58+00:00","dateModified":"2023-12-30T13:55:38+00:00","breadcrumb":{"@id":"https:\/\/www.safinel.fr\/produit\/deodorant-naturel-musc-tahara-vegan-50ml\/#breadcrumb"},"inLanguage":"pt-PT","potentialAction":[{"@type":"ReadAction","target":["https:\/\/www.safinel.fr\/produit\/deodorant-naturel-musc-tahara-vegan-50ml\/"]}]},{"@type":"ImageObject","inLanguage":"pt-PT","@id":"https:\/\/www.safinel.fr\/produit\/deodorant-naturel-musc-tahara-vegan-50ml\/#primaryimage","url":"https:\/\/www.safinel.fr\/wp-content\/uploads\/2021\/07\/626-large_default.jpg","contentUrl":"https:\/\/www.safinel.fr\/wp-content\/uploads\/2021\/07\/626-large_default.jpg","width":800,"height":800},{"@type":"BreadcrumbList","@id":"https:\/\/www.safinel.fr\/produit\/deodorant-naturel-musc-tahara-vegan-50ml\/#breadcrumb","itemListElement":[{"@type":"ListItem","position":1,"name":"Accueil","item":"https:\/\/www.safinel.fr\/"},{"@type":"ListItem","position":2,"name":"Boutique","item":"https:\/\/www.safinel.fr\/boutique\/"},{"@type":"ListItem","position":3,"name":"D\u00e9odorant naturel Musc Tahara Vegan 50ml"}]},{"@type":"WebSite","@id":"https:\/\/www.safinel.fr\/#website","url":"https:\/\/www.safinel.fr\/","name":"Safinel","description":"","publisher":{"@id":"https:\/\/www.safinel.fr\/#organization"},"potentialAction":[{"@type":"SearchAction","target":{"@type":"EntryPoint","urlTemplate":"https:\/\/www.safinel.fr\/?s={search_term_string}"},"query-input":{"@type":"PropertyValueSpecification","valueRequired":true,"valueName":"search_term_string"}}],"inLanguage":"pt-PT"},{"@type":"Organization","@id":"https:\/\/www.safinel.fr\/#organization","name":"Safinel","url":"https:\/\/www.safinel.fr\/","logo":{"@type":"ImageObject","inLanguage":"pt-PT","@id":"https:\/\/www.safinel.fr\/#\/schema\/logo\/image\/","url":"https:\/\/www.safinel.fr\/wp-content\/uploads\/2021\/05\/boutique-cosmetique.png","contentUrl":"https:\/\/www.safinel.fr\/wp-content\/uploads\/2021\/05\/boutique-cosmetique.png","width":800,"height":200,"caption":"Safinel"},"image":{"@id":"https:\/\/www.safinel.fr\/#\/schema\/logo\/image\/"}}]}},"_links":{"self":[{"href":"https:\/\/www.safinel.fr\/pt\/wp-json\/wp\/v2\/product\/241","targetHints":{"allow":["GET"]}}],"collection":[{"href":"https:\/\/www.safinel.fr\/pt\/wp-json\/wp\/v2\/product"}],"about":[{"href":"https:\/\/www.safinel.fr\/pt\/wp-json\/wp\/v2\/types\/product"}],"wp:featuredmedia":[{"embeddable":true,"href":"https:\/\/www.safinel.fr\/pt\/wp-json\/wp\/v2\/media\/271"}],"wp:attachment":[{"href":"https:\/\/www.safinel.fr\/pt\/wp-json\/wp\/v2\/media?parent=241"}],"wp:term":[{"taxonomy":"product_brand","embeddable":true,"href":"https:\/\/www.safinel.fr\/pt\/wp-json\/wp\/v2\/product_brand?post=241"},{"taxonomy":"product_cat","embeddable":true,"href":"https:\/\/www.safinel.fr\/pt\/wp-json\/wp\/v2\/product_cat?post=241"},{"taxonomy":"product_tag","embeddable":true,"href":"https:\/\/www.safinel.fr\/pt\/wp-json\/wp\/v2\/product_tag?post=241"}],"curies":[{"name":"wp","href":"https:\/\/api.w.org\/{rel}","templated":true}]}}