{"id":2314,"date":"2022-08-23T19:58:06","date_gmt":"2022-08-23T19:58:06","guid":{"rendered":"https:\/\/www.safinel.fr\/?post_type=product&#038;p=2314"},"modified":"2024-02-12T09:19:14","modified_gmt":"2024-02-12T09:19:14","slug":"capsulas-de-polen-de-palmeira","status":"publish","type":"product","link":"https:\/\/www.safinel.fr\/pt\/product-2\/capsulas-de-polen-de-palmeira\/","title":{"rendered":"C\u00e1psulas de p\u00f3len de palmeira"},"content":{"rendered":"<p>Conhece os\u00a0<strong>c\u00e1psulas de p\u00f3len de palmeira<\/strong>\u00a0Se ainda n\u00e3o \u00e9 o caso, n\u00e3o se preocupe, vamos contar-lhe mais! Conhecido por ajudar a melhorar certos aspetos da sa\u00fade, experimente-o hoje mesmo e descubra os benef\u00edcios deste tesouro natural para o seu bem-estar.<\/p>\n<h2><strong>Descubra as c\u00e1psulas de p\u00f3len de palmeira\u00a0<\/strong><\/h2>\n<p>De facto, o p\u00f3len de palmeira \u00e9 um tesouro natural proveniente da\u00a0<strong>flor da palmeira-datil\u00edfera<\/strong>\u00a0(Phoenix dactylifera). \u00c9 colhido principalmente a partir dos estames masculinos da flor. Em seguida, \u00e9 seco e transformado em c\u00e1psulas para facilitar o uso.<\/p>\n<p>Al\u00e9m disso, este \u00faltimo \u00e9 um suplemento alimentar rico em nutrientes essenciais! E isso inclui vitaminas, minerais, amino\u00e1cidos, enzimas e antioxidantes.<\/p>\n<h2><strong>O p\u00f3len de palmeira, uma fonte de benef\u00edcios para a sua sa\u00fade<\/strong><\/h2>\n<p>\u00c9 verdade que ele \u00e9 conhecido pelos seus in\u00fameros benef\u00edcios para a sa\u00fade.<\/p>\n<p><strong>Aqui est\u00e3o algumas das suas vantagens que podem ser do seu interesse:<\/strong><\/p>\n<ul>\n<li><strong>Melhoria da sa\u00fade reprodutiva<\/strong><strong>\u00a0:<\/strong>\u00a0De facto, o p\u00f3len de palmeira \u00e9 conhecido por promover a sa\u00fade reprodutiva em homens e mulheres. Al\u00e9m disso, pode contribuir para\u00a0<strong>aumentar o desejo<\/strong>, melhorar a fertilidade e apoiar o bom funcionamento do sistema reprodutor.<\/li>\n<li><strong>Fortalecimento do sistema imunol\u00f3gico<\/strong><strong>\u00a0:<\/strong>\u00a0gra\u00e7as ao seu elevado teor de antioxidantes, pode ajudar a fortalecer o sistema imunit\u00e1rio.  Al\u00e9m disso, este<strong>\u00a0produto natural<\/strong>\u00a0tamb\u00e9m pode ajudar a reduzir os sintomas das alergias sazonais.<\/li>\n<li><strong>Melhoria da energia e da vitalidade\u00a0<\/strong><strong>:<\/strong>\u00a0devido \u00e0 sua riqueza em nutrientes essenciais, pode ajudar a aumentar os n\u00edveis de energia e a reduzir a fadiga.<\/li>\n<\/ul>\n<h3><strong>Conselhos de utiliza\u00e7\u00e3o<\/strong><\/h3>\n<p>Para aproveitar ao m\u00e1ximo os benef\u00edcios do p\u00f3len de palmeira, aqui est\u00e3o algumas dicas de uso:<\/p>\n<p>Em primeiro lugar, respeite a dosagem recomendada. Tome 2 a 4 c\u00e1psulas de p\u00f3len de palmeira por dia, de prefer\u00eancia com uma refei\u00e7\u00e3o.<\/p>\n<p>Em seguida, para uma utiliza\u00e7\u00e3o ideal, recomenda-se tomar as c\u00e1psulas de p\u00f3len de palmeira regularmente. Os resultados podem variar de pessoa para pessoa, por isso \u00e9 aconselh\u00e1vel consultar um profissional de sa\u00fade antes.<\/p>\n<p>Por fim, as c\u00e1psulas de p\u00f3len de palmeira devem ser conservadas num local fresco e seco, protegidas da luz solar direta, tal como as\u00a0<a href=\"https:\/\/www.safinel.fr\/pt\/product-2\/capsulas-de-falso-unicornio\/\"><strong>c\u00e1psulas de falso unic\u00f3rnio<\/strong><\/a>\u2026<\/p>\n<p>Certifique-se de fechar bem o frasco ap\u00f3s cada utiliza\u00e7\u00e3o.<\/p>","protected":false},"excerpt":{"rendered":"<p><strong>Recomenda\u00e7\u00f5es:<\/strong><\/p>\n<ul>\n<li>Aproveite os benef\u00edcios do p\u00f3len de palmeira em c\u00e1psulas para maior facilidade.<\/li>\n<li>As c\u00e1psulas s\u00e3o fornecidas em sacos kraft recicl\u00e1veis e reutiliz\u00e1veis, ecologicamente respons\u00e1veis.<\/li>\n<li>Tomar 2 c\u00e1psulas de manh\u00e3, em jejum.<\/li>\n<\/ul>\n<p><img decoding=\"async\" class=\"size-full wp-image-5091 aligncenter\" src=\"https:\/\/www.safinel.fr\/wp-content\/uploads\/2021\/06\/BANNIERE-ICONE-SAFINEL.webp\" alt=\"resseguro satinado\" width=\"800\" height=\"200\" srcset=\"https:\/\/www.safinel.fr\/wp-content\/uploads\/2021\/06\/BANNIERE-ICONE-SAFINEL.webp 800w, https:\/\/www.safinel.fr\/wp-content\/uploads\/2021\/06\/BANNIERE-ICONE-SAFINEL-600x150.webp 600w, https:\/\/www.safinel.fr\/wp-content\/uploads\/2021\/06\/BANNIERE-ICONE-SAFINEL-768x192.webp 768w\" sizes=\"(max-width: 800px) 100vw, 800px\" \/><\/p>","protected":false},"featured_media":2317,"template":"","meta":[],"product_brand":[],"product_cat":[15],"product_tag":[],"class_list":{"0":"post-2314","1":"product","2":"type-product","3":"status-publish","4":"has-post-thumbnail","6":"product_cat-fertilite","8":"first","9":"outofstock","10":"shipping-taxable","11":"purchasable","12":"product-type-variable"},"yoast_head":"<!-- This site is optimized with the Yoast SEO plugin v26.6 - https:\/\/yoast.com\/wordpress\/plugins\/seo\/ -->\n<title>G\u00e9lules de pollen de palmier | Bienfaits nombreux pour la fertilit\u00e9<\/title>\n<meta name=\"description\" content=\"Connaissez-vous les\u00a0g\u00e9lules de pollen de palmier\u00a0? Si ce n\u2019est pas encore le cas, rassurez-vous nous allons vous en dire davantage !\" \/>\n<meta name=\"robots\" content=\"index, follow, max-snippet:-1, max-image-preview:large, max-video-preview:-1\" \/>\n<link rel=\"canonical\" href=\"https:\/\/www.safinel.fr\/pt\/product-2\/capsulas-de-polen-de-palmeira\/\" \/>\n<meta property=\"og:locale\" content=\"pt_PT\" \/>\n<meta property=\"og:type\" content=\"article\" \/>\n<meta property=\"og:title\" content=\"G\u00e9lules de pollen de palmier | Bienfaits nombreux pour la fertilit\u00e9\" \/>\n<meta property=\"og:description\" content=\"Connaissez-vous les\u00a0g\u00e9lules de pollen de palmier\u00a0? Si ce n\u2019est pas encore le cas, rassurez-vous nous allons vous en dire davantage !\" \/>\n<meta property=\"og:url\" content=\"https:\/\/www.safinel.fr\/pt\/product-2\/capsulas-de-polen-de-palmeira\/\" \/>\n<meta property=\"og:site_name\" content=\"Safinel\" \/>\n<meta property=\"article:modified_time\" content=\"2024-02-12T09:19:14+00:00\" \/>\n<meta property=\"og:image\" content=\"https:\/\/www.safinel.fr\/wp-content\/uploads\/2022\/08\/gelules-de-pollen-de-palmier.jpg\" \/>\n\t<meta property=\"og:image:width\" content=\"600\" \/>\n\t<meta property=\"og:image:height\" content=\"600\" \/>\n\t<meta property=\"og:image:type\" content=\"image\/jpeg\" \/>\n<meta name=\"twitter:card\" content=\"summary_large_image\" \/>\n<meta name=\"twitter:label1\" content=\"Tempo estimado de leitura\" \/>\n\t<meta name=\"twitter:data1\" content=\"2 minutos\" \/>\n<script type=\"application\/ld+json\" class=\"yoast-schema-graph\">{\"@context\":\"https:\/\/schema.org\",\"@graph\":[{\"@type\":\"WebPage\",\"@id\":\"https:\/\/www.safinel.fr\/produit\/gelules-de-pollen-de-palmier\/\",\"url\":\"https:\/\/www.safinel.fr\/produit\/gelules-de-pollen-de-palmier\/\",\"name\":\"G\u00e9lules de pollen de palmier | Bienfaits nombreux pour la fertilit\u00e9\",\"isPartOf\":{\"@id\":\"https:\/\/www.safinel.fr\/#website\"},\"primaryImageOfPage\":{\"@id\":\"https:\/\/www.safinel.fr\/produit\/gelules-de-pollen-de-palmier\/#primaryimage\"},\"image\":{\"@id\":\"https:\/\/www.safinel.fr\/produit\/gelules-de-pollen-de-palmier\/#primaryimage\"},\"thumbnailUrl\":\"https:\/\/www.safinel.fr\/wp-content\/uploads\/2022\/08\/gelules-de-pollen-de-palmier.jpg\",\"datePublished\":\"2022-08-23T19:58:06+00:00\",\"dateModified\":\"2024-02-12T09:19:14+00:00\",\"description\":\"Connaissez-vous les\u00a0g\u00e9lules de pollen de palmier\u00a0? Si ce n\u2019est pas encore le cas, rassurez-vous nous allons vous en dire davantage !\",\"breadcrumb\":{\"@id\":\"https:\/\/www.safinel.fr\/produit\/gelules-de-pollen-de-palmier\/#breadcrumb\"},\"inLanguage\":\"pt-PT\",\"potentialAction\":[{\"@type\":\"ReadAction\",\"target\":[\"https:\/\/www.safinel.fr\/produit\/gelules-de-pollen-de-palmier\/\"]}]},{\"@type\":\"ImageObject\",\"inLanguage\":\"pt-PT\",\"@id\":\"https:\/\/www.safinel.fr\/produit\/gelules-de-pollen-de-palmier\/#primaryimage\",\"url\":\"https:\/\/www.safinel.fr\/wp-content\/uploads\/2022\/08\/gelules-de-pollen-de-palmier.jpg\",\"contentUrl\":\"https:\/\/www.safinel.fr\/wp-content\/uploads\/2022\/08\/gelules-de-pollen-de-palmier.jpg\",\"width\":600,\"height\":600,\"caption\":\"G\u00e9lules de pollen de palmier\"},{\"@type\":\"BreadcrumbList\",\"@id\":\"https:\/\/www.safinel.fr\/produit\/gelules-de-pollen-de-palmier\/#breadcrumb\",\"itemListElement\":[{\"@type\":\"ListItem\",\"position\":1,\"name\":\"Accueil\",\"item\":\"https:\/\/www.safinel.fr\/\"},{\"@type\":\"ListItem\",\"position\":2,\"name\":\"Boutique\",\"item\":\"https:\/\/www.safinel.fr\/boutique\/\"},{\"@type\":\"ListItem\",\"position\":3,\"name\":\"G\u00e9lules de pollen de palmier\"}]},{\"@type\":\"WebSite\",\"@id\":\"https:\/\/www.safinel.fr\/#website\",\"url\":\"https:\/\/www.safinel.fr\/\",\"name\":\"Safinel\",\"description\":\"\",\"publisher\":{\"@id\":\"https:\/\/www.safinel.fr\/#organization\"},\"potentialAction\":[{\"@type\":\"SearchAction\",\"target\":{\"@type\":\"EntryPoint\",\"urlTemplate\":\"https:\/\/www.safinel.fr\/?s={search_term_string}\"},\"query-input\":{\"@type\":\"PropertyValueSpecification\",\"valueRequired\":true,\"valueName\":\"search_term_string\"}}],\"inLanguage\":\"pt-PT\"},{\"@type\":\"Organization\",\"@id\":\"https:\/\/www.safinel.fr\/#organization\",\"name\":\"Safinel\",\"url\":\"https:\/\/www.safinel.fr\/\",\"logo\":{\"@type\":\"ImageObject\",\"inLanguage\":\"pt-PT\",\"@id\":\"https:\/\/www.safinel.fr\/#\/schema\/logo\/image\/\",\"url\":\"https:\/\/www.safinel.fr\/wp-content\/uploads\/2021\/05\/boutique-cosmetique.png\",\"contentUrl\":\"https:\/\/www.safinel.fr\/wp-content\/uploads\/2021\/05\/boutique-cosmetique.png\",\"width\":800,\"height\":200,\"caption\":\"Safinel\"},\"image\":{\"@id\":\"https:\/\/www.safinel.fr\/#\/schema\/logo\/image\/\"}}]}<\/script>\n<!-- \/ Yoast SEO plugin. -->","yoast_head_json":{"title":"C\u00e1psulas de p\u00f3len de palmeira | In\u00fameros benef\u00edcios para a fertilidade","description":"Conhece as c\u00e1psulas de p\u00f3len de palmeira? Se ainda n\u00e3o, n\u00e3o se preocupe, vamos contar-lhe mais sobre elas!","robots":{"index":"index","follow":"follow","max-snippet":"max-snippet:-1","max-image-preview":"max-image-preview:large","max-video-preview":"max-video-preview:-1"},"canonical":"https:\/\/www.safinel.fr\/pt\/product-2\/capsulas-de-polen-de-palmeira\/","og_locale":"pt_PT","og_type":"article","og_title":"G\u00e9lules de pollen de palmier | Bienfaits nombreux pour la fertilit\u00e9","og_description":"Connaissez-vous les\u00a0g\u00e9lules de pollen de palmier\u00a0? Si ce n\u2019est pas encore le cas, rassurez-vous nous allons vous en dire davantage !","og_url":"https:\/\/www.safinel.fr\/pt\/product-2\/capsulas-de-polen-de-palmeira\/","og_site_name":"Safinel","article_modified_time":"2024-02-12T09:19:14+00:00","og_image":[{"width":600,"height":600,"url":"https:\/\/www.safinel.fr\/wp-content\/uploads\/2022\/08\/gelules-de-pollen-de-palmier.jpg","type":"image\/jpeg"}],"twitter_card":"summary_large_image","twitter_misc":{"Tempo estimado de leitura":"2 minutos"},"schema":{"@context":"https:\/\/schema.org","@graph":[{"@type":"WebPage","@id":"https:\/\/www.safinel.fr\/produit\/gelules-de-pollen-de-palmier\/","url":"https:\/\/www.safinel.fr\/produit\/gelules-de-pollen-de-palmier\/","name":"C\u00e1psulas de p\u00f3len de palmeira | In\u00fameros benef\u00edcios para a fertilidade","isPartOf":{"@id":"https:\/\/www.safinel.fr\/#website"},"primaryImageOfPage":{"@id":"https:\/\/www.safinel.fr\/produit\/gelules-de-pollen-de-palmier\/#primaryimage"},"image":{"@id":"https:\/\/www.safinel.fr\/produit\/gelules-de-pollen-de-palmier\/#primaryimage"},"thumbnailUrl":"https:\/\/www.safinel.fr\/wp-content\/uploads\/2022\/08\/gelules-de-pollen-de-palmier.jpg","datePublished":"2022-08-23T19:58:06+00:00","dateModified":"2024-02-12T09:19:14+00:00","description":"Conhece as c\u00e1psulas de p\u00f3len de palmeira? Se ainda n\u00e3o, n\u00e3o se preocupe, vamos contar-lhe mais sobre elas!","breadcrumb":{"@id":"https:\/\/www.safinel.fr\/produit\/gelules-de-pollen-de-palmier\/#breadcrumb"},"inLanguage":"pt-PT","potentialAction":[{"@type":"ReadAction","target":["https:\/\/www.safinel.fr\/produit\/gelules-de-pollen-de-palmier\/"]}]},{"@type":"ImageObject","inLanguage":"pt-PT","@id":"https:\/\/www.safinel.fr\/produit\/gelules-de-pollen-de-palmier\/#primaryimage","url":"https:\/\/www.safinel.fr\/wp-content\/uploads\/2022\/08\/gelules-de-pollen-de-palmier.jpg","contentUrl":"https:\/\/www.safinel.fr\/wp-content\/uploads\/2022\/08\/gelules-de-pollen-de-palmier.jpg","width":600,"height":600,"caption":"G\u00e9lules de pollen de palmier"},{"@type":"BreadcrumbList","@id":"https:\/\/www.safinel.fr\/produit\/gelules-de-pollen-de-palmier\/#breadcrumb","itemListElement":[{"@type":"ListItem","position":1,"name":"Accueil","item":"https:\/\/www.safinel.fr\/"},{"@type":"ListItem","position":2,"name":"Boutique","item":"https:\/\/www.safinel.fr\/boutique\/"},{"@type":"ListItem","position":3,"name":"G\u00e9lules de pollen de palmier"}]},{"@type":"WebSite","@id":"https:\/\/www.safinel.fr\/#website","url":"https:\/\/www.safinel.fr\/","name":"Safinel","description":"","publisher":{"@id":"https:\/\/www.safinel.fr\/#organization"},"potentialAction":[{"@type":"SearchAction","target":{"@type":"EntryPoint","urlTemplate":"https:\/\/www.safinel.fr\/?s={search_term_string}"},"query-input":{"@type":"PropertyValueSpecification","valueRequired":true,"valueName":"search_term_string"}}],"inLanguage":"pt-PT"},{"@type":"Organization","@id":"https:\/\/www.safinel.fr\/#organization","name":"Safinel","url":"https:\/\/www.safinel.fr\/","logo":{"@type":"ImageObject","inLanguage":"pt-PT","@id":"https:\/\/www.safinel.fr\/#\/schema\/logo\/image\/","url":"https:\/\/www.safinel.fr\/wp-content\/uploads\/2021\/05\/boutique-cosmetique.png","contentUrl":"https:\/\/www.safinel.fr\/wp-content\/uploads\/2021\/05\/boutique-cosmetique.png","width":800,"height":200,"caption":"Safinel"},"image":{"@id":"https:\/\/www.safinel.fr\/#\/schema\/logo\/image\/"}}]}},"_links":{"self":[{"href":"https:\/\/www.safinel.fr\/pt\/wp-json\/wp\/v2\/product\/2314","targetHints":{"allow":["GET"]}}],"collection":[{"href":"https:\/\/www.safinel.fr\/pt\/wp-json\/wp\/v2\/product"}],"about":[{"href":"https:\/\/www.safinel.fr\/pt\/wp-json\/wp\/v2\/types\/product"}],"wp:featuredmedia":[{"embeddable":true,"href":"https:\/\/www.safinel.fr\/pt\/wp-json\/wp\/v2\/media\/2317"}],"wp:attachment":[{"href":"https:\/\/www.safinel.fr\/pt\/wp-json\/wp\/v2\/media?parent=2314"}],"wp:term":[{"taxonomy":"product_brand","embeddable":true,"href":"https:\/\/www.safinel.fr\/pt\/wp-json\/wp\/v2\/product_brand?post=2314"},{"taxonomy":"product_cat","embeddable":true,"href":"https:\/\/www.safinel.fr\/pt\/wp-json\/wp\/v2\/product_cat?post=2314"},{"taxonomy":"product_tag","embeddable":true,"href":"https:\/\/www.safinel.fr\/pt\/wp-json\/wp\/v2\/product_tag?post=2314"}],"curies":[{"name":"wp","href":"https:\/\/api.w.org\/{rel}","templated":true}]}}