{"id":2281,"date":"2022-08-22T13:56:43","date_gmt":"2022-08-22T13:56:43","guid":{"rendered":"https:\/\/www.safinel.fr\/?post_type=product&#038;p=2281"},"modified":"2024-02-21T10:58:37","modified_gmt":"2024-02-21T10:58:37","slug":"agripalma","status":"publish","type":"product","link":"https:\/\/www.safinel.fr\/pt\/product-2\/agripalma\/","title":{"rendered":"Sementes de agnocasto 100 g"},"content":{"rendered":"<p>O gattilier Vitex agnus-castus \u00e9 um produto natural que existe h\u00e1 mais de dois mil\u00e9nios. J\u00e1 na Idade M\u00e9dia, era muito utilizado para diversos fins. A sua popularidade s\u00f3 aumentou com o tempo. Pode ser encontrado em v\u00e1rios centros comerciais, em diversas formas, todas elas diferentes umas das outras. Descubra os diferentes efeitos deste produto, bem como a sua origem.<\/p>\n<h2><strong>Apresenta\u00e7\u00e3o do agnocasto<\/strong><\/h2>\n<p>O gattilier \u00e9 um arbusto arom\u00e1tico que faz parte da fam\u00edlia das verben\u00e1ceas. Existem v\u00e1rios extratos e a sua forma mais comum \u00e9 a semente de gattilier. Trata-se de uma planta centen\u00e1ria presente na Europa, mais precisamente em Fran\u00e7a. Por outro lado, em estado selvagem, pode ser encontrada em Marrocos, Portugal, Tun\u00edsia e v\u00e1rios outros pa\u00edses.<\/p>\n<p>O agnocasto \u00e9 um arbusto de folha caduca com 2 a 3 metros de altura na Europa. No Magrebe, esta planta pode atingir 5 a 6 metros de altura. As flores que produz s\u00e3o azul-viol\u00e1ceas e os frutos s\u00e3o cinzentos escuros. Assemelham-se a gr\u00e3os de pimenta.<\/p>\n<h2><strong>As origens do gattilier<\/strong><\/h2>\n<p>Tamb\u00e9m conhecido como Vitex agnus, a origem do gattilier remonta a cerca de 2000 anos. Foi nessa \u00e9poca que as suas propriedades medicinais foram reconhecidas. As sementes de Vitex agnus-castus eram usadas para fazer uma bebida quente para acalmar a libido. Isso lhe rendeu o nome de \u00abpimenta dos monges\u00bb.<\/p>\n<p>Com o tempo, os nomes usados para designar a semente de agnocasto multiplicaram-se, assim como os seus usos. O produto que, inicialmente, era usado exclusivamente pelos homens passou a ser usado tamb\u00e9m pelas mulheres. Em 1943, uma empresa alem\u00e3 desenvolveu um extrato de bagas de agnocasto que, em 1950, seria padronizado para tratar a mastalgia.<\/p>\n<h2><strong>Os benef\u00edcios do gattilier Vitex agnus-castus<\/strong><\/h2>\n<p>O gattilier \u00e9 uma planta natural com in\u00fameros benef\u00edcios, especialmente para as mulheres. \u00c9 certo que o seu poder como calmante da libido masculina nunca foi comprovado cientificamente. No entanto, como tratamento para dist\u00farbios femininos, isso foi comprovado.<\/p>\n<p><strong>Mastalgia: <\/strong>A mastalgia \u00e9 uma dor intensa nos seios que pode ser causada por uma les\u00e3o, gravidez, amamenta\u00e7\u00e3o ou uso de suti\u00e3 muito apertado. Pode usar o Vitex agnus-castus para aliviar essa dor. O extrato de gattilier usado neste caso \u00e9 o Mastodynon, uma baga seca.<\/p>\n<p><strong>Menopausa: <\/strong>O gattilier tamb\u00e9m \u00e9 utilizado como tratamento experimental para atenuar certos sintomas da menopausa. V\u00e1rios laborat\u00f3rios utilizam-no para completar a composi\u00e7\u00e3o dos seus produtos antienvelhecimento. Nomeadamente, combinando o gattilier com o hiperic\u00e3o. Trata-se, no entanto, de uma iniciativa recente cuja efic\u00e1cia ainda n\u00e3o foi comprovada.<\/p>\n<h3><strong>Dist\u00farbios do ciclo menstrual<\/strong><\/h3>\n<p>H\u00e1 milhares e milhares de anos, muitas mulheres em todo o mundo sofrem de\u2019<a href=\"https:\/\/www.safinel.fr\/pt\/product-2\/cha-regulador-do-ciclo-menstrual\/\"><strong>irregularidade do ciclo menstrual<\/strong><\/a>. A Organiza\u00e7\u00e3o Mundial da Sa\u00fade (OMS) e a Comiss\u00e3o E reconhecem os benef\u00edcios do gattilier para combater esses sintomas. Ele tamb\u00e9m \u00e9 utilizado como m\u00e9todo para aliviar os sintomas da s\u00edndrome pr\u00e9-menstrual.<\/p>\n<p>Em suma, as virtudes do Vitex agnus-castus s\u00e3o numerosas. Pode at\u00e9 tratar problemas de fertilidade feminina. Tudo depende da dosagem. Dependendo desse fator, a planta \u00e9 considerada ora afrodis\u00edaca, ora anafrodis\u00edaca. As contraindica\u00e7\u00f5es deste produto tamb\u00e9m s\u00e3o numerosas. Portanto, certifique-se de falar primeiro com o seu m\u00e9dico antes de tom\u00e1-lo.<\/p>","protected":false},"excerpt":{"rendered":"<p><strong>Caracter\u00edsticas:\u00a0<\/strong><\/p>\n<div class=\"product-short-description\">\n<p>100 gramas permitem preparar mais de 35 ch\u00e1venas de ch\u00e1 de 250 ml.<\/p>\n<\/div>","protected":false},"featured_media":2282,"template":"","meta":[],"product_brand":[],"product_cat":[15,27],"product_tag":[],"class_list":{"0":"post-2281","1":"product","2":"type-product","3":"status-publish","4":"has-post-thumbnail","6":"product_cat-fertilite","7":"product_cat-plantes-medicinales","9":"first","10":"instock","11":"shipping-taxable","12":"purchasable","13":"product-type-simple"},"yoast_head":"<!-- This site is optimized with the Yoast SEO plugin v26.6 - https:\/\/yoast.com\/wordpress\/plugins\/seo\/ -->\n<title>Gattilier I Vitex agnus-castus I Bienfaits nombreux<\/title>\n<meta name=\"description\" content=\"Le gattilier est un produit naturel qui existe depuis plus de deux mill\u00e9naires. D\u00e9j\u00e0 au Moyen \u00c2ge, il \u00e9tait tr\u00e8s utilis\u00e9 \u00e0 diverses fins.\" \/>\n<meta name=\"robots\" content=\"index, follow, max-snippet:-1, max-image-preview:large, max-video-preview:-1\" \/>\n<link rel=\"canonical\" href=\"https:\/\/www.safinel.fr\/pt\/product-2\/agripalma\/\" \/>\n<meta property=\"og:locale\" content=\"pt_PT\" \/>\n<meta property=\"og:type\" content=\"article\" \/>\n<meta property=\"og:title\" content=\"Gattilier I Vitex agnus-castus I Bienfaits nombreux\" \/>\n<meta property=\"og:description\" content=\"Le gattilier est un produit naturel qui existe depuis plus de deux mill\u00e9naires. D\u00e9j\u00e0 au Moyen \u00c2ge, il \u00e9tait tr\u00e8s utilis\u00e9 \u00e0 diverses fins.\" \/>\n<meta property=\"og:url\" content=\"https:\/\/www.safinel.fr\/pt\/product-2\/agripalma\/\" \/>\n<meta property=\"og:site_name\" content=\"Safinel\" \/>\n<meta property=\"article:modified_time\" content=\"2024-02-21T10:58:37+00:00\" \/>\n<meta property=\"og:image\" content=\"https:\/\/www.safinel.fr\/wp-content\/uploads\/2022\/08\/Gattilier-Vitex-agnus-castus-graine.jpg\" \/>\n\t<meta property=\"og:image:width\" content=\"600\" \/>\n\t<meta property=\"og:image:height\" content=\"600\" \/>\n\t<meta property=\"og:image:type\" content=\"image\/jpeg\" \/>\n<meta name=\"twitter:card\" content=\"summary_large_image\" \/>\n<meta name=\"twitter:label1\" content=\"Tempo estimado de leitura\" \/>\n\t<meta name=\"twitter:data1\" content=\"3 minutos\" \/>\n<script type=\"application\/ld+json\" class=\"yoast-schema-graph\">{\"@context\":\"https:\/\/schema.org\",\"@graph\":[{\"@type\":\"WebPage\",\"@id\":\"https:\/\/www.safinel.fr\/produit\/gattilier\/\",\"url\":\"https:\/\/www.safinel.fr\/produit\/gattilier\/\",\"name\":\"Gattilier I Vitex agnus-castus I Bienfaits nombreux\",\"isPartOf\":{\"@id\":\"https:\/\/www.safinel.fr\/#website\"},\"primaryImageOfPage\":{\"@id\":\"https:\/\/www.safinel.fr\/produit\/gattilier\/#primaryimage\"},\"image\":{\"@id\":\"https:\/\/www.safinel.fr\/produit\/gattilier\/#primaryimage\"},\"thumbnailUrl\":\"https:\/\/www.safinel.fr\/wp-content\/uploads\/2022\/08\/Gattilier-Vitex-agnus-castus-graine.jpg\",\"datePublished\":\"2022-08-22T13:56:43+00:00\",\"dateModified\":\"2024-02-21T10:58:37+00:00\",\"description\":\"Le gattilier est un produit naturel qui existe depuis plus de deux mill\u00e9naires. D\u00e9j\u00e0 au Moyen \u00c2ge, il \u00e9tait tr\u00e8s utilis\u00e9 \u00e0 diverses fins.\",\"breadcrumb\":{\"@id\":\"https:\/\/www.safinel.fr\/produit\/gattilier\/#breadcrumb\"},\"inLanguage\":\"pt-PT\",\"potentialAction\":[{\"@type\":\"ReadAction\",\"target\":[\"https:\/\/www.safinel.fr\/produit\/gattilier\/\"]}]},{\"@type\":\"ImageObject\",\"inLanguage\":\"pt-PT\",\"@id\":\"https:\/\/www.safinel.fr\/produit\/gattilier\/#primaryimage\",\"url\":\"https:\/\/www.safinel.fr\/wp-content\/uploads\/2022\/08\/Gattilier-Vitex-agnus-castus-graine.jpg\",\"contentUrl\":\"https:\/\/www.safinel.fr\/wp-content\/uploads\/2022\/08\/Gattilier-Vitex-agnus-castus-graine.jpg\",\"width\":600,\"height\":600,\"caption\":\"Gattilier, Vitex agnus castus graine\"},{\"@type\":\"BreadcrumbList\",\"@id\":\"https:\/\/www.safinel.fr\/produit\/gattilier\/#breadcrumb\",\"itemListElement\":[{\"@type\":\"ListItem\",\"position\":1,\"name\":\"Accueil\",\"item\":\"https:\/\/www.safinel.fr\/\"},{\"@type\":\"ListItem\",\"position\":2,\"name\":\"Boutique\",\"item\":\"https:\/\/www.safinel.fr\/boutique\/\"},{\"@type\":\"ListItem\",\"position\":3,\"name\":\"Gattilier en graines 100g\"}]},{\"@type\":\"WebSite\",\"@id\":\"https:\/\/www.safinel.fr\/#website\",\"url\":\"https:\/\/www.safinel.fr\/\",\"name\":\"Safinel\",\"description\":\"\",\"publisher\":{\"@id\":\"https:\/\/www.safinel.fr\/#organization\"},\"potentialAction\":[{\"@type\":\"SearchAction\",\"target\":{\"@type\":\"EntryPoint\",\"urlTemplate\":\"https:\/\/www.safinel.fr\/?s={search_term_string}\"},\"query-input\":{\"@type\":\"PropertyValueSpecification\",\"valueRequired\":true,\"valueName\":\"search_term_string\"}}],\"inLanguage\":\"pt-PT\"},{\"@type\":\"Organization\",\"@id\":\"https:\/\/www.safinel.fr\/#organization\",\"name\":\"Safinel\",\"url\":\"https:\/\/www.safinel.fr\/\",\"logo\":{\"@type\":\"ImageObject\",\"inLanguage\":\"pt-PT\",\"@id\":\"https:\/\/www.safinel.fr\/#\/schema\/logo\/image\/\",\"url\":\"https:\/\/www.safinel.fr\/wp-content\/uploads\/2021\/05\/boutique-cosmetique.png\",\"contentUrl\":\"https:\/\/www.safinel.fr\/wp-content\/uploads\/2021\/05\/boutique-cosmetique.png\",\"width\":800,\"height\":200,\"caption\":\"Safinel\"},\"image\":{\"@id\":\"https:\/\/www.safinel.fr\/#\/schema\/logo\/image\/\"}}]}<\/script>\n<!-- \/ Yoast SEO plugin. -->","yoast_head_json":{"title":"Gattilier I Vitex agnus-castus I In\u00fameros benef\u00edcios","description":"O gattilier \u00e9 um produto natural que existe h\u00e1 mais de dois mil\u00e9nios. J\u00e1 na Idade M\u00e9dia, era muito utilizado para diversos fins.","robots":{"index":"index","follow":"follow","max-snippet":"max-snippet:-1","max-image-preview":"max-image-preview:large","max-video-preview":"max-video-preview:-1"},"canonical":"https:\/\/www.safinel.fr\/pt\/product-2\/agripalma\/","og_locale":"pt_PT","og_type":"article","og_title":"Gattilier I Vitex agnus-castus I Bienfaits nombreux","og_description":"Le gattilier est un produit naturel qui existe depuis plus de deux mill\u00e9naires. D\u00e9j\u00e0 au Moyen \u00c2ge, il \u00e9tait tr\u00e8s utilis\u00e9 \u00e0 diverses fins.","og_url":"https:\/\/www.safinel.fr\/pt\/product-2\/agripalma\/","og_site_name":"Safinel","article_modified_time":"2024-02-21T10:58:37+00:00","og_image":[{"width":600,"height":600,"url":"https:\/\/www.safinel.fr\/wp-content\/uploads\/2022\/08\/Gattilier-Vitex-agnus-castus-graine.jpg","type":"image\/jpeg"}],"twitter_card":"summary_large_image","twitter_misc":{"Tempo estimado de leitura":"3 minutos"},"schema":{"@context":"https:\/\/schema.org","@graph":[{"@type":"WebPage","@id":"https:\/\/www.safinel.fr\/produit\/gattilier\/","url":"https:\/\/www.safinel.fr\/produit\/gattilier\/","name":"Gattilier I Vitex agnus-castus I In\u00fameros benef\u00edcios","isPartOf":{"@id":"https:\/\/www.safinel.fr\/#website"},"primaryImageOfPage":{"@id":"https:\/\/www.safinel.fr\/produit\/gattilier\/#primaryimage"},"image":{"@id":"https:\/\/www.safinel.fr\/produit\/gattilier\/#primaryimage"},"thumbnailUrl":"https:\/\/www.safinel.fr\/wp-content\/uploads\/2022\/08\/Gattilier-Vitex-agnus-castus-graine.jpg","datePublished":"2022-08-22T13:56:43+00:00","dateModified":"2024-02-21T10:58:37+00:00","description":"O gattilier \u00e9 um produto natural que existe h\u00e1 mais de dois mil\u00e9nios. J\u00e1 na Idade M\u00e9dia, era muito utilizado para diversos fins.","breadcrumb":{"@id":"https:\/\/www.safinel.fr\/produit\/gattilier\/#breadcrumb"},"inLanguage":"pt-PT","potentialAction":[{"@type":"ReadAction","target":["https:\/\/www.safinel.fr\/produit\/gattilier\/"]}]},{"@type":"ImageObject","inLanguage":"pt-PT","@id":"https:\/\/www.safinel.fr\/produit\/gattilier\/#primaryimage","url":"https:\/\/www.safinel.fr\/wp-content\/uploads\/2022\/08\/Gattilier-Vitex-agnus-castus-graine.jpg","contentUrl":"https:\/\/www.safinel.fr\/wp-content\/uploads\/2022\/08\/Gattilier-Vitex-agnus-castus-graine.jpg","width":600,"height":600,"caption":"Gattilier, Vitex agnus castus graine"},{"@type":"BreadcrumbList","@id":"https:\/\/www.safinel.fr\/produit\/gattilier\/#breadcrumb","itemListElement":[{"@type":"ListItem","position":1,"name":"Accueil","item":"https:\/\/www.safinel.fr\/"},{"@type":"ListItem","position":2,"name":"Boutique","item":"https:\/\/www.safinel.fr\/boutique\/"},{"@type":"ListItem","position":3,"name":"Gattilier en graines 100g"}]},{"@type":"WebSite","@id":"https:\/\/www.safinel.fr\/#website","url":"https:\/\/www.safinel.fr\/","name":"Safinel","description":"","publisher":{"@id":"https:\/\/www.safinel.fr\/#organization"},"potentialAction":[{"@type":"SearchAction","target":{"@type":"EntryPoint","urlTemplate":"https:\/\/www.safinel.fr\/?s={search_term_string}"},"query-input":{"@type":"PropertyValueSpecification","valueRequired":true,"valueName":"search_term_string"}}],"inLanguage":"pt-PT"},{"@type":"Organization","@id":"https:\/\/www.safinel.fr\/#organization","name":"Safinel","url":"https:\/\/www.safinel.fr\/","logo":{"@type":"ImageObject","inLanguage":"pt-PT","@id":"https:\/\/www.safinel.fr\/#\/schema\/logo\/image\/","url":"https:\/\/www.safinel.fr\/wp-content\/uploads\/2021\/05\/boutique-cosmetique.png","contentUrl":"https:\/\/www.safinel.fr\/wp-content\/uploads\/2021\/05\/boutique-cosmetique.png","width":800,"height":200,"caption":"Safinel"},"image":{"@id":"https:\/\/www.safinel.fr\/#\/schema\/logo\/image\/"}}]}},"_links":{"self":[{"href":"https:\/\/www.safinel.fr\/pt\/wp-json\/wp\/v2\/product\/2281","targetHints":{"allow":["GET"]}}],"collection":[{"href":"https:\/\/www.safinel.fr\/pt\/wp-json\/wp\/v2\/product"}],"about":[{"href":"https:\/\/www.safinel.fr\/pt\/wp-json\/wp\/v2\/types\/product"}],"wp:featuredmedia":[{"embeddable":true,"href":"https:\/\/www.safinel.fr\/pt\/wp-json\/wp\/v2\/media\/2282"}],"wp:attachment":[{"href":"https:\/\/www.safinel.fr\/pt\/wp-json\/wp\/v2\/media?parent=2281"}],"wp:term":[{"taxonomy":"product_brand","embeddable":true,"href":"https:\/\/www.safinel.fr\/pt\/wp-json\/wp\/v2\/product_brand?post=2281"},{"taxonomy":"product_cat","embeddable":true,"href":"https:\/\/www.safinel.fr\/pt\/wp-json\/wp\/v2\/product_cat?post=2281"},{"taxonomy":"product_tag","embeddable":true,"href":"https:\/\/www.safinel.fr\/pt\/wp-json\/wp\/v2\/product_tag?post=2281"}],"curies":[{"name":"wp","href":"https:\/\/api.w.org\/{rel}","templated":true}]}}