{"id":2280,"date":"2022-08-22T14:01:16","date_gmt":"2022-08-22T14:01:16","guid":{"rendered":"https:\/\/www.safinel.fr\/?post_type=product&#038;p=2280"},"modified":"2024-02-21T10:58:11","modified_gmt":"2024-02-21T10:58:11","slug":"cha-de-ervas-para-fertilidade-com-4-plantas","status":"publish","type":"product","link":"https:\/\/www.safinel.fr\/pt\/product-2\/cha-de-ervas-para-fertilidade-com-4-plantas\/","title":{"rendered":"Ch\u00e1 de ervas para fertilidade + (4 plantas)"},"content":{"rendered":"<p><strong>Conselhos de utiliza\u00e7\u00e3o:<\/strong><\/p>\n<p>Idealmente, aque\u00e7a 1,5 litros de \u00e1gua  e adicione 20 g da prepara\u00e7\u00e3o, para garantir que todas as  plantas estejam na sua infus\u00e3o, e deixe em infus\u00e3o por cerca de dez minutos ou mais. Tome uma ch\u00e1vena de manh\u00e3, em jejum, e outra \u00e0 noite, antes de dormir.<\/p>","protected":false},"excerpt":{"rendered":"<p><strong>Caracter\u00edsticas:<\/strong><\/p>\n<ul>\n<li>100 g<\/li>\n<li>Cerca de 30 infus\u00f5es (15 dias)<\/li>\n<li>Ingredientes na ordem de composi\u00e7\u00e3o: Trevo vermelho + framboesa + gattilier + rosa de Jeric\u00f3 (chajarat mariam)<\/li>\n<li>Prever 2 saquinhos para uma cura<\/li>\n<li>Conservar em local fresco, seco e protegido da luz.<\/li>\n<\/ul>","protected":false},"featured_media":2283,"template":"","meta":[],"product_brand":[],"product_cat":[15,27,19],"product_tag":[],"class_list":{"0":"post-2280","1":"product","2":"type-product","3":"status-publish","4":"has-post-thumbnail","6":"product_cat-fertilite","7":"product_cat-plantes-medicinales","8":"product_cat-thes-tisanes","10":"first","11":"instock","12":"shipping-taxable","13":"purchasable","14":"product-type-simple"},"yoast_head":"<!-- This site is optimized with the Yoast SEO plugin v26.6 - https:\/\/yoast.com\/wordpress\/plugins\/seo\/ -->\n<title>Tisane fertilit\u00e9 + (4 plantes) - Safinel<\/title>\n<meta name=\"robots\" content=\"index, follow, max-snippet:-1, max-image-preview:large, max-video-preview:-1\" \/>\n<link rel=\"canonical\" href=\"https:\/\/www.safinel.fr\/pt\/product-2\/cha-de-ervas-para-fertilidade-com-4-plantas\/\" \/>\n<meta property=\"og:locale\" content=\"pt_PT\" \/>\n<meta property=\"og:type\" content=\"article\" \/>\n<meta property=\"og:title\" content=\"Tisane fertilit\u00e9 + (4 plantes) - Safinel\" \/>\n<meta property=\"og:description\" content=\"Caract\u00e9ristiques :   100g  Environ 30 tisanes (15 jours)  Ingr\u00e9dient dans l\u2019ordre de composition : Tr\u00e8fle rouge\u00a0 + framboisier\u00a0 + gattilier + rose de J\u00e9richo (chajarat mariam)  Pr\u00e9voir 2 sachets pour une cure  \u00c0 conserver au frais, au sec et \u00e0 l\u2019abri de la lumi\u00e8re\" \/>\n<meta property=\"og:url\" content=\"https:\/\/www.safinel.fr\/pt\/product-2\/cha-de-ervas-para-fertilidade-com-4-plantas\/\" \/>\n<meta property=\"og:site_name\" content=\"Safinel\" \/>\n<meta property=\"article:modified_time\" content=\"2024-02-21T10:58:11+00:00\" \/>\n<meta property=\"og:image\" content=\"https:\/\/www.safinel.fr\/wp-content\/uploads\/2022\/08\/tisane-fertilite-4-plantes.jpg\" \/>\n\t<meta property=\"og:image:width\" content=\"600\" \/>\n\t<meta property=\"og:image:height\" content=\"600\" \/>\n\t<meta property=\"og:image:type\" content=\"image\/jpeg\" \/>\n<meta name=\"twitter:card\" content=\"summary_large_image\" \/>\n<script type=\"application\/ld+json\" class=\"yoast-schema-graph\">{\"@context\":\"https:\/\/schema.org\",\"@graph\":[{\"@type\":\"WebPage\",\"@id\":\"https:\/\/www.safinel.fr\/produit\/tisane-fertilite-4-plantes\/\",\"url\":\"https:\/\/www.safinel.fr\/produit\/tisane-fertilite-4-plantes\/\",\"name\":\"Tisane fertilit\u00e9 + (4 plantes) - Safinel\",\"isPartOf\":{\"@id\":\"https:\/\/www.safinel.fr\/#website\"},\"primaryImageOfPage\":{\"@id\":\"https:\/\/www.safinel.fr\/produit\/tisane-fertilite-4-plantes\/#primaryimage\"},\"image\":{\"@id\":\"https:\/\/www.safinel.fr\/produit\/tisane-fertilite-4-plantes\/#primaryimage\"},\"thumbnailUrl\":\"https:\/\/www.safinel.fr\/wp-content\/uploads\/2022\/08\/tisane-fertilite-4-plantes.jpg\",\"datePublished\":\"2022-08-22T14:01:16+00:00\",\"dateModified\":\"2024-02-21T10:58:11+00:00\",\"breadcrumb\":{\"@id\":\"https:\/\/www.safinel.fr\/produit\/tisane-fertilite-4-plantes\/#breadcrumb\"},\"inLanguage\":\"pt-PT\",\"potentialAction\":[{\"@type\":\"ReadAction\",\"target\":[\"https:\/\/www.safinel.fr\/produit\/tisane-fertilite-4-plantes\/\"]}]},{\"@type\":\"ImageObject\",\"inLanguage\":\"pt-PT\",\"@id\":\"https:\/\/www.safinel.fr\/produit\/tisane-fertilite-4-plantes\/#primaryimage\",\"url\":\"https:\/\/www.safinel.fr\/wp-content\/uploads\/2022\/08\/tisane-fertilite-4-plantes.jpg\",\"contentUrl\":\"https:\/\/www.safinel.fr\/wp-content\/uploads\/2022\/08\/tisane-fertilite-4-plantes.jpg\",\"width\":600,\"height\":600,\"caption\":\"Tisane fertilit\u00e9 + (4 plantes)\"},{\"@type\":\"BreadcrumbList\",\"@id\":\"https:\/\/www.safinel.fr\/produit\/tisane-fertilite-4-plantes\/#breadcrumb\",\"itemListElement\":[{\"@type\":\"ListItem\",\"position\":1,\"name\":\"Accueil\",\"item\":\"https:\/\/www.safinel.fr\/\"},{\"@type\":\"ListItem\",\"position\":2,\"name\":\"Boutique\",\"item\":\"https:\/\/www.safinel.fr\/boutique\/\"},{\"@type\":\"ListItem\",\"position\":3,\"name\":\"Tisane fertilit\u00e9 + (4 plantes)\"}]},{\"@type\":\"WebSite\",\"@id\":\"https:\/\/www.safinel.fr\/#website\",\"url\":\"https:\/\/www.safinel.fr\/\",\"name\":\"Safinel\",\"description\":\"\",\"publisher\":{\"@id\":\"https:\/\/www.safinel.fr\/#organization\"},\"potentialAction\":[{\"@type\":\"SearchAction\",\"target\":{\"@type\":\"EntryPoint\",\"urlTemplate\":\"https:\/\/www.safinel.fr\/?s={search_term_string}\"},\"query-input\":{\"@type\":\"PropertyValueSpecification\",\"valueRequired\":true,\"valueName\":\"search_term_string\"}}],\"inLanguage\":\"pt-PT\"},{\"@type\":\"Organization\",\"@id\":\"https:\/\/www.safinel.fr\/#organization\",\"name\":\"Safinel\",\"url\":\"https:\/\/www.safinel.fr\/\",\"logo\":{\"@type\":\"ImageObject\",\"inLanguage\":\"pt-PT\",\"@id\":\"https:\/\/www.safinel.fr\/#\/schema\/logo\/image\/\",\"url\":\"https:\/\/www.safinel.fr\/wp-content\/uploads\/2021\/05\/boutique-cosmetique.png\",\"contentUrl\":\"https:\/\/www.safinel.fr\/wp-content\/uploads\/2021\/05\/boutique-cosmetique.png\",\"width\":800,\"height\":200,\"caption\":\"Safinel\"},\"image\":{\"@id\":\"https:\/\/www.safinel.fr\/#\/schema\/logo\/image\/\"}}]}<\/script>\n<!-- \/ Yoast SEO plugin. -->","yoast_head_json":{"title":"Ch\u00e1 de ervas para fertilidade + (4 plantas) - Safinel","robots":{"index":"index","follow":"follow","max-snippet":"max-snippet:-1","max-image-preview":"max-image-preview:large","max-video-preview":"max-video-preview:-1"},"canonical":"https:\/\/www.safinel.fr\/pt\/product-2\/cha-de-ervas-para-fertilidade-com-4-plantas\/","og_locale":"pt_PT","og_type":"article","og_title":"Tisane fertilit\u00e9 + (4 plantes) - Safinel","og_description":"Caract\u00e9ristiques :   100g  Environ 30 tisanes (15 jours)  Ingr\u00e9dient dans l\u2019ordre de composition : Tr\u00e8fle rouge\u00a0 + framboisier\u00a0 + gattilier + rose de J\u00e9richo (chajarat mariam)  Pr\u00e9voir 2 sachets pour une cure  \u00c0 conserver au frais, au sec et \u00e0 l\u2019abri de la lumi\u00e8re","og_url":"https:\/\/www.safinel.fr\/pt\/product-2\/cha-de-ervas-para-fertilidade-com-4-plantas\/","og_site_name":"Safinel","article_modified_time":"2024-02-21T10:58:11+00:00","og_image":[{"width":600,"height":600,"url":"https:\/\/www.safinel.fr\/wp-content\/uploads\/2022\/08\/tisane-fertilite-4-plantes.jpg","type":"image\/jpeg"}],"twitter_card":"summary_large_image","schema":{"@context":"https:\/\/schema.org","@graph":[{"@type":"WebPage","@id":"https:\/\/www.safinel.fr\/produit\/tisane-fertilite-4-plantes\/","url":"https:\/\/www.safinel.fr\/produit\/tisane-fertilite-4-plantes\/","name":"Ch\u00e1 de ervas para fertilidade + (4 plantas) - Safinel","isPartOf":{"@id":"https:\/\/www.safinel.fr\/#website"},"primaryImageOfPage":{"@id":"https:\/\/www.safinel.fr\/produit\/tisane-fertilite-4-plantes\/#primaryimage"},"image":{"@id":"https:\/\/www.safinel.fr\/produit\/tisane-fertilite-4-plantes\/#primaryimage"},"thumbnailUrl":"https:\/\/www.safinel.fr\/wp-content\/uploads\/2022\/08\/tisane-fertilite-4-plantes.jpg","datePublished":"2022-08-22T14:01:16+00:00","dateModified":"2024-02-21T10:58:11+00:00","breadcrumb":{"@id":"https:\/\/www.safinel.fr\/produit\/tisane-fertilite-4-plantes\/#breadcrumb"},"inLanguage":"pt-PT","potentialAction":[{"@type":"ReadAction","target":["https:\/\/www.safinel.fr\/produit\/tisane-fertilite-4-plantes\/"]}]},{"@type":"ImageObject","inLanguage":"pt-PT","@id":"https:\/\/www.safinel.fr\/produit\/tisane-fertilite-4-plantes\/#primaryimage","url":"https:\/\/www.safinel.fr\/wp-content\/uploads\/2022\/08\/tisane-fertilite-4-plantes.jpg","contentUrl":"https:\/\/www.safinel.fr\/wp-content\/uploads\/2022\/08\/tisane-fertilite-4-plantes.jpg","width":600,"height":600,"caption":"Tisane fertilit\u00e9 + (4 plantes)"},{"@type":"BreadcrumbList","@id":"https:\/\/www.safinel.fr\/produit\/tisane-fertilite-4-plantes\/#breadcrumb","itemListElement":[{"@type":"ListItem","position":1,"name":"Accueil","item":"https:\/\/www.safinel.fr\/"},{"@type":"ListItem","position":2,"name":"Boutique","item":"https:\/\/www.safinel.fr\/boutique\/"},{"@type":"ListItem","position":3,"name":"Tisane fertilit\u00e9 + (4 plantes)"}]},{"@type":"WebSite","@id":"https:\/\/www.safinel.fr\/#website","url":"https:\/\/www.safinel.fr\/","name":"Safinel","description":"","publisher":{"@id":"https:\/\/www.safinel.fr\/#organization"},"potentialAction":[{"@type":"SearchAction","target":{"@type":"EntryPoint","urlTemplate":"https:\/\/www.safinel.fr\/?s={search_term_string}"},"query-input":{"@type":"PropertyValueSpecification","valueRequired":true,"valueName":"search_term_string"}}],"inLanguage":"pt-PT"},{"@type":"Organization","@id":"https:\/\/www.safinel.fr\/#organization","name":"Safinel","url":"https:\/\/www.safinel.fr\/","logo":{"@type":"ImageObject","inLanguage":"pt-PT","@id":"https:\/\/www.safinel.fr\/#\/schema\/logo\/image\/","url":"https:\/\/www.safinel.fr\/wp-content\/uploads\/2021\/05\/boutique-cosmetique.png","contentUrl":"https:\/\/www.safinel.fr\/wp-content\/uploads\/2021\/05\/boutique-cosmetique.png","width":800,"height":200,"caption":"Safinel"},"image":{"@id":"https:\/\/www.safinel.fr\/#\/schema\/logo\/image\/"}}]}},"_links":{"self":[{"href":"https:\/\/www.safinel.fr\/pt\/wp-json\/wp\/v2\/product\/2280","targetHints":{"allow":["GET"]}}],"collection":[{"href":"https:\/\/www.safinel.fr\/pt\/wp-json\/wp\/v2\/product"}],"about":[{"href":"https:\/\/www.safinel.fr\/pt\/wp-json\/wp\/v2\/types\/product"}],"wp:featuredmedia":[{"embeddable":true,"href":"https:\/\/www.safinel.fr\/pt\/wp-json\/wp\/v2\/media\/2283"}],"wp:attachment":[{"href":"https:\/\/www.safinel.fr\/pt\/wp-json\/wp\/v2\/media?parent=2280"}],"wp:term":[{"taxonomy":"product_brand","embeddable":true,"href":"https:\/\/www.safinel.fr\/pt\/wp-json\/wp\/v2\/product_brand?post=2280"},{"taxonomy":"product_cat","embeddable":true,"href":"https:\/\/www.safinel.fr\/pt\/wp-json\/wp\/v2\/product_cat?post=2280"},{"taxonomy":"product_tag","embeddable":true,"href":"https:\/\/www.safinel.fr\/pt\/wp-json\/wp\/v2\/product_tag?post=2280"}],"curies":[{"name":"wp","href":"https:\/\/api.w.org\/{rel}","templated":true}]}}