{"id":2276,"date":"2022-08-22T11:04:42","date_gmt":"2022-08-22T11:04:42","guid":{"rendered":"https:\/\/www.safinel.fr\/?post_type=product&#038;p=2276"},"modified":"2023-12-30T12:31:18","modified_gmt":"2023-12-30T12:31:18","slug":"po-para-melhorar-a-fertilidade-feminina","status":"publish","type":"product","link":"https:\/\/www.safinel.fr\/pt\/product-2\/po-para-melhorar-a-fertilidade-feminina\/","title":{"rendered":"P\u00f3 para melhorar a fertilidade feminina"},"content":{"rendered":"<p><b>O p\u00f3 para melhorar a fertilidade feminina<\/b> \u00e9 uma mistura de v\u00e1rias plantas totalmente naturais. Consome-se como uma <b>ch\u00e1 contra a infertilidade,<\/b> e melhora as hip\u00f3teses de conceber um filho.<\/p>\n<h2><b>Descubra o p\u00f3 para melhorar a fertilidade feminina<span class=\"Apple-converted-space\">\u00a0<\/span><\/b><\/h2>\n<p>Esta infus\u00e3o para a fertilidade permite f<b>Promover o equil\u00edbrio hormonal<\/b>, gra\u00e7as \u00e0 presen\u00e7a de plantas conhecidas por essa utilidade. Este produto de bem-estar \u00e9 oferecido em saquinhos de 100 g, para que voc\u00ea possa desfrutar de v\u00e1rias infus\u00f5es.<span class=\"Apple-converted-space\">\u00a0<\/span><\/p>\n<p>Aproveite todas as suas oportunidades de conceber gra\u00e7as a produtos naturais.<span class=\"Apple-converted-space\">\u00a0<\/span><\/p>\n<p><b>Ingredientes:<\/b> Kigelia, maca, ginseng, outra mistura de plantas<span class=\"Apple-converted-space\">\u00a0<\/span><\/p>\n<p>Encontre tamb\u00e9m o <a href=\"https:\/\/www.safinel.fr\/pt\/product-2\/kigelia-africana\/\"><b>kigelia<\/b><\/a> bem como o <b>maca<\/b> vendido separadamente na nossa loja online.<span class=\"Apple-converted-space\">\u00a0<\/span><\/p>\n<p>Como consumi-la?<span class=\"Apple-converted-space\">\u00a0<\/span><\/p>\n<p>Basta infundir 1 colher de sopa da mistura de plantas numa ch\u00e1vena de \u00e1gua quente, durante 10 a 30 minutos. Consuma esta infus\u00e3o para fertilidade de manh\u00e3 e \u00e0 noite, durante pelo menos 1 semana, imediatamente antes do per\u00edodo de ovula\u00e7\u00e3o. Mas tamb\u00e9m durante esse per\u00edodo.<span class=\"Apple-converted-space\">\u00a0<\/span><\/p>\n<h2><b>Os benef\u00edcios do p\u00f3 para melhorar a fertilidade feminina<span class=\"Apple-converted-space\">\u00a0<\/span><\/b><\/h2>\n<p>Este p\u00f3 natural ben\u00e9fico para a fertilidade feminina cont\u00e9m plantas reconhecidas pela sua a\u00e7\u00e3o sobre problemas \u00edntimos.<span class=\"Apple-converted-space\">\u00a0Descubra abaixo uma ampla sele\u00e7\u00e3o de benef\u00edcios.<\/span><\/p>\n<ul>\n<li>Rico em estrog\u00e9nio, nomeadamente gra\u00e7as \u00e0 presen\u00e7a de kigelia<\/li>\n<li>Ajuda contra a falta de libido<span class=\"Apple-converted-space\">\u00a0<\/span><\/li>\n<li>Estimula a lacta\u00e7\u00e3o em mulheres que amamentam<span class=\"Apple-converted-space\">\u00a0<\/span><\/li>\n<li>Ajuda a prevenir o cancro da mama<span class=\"Apple-converted-space\">\u00a0<\/span><\/li>\n<li>Promove o espessamento da mucosa uterina<span class=\"Apple-converted-space\">\u00a0<\/span><\/li>\n<li>Efeito afrodis\u00edaco<span class=\"Apple-converted-space\">\u00a0<\/span><\/li>\n<li>Melhora o sistema end\u00f3crino<span class=\"Apple-converted-space\">\u00a0<\/span><\/li>\n<li>Promove o bom desenvolvimento do embri\u00e3o<\/li>\n<\/ul>\n<p><b>Veja tamb\u00e9m: <\/b>o <a href=\"https:\/\/www.safinel.fr\/pt\/product-category-2\/pacote-fertilidade\/\"><b>pacote fertilidade <\/b><\/a>que cont\u00e9m um pacote de rosa de Jeric\u00f3, gattilier, trevo vermelho e folhas de framboesa.<span class=\"Apple-converted-space\">\u00a0<\/span><\/p>\n<h3><b>Precau\u00e7\u00f5es<span class=\"Apple-converted-space\">\u00a0<\/span><\/b><\/h3>\n<p>\u00c9 importante saber que este dispositivo n\u00e3o \u00e9 um medicamento. Al\u00e9m disso, antes de consumir qualquer suplemento alimentar para engravidar, deve conhecer o seu estado de sa\u00fade. E, em particular, os problemas de fertilidade que tem.<span class=\"Apple-converted-space\">\u00a0<\/span><\/p>","protected":false},"excerpt":{"rendered":"<p><strong>Composi\u00e7\u00e3o:\u00a0<\/strong><\/p>\n<ul>\n<li>Kigelia<\/li>\n<li>Maca<\/li>\n<li>Ginseng<\/li>\n<li>Outras plantas muito eficazes<\/li>\n<\/ul>\n<p>&nbsp;<\/p>","protected":false},"featured_media":2277,"template":"","meta":[],"product_brand":[],"product_cat":[15],"product_tag":[],"class_list":{"0":"post-2276","1":"product","2":"type-product","3":"status-publish","4":"has-post-thumbnail","6":"product_cat-fertilite","8":"first","9":"outofstock","10":"shipping-taxable","11":"purchasable","12":"product-type-simple"},"yoast_head":"<!-- This site is optimized with the Yoast SEO plugin v26.6 - https:\/\/yoast.com\/wordpress\/plugins\/seo\/ -->\n<title>Poudre pour am\u00e9liorer la fertilit\u00e9 f\u00e9minine I 100% naturelle<\/title>\n<meta name=\"description\" content=\"La poudre pour am\u00e9liorer la fertilit\u00e9 f\u00e9minine est un m\u00e9lange de plusieurs plantes totalement naturelles. Adoptez-l\u00e0 sans plus attendre !\" \/>\n<meta name=\"robots\" content=\"index, follow, max-snippet:-1, max-image-preview:large, max-video-preview:-1\" \/>\n<link rel=\"canonical\" href=\"https:\/\/www.safinel.fr\/pt\/product-2\/po-para-melhorar-a-fertilidade-feminina\/\" \/>\n<meta property=\"og:locale\" content=\"pt_PT\" \/>\n<meta property=\"og:type\" content=\"article\" \/>\n<meta property=\"og:title\" content=\"Poudre pour am\u00e9liorer la fertilit\u00e9 f\u00e9minine I 100% naturelle\" \/>\n<meta property=\"og:description\" content=\"La poudre pour am\u00e9liorer la fertilit\u00e9 f\u00e9minine est un m\u00e9lange de plusieurs plantes totalement naturelles. Adoptez-l\u00e0 sans plus attendre !\" \/>\n<meta property=\"og:url\" content=\"https:\/\/www.safinel.fr\/pt\/product-2\/po-para-melhorar-a-fertilidade-feminina\/\" \/>\n<meta property=\"og:site_name\" content=\"Safinel\" \/>\n<meta property=\"article:modified_time\" content=\"2023-12-30T12:31:18+00:00\" \/>\n<meta property=\"og:image\" content=\"https:\/\/www.safinel.fr\/wp-content\/uploads\/2022\/08\/Poudre-pour-ame\u0301liorer-la-fertilite\u0301-feminine.jpg\" \/>\n\t<meta property=\"og:image:width\" content=\"600\" \/>\n\t<meta property=\"og:image:height\" content=\"600\" \/>\n\t<meta property=\"og:image:type\" content=\"image\/jpeg\" \/>\n<meta name=\"twitter:card\" content=\"summary_large_image\" \/>\n<meta name=\"twitter:label1\" content=\"Tempo estimado de leitura\" \/>\n\t<meta name=\"twitter:data1\" content=\"2 minutos\" \/>\n<script type=\"application\/ld+json\" class=\"yoast-schema-graph\">{\"@context\":\"https:\/\/schema.org\",\"@graph\":[{\"@type\":\"WebPage\",\"@id\":\"https:\/\/www.safinel.fr\/produit\/poudre-pour-ameliorer-la-fertilite-feminine\/\",\"url\":\"https:\/\/www.safinel.fr\/produit\/poudre-pour-ameliorer-la-fertilite-feminine\/\",\"name\":\"Poudre pour am\u00e9liorer la fertilit\u00e9 f\u00e9minine I 100% naturelle\",\"isPartOf\":{\"@id\":\"https:\/\/www.safinel.fr\/#website\"},\"primaryImageOfPage\":{\"@id\":\"https:\/\/www.safinel.fr\/produit\/poudre-pour-ameliorer-la-fertilite-feminine\/#primaryimage\"},\"image\":{\"@id\":\"https:\/\/www.safinel.fr\/produit\/poudre-pour-ameliorer-la-fertilite-feminine\/#primaryimage\"},\"thumbnailUrl\":\"https:\/\/www.safinel.fr\/wp-content\/uploads\/2022\/08\/Poudre-pour-ame\u0301liorer-la-fertilite\u0301-feminine.jpg\",\"datePublished\":\"2022-08-22T11:04:42+00:00\",\"dateModified\":\"2023-12-30T12:31:18+00:00\",\"description\":\"La poudre pour am\u00e9liorer la fertilit\u00e9 f\u00e9minine est un m\u00e9lange de plusieurs plantes totalement naturelles. Adoptez-l\u00e0 sans plus attendre !\",\"breadcrumb\":{\"@id\":\"https:\/\/www.safinel.fr\/produit\/poudre-pour-ameliorer-la-fertilite-feminine\/#breadcrumb\"},\"inLanguage\":\"pt-PT\",\"potentialAction\":[{\"@type\":\"ReadAction\",\"target\":[\"https:\/\/www.safinel.fr\/produit\/poudre-pour-ameliorer-la-fertilite-feminine\/\"]}]},{\"@type\":\"ImageObject\",\"inLanguage\":\"pt-PT\",\"@id\":\"https:\/\/www.safinel.fr\/produit\/poudre-pour-ameliorer-la-fertilite-feminine\/#primaryimage\",\"url\":\"https:\/\/www.safinel.fr\/wp-content\/uploads\/2022\/08\/Poudre-pour-ame\u0301liorer-la-fertilite\u0301-feminine.jpg\",\"contentUrl\":\"https:\/\/www.safinel.fr\/wp-content\/uploads\/2022\/08\/Poudre-pour-ame\u0301liorer-la-fertilite\u0301-feminine.jpg\",\"width\":600,\"height\":600,\"caption\":\"Poudre pour am\u00e9liorer la fertilit\u00e9 f\u00e9minine\"},{\"@type\":\"BreadcrumbList\",\"@id\":\"https:\/\/www.safinel.fr\/produit\/poudre-pour-ameliorer-la-fertilite-feminine\/#breadcrumb\",\"itemListElement\":[{\"@type\":\"ListItem\",\"position\":1,\"name\":\"Accueil\",\"item\":\"https:\/\/www.safinel.fr\/\"},{\"@type\":\"ListItem\",\"position\":2,\"name\":\"Boutique\",\"item\":\"https:\/\/www.safinel.fr\/boutique\/\"},{\"@type\":\"ListItem\",\"position\":3,\"name\":\"Poudre pour am\u00e9liorer la fertilit\u00e9 f\u00e9minine\"}]},{\"@type\":\"WebSite\",\"@id\":\"https:\/\/www.safinel.fr\/#website\",\"url\":\"https:\/\/www.safinel.fr\/\",\"name\":\"Safinel\",\"description\":\"\",\"publisher\":{\"@id\":\"https:\/\/www.safinel.fr\/#organization\"},\"potentialAction\":[{\"@type\":\"SearchAction\",\"target\":{\"@type\":\"EntryPoint\",\"urlTemplate\":\"https:\/\/www.safinel.fr\/?s={search_term_string}\"},\"query-input\":{\"@type\":\"PropertyValueSpecification\",\"valueRequired\":true,\"valueName\":\"search_term_string\"}}],\"inLanguage\":\"pt-PT\"},{\"@type\":\"Organization\",\"@id\":\"https:\/\/www.safinel.fr\/#organization\",\"name\":\"Safinel\",\"url\":\"https:\/\/www.safinel.fr\/\",\"logo\":{\"@type\":\"ImageObject\",\"inLanguage\":\"pt-PT\",\"@id\":\"https:\/\/www.safinel.fr\/#\/schema\/logo\/image\/\",\"url\":\"https:\/\/www.safinel.fr\/wp-content\/uploads\/2021\/05\/boutique-cosmetique.png\",\"contentUrl\":\"https:\/\/www.safinel.fr\/wp-content\/uploads\/2021\/05\/boutique-cosmetique.png\",\"width\":800,\"height\":200,\"caption\":\"Safinel\"},\"image\":{\"@id\":\"https:\/\/www.safinel.fr\/#\/schema\/logo\/image\/\"}}]}<\/script>\n<!-- \/ Yoast SEO plugin. -->","yoast_head_json":{"title":"P\u00f3 para melhorar a fertilidade feminina I 100% natural","description":"O p\u00f3 para melhorar a fertilidade feminina \u00e9 uma mistura de v\u00e1rias plantas totalmente naturais. Adote-o sem mais demora!","robots":{"index":"index","follow":"follow","max-snippet":"max-snippet:-1","max-image-preview":"max-image-preview:large","max-video-preview":"max-video-preview:-1"},"canonical":"https:\/\/www.safinel.fr\/pt\/product-2\/po-para-melhorar-a-fertilidade-feminina\/","og_locale":"pt_PT","og_type":"article","og_title":"Poudre pour am\u00e9liorer la fertilit\u00e9 f\u00e9minine I 100% naturelle","og_description":"La poudre pour am\u00e9liorer la fertilit\u00e9 f\u00e9minine est un m\u00e9lange de plusieurs plantes totalement naturelles. Adoptez-l\u00e0 sans plus attendre !","og_url":"https:\/\/www.safinel.fr\/pt\/product-2\/po-para-melhorar-a-fertilidade-feminina\/","og_site_name":"Safinel","article_modified_time":"2023-12-30T12:31:18+00:00","og_image":[{"width":600,"height":600,"url":"https:\/\/www.safinel.fr\/wp-content\/uploads\/2022\/08\/Poudre-pour-ame\u0301liorer-la-fertilite\u0301-feminine.jpg","type":"image\/jpeg"}],"twitter_card":"summary_large_image","twitter_misc":{"Tempo estimado de leitura":"2 minutos"},"schema":{"@context":"https:\/\/schema.org","@graph":[{"@type":"WebPage","@id":"https:\/\/www.safinel.fr\/produit\/poudre-pour-ameliorer-la-fertilite-feminine\/","url":"https:\/\/www.safinel.fr\/produit\/poudre-pour-ameliorer-la-fertilite-feminine\/","name":"P\u00f3 para melhorar a fertilidade feminina I 100% natural","isPartOf":{"@id":"https:\/\/www.safinel.fr\/#website"},"primaryImageOfPage":{"@id":"https:\/\/www.safinel.fr\/produit\/poudre-pour-ameliorer-la-fertilite-feminine\/#primaryimage"},"image":{"@id":"https:\/\/www.safinel.fr\/produit\/poudre-pour-ameliorer-la-fertilite-feminine\/#primaryimage"},"thumbnailUrl":"https:\/\/www.safinel.fr\/wp-content\/uploads\/2022\/08\/Poudre-pour-ame\u0301liorer-la-fertilite\u0301-feminine.jpg","datePublished":"2022-08-22T11:04:42+00:00","dateModified":"2023-12-30T12:31:18+00:00","description":"O p\u00f3 para melhorar a fertilidade feminina \u00e9 uma mistura de v\u00e1rias plantas totalmente naturais. Adote-o sem mais demora!","breadcrumb":{"@id":"https:\/\/www.safinel.fr\/produit\/poudre-pour-ameliorer-la-fertilite-feminine\/#breadcrumb"},"inLanguage":"pt-PT","potentialAction":[{"@type":"ReadAction","target":["https:\/\/www.safinel.fr\/produit\/poudre-pour-ameliorer-la-fertilite-feminine\/"]}]},{"@type":"ImageObject","inLanguage":"pt-PT","@id":"https:\/\/www.safinel.fr\/produit\/poudre-pour-ameliorer-la-fertilite-feminine\/#primaryimage","url":"https:\/\/www.safinel.fr\/wp-content\/uploads\/2022\/08\/Poudre-pour-ame\u0301liorer-la-fertilite\u0301-feminine.jpg","contentUrl":"https:\/\/www.safinel.fr\/wp-content\/uploads\/2022\/08\/Poudre-pour-ame\u0301liorer-la-fertilite\u0301-feminine.jpg","width":600,"height":600,"caption":"Poudre pour am\u00e9liorer la fertilit\u00e9 f\u00e9minine"},{"@type":"BreadcrumbList","@id":"https:\/\/www.safinel.fr\/produit\/poudre-pour-ameliorer-la-fertilite-feminine\/#breadcrumb","itemListElement":[{"@type":"ListItem","position":1,"name":"Accueil","item":"https:\/\/www.safinel.fr\/"},{"@type":"ListItem","position":2,"name":"Boutique","item":"https:\/\/www.safinel.fr\/boutique\/"},{"@type":"ListItem","position":3,"name":"Poudre pour am\u00e9liorer la fertilit\u00e9 f\u00e9minine"}]},{"@type":"WebSite","@id":"https:\/\/www.safinel.fr\/#website","url":"https:\/\/www.safinel.fr\/","name":"Safinel","description":"","publisher":{"@id":"https:\/\/www.safinel.fr\/#organization"},"potentialAction":[{"@type":"SearchAction","target":{"@type":"EntryPoint","urlTemplate":"https:\/\/www.safinel.fr\/?s={search_term_string}"},"query-input":{"@type":"PropertyValueSpecification","valueRequired":true,"valueName":"search_term_string"}}],"inLanguage":"pt-PT"},{"@type":"Organization","@id":"https:\/\/www.safinel.fr\/#organization","name":"Safinel","url":"https:\/\/www.safinel.fr\/","logo":{"@type":"ImageObject","inLanguage":"pt-PT","@id":"https:\/\/www.safinel.fr\/#\/schema\/logo\/image\/","url":"https:\/\/www.safinel.fr\/wp-content\/uploads\/2021\/05\/boutique-cosmetique.png","contentUrl":"https:\/\/www.safinel.fr\/wp-content\/uploads\/2021\/05\/boutique-cosmetique.png","width":800,"height":200,"caption":"Safinel"},"image":{"@id":"https:\/\/www.safinel.fr\/#\/schema\/logo\/image\/"}}]}},"_links":{"self":[{"href":"https:\/\/www.safinel.fr\/pt\/wp-json\/wp\/v2\/product\/2276","targetHints":{"allow":["GET"]}}],"collection":[{"href":"https:\/\/www.safinel.fr\/pt\/wp-json\/wp\/v2\/product"}],"about":[{"href":"https:\/\/www.safinel.fr\/pt\/wp-json\/wp\/v2\/types\/product"}],"wp:featuredmedia":[{"embeddable":true,"href":"https:\/\/www.safinel.fr\/pt\/wp-json\/wp\/v2\/media\/2277"}],"wp:attachment":[{"href":"https:\/\/www.safinel.fr\/pt\/wp-json\/wp\/v2\/media?parent=2276"}],"wp:term":[{"taxonomy":"product_brand","embeddable":true,"href":"https:\/\/www.safinel.fr\/pt\/wp-json\/wp\/v2\/product_brand?post=2276"},{"taxonomy":"product_cat","embeddable":true,"href":"https:\/\/www.safinel.fr\/pt\/wp-json\/wp\/v2\/product_cat?post=2276"},{"taxonomy":"product_tag","embeddable":true,"href":"https:\/\/www.safinel.fr\/pt\/wp-json\/wp\/v2\/product_tag?post=2276"}],"curies":[{"name":"wp","href":"https:\/\/api.w.org\/{rel}","templated":true}]}}