{"id":2236,"date":"2022-08-18T12:34:43","date_gmt":"2022-08-18T12:34:43","guid":{"rendered":"https:\/\/www.safinel.fr\/?post_type=product&#038;p=2236"},"modified":"2025-04-11T18:54:04","modified_gmt":"2025-04-11T18:54:04","slug":"gengibre","status":"publish","type":"product","link":"https:\/\/www.safinel.fr\/pt\/product-2\/gengibre\/","title":{"rendered":"Gengibre em p\u00f3 100 g"},"content":{"rendered":"<p>Arte culin\u00e1ria ou tratamento medicamentoso? A natureza ainda nos honra e nos d\u00e1 o prazer de colocar em destaque um alimento funcional surpreendente. O suspense est\u00e1 no auge, \u00e9 hora de aprender mais sobre o\u00a0<strong>gengibre em p\u00f3<\/strong>\u00a0!<\/p>\n<p>Se voc\u00ea tamb\u00e9m est\u00e1 curioso, fique tranquilo, vamos contar mais...<\/p>\n<h2><strong>O gengibre em p\u00f3 est\u00e1 em destaque!\u00a0<\/strong><\/h2>\n<p>J\u00e1 ouviu falar do<strong>\u00a0gingeiro\u00a0<\/strong>Mais comumente chamado de gengibre, este\u00a0<strong>especiaria<\/strong>\u00a0origin\u00e1ria da \u00c1sia, \u00e9 especialmente apreciada pela sua raiz horizontal, o rizoma.<\/p>\n<p>Embora este tub\u00e9rculo subterr\u00e2neo de cor bege seja muito apreciado na gastronomia, ele atravessou as fronteiras asi\u00e1ticas para chegar a muitos pratos do arquip\u00e9lago das Comores. Os rumores anunciam esta especiaria como uma planta medicinal com in\u00fameros benef\u00edcios! Prepare-se para redescobrir o que realmente se esconde por tr\u00e1s deste p\u00f3 de gengibre.<\/p>\n<h2><strong>\u00c0 descoberta do gengibre em p\u00f3\u00a0<\/strong><\/h2>\n<p>O seu\u00a0<strong>loja de bem-estar\u00a0<\/strong>deseja saber mais sobre este<strong>\u00a0alimento natural.\u00a0<\/strong>Para isso, descubra sem demora na Safinel o famoso gengibre em p\u00f3. Encontr\u00e1-lo-\u00e1 numa embalagem herm\u00e9tica para conservar as propriedades desta especiaria com in\u00fameras virtudes.<\/p>\n<p>Al\u00e9m disso, o seu conte\u00fado de 100 g \u00e9 ideal para promover uma utiliza\u00e7\u00e3o frequente e duradoura! Se tamb\u00e9m deseja beneficiar deste produto, visite a nossa loja!<\/p>\n<h2><strong>Quais s\u00e3o os benef\u00edcios do gengibre em p\u00f3?\u00a0<\/strong><\/h2>\n<p>Embora o gengibre seja conhecido principalmente pelo seu toque picante em certos pratos, ele traz in\u00fameros benef\u00edcios para a sa\u00fade! \u00c9 isso mesmo, esse produto da natureza \u00e9 apreciado pelo seu sabor, mas tamb\u00e9m \u00e9 um aliado na luta contra certas doen\u00e7as.<\/p>\n<ul>\n<li>Como provavelmente sabe, o gengibre \u00e9 conhecido como um afrodis\u00edaco natural. Muito \u00fatil contra a fadiga e para o vigor sexual, esta planta origin\u00e1ria da \u00c1sia pode ser uma verdadeira mais-valia para melhorar a vida \u00edntima.<\/li>\n<li>\u00c9 tamb\u00e9m apreciado contra dist\u00farbios digestivos.<\/li>\n<li>Previne n\u00e1useas e v\u00f3mitos<\/li>\n<li>Utilizado por alguns atletas de alto n\u00edvel, o gengibre pode ajudar a aliviar as dores musculares.<\/li>\n<\/ul>\n<p>A sua loja de bem-estar recomenda n\u00e3o exceder 10 gramas de p\u00f3 por dia. Se for fazer uma cura ou um tratamento, n\u00e3o hesite em pedir orienta\u00e7\u00e3o m\u00e9dica!<\/p>\n<h3><strong>Especiarias ou frutas tropicais?\u00a0<\/strong><\/h3>\n<p>Gosta de surpresas? Ent\u00e3o est\u00e1 com sorte, porque a sua loja Safinel quer apresentar-lhe produtos naturais com in\u00fameros benef\u00edcios! Se esta especiaria o encantou, conhe\u00e7a agora a fruta tropical chamada\u00a0<a href=\"https:\/\/www.safinel.fr\/pt\/product-2\/haritaki\/\"><strong>haritaki em p\u00f3<\/strong><\/a> ! Embora seja conhecido principalmente por melhorar o desempenho f\u00edsico, como a vis\u00e3o ou a mem\u00f3ria, este produto natural tem v\u00e1rias surpresas na manga.<\/p>\n<p>Al\u00e9m disso, tamb\u00e9m pode conhecer\u00a0<strong><a href=\"https:\/\/www.safinel.fr\/pt\/product-2\/casca-de-manga\/\">casca de manga<\/a>.\u00a0<\/strong>Normalmente apreciada pelos seus frutos, a mangueira demonstrou que a sua casca era muito mais do que uma prote\u00e7\u00e3o.<\/p>\n<p>Agora que j\u00e1 sabe mais sobre todos estes produtos, \u00e9 a sua vez! N\u00e3o hesite mais e fa\u00e7a parte daqueles que ousam.<\/p>","protected":false},"excerpt":{"rendered":"<p>Art culinaire ou traitement m\u00e9dicamenteux ? La nature nous fait encore l\u2019honneur et le plaisir de mettre sous le feu des projecteurs, un alicament surprenant. Le suspens est \u00e0 son comble, il est temps d\u2019en apprendre davantage sur le\u00a0gingembre en poudre\u00a0! Si vous aussi la curiosit\u00e9 est \u00e0 son comble, rassurez-vous, nous allons vous en [&#8230;]","protected":false},"featured_media":2235,"template":"","meta":[],"product_brand":[],"product_cat":[44,169,53],"product_tag":[],"class_list":{"0":"post-2236","1":"product","2":"type-product","3":"status-publish","4":"has-post-thumbnail","6":"product_cat-epices","7":"product_cat-epices-du-monde","8":"product_cat-epices-marocaines","10":"first","11":"instock","12":"shipping-taxable","13":"purchasable","14":"product-type-simple"},"yoast_head":"<!-- This site is optimized with the Yoast SEO plugin v26.6 - https:\/\/yoast.com\/wordpress\/plugins\/seo\/ -->\n<title>Gingembre en poudre 100g | Plante aux bienfaits nombreux<\/title>\n<meta name=\"description\" content=\"Art culinaire ou traitement m\u00e9dicamenteux ? Il est temps d\u2019en apprendre davantage sur le\u00a0gingembre en poudre\u00a0chez Safinel !\" \/>\n<meta name=\"robots\" content=\"index, follow, max-snippet:-1, max-image-preview:large, max-video-preview:-1\" \/>\n<link rel=\"canonical\" href=\"https:\/\/www.safinel.fr\/pt\/product-2\/gengibre\/\" \/>\n<meta property=\"og:locale\" content=\"pt_PT\" \/>\n<meta property=\"og:type\" content=\"article\" \/>\n<meta property=\"og:title\" content=\"Gingembre en poudre 100g | Plante aux bienfaits nombreux\" \/>\n<meta property=\"og:description\" content=\"Art culinaire ou traitement m\u00e9dicamenteux ? Il est temps d\u2019en apprendre davantage sur le\u00a0gingembre en poudre\u00a0chez Safinel !\" \/>\n<meta property=\"og:url\" content=\"https:\/\/www.safinel.fr\/pt\/product-2\/gengibre\/\" \/>\n<meta property=\"og:site_name\" content=\"Safinel\" \/>\n<meta property=\"article:modified_time\" content=\"2025-04-11T18:54:04+00:00\" \/>\n<meta property=\"og:image\" content=\"https:\/\/www.safinel.fr\/wp-content\/uploads\/2022\/08\/gingembre-epice.jpg\" \/>\n\t<meta property=\"og:image:width\" content=\"600\" \/>\n\t<meta property=\"og:image:height\" content=\"600\" \/>\n\t<meta property=\"og:image:type\" content=\"image\/jpeg\" \/>\n<meta name=\"twitter:card\" content=\"summary_large_image\" \/>\n<meta name=\"twitter:label1\" content=\"Tempo estimado de leitura\" \/>\n\t<meta name=\"twitter:data1\" content=\"3 minutos\" \/>\n<script type=\"application\/ld+json\" class=\"yoast-schema-graph\">{\"@context\":\"https:\/\/schema.org\",\"@graph\":[{\"@type\":\"WebPage\",\"@id\":\"https:\/\/www.safinel.fr\/produit\/gingembre\/\",\"url\":\"https:\/\/www.safinel.fr\/produit\/gingembre\/\",\"name\":\"Gingembre en poudre 100g | Plante aux bienfaits nombreux\",\"isPartOf\":{\"@id\":\"https:\/\/www.safinel.fr\/#website\"},\"primaryImageOfPage\":{\"@id\":\"https:\/\/www.safinel.fr\/produit\/gingembre\/#primaryimage\"},\"image\":{\"@id\":\"https:\/\/www.safinel.fr\/produit\/gingembre\/#primaryimage\"},\"thumbnailUrl\":\"https:\/\/www.safinel.fr\/wp-content\/uploads\/2022\/08\/gingembre-epice.jpg\",\"datePublished\":\"2022-08-18T12:34:43+00:00\",\"dateModified\":\"2025-04-11T18:54:04+00:00\",\"description\":\"Art culinaire ou traitement m\u00e9dicamenteux ? Il est temps d\u2019en apprendre davantage sur le\u00a0gingembre en poudre\u00a0chez Safinel !\",\"breadcrumb\":{\"@id\":\"https:\/\/www.safinel.fr\/produit\/gingembre\/#breadcrumb\"},\"inLanguage\":\"pt-PT\",\"potentialAction\":[{\"@type\":\"ReadAction\",\"target\":[\"https:\/\/www.safinel.fr\/produit\/gingembre\/\"]}]},{\"@type\":\"ImageObject\",\"inLanguage\":\"pt-PT\",\"@id\":\"https:\/\/www.safinel.fr\/produit\/gingembre\/#primaryimage\",\"url\":\"https:\/\/www.safinel.fr\/wp-content\/uploads\/2022\/08\/gingembre-epice.jpg\",\"contentUrl\":\"https:\/\/www.safinel.fr\/wp-content\/uploads\/2022\/08\/gingembre-epice.jpg\",\"width\":600,\"height\":600,\"caption\":\"Gingembre en poudre 100g\"},{\"@type\":\"BreadcrumbList\",\"@id\":\"https:\/\/www.safinel.fr\/produit\/gingembre\/#breadcrumb\",\"itemListElement\":[{\"@type\":\"ListItem\",\"position\":1,\"name\":\"Accueil\",\"item\":\"https:\/\/www.safinel.fr\/\"},{\"@type\":\"ListItem\",\"position\":2,\"name\":\"Boutique\",\"item\":\"https:\/\/www.safinel.fr\/boutique\/\"},{\"@type\":\"ListItem\",\"position\":3,\"name\":\"Gingembre en poudre 100g\"}]},{\"@type\":\"WebSite\",\"@id\":\"https:\/\/www.safinel.fr\/#website\",\"url\":\"https:\/\/www.safinel.fr\/\",\"name\":\"Safinel\",\"description\":\"\",\"publisher\":{\"@id\":\"https:\/\/www.safinel.fr\/#organization\"},\"potentialAction\":[{\"@type\":\"SearchAction\",\"target\":{\"@type\":\"EntryPoint\",\"urlTemplate\":\"https:\/\/www.safinel.fr\/?s={search_term_string}\"},\"query-input\":{\"@type\":\"PropertyValueSpecification\",\"valueRequired\":true,\"valueName\":\"search_term_string\"}}],\"inLanguage\":\"pt-PT\"},{\"@type\":\"Organization\",\"@id\":\"https:\/\/www.safinel.fr\/#organization\",\"name\":\"Safinel\",\"url\":\"https:\/\/www.safinel.fr\/\",\"logo\":{\"@type\":\"ImageObject\",\"inLanguage\":\"pt-PT\",\"@id\":\"https:\/\/www.safinel.fr\/#\/schema\/logo\/image\/\",\"url\":\"https:\/\/www.safinel.fr\/wp-content\/uploads\/2021\/05\/boutique-cosmetique.png\",\"contentUrl\":\"https:\/\/www.safinel.fr\/wp-content\/uploads\/2021\/05\/boutique-cosmetique.png\",\"width\":800,\"height\":200,\"caption\":\"Safinel\"},\"image\":{\"@id\":\"https:\/\/www.safinel.fr\/#\/schema\/logo\/image\/\"}}]}<\/script>\n<!-- \/ Yoast SEO plugin. -->","yoast_head_json":{"title":"Gengibre em p\u00f3 100 g | Planta com in\u00fameros benef\u00edcios","description":"Arte culin\u00e1ria ou tratamento medicamentoso? \u00c9 hora de aprender mais sobre o gengibre em p\u00f3 na Safinel!","robots":{"index":"index","follow":"follow","max-snippet":"max-snippet:-1","max-image-preview":"max-image-preview:large","max-video-preview":"max-video-preview:-1"},"canonical":"https:\/\/www.safinel.fr\/pt\/product-2\/gengibre\/","og_locale":"pt_PT","og_type":"article","og_title":"Gingembre en poudre 100g | Plante aux bienfaits nombreux","og_description":"Art culinaire ou traitement m\u00e9dicamenteux ? Il est temps d\u2019en apprendre davantage sur le\u00a0gingembre en poudre\u00a0chez Safinel !","og_url":"https:\/\/www.safinel.fr\/pt\/product-2\/gengibre\/","og_site_name":"Safinel","article_modified_time":"2025-04-11T18:54:04+00:00","og_image":[{"width":600,"height":600,"url":"https:\/\/www.safinel.fr\/wp-content\/uploads\/2022\/08\/gingembre-epice.jpg","type":"image\/jpeg"}],"twitter_card":"summary_large_image","twitter_misc":{"Tempo estimado de leitura":"3 minutos"},"schema":{"@context":"https:\/\/schema.org","@graph":[{"@type":"WebPage","@id":"https:\/\/www.safinel.fr\/produit\/gingembre\/","url":"https:\/\/www.safinel.fr\/produit\/gingembre\/","name":"Gengibre em p\u00f3 100 g | Planta com in\u00fameros benef\u00edcios","isPartOf":{"@id":"https:\/\/www.safinel.fr\/#website"},"primaryImageOfPage":{"@id":"https:\/\/www.safinel.fr\/produit\/gingembre\/#primaryimage"},"image":{"@id":"https:\/\/www.safinel.fr\/produit\/gingembre\/#primaryimage"},"thumbnailUrl":"https:\/\/www.safinel.fr\/wp-content\/uploads\/2022\/08\/gingembre-epice.jpg","datePublished":"2022-08-18T12:34:43+00:00","dateModified":"2025-04-11T18:54:04+00:00","description":"Arte culin\u00e1ria ou tratamento medicamentoso? \u00c9 hora de aprender mais sobre o gengibre em p\u00f3 na Safinel!","breadcrumb":{"@id":"https:\/\/www.safinel.fr\/produit\/gingembre\/#breadcrumb"},"inLanguage":"pt-PT","potentialAction":[{"@type":"ReadAction","target":["https:\/\/www.safinel.fr\/produit\/gingembre\/"]}]},{"@type":"ImageObject","inLanguage":"pt-PT","@id":"https:\/\/www.safinel.fr\/produit\/gingembre\/#primaryimage","url":"https:\/\/www.safinel.fr\/wp-content\/uploads\/2022\/08\/gingembre-epice.jpg","contentUrl":"https:\/\/www.safinel.fr\/wp-content\/uploads\/2022\/08\/gingembre-epice.jpg","width":600,"height":600,"caption":"Gingembre en poudre 100g"},{"@type":"BreadcrumbList","@id":"https:\/\/www.safinel.fr\/produit\/gingembre\/#breadcrumb","itemListElement":[{"@type":"ListItem","position":1,"name":"Accueil","item":"https:\/\/www.safinel.fr\/"},{"@type":"ListItem","position":2,"name":"Boutique","item":"https:\/\/www.safinel.fr\/boutique\/"},{"@type":"ListItem","position":3,"name":"Gingembre en poudre 100g"}]},{"@type":"WebSite","@id":"https:\/\/www.safinel.fr\/#website","url":"https:\/\/www.safinel.fr\/","name":"Safinel","description":"","publisher":{"@id":"https:\/\/www.safinel.fr\/#organization"},"potentialAction":[{"@type":"SearchAction","target":{"@type":"EntryPoint","urlTemplate":"https:\/\/www.safinel.fr\/?s={search_term_string}"},"query-input":{"@type":"PropertyValueSpecification","valueRequired":true,"valueName":"search_term_string"}}],"inLanguage":"pt-PT"},{"@type":"Organization","@id":"https:\/\/www.safinel.fr\/#organization","name":"Safinel","url":"https:\/\/www.safinel.fr\/","logo":{"@type":"ImageObject","inLanguage":"pt-PT","@id":"https:\/\/www.safinel.fr\/#\/schema\/logo\/image\/","url":"https:\/\/www.safinel.fr\/wp-content\/uploads\/2021\/05\/boutique-cosmetique.png","contentUrl":"https:\/\/www.safinel.fr\/wp-content\/uploads\/2021\/05\/boutique-cosmetique.png","width":800,"height":200,"caption":"Safinel"},"image":{"@id":"https:\/\/www.safinel.fr\/#\/schema\/logo\/image\/"}}]}},"_links":{"self":[{"href":"https:\/\/www.safinel.fr\/pt\/wp-json\/wp\/v2\/product\/2236","targetHints":{"allow":["GET"]}}],"collection":[{"href":"https:\/\/www.safinel.fr\/pt\/wp-json\/wp\/v2\/product"}],"about":[{"href":"https:\/\/www.safinel.fr\/pt\/wp-json\/wp\/v2\/types\/product"}],"wp:featuredmedia":[{"embeddable":true,"href":"https:\/\/www.safinel.fr\/pt\/wp-json\/wp\/v2\/media\/2235"}],"wp:attachment":[{"href":"https:\/\/www.safinel.fr\/pt\/wp-json\/wp\/v2\/media?parent=2236"}],"wp:term":[{"taxonomy":"product_brand","embeddable":true,"href":"https:\/\/www.safinel.fr\/pt\/wp-json\/wp\/v2\/product_brand?post=2236"},{"taxonomy":"product_cat","embeddable":true,"href":"https:\/\/www.safinel.fr\/pt\/wp-json\/wp\/v2\/product_cat?post=2236"},{"taxonomy":"product_tag","embeddable":true,"href":"https:\/\/www.safinel.fr\/pt\/wp-json\/wp\/v2\/product_tag?post=2236"}],"curies":[{"name":"wp","href":"https:\/\/api.w.org\/{rel}","templated":true}]}}