{"id":2172,"date":"2022-08-17T09:41:41","date_gmt":"2022-08-17T09:41:41","guid":{"rendered":"https:\/\/www.safinel.fr\/?post_type=product&#038;p=2172"},"modified":"2024-09-10T18:35:15","modified_gmt":"2024-09-10T18:35:15","slug":"gama-trio-queratina-e-oleo-de-ricino","status":"publish","type":"product","link":"https:\/\/www.safinel.fr\/pt\/product-2\/gama-trio-queratina-e-oleo-de-ricino\/","title":{"rendered":"Gama trio Queratina e \u00d3leo de r\u00edcino (champ\u00f4 + m\u00e1scara + s\u00e9rum) \u2013 Kera Queen\u2019s"},"content":{"rendered":"","protected":false},"excerpt":{"rendered":"<p><strong>Composi\u00e7\u00e3o:<\/strong><\/p>\n<ul>\n<li>Um champ\u00f4 com queratina e \u00f3leo de r\u00edcino (500 ml).<\/li>\n<li>M\u00e1scara com queratina e \u00f3leo de r\u00edcino (500 ml).<\/li>\n<li>Um s\u00e9rum profissional sem enx\u00e1gue com \u00f3leo de r\u00edcino (100 ml).<\/li>\n<\/ul>\n<p><strong>Caracter\u00edsticas:<\/strong><\/p>\n<ul>\n<li>Sem sulfatos e sem parabenos.<\/li>\n<li>Repara cabelos secos e danificados.<\/li>\n<\/ul>","protected":false},"featured_media":2202,"template":"","meta":[],"product_brand":[],"product_cat":[79,146,76],"product_tag":[],"class_list":{"0":"post-2172","1":"product","2":"type-product","3":"status-publish","4":"has-post-thumbnail","6":"product_cat-botox-capillaire","7":"product_cat-produit-cheveux","8":"product_cat-kera-queens","10":"first","11":"outofstock","12":"shipping-taxable","13":"purchasable","14":"product-type-simple"},"yoast_head":"<!-- This site is optimized with the Yoast SEO plugin v26.6 - https:\/\/yoast.com\/wordpress\/plugins\/seo\/ -->\n<title>Gamme trio K\u00e9ratine et Huile de ricin (shampoing + masque + serum) - Kera Queen&#039;s - Safinel<\/title>\n<meta name=\"robots\" content=\"index, follow, max-snippet:-1, max-image-preview:large, max-video-preview:-1\" \/>\n<link rel=\"canonical\" href=\"https:\/\/www.safinel.fr\/pt\/product-2\/gama-trio-queratina-e-oleo-de-ricino\/\" \/>\n<meta property=\"og:locale\" content=\"pt_PT\" \/>\n<meta property=\"og:type\" content=\"article\" \/>\n<meta property=\"og:title\" content=\"Gamme trio K\u00e9ratine et Huile de ricin (shampoing + masque + serum) - Kera Queen&#039;s - Safinel\" \/>\n<meta property=\"og:description\" content=\"Composition :   Un Shampoing \u00e0 la K\u00e9ratine et \u00e0 l\u2019huile de ricin (500ml).  Un Masque \u00e0 la K\u00e9ratine et \u00e0 l\u2019huile de ricin (500ml).  Un S\u00e9rum professionnel sans rin\u00e7age \u00e0 l\u2019huile de ricin (100ml).  Caract\u00e9ristiques :   Sans sulfates et sans parab\u00e8ne.  Repousse cheveux sec et abim\u00e9s.\" \/>\n<meta property=\"og:url\" content=\"https:\/\/www.safinel.fr\/pt\/product-2\/gama-trio-queratina-e-oleo-de-ricino\/\" \/>\n<meta property=\"og:site_name\" content=\"Safinel\" \/>\n<meta property=\"article:modified_time\" content=\"2024-09-10T18:35:15+00:00\" \/>\n<meta property=\"og:image\" content=\"https:\/\/www.safinel.fr\/wp-content\/uploads\/2022\/08\/gamme-ricin-kera-queens.jpg\" \/>\n\t<meta property=\"og:image:width\" content=\"600\" \/>\n\t<meta property=\"og:image:height\" content=\"600\" \/>\n\t<meta property=\"og:image:type\" content=\"image\/jpeg\" \/>\n<meta name=\"twitter:card\" content=\"summary_large_image\" \/>\n<script type=\"application\/ld+json\" class=\"yoast-schema-graph\">{\"@context\":\"https:\/\/schema.org\",\"@graph\":[{\"@type\":\"WebPage\",\"@id\":\"https:\/\/www.safinel.fr\/produit\/gamme-trio-keratine-et-huile-de-ricin\/\",\"url\":\"https:\/\/www.safinel.fr\/produit\/gamme-trio-keratine-et-huile-de-ricin\/\",\"name\":\"Gamme trio K\u00e9ratine et Huile de ricin (shampoing + masque + serum) - Kera Queen's - Safinel\",\"isPartOf\":{\"@id\":\"https:\/\/www.safinel.fr\/#website\"},\"primaryImageOfPage\":{\"@id\":\"https:\/\/www.safinel.fr\/produit\/gamme-trio-keratine-et-huile-de-ricin\/#primaryimage\"},\"image\":{\"@id\":\"https:\/\/www.safinel.fr\/produit\/gamme-trio-keratine-et-huile-de-ricin\/#primaryimage\"},\"thumbnailUrl\":\"https:\/\/www.safinel.fr\/wp-content\/uploads\/2022\/08\/gamme-ricin-kera-queens.jpg\",\"datePublished\":\"2022-08-17T09:41:41+00:00\",\"dateModified\":\"2024-09-10T18:35:15+00:00\",\"breadcrumb\":{\"@id\":\"https:\/\/www.safinel.fr\/produit\/gamme-trio-keratine-et-huile-de-ricin\/#breadcrumb\"},\"inLanguage\":\"pt-PT\",\"potentialAction\":[{\"@type\":\"ReadAction\",\"target\":[\"https:\/\/www.safinel.fr\/produit\/gamme-trio-keratine-et-huile-de-ricin\/\"]}]},{\"@type\":\"ImageObject\",\"inLanguage\":\"pt-PT\",\"@id\":\"https:\/\/www.safinel.fr\/produit\/gamme-trio-keratine-et-huile-de-ricin\/#primaryimage\",\"url\":\"https:\/\/www.safinel.fr\/wp-content\/uploads\/2022\/08\/gamme-ricin-kera-queens.jpg\",\"contentUrl\":\"https:\/\/www.safinel.fr\/wp-content\/uploads\/2022\/08\/gamme-ricin-kera-queens.jpg\",\"width\":600,\"height\":600},{\"@type\":\"BreadcrumbList\",\"@id\":\"https:\/\/www.safinel.fr\/produit\/gamme-trio-keratine-et-huile-de-ricin\/#breadcrumb\",\"itemListElement\":[{\"@type\":\"ListItem\",\"position\":1,\"name\":\"Accueil\",\"item\":\"https:\/\/www.safinel.fr\/\"},{\"@type\":\"ListItem\",\"position\":2,\"name\":\"Boutique\",\"item\":\"https:\/\/www.safinel.fr\/boutique\/\"},{\"@type\":\"ListItem\",\"position\":3,\"name\":\"Gamme trio K\u00e9ratine et Huile de ricin (shampoing + masque + serum) &#8211; Kera Queen&#8217;s\"}]},{\"@type\":\"WebSite\",\"@id\":\"https:\/\/www.safinel.fr\/#website\",\"url\":\"https:\/\/www.safinel.fr\/\",\"name\":\"Safinel\",\"description\":\"\",\"publisher\":{\"@id\":\"https:\/\/www.safinel.fr\/#organization\"},\"potentialAction\":[{\"@type\":\"SearchAction\",\"target\":{\"@type\":\"EntryPoint\",\"urlTemplate\":\"https:\/\/www.safinel.fr\/?s={search_term_string}\"},\"query-input\":{\"@type\":\"PropertyValueSpecification\",\"valueRequired\":true,\"valueName\":\"search_term_string\"}}],\"inLanguage\":\"pt-PT\"},{\"@type\":\"Organization\",\"@id\":\"https:\/\/www.safinel.fr\/#organization\",\"name\":\"Safinel\",\"url\":\"https:\/\/www.safinel.fr\/\",\"logo\":{\"@type\":\"ImageObject\",\"inLanguage\":\"pt-PT\",\"@id\":\"https:\/\/www.safinel.fr\/#\/schema\/logo\/image\/\",\"url\":\"https:\/\/www.safinel.fr\/wp-content\/uploads\/2021\/05\/boutique-cosmetique.png\",\"contentUrl\":\"https:\/\/www.safinel.fr\/wp-content\/uploads\/2021\/05\/boutique-cosmetique.png\",\"width\":800,\"height\":200,\"caption\":\"Safinel\"},\"image\":{\"@id\":\"https:\/\/www.safinel.fr\/#\/schema\/logo\/image\/\"}}]}<\/script>\n<!-- \/ Yoast SEO plugin. -->","yoast_head_json":{"title":"Gama trio Queratina e \u00d3leo de r\u00edcino (champ\u00f4 + m\u00e1scara + s\u00e9rum) - Kera Queen's - Safinel","robots":{"index":"index","follow":"follow","max-snippet":"max-snippet:-1","max-image-preview":"max-image-preview:large","max-video-preview":"max-video-preview:-1"},"canonical":"https:\/\/www.safinel.fr\/pt\/product-2\/gama-trio-queratina-e-oleo-de-ricino\/","og_locale":"pt_PT","og_type":"article","og_title":"Gamme trio K\u00e9ratine et Huile de ricin (shampoing + masque + serum) - Kera Queen's - Safinel","og_description":"Composition :   Un Shampoing \u00e0 la K\u00e9ratine et \u00e0 l\u2019huile de ricin (500ml).  Un Masque \u00e0 la K\u00e9ratine et \u00e0 l\u2019huile de ricin (500ml).  Un S\u00e9rum professionnel sans rin\u00e7age \u00e0 l\u2019huile de ricin (100ml).  Caract\u00e9ristiques :   Sans sulfates et sans parab\u00e8ne.  Repousse cheveux sec et abim\u00e9s.","og_url":"https:\/\/www.safinel.fr\/pt\/product-2\/gama-trio-queratina-e-oleo-de-ricino\/","og_site_name":"Safinel","article_modified_time":"2024-09-10T18:35:15+00:00","og_image":[{"width":600,"height":600,"url":"https:\/\/www.safinel.fr\/wp-content\/uploads\/2022\/08\/gamme-ricin-kera-queens.jpg","type":"image\/jpeg"}],"twitter_card":"summary_large_image","schema":{"@context":"https:\/\/schema.org","@graph":[{"@type":"WebPage","@id":"https:\/\/www.safinel.fr\/produit\/gamme-trio-keratine-et-huile-de-ricin\/","url":"https:\/\/www.safinel.fr\/produit\/gamme-trio-keratine-et-huile-de-ricin\/","name":"Gama trio Queratina e \u00d3leo de r\u00edcino (champ\u00f4 + m\u00e1scara + s\u00e9rum) - Kera Queen's - Safinel","isPartOf":{"@id":"https:\/\/www.safinel.fr\/#website"},"primaryImageOfPage":{"@id":"https:\/\/www.safinel.fr\/produit\/gamme-trio-keratine-et-huile-de-ricin\/#primaryimage"},"image":{"@id":"https:\/\/www.safinel.fr\/produit\/gamme-trio-keratine-et-huile-de-ricin\/#primaryimage"},"thumbnailUrl":"https:\/\/www.safinel.fr\/wp-content\/uploads\/2022\/08\/gamme-ricin-kera-queens.jpg","datePublished":"2022-08-17T09:41:41+00:00","dateModified":"2024-09-10T18:35:15+00:00","breadcrumb":{"@id":"https:\/\/www.safinel.fr\/produit\/gamme-trio-keratine-et-huile-de-ricin\/#breadcrumb"},"inLanguage":"pt-PT","potentialAction":[{"@type":"ReadAction","target":["https:\/\/www.safinel.fr\/produit\/gamme-trio-keratine-et-huile-de-ricin\/"]}]},{"@type":"ImageObject","inLanguage":"pt-PT","@id":"https:\/\/www.safinel.fr\/produit\/gamme-trio-keratine-et-huile-de-ricin\/#primaryimage","url":"https:\/\/www.safinel.fr\/wp-content\/uploads\/2022\/08\/gamme-ricin-kera-queens.jpg","contentUrl":"https:\/\/www.safinel.fr\/wp-content\/uploads\/2022\/08\/gamme-ricin-kera-queens.jpg","width":600,"height":600},{"@type":"BreadcrumbList","@id":"https:\/\/www.safinel.fr\/produit\/gamme-trio-keratine-et-huile-de-ricin\/#breadcrumb","itemListElement":[{"@type":"ListItem","position":1,"name":"Accueil","item":"https:\/\/www.safinel.fr\/"},{"@type":"ListItem","position":2,"name":"Boutique","item":"https:\/\/www.safinel.fr\/boutique\/"},{"@type":"ListItem","position":3,"name":"Gamme trio K\u00e9ratine et Huile de ricin (shampoing + masque + serum) &#8211; Kera Queen&#8217;s"}]},{"@type":"WebSite","@id":"https:\/\/www.safinel.fr\/#website","url":"https:\/\/www.safinel.fr\/","name":"Safinel","description":"","publisher":{"@id":"https:\/\/www.safinel.fr\/#organization"},"potentialAction":[{"@type":"SearchAction","target":{"@type":"EntryPoint","urlTemplate":"https:\/\/www.safinel.fr\/?s={search_term_string}"},"query-input":{"@type":"PropertyValueSpecification","valueRequired":true,"valueName":"search_term_string"}}],"inLanguage":"pt-PT"},{"@type":"Organization","@id":"https:\/\/www.safinel.fr\/#organization","name":"Safinel","url":"https:\/\/www.safinel.fr\/","logo":{"@type":"ImageObject","inLanguage":"pt-PT","@id":"https:\/\/www.safinel.fr\/#\/schema\/logo\/image\/","url":"https:\/\/www.safinel.fr\/wp-content\/uploads\/2021\/05\/boutique-cosmetique.png","contentUrl":"https:\/\/www.safinel.fr\/wp-content\/uploads\/2021\/05\/boutique-cosmetique.png","width":800,"height":200,"caption":"Safinel"},"image":{"@id":"https:\/\/www.safinel.fr\/#\/schema\/logo\/image\/"}}]}},"_links":{"self":[{"href":"https:\/\/www.safinel.fr\/pt\/wp-json\/wp\/v2\/product\/2172","targetHints":{"allow":["GET"]}}],"collection":[{"href":"https:\/\/www.safinel.fr\/pt\/wp-json\/wp\/v2\/product"}],"about":[{"href":"https:\/\/www.safinel.fr\/pt\/wp-json\/wp\/v2\/types\/product"}],"wp:featuredmedia":[{"embeddable":true,"href":"https:\/\/www.safinel.fr\/pt\/wp-json\/wp\/v2\/media\/2202"}],"wp:attachment":[{"href":"https:\/\/www.safinel.fr\/pt\/wp-json\/wp\/v2\/media?parent=2172"}],"wp:term":[{"taxonomy":"product_brand","embeddable":true,"href":"https:\/\/www.safinel.fr\/pt\/wp-json\/wp\/v2\/product_brand?post=2172"},{"taxonomy":"product_cat","embeddable":true,"href":"https:\/\/www.safinel.fr\/pt\/wp-json\/wp\/v2\/product_cat?post=2172"},{"taxonomy":"product_tag","embeddable":true,"href":"https:\/\/www.safinel.fr\/pt\/wp-json\/wp\/v2\/product_tag?post=2172"}],"curies":[{"name":"wp","href":"https:\/\/api.w.org\/{rel}","templated":true}]}}