{"id":2171,"date":"2022-08-17T09:41:41","date_gmt":"2022-08-17T09:41:41","guid":{"rendered":"https:\/\/www.safinel.fr\/?post_type=product&#038;p=2171"},"modified":"2025-08-04T14:31:09","modified_gmt":"2025-08-04T14:31:09","slug":"tratamento-capilar-com-botox-e-nigella","status":"publish","type":"product","link":"https:\/\/www.safinel.fr\/pt\/product-2\/tratamento-capilar-com-botox-e-nigella\/","title":{"rendered":"Tratamento capilar com Botox Nigella 1000 ml \u2013 Kera Queen\u2019s"},"content":{"rendered":"<p>Mais uma vez, o seu<strong>\u00a0loja Safinel<\/strong>\u00a0coloca ao alcance de todos produtos indispens\u00e1veis. E seleciona marcas conhecidas pela sua qualidade. De facto, \u00e9 com orgulho que o\u00a0<strong>tratamento capilar com botox e nigella\u00a0<\/strong>entra na sua casa de banho. A seguir.<\/p>\n<h2><strong>Tratamento capilar com botox e nigella: o ouro negro da Kera Queen's<\/strong><\/h2>\n<p>Som\u00a0<strong>frasco preto<\/strong>\u00a0risco intenso de seduzir mais de um. Mas o que se esconde por tr\u00e1s deste cosm\u00e9tico Kera Queen's?.<\/p>\n<p>Sem mais suspense, descubra um produto alisante sem sulfatos nem parabenos, com 1000 ml. Enriquecido com\u00a0<strong>\u00f3leo de nigela puro<\/strong>, o seu frasco preto faz refer\u00eancia \u00e0 famosa semente preta. Geralmente apreciada nos pa\u00edses orientais, a nigela entra nos nossos cosm\u00e9ticos, para nosso grande prazer. Na verdade, este \u00f3leo possui uma infinidade de propriedades excelentes para embelezar cabelos danificados.<\/p>\n<p>Da mesma forma, o seu\u00a0<strong>benef\u00edcios<\/strong>\u00a0para o cabelo n\u00e3o s\u00e3o as \u00fanicas vantagens deste cosm\u00e9tico. Ele possui um aroma de oud, para perfumar delicadamente o seu cabelo.<\/p>\n<h2><strong>Para que tipos de cabelo?\u00a0<\/strong><\/h2>\n<p>O tratamento capilar com botox e nigella destina-se essencialmente a cabelos secos, ba\u00e7os, danificados, quebradi\u00e7os ou desvitalizados.<\/p>\n<p>Al\u00e9m disso, para mais op\u00e7\u00f5es, n\u00e3o hesite em consultar a nossa loja online Safinel.<\/p>\n<h2><strong>Os resultados do tratamento capilar com botox e nigella\u00a0<\/strong><\/h2>\n<p>A<strong>\u00a0<a href=\"https:\/\/www.aumoulindesecorces.fr\/top-3-des-huiles-naturelles-en-2022\/\" target=\"_blank\" rel=\"noopener\">precioso \u00f3leo de nigela<\/a><\/strong>\u00a0oferece-nos uma variedade de propriedades para cuidar do cabelo. Associado ao botox alisante Kera Queen's, obtemos um\u00a0<strong>lista de benef\u00edcios<\/strong>\u00a0completa:<\/p>\n<ul>\n<li>Nutre profundamente a fibra capilar; ;<\/li>\n<li>Hidrata o cabelo; ;<\/li>\n<li>Ajuda a recuperar o brilho, a suavidade e a vitalidade; ;<\/li>\n<li>Torna o cabelo mais flex\u00edvel; ;<\/li>\n<li>Tonifica o couro cabeludo e aumenta o crescimento; ;<\/li>\n<li>Luta tamb\u00e9m contra a queda; ;<\/li>\n<li>Por fim, este tratamento alisante acalma a comich\u00e3o no couro cabeludo.<\/li>\n<\/ul>\n<p>E para aqueles que preferem apostar no crescimento do cabelo, <a href=\"https:\/\/www.safinel.fr\/pt\/product-2\/gama-de-oleo-de-ricino\/\"><strong>a gama com \u00f3leo de r\u00edcino<\/strong><\/a> tamb\u00e9m est\u00e1 dispon\u00edvel na nossa loja.<\/p>\n<h3><strong>Precau\u00e7\u00f5es\u00a0<\/strong><\/h3>\n<ul>\n<li>Mantenha este produto fora do alcance das crian\u00e7as.<\/li>\n<li>Apenas para uso externo.<\/li>\n<\/ul>","protected":false},"excerpt":{"rendered":"<p>Mais uma vez, a sua boutique Safinel coloca os produtos essenciais ao alcance de todos. E seleciona marcas reconhecidas pela sua qualidade. De facto, a nigella botox hair care convida-se orgulhosamente a entrar na sua casa de banho. Para continuar. Botox nigella hair care: o ouro negro de Kera Queen's O seu frasco de cor preta intensa seduzir\u00e1 [...].","protected":false},"featured_media":2201,"template":"","meta":[],"product_brand":[],"product_cat":[79,146,76],"product_tag":[],"class_list":{"0":"post-2171","1":"product","2":"type-product","3":"status-publish","4":"has-post-thumbnail","6":"product_cat-botox-capillaire","7":"product_cat-produit-cheveux","8":"product_cat-kera-queens","10":"first","11":"outofstock","12":"shipping-taxable","13":"purchasable","14":"product-type-simple"},"yoast_head":"<!-- This site is optimized with the Yoast SEO plugin v26.6 - https:\/\/yoast.com\/wordpress\/plugins\/seo\/ -->\n<title>Botox capillaire nigelle I Huile de nigelle cheveux I 1000ml<\/title>\n<meta name=\"description\" content=\"C\u2019est avec fiert\u00e9 que le\u00a0soin botox capillaire nigelle\u00a0s\u2019invite dans votre salle de bain. Affaire \u00e0 suivre.\u00a0Adoptez-le sans plus attendre !\" \/>\n<meta name=\"robots\" content=\"index, follow, max-snippet:-1, max-image-preview:large, max-video-preview:-1\" \/>\n<link rel=\"canonical\" href=\"https:\/\/www.safinel.fr\/pt\/product-2\/tratamento-capilar-com-botox-e-nigella\/\" \/>\n<meta property=\"og:locale\" content=\"pt_PT\" \/>\n<meta property=\"og:type\" content=\"article\" \/>\n<meta property=\"og:title\" content=\"Botox capillaire nigelle I Huile de nigelle cheveux I 1000ml\" \/>\n<meta property=\"og:description\" content=\"C\u2019est avec fiert\u00e9 que le\u00a0soin botox capillaire nigelle\u00a0s\u2019invite dans votre salle de bain. Affaire \u00e0 suivre.\u00a0Adoptez-le sans plus attendre !\" \/>\n<meta property=\"og:url\" content=\"https:\/\/www.safinel.fr\/pt\/product-2\/tratamento-capilar-com-botox-e-nigella\/\" \/>\n<meta property=\"og:site_name\" content=\"Safinel\" \/>\n<meta property=\"article:modified_time\" content=\"2025-08-04T14:31:09+00:00\" \/>\n<meta property=\"og:image\" content=\"https:\/\/www.safinel.fr\/wp-content\/uploads\/2022\/08\/botox-capillaire-nigelle.jpg\" \/>\n\t<meta property=\"og:image:width\" content=\"600\" \/>\n\t<meta property=\"og:image:height\" content=\"600\" \/>\n\t<meta property=\"og:image:type\" content=\"image\/jpeg\" \/>\n<meta name=\"twitter:card\" content=\"summary_large_image\" \/>\n<meta name=\"twitter:label1\" content=\"Tempo estimado de leitura\" \/>\n\t<meta name=\"twitter:data1\" content=\"2 minutos\" \/>\n<script type=\"application\/ld+json\" class=\"yoast-schema-graph\">{\"@context\":\"https:\/\/schema.org\",\"@graph\":[{\"@type\":\"WebPage\",\"@id\":\"https:\/\/www.safinel.fr\/produit\/soin-botox-capillaire-nigelle\/\",\"url\":\"https:\/\/www.safinel.fr\/produit\/soin-botox-capillaire-nigelle\/\",\"name\":\"Botox capillaire nigelle I Huile de nigelle cheveux I 1000ml\",\"isPartOf\":{\"@id\":\"https:\/\/www.safinel.fr\/#website\"},\"primaryImageOfPage\":{\"@id\":\"https:\/\/www.safinel.fr\/produit\/soin-botox-capillaire-nigelle\/#primaryimage\"},\"image\":{\"@id\":\"https:\/\/www.safinel.fr\/produit\/soin-botox-capillaire-nigelle\/#primaryimage\"},\"thumbnailUrl\":\"https:\/\/www.safinel.fr\/wp-content\/uploads\/2022\/08\/botox-capillaire-nigelle.jpg\",\"datePublished\":\"2022-08-17T09:41:41+00:00\",\"dateModified\":\"2025-08-04T14:31:09+00:00\",\"description\":\"C\u2019est avec fiert\u00e9 que le\u00a0soin botox capillaire nigelle\u00a0s\u2019invite dans votre salle de bain. Affaire \u00e0 suivre.\u00a0Adoptez-le sans plus attendre !\",\"breadcrumb\":{\"@id\":\"https:\/\/www.safinel.fr\/produit\/soin-botox-capillaire-nigelle\/#breadcrumb\"},\"inLanguage\":\"pt-PT\",\"potentialAction\":[{\"@type\":\"ReadAction\",\"target\":[\"https:\/\/www.safinel.fr\/produit\/soin-botox-capillaire-nigelle\/\"]}]},{\"@type\":\"ImageObject\",\"inLanguage\":\"pt-PT\",\"@id\":\"https:\/\/www.safinel.fr\/produit\/soin-botox-capillaire-nigelle\/#primaryimage\",\"url\":\"https:\/\/www.safinel.fr\/wp-content\/uploads\/2022\/08\/botox-capillaire-nigelle.jpg\",\"contentUrl\":\"https:\/\/www.safinel.fr\/wp-content\/uploads\/2022\/08\/botox-capillaire-nigelle.jpg\",\"width\":600,\"height\":600,\"caption\":\"Botox capillaire nigelle I Huile de nigelle cheveux\"},{\"@type\":\"BreadcrumbList\",\"@id\":\"https:\/\/www.safinel.fr\/produit\/soin-botox-capillaire-nigelle\/#breadcrumb\",\"itemListElement\":[{\"@type\":\"ListItem\",\"position\":1,\"name\":\"Accueil\",\"item\":\"https:\/\/www.safinel.fr\/\"},{\"@type\":\"ListItem\",\"position\":2,\"name\":\"Boutique\",\"item\":\"https:\/\/www.safinel.fr\/boutique\/\"},{\"@type\":\"ListItem\",\"position\":3,\"name\":\"Soin Botox capillaire Nigelle 1000ml &#8211; Kera Queen&#8217;s\"}]},{\"@type\":\"WebSite\",\"@id\":\"https:\/\/www.safinel.fr\/#website\",\"url\":\"https:\/\/www.safinel.fr\/\",\"name\":\"Safinel\",\"description\":\"\",\"publisher\":{\"@id\":\"https:\/\/www.safinel.fr\/#organization\"},\"potentialAction\":[{\"@type\":\"SearchAction\",\"target\":{\"@type\":\"EntryPoint\",\"urlTemplate\":\"https:\/\/www.safinel.fr\/?s={search_term_string}\"},\"query-input\":{\"@type\":\"PropertyValueSpecification\",\"valueRequired\":true,\"valueName\":\"search_term_string\"}}],\"inLanguage\":\"pt-PT\"},{\"@type\":\"Organization\",\"@id\":\"https:\/\/www.safinel.fr\/#organization\",\"name\":\"Safinel\",\"url\":\"https:\/\/www.safinel.fr\/\",\"logo\":{\"@type\":\"ImageObject\",\"inLanguage\":\"pt-PT\",\"@id\":\"https:\/\/www.safinel.fr\/#\/schema\/logo\/image\/\",\"url\":\"https:\/\/www.safinel.fr\/wp-content\/uploads\/2021\/05\/boutique-cosmetique.png\",\"contentUrl\":\"https:\/\/www.safinel.fr\/wp-content\/uploads\/2021\/05\/boutique-cosmetique.png\",\"width\":800,\"height\":200,\"caption\":\"Safinel\"},\"image\":{\"@id\":\"https:\/\/www.safinel.fr\/#\/schema\/logo\/image\/\"}}]}<\/script>\n<!-- \/ Yoast SEO plugin. -->","yoast_head_json":{"title":"Botox capilar com semente de cominho I \u00d3leo de cominho para cabelos I 1000 ml","description":"\u00c9 com orgulho que o tratamento capilar com botox e nigella chega \u00e0 sua casa de banho. Acompanhe as novidades. Adote-o sem demora!","robots":{"index":"index","follow":"follow","max-snippet":"max-snippet:-1","max-image-preview":"max-image-preview:large","max-video-preview":"max-video-preview:-1"},"canonical":"https:\/\/www.safinel.fr\/pt\/product-2\/tratamento-capilar-com-botox-e-nigella\/","og_locale":"pt_PT","og_type":"article","og_title":"Botox capillaire nigelle I Huile de nigelle cheveux I 1000ml","og_description":"C\u2019est avec fiert\u00e9 que le\u00a0soin botox capillaire nigelle\u00a0s\u2019invite dans votre salle de bain. Affaire \u00e0 suivre.\u00a0Adoptez-le sans plus attendre !","og_url":"https:\/\/www.safinel.fr\/pt\/product-2\/tratamento-capilar-com-botox-e-nigella\/","og_site_name":"Safinel","article_modified_time":"2025-08-04T14:31:09+00:00","og_image":[{"width":600,"height":600,"url":"https:\/\/www.safinel.fr\/wp-content\/uploads\/2022\/08\/botox-capillaire-nigelle.jpg","type":"image\/jpeg"}],"twitter_card":"summary_large_image","twitter_misc":{"Tempo estimado de leitura":"2 minutos"},"schema":{"@context":"https:\/\/schema.org","@graph":[{"@type":"WebPage","@id":"https:\/\/www.safinel.fr\/produit\/soin-botox-capillaire-nigelle\/","url":"https:\/\/www.safinel.fr\/produit\/soin-botox-capillaire-nigelle\/","name":"Botox capilar com semente de cominho I \u00d3leo de cominho para cabelos I 1000 ml","isPartOf":{"@id":"https:\/\/www.safinel.fr\/#website"},"primaryImageOfPage":{"@id":"https:\/\/www.safinel.fr\/produit\/soin-botox-capillaire-nigelle\/#primaryimage"},"image":{"@id":"https:\/\/www.safinel.fr\/produit\/soin-botox-capillaire-nigelle\/#primaryimage"},"thumbnailUrl":"https:\/\/www.safinel.fr\/wp-content\/uploads\/2022\/08\/botox-capillaire-nigelle.jpg","datePublished":"2022-08-17T09:41:41+00:00","dateModified":"2025-08-04T14:31:09+00:00","description":"\u00c9 com orgulho que o tratamento capilar com botox e nigella chega \u00e0 sua casa de banho. Acompanhe as novidades. Adote-o sem demora!","breadcrumb":{"@id":"https:\/\/www.safinel.fr\/produit\/soin-botox-capillaire-nigelle\/#breadcrumb"},"inLanguage":"pt-PT","potentialAction":[{"@type":"ReadAction","target":["https:\/\/www.safinel.fr\/produit\/soin-botox-capillaire-nigelle\/"]}]},{"@type":"ImageObject","inLanguage":"pt-PT","@id":"https:\/\/www.safinel.fr\/produit\/soin-botox-capillaire-nigelle\/#primaryimage","url":"https:\/\/www.safinel.fr\/wp-content\/uploads\/2022\/08\/botox-capillaire-nigelle.jpg","contentUrl":"https:\/\/www.safinel.fr\/wp-content\/uploads\/2022\/08\/botox-capillaire-nigelle.jpg","width":600,"height":600,"caption":"Botox capillaire nigelle I Huile de nigelle cheveux"},{"@type":"BreadcrumbList","@id":"https:\/\/www.safinel.fr\/produit\/soin-botox-capillaire-nigelle\/#breadcrumb","itemListElement":[{"@type":"ListItem","position":1,"name":"Accueil","item":"https:\/\/www.safinel.fr\/"},{"@type":"ListItem","position":2,"name":"Boutique","item":"https:\/\/www.safinel.fr\/boutique\/"},{"@type":"ListItem","position":3,"name":"Soin Botox capillaire Nigelle 1000ml &#8211; Kera Queen&#8217;s"}]},{"@type":"WebSite","@id":"https:\/\/www.safinel.fr\/#website","url":"https:\/\/www.safinel.fr\/","name":"Safinel","description":"","publisher":{"@id":"https:\/\/www.safinel.fr\/#organization"},"potentialAction":[{"@type":"SearchAction","target":{"@type":"EntryPoint","urlTemplate":"https:\/\/www.safinel.fr\/?s={search_term_string}"},"query-input":{"@type":"PropertyValueSpecification","valueRequired":true,"valueName":"search_term_string"}}],"inLanguage":"pt-PT"},{"@type":"Organization","@id":"https:\/\/www.safinel.fr\/#organization","name":"Safinel","url":"https:\/\/www.safinel.fr\/","logo":{"@type":"ImageObject","inLanguage":"pt-PT","@id":"https:\/\/www.safinel.fr\/#\/schema\/logo\/image\/","url":"https:\/\/www.safinel.fr\/wp-content\/uploads\/2021\/05\/boutique-cosmetique.png","contentUrl":"https:\/\/www.safinel.fr\/wp-content\/uploads\/2021\/05\/boutique-cosmetique.png","width":800,"height":200,"caption":"Safinel"},"image":{"@id":"https:\/\/www.safinel.fr\/#\/schema\/logo\/image\/"}}]}},"_links":{"self":[{"href":"https:\/\/www.safinel.fr\/pt\/wp-json\/wp\/v2\/product\/2171","targetHints":{"allow":["GET"]}}],"collection":[{"href":"https:\/\/www.safinel.fr\/pt\/wp-json\/wp\/v2\/product"}],"about":[{"href":"https:\/\/www.safinel.fr\/pt\/wp-json\/wp\/v2\/types\/product"}],"wp:featuredmedia":[{"embeddable":true,"href":"https:\/\/www.safinel.fr\/pt\/wp-json\/wp\/v2\/media\/2201"}],"wp:attachment":[{"href":"https:\/\/www.safinel.fr\/pt\/wp-json\/wp\/v2\/media?parent=2171"}],"wp:term":[{"taxonomy":"product_brand","embeddable":true,"href":"https:\/\/www.safinel.fr\/pt\/wp-json\/wp\/v2\/product_brand?post=2171"},{"taxonomy":"product_cat","embeddable":true,"href":"https:\/\/www.safinel.fr\/pt\/wp-json\/wp\/v2\/product_cat?post=2171"},{"taxonomy":"product_tag","embeddable":true,"href":"https:\/\/www.safinel.fr\/pt\/wp-json\/wp\/v2\/product_tag?post=2171"}],"curies":[{"name":"wp","href":"https:\/\/api.w.org\/{rel}","templated":true}]}}