{"id":2103,"date":"2022-08-01T15:41:05","date_gmt":"2022-08-01T15:41:05","guid":{"rendered":"https:\/\/www.safinel.fr\/?post_type=product&#038;p=2103"},"modified":"2024-03-03T15:00:04","modified_gmt":"2024-03-03T15:00:04","slug":"beure-dakpi","status":"publish","type":"product","link":"https:\/\/www.safinel.fr\/pt\/product-2\/beure-dakpi\/","title":{"rendered":"Manteiga de akpi"},"content":{"rendered":"<p>O<strong>\u00a0manteiga de akpi<\/strong>\u00a0\u00e9 um ingrediente de beleza tradicional africano que tem sido usado h\u00e1 anos para melhorar a apar\u00eancia. Esta manteiga \u00e9 feita a partir das sementes do fruto da \u00e1rvore akpi, que cresce na \u00c1frica Ocidental. \u00c9 rica em vitamina E, \u00e1cidos gordos essenciais e antioxidantes, o que a torna ideal para nutrir e revitalizar a pele. E isso n\u00e3o \u00e9 tudo...<\/p>\n<h2><strong>Os benef\u00edcios da manteiga de akpi para a pele<\/strong><\/h2>\n<p>A manteiga de akpi \u00e9 um excelente hidratante para a pele. Ela penetra rapidamente na epiderme e deixa a pele macia e suave. Tamb\u00e9m \u00e9 rica em antioxidantes, que ajudam a proteger a pele dos danos causados pelos radicais livres. Isso pode ajudar a prevenir os sinais prematuros de envelhecimento, como rugas e manchas senis.<\/p>\n<p>Al\u00e9m disso, este cosm\u00e9tico natural \u00e9 conhecido pelas suas propriedades<strong>\u00a0<a href=\"https:\/\/www.safinel.fr\/pt\/product-2\/creme-para-aumentar-os-seios-e-os-gluteos\/\">vantajosas no peito e nas n\u00e1degas<\/a>\u00a0<\/strong>Sim, voc\u00eas entenderam muito bem, meninas! Se tamb\u00e9m desejam ter um decote e aumentar o volume do seu peito, ent\u00e3o est\u00e3o no lugar certo.<\/p>\n<h3><strong>O segredo de beleza africano com manteiga de akpi<\/strong><\/h3>\n<p>A manteiga de akpi pode ser usada como hidratante para a pele, tratamento para cicatrizes e estrias, mas principalmente para firmar e\u00a0<strong>tonificar os seios<\/strong>\u00a0e as n\u00e1degas. Pode ser aplicado diretamente na pele ou usado como ingrediente em produtos de beleza caseiros.<\/p>\n<h3><strong>Visite Safinel para descobrir outros produtos!<\/strong><\/h3>\n<p>Se a manteiga de akpi \u00e9 um ingrediente de beleza natural incrivelmente vers\u00e1til que oferece in\u00fameros benef\u00edcios, ela \u00e9 tamb\u00e9m um hidratante natural e eficaz para tonificar o seu corpo! Na verdade, a manteiga de akpi \u00e9 uma escolha acertada. Encomende agora mesmo na Safinel para descobrir todos os benef\u00edcios deste produto de<strong>\u00a0beleza tradicional africana<\/strong>.<\/p>\n<p>Al\u00e9m disso, tamb\u00e9m tem a possibilidade de conhecer os comprimidos\u00a0<strong>Yokebe<\/strong>\u00a0ou ainda o <a href=\"https:\/\/www.safinel.fr\/pt\/product-2\/pacote-talbina\/\"><strong>pacote talbina<\/strong><\/a>. N\u00e3o hesite mais e d\u00ea a si mesmo o prazer que merece!<\/p>","protected":false},"excerpt":{"rendered":"<p><strong>Ingredientes:<\/strong><\/p>\n<p>Manteiga de akpi + \u00f3leo de akpi + p\u00f3 de akpi = vitamina E + cosgard.<\/p>\n<p><img decoding=\"async\" class=\"size-full wp-image-5091 aligncenter\" src=\"https:\/\/www.safinel.fr\/wp-content\/uploads\/2021\/06\/BANNIERE-ICONE-SAFINEL.webp\" alt=\"resseguro satinado\" width=\"800\" height=\"200\" srcset=\"https:\/\/www.safinel.fr\/wp-content\/uploads\/2021\/06\/BANNIERE-ICONE-SAFINEL.webp 800w, https:\/\/www.safinel.fr\/wp-content\/uploads\/2021\/06\/BANNIERE-ICONE-SAFINEL-600x150.webp 600w, https:\/\/www.safinel.fr\/wp-content\/uploads\/2021\/06\/BANNIERE-ICONE-SAFINEL-768x192.webp 768w\" sizes=\"(max-width: 800px) 100vw, 800px\" \/><\/p>","protected":false},"featured_media":5388,"template":"","meta":[],"product_brand":[],"product_cat":[28],"product_tag":[],"class_list":{"0":"post-2103","1":"product","2":"type-product","3":"status-publish","4":"has-post-thumbnail","6":"product_cat-divers","8":"first","9":"outofstock","10":"shipping-taxable","11":"purchasable","12":"product-type-simple"},"yoast_head":"<!-- This site is optimized with the Yoast SEO plugin v26.6 - https:\/\/yoast.com\/wordpress\/plugins\/seo\/ -->\n<title>Le beurre d&#039;Akpi I Un ingr\u00e9dient aux multiples bienfaits<\/title>\n<meta name=\"description\" content=\"Le\u00a0beurre d&#039;akpi\u00a0est un ingr\u00e9dient de beaut\u00e9 africain traditionnel qui a \u00e9t\u00e9 utilis\u00e9 pendant des ann\u00e9es pour l\u2019apparence.\" \/>\n<meta name=\"robots\" content=\"index, follow, max-snippet:-1, max-image-preview:large, max-video-preview:-1\" \/>\n<link rel=\"canonical\" href=\"https:\/\/www.safinel.fr\/pt\/product-2\/beure-dakpi\/\" \/>\n<meta property=\"og:locale\" content=\"pt_PT\" \/>\n<meta property=\"og:type\" content=\"article\" \/>\n<meta property=\"og:title\" content=\"Le beurre d&#039;Akpi I Un ingr\u00e9dient aux multiples bienfaits\" \/>\n<meta property=\"og:description\" content=\"Le\u00a0beurre d&#039;akpi\u00a0est un ingr\u00e9dient de beaut\u00e9 africain traditionnel qui a \u00e9t\u00e9 utilis\u00e9 pendant des ann\u00e9es pour l\u2019apparence.\" \/>\n<meta property=\"og:url\" content=\"https:\/\/www.safinel.fr\/pt\/product-2\/beure-dakpi\/\" \/>\n<meta property=\"og:site_name\" content=\"Safinel\" \/>\n<meta property=\"article:modified_time\" content=\"2024-03-03T15:00:04+00:00\" \/>\n<meta property=\"og:image\" content=\"https:\/\/www.safinel.fr\/wp-content\/uploads\/2022\/08\/beurre-dakpi.jpg\" \/>\n\t<meta property=\"og:image:width\" content=\"600\" \/>\n\t<meta property=\"og:image:height\" content=\"600\" \/>\n\t<meta property=\"og:image:type\" content=\"image\/jpeg\" \/>\n<meta name=\"twitter:card\" content=\"summary_large_image\" \/>\n<meta name=\"twitter:label1\" content=\"Tempo estimado de leitura\" \/>\n\t<meta name=\"twitter:data1\" content=\"2 minutos\" \/>\n<script type=\"application\/ld+json\" class=\"yoast-schema-graph\">{\"@context\":\"https:\/\/schema.org\",\"@graph\":[{\"@type\":\"WebPage\",\"@id\":\"https:\/\/www.safinel.fr\/produit\/beure-dakpi\/\",\"url\":\"https:\/\/www.safinel.fr\/produit\/beure-dakpi\/\",\"name\":\"Le beurre d'Akpi I Un ingr\u00e9dient aux multiples bienfaits\",\"isPartOf\":{\"@id\":\"https:\/\/www.safinel.fr\/#website\"},\"primaryImageOfPage\":{\"@id\":\"https:\/\/www.safinel.fr\/produit\/beure-dakpi\/#primaryimage\"},\"image\":{\"@id\":\"https:\/\/www.safinel.fr\/produit\/beure-dakpi\/#primaryimage\"},\"thumbnailUrl\":\"https:\/\/www.safinel.fr\/wp-content\/uploads\/2022\/08\/beurre-dakpi.jpg\",\"datePublished\":\"2022-08-01T15:41:05+00:00\",\"dateModified\":\"2024-03-03T15:00:04+00:00\",\"description\":\"Le\u00a0beurre d'akpi\u00a0est un ingr\u00e9dient de beaut\u00e9 africain traditionnel qui a \u00e9t\u00e9 utilis\u00e9 pendant des ann\u00e9es pour l\u2019apparence.\",\"breadcrumb\":{\"@id\":\"https:\/\/www.safinel.fr\/produit\/beure-dakpi\/#breadcrumb\"},\"inLanguage\":\"pt-PT\",\"potentialAction\":[{\"@type\":\"ReadAction\",\"target\":[\"https:\/\/www.safinel.fr\/produit\/beure-dakpi\/\"]}]},{\"@type\":\"ImageObject\",\"inLanguage\":\"pt-PT\",\"@id\":\"https:\/\/www.safinel.fr\/produit\/beure-dakpi\/#primaryimage\",\"url\":\"https:\/\/www.safinel.fr\/wp-content\/uploads\/2022\/08\/beurre-dakpi.jpg\",\"contentUrl\":\"https:\/\/www.safinel.fr\/wp-content\/uploads\/2022\/08\/beurre-dakpi.jpg\",\"width\":600,\"height\":600,\"caption\":\"Beure d'akpi\"},{\"@type\":\"BreadcrumbList\",\"@id\":\"https:\/\/www.safinel.fr\/produit\/beure-dakpi\/#breadcrumb\",\"itemListElement\":[{\"@type\":\"ListItem\",\"position\":1,\"name\":\"Accueil\",\"item\":\"https:\/\/www.safinel.fr\/\"},{\"@type\":\"ListItem\",\"position\":2,\"name\":\"Boutique\",\"item\":\"https:\/\/www.safinel.fr\/boutique\/\"},{\"@type\":\"ListItem\",\"position\":3,\"name\":\"Beurre d&#8217;akpi\"}]},{\"@type\":\"WebSite\",\"@id\":\"https:\/\/www.safinel.fr\/#website\",\"url\":\"https:\/\/www.safinel.fr\/\",\"name\":\"Safinel\",\"description\":\"\",\"publisher\":{\"@id\":\"https:\/\/www.safinel.fr\/#organization\"},\"potentialAction\":[{\"@type\":\"SearchAction\",\"target\":{\"@type\":\"EntryPoint\",\"urlTemplate\":\"https:\/\/www.safinel.fr\/?s={search_term_string}\"},\"query-input\":{\"@type\":\"PropertyValueSpecification\",\"valueRequired\":true,\"valueName\":\"search_term_string\"}}],\"inLanguage\":\"pt-PT\"},{\"@type\":\"Organization\",\"@id\":\"https:\/\/www.safinel.fr\/#organization\",\"name\":\"Safinel\",\"url\":\"https:\/\/www.safinel.fr\/\",\"logo\":{\"@type\":\"ImageObject\",\"inLanguage\":\"pt-PT\",\"@id\":\"https:\/\/www.safinel.fr\/#\/schema\/logo\/image\/\",\"url\":\"https:\/\/www.safinel.fr\/wp-content\/uploads\/2021\/05\/boutique-cosmetique.png\",\"contentUrl\":\"https:\/\/www.safinel.fr\/wp-content\/uploads\/2021\/05\/boutique-cosmetique.png\",\"width\":800,\"height\":200,\"caption\":\"Safinel\"},\"image\":{\"@id\":\"https:\/\/www.safinel.fr\/#\/schema\/logo\/image\/\"}}]}<\/script>\n<!-- \/ Yoast SEO plugin. -->","yoast_head_json":{"title":"A manteiga de Akpi I Um ingrediente com m\u00faltiplos benef\u00edcios","description":"A manteiga de akpi \u00e9 um ingrediente de beleza tradicional africano que tem sido usado h\u00e1 anos para melhorar a apar\u00eancia.","robots":{"index":"index","follow":"follow","max-snippet":"max-snippet:-1","max-image-preview":"max-image-preview:large","max-video-preview":"max-video-preview:-1"},"canonical":"https:\/\/www.safinel.fr\/pt\/product-2\/beure-dakpi\/","og_locale":"pt_PT","og_type":"article","og_title":"Le beurre d'Akpi I Un ingr\u00e9dient aux multiples bienfaits","og_description":"Le\u00a0beurre d'akpi\u00a0est un ingr\u00e9dient de beaut\u00e9 africain traditionnel qui a \u00e9t\u00e9 utilis\u00e9 pendant des ann\u00e9es pour l\u2019apparence.","og_url":"https:\/\/www.safinel.fr\/pt\/product-2\/beure-dakpi\/","og_site_name":"Safinel","article_modified_time":"2024-03-03T15:00:04+00:00","og_image":[{"width":600,"height":600,"url":"https:\/\/www.safinel.fr\/wp-content\/uploads\/2022\/08\/beurre-dakpi.jpg","type":"image\/jpeg"}],"twitter_card":"summary_large_image","twitter_misc":{"Tempo estimado de leitura":"2 minutos"},"schema":{"@context":"https:\/\/schema.org","@graph":[{"@type":"WebPage","@id":"https:\/\/www.safinel.fr\/produit\/beure-dakpi\/","url":"https:\/\/www.safinel.fr\/produit\/beure-dakpi\/","name":"A manteiga de Akpi I Um ingrediente com m\u00faltiplos benef\u00edcios","isPartOf":{"@id":"https:\/\/www.safinel.fr\/#website"},"primaryImageOfPage":{"@id":"https:\/\/www.safinel.fr\/produit\/beure-dakpi\/#primaryimage"},"image":{"@id":"https:\/\/www.safinel.fr\/produit\/beure-dakpi\/#primaryimage"},"thumbnailUrl":"https:\/\/www.safinel.fr\/wp-content\/uploads\/2022\/08\/beurre-dakpi.jpg","datePublished":"2022-08-01T15:41:05+00:00","dateModified":"2024-03-03T15:00:04+00:00","description":"A manteiga de akpi \u00e9 um ingrediente de beleza tradicional africano que tem sido usado h\u00e1 anos para melhorar a apar\u00eancia.","breadcrumb":{"@id":"https:\/\/www.safinel.fr\/produit\/beure-dakpi\/#breadcrumb"},"inLanguage":"pt-PT","potentialAction":[{"@type":"ReadAction","target":["https:\/\/www.safinel.fr\/produit\/beure-dakpi\/"]}]},{"@type":"ImageObject","inLanguage":"pt-PT","@id":"https:\/\/www.safinel.fr\/produit\/beure-dakpi\/#primaryimage","url":"https:\/\/www.safinel.fr\/wp-content\/uploads\/2022\/08\/beurre-dakpi.jpg","contentUrl":"https:\/\/www.safinel.fr\/wp-content\/uploads\/2022\/08\/beurre-dakpi.jpg","width":600,"height":600,"caption":"Beure d'akpi"},{"@type":"BreadcrumbList","@id":"https:\/\/www.safinel.fr\/produit\/beure-dakpi\/#breadcrumb","itemListElement":[{"@type":"ListItem","position":1,"name":"Accueil","item":"https:\/\/www.safinel.fr\/"},{"@type":"ListItem","position":2,"name":"Boutique","item":"https:\/\/www.safinel.fr\/boutique\/"},{"@type":"ListItem","position":3,"name":"Beurre d&#8217;akpi"}]},{"@type":"WebSite","@id":"https:\/\/www.safinel.fr\/#website","url":"https:\/\/www.safinel.fr\/","name":"Safinel","description":"","publisher":{"@id":"https:\/\/www.safinel.fr\/#organization"},"potentialAction":[{"@type":"SearchAction","target":{"@type":"EntryPoint","urlTemplate":"https:\/\/www.safinel.fr\/?s={search_term_string}"},"query-input":{"@type":"PropertyValueSpecification","valueRequired":true,"valueName":"search_term_string"}}],"inLanguage":"pt-PT"},{"@type":"Organization","@id":"https:\/\/www.safinel.fr\/#organization","name":"Safinel","url":"https:\/\/www.safinel.fr\/","logo":{"@type":"ImageObject","inLanguage":"pt-PT","@id":"https:\/\/www.safinel.fr\/#\/schema\/logo\/image\/","url":"https:\/\/www.safinel.fr\/wp-content\/uploads\/2021\/05\/boutique-cosmetique.png","contentUrl":"https:\/\/www.safinel.fr\/wp-content\/uploads\/2021\/05\/boutique-cosmetique.png","width":800,"height":200,"caption":"Safinel"},"image":{"@id":"https:\/\/www.safinel.fr\/#\/schema\/logo\/image\/"}}]}},"_links":{"self":[{"href":"https:\/\/www.safinel.fr\/pt\/wp-json\/wp\/v2\/product\/2103","targetHints":{"allow":["GET"]}}],"collection":[{"href":"https:\/\/www.safinel.fr\/pt\/wp-json\/wp\/v2\/product"}],"about":[{"href":"https:\/\/www.safinel.fr\/pt\/wp-json\/wp\/v2\/types\/product"}],"wp:featuredmedia":[{"embeddable":true,"href":"https:\/\/www.safinel.fr\/pt\/wp-json\/wp\/v2\/media\/5388"}],"wp:attachment":[{"href":"https:\/\/www.safinel.fr\/pt\/wp-json\/wp\/v2\/media?parent=2103"}],"wp:term":[{"taxonomy":"product_brand","embeddable":true,"href":"https:\/\/www.safinel.fr\/pt\/wp-json\/wp\/v2\/product_brand?post=2103"},{"taxonomy":"product_cat","embeddable":true,"href":"https:\/\/www.safinel.fr\/pt\/wp-json\/wp\/v2\/product_cat?post=2103"},{"taxonomy":"product_tag","embeddable":true,"href":"https:\/\/www.safinel.fr\/pt\/wp-json\/wp\/v2\/product_tag?post=2103"}],"curies":[{"name":"wp","href":"https:\/\/api.w.org\/{rel}","templated":true}]}}