{"id":2054,"date":"2022-08-06T14:11:30","date_gmt":"2022-08-06T14:11:30","guid":{"rendered":"https:\/\/www.safinel.fr\/?post_type=product&#038;p=2054"},"modified":"2024-04-16T11:54:13","modified_gmt":"2024-04-16T11:54:13","slug":"po-de-baoba-bouye","status":"publish","type":"product","link":"https:\/\/www.safinel.fr\/pt\/product-2\/po-de-baoba-bouye\/","title":{"rendered":"P\u00f3 de baob\u00e1 (Bouye) 100 g"},"content":{"rendered":"<p>O baob\u00e1 \u00e9 uma \u00e1rvore que produz um fruto que, uma vez reduzido a p\u00f3, \u00e9 um excelente suplemento alimentar. Descubra aqui o que deve saber sobre o p\u00f3 de baob\u00e1.<\/p>\n<h2><strong>P\u00f3 de baob\u00e1: o que \u00e9 isso?<\/strong><\/h2>\n<p>O baob\u00e1 \u00e9 uma \u00e1rvore da fam\u00edlia Malvaceae que existe em oito variedades, todas adaptadas \u00e0s condi\u00e7\u00f5es clim\u00e1ticas mais \u00e1ridas. Tamb\u00e9m chamada de \u00ab\u00e1rvore m\u00e1gica\u00bb ou \u00ab\u00e1rvore garrafa\u00bb, ela \u00e9 encontrada na savana africana. Ela produz um fruto, o akoussa, tamb\u00e9m chamado de \u00abp\u00e3o de macaco\u00bb. \u00c9 este fruto que \u00e9 utilizado na maioria dos casos para produzir este produto, um suplemento alimentar sem igual.<\/p>\n<h2><strong>O que cont\u00e9m o p\u00f3 de baob\u00e1?<\/strong><\/h2>\n<p>Esta fruta \u00e9 uma das mais ricas em vitamina C do mundo. 100 gramas da polpa da akoussa cont\u00eam 300 mg de vitamina C. Isso representa um teor sete vezes superior ao da laranja. As vitaminas A, PP, B1 e B6, bem como sais minerais e oligoelementos essenciais, como pot\u00e1ssio, zinco, ferro e f\u00f3sforo, s\u00e3o nutrientes presentes no p\u00f3 da akoussa.<\/p>\n<h2><strong>Propriedades e benef\u00edcios do p\u00f3 de baob\u00e1<\/strong><\/h2>\n<p>Os benef\u00edcios s\u00e3o imensos:<\/p>\n<ul>\n<li>um melhor anti-inflamat\u00f3rio; ;<\/li>\n<li>um antioxidante natural; ;<\/li>\n<li>um ganho em forma e vitaminas; ;<\/li>\n<li>preven\u00e7\u00e3o dos riscos de car\u00eancia alimentar; ;<\/li>\n<li>melhor <a href=\"https:\/\/www.safinel.fr\/pt\/product-2\/folhas-de-amoreira-branca\/\"><strong>fonte de fibras<\/strong><\/a> ;<\/li>\n<li>o combate aos dist\u00farbios gastrointestinais.<\/li>\n<\/ul>\n<p>Pode-se dizer que o p\u00f3 de baob\u00e1 \u00e9 um dos alimentos mais surpreendentes do mundo.<\/p>\n<h3><strong>Como utiliz\u00e1-lo?<\/strong><\/h3>\n<p>\u00c9 usado principalmente como um suplemento alimentar. O ideal \u00e9 consumir entre cinco e quinze gramas por dia. Pode adicion\u00e1-lo \u00e0 sua bebida (sumo de fruta, \u00e1gua...) ou aos seus pratos, devido ao seu sabor levemente \u00e1cido e adocicado. D\u00ea prefer\u00eancia ao consumo matinal para aproveitar os benef\u00edcios ao longo do dia.<\/p>","protected":false},"excerpt":{"rendered":"<p>O baob\u00e1 \u00e9 uma \u00e1rvore que produz um fruto que, uma vez reduzido a p\u00f3, \u00e9 um excelente suplemento alimentar. Descubra aqui o que deve saber sobre o p\u00f3 de baob\u00e1. P\u00f3 de baob\u00e1: o que \u00e9? O baob\u00e1 \u00e9 uma \u00e1rvore da fam\u00edlia das Malvaceae que existe em oito [\u2026]","protected":false},"featured_media":2055,"template":"","meta":[],"product_brand":[],"product_cat":[59,110],"product_tag":[],"class_list":{"0":"post-2054","1":"product","2":"type-product","3":"status-publish","4":"has-post-thumbnail","6":"product_cat-fruit-tropical","7":"product_cat-poudre-cheveux-ayurvedique","9":"first","10":"instock","11":"shipping-taxable","12":"purchasable","13":"product-type-simple"},"yoast_head":"<!-- This site is optimized with the Yoast SEO plugin v26.6 - https:\/\/yoast.com\/wordpress\/plugins\/seo\/ -->\n<title>Poudre de baobab (Bouye) I Fruit tropical I Contenance 100g<\/title>\n<meta name=\"description\" content=\"Le baobab est un arbre qui produit un fruit qui, une fois r\u00e9duit en poudre, se trouve \u00eatre un excellent compl\u00e9ment. D\u00e9couvrez la poudre de baobab.\" \/>\n<meta name=\"robots\" content=\"index, follow, max-snippet:-1, max-image-preview:large, max-video-preview:-1\" \/>\n<link rel=\"canonical\" href=\"https:\/\/www.safinel.fr\/pt\/product-2\/po-de-baoba-bouye\/\" \/>\n<meta property=\"og:locale\" content=\"pt_PT\" \/>\n<meta property=\"og:type\" content=\"article\" \/>\n<meta property=\"og:title\" content=\"Poudre de baobab (Bouye) I Fruit tropical I Contenance 100g\" \/>\n<meta property=\"og:description\" content=\"Le baobab est un arbre qui produit un fruit qui, une fois r\u00e9duit en poudre, se trouve \u00eatre un excellent compl\u00e9ment. D\u00e9couvrez la poudre de baobab.\" \/>\n<meta property=\"og:url\" content=\"https:\/\/www.safinel.fr\/pt\/product-2\/po-de-baoba-bouye\/\" \/>\n<meta property=\"og:site_name\" content=\"Safinel\" \/>\n<meta property=\"article:modified_time\" content=\"2024-04-16T11:54:13+00:00\" \/>\n<meta property=\"og:image\" content=\"https:\/\/www.safinel.fr\/wp-content\/uploads\/2022\/08\/bouye-fruit-du-baobab.jpg\" \/>\n\t<meta property=\"og:image:width\" content=\"600\" \/>\n\t<meta property=\"og:image:height\" content=\"600\" \/>\n\t<meta property=\"og:image:type\" content=\"image\/jpeg\" \/>\n<meta name=\"twitter:card\" content=\"summary_large_image\" \/>\n<meta name=\"twitter:label1\" content=\"Tempo estimado de leitura\" \/>\n\t<meta name=\"twitter:data1\" content=\"2 minutos\" \/>\n<script type=\"application\/ld+json\" class=\"yoast-schema-graph\">{\"@context\":\"https:\/\/schema.org\",\"@graph\":[{\"@type\":\"WebPage\",\"@id\":\"https:\/\/www.safinel.fr\/produit\/poudre-de-baobab-bouye\/\",\"url\":\"https:\/\/www.safinel.fr\/produit\/poudre-de-baobab-bouye\/\",\"name\":\"Poudre de baobab (Bouye) I Fruit tropical I Contenance 100g\",\"isPartOf\":{\"@id\":\"https:\/\/www.safinel.fr\/#website\"},\"primaryImageOfPage\":{\"@id\":\"https:\/\/www.safinel.fr\/produit\/poudre-de-baobab-bouye\/#primaryimage\"},\"image\":{\"@id\":\"https:\/\/www.safinel.fr\/produit\/poudre-de-baobab-bouye\/#primaryimage\"},\"thumbnailUrl\":\"https:\/\/www.safinel.fr\/wp-content\/uploads\/2022\/08\/bouye-fruit-du-baobab.jpg\",\"datePublished\":\"2022-08-06T14:11:30+00:00\",\"dateModified\":\"2024-04-16T11:54:13+00:00\",\"description\":\"Le baobab est un arbre qui produit un fruit qui, une fois r\u00e9duit en poudre, se trouve \u00eatre un excellent compl\u00e9ment. D\u00e9couvrez la poudre de baobab.\",\"breadcrumb\":{\"@id\":\"https:\/\/www.safinel.fr\/produit\/poudre-de-baobab-bouye\/#breadcrumb\"},\"inLanguage\":\"pt-PT\",\"potentialAction\":[{\"@type\":\"ReadAction\",\"target\":[\"https:\/\/www.safinel.fr\/produit\/poudre-de-baobab-bouye\/\"]}]},{\"@type\":\"ImageObject\",\"inLanguage\":\"pt-PT\",\"@id\":\"https:\/\/www.safinel.fr\/produit\/poudre-de-baobab-bouye\/#primaryimage\",\"url\":\"https:\/\/www.safinel.fr\/wp-content\/uploads\/2022\/08\/bouye-fruit-du-baobab.jpg\",\"contentUrl\":\"https:\/\/www.safinel.fr\/wp-content\/uploads\/2022\/08\/bouye-fruit-du-baobab.jpg\",\"width\":600,\"height\":600,\"caption\":\"poudre de baobab\"},{\"@type\":\"BreadcrumbList\",\"@id\":\"https:\/\/www.safinel.fr\/produit\/poudre-de-baobab-bouye\/#breadcrumb\",\"itemListElement\":[{\"@type\":\"ListItem\",\"position\":1,\"name\":\"Accueil\",\"item\":\"https:\/\/www.safinel.fr\/\"},{\"@type\":\"ListItem\",\"position\":2,\"name\":\"Boutique\",\"item\":\"https:\/\/www.safinel.fr\/boutique\/\"},{\"@type\":\"ListItem\",\"position\":3,\"name\":\"Poudre de baobab (Bouye) 100g\"}]},{\"@type\":\"WebSite\",\"@id\":\"https:\/\/www.safinel.fr\/#website\",\"url\":\"https:\/\/www.safinel.fr\/\",\"name\":\"Safinel\",\"description\":\"\",\"publisher\":{\"@id\":\"https:\/\/www.safinel.fr\/#organization\"},\"potentialAction\":[{\"@type\":\"SearchAction\",\"target\":{\"@type\":\"EntryPoint\",\"urlTemplate\":\"https:\/\/www.safinel.fr\/?s={search_term_string}\"},\"query-input\":{\"@type\":\"PropertyValueSpecification\",\"valueRequired\":true,\"valueName\":\"search_term_string\"}}],\"inLanguage\":\"pt-PT\"},{\"@type\":\"Organization\",\"@id\":\"https:\/\/www.safinel.fr\/#organization\",\"name\":\"Safinel\",\"url\":\"https:\/\/www.safinel.fr\/\",\"logo\":{\"@type\":\"ImageObject\",\"inLanguage\":\"pt-PT\",\"@id\":\"https:\/\/www.safinel.fr\/#\/schema\/logo\/image\/\",\"url\":\"https:\/\/www.safinel.fr\/wp-content\/uploads\/2021\/05\/boutique-cosmetique.png\",\"contentUrl\":\"https:\/\/www.safinel.fr\/wp-content\/uploads\/2021\/05\/boutique-cosmetique.png\",\"width\":800,\"height\":200,\"caption\":\"Safinel\"},\"image\":{\"@id\":\"https:\/\/www.safinel.fr\/#\/schema\/logo\/image\/\"}}]}<\/script>\n<!-- \/ Yoast SEO plugin. -->","yoast_head_json":{"title":"P\u00f3 de baob\u00e1 (Bouye) I Fruta tropical I Conte\u00fado 100 g","description":"O baob\u00e1 \u00e9 uma \u00e1rvore que produz um fruto que, uma vez reduzido a p\u00f3, \u00e9 um excelente complemento alimentar. Descubra o p\u00f3 de baob\u00e1.","robots":{"index":"index","follow":"follow","max-snippet":"max-snippet:-1","max-image-preview":"max-image-preview:large","max-video-preview":"max-video-preview:-1"},"canonical":"https:\/\/www.safinel.fr\/pt\/product-2\/po-de-baoba-bouye\/","og_locale":"pt_PT","og_type":"article","og_title":"Poudre de baobab (Bouye) I Fruit tropical I Contenance 100g","og_description":"Le baobab est un arbre qui produit un fruit qui, une fois r\u00e9duit en poudre, se trouve \u00eatre un excellent compl\u00e9ment. D\u00e9couvrez la poudre de baobab.","og_url":"https:\/\/www.safinel.fr\/pt\/product-2\/po-de-baoba-bouye\/","og_site_name":"Safinel","article_modified_time":"2024-04-16T11:54:13+00:00","og_image":[{"width":600,"height":600,"url":"https:\/\/www.safinel.fr\/wp-content\/uploads\/2022\/08\/bouye-fruit-du-baobab.jpg","type":"image\/jpeg"}],"twitter_card":"summary_large_image","twitter_misc":{"Tempo estimado de leitura":"2 minutos"},"schema":{"@context":"https:\/\/schema.org","@graph":[{"@type":"WebPage","@id":"https:\/\/www.safinel.fr\/produit\/poudre-de-baobab-bouye\/","url":"https:\/\/www.safinel.fr\/produit\/poudre-de-baobab-bouye\/","name":"P\u00f3 de baob\u00e1 (Bouye) I Fruta tropical I Conte\u00fado 100 g","isPartOf":{"@id":"https:\/\/www.safinel.fr\/#website"},"primaryImageOfPage":{"@id":"https:\/\/www.safinel.fr\/produit\/poudre-de-baobab-bouye\/#primaryimage"},"image":{"@id":"https:\/\/www.safinel.fr\/produit\/poudre-de-baobab-bouye\/#primaryimage"},"thumbnailUrl":"https:\/\/www.safinel.fr\/wp-content\/uploads\/2022\/08\/bouye-fruit-du-baobab.jpg","datePublished":"2022-08-06T14:11:30+00:00","dateModified":"2024-04-16T11:54:13+00:00","description":"O baob\u00e1 \u00e9 uma \u00e1rvore que produz um fruto que, uma vez reduzido a p\u00f3, \u00e9 um excelente complemento alimentar. Descubra o p\u00f3 de baob\u00e1.","breadcrumb":{"@id":"https:\/\/www.safinel.fr\/produit\/poudre-de-baobab-bouye\/#breadcrumb"},"inLanguage":"pt-PT","potentialAction":[{"@type":"ReadAction","target":["https:\/\/www.safinel.fr\/produit\/poudre-de-baobab-bouye\/"]}]},{"@type":"ImageObject","inLanguage":"pt-PT","@id":"https:\/\/www.safinel.fr\/produit\/poudre-de-baobab-bouye\/#primaryimage","url":"https:\/\/www.safinel.fr\/wp-content\/uploads\/2022\/08\/bouye-fruit-du-baobab.jpg","contentUrl":"https:\/\/www.safinel.fr\/wp-content\/uploads\/2022\/08\/bouye-fruit-du-baobab.jpg","width":600,"height":600,"caption":"poudre de baobab"},{"@type":"BreadcrumbList","@id":"https:\/\/www.safinel.fr\/produit\/poudre-de-baobab-bouye\/#breadcrumb","itemListElement":[{"@type":"ListItem","position":1,"name":"Accueil","item":"https:\/\/www.safinel.fr\/"},{"@type":"ListItem","position":2,"name":"Boutique","item":"https:\/\/www.safinel.fr\/boutique\/"},{"@type":"ListItem","position":3,"name":"Poudre de baobab (Bouye) 100g"}]},{"@type":"WebSite","@id":"https:\/\/www.safinel.fr\/#website","url":"https:\/\/www.safinel.fr\/","name":"Safinel","description":"","publisher":{"@id":"https:\/\/www.safinel.fr\/#organization"},"potentialAction":[{"@type":"SearchAction","target":{"@type":"EntryPoint","urlTemplate":"https:\/\/www.safinel.fr\/?s={search_term_string}"},"query-input":{"@type":"PropertyValueSpecification","valueRequired":true,"valueName":"search_term_string"}}],"inLanguage":"pt-PT"},{"@type":"Organization","@id":"https:\/\/www.safinel.fr\/#organization","name":"Safinel","url":"https:\/\/www.safinel.fr\/","logo":{"@type":"ImageObject","inLanguage":"pt-PT","@id":"https:\/\/www.safinel.fr\/#\/schema\/logo\/image\/","url":"https:\/\/www.safinel.fr\/wp-content\/uploads\/2021\/05\/boutique-cosmetique.png","contentUrl":"https:\/\/www.safinel.fr\/wp-content\/uploads\/2021\/05\/boutique-cosmetique.png","width":800,"height":200,"caption":"Safinel"},"image":{"@id":"https:\/\/www.safinel.fr\/#\/schema\/logo\/image\/"}}]}},"_links":{"self":[{"href":"https:\/\/www.safinel.fr\/pt\/wp-json\/wp\/v2\/product\/2054","targetHints":{"allow":["GET"]}}],"collection":[{"href":"https:\/\/www.safinel.fr\/pt\/wp-json\/wp\/v2\/product"}],"about":[{"href":"https:\/\/www.safinel.fr\/pt\/wp-json\/wp\/v2\/types\/product"}],"wp:featuredmedia":[{"embeddable":true,"href":"https:\/\/www.safinel.fr\/pt\/wp-json\/wp\/v2\/media\/2055"}],"wp:attachment":[{"href":"https:\/\/www.safinel.fr\/pt\/wp-json\/wp\/v2\/media?parent=2054"}],"wp:term":[{"taxonomy":"product_brand","embeddable":true,"href":"https:\/\/www.safinel.fr\/pt\/wp-json\/wp\/v2\/product_brand?post=2054"},{"taxonomy":"product_cat","embeddable":true,"href":"https:\/\/www.safinel.fr\/pt\/wp-json\/wp\/v2\/product_cat?post=2054"},{"taxonomy":"product_tag","embeddable":true,"href":"https:\/\/www.safinel.fr\/pt\/wp-json\/wp\/v2\/product_tag?post=2054"}],"curies":[{"name":"wp","href":"https:\/\/api.w.org\/{rel}","templated":true}]}}