{"id":205,"date":"2021-07-15T13:41:05","date_gmt":"2021-07-15T13:41:05","guid":{"rendered":"https:\/\/www.safinel.fr\/?post_type=product&#038;p=205"},"modified":"2024-02-23T23:34:15","modified_gmt":"2024-02-23T23:34:15","slug":"po-de-reetha","status":"publish","type":"product","link":"https:\/\/www.safinel.fr\/pt\/product-2\/po-de-reetha\/","title":{"rendered":"P\u00f3 de reetha 100 g"},"content":{"rendered":"<p>O p\u00f3 de Reetha \u00e9 um cosm\u00e9tico natural obtido a partir da casca da \u00e1rvore \u00abSapindus mukorossi\u00bb. Na linguagem comum, os indianos chamam-na de \u00ab\u00e1rvore do sab\u00e3o\u00bb. N\u00f3s, europeus, preferimos o termo \u00absaboneteiro indiano\u00bb. O Reetha \u00e9 um cosm\u00e9tico natural obtido a partir da casca da \u00e1rvore \u00abSapindus mukorossi\u00bb. Na linguagem comum, os indianos chamam-na de \u00ab\u00e1rvore do sab\u00e3o\u00bb. N\u00f3s, europeus, preferimos o termo \u00absaboneteiro indiano\u00bb.<\/p>\n<p>Trata-se de um p\u00f3 ayurv\u00e9dico muito utilizado nos cuidados capilares. O fruto e, mais precisamente, a noz de reetha \u00e9 a mat\u00e9ria que nos interessa. Oferece m\u00faltiplos benef\u00edcios para a sa\u00fade capilar.<span class=\"Apple-converted-space\">\u00a0<\/span><\/p>\n<h2><b>Reetha em p\u00f3: propriedades de limpeza extraordin\u00e1rias<\/b><\/h2>\n<p>O p\u00f3 de Reetha tamb\u00e9m \u00e9 conhecido como Arita. Essas duas palavras semelhantes designam o mesmo produto. Muito rica em saponinas, a casca da noz Sapindus mukorossi revela um poder de limpeza pronunciado. As indianas utilizam esse p\u00f3 at\u00e9 mesmo para lavar tecidos. Esse uso diversificado \u00e9 isento de produtos qu\u00edmicos e segue a onda verde.<span class=\"Apple-converted-space\">\u00a0<\/span><\/p>\n<p>O p\u00f3 de Reetha ajuda a cuidar do couro cabeludo. Ele d\u00e1 for\u00e7a e brilho ao cabelo, ao mesmo tempo que o protege das agress\u00f5es externas. Esse rem\u00e9dio natural tamb\u00e9m \u00e9 eficaz para eliminar piolhos. Ao aplic\u00e1-lo na forma de m\u00e1scaras, ele elimina facilmente esses parasitas. <span class=\"Apple-converted-space\">\u00a0<\/span><\/p>\n<h2><b>Um p\u00f3 ayurv\u00e9dico muito eficaz para combater o sebo<\/b><\/h2>\n<p>Este p\u00f3 cosm\u00e9tico indiano limpa muito bem o couro cabeludo. A acidez natural contida no cora\u00e7\u00e3o do Reetha estabiliza o PJ no cora\u00e7\u00e3o da fibra capilar. Idealmente, mant\u00e9m o PH num n\u00edvel de 4,5 a 5,5. Esta capacidade n\u00e3o s\u00f3 permite evitar a prolifera\u00e7\u00e3o de bact\u00e9rias e fungos, como tamb\u00e9m combate a oleosidade, para recuperar um cabelo limpo e sedoso.<span class=\"Apple-converted-space\">\u00a0<\/span><\/p>\n<p>Al\u00e9m disso, se costuma tomar banho com \u00e1gua calc\u00e1ria, o p\u00f3 de Reetha combate esse efeito. Assim, protege o cabelo do ressecamento.<span class=\"Apple-converted-space\">\u00a0<\/span><\/p>\n<h2><b>Como usar o p\u00f3 cosm\u00e9tico Reetha?<span class=\"Apple-converted-space\">\u00a0<\/span><\/b><\/h2>\n<p>O p\u00f3 de Reetha \u00e9 utilizado na forma de m\u00e1scara ou cataplasma. O protocolo \u00e9 muito f\u00e1cil. Basta misturar o produto com \u00e1gua morna. Em seguida, amasse at\u00e9 obter uma pasta uniforme para aplicar no cabelo.<span class=\"Apple-converted-space\">\u00a0<\/span><\/p>\n<p>N\u00e3o se preocupe! N\u00e3o \u00e9 porque o Reetha n\u00e3o faz espuma que ele n\u00e3o lava. Pelo contr\u00e1rio, ele remove as impurezas. O agente espumante \u00e9 apenas um efeito qu\u00edmico dos champ\u00f4s. Ele apenas cria uma sensa\u00e7\u00e3o de bem-estar, sem exercer qualquer efeito de limpeza. Geralmente, s\u00e3o outras subst\u00e2ncias que fazem o trabalho.<span class=\"Apple-converted-space\">\u00a0<\/span><\/p>\n<p>O p\u00f3 de Reetha tem, portanto, a capacidade de limpar em profundidade gra\u00e7as aos seus agentes \u00e1cidos naturais. Opte por ele para manter um cabelo cheio de vitalidade.<span class=\"Apple-converted-space\">\u00a0<\/span><\/p>\n<h3><b>Incorporar \u00f3leos cosm\u00e9ticos para melhorar o desempenho do tratamento<\/b><\/h3>\n<p>N\u00e3o h\u00e1 nada que impe\u00e7a que misture produtos cosm\u00e9ticos naturais para obter um benef\u00edcio. Experimente com o <a href=\"https:\/\/www.safinel.fr\/pt\/product-2\/kapoor-kachli\/\"><strong>kapoor kachli<\/strong><\/a> ou outros cuidados dispon\u00edveis nas prateleiras.<span class=\"Apple-converted-space\">\u00a0<\/span><\/p>\n<p>Para enriquecer o tratamento natural com Reetha, recomenda-se o uso de \u00f3leos vegetais ricos em vitamina E e antioxidantes. N\u00e3o faltam exemplos. Jojoba, am\u00eandoa doce ou arg\u00e3o est\u00e3o entre os mais recomendados. Eles formam uma pel\u00edcula oleosa ao redor do cabelo para hidrat\u00e1-lo intensamente. A escolha \u00e9 sua.<span class=\"Apple-converted-space\">\u00a0<\/span><\/p>","protected":false},"excerpt":{"rendered":"<p><img decoding=\"async\" class=\"size-full wp-image-5091 aligncenter\" src=\"https:\/\/www.safinel.fr\/wp-content\/uploads\/2021\/06\/BANNIERE-ICONE-SAFINEL.webp\" alt=\"resseguro satinado\" width=\"800\" height=\"200\" srcset=\"https:\/\/www.safinel.fr\/wp-content\/uploads\/2021\/06\/BANNIERE-ICONE-SAFINEL.webp 800w, https:\/\/www.safinel.fr\/wp-content\/uploads\/2021\/06\/BANNIERE-ICONE-SAFINEL-600x150.webp 600w, https:\/\/www.safinel.fr\/wp-content\/uploads\/2021\/06\/BANNIERE-ICONE-SAFINEL-768x192.webp 768w\" sizes=\"(max-width: 800px) 100vw, 800px\" \/><\/p>","protected":false},"featured_media":186,"template":"","meta":[],"product_brand":[],"product_cat":[27],"product_tag":[],"class_list":{"0":"post-205","1":"product","2":"type-product","3":"status-publish","4":"has-post-thumbnail","6":"product_cat-plantes-medicinales","8":"first","9":"instock","10":"shipping-taxable","11":"purchasable","12":"product-type-simple"},"yoast_head":"<!-- This site is optimized with the Yoast SEO plugin v26.6 - https:\/\/yoast.com\/wordpress\/plugins\/seo\/ -->\n<title>Poudre de Reetha | Cosm\u00e9tique naturel aux nombreux bienfaits<\/title>\n<meta name=\"description\" content=\"La poudre de Reetha est un cosm\u00e9tique naturel obtenu \u00e0 partir de l\u2019\u00e9corce de l\u2019arbre \u00ab\u00a0Sapindus mukorossi\u00a0\u00bb. Adoptez-l\u00e0 en quelques clics !\" \/>\n<meta name=\"robots\" content=\"index, follow, max-snippet:-1, max-image-preview:large, max-video-preview:-1\" \/>\n<link rel=\"canonical\" href=\"https:\/\/www.safinel.fr\/pt\/product-2\/po-de-reetha\/\" \/>\n<meta property=\"og:locale\" content=\"pt_PT\" \/>\n<meta property=\"og:type\" content=\"article\" \/>\n<meta property=\"og:title\" content=\"Poudre de Reetha | Cosm\u00e9tique naturel aux nombreux bienfaits\" \/>\n<meta property=\"og:description\" content=\"La poudre de Reetha est un cosm\u00e9tique naturel obtenu \u00e0 partir de l\u2019\u00e9corce de l\u2019arbre \u00ab\u00a0Sapindus mukorossi\u00a0\u00bb. Adoptez-l\u00e0 en quelques clics !\" \/>\n<meta property=\"og:url\" content=\"https:\/\/www.safinel.fr\/pt\/product-2\/po-de-reetha\/\" \/>\n<meta property=\"og:site_name\" content=\"Safinel\" \/>\n<meta property=\"article:modified_time\" content=\"2024-02-23T23:34:15+00:00\" \/>\n<meta property=\"og:image\" content=\"https:\/\/www.safinel.fr\/wp-content\/uploads\/2021\/07\/reetha.jpg\" \/>\n\t<meta property=\"og:image:width\" content=\"1001\" \/>\n\t<meta property=\"og:image:height\" content=\"1001\" \/>\n\t<meta property=\"og:image:type\" content=\"image\/jpeg\" \/>\n<meta name=\"twitter:card\" content=\"summary_large_image\" \/>\n<meta name=\"twitter:label1\" content=\"Tempo estimado de leitura\" \/>\n\t<meta name=\"twitter:data1\" content=\"3 minutos\" \/>\n<script type=\"application\/ld+json\" class=\"yoast-schema-graph\">{\"@context\":\"https:\/\/schema.org\",\"@graph\":[{\"@type\":\"WebPage\",\"@id\":\"https:\/\/www.safinel.fr\/produit\/poudre-de-reetha\/\",\"url\":\"https:\/\/www.safinel.fr\/produit\/poudre-de-reetha\/\",\"name\":\"Poudre de Reetha | Cosm\u00e9tique naturel aux nombreux bienfaits\",\"isPartOf\":{\"@id\":\"https:\/\/www.safinel.fr\/#website\"},\"primaryImageOfPage\":{\"@id\":\"https:\/\/www.safinel.fr\/produit\/poudre-de-reetha\/#primaryimage\"},\"image\":{\"@id\":\"https:\/\/www.safinel.fr\/produit\/poudre-de-reetha\/#primaryimage\"},\"thumbnailUrl\":\"https:\/\/www.safinel.fr\/wp-content\/uploads\/2021\/07\/reetha.jpg\",\"datePublished\":\"2021-07-15T13:41:05+00:00\",\"dateModified\":\"2024-02-23T23:34:15+00:00\",\"description\":\"La poudre de Reetha est un cosm\u00e9tique naturel obtenu \u00e0 partir de l\u2019\u00e9corce de l\u2019arbre \u00ab\u00a0Sapindus mukorossi\u00a0\u00bb. Adoptez-l\u00e0 en quelques clics !\",\"breadcrumb\":{\"@id\":\"https:\/\/www.safinel.fr\/produit\/poudre-de-reetha\/#breadcrumb\"},\"inLanguage\":\"pt-PT\",\"potentialAction\":[{\"@type\":\"ReadAction\",\"target\":[\"https:\/\/www.safinel.fr\/produit\/poudre-de-reetha\/\"]}]},{\"@type\":\"ImageObject\",\"inLanguage\":\"pt-PT\",\"@id\":\"https:\/\/www.safinel.fr\/produit\/poudre-de-reetha\/#primaryimage\",\"url\":\"https:\/\/www.safinel.fr\/wp-content\/uploads\/2021\/07\/reetha.jpg\",\"contentUrl\":\"https:\/\/www.safinel.fr\/wp-content\/uploads\/2021\/07\/reetha.jpg\",\"width\":1001,\"height\":1001,\"caption\":\"Poudre de Reetha\"},{\"@type\":\"BreadcrumbList\",\"@id\":\"https:\/\/www.safinel.fr\/produit\/poudre-de-reetha\/#breadcrumb\",\"itemListElement\":[{\"@type\":\"ListItem\",\"position\":1,\"name\":\"Accueil\",\"item\":\"https:\/\/www.safinel.fr\/\"},{\"@type\":\"ListItem\",\"position\":2,\"name\":\"Boutique\",\"item\":\"https:\/\/www.safinel.fr\/boutique\/\"},{\"@type\":\"ListItem\",\"position\":3,\"name\":\"Poudre de reetha 100g\"}]},{\"@type\":\"WebSite\",\"@id\":\"https:\/\/www.safinel.fr\/#website\",\"url\":\"https:\/\/www.safinel.fr\/\",\"name\":\"Safinel\",\"description\":\"\",\"publisher\":{\"@id\":\"https:\/\/www.safinel.fr\/#organization\"},\"potentialAction\":[{\"@type\":\"SearchAction\",\"target\":{\"@type\":\"EntryPoint\",\"urlTemplate\":\"https:\/\/www.safinel.fr\/?s={search_term_string}\"},\"query-input\":{\"@type\":\"PropertyValueSpecification\",\"valueRequired\":true,\"valueName\":\"search_term_string\"}}],\"inLanguage\":\"pt-PT\"},{\"@type\":\"Organization\",\"@id\":\"https:\/\/www.safinel.fr\/#organization\",\"name\":\"Safinel\",\"url\":\"https:\/\/www.safinel.fr\/\",\"logo\":{\"@type\":\"ImageObject\",\"inLanguage\":\"pt-PT\",\"@id\":\"https:\/\/www.safinel.fr\/#\/schema\/logo\/image\/\",\"url\":\"https:\/\/www.safinel.fr\/wp-content\/uploads\/2021\/05\/boutique-cosmetique.png\",\"contentUrl\":\"https:\/\/www.safinel.fr\/wp-content\/uploads\/2021\/05\/boutique-cosmetique.png\",\"width\":800,\"height\":200,\"caption\":\"Safinel\"},\"image\":{\"@id\":\"https:\/\/www.safinel.fr\/#\/schema\/logo\/image\/\"}}]}<\/script>\n<!-- \/ Yoast SEO plugin. -->","yoast_head_json":{"title":"P\u00f3 de Reetha | Cosm\u00e9tico natural com in\u00fameros benef\u00edcios","description":"O p\u00f3 de Reetha \u00e9 um cosm\u00e9tico natural obtido a partir da casca da \u00e1rvore \u00abSapindus mukorossi\u00bb. Adquira-o com apenas alguns cliques!","robots":{"index":"index","follow":"follow","max-snippet":"max-snippet:-1","max-image-preview":"max-image-preview:large","max-video-preview":"max-video-preview:-1"},"canonical":"https:\/\/www.safinel.fr\/pt\/product-2\/po-de-reetha\/","og_locale":"pt_PT","og_type":"article","og_title":"Poudre de Reetha | Cosm\u00e9tique naturel aux nombreux bienfaits","og_description":"La poudre de Reetha est un cosm\u00e9tique naturel obtenu \u00e0 partir de l\u2019\u00e9corce de l\u2019arbre \u00ab\u00a0Sapindus mukorossi\u00a0\u00bb. Adoptez-l\u00e0 en quelques clics !","og_url":"https:\/\/www.safinel.fr\/pt\/product-2\/po-de-reetha\/","og_site_name":"Safinel","article_modified_time":"2024-02-23T23:34:15+00:00","og_image":[{"width":1001,"height":1001,"url":"https:\/\/www.safinel.fr\/wp-content\/uploads\/2021\/07\/reetha.jpg","type":"image\/jpeg"}],"twitter_card":"summary_large_image","twitter_misc":{"Tempo estimado de leitura":"3 minutos"},"schema":{"@context":"https:\/\/schema.org","@graph":[{"@type":"WebPage","@id":"https:\/\/www.safinel.fr\/produit\/poudre-de-reetha\/","url":"https:\/\/www.safinel.fr\/produit\/poudre-de-reetha\/","name":"P\u00f3 de Reetha | Cosm\u00e9tico natural com in\u00fameros benef\u00edcios","isPartOf":{"@id":"https:\/\/www.safinel.fr\/#website"},"primaryImageOfPage":{"@id":"https:\/\/www.safinel.fr\/produit\/poudre-de-reetha\/#primaryimage"},"image":{"@id":"https:\/\/www.safinel.fr\/produit\/poudre-de-reetha\/#primaryimage"},"thumbnailUrl":"https:\/\/www.safinel.fr\/wp-content\/uploads\/2021\/07\/reetha.jpg","datePublished":"2021-07-15T13:41:05+00:00","dateModified":"2024-02-23T23:34:15+00:00","description":"O p\u00f3 de Reetha \u00e9 um cosm\u00e9tico natural obtido a partir da casca da \u00e1rvore \u00abSapindus mukorossi\u00bb. Adquira-o com apenas alguns cliques!","breadcrumb":{"@id":"https:\/\/www.safinel.fr\/produit\/poudre-de-reetha\/#breadcrumb"},"inLanguage":"pt-PT","potentialAction":[{"@type":"ReadAction","target":["https:\/\/www.safinel.fr\/produit\/poudre-de-reetha\/"]}]},{"@type":"ImageObject","inLanguage":"pt-PT","@id":"https:\/\/www.safinel.fr\/produit\/poudre-de-reetha\/#primaryimage","url":"https:\/\/www.safinel.fr\/wp-content\/uploads\/2021\/07\/reetha.jpg","contentUrl":"https:\/\/www.safinel.fr\/wp-content\/uploads\/2021\/07\/reetha.jpg","width":1001,"height":1001,"caption":"Poudre de Reetha"},{"@type":"BreadcrumbList","@id":"https:\/\/www.safinel.fr\/produit\/poudre-de-reetha\/#breadcrumb","itemListElement":[{"@type":"ListItem","position":1,"name":"Accueil","item":"https:\/\/www.safinel.fr\/"},{"@type":"ListItem","position":2,"name":"Boutique","item":"https:\/\/www.safinel.fr\/boutique\/"},{"@type":"ListItem","position":3,"name":"Poudre de reetha 100g"}]},{"@type":"WebSite","@id":"https:\/\/www.safinel.fr\/#website","url":"https:\/\/www.safinel.fr\/","name":"Safinel","description":"","publisher":{"@id":"https:\/\/www.safinel.fr\/#organization"},"potentialAction":[{"@type":"SearchAction","target":{"@type":"EntryPoint","urlTemplate":"https:\/\/www.safinel.fr\/?s={search_term_string}"},"query-input":{"@type":"PropertyValueSpecification","valueRequired":true,"valueName":"search_term_string"}}],"inLanguage":"pt-PT"},{"@type":"Organization","@id":"https:\/\/www.safinel.fr\/#organization","name":"Safinel","url":"https:\/\/www.safinel.fr\/","logo":{"@type":"ImageObject","inLanguage":"pt-PT","@id":"https:\/\/www.safinel.fr\/#\/schema\/logo\/image\/","url":"https:\/\/www.safinel.fr\/wp-content\/uploads\/2021\/05\/boutique-cosmetique.png","contentUrl":"https:\/\/www.safinel.fr\/wp-content\/uploads\/2021\/05\/boutique-cosmetique.png","width":800,"height":200,"caption":"Safinel"},"image":{"@id":"https:\/\/www.safinel.fr\/#\/schema\/logo\/image\/"}}]}},"_links":{"self":[{"href":"https:\/\/www.safinel.fr\/pt\/wp-json\/wp\/v2\/product\/205","targetHints":{"allow":["GET"]}}],"collection":[{"href":"https:\/\/www.safinel.fr\/pt\/wp-json\/wp\/v2\/product"}],"about":[{"href":"https:\/\/www.safinel.fr\/pt\/wp-json\/wp\/v2\/types\/product"}],"wp:featuredmedia":[{"embeddable":true,"href":"https:\/\/www.safinel.fr\/pt\/wp-json\/wp\/v2\/media\/186"}],"wp:attachment":[{"href":"https:\/\/www.safinel.fr\/pt\/wp-json\/wp\/v2\/media?parent=205"}],"wp:term":[{"taxonomy":"product_brand","embeddable":true,"href":"https:\/\/www.safinel.fr\/pt\/wp-json\/wp\/v2\/product_brand?post=205"},{"taxonomy":"product_cat","embeddable":true,"href":"https:\/\/www.safinel.fr\/pt\/wp-json\/wp\/v2\/product_cat?post=205"},{"taxonomy":"product_tag","embeddable":true,"href":"https:\/\/www.safinel.fr\/pt\/wp-json\/wp\/v2\/product_tag?post=205"}],"curies":[{"name":"wp","href":"https:\/\/api.w.org\/{rel}","templated":true}]}}