{"id":2046,"date":"2022-06-05T19:20:58","date_gmt":"2022-06-05T19:20:58","guid":{"rendered":"https:\/\/www.safinel.fr\/?post_type=product&#038;p=2046"},"modified":"2023-12-28T17:15:24","modified_gmt":"2023-12-28T17:15:24","slug":"raiz-de-rehmannia","status":"publish","type":"product","link":"https:\/\/www.safinel.fr\/pt\/product-2\/raiz-de-rehmannia\/","title":{"rendered":"Raiz de rehmannia 100 g"},"content":{"rendered":"<p>Rehmannia \u00e9 uma raiz proveniente da farmacopeia chinesa. Trata-se de uma erva medicinal que ajuda a aliviar certos dist\u00farbios hormonais e v\u00e1rias doen\u00e7as. \u00c9 frequentemente tomada em conjunto com outras ervas. No entanto, antes de a utilizar, \u00e9 recomend\u00e1vel ler o folheto informativo. Aqui est\u00e1 o que precisa de saber sobre a rehmannia, a raiz preparada.<\/p>\n<h2><strong>Benef\u00edcios da raiz de rehmannia preparada<\/strong><\/h2>\n<p>A raiz de rehmannia preparada tamb\u00e9m \u00e9 chamada de\u00a0<strong>Shu Di Huang\u00a0<\/strong>ou\u00a0<strong>digital da China<\/strong>. Tonifica a circula\u00e7\u00e3o sangu\u00ednea e o yin. Al\u00e9m disso, trata a obstipa\u00e7\u00e3o cr\u00f3nica, a s\u00edndrome da menopausa, a hepatite, o desequil\u00edbrio da tire\u00f3ide e a ins\u00f3nia. Tamb\u00e9m \u00e9 poss\u00edvel utiliz\u00e1-la para aliviar palpita\u00e7\u00f5es, insufici\u00eancia adrenal, zumbido, diabetes, transpira\u00e7\u00e3o noturna e ejacula\u00e7\u00e3o noturna. Esta raiz tamb\u00e9m trata o envelhecimento precoce, a perda de mem\u00f3ria e a fraqueza na regi\u00e3o lombar e nos membros. Protege contra radia\u00e7\u00f5es e ajuda a eliminar o aparecimento precoce de cabelos brancos e a diminui\u00e7\u00e3o da acuidade mental. Em suma, \u00e9 considerada uma raiz energ\u00e9tica.<\/p>\n<h2><strong>Prepara\u00e7\u00e3o e dosagem da raiz<\/strong><\/h2>\n<p>A raiz de rehmannia preparada \u00e9 frequentemente tomada em\u00a0<strong>decoc\u00e7\u00e3o<\/strong>. Para isso, \u00e9 necess\u00e1rio preparar 10 g dessas ervas. Em seguida, lave-as e coloque-as num recipiente com 250 ml de \u00e1gua fria. O recipiente n\u00e3o deve ser de alum\u00ednio, ferro ou ferro fundido. Se desejar, deixe as ervas de molho na \u00e1gua por 20 minutos. Depois disso, coloque o recipiente em lume alto e aque\u00e7a-o at\u00e9 <a href=\"https:\/\/www.safinel.fr\/pt\/product-category-2\/chas-de-ervas\/\"><strong>ebuli\u00e7\u00e3o<\/strong><\/a>.<\/p>\n<p>Quando perceber que a \u00e1gua j\u00e1 est\u00e1 a ferver, reduza o fogo e deixe cozinhar em lume brando durante 20 minutos. O passo seguinte consiste em verter o l\u00edquido obtido para um termo ou outro recipiente. Pode ent\u00e3o beber a sua decoc\u00e7\u00e3o quando estiver menos quente. Pode tom\u00e1-la de manh\u00e3, \u00e0 tarde, \u00e0 noite ou ap\u00f3s as refei\u00e7\u00f5es.<\/p>\n<h2><strong>Poss\u00edveis combina\u00e7\u00f5es com a raiz de rhemannia preparada<\/strong><\/h2>\n<p>Pode associar \u00e0 raiz de rhemannia preparada, a\u00a0<strong>raiz de ang\u00e9lica chinesa<\/strong>. Esta combina\u00e7\u00e3o \u00e9 recomendada quando se sofre de tonturas, ins\u00f3nia, palpita\u00e7\u00f5es ou disfun\u00e7\u00f5es menstruais. Em caso de problemas digestivos, deve adicionar-se \u00e0 raiz de rhemannia preparada, o\u00a0<strong>fuling\u00a0<\/strong>(10 a 15 g). Da mesma forma, pode preparar uma sopa com a\u00a0<strong>carne<\/strong>\u00a0especialmente. Assim, aliviar\u00e1 a obstipa\u00e7\u00e3o cr\u00f3nica. Por outro lado, pode fazer combina\u00e7\u00f5es para certas doen\u00e7as, incluindo:<\/p>\n<ul>\n<li>Falta de apetite,<\/li>\n<li>Problemas digestivos<\/li>\n<li>A diarreia,<\/li>\n<li>Dores no abd\u00f3men,<\/li>\n<li>N\u00e1useas p\u00f3s-parto.<\/li>\n<\/ul>\n<p>O Shu Di Huang tamb\u00e9m deve ser associado a outra erva quando se tem uma sensa\u00e7\u00e3o de incha\u00e7o abdominal. No entanto, \u00e9 necess\u00e1rio ter cuidado ao escolher combina\u00e7\u00f5es adequadas ao seu organismo. Nesse caso, pode consultar um m\u00e9dico ou sites confi\u00e1veis. O uso incorreto deste medicamento pode ter consequ\u00eancias.<\/p>\n<p>Em suma, a raiz de rhemannia preparada tem muitas virtudes. \u00c9 vendida em sites especializados. No entanto, \u00e9 aconselh\u00e1vel verificar com um profissional competente se ela \u00e9 adequada para si ou n\u00e3o antes de compr\u00e1-la.<\/p>","protected":false},"excerpt":{"rendered":"<p>Rehmannia est une racine qui provient de la pharmacop\u00e9e chinoise. Il s&rsquo;agit d&rsquo;une herbe m\u00e9dicinale\u00a0qui aide \u00e0 soulager certains troubles hormonaux et divers maux. Elle est prise souvent avec d&rsquo;autres herbes. Cependant, avant de l&rsquo;utiliser, il est recommand\u00e9 d&rsquo;en conna\u00eetre la notice. Voici ce qu&rsquo;il convient de savoir sur rehmannia, la racine pr\u00e9par\u00e9e. Bienfaits de [&#8230;]","protected":false},"featured_media":2047,"template":"","meta":[],"product_brand":[],"product_cat":[108],"product_tag":[],"class_list":{"0":"post-2046","1":"product","2":"type-product","3":"status-publish","4":"has-post-thumbnail","6":"product_cat-plantes-asiatiques","8":"first","9":"outofstock","10":"shipping-taxable","11":"purchasable","12":"product-type-simple"},"yoast_head":"<!-- This site is optimized with the Yoast SEO plugin v26.6 - https:\/\/yoast.com\/wordpress\/plugins\/seo\/ -->\n<title>Racine de rehmannia glutinosa | Sheng di huang | \u719f\u5730\u9ec4<\/title>\n<meta name=\"description\" content=\"La racine de rehmannia pr\u00e9par\u00e9e en 100g est souvent prise en\u00a0d\u00e9coction. \u00c0 ce titre, il faut pr\u00e9voir 10g de ces herbes. Adoptez-l\u00e0 !\" \/>\n<meta name=\"robots\" content=\"index, follow, max-snippet:-1, max-image-preview:large, max-video-preview:-1\" \/>\n<link rel=\"canonical\" href=\"https:\/\/www.safinel.fr\/pt\/product-2\/raiz-de-rehmannia\/\" \/>\n<meta property=\"og:locale\" content=\"pt_PT\" \/>\n<meta property=\"og:type\" content=\"article\" \/>\n<meta property=\"og:title\" content=\"Racine de rehmannia glutinosa | Sheng di huang | \u719f\u5730\u9ec4\" \/>\n<meta property=\"og:description\" content=\"La racine de rehmannia pr\u00e9par\u00e9e en 100g est souvent prise en\u00a0d\u00e9coction. \u00c0 ce titre, il faut pr\u00e9voir 10g de ces herbes. Adoptez-l\u00e0 !\" \/>\n<meta property=\"og:url\" content=\"https:\/\/www.safinel.fr\/pt\/product-2\/raiz-de-rehmannia\/\" \/>\n<meta property=\"og:site_name\" content=\"Safinel\" \/>\n<meta property=\"article:modified_time\" content=\"2023-12-28T17:15:24+00:00\" \/>\n<meta property=\"og:image\" content=\"https:\/\/www.safinel.fr\/wp-content\/uploads\/2022\/08\/racine-de-rehmannia-calebasse-verte.jpg\" \/>\n\t<meta property=\"og:image:width\" content=\"600\" \/>\n\t<meta property=\"og:image:height\" content=\"600\" \/>\n\t<meta property=\"og:image:type\" content=\"image\/jpeg\" \/>\n<meta name=\"twitter:card\" content=\"summary_large_image\" \/>\n<meta name=\"twitter:label1\" content=\"Tempo estimado de leitura\" \/>\n\t<meta name=\"twitter:data1\" content=\"3 minutos\" \/>\n<script type=\"application\/ld+json\" class=\"yoast-schema-graph\">{\"@context\":\"https:\/\/schema.org\",\"@graph\":[{\"@type\":\"WebPage\",\"@id\":\"https:\/\/www.safinel.fr\/produit\/racine-de-rehmannia\/\",\"url\":\"https:\/\/www.safinel.fr\/produit\/racine-de-rehmannia\/\",\"name\":\"Racine de rehmannia glutinosa | Sheng di huang | \u719f\u5730\u9ec4\",\"isPartOf\":{\"@id\":\"https:\/\/www.safinel.fr\/#website\"},\"primaryImageOfPage\":{\"@id\":\"https:\/\/www.safinel.fr\/produit\/racine-de-rehmannia\/#primaryimage\"},\"image\":{\"@id\":\"https:\/\/www.safinel.fr\/produit\/racine-de-rehmannia\/#primaryimage\"},\"thumbnailUrl\":\"https:\/\/www.safinel.fr\/wp-content\/uploads\/2022\/08\/racine-de-rehmannia-calebasse-verte.jpg\",\"datePublished\":\"2022-06-05T19:20:58+00:00\",\"dateModified\":\"2023-12-28T17:15:24+00:00\",\"description\":\"La racine de rehmannia pr\u00e9par\u00e9e en 100g est souvent prise en\u00a0d\u00e9coction. \u00c0 ce titre, il faut pr\u00e9voir 10g de ces herbes. Adoptez-l\u00e0 !\",\"breadcrumb\":{\"@id\":\"https:\/\/www.safinel.fr\/produit\/racine-de-rehmannia\/#breadcrumb\"},\"inLanguage\":\"pt-PT\",\"potentialAction\":[{\"@type\":\"ReadAction\",\"target\":[\"https:\/\/www.safinel.fr\/produit\/racine-de-rehmannia\/\"]}]},{\"@type\":\"ImageObject\",\"inLanguage\":\"pt-PT\",\"@id\":\"https:\/\/www.safinel.fr\/produit\/racine-de-rehmannia\/#primaryimage\",\"url\":\"https:\/\/www.safinel.fr\/wp-content\/uploads\/2022\/08\/racine-de-rehmannia-calebasse-verte.jpg\",\"contentUrl\":\"https:\/\/www.safinel.fr\/wp-content\/uploads\/2022\/08\/racine-de-rehmannia-calebasse-verte.jpg\",\"width\":600,\"height\":600,\"caption\":\"Racine de rehmannia 100g\"},{\"@type\":\"BreadcrumbList\",\"@id\":\"https:\/\/www.safinel.fr\/produit\/racine-de-rehmannia\/#breadcrumb\",\"itemListElement\":[{\"@type\":\"ListItem\",\"position\":1,\"name\":\"Accueil\",\"item\":\"https:\/\/www.safinel.fr\/\"},{\"@type\":\"ListItem\",\"position\":2,\"name\":\"Boutique\",\"item\":\"https:\/\/www.safinel.fr\/boutique\/\"},{\"@type\":\"ListItem\",\"position\":3,\"name\":\"Racine de rehmannia 100g\"}]},{\"@type\":\"WebSite\",\"@id\":\"https:\/\/www.safinel.fr\/#website\",\"url\":\"https:\/\/www.safinel.fr\/\",\"name\":\"Safinel\",\"description\":\"\",\"publisher\":{\"@id\":\"https:\/\/www.safinel.fr\/#organization\"},\"potentialAction\":[{\"@type\":\"SearchAction\",\"target\":{\"@type\":\"EntryPoint\",\"urlTemplate\":\"https:\/\/www.safinel.fr\/?s={search_term_string}\"},\"query-input\":{\"@type\":\"PropertyValueSpecification\",\"valueRequired\":true,\"valueName\":\"search_term_string\"}}],\"inLanguage\":\"pt-PT\"},{\"@type\":\"Organization\",\"@id\":\"https:\/\/www.safinel.fr\/#organization\",\"name\":\"Safinel\",\"url\":\"https:\/\/www.safinel.fr\/\",\"logo\":{\"@type\":\"ImageObject\",\"inLanguage\":\"pt-PT\",\"@id\":\"https:\/\/www.safinel.fr\/#\/schema\/logo\/image\/\",\"url\":\"https:\/\/www.safinel.fr\/wp-content\/uploads\/2021\/05\/boutique-cosmetique.png\",\"contentUrl\":\"https:\/\/www.safinel.fr\/wp-content\/uploads\/2021\/05\/boutique-cosmetique.png\",\"width\":800,\"height\":200,\"caption\":\"Safinel\"},\"image\":{\"@id\":\"https:\/\/www.safinel.fr\/#\/schema\/logo\/image\/\"}}]}<\/script>\n<!-- \/ Yoast SEO plugin. -->","yoast_head_json":{"title":"Raiz de rehmannia glutinosa | Sheng di huang | \u719f\u5730\u9ec4","description":"A raiz de rehmannia preparada em 100 g \u00e9 frequentemente consumida em decoc\u00e7\u00e3o. Para isso, \u00e9 necess\u00e1rio 10 g dessas ervas. Adote-a!","robots":{"index":"index","follow":"follow","max-snippet":"max-snippet:-1","max-image-preview":"max-image-preview:large","max-video-preview":"max-video-preview:-1"},"canonical":"https:\/\/www.safinel.fr\/pt\/product-2\/raiz-de-rehmannia\/","og_locale":"pt_PT","og_type":"article","og_title":"Racine de rehmannia glutinosa | Sheng di huang | \u719f\u5730\u9ec4","og_description":"La racine de rehmannia pr\u00e9par\u00e9e en 100g est souvent prise en\u00a0d\u00e9coction. \u00c0 ce titre, il faut pr\u00e9voir 10g de ces herbes. Adoptez-l\u00e0 !","og_url":"https:\/\/www.safinel.fr\/pt\/product-2\/raiz-de-rehmannia\/","og_site_name":"Safinel","article_modified_time":"2023-12-28T17:15:24+00:00","og_image":[{"width":600,"height":600,"url":"https:\/\/www.safinel.fr\/wp-content\/uploads\/2022\/08\/racine-de-rehmannia-calebasse-verte.jpg","type":"image\/jpeg"}],"twitter_card":"summary_large_image","twitter_misc":{"Tempo estimado de leitura":"3 minutos"},"schema":{"@context":"https:\/\/schema.org","@graph":[{"@type":"WebPage","@id":"https:\/\/www.safinel.fr\/produit\/racine-de-rehmannia\/","url":"https:\/\/www.safinel.fr\/produit\/racine-de-rehmannia\/","name":"Raiz de rehmannia glutinosa | Sheng di huang | \u719f\u5730\u9ec4","isPartOf":{"@id":"https:\/\/www.safinel.fr\/#website"},"primaryImageOfPage":{"@id":"https:\/\/www.safinel.fr\/produit\/racine-de-rehmannia\/#primaryimage"},"image":{"@id":"https:\/\/www.safinel.fr\/produit\/racine-de-rehmannia\/#primaryimage"},"thumbnailUrl":"https:\/\/www.safinel.fr\/wp-content\/uploads\/2022\/08\/racine-de-rehmannia-calebasse-verte.jpg","datePublished":"2022-06-05T19:20:58+00:00","dateModified":"2023-12-28T17:15:24+00:00","description":"A raiz de rehmannia preparada em 100 g \u00e9 frequentemente consumida em decoc\u00e7\u00e3o. Para isso, \u00e9 necess\u00e1rio 10 g dessas ervas. Adote-a!","breadcrumb":{"@id":"https:\/\/www.safinel.fr\/produit\/racine-de-rehmannia\/#breadcrumb"},"inLanguage":"pt-PT","potentialAction":[{"@type":"ReadAction","target":["https:\/\/www.safinel.fr\/produit\/racine-de-rehmannia\/"]}]},{"@type":"ImageObject","inLanguage":"pt-PT","@id":"https:\/\/www.safinel.fr\/produit\/racine-de-rehmannia\/#primaryimage","url":"https:\/\/www.safinel.fr\/wp-content\/uploads\/2022\/08\/racine-de-rehmannia-calebasse-verte.jpg","contentUrl":"https:\/\/www.safinel.fr\/wp-content\/uploads\/2022\/08\/racine-de-rehmannia-calebasse-verte.jpg","width":600,"height":600,"caption":"Racine de rehmannia 100g"},{"@type":"BreadcrumbList","@id":"https:\/\/www.safinel.fr\/produit\/racine-de-rehmannia\/#breadcrumb","itemListElement":[{"@type":"ListItem","position":1,"name":"Accueil","item":"https:\/\/www.safinel.fr\/"},{"@type":"ListItem","position":2,"name":"Boutique","item":"https:\/\/www.safinel.fr\/boutique\/"},{"@type":"ListItem","position":3,"name":"Racine de rehmannia 100g"}]},{"@type":"WebSite","@id":"https:\/\/www.safinel.fr\/#website","url":"https:\/\/www.safinel.fr\/","name":"Safinel","description":"","publisher":{"@id":"https:\/\/www.safinel.fr\/#organization"},"potentialAction":[{"@type":"SearchAction","target":{"@type":"EntryPoint","urlTemplate":"https:\/\/www.safinel.fr\/?s={search_term_string}"},"query-input":{"@type":"PropertyValueSpecification","valueRequired":true,"valueName":"search_term_string"}}],"inLanguage":"pt-PT"},{"@type":"Organization","@id":"https:\/\/www.safinel.fr\/#organization","name":"Safinel","url":"https:\/\/www.safinel.fr\/","logo":{"@type":"ImageObject","inLanguage":"pt-PT","@id":"https:\/\/www.safinel.fr\/#\/schema\/logo\/image\/","url":"https:\/\/www.safinel.fr\/wp-content\/uploads\/2021\/05\/boutique-cosmetique.png","contentUrl":"https:\/\/www.safinel.fr\/wp-content\/uploads\/2021\/05\/boutique-cosmetique.png","width":800,"height":200,"caption":"Safinel"},"image":{"@id":"https:\/\/www.safinel.fr\/#\/schema\/logo\/image\/"}}]}},"_links":{"self":[{"href":"https:\/\/www.safinel.fr\/pt\/wp-json\/wp\/v2\/product\/2046","targetHints":{"allow":["GET"]}}],"collection":[{"href":"https:\/\/www.safinel.fr\/pt\/wp-json\/wp\/v2\/product"}],"about":[{"href":"https:\/\/www.safinel.fr\/pt\/wp-json\/wp\/v2\/types\/product"}],"wp:featuredmedia":[{"embeddable":true,"href":"https:\/\/www.safinel.fr\/pt\/wp-json\/wp\/v2\/media\/2047"}],"wp:attachment":[{"href":"https:\/\/www.safinel.fr\/pt\/wp-json\/wp\/v2\/media?parent=2046"}],"wp:term":[{"taxonomy":"product_brand","embeddable":true,"href":"https:\/\/www.safinel.fr\/pt\/wp-json\/wp\/v2\/product_brand?post=2046"},{"taxonomy":"product_cat","embeddable":true,"href":"https:\/\/www.safinel.fr\/pt\/wp-json\/wp\/v2\/product_cat?post=2046"},{"taxonomy":"product_tag","embeddable":true,"href":"https:\/\/www.safinel.fr\/pt\/wp-json\/wp\/v2\/product_tag?post=2046"}],"curies":[{"name":"wp","href":"https:\/\/api.w.org\/{rel}","templated":true}]}}