{"id":2044,"date":"2022-08-05T19:19:39","date_gmt":"2022-08-05T19:19:39","guid":{"rendered":"https:\/\/www.safinel.fr\/?post_type=product&#038;p=2044"},"modified":"2024-02-05T16:56:46","modified_gmt":"2024-02-05T16:56:46","slug":"cha-regulador-do-ciclo-menstrual","status":"publish","type":"product","link":"https:\/\/www.safinel.fr\/pt\/product-2\/cha-regulador-do-ciclo-menstrual\/","title":{"rendered":"Ch\u00e1 regulador do ciclo menstrual 100 g"},"content":{"rendered":"<p>Muitas mulheres sofrem de desconforto pr\u00e9-menstrual, que pode variar de leve a grave. A<strong>\u00a0ch\u00e1 regulador do ciclo menstrual\u00a0<\/strong>\u00e9 um\u00a0<strong>rem\u00e9dio natural\u00a0<\/strong>e eficaz contra o\u00a0<strong>s\u00edndrome pr\u00e9-menstrual.<\/strong>\u00a0\u00c9 adequado desde a puberdade at\u00e9 \u00e0 menopausa, mant\u00e9m o conforto durante o ciclo, aliviando nomeadamente as c\u00f3licas abdominais.<\/p>\n<h2><strong>A infus\u00e3o reguladora da menstrua\u00e7\u00e3o: o que \u00e9?\u00a0<\/strong><\/h2>\n<p>Existem muitas\u00a0<strong>infus\u00f5es de plantas\u00a0<\/strong>que s\u00e3o adequados para\u00a0<strong>combater o desconforto pr\u00e9-menstrual<\/strong>, desde a puberdade at\u00e9 \u00e0 menopausa. Muitas destas infus\u00f5es tamb\u00e9m podem ser utilizadas durante o ciclo, acalmando as c\u00f3licas abdominais e ajudando a aliviar a s\u00edndrome pr\u00e9-menstrual (SPM).<\/p>\n<p>Nosso\u00a0<strong>ch\u00e1 de ervas Safinel<\/strong>\u00a0\u00e9 oferecido em embalagens de 100 g, o que permite v\u00e1rias utiliza\u00e7\u00f5es. Al\u00e9m disso, encontrar\u00e1 na nossa\u00a0<strong>loja de bem-estar<\/strong>\u00a0muitos outros produtos naturais para melhorar a sua<strong>\u00a0conforto durante a menstrua\u00e7\u00e3o<\/strong>. Por exemplo, o\u00a0<a href=\"https:\/\/www.safinel.fr\/pt\/product-2\/fruta-4-costelas-3-pecas\/\"><strong>fruta de 4 lados<\/strong><\/a>, o\u00a0<a href=\"https:\/\/www.safinel.fr\/pt\/product-2\/agripalma\/\"><strong>agripalma<\/strong><\/a>\u00a0ou ainda\u00a0<a href=\"https:\/\/www.safinel.fr\/pt\/product-2\/gowe\/\"><strong>o gow\u00e9<\/strong><\/a>.<\/p>\n<h2><strong>Quais s\u00e3o os seus benef\u00edcios?\u00a0<\/strong><\/h2>\n<p>Esta infus\u00e3o de plantas possui v\u00e1rias propriedades:<\/p>\n<ul>\n<li>Efeito calmante<\/li>\n<li>Propriedades anti-inflamat\u00f3rias<\/li>\n<li>Propriedades antiespasm\u00f3dicas<\/li>\n<li>Ajuda a aliviar as c\u00f3licas abdominais<\/li>\n<li>Combater o desconforto da s\u00edndrome pr\u00e9-menstrual<\/li>\n<li>Reduzir as dores<\/li>\n<li>Ajuda a manter a mobilidade das articula\u00e7\u00f5es em mulheres na menopausa<\/li>\n<\/ul>\n<h2><strong>Como usar esta infus\u00e3o reguladora da menstrua\u00e7\u00e3o?\u00a0<\/strong><\/h2>\n<p>Para utilizar esta<strong>\u00a0bebida calmante para mulheres<\/strong>, nada mais simples:<\/p>\n<ol>\n<li>Primeiro, a \u00e1gua deve ser fervida.<\/li>\n<li>Em seguida, despeja-se a \u00e1gua sobre a quantidade desejada de ervas.<\/li>\n<li>Deixe em infus\u00e3o durante tr\u00eas a cinco minutos e, em seguida, coe.<\/li>\n<li>O\u00a0<strong>ch\u00e1<\/strong>\u00a0pode ser consumido quente ou frio.<\/li>\n<\/ol>\n<p>Por fim, \u00e9 aconselh\u00e1vel seguir atentamente as recomenda\u00e7\u00f5es mencionadas na embalagem. Este suplemento alimentar deve ser tomado como uma cura para que se possa apreciar a sua efic\u00e1cia.<\/p>\n<h3><strong>Precau\u00e7\u00f5es\u00a0<\/strong><\/h3>\n<p>Siga atentamente as instru\u00e7\u00f5es de utiliza\u00e7\u00e3o indicadas na embalagem do produto.<\/p>\n<p>Este suplemento alimentar n\u00e3o substitui um medicamento. Recomenda-se consultar um m\u00e9dico em caso de sintomas persistentes.<\/p>","protected":false},"excerpt":{"rendered":"<p>Muitas mulheres sofrem de desconforto pr\u00e9-menstrual, que pode variar de leve a grave. O ch\u00e1 de ervas reguladoras da menstrua\u00e7\u00e3o \u00e9 um rem\u00e9dio natural eficaz para a s\u00edndrome pr\u00e9-menstrual. \u00c9 adequado desde a puberdade at\u00e9 \u00e0 menopausa, e mant\u00e9m-na confort\u00e1vel durante o ciclo, aliviando as c\u00f3licas abdominais em particular. O que \u00e9 uma tisana reguladora da menstrua\u00e7\u00e3o?  Existem muitas [...]","protected":false},"featured_media":2045,"template":"","meta":[],"product_brand":[],"product_cat":[19],"product_tag":[],"class_list":{"0":"post-2044","1":"product","2":"type-product","3":"status-publish","4":"has-post-thumbnail","6":"product_cat-thes-tisanes","8":"first","9":"instock","10":"shipping-taxable","11":"purchasable","12":"product-type-simple"},"yoast_head":"<!-- This site is optimized with the Yoast SEO plugin v26.6 - https:\/\/yoast.com\/wordpress\/plugins\/seo\/ -->\n<title>Tisane r\u00e9gulatrice des menstrues I Rem\u00e8de naturel\u00a0I 100g<\/title>\n<meta name=\"description\" content=\"La\u00a0tisane r\u00e9gulatrice des menstrues\u00a0est un\u00a0rem\u00e8de naturel\u00a0et efficace contre le\u00a0syndrome pr\u00e9menstruel.\u00a0Rem\u00e8de naturel\u00a0100g.\" \/>\n<meta name=\"robots\" content=\"index, follow, max-snippet:-1, max-image-preview:large, max-video-preview:-1\" \/>\n<link rel=\"canonical\" href=\"https:\/\/www.safinel.fr\/pt\/product-2\/cha-regulador-do-ciclo-menstrual\/\" \/>\n<meta property=\"og:locale\" content=\"pt_PT\" \/>\n<meta property=\"og:type\" content=\"article\" \/>\n<meta property=\"og:title\" content=\"Tisane r\u00e9gulatrice des menstrues I Rem\u00e8de naturel\u00a0I 100g\" \/>\n<meta property=\"og:description\" content=\"La\u00a0tisane r\u00e9gulatrice des menstrues\u00a0est un\u00a0rem\u00e8de naturel\u00a0et efficace contre le\u00a0syndrome pr\u00e9menstruel.\u00a0Rem\u00e8de naturel\u00a0100g.\" \/>\n<meta property=\"og:url\" content=\"https:\/\/www.safinel.fr\/pt\/product-2\/cha-regulador-do-ciclo-menstrual\/\" \/>\n<meta property=\"og:site_name\" content=\"Safinel\" \/>\n<meta property=\"article:modified_time\" content=\"2024-02-05T16:56:46+00:00\" \/>\n<meta property=\"og:image\" content=\"https:\/\/www.safinel.fr\/wp-content\/uploads\/2022\/08\/tisane-regulatrice-menstrue.jpg\" \/>\n\t<meta property=\"og:image:width\" content=\"600\" \/>\n\t<meta property=\"og:image:height\" content=\"600\" \/>\n\t<meta property=\"og:image:type\" content=\"image\/jpeg\" \/>\n<meta name=\"twitter:card\" content=\"summary_large_image\" \/>\n<meta name=\"twitter:label1\" content=\"Tempo estimado de leitura\" \/>\n\t<meta name=\"twitter:data1\" content=\"2 minutos\" \/>\n<script type=\"application\/ld+json\" class=\"yoast-schema-graph\">{\"@context\":\"https:\/\/schema.org\",\"@graph\":[{\"@type\":\"WebPage\",\"@id\":\"https:\/\/www.safinel.fr\/produit\/tisane-regulatrice-des-menstrues\/\",\"url\":\"https:\/\/www.safinel.fr\/produit\/tisane-regulatrice-des-menstrues\/\",\"name\":\"Tisane r\u00e9gulatrice des menstrues I Rem\u00e8de naturel\u00a0I 100g\",\"isPartOf\":{\"@id\":\"https:\/\/www.safinel.fr\/#website\"},\"primaryImageOfPage\":{\"@id\":\"https:\/\/www.safinel.fr\/produit\/tisane-regulatrice-des-menstrues\/#primaryimage\"},\"image\":{\"@id\":\"https:\/\/www.safinel.fr\/produit\/tisane-regulatrice-des-menstrues\/#primaryimage\"},\"thumbnailUrl\":\"https:\/\/www.safinel.fr\/wp-content\/uploads\/2022\/08\/tisane-regulatrice-menstrue.jpg\",\"datePublished\":\"2022-08-05T19:19:39+00:00\",\"dateModified\":\"2024-02-05T16:56:46+00:00\",\"description\":\"La\u00a0tisane r\u00e9gulatrice des menstrues\u00a0est un\u00a0rem\u00e8de naturel\u00a0et efficace contre le\u00a0syndrome pr\u00e9menstruel.\u00a0Rem\u00e8de naturel\u00a0100g.\",\"breadcrumb\":{\"@id\":\"https:\/\/www.safinel.fr\/produit\/tisane-regulatrice-des-menstrues\/#breadcrumb\"},\"inLanguage\":\"pt-PT\",\"potentialAction\":[{\"@type\":\"ReadAction\",\"target\":[\"https:\/\/www.safinel.fr\/produit\/tisane-regulatrice-des-menstrues\/\"]}]},{\"@type\":\"ImageObject\",\"inLanguage\":\"pt-PT\",\"@id\":\"https:\/\/www.safinel.fr\/produit\/tisane-regulatrice-des-menstrues\/#primaryimage\",\"url\":\"https:\/\/www.safinel.fr\/wp-content\/uploads\/2022\/08\/tisane-regulatrice-menstrue.jpg\",\"contentUrl\":\"https:\/\/www.safinel.fr\/wp-content\/uploads\/2022\/08\/tisane-regulatrice-menstrue.jpg\",\"width\":600,\"height\":600,\"caption\":\"Tisane r\u00e9gulatrice des menstrues\"},{\"@type\":\"BreadcrumbList\",\"@id\":\"https:\/\/www.safinel.fr\/produit\/tisane-regulatrice-des-menstrues\/#breadcrumb\",\"itemListElement\":[{\"@type\":\"ListItem\",\"position\":1,\"name\":\"Accueil\",\"item\":\"https:\/\/www.safinel.fr\/\"},{\"@type\":\"ListItem\",\"position\":2,\"name\":\"Boutique\",\"item\":\"https:\/\/www.safinel.fr\/boutique\/\"},{\"@type\":\"ListItem\",\"position\":3,\"name\":\"Tisane r\u00e9gulatrice des menstrues 100g\"}]},{\"@type\":\"WebSite\",\"@id\":\"https:\/\/www.safinel.fr\/#website\",\"url\":\"https:\/\/www.safinel.fr\/\",\"name\":\"Safinel\",\"description\":\"\",\"publisher\":{\"@id\":\"https:\/\/www.safinel.fr\/#organization\"},\"potentialAction\":[{\"@type\":\"SearchAction\",\"target\":{\"@type\":\"EntryPoint\",\"urlTemplate\":\"https:\/\/www.safinel.fr\/?s={search_term_string}\"},\"query-input\":{\"@type\":\"PropertyValueSpecification\",\"valueRequired\":true,\"valueName\":\"search_term_string\"}}],\"inLanguage\":\"pt-PT\"},{\"@type\":\"Organization\",\"@id\":\"https:\/\/www.safinel.fr\/#organization\",\"name\":\"Safinel\",\"url\":\"https:\/\/www.safinel.fr\/\",\"logo\":{\"@type\":\"ImageObject\",\"inLanguage\":\"pt-PT\",\"@id\":\"https:\/\/www.safinel.fr\/#\/schema\/logo\/image\/\",\"url\":\"https:\/\/www.safinel.fr\/wp-content\/uploads\/2021\/05\/boutique-cosmetique.png\",\"contentUrl\":\"https:\/\/www.safinel.fr\/wp-content\/uploads\/2021\/05\/boutique-cosmetique.png\",\"width\":800,\"height\":200,\"caption\":\"Safinel\"},\"image\":{\"@id\":\"https:\/\/www.safinel.fr\/#\/schema\/logo\/image\/\"}}]}<\/script>\n<!-- \/ Yoast SEO plugin. -->","yoast_head_json":{"title":"Ch\u00e1 regulador do ciclo menstrual I Rem\u00e9dio natural I 100 g","description":"A infus\u00e3o reguladora da menstrua\u00e7\u00e3o \u00e9 um rem\u00e9dio natural e eficaz contra a s\u00edndrome pr\u00e9-menstrual. Rem\u00e9dio natural 100 g.","robots":{"index":"index","follow":"follow","max-snippet":"max-snippet:-1","max-image-preview":"max-image-preview:large","max-video-preview":"max-video-preview:-1"},"canonical":"https:\/\/www.safinel.fr\/pt\/product-2\/cha-regulador-do-ciclo-menstrual\/","og_locale":"pt_PT","og_type":"article","og_title":"Tisane r\u00e9gulatrice des menstrues I Rem\u00e8de naturel\u00a0I 100g","og_description":"La\u00a0tisane r\u00e9gulatrice des menstrues\u00a0est un\u00a0rem\u00e8de naturel\u00a0et efficace contre le\u00a0syndrome pr\u00e9menstruel.\u00a0Rem\u00e8de naturel\u00a0100g.","og_url":"https:\/\/www.safinel.fr\/pt\/product-2\/cha-regulador-do-ciclo-menstrual\/","og_site_name":"Safinel","article_modified_time":"2024-02-05T16:56:46+00:00","og_image":[{"width":600,"height":600,"url":"https:\/\/www.safinel.fr\/wp-content\/uploads\/2022\/08\/tisane-regulatrice-menstrue.jpg","type":"image\/jpeg"}],"twitter_card":"summary_large_image","twitter_misc":{"Tempo estimado de leitura":"2 minutos"},"schema":{"@context":"https:\/\/schema.org","@graph":[{"@type":"WebPage","@id":"https:\/\/www.safinel.fr\/produit\/tisane-regulatrice-des-menstrues\/","url":"https:\/\/www.safinel.fr\/produit\/tisane-regulatrice-des-menstrues\/","name":"Ch\u00e1 regulador do ciclo menstrual I Rem\u00e9dio natural I 100 g","isPartOf":{"@id":"https:\/\/www.safinel.fr\/#website"},"primaryImageOfPage":{"@id":"https:\/\/www.safinel.fr\/produit\/tisane-regulatrice-des-menstrues\/#primaryimage"},"image":{"@id":"https:\/\/www.safinel.fr\/produit\/tisane-regulatrice-des-menstrues\/#primaryimage"},"thumbnailUrl":"https:\/\/www.safinel.fr\/wp-content\/uploads\/2022\/08\/tisane-regulatrice-menstrue.jpg","datePublished":"2022-08-05T19:19:39+00:00","dateModified":"2024-02-05T16:56:46+00:00","description":"A infus\u00e3o reguladora da menstrua\u00e7\u00e3o \u00e9 um rem\u00e9dio natural e eficaz contra a s\u00edndrome pr\u00e9-menstrual. Rem\u00e9dio natural 100 g.","breadcrumb":{"@id":"https:\/\/www.safinel.fr\/produit\/tisane-regulatrice-des-menstrues\/#breadcrumb"},"inLanguage":"pt-PT","potentialAction":[{"@type":"ReadAction","target":["https:\/\/www.safinel.fr\/produit\/tisane-regulatrice-des-menstrues\/"]}]},{"@type":"ImageObject","inLanguage":"pt-PT","@id":"https:\/\/www.safinel.fr\/produit\/tisane-regulatrice-des-menstrues\/#primaryimage","url":"https:\/\/www.safinel.fr\/wp-content\/uploads\/2022\/08\/tisane-regulatrice-menstrue.jpg","contentUrl":"https:\/\/www.safinel.fr\/wp-content\/uploads\/2022\/08\/tisane-regulatrice-menstrue.jpg","width":600,"height":600,"caption":"Tisane r\u00e9gulatrice des menstrues"},{"@type":"BreadcrumbList","@id":"https:\/\/www.safinel.fr\/produit\/tisane-regulatrice-des-menstrues\/#breadcrumb","itemListElement":[{"@type":"ListItem","position":1,"name":"Accueil","item":"https:\/\/www.safinel.fr\/"},{"@type":"ListItem","position":2,"name":"Boutique","item":"https:\/\/www.safinel.fr\/boutique\/"},{"@type":"ListItem","position":3,"name":"Tisane r\u00e9gulatrice des menstrues 100g"}]},{"@type":"WebSite","@id":"https:\/\/www.safinel.fr\/#website","url":"https:\/\/www.safinel.fr\/","name":"Safinel","description":"","publisher":{"@id":"https:\/\/www.safinel.fr\/#organization"},"potentialAction":[{"@type":"SearchAction","target":{"@type":"EntryPoint","urlTemplate":"https:\/\/www.safinel.fr\/?s={search_term_string}"},"query-input":{"@type":"PropertyValueSpecification","valueRequired":true,"valueName":"search_term_string"}}],"inLanguage":"pt-PT"},{"@type":"Organization","@id":"https:\/\/www.safinel.fr\/#organization","name":"Safinel","url":"https:\/\/www.safinel.fr\/","logo":{"@type":"ImageObject","inLanguage":"pt-PT","@id":"https:\/\/www.safinel.fr\/#\/schema\/logo\/image\/","url":"https:\/\/www.safinel.fr\/wp-content\/uploads\/2021\/05\/boutique-cosmetique.png","contentUrl":"https:\/\/www.safinel.fr\/wp-content\/uploads\/2021\/05\/boutique-cosmetique.png","width":800,"height":200,"caption":"Safinel"},"image":{"@id":"https:\/\/www.safinel.fr\/#\/schema\/logo\/image\/"}}]}},"_links":{"self":[{"href":"https:\/\/www.safinel.fr\/pt\/wp-json\/wp\/v2\/product\/2044","targetHints":{"allow":["GET"]}}],"collection":[{"href":"https:\/\/www.safinel.fr\/pt\/wp-json\/wp\/v2\/product"}],"about":[{"href":"https:\/\/www.safinel.fr\/pt\/wp-json\/wp\/v2\/types\/product"}],"wp:featuredmedia":[{"embeddable":true,"href":"https:\/\/www.safinel.fr\/pt\/wp-json\/wp\/v2\/media\/2045"}],"wp:attachment":[{"href":"https:\/\/www.safinel.fr\/pt\/wp-json\/wp\/v2\/media?parent=2044"}],"wp:term":[{"taxonomy":"product_brand","embeddable":true,"href":"https:\/\/www.safinel.fr\/pt\/wp-json\/wp\/v2\/product_brand?post=2044"},{"taxonomy":"product_cat","embeddable":true,"href":"https:\/\/www.safinel.fr\/pt\/wp-json\/wp\/v2\/product_cat?post=2044"},{"taxonomy":"product_tag","embeddable":true,"href":"https:\/\/www.safinel.fr\/pt\/wp-json\/wp\/v2\/product_tag?post=2044"}],"curies":[{"name":"wp","href":"https:\/\/api.w.org\/{rel}","templated":true}]}}