{"id":1970,"date":"2022-07-28T11:16:11","date_gmt":"2022-07-28T11:16:11","guid":{"rendered":"https:\/\/www.safinel.fr\/?post_type=product&#038;p=1970"},"modified":"2025-10-24T16:32:25","modified_gmt":"2025-10-24T16:32:25","slug":"mel-branco-do-quirguistao","status":"publish","type":"product","link":"https:\/\/www.safinel.fr\/pt\/product-2\/mel-branco-do-quirguistao\/","title":{"rendered":"Mel branco do Quirguist\u00e3o 250 g"},"content":{"rendered":"<p>\u00c9 hora de fazer uma pequena viagem! Sente-se, vamos visitar a \u00c1sia Central! Gosta de viajar e descobrir novas culin\u00e1rias? Ent\u00e3o conhe\u00e7a o\u00a0<strong>mel branco do Quirguist\u00e3o<\/strong>. Branco, cremoso e saboroso, os apreciadores de\u00a0<strong>produtos da colmeia<\/strong>\u00a0j\u00e1 est\u00e3o com \u00e1gua na boca.<\/p>\n<p>N\u00e3o espere mais e venha descobrir o que se esconde por tr\u00e1s deste tesouro natural.<\/p>\n<h2><strong>O mel branco do Quirguist\u00e3o: um n\u00e9ctar diferente de todos os outros...\u00a0<\/strong><\/h2>\n<p>Por acaso, j\u00e1 teve a oportunidade de provar um mel muito raro? Raro pela sua apar\u00eancia, mas tamb\u00e9m pelo seu sabor... D\u00eaem as boas-vindas ao mel branco do Quirguist\u00e3o! Se alguns se dedicam a compar\u00e1-lo ao\u00a0<strong>mel branco da Fran\u00e7a<\/strong>, ou seja, a compara\u00e7\u00e3o n\u00e3o faz sentido!<\/p>\n<p>Pelo menos pelo seu sabor, o n\u00e9ctar do Quirguist\u00e3o \u00e9 unanimidade. <strong>um dos melhores m\u00e9is do mundo<\/strong>\u00a0!<\/p>\n<p>Localizado no continente asi\u00e1tico, mais precisamente em Naryn, este mel \u00e9 o resultado do trabalho de apicultores rigorosos e, acima de tudo, experientes! A paisagem desta pequena cidade provincial do Quirguist\u00e3o \u00e9 uma das principais vantagens da qualidade deste n\u00e9ctar.<\/p>\n<h2><strong>Mel branco do Quirguist\u00e3o na sua loja Safinel\u00a0<\/strong><\/h2>\n<p>Para n\u00e3o mudar os bons h\u00e1bitos, a sua loja Safinel preocupa-se com os produtos que oferece. Ap\u00f3s uma sele\u00e7\u00e3o minuciosa, ela deseja destacar o\u00a0<strong>mel de Naryn<\/strong>\u00a0!<\/p>\n<p>Se ainda n\u00e3o o conhece, est\u00e1 na hora de o descobrir na sua loja online de bem-estar! \u00c9 vendido num frasco transparente para que possa ver a sua cor pura e a sua textura cremosa! Num recipiente de 250 g, o mel do Quirguist\u00e3o poder\u00e1 surpreend\u00ea-lo.<\/p>\n<p>Definido pela maioria como um<strong>\u00a0n\u00e9ctar \u00fanico<\/strong>, nem \u00e9 preciso dizer que experiment\u00e1-lo \u00e9 provavelmente adot\u00e1-lo.<\/p>\n<h2><strong>As in\u00fameras virtudes do mel cremoso branco do Quirguist\u00e3o\u00a0<\/strong><\/h2>\n<p>O mel em geral \u00e9 conhecido por ser um\u00a0<strong>alicament<\/strong>\u00a0de qualidade! Na verdade, <a href=\"https:\/\/reseauprovence.com\/les-bienfaits-du-miel-en-cas-de-maux-de-ventre\/\" target=\"_blank\" rel=\"noopener\"><strong>muito \u00fatil contra certas doen\u00e7as sazonais<\/strong><\/a> como dores de garganta e problemas respirat\u00f3rios, tamb\u00e9m possui outros benef\u00edcios.<\/p>\n<p>Utilizado por alguns atletas profissionais, pode ser uma vantagem como\u00a0<a href=\"https:\/\/www.safinel.fr\/pt\/product-2\/mel-de-nigela\/\"><strong>estimulante natural<\/strong><\/a>. Antes e\/ou mesmo depois da sess\u00e3o desportiva, este produto da colmeia \u00e9 uma verdadeira mais-valia para a recupera\u00e7\u00e3o, mas tamb\u00e9m para o aporte energ\u00e9tico.<\/p>\n<p>Al\u00e9m disso, este n\u00e9ctar tamb\u00e9m \u00e9 utilizado contra certas dores intestinais. De facto, muito eficaz contra o refluxo g\u00e1strico, revela-se um alimento funcional positivo contra esses inc\u00f3modos.<\/p>\n<p>Al\u00e9m disso, esse tesouro natural tamb\u00e9m \u00e9 conhecido por ser um benef\u00edcio contra os sinais da idade.<\/p>\n<p>Como j\u00e1 percebeu, este<strong>\u00a0produto da colmeia<\/strong>\u00a0\u00e9 provavelmente o que lhe falta. N\u00e3o hesite mais e deixe-se encantar por todas as suas virtudes.<\/p>\n<h3><strong>Prepare-se tamb\u00e9m para descobrir...<\/strong><\/h3>\n<p>Tic, tac, o tempo passa e ainda n\u00e3o descobriu todas as surpresas da sua loja online Safinel!<\/p>\n<p>Finalmente, conhe\u00e7a os<strong>\u00a0<a href=\"https:\/\/www.safinel.fr\/pt\/product-2\/folhas-de-damiana\/\">folhas de Damiana<\/a>.<\/strong>\u00a0Estas \u00faltimas, muito \u00fateis para as mulheres, tamb\u00e9m possuem outras qualidades bem definidas.<\/p>\n<p>Al\u00e9m disso, se desejar, voc\u00ea tem a possibilidade de conhecer os\u00a0<a href=\"https:\/\/www.safinel.fr\/pt\/product-2\/capsulas-de-polen-de-palmeira\/\"><strong>c\u00e1psulas de p\u00f3len de palmeira<\/strong><\/a>. Conhecidas por serem ben\u00e9ficas para melhorar a fertilidade, estas c\u00e1psulas podem surpreend\u00ea-lo.<\/p>","protected":false},"excerpt":{"rendered":"<p>Uma pequena viagem est\u00e1 na ordem do dia! Sente-se, vamos visitar a \u00c1sia Central! Gosta de viajar e de fazer descobertas culin\u00e1rias? Ent\u00e3o conhe\u00e7a o mel branco do Quirguizist\u00e3o. Branco, cremoso e saboroso, vai deixar-nos com \u00e1gua na boca. N\u00e3o espere mais e venha descobrir o que est\u00e1 por detr\u00e1s deste tesouro [...]","protected":false},"featured_media":1941,"template":"","meta":[],"product_brand":[],"product_cat":[24],"product_tag":[],"class_list":{"0":"post-1970","1":"product","2":"type-product","3":"status-publish","4":"has-post-thumbnail","6":"product_cat-apiculture","8":"first","9":"instock","10":"shipping-taxable","11":"purchasable","12":"product-type-simple"},"yoast_head":"<!-- This site is optimized with the Yoast SEO plugin v26.6 - https:\/\/yoast.com\/wordpress\/plugins\/seo\/ -->\n<title>Miel blanc du Kirghizistan I Miel cr\u00e9meux I Bienfaits nombreux<\/title>\n<meta name=\"description\" content=\"Rencontrez alors le\u00a0miel blanc du Kirghizistan. Blanc, cr\u00e9meux et savoureux, les amateurs de\u00a0produits de la ruche\u00a0en ont d\u00e9j\u00e0 l\u2019eau \u00e0 la bouche.\" \/>\n<meta name=\"robots\" content=\"index, follow, max-snippet:-1, max-image-preview:large, max-video-preview:-1\" \/>\n<link rel=\"canonical\" href=\"https:\/\/www.safinel.fr\/pt\/product-2\/mel-branco-do-quirguistao\/\" \/>\n<meta property=\"og:locale\" content=\"pt_PT\" \/>\n<meta property=\"og:type\" content=\"article\" \/>\n<meta property=\"og:title\" content=\"Miel blanc du Kirghizistan I Miel cr\u00e9meux I Bienfaits nombreux\" \/>\n<meta property=\"og:description\" content=\"Rencontrez alors le\u00a0miel blanc du Kirghizistan. Blanc, cr\u00e9meux et savoureux, les amateurs de\u00a0produits de la ruche\u00a0en ont d\u00e9j\u00e0 l\u2019eau \u00e0 la bouche.\" \/>\n<meta property=\"og:url\" content=\"https:\/\/www.safinel.fr\/pt\/product-2\/mel-branco-do-quirguistao\/\" \/>\n<meta property=\"og:site_name\" content=\"Safinel\" \/>\n<meta property=\"article:modified_time\" content=\"2025-10-24T16:32:25+00:00\" \/>\n<meta property=\"og:image\" content=\"https:\/\/www.safinel.fr\/wp-content\/uploads\/2022\/07\/miel-blanc-du-kirghizstan.jpg\" \/>\n\t<meta property=\"og:image:width\" content=\"600\" \/>\n\t<meta property=\"og:image:height\" content=\"600\" \/>\n\t<meta property=\"og:image:type\" content=\"image\/jpeg\" \/>\n<meta name=\"twitter:card\" content=\"summary_large_image\" \/>\n<meta name=\"twitter:label1\" content=\"Tempo estimado de leitura\" \/>\n\t<meta name=\"twitter:data1\" content=\"3 minutos\" \/>\n<script type=\"application\/ld+json\" class=\"yoast-schema-graph\">{\"@context\":\"https:\/\/schema.org\",\"@graph\":[{\"@type\":\"WebPage\",\"@id\":\"https:\/\/www.safinel.fr\/produit\/miel-blanc-du-kirghizistan\/\",\"url\":\"https:\/\/www.safinel.fr\/produit\/miel-blanc-du-kirghizistan\/\",\"name\":\"Miel blanc du Kirghizistan I Miel cr\u00e9meux I Bienfaits nombreux\",\"isPartOf\":{\"@id\":\"https:\/\/www.safinel.fr\/#website\"},\"primaryImageOfPage\":{\"@id\":\"https:\/\/www.safinel.fr\/produit\/miel-blanc-du-kirghizistan\/#primaryimage\"},\"image\":{\"@id\":\"https:\/\/www.safinel.fr\/produit\/miel-blanc-du-kirghizistan\/#primaryimage\"},\"thumbnailUrl\":\"https:\/\/www.safinel.fr\/wp-content\/uploads\/2022\/07\/miel-blanc-du-kirghizstan.jpg\",\"datePublished\":\"2022-07-28T11:16:11+00:00\",\"dateModified\":\"2025-10-24T16:32:25+00:00\",\"description\":\"Rencontrez alors le\u00a0miel blanc du Kirghizistan. Blanc, cr\u00e9meux et savoureux, les amateurs de\u00a0produits de la ruche\u00a0en ont d\u00e9j\u00e0 l\u2019eau \u00e0 la bouche.\",\"breadcrumb\":{\"@id\":\"https:\/\/www.safinel.fr\/produit\/miel-blanc-du-kirghizistan\/#breadcrumb\"},\"inLanguage\":\"pt-PT\",\"potentialAction\":[{\"@type\":\"ReadAction\",\"target\":[\"https:\/\/www.safinel.fr\/produit\/miel-blanc-du-kirghizistan\/\"]}]},{\"@type\":\"ImageObject\",\"inLanguage\":\"pt-PT\",\"@id\":\"https:\/\/www.safinel.fr\/produit\/miel-blanc-du-kirghizistan\/#primaryimage\",\"url\":\"https:\/\/www.safinel.fr\/wp-content\/uploads\/2022\/07\/miel-blanc-du-kirghizstan.jpg\",\"contentUrl\":\"https:\/\/www.safinel.fr\/wp-content\/uploads\/2022\/07\/miel-blanc-du-kirghizstan.jpg\",\"width\":600,\"height\":600,\"caption\":\"Miel blanc du Kirghizistan 250g\"},{\"@type\":\"BreadcrumbList\",\"@id\":\"https:\/\/www.safinel.fr\/produit\/miel-blanc-du-kirghizistan\/#breadcrumb\",\"itemListElement\":[{\"@type\":\"ListItem\",\"position\":1,\"name\":\"Accueil\",\"item\":\"https:\/\/www.safinel.fr\/\"},{\"@type\":\"ListItem\",\"position\":2,\"name\":\"Boutique\",\"item\":\"https:\/\/www.safinel.fr\/boutique\/\"},{\"@type\":\"ListItem\",\"position\":3,\"name\":\"Miel blanc du Kirghizistan 250g\"}]},{\"@type\":\"WebSite\",\"@id\":\"https:\/\/www.safinel.fr\/#website\",\"url\":\"https:\/\/www.safinel.fr\/\",\"name\":\"Safinel\",\"description\":\"\",\"publisher\":{\"@id\":\"https:\/\/www.safinel.fr\/#organization\"},\"potentialAction\":[{\"@type\":\"SearchAction\",\"target\":{\"@type\":\"EntryPoint\",\"urlTemplate\":\"https:\/\/www.safinel.fr\/?s={search_term_string}\"},\"query-input\":{\"@type\":\"PropertyValueSpecification\",\"valueRequired\":true,\"valueName\":\"search_term_string\"}}],\"inLanguage\":\"pt-PT\"},{\"@type\":\"Organization\",\"@id\":\"https:\/\/www.safinel.fr\/#organization\",\"name\":\"Safinel\",\"url\":\"https:\/\/www.safinel.fr\/\",\"logo\":{\"@type\":\"ImageObject\",\"inLanguage\":\"pt-PT\",\"@id\":\"https:\/\/www.safinel.fr\/#\/schema\/logo\/image\/\",\"url\":\"https:\/\/www.safinel.fr\/wp-content\/uploads\/2021\/05\/boutique-cosmetique.png\",\"contentUrl\":\"https:\/\/www.safinel.fr\/wp-content\/uploads\/2021\/05\/boutique-cosmetique.png\",\"width\":800,\"height\":200,\"caption\":\"Safinel\"},\"image\":{\"@id\":\"https:\/\/www.safinel.fr\/#\/schema\/logo\/image\/\"}}]}<\/script>\n<!-- \/ Yoast SEO plugin. -->","yoast_head_json":{"title":"Mel branco do Quirguist\u00e3o I Mel cremoso I In\u00fameros benef\u00edcios","description":"Conhe\u00e7a ent\u00e3o o mel branco do Quirguist\u00e3o. Branco, cremoso e saboroso, os apreciadores de produtos ap\u00edcolas j\u00e1 ficam com \u00e1gua na boca.","robots":{"index":"index","follow":"follow","max-snippet":"max-snippet:-1","max-image-preview":"max-image-preview:large","max-video-preview":"max-video-preview:-1"},"canonical":"https:\/\/www.safinel.fr\/pt\/product-2\/mel-branco-do-quirguistao\/","og_locale":"pt_PT","og_type":"article","og_title":"Miel blanc du Kirghizistan I Miel cr\u00e9meux I Bienfaits nombreux","og_description":"Rencontrez alors le\u00a0miel blanc du Kirghizistan. Blanc, cr\u00e9meux et savoureux, les amateurs de\u00a0produits de la ruche\u00a0en ont d\u00e9j\u00e0 l\u2019eau \u00e0 la bouche.","og_url":"https:\/\/www.safinel.fr\/pt\/product-2\/mel-branco-do-quirguistao\/","og_site_name":"Safinel","article_modified_time":"2025-10-24T16:32:25+00:00","og_image":[{"width":600,"height":600,"url":"https:\/\/www.safinel.fr\/wp-content\/uploads\/2022\/07\/miel-blanc-du-kirghizstan.jpg","type":"image\/jpeg"}],"twitter_card":"summary_large_image","twitter_misc":{"Tempo estimado de leitura":"3 minutos"},"schema":{"@context":"https:\/\/schema.org","@graph":[{"@type":"WebPage","@id":"https:\/\/www.safinel.fr\/produit\/miel-blanc-du-kirghizistan\/","url":"https:\/\/www.safinel.fr\/produit\/miel-blanc-du-kirghizistan\/","name":"Mel branco do Quirguist\u00e3o I Mel cremoso I In\u00fameros benef\u00edcios","isPartOf":{"@id":"https:\/\/www.safinel.fr\/#website"},"primaryImageOfPage":{"@id":"https:\/\/www.safinel.fr\/produit\/miel-blanc-du-kirghizistan\/#primaryimage"},"image":{"@id":"https:\/\/www.safinel.fr\/produit\/miel-blanc-du-kirghizistan\/#primaryimage"},"thumbnailUrl":"https:\/\/www.safinel.fr\/wp-content\/uploads\/2022\/07\/miel-blanc-du-kirghizstan.jpg","datePublished":"2022-07-28T11:16:11+00:00","dateModified":"2025-10-24T16:32:25+00:00","description":"Conhe\u00e7a ent\u00e3o o mel branco do Quirguist\u00e3o. Branco, cremoso e saboroso, os apreciadores de produtos ap\u00edcolas j\u00e1 ficam com \u00e1gua na boca.","breadcrumb":{"@id":"https:\/\/www.safinel.fr\/produit\/miel-blanc-du-kirghizistan\/#breadcrumb"},"inLanguage":"pt-PT","potentialAction":[{"@type":"ReadAction","target":["https:\/\/www.safinel.fr\/produit\/miel-blanc-du-kirghizistan\/"]}]},{"@type":"ImageObject","inLanguage":"pt-PT","@id":"https:\/\/www.safinel.fr\/produit\/miel-blanc-du-kirghizistan\/#primaryimage","url":"https:\/\/www.safinel.fr\/wp-content\/uploads\/2022\/07\/miel-blanc-du-kirghizstan.jpg","contentUrl":"https:\/\/www.safinel.fr\/wp-content\/uploads\/2022\/07\/miel-blanc-du-kirghizstan.jpg","width":600,"height":600,"caption":"Miel blanc du Kirghizistan 250g"},{"@type":"BreadcrumbList","@id":"https:\/\/www.safinel.fr\/produit\/miel-blanc-du-kirghizistan\/#breadcrumb","itemListElement":[{"@type":"ListItem","position":1,"name":"Accueil","item":"https:\/\/www.safinel.fr\/"},{"@type":"ListItem","position":2,"name":"Boutique","item":"https:\/\/www.safinel.fr\/boutique\/"},{"@type":"ListItem","position":3,"name":"Miel blanc du Kirghizistan 250g"}]},{"@type":"WebSite","@id":"https:\/\/www.safinel.fr\/#website","url":"https:\/\/www.safinel.fr\/","name":"Safinel","description":"","publisher":{"@id":"https:\/\/www.safinel.fr\/#organization"},"potentialAction":[{"@type":"SearchAction","target":{"@type":"EntryPoint","urlTemplate":"https:\/\/www.safinel.fr\/?s={search_term_string}"},"query-input":{"@type":"PropertyValueSpecification","valueRequired":true,"valueName":"search_term_string"}}],"inLanguage":"pt-PT"},{"@type":"Organization","@id":"https:\/\/www.safinel.fr\/#organization","name":"Safinel","url":"https:\/\/www.safinel.fr\/","logo":{"@type":"ImageObject","inLanguage":"pt-PT","@id":"https:\/\/www.safinel.fr\/#\/schema\/logo\/image\/","url":"https:\/\/www.safinel.fr\/wp-content\/uploads\/2021\/05\/boutique-cosmetique.png","contentUrl":"https:\/\/www.safinel.fr\/wp-content\/uploads\/2021\/05\/boutique-cosmetique.png","width":800,"height":200,"caption":"Safinel"},"image":{"@id":"https:\/\/www.safinel.fr\/#\/schema\/logo\/image\/"}}]}},"_links":{"self":[{"href":"https:\/\/www.safinel.fr\/pt\/wp-json\/wp\/v2\/product\/1970","targetHints":{"allow":["GET"]}}],"collection":[{"href":"https:\/\/www.safinel.fr\/pt\/wp-json\/wp\/v2\/product"}],"about":[{"href":"https:\/\/www.safinel.fr\/pt\/wp-json\/wp\/v2\/types\/product"}],"wp:featuredmedia":[{"embeddable":true,"href":"https:\/\/www.safinel.fr\/pt\/wp-json\/wp\/v2\/media\/1941"}],"wp:attachment":[{"href":"https:\/\/www.safinel.fr\/pt\/wp-json\/wp\/v2\/media?parent=1970"}],"wp:term":[{"taxonomy":"product_brand","embeddable":true,"href":"https:\/\/www.safinel.fr\/pt\/wp-json\/wp\/v2\/product_brand?post=1970"},{"taxonomy":"product_cat","embeddable":true,"href":"https:\/\/www.safinel.fr\/pt\/wp-json\/wp\/v2\/product_cat?post=1970"},{"taxonomy":"product_tag","embeddable":true,"href":"https:\/\/www.safinel.fr\/pt\/wp-json\/wp\/v2\/product_tag?post=1970"}],"curies":[{"name":"wp","href":"https:\/\/api.w.org\/{rel}","templated":true}]}}