{"id":1969,"date":"2022-07-28T11:09:50","date_gmt":"2022-07-28T11:09:50","guid":{"rendered":"https:\/\/www.safinel.fr\/?post_type=product&#038;p=1969"},"modified":"2025-03-12T19:17:25","modified_gmt":"2025-03-12T19:17:25","slug":"mel-de-jujubier-do-iemen","status":"publish","type":"product","link":"https:\/\/www.safinel.fr\/pt\/product-2\/mel-de-jujubier-do-iemen\/","title":{"rendered":"Mel de jujubier do I\u00e9men 250 g"},"content":{"rendered":"<p>O prazer do paladar... Por que n\u00e3o combinar o \u00fatil com o agrad\u00e1vel? Conhe\u00e7a este n\u00e9ctar t\u00e3o cobi\u00e7ado! Ele se chama\u00a0<strong>Mel de jujubier do I\u00e9men<\/strong>\u00a0!<\/p>\n<h2><strong>O prazer de conhecer o mel de jujuba do I\u00e9men\u00a0<\/strong><\/h2>\n<p>Prepare-se, pois \u00e9 hora de fazer uma pequena excurs\u00e3o para saber mais sobre este n\u00e9ctar t\u00e3o procurado.<\/p>\n<p>Este mel de jujubier, tamb\u00e9m chamado\u00a0<strong>mel de Sidr<\/strong>\u00a0ou<strong>\u00a0Sidr Maliky,\u00a0<\/strong>\u00e9 origin\u00e1rio do I\u00e9men. Este \u00faltimo \u00e9 um pa\u00eds do continente asi\u00e1tico. \u00c9 considerado um dos pa\u00edses mais antigos da civiliza\u00e7\u00e3o do M\u00e9dio Oriente.<\/p>\n<p>Al\u00e9m disso, tamb\u00e9m \u00e9 conhecido pelas suas in\u00fameras paisagens atraentes, que favorecem a apicultura de qualidade. De facto, frequentemente associado aos\u00a0<strong>mel melhores do mundo<\/strong>, O Sidr Maliky tem, sem d\u00favida, um sabor \u00fanico e agrad\u00e1vel, mas tamb\u00e9m \u00e9 um benef\u00edcio para a sa\u00fade!<\/p>\n<h2><strong>Mel de jujubier do I\u00e9men: apresentamos-lhe\u00a0<\/strong><\/h2>\n<p>Na Safinel, sua parceira de bem-estar, a escolha dos produtos \u00e9 essencial! \u00c9 por isso que a sele\u00e7\u00e3o \u00e9 feita com cuidado.<\/p>\n<p>Descubra sem mais demora o famoso\u00a0<strong>mel raro do I\u00e9men<\/strong>\u2026 \u00c9 vendido em lojas num frasco transparente que permite ver o cobi\u00e7ado elixir. O frasco de 250 g \u00e9 uma verdadeira vantagem para quem deseja aproveitar este produto.<strong>\u00a0produto da colmeia<\/strong>\u00a0a longo prazo!<\/p>\n<p>Al\u00e9m disso, a sua apar\u00eancia dourada e o seu aroma atraente fazem deste \u00faltimo um\u00a0<strong>mel \u00fanico<\/strong>. Na boca, \u00e9 muito cremoso e tem um sabor muito pronunciado.<\/p>\n<p>Se tamb\u00e9m deseja desfrutar deste mel de jujubier do I\u00e9men, convidamo-lo a descobri-lo na nossa loja, onde encontrar\u00e1 muitas outras surpresas!<\/p>\n<h2><strong>O mel de jujubier do I\u00e9men: muito mais do que um sabor\u00a0<\/strong><\/h2>\n<p>Sabemos a import\u00e2ncia que d\u00e1 ao paladar dos pequenos gourmets. Se o\u00a0<strong>mel de jujubier maliki<\/strong>\u00a0\u00e9 certamente atraente pelo seu sabor, mas tamb\u00e9m traz benef\u00edcios para a sa\u00fade! Voc\u00ea entendeu muito bem! Considerado um\u00a0<strong>alicament\u00a0<\/strong>De excelente qualidade, o Sidr Maliky possui in\u00fameras virtudes que tornam este mel um aliado no dia a dia.<\/p>\n<ul>\n<li>Antibacteriano<\/li>\n<li>Energizante<\/li>\n<li>Doen\u00e7as e outras infe\u00e7\u00f5es relacionadas com as vias respirat\u00f3rias<\/li>\n<li>Problemas intestinais<\/li>\n<li>\u00dalcera<\/li>\n<li>Dor de garganta<\/li>\n<\/ul>\n<p>Como pode descobrir, este<strong>\u00a0mel monofloral<\/strong>\u00a0n\u00e3o s\u00f3 \u00e9 saboroso, mas tamb\u00e9m ben\u00e9fico para o metabolismo. Muitas vezes utilizado como\u00a0<strong>suplemento alimentar<\/strong>, \u00e9 um suplemento nutritivo e energ\u00e9tico de qualidade. Os atletas de alto n\u00edvel podem tom\u00e1-lo antes e depois do treino para facilitar o esfor\u00e7o e a recupera\u00e7\u00e3o.<\/p>\n<h3><strong>Surpresa, surpresa, descubra tamb\u00e9m...<\/strong><\/h3>\n<p>Porqu\u00ea mudar os bons h\u00e1bitos? A sua loja online de bem-estar gosta particularmente de lhe apresentar novidades. \u00c9 por isso que deseja falar-lhe sobre algumas plantas consideradas medicinais.<\/p>\n<p>J\u00e1 ouviu falar do<strong>\u00a0<a href=\"https:\/\/www.safinel.fr\/pt\/product-2\/agripalma\/\">Sementes de agnocasto<\/a><\/strong>\u00a0Considerado um tesouro para algumas mulheres, \u00e9 conhecido por ajudar a atenuar alguns sinais da menopausa.<strong>\u00a0100% natural<\/strong>, este produto pode ser uma grande vantagem.<\/p>\n<p>Al\u00e9m disso, tamb\u00e9m tem a possibilidade de descobrir o<strong>\u00a0<a href=\"https:\/\/www.safinel.fr\/pt\/product-2\/pimenta-sichuan-em-graos\/\">pimenta de Sichuan em sementes<\/a><\/strong>\u00a0N\u00e3o vamos dizer mais nada! Se quiser saber mais sobre este produto, recomendamos que visite a sua loja de bem-estar!<\/p>","protected":false},"excerpt":{"rendered":"<p>O prazer do paladar... Porque n\u00e3o combinar o neg\u00f3cio com o prazer? Conhe\u00e7a o mais cobi\u00e7ado dos n\u00e9ctares! Chama-se mel de jujuba do I\u00e9men! O prazer de conhecer o mel de jujuba do I\u00e9men Agarrem-se bem aos chap\u00e9us, pois chegou a hora de uma pequena excurs\u00e3o para descobrir [...]","protected":false},"featured_media":1947,"template":"","meta":[],"product_brand":[],"product_cat":[24],"product_tag":[],"class_list":{"0":"post-1969","1":"product","2":"type-product","3":"status-publish","4":"has-post-thumbnail","6":"product_cat-apiculture","8":"first","9":"instock","10":"shipping-taxable","11":"purchasable","12":"product-type-simple"},"yoast_head":"<!-- This site is optimized with the Yoast SEO plugin v26.6 - https:\/\/yoast.com\/wordpress\/plugins\/seo\/ -->\n<title>Miel de jujubier I Le sidr maliki du Yemen par excellence<\/title>\n<meta name=\"description\" content=\"Le plaisir du palais\u2026 Pourquoi ne pas m\u00ealer l\u2019utile \u00e0 l\u2019agr\u00e9able ? Faites la rencontre avec ce nectar des plus convoit\u00e9s ! Le\u00a0Miel de jujubier du Y\u00e9men\u00a0!\u00a0\" \/>\n<meta name=\"robots\" content=\"index, follow, max-snippet:-1, max-image-preview:large, max-video-preview:-1\" \/>\n<link rel=\"canonical\" href=\"https:\/\/www.safinel.fr\/pt\/product-2\/mel-de-jujubier-do-iemen\/\" \/>\n<meta property=\"og:locale\" content=\"pt_PT\" \/>\n<meta property=\"og:type\" content=\"article\" \/>\n<meta property=\"og:title\" content=\"Miel de jujubier I Le sidr maliki du Yemen par excellence\" \/>\n<meta property=\"og:description\" content=\"Le plaisir du palais\u2026 Pourquoi ne pas m\u00ealer l\u2019utile \u00e0 l\u2019agr\u00e9able ? Faites la rencontre avec ce nectar des plus convoit\u00e9s ! Le\u00a0Miel de jujubier du Y\u00e9men\u00a0!\u00a0\" \/>\n<meta property=\"og:url\" content=\"https:\/\/www.safinel.fr\/pt\/product-2\/mel-de-jujubier-do-iemen\/\" \/>\n<meta property=\"og:site_name\" content=\"Safinel\" \/>\n<meta property=\"article:modified_time\" content=\"2025-03-12T19:17:25+00:00\" \/>\n<meta property=\"og:image\" content=\"https:\/\/www.safinel.fr\/wp-content\/uploads\/2022\/07\/miel-de-jujubier-du-yemen.jpg\" \/>\n\t<meta property=\"og:image:width\" content=\"600\" \/>\n\t<meta property=\"og:image:height\" content=\"600\" \/>\n\t<meta property=\"og:image:type\" content=\"image\/jpeg\" \/>\n<meta name=\"twitter:card\" content=\"summary_large_image\" \/>\n<meta name=\"twitter:label1\" content=\"Tempo estimado de leitura\" \/>\n\t<meta name=\"twitter:data1\" content=\"3 minutos\" \/>\n<script type=\"application\/ld+json\" class=\"yoast-schema-graph\">{\"@context\":\"https:\/\/schema.org\",\"@graph\":[{\"@type\":\"WebPage\",\"@id\":\"https:\/\/www.safinel.fr\/produit\/miel-de-jujubier-du-yemen\/\",\"url\":\"https:\/\/www.safinel.fr\/produit\/miel-de-jujubier-du-yemen\/\",\"name\":\"Miel de jujubier I Le sidr maliki du Yemen par excellence\",\"isPartOf\":{\"@id\":\"https:\/\/www.safinel.fr\/#website\"},\"primaryImageOfPage\":{\"@id\":\"https:\/\/www.safinel.fr\/produit\/miel-de-jujubier-du-yemen\/#primaryimage\"},\"image\":{\"@id\":\"https:\/\/www.safinel.fr\/produit\/miel-de-jujubier-du-yemen\/#primaryimage\"},\"thumbnailUrl\":\"https:\/\/www.safinel.fr\/wp-content\/uploads\/2022\/07\/miel-de-jujubier-du-yemen.jpg\",\"datePublished\":\"2022-07-28T11:09:50+00:00\",\"dateModified\":\"2025-03-12T19:17:25+00:00\",\"description\":\"Le plaisir du palais\u2026 Pourquoi ne pas m\u00ealer l\u2019utile \u00e0 l\u2019agr\u00e9able ? Faites la rencontre avec ce nectar des plus convoit\u00e9s ! Le\u00a0Miel de jujubier du Y\u00e9men\u00a0!\u00a0\",\"breadcrumb\":{\"@id\":\"https:\/\/www.safinel.fr\/produit\/miel-de-jujubier-du-yemen\/#breadcrumb\"},\"inLanguage\":\"pt-PT\",\"potentialAction\":[{\"@type\":\"ReadAction\",\"target\":[\"https:\/\/www.safinel.fr\/produit\/miel-de-jujubier-du-yemen\/\"]}]},{\"@type\":\"ImageObject\",\"inLanguage\":\"pt-PT\",\"@id\":\"https:\/\/www.safinel.fr\/produit\/miel-de-jujubier-du-yemen\/#primaryimage\",\"url\":\"https:\/\/www.safinel.fr\/wp-content\/uploads\/2022\/07\/miel-de-jujubier-du-yemen.jpg\",\"contentUrl\":\"https:\/\/www.safinel.fr\/wp-content\/uploads\/2022\/07\/miel-de-jujubier-du-yemen.jpg\",\"width\":600,\"height\":600,\"caption\":\"Miel de jujubier du Yemen\"},{\"@type\":\"BreadcrumbList\",\"@id\":\"https:\/\/www.safinel.fr\/produit\/miel-de-jujubier-du-yemen\/#breadcrumb\",\"itemListElement\":[{\"@type\":\"ListItem\",\"position\":1,\"name\":\"Accueil\",\"item\":\"https:\/\/www.safinel.fr\/\"},{\"@type\":\"ListItem\",\"position\":2,\"name\":\"Boutique\",\"item\":\"https:\/\/www.safinel.fr\/boutique\/\"},{\"@type\":\"ListItem\",\"position\":3,\"name\":\"Miel de jujubier du Yemen 250g\"}]},{\"@type\":\"WebSite\",\"@id\":\"https:\/\/www.safinel.fr\/#website\",\"url\":\"https:\/\/www.safinel.fr\/\",\"name\":\"Safinel\",\"description\":\"\",\"publisher\":{\"@id\":\"https:\/\/www.safinel.fr\/#organization\"},\"potentialAction\":[{\"@type\":\"SearchAction\",\"target\":{\"@type\":\"EntryPoint\",\"urlTemplate\":\"https:\/\/www.safinel.fr\/?s={search_term_string}\"},\"query-input\":{\"@type\":\"PropertyValueSpecification\",\"valueRequired\":true,\"valueName\":\"search_term_string\"}}],\"inLanguage\":\"pt-PT\"},{\"@type\":\"Organization\",\"@id\":\"https:\/\/www.safinel.fr\/#organization\",\"name\":\"Safinel\",\"url\":\"https:\/\/www.safinel.fr\/\",\"logo\":{\"@type\":\"ImageObject\",\"inLanguage\":\"pt-PT\",\"@id\":\"https:\/\/www.safinel.fr\/#\/schema\/logo\/image\/\",\"url\":\"https:\/\/www.safinel.fr\/wp-content\/uploads\/2021\/05\/boutique-cosmetique.png\",\"contentUrl\":\"https:\/\/www.safinel.fr\/wp-content\/uploads\/2021\/05\/boutique-cosmetique.png\",\"width\":800,\"height\":200,\"caption\":\"Safinel\"},\"image\":{\"@id\":\"https:\/\/www.safinel.fr\/#\/schema\/logo\/image\/\"}}]}<\/script>\n<!-- \/ Yoast SEO plugin. -->","yoast_head_json":{"title":"Mel de jujubier I O sidr maliki do I\u00e9men por excel\u00eancia","description":"O prazer do paladar... Porque n\u00e3o combinar o \u00fatil com o agrad\u00e1vel? Conhe\u00e7a este n\u00e9ctar t\u00e3o cobi\u00e7ado! O mel de jujubier do I\u00e9men!\u00a0","robots":{"index":"index","follow":"follow","max-snippet":"max-snippet:-1","max-image-preview":"max-image-preview:large","max-video-preview":"max-video-preview:-1"},"canonical":"https:\/\/www.safinel.fr\/pt\/product-2\/mel-de-jujubier-do-iemen\/","og_locale":"pt_PT","og_type":"article","og_title":"Miel de jujubier I Le sidr maliki du Yemen par excellence","og_description":"Le plaisir du palais\u2026 Pourquoi ne pas m\u00ealer l\u2019utile \u00e0 l\u2019agr\u00e9able ? Faites la rencontre avec ce nectar des plus convoit\u00e9s ! Le\u00a0Miel de jujubier du Y\u00e9men\u00a0!\u00a0","og_url":"https:\/\/www.safinel.fr\/pt\/product-2\/mel-de-jujubier-do-iemen\/","og_site_name":"Safinel","article_modified_time":"2025-03-12T19:17:25+00:00","og_image":[{"width":600,"height":600,"url":"https:\/\/www.safinel.fr\/wp-content\/uploads\/2022\/07\/miel-de-jujubier-du-yemen.jpg","type":"image\/jpeg"}],"twitter_card":"summary_large_image","twitter_misc":{"Tempo estimado de leitura":"3 minutos"},"schema":{"@context":"https:\/\/schema.org","@graph":[{"@type":"WebPage","@id":"https:\/\/www.safinel.fr\/produit\/miel-de-jujubier-du-yemen\/","url":"https:\/\/www.safinel.fr\/produit\/miel-de-jujubier-du-yemen\/","name":"Mel de jujubier I O sidr maliki do I\u00e9men por excel\u00eancia","isPartOf":{"@id":"https:\/\/www.safinel.fr\/#website"},"primaryImageOfPage":{"@id":"https:\/\/www.safinel.fr\/produit\/miel-de-jujubier-du-yemen\/#primaryimage"},"image":{"@id":"https:\/\/www.safinel.fr\/produit\/miel-de-jujubier-du-yemen\/#primaryimage"},"thumbnailUrl":"https:\/\/www.safinel.fr\/wp-content\/uploads\/2022\/07\/miel-de-jujubier-du-yemen.jpg","datePublished":"2022-07-28T11:09:50+00:00","dateModified":"2025-03-12T19:17:25+00:00","description":"O prazer do paladar... Porque n\u00e3o combinar o \u00fatil com o agrad\u00e1vel? Conhe\u00e7a este n\u00e9ctar t\u00e3o cobi\u00e7ado! O mel de jujubier do I\u00e9men!\u00a0","breadcrumb":{"@id":"https:\/\/www.safinel.fr\/produit\/miel-de-jujubier-du-yemen\/#breadcrumb"},"inLanguage":"pt-PT","potentialAction":[{"@type":"ReadAction","target":["https:\/\/www.safinel.fr\/produit\/miel-de-jujubier-du-yemen\/"]}]},{"@type":"ImageObject","inLanguage":"pt-PT","@id":"https:\/\/www.safinel.fr\/produit\/miel-de-jujubier-du-yemen\/#primaryimage","url":"https:\/\/www.safinel.fr\/wp-content\/uploads\/2022\/07\/miel-de-jujubier-du-yemen.jpg","contentUrl":"https:\/\/www.safinel.fr\/wp-content\/uploads\/2022\/07\/miel-de-jujubier-du-yemen.jpg","width":600,"height":600,"caption":"Miel de jujubier du Yemen"},{"@type":"BreadcrumbList","@id":"https:\/\/www.safinel.fr\/produit\/miel-de-jujubier-du-yemen\/#breadcrumb","itemListElement":[{"@type":"ListItem","position":1,"name":"Accueil","item":"https:\/\/www.safinel.fr\/"},{"@type":"ListItem","position":2,"name":"Boutique","item":"https:\/\/www.safinel.fr\/boutique\/"},{"@type":"ListItem","position":3,"name":"Miel de jujubier du Yemen 250g"}]},{"@type":"WebSite","@id":"https:\/\/www.safinel.fr\/#website","url":"https:\/\/www.safinel.fr\/","name":"Safinel","description":"","publisher":{"@id":"https:\/\/www.safinel.fr\/#organization"},"potentialAction":[{"@type":"SearchAction","target":{"@type":"EntryPoint","urlTemplate":"https:\/\/www.safinel.fr\/?s={search_term_string}"},"query-input":{"@type":"PropertyValueSpecification","valueRequired":true,"valueName":"search_term_string"}}],"inLanguage":"pt-PT"},{"@type":"Organization","@id":"https:\/\/www.safinel.fr\/#organization","name":"Safinel","url":"https:\/\/www.safinel.fr\/","logo":{"@type":"ImageObject","inLanguage":"pt-PT","@id":"https:\/\/www.safinel.fr\/#\/schema\/logo\/image\/","url":"https:\/\/www.safinel.fr\/wp-content\/uploads\/2021\/05\/boutique-cosmetique.png","contentUrl":"https:\/\/www.safinel.fr\/wp-content\/uploads\/2021\/05\/boutique-cosmetique.png","width":800,"height":200,"caption":"Safinel"},"image":{"@id":"https:\/\/www.safinel.fr\/#\/schema\/logo\/image\/"}}]}},"_links":{"self":[{"href":"https:\/\/www.safinel.fr\/pt\/wp-json\/wp\/v2\/product\/1969","targetHints":{"allow":["GET"]}}],"collection":[{"href":"https:\/\/www.safinel.fr\/pt\/wp-json\/wp\/v2\/product"}],"about":[{"href":"https:\/\/www.safinel.fr\/pt\/wp-json\/wp\/v2\/types\/product"}],"wp:featuredmedia":[{"embeddable":true,"href":"https:\/\/www.safinel.fr\/pt\/wp-json\/wp\/v2\/media\/1947"}],"wp:attachment":[{"href":"https:\/\/www.safinel.fr\/pt\/wp-json\/wp\/v2\/media?parent=1969"}],"wp:term":[{"taxonomy":"product_brand","embeddable":true,"href":"https:\/\/www.safinel.fr\/pt\/wp-json\/wp\/v2\/product_brand?post=1969"},{"taxonomy":"product_cat","embeddable":true,"href":"https:\/\/www.safinel.fr\/pt\/wp-json\/wp\/v2\/product_cat?post=1969"},{"taxonomy":"product_tag","embeddable":true,"href":"https:\/\/www.safinel.fr\/pt\/wp-json\/wp\/v2\/product_tag?post=1969"}],"curies":[{"name":"wp","href":"https:\/\/api.w.org\/{rel}","templated":true}]}}