{"id":1968,"date":"2022-07-28T11:07:16","date_gmt":"2022-07-28T11:07:16","guid":{"rendered":"https:\/\/www.safinel.fr\/?post_type=product&#038;p=1968"},"modified":"2023-12-28T17:15:23","modified_gmt":"2023-12-28T17:15:23","slug":"mel-de-daghmous","status":"publish","type":"product","link":"https:\/\/www.safinel.fr\/pt\/product-2\/mel-de-daghmous\/","title":{"rendered":"Mel de daghmous do Marrocos 250 g"},"content":{"rendered":"<p>\u00c0 procura de uma guloseima natural de qualidade?! A sua loja online deseja destacar o<strong> mel de Daghmous.<\/strong>\u00a0Tamb\u00e9m conhecido como\u00a0<strong>mel de euphorbia<\/strong>, este \u00e9 apreciado por muitos apreciadores\u00a0<strong>apicultura<\/strong>.<\/p>\n<p>Na torrada ou como cura de rejuvenescimento, este elixir natural pode surpreend\u00ea-lo!<\/p>\n<h2><strong>A surpreendente origem do mel de Daghmous\u00a0<\/strong><\/h2>\n<p>Sente-se, acomode-se confortavelmente, pois vamos falar sobre o famoso mel de Daghmous! Para aqueles que ainda n\u00e3o conhecem este\u00a0<strong>tesouro da natureza<\/strong>, fique tranquilo, vamos resolver isso.<\/p>\n<p>Em primeiro lugar, \u00e9 interessante saber que este n\u00e9ctar \u00e9 origin\u00e1rio de Marrocos! Sim, o artesanato marroquino continua a destacar-se, desta vez no dom\u00ednio da apicultura. Se este pa\u00eds \u00e9 muito conhecido entre os profissionais, \u00e9 pela qualidade do seu n\u00e9ctar.<\/p>\n<p>Mas de que flor prov\u00e9m o mel de Daghmous?<\/p>\n<p>Por mais surpreendente que pare\u00e7a, este n\u00e9ctar prov\u00e9m da\u00a0<strong>poliniza\u00e7\u00e3o<\/strong>\u00a0de cactos! Voc\u00ea entendeu muito bem, o cacto \u00e9 uma planta singular cujo p\u00f3len as abelhas adoram coletar. E \u00e9 por isso que classificamos esse n\u00e9ctar como um\u00a0<strong>mel monofloral<\/strong>\u00a0!<\/p>\n<h2><strong>Safinel e o mel de Daghmous\u00a0<\/strong><\/h2>\n<p>Agora que sabe mais sobre este elixir, que tal experiment\u00e1-lo? A sua magn\u00edfica loja de bem-estar deseja que descubra este famoso\u00a0<strong>produto da colmeia<\/strong>\u00a0!<\/p>\n<p>Cremoso e saboroso ao mesmo tempo, os gulosos adoram... \u00c9 oferecido num frasco transparente, permitindo ver este n\u00e9ctar t\u00e3o cobi\u00e7ado! Com o seu conte\u00fado de 250 g, ir\u00e1 agradar aos apreciadores de mel.<\/p>\n<p>O seu sabor que derrete na boca e a sua cor castanha j\u00e1 dizem tudo! N\u00e3o hesite mais e junte-se \u00e0queles que apreciam produtos naturais de qualidade.<\/p>\n<h2><strong>Os benef\u00edcios do mel de Daghmous\u00a0<\/strong><\/h2>\n<p>Est\u00e1 curioso para saber quais s\u00e3o as virtudes deste mel? N\u00e3o se preocupe, j\u00e1 vamos responder a essa pergunta. Este n\u00e9ctar de sabor agrad\u00e1vel tamb\u00e9m possui qualidades muito \u00fateis para o dia a dia.<\/p>\n<p>Na verdade, este \u00faltimo \u00e9 considerado uma vantagem contra doen\u00e7as sazonais. Constipa\u00e7\u00f5es e dores de garganta s\u00e3o, para este alimento funcional, um verdadeiro jogo de crian\u00e7as! Al\u00e9m disso, para os desportistas, este n\u00e9ctar pode ser uma vantagem adicional.<\/p>\n<p>Muito \u00fatil para tonificar os m\u00fasculos e revigorar o organismo, este\u00a0<strong>mel de euphorbia<\/strong>\u00a0\u00e9 um verdadeiro companheiro para o esfor\u00e7o f\u00edsico.<\/p>\n<p>\u00c9 tamb\u00e9m conhecido por regular a hipertens\u00e3o e outras doen\u00e7as cardiovasculares.<\/p>\n<h3><strong>Em algum lugar na sua loja de bem-estar...<\/strong><\/h3>\n<p>A sua loja Safinel est\u00e1, como sempre, preocupada com os produtos que apresenta! \u00c9 por isso que escolhe cuidadosamente os artigos dispon\u00edveis na loja. J\u00e1 conhece o<strong>\u00a0<a href=\"https:\/\/www.safinel.fr\/pt\/product-2\/curcuma\/\">a\u00e7afr\u00e3o em p\u00f3<\/a><\/strong>\u00a0? 100% puro e vegan, este p\u00f3 vegetal pode surpreend\u00ea-lo.<\/p>\n<p>Al\u00e9m disso, tamb\u00e9m tem a possibilidade de conhecer o<strong>\u00a0<a href=\"https:\/\/www.safinel.fr\/pt\/product-2\/garcinia\/\">Garcinia Cambogia<\/a><\/strong>\u00a0Este \u00faltimo \u00e9 conhecido, nomeadamente, pelas suas in\u00fameras vantagens no combate \u00e0 hipertens\u00e3o arterial.<\/p>\n<p>A sua loja online de bem-estar tem o prazer de lhe oferecer produtos que podem ser adequados para si! Agora \u00e9 com voc\u00ea!<\/p>","protected":false},"excerpt":{"rendered":"<p>A la recherche d\u2019une gourmandise naturelle de qualit\u00e9 ?! Votre boutique en ligne souhaite mettre \u00e0 l\u2019honneur le miel de Daghmous.\u00a0Aussi surnomm\u00e9\u00a0miel d\u2019euphorbe, celui-ci est appr\u00e9ci\u00e9 de bon nombre d&rsquo;amateurs\u00a0d\u2019apiculture. En tartine, ou alors en cure de jouvence, cet \u00e9lixir naturel pourrait bien vous surprendre ! L\u2019\u00e9tonnante provenance du miel de Daghmous\u00a0 Prenez place, installez-vous [&#8230;]","protected":false},"featured_media":1945,"template":"","meta":[],"product_brand":[],"product_cat":[24,70],"product_tag":[],"class_list":{"0":"post-1968","1":"product","2":"type-product","3":"status-publish","4":"has-post-thumbnail","6":"product_cat-apiculture","7":"product_cat-miels-du-maroc","9":"first","10":"instock","11":"shipping-taxable","12":"purchasable","13":"product-type-simple"},"yoast_head":"<!-- This site is optimized with the Yoast SEO plugin v26.6 - https:\/\/yoast.com\/wordpress\/plugins\/seo\/ -->\n<title>Miel de daghmous (Cactus) I Miel piquant I Bienfaits nombreux<\/title>\n<meta name=\"description\" content=\"Votre boutique souhaite mettre \u00e0 l\u2019honneur le\u00a0miel de Daghmous. Aussi surnomm\u00e9\u00a0miel d\u2019euphorbe ou cactus. Un miel piquant aux bienfaits nombreux.\" \/>\n<meta name=\"robots\" content=\"index, follow, max-snippet:-1, max-image-preview:large, max-video-preview:-1\" \/>\n<link rel=\"canonical\" href=\"https:\/\/www.safinel.fr\/pt\/product-2\/mel-de-daghmous\/\" \/>\n<meta property=\"og:locale\" content=\"pt_PT\" \/>\n<meta property=\"og:type\" content=\"article\" \/>\n<meta property=\"og:title\" content=\"Miel de daghmous (Cactus) I Miel piquant I Bienfaits nombreux\" \/>\n<meta property=\"og:description\" content=\"Votre boutique souhaite mettre \u00e0 l\u2019honneur le\u00a0miel de Daghmous. Aussi surnomm\u00e9\u00a0miel d\u2019euphorbe ou cactus. Un miel piquant aux bienfaits nombreux.\" \/>\n<meta property=\"og:url\" content=\"https:\/\/www.safinel.fr\/pt\/product-2\/mel-de-daghmous\/\" \/>\n<meta property=\"og:site_name\" content=\"Safinel\" \/>\n<meta property=\"article:modified_time\" content=\"2023-12-28T17:15:23+00:00\" \/>\n<meta property=\"og:image\" content=\"https:\/\/www.safinel.fr\/wp-content\/uploads\/2022\/07\/miel-de-daghmous.jpg\" \/>\n\t<meta property=\"og:image:width\" content=\"600\" \/>\n\t<meta property=\"og:image:height\" content=\"600\" \/>\n\t<meta property=\"og:image:type\" content=\"image\/jpeg\" \/>\n<meta name=\"twitter:card\" content=\"summary_large_image\" \/>\n<meta name=\"twitter:label1\" content=\"Tempo estimado de leitura\" \/>\n\t<meta name=\"twitter:data1\" content=\"3 minutos\" \/>\n<script type=\"application\/ld+json\" class=\"yoast-schema-graph\">{\"@context\":\"https:\/\/schema.org\",\"@graph\":[{\"@type\":\"WebPage\",\"@id\":\"https:\/\/www.safinel.fr\/produit\/miel-de-daghmous\/\",\"url\":\"https:\/\/www.safinel.fr\/produit\/miel-de-daghmous\/\",\"name\":\"Miel de daghmous (Cactus) I Miel piquant I Bienfaits nombreux\",\"isPartOf\":{\"@id\":\"https:\/\/www.safinel.fr\/#website\"},\"primaryImageOfPage\":{\"@id\":\"https:\/\/www.safinel.fr\/produit\/miel-de-daghmous\/#primaryimage\"},\"image\":{\"@id\":\"https:\/\/www.safinel.fr\/produit\/miel-de-daghmous\/#primaryimage\"},\"thumbnailUrl\":\"https:\/\/www.safinel.fr\/wp-content\/uploads\/2022\/07\/miel-de-daghmous.jpg\",\"datePublished\":\"2022-07-28T11:07:16+00:00\",\"dateModified\":\"2023-12-28T17:15:23+00:00\",\"description\":\"Votre boutique souhaite mettre \u00e0 l\u2019honneur le\u00a0miel de Daghmous. Aussi surnomm\u00e9\u00a0miel d\u2019euphorbe ou cactus. Un miel piquant aux bienfaits nombreux.\",\"breadcrumb\":{\"@id\":\"https:\/\/www.safinel.fr\/produit\/miel-de-daghmous\/#breadcrumb\"},\"inLanguage\":\"pt-PT\",\"potentialAction\":[{\"@type\":\"ReadAction\",\"target\":[\"https:\/\/www.safinel.fr\/produit\/miel-de-daghmous\/\"]}]},{\"@type\":\"ImageObject\",\"inLanguage\":\"pt-PT\",\"@id\":\"https:\/\/www.safinel.fr\/produit\/miel-de-daghmous\/#primaryimage\",\"url\":\"https:\/\/www.safinel.fr\/wp-content\/uploads\/2022\/07\/miel-de-daghmous.jpg\",\"contentUrl\":\"https:\/\/www.safinel.fr\/wp-content\/uploads\/2022\/07\/miel-de-daghmous.jpg\",\"width\":600,\"height\":600,\"caption\":\"Miel de daghmous du maroc\"},{\"@type\":\"BreadcrumbList\",\"@id\":\"https:\/\/www.safinel.fr\/produit\/miel-de-daghmous\/#breadcrumb\",\"itemListElement\":[{\"@type\":\"ListItem\",\"position\":1,\"name\":\"Accueil\",\"item\":\"https:\/\/www.safinel.fr\/\"},{\"@type\":\"ListItem\",\"position\":2,\"name\":\"Boutique\",\"item\":\"https:\/\/www.safinel.fr\/boutique\/\"},{\"@type\":\"ListItem\",\"position\":3,\"name\":\"Miel de daghmous du Maroc 250g\"}]},{\"@type\":\"WebSite\",\"@id\":\"https:\/\/www.safinel.fr\/#website\",\"url\":\"https:\/\/www.safinel.fr\/\",\"name\":\"Safinel\",\"description\":\"\",\"publisher\":{\"@id\":\"https:\/\/www.safinel.fr\/#organization\"},\"potentialAction\":[{\"@type\":\"SearchAction\",\"target\":{\"@type\":\"EntryPoint\",\"urlTemplate\":\"https:\/\/www.safinel.fr\/?s={search_term_string}\"},\"query-input\":{\"@type\":\"PropertyValueSpecification\",\"valueRequired\":true,\"valueName\":\"search_term_string\"}}],\"inLanguage\":\"pt-PT\"},{\"@type\":\"Organization\",\"@id\":\"https:\/\/www.safinel.fr\/#organization\",\"name\":\"Safinel\",\"url\":\"https:\/\/www.safinel.fr\/\",\"logo\":{\"@type\":\"ImageObject\",\"inLanguage\":\"pt-PT\",\"@id\":\"https:\/\/www.safinel.fr\/#\/schema\/logo\/image\/\",\"url\":\"https:\/\/www.safinel.fr\/wp-content\/uploads\/2021\/05\/boutique-cosmetique.png\",\"contentUrl\":\"https:\/\/www.safinel.fr\/wp-content\/uploads\/2021\/05\/boutique-cosmetique.png\",\"width\":800,\"height\":200,\"caption\":\"Safinel\"},\"image\":{\"@id\":\"https:\/\/www.safinel.fr\/#\/schema\/logo\/image\/\"}}]}<\/script>\n<!-- \/ Yoast SEO plugin. -->","yoast_head_json":{"title":"Mel de daghmous (cacto) I Mel picante I In\u00fameros benef\u00edcios","description":"A sua loja deseja destacar o mel de Daghmous. Tamb\u00e9m conhecido como mel de euf\u00f3rbia ou cacto. Um mel picante com in\u00fameros benef\u00edcios.","robots":{"index":"index","follow":"follow","max-snippet":"max-snippet:-1","max-image-preview":"max-image-preview:large","max-video-preview":"max-video-preview:-1"},"canonical":"https:\/\/www.safinel.fr\/pt\/product-2\/mel-de-daghmous\/","og_locale":"pt_PT","og_type":"article","og_title":"Miel de daghmous (Cactus) I Miel piquant I Bienfaits nombreux","og_description":"Votre boutique souhaite mettre \u00e0 l\u2019honneur le\u00a0miel de Daghmous. Aussi surnomm\u00e9\u00a0miel d\u2019euphorbe ou cactus. Un miel piquant aux bienfaits nombreux.","og_url":"https:\/\/www.safinel.fr\/pt\/product-2\/mel-de-daghmous\/","og_site_name":"Safinel","article_modified_time":"2023-12-28T17:15:23+00:00","og_image":[{"width":600,"height":600,"url":"https:\/\/www.safinel.fr\/wp-content\/uploads\/2022\/07\/miel-de-daghmous.jpg","type":"image\/jpeg"}],"twitter_card":"summary_large_image","twitter_misc":{"Tempo estimado de leitura":"3 minutos"},"schema":{"@context":"https:\/\/schema.org","@graph":[{"@type":"WebPage","@id":"https:\/\/www.safinel.fr\/produit\/miel-de-daghmous\/","url":"https:\/\/www.safinel.fr\/produit\/miel-de-daghmous\/","name":"Mel de daghmous (cacto) I Mel picante I In\u00fameros benef\u00edcios","isPartOf":{"@id":"https:\/\/www.safinel.fr\/#website"},"primaryImageOfPage":{"@id":"https:\/\/www.safinel.fr\/produit\/miel-de-daghmous\/#primaryimage"},"image":{"@id":"https:\/\/www.safinel.fr\/produit\/miel-de-daghmous\/#primaryimage"},"thumbnailUrl":"https:\/\/www.safinel.fr\/wp-content\/uploads\/2022\/07\/miel-de-daghmous.jpg","datePublished":"2022-07-28T11:07:16+00:00","dateModified":"2023-12-28T17:15:23+00:00","description":"A sua loja deseja destacar o mel de Daghmous. Tamb\u00e9m conhecido como mel de euf\u00f3rbia ou cacto. Um mel picante com in\u00fameros benef\u00edcios.","breadcrumb":{"@id":"https:\/\/www.safinel.fr\/produit\/miel-de-daghmous\/#breadcrumb"},"inLanguage":"pt-PT","potentialAction":[{"@type":"ReadAction","target":["https:\/\/www.safinel.fr\/produit\/miel-de-daghmous\/"]}]},{"@type":"ImageObject","inLanguage":"pt-PT","@id":"https:\/\/www.safinel.fr\/produit\/miel-de-daghmous\/#primaryimage","url":"https:\/\/www.safinel.fr\/wp-content\/uploads\/2022\/07\/miel-de-daghmous.jpg","contentUrl":"https:\/\/www.safinel.fr\/wp-content\/uploads\/2022\/07\/miel-de-daghmous.jpg","width":600,"height":600,"caption":"Miel de daghmous du maroc"},{"@type":"BreadcrumbList","@id":"https:\/\/www.safinel.fr\/produit\/miel-de-daghmous\/#breadcrumb","itemListElement":[{"@type":"ListItem","position":1,"name":"Accueil","item":"https:\/\/www.safinel.fr\/"},{"@type":"ListItem","position":2,"name":"Boutique","item":"https:\/\/www.safinel.fr\/boutique\/"},{"@type":"ListItem","position":3,"name":"Miel de daghmous du Maroc 250g"}]},{"@type":"WebSite","@id":"https:\/\/www.safinel.fr\/#website","url":"https:\/\/www.safinel.fr\/","name":"Safinel","description":"","publisher":{"@id":"https:\/\/www.safinel.fr\/#organization"},"potentialAction":[{"@type":"SearchAction","target":{"@type":"EntryPoint","urlTemplate":"https:\/\/www.safinel.fr\/?s={search_term_string}"},"query-input":{"@type":"PropertyValueSpecification","valueRequired":true,"valueName":"search_term_string"}}],"inLanguage":"pt-PT"},{"@type":"Organization","@id":"https:\/\/www.safinel.fr\/#organization","name":"Safinel","url":"https:\/\/www.safinel.fr\/","logo":{"@type":"ImageObject","inLanguage":"pt-PT","@id":"https:\/\/www.safinel.fr\/#\/schema\/logo\/image\/","url":"https:\/\/www.safinel.fr\/wp-content\/uploads\/2021\/05\/boutique-cosmetique.png","contentUrl":"https:\/\/www.safinel.fr\/wp-content\/uploads\/2021\/05\/boutique-cosmetique.png","width":800,"height":200,"caption":"Safinel"},"image":{"@id":"https:\/\/www.safinel.fr\/#\/schema\/logo\/image\/"}}]}},"_links":{"self":[{"href":"https:\/\/www.safinel.fr\/pt\/wp-json\/wp\/v2\/product\/1968","targetHints":{"allow":["GET"]}}],"collection":[{"href":"https:\/\/www.safinel.fr\/pt\/wp-json\/wp\/v2\/product"}],"about":[{"href":"https:\/\/www.safinel.fr\/pt\/wp-json\/wp\/v2\/types\/product"}],"wp:featuredmedia":[{"embeddable":true,"href":"https:\/\/www.safinel.fr\/pt\/wp-json\/wp\/v2\/media\/1945"}],"wp:attachment":[{"href":"https:\/\/www.safinel.fr\/pt\/wp-json\/wp\/v2\/media?parent=1968"}],"wp:term":[{"taxonomy":"product_brand","embeddable":true,"href":"https:\/\/www.safinel.fr\/pt\/wp-json\/wp\/v2\/product_brand?post=1968"},{"taxonomy":"product_cat","embeddable":true,"href":"https:\/\/www.safinel.fr\/pt\/wp-json\/wp\/v2\/product_cat?post=1968"},{"taxonomy":"product_tag","embeddable":true,"href":"https:\/\/www.safinel.fr\/pt\/wp-json\/wp\/v2\/product_tag?post=1968"}],"curies":[{"name":"wp","href":"https:\/\/api.w.org\/{rel}","templated":true}]}}