{"id":1966,"date":"2022-07-28T11:02:04","date_gmt":"2022-07-28T11:02:04","guid":{"rendered":"https:\/\/www.safinel.fr\/?post_type=product&#038;p=1966"},"modified":"2025-05-07T20:11:46","modified_gmt":"2025-05-07T20:11:46","slug":"mel-de-jujubier-do-marrocos","status":"publish","type":"product","link":"https:\/\/www.safinel.fr\/pt\/product-2\/mel-de-jujubier-do-marrocos\/","title":{"rendered":"Mel de jujubier do Marrocos 250 g"},"content":{"rendered":"<p>O melhor mel do mundo talvez esteja entre n\u00f3s... Se alguns discordam, cabe a si dar a sua opini\u00e3o sobre o\u00a0<strong>mel de jujubier do Marrocos<\/strong>.<\/p>\n<h2><strong>A origem do mel de jujubier do Marrocos\u00a0<\/strong><\/h2>\n<p>Marrocos e as suas in\u00fameras paisagens s\u00e3o um prazer para as nossas pequenas abelhas em busca do famoso n\u00e9ctar t\u00e3o cobi\u00e7ado. Al\u00e9m disso, muito conhecido no dom\u00ednio da apicultura, Marrocos d\u00e1-nos a honra de conhecer a famosa \u00e1rvore frut\u00edfera, a jujuba! Esta \u00faltima \u00e9 particularmente apreciada pela qualidade do seu<strong>\u00a0produto da colmeia<\/strong>.<\/p>\n<p>Considerado por alguns como um dos melhores m\u00e9is do mundo, o n\u00e9ctar do jujubier poder\u00e1 muito bem conquist\u00e1-lo...<\/p>\n<h2><strong>Descubra o mel de jujubier do Marrocos!\u00a0<\/strong><\/h2>\n<p>A sua loja gosta particularmente de destacar produtos que podem satisfazer as suas necessidades! \u00c9 por isso que ela deseja apresentar-lhe o\u00a0<strong>mel de jujubier<\/strong>. Este famoso produto tem uma consist\u00eancia cremosa, uma cor castanha, mas acima de tudo um sabor muito agrad\u00e1vel. Numa embalagem de 250 g, este n\u00e9ctar parece ter sido feito para os gulosos. Muito saboroso, uma vez na boca, prepare-se para conhecer uma\u00a0<strong>a\u00e7\u00facar natural\u00a0<\/strong>que pode surpreend\u00ea-lo!<\/p>\n<h2><strong>Os in\u00fameros benef\u00edcios do mel de jujuba do Marrocos\u00a0<\/strong><\/h2>\n<p>Se j\u00e1 ouviu falar deste mel, talvez conhe\u00e7a as suas in\u00fameras virtudes? Se n\u00e3o for o caso, n\u00e3o se preocupe, vamos tentar dar-lhe mais informa\u00e7\u00f5es.<\/p>\n<p>De facto, isso\u00a0<strong>n\u00e9ctar natural<\/strong>\u00a0\u00e9 especialmente apreciado pelas suas vantagens durante as mudan\u00e7as de esta\u00e7\u00e3o, principalmente contra dores de garganta e problemas respirat\u00f3rios. No entanto, tamb\u00e9m \u00e9 um benef\u00edcio para o sistema imunit\u00e1rio e para o aporte energ\u00e9tico! Considerado um\u00a0<strong>suplemento alimentar natural<\/strong>, O mel de jujuba do Marrocos \u00e9 fascinante.<\/p>\n<h3><strong>Surpresa, surpresa na Safinel...\u00a0<\/strong><\/h3>\n<p>Est\u00e1 pronto para conhecer produtos naturais que v\u00e3o seduzi-lo? D\u00ea lugar aos\u00a0<a href=\"https:\/\/www.safinel.fr\/pt\/product-2\/capsulas-de-alquemila-biologica\/\"><strong>c\u00e1psulas de alquimila org\u00e2nica<\/strong><\/a>, ben\u00e9fico para a higiene feminina, parece que as suas c\u00e1psulas escondem muitas outras surpresas...<\/p>","protected":false},"excerpt":{"rendered":"<p>Talvez o melhor mel do mundo esteja mesmo aqui entre n\u00f3s... Se h\u00e1 quem discorde, cabe-lhe a si dar a sua opini\u00e3o sobre o mel de jujuba de Marrocos. As origens do mel de jujuba de Marrocos Marrocos e as suas m\u00faltiplas paisagens fazem as del\u00edcias das nossas pequenas abelhas que procuram o cobi\u00e7ado n\u00e9ctar. Para al\u00e9m disso, o pa\u00eds [...]","protected":false},"featured_media":1946,"template":"","meta":[],"product_brand":[],"product_cat":[24,70],"product_tag":[],"class_list":{"0":"post-1966","1":"product","2":"type-product","3":"status-publish","4":"has-post-thumbnail","6":"product_cat-apiculture","7":"product_cat-miels-du-maroc","9":"first","10":"instock","11":"shipping-taxable","12":"purchasable","13":"product-type-simple"},"yoast_head":"<!-- This site is optimized with the Yoast SEO plugin v26.6 - https:\/\/yoast.com\/wordpress\/plugins\/seo\/ -->\n<title>Miel de jujubier du Maroc I Sidr marocain par excellence<\/title>\n<meta name=\"description\" content=\"Le meilleur miel du monde serait peut-\u00eatre parmi nous\u2026 Si certains divergent, \u00e0 vous de donner votre avis sur le\u00a0miel de jujubier du Maroc.\" \/>\n<meta name=\"robots\" content=\"index, follow, max-snippet:-1, max-image-preview:large, max-video-preview:-1\" \/>\n<link rel=\"canonical\" href=\"https:\/\/www.safinel.fr\/pt\/product-2\/mel-de-jujubier-do-marrocos\/\" \/>\n<meta property=\"og:locale\" content=\"pt_PT\" \/>\n<meta property=\"og:type\" content=\"article\" \/>\n<meta property=\"og:title\" content=\"Miel de jujubier du Maroc I Sidr marocain par excellence\" \/>\n<meta property=\"og:description\" content=\"Le meilleur miel du monde serait peut-\u00eatre parmi nous\u2026 Si certains divergent, \u00e0 vous de donner votre avis sur le\u00a0miel de jujubier du Maroc.\" \/>\n<meta property=\"og:url\" content=\"https:\/\/www.safinel.fr\/pt\/product-2\/mel-de-jujubier-do-marrocos\/\" \/>\n<meta property=\"og:site_name\" content=\"Safinel\" \/>\n<meta property=\"article:modified_time\" content=\"2025-05-07T20:11:46+00:00\" \/>\n<meta property=\"og:image\" content=\"https:\/\/www.safinel.fr\/wp-content\/uploads\/2022\/07\/miel-de-jujubier-du-maroc.jpg\" \/>\n\t<meta property=\"og:image:width\" content=\"600\" \/>\n\t<meta property=\"og:image:height\" content=\"600\" \/>\n\t<meta property=\"og:image:type\" content=\"image\/jpeg\" \/>\n<meta name=\"twitter:card\" content=\"summary_large_image\" \/>\n<meta name=\"twitter:label1\" content=\"Tempo estimado de leitura\" \/>\n\t<meta name=\"twitter:data1\" content=\"2 minutos\" \/>\n<script type=\"application\/ld+json\" class=\"yoast-schema-graph\">{\"@context\":\"https:\/\/schema.org\",\"@graph\":[{\"@type\":\"WebPage\",\"@id\":\"https:\/\/www.safinel.fr\/produit\/miel-de-jujubier-du-maroc\/\",\"url\":\"https:\/\/www.safinel.fr\/produit\/miel-de-jujubier-du-maroc\/\",\"name\":\"Miel de jujubier du Maroc I Sidr marocain par excellence\",\"isPartOf\":{\"@id\":\"https:\/\/www.safinel.fr\/#website\"},\"primaryImageOfPage\":{\"@id\":\"https:\/\/www.safinel.fr\/produit\/miel-de-jujubier-du-maroc\/#primaryimage\"},\"image\":{\"@id\":\"https:\/\/www.safinel.fr\/produit\/miel-de-jujubier-du-maroc\/#primaryimage\"},\"thumbnailUrl\":\"https:\/\/www.safinel.fr\/wp-content\/uploads\/2022\/07\/miel-de-jujubier-du-maroc.jpg\",\"datePublished\":\"2022-07-28T11:02:04+00:00\",\"dateModified\":\"2025-05-07T20:11:46+00:00\",\"description\":\"Le meilleur miel du monde serait peut-\u00eatre parmi nous\u2026 Si certains divergent, \u00e0 vous de donner votre avis sur le\u00a0miel de jujubier du Maroc.\",\"breadcrumb\":{\"@id\":\"https:\/\/www.safinel.fr\/produit\/miel-de-jujubier-du-maroc\/#breadcrumb\"},\"inLanguage\":\"pt-PT\",\"potentialAction\":[{\"@type\":\"ReadAction\",\"target\":[\"https:\/\/www.safinel.fr\/produit\/miel-de-jujubier-du-maroc\/\"]}]},{\"@type\":\"ImageObject\",\"inLanguage\":\"pt-PT\",\"@id\":\"https:\/\/www.safinel.fr\/produit\/miel-de-jujubier-du-maroc\/#primaryimage\",\"url\":\"https:\/\/www.safinel.fr\/wp-content\/uploads\/2022\/07\/miel-de-jujubier-du-maroc.jpg\",\"contentUrl\":\"https:\/\/www.safinel.fr\/wp-content\/uploads\/2022\/07\/miel-de-jujubier-du-maroc.jpg\",\"width\":600,\"height\":600,\"caption\":\"Miel de jujubier du Maroc 250g\"},{\"@type\":\"BreadcrumbList\",\"@id\":\"https:\/\/www.safinel.fr\/produit\/miel-de-jujubier-du-maroc\/#breadcrumb\",\"itemListElement\":[{\"@type\":\"ListItem\",\"position\":1,\"name\":\"Accueil\",\"item\":\"https:\/\/www.safinel.fr\/\"},{\"@type\":\"ListItem\",\"position\":2,\"name\":\"Boutique\",\"item\":\"https:\/\/www.safinel.fr\/boutique\/\"},{\"@type\":\"ListItem\",\"position\":3,\"name\":\"Miel de jujubier du Maroc 250g\"}]},{\"@type\":\"WebSite\",\"@id\":\"https:\/\/www.safinel.fr\/#website\",\"url\":\"https:\/\/www.safinel.fr\/\",\"name\":\"Safinel\",\"description\":\"\",\"publisher\":{\"@id\":\"https:\/\/www.safinel.fr\/#organization\"},\"potentialAction\":[{\"@type\":\"SearchAction\",\"target\":{\"@type\":\"EntryPoint\",\"urlTemplate\":\"https:\/\/www.safinel.fr\/?s={search_term_string}\"},\"query-input\":{\"@type\":\"PropertyValueSpecification\",\"valueRequired\":true,\"valueName\":\"search_term_string\"}}],\"inLanguage\":\"pt-PT\"},{\"@type\":\"Organization\",\"@id\":\"https:\/\/www.safinel.fr\/#organization\",\"name\":\"Safinel\",\"url\":\"https:\/\/www.safinel.fr\/\",\"logo\":{\"@type\":\"ImageObject\",\"inLanguage\":\"pt-PT\",\"@id\":\"https:\/\/www.safinel.fr\/#\/schema\/logo\/image\/\",\"url\":\"https:\/\/www.safinel.fr\/wp-content\/uploads\/2021\/05\/boutique-cosmetique.png\",\"contentUrl\":\"https:\/\/www.safinel.fr\/wp-content\/uploads\/2021\/05\/boutique-cosmetique.png\",\"width\":800,\"height\":200,\"caption\":\"Safinel\"},\"image\":{\"@id\":\"https:\/\/www.safinel.fr\/#\/schema\/logo\/image\/\"}}]}<\/script>\n<!-- \/ Yoast SEO plugin. -->","yoast_head_json":{"title":"Mel de jujubier do Marrocos I Sidr marroquino por excel\u00eancia","description":"O melhor mel do mundo talvez esteja entre n\u00f3s... Se alguns discordam, cabe a si dar a sua opini\u00e3o sobre o mel de jujubier do Marrocos.","robots":{"index":"index","follow":"follow","max-snippet":"max-snippet:-1","max-image-preview":"max-image-preview:large","max-video-preview":"max-video-preview:-1"},"canonical":"https:\/\/www.safinel.fr\/pt\/product-2\/mel-de-jujubier-do-marrocos\/","og_locale":"pt_PT","og_type":"article","og_title":"Miel de jujubier du Maroc I Sidr marocain par excellence","og_description":"Le meilleur miel du monde serait peut-\u00eatre parmi nous\u2026 Si certains divergent, \u00e0 vous de donner votre avis sur le\u00a0miel de jujubier du Maroc.","og_url":"https:\/\/www.safinel.fr\/pt\/product-2\/mel-de-jujubier-do-marrocos\/","og_site_name":"Safinel","article_modified_time":"2025-05-07T20:11:46+00:00","og_image":[{"width":600,"height":600,"url":"https:\/\/www.safinel.fr\/wp-content\/uploads\/2022\/07\/miel-de-jujubier-du-maroc.jpg","type":"image\/jpeg"}],"twitter_card":"summary_large_image","twitter_misc":{"Tempo estimado de leitura":"2 minutos"},"schema":{"@context":"https:\/\/schema.org","@graph":[{"@type":"WebPage","@id":"https:\/\/www.safinel.fr\/produit\/miel-de-jujubier-du-maroc\/","url":"https:\/\/www.safinel.fr\/produit\/miel-de-jujubier-du-maroc\/","name":"Mel de jujubier do Marrocos I Sidr marroquino por excel\u00eancia","isPartOf":{"@id":"https:\/\/www.safinel.fr\/#website"},"primaryImageOfPage":{"@id":"https:\/\/www.safinel.fr\/produit\/miel-de-jujubier-du-maroc\/#primaryimage"},"image":{"@id":"https:\/\/www.safinel.fr\/produit\/miel-de-jujubier-du-maroc\/#primaryimage"},"thumbnailUrl":"https:\/\/www.safinel.fr\/wp-content\/uploads\/2022\/07\/miel-de-jujubier-du-maroc.jpg","datePublished":"2022-07-28T11:02:04+00:00","dateModified":"2025-05-07T20:11:46+00:00","description":"O melhor mel do mundo talvez esteja entre n\u00f3s... Se alguns discordam, cabe a si dar a sua opini\u00e3o sobre o mel de jujubier do Marrocos.","breadcrumb":{"@id":"https:\/\/www.safinel.fr\/produit\/miel-de-jujubier-du-maroc\/#breadcrumb"},"inLanguage":"pt-PT","potentialAction":[{"@type":"ReadAction","target":["https:\/\/www.safinel.fr\/produit\/miel-de-jujubier-du-maroc\/"]}]},{"@type":"ImageObject","inLanguage":"pt-PT","@id":"https:\/\/www.safinel.fr\/produit\/miel-de-jujubier-du-maroc\/#primaryimage","url":"https:\/\/www.safinel.fr\/wp-content\/uploads\/2022\/07\/miel-de-jujubier-du-maroc.jpg","contentUrl":"https:\/\/www.safinel.fr\/wp-content\/uploads\/2022\/07\/miel-de-jujubier-du-maroc.jpg","width":600,"height":600,"caption":"Miel de jujubier du Maroc 250g"},{"@type":"BreadcrumbList","@id":"https:\/\/www.safinel.fr\/produit\/miel-de-jujubier-du-maroc\/#breadcrumb","itemListElement":[{"@type":"ListItem","position":1,"name":"Accueil","item":"https:\/\/www.safinel.fr\/"},{"@type":"ListItem","position":2,"name":"Boutique","item":"https:\/\/www.safinel.fr\/boutique\/"},{"@type":"ListItem","position":3,"name":"Miel de jujubier du Maroc 250g"}]},{"@type":"WebSite","@id":"https:\/\/www.safinel.fr\/#website","url":"https:\/\/www.safinel.fr\/","name":"Safinel","description":"","publisher":{"@id":"https:\/\/www.safinel.fr\/#organization"},"potentialAction":[{"@type":"SearchAction","target":{"@type":"EntryPoint","urlTemplate":"https:\/\/www.safinel.fr\/?s={search_term_string}"},"query-input":{"@type":"PropertyValueSpecification","valueRequired":true,"valueName":"search_term_string"}}],"inLanguage":"pt-PT"},{"@type":"Organization","@id":"https:\/\/www.safinel.fr\/#organization","name":"Safinel","url":"https:\/\/www.safinel.fr\/","logo":{"@type":"ImageObject","inLanguage":"pt-PT","@id":"https:\/\/www.safinel.fr\/#\/schema\/logo\/image\/","url":"https:\/\/www.safinel.fr\/wp-content\/uploads\/2021\/05\/boutique-cosmetique.png","contentUrl":"https:\/\/www.safinel.fr\/wp-content\/uploads\/2021\/05\/boutique-cosmetique.png","width":800,"height":200,"caption":"Safinel"},"image":{"@id":"https:\/\/www.safinel.fr\/#\/schema\/logo\/image\/"}}]}},"_links":{"self":[{"href":"https:\/\/www.safinel.fr\/pt\/wp-json\/wp\/v2\/product\/1966","targetHints":{"allow":["GET"]}}],"collection":[{"href":"https:\/\/www.safinel.fr\/pt\/wp-json\/wp\/v2\/product"}],"about":[{"href":"https:\/\/www.safinel.fr\/pt\/wp-json\/wp\/v2\/types\/product"}],"wp:featuredmedia":[{"embeddable":true,"href":"https:\/\/www.safinel.fr\/pt\/wp-json\/wp\/v2\/media\/1946"}],"wp:attachment":[{"href":"https:\/\/www.safinel.fr\/pt\/wp-json\/wp\/v2\/media?parent=1966"}],"wp:term":[{"taxonomy":"product_brand","embeddable":true,"href":"https:\/\/www.safinel.fr\/pt\/wp-json\/wp\/v2\/product_brand?post=1966"},{"taxonomy":"product_cat","embeddable":true,"href":"https:\/\/www.safinel.fr\/pt\/wp-json\/wp\/v2\/product_cat?post=1966"},{"taxonomy":"product_tag","embeddable":true,"href":"https:\/\/www.safinel.fr\/pt\/wp-json\/wp\/v2\/product_tag?post=1966"}],"curies":[{"name":"wp","href":"https:\/\/api.w.org\/{rel}","templated":true}]}}