{"id":1963,"date":"2022-07-28T10:56:24","date_gmt":"2022-07-28T10:56:24","guid":{"rendered":"https:\/\/www.safinel.fr\/?post_type=product&#038;p=1963"},"modified":"2023-12-28T17:15:21","modified_gmt":"2023-12-28T17:15:21","slug":"mel-de-nigela","status":"publish","type":"product","link":"https:\/\/www.safinel.fr\/pt\/product-2\/mel-de-nigela\/","title":{"rendered":"Mel de nigela 250 g"},"content":{"rendered":"<p>Quer descobrir mais produtos da colmeia? Ent\u00e3o, conhe\u00e7a um alimento rico e bom para o organismo! \u00c9 hora de voc\u00ea descobrir o<strong>\u00a0mel de nigela<\/strong>\u00a0e os in\u00fameros benef\u00edcios que da\u00ed adv\u00eam.<\/p>\n<p>Gourmandise e rem\u00e9dio encontram-se num saboroso produto da colmeia...<\/p>\n<h2><strong>Mel de nigela? Porque n\u00e3o saber um pouco mais sobre ele?<\/strong><\/h2>\n<p>J\u00e1 ouviu falar da nigela? Se n\u00e3o, n\u00e3o se preocupe, a sua loja online de bem-estar ir\u00e1 dar-lhe mais informa\u00e7\u00f5es...<\/p>\n<p>Em primeiro lugar, \u00e9 interessante saber que a nigela \u00e9 uma planta da fam\u00edlia das renuncul\u00e1ceas. A nigela, <a href=\"https:\/\/www.huiles-de-nigelle.com\/collection\/miel-de-nigelle\/\" target=\"_blank\" rel=\"noopener\"><strong>tamb\u00e9m conhecida como cominho preto<\/strong><\/a>, \u00e9 certamente muito utilizada na culin\u00e1ria, mas tamb\u00e9m \u00e9 ben\u00e9fica para v\u00e1rias doen\u00e7as...<\/p>\n<p>\u00c9 por isso que a sua loja Safinel deseja apresentar-lhe o mel de nigela! Este mel \u00e9 particularmente conhecido pelo seu sabor.<\/p>\n<h2><strong>A Safinel apresenta o famoso mel de nigela preta!\u00a0<\/strong><\/h2>\n<p>Habba sawda, ou mel preto; este n\u00e9ctar \u00e9 considerado um\u00a0<strong>mel monofloral<\/strong>... Isso significa que ele \u00e9 o incr\u00edvel resultado da coleta das abelhas na flor de nigela.<\/p>\n<p>Est\u00e1 pronto para finalmente conhecer este n\u00e9ctar t\u00e3o cobi\u00e7ado? Ele \u00e9 oferecido pela sua loja Safinel, para o prazer dos mais exigentes. Num frasco transparente, \u00e9 poss\u00edvel ver o n\u00e9ctar de cor escura. Este recipiente de 250 g \u00e9 uma verdadeira vantagem para aqueles que desejam desfrutar deste mel por muito tempo.<\/p>\n<p>Se este<strong>\u00a0O elixir \u00e9 100% natural<\/strong>, \u00e9 importante saber que este foi habilmente concebido por apicultores de qualidade.<\/p>\n<h2><strong>Algumas dicas \u00fateis para o mel de nigela preta<\/strong><\/h2>\n<p>Como a maioria dos m\u00e9is, o mel de nigela possui propriedades ben\u00e9ficas para o corpo. \u00c9 geralmente utilizado como\u2019<strong>alicament<\/strong>\u00a0para ajudar o organismo durante as transi\u00e7\u00f5es sazonais. Tamb\u00e9m pode ser apreciado simplesmente pelo seu aroma e sabor.<\/p>\n<p>Para as suas torradas matinais ou para dar um toque natural \u00e0 sua bebida quente, o mel de nigela \u00e9 provavelmente o toque gourmet que estava \u00e0 espera!<\/p>\n<p>Al\u00e9m disso, se quiser beneficiar deste produto como suplemento alimentar, nada mais simples! Pode optar por fazer uma pequena cura ou consumi-lo conforme necess\u00e1rio. Sabia que o<strong>\u00a0mel Habba sawda<\/strong>\u00a0Tomado todas as manh\u00e3s em jejum, \u00e9 bom para o corpo? Muito bom para a digest\u00e3o e o colesterol, este n\u00e9ctar pode muito bem conquist\u00e1-lo!<\/p>\n<h3><strong>Voc\u00ea tamb\u00e9m pode descobrir...<\/strong><\/h3>\n<p>A sua loja Safinel gosta de lhe fazer algumas surpresas, por isso deseja destacar produtos \u00fateis para o seu dia a dia.<\/p>\n<p>Porque n\u00e3o acompanhar o seu novo<strong>\u00a0mel escuro<\/strong>\u00a0com uma infus\u00e3o?\u00a0<strong><a href=\"https:\/\/www.safinel.fr\/pt\/product-2\/caules-de-cerejas\/\">Cauda de cereja<\/a>\u00a0<\/strong>ou ent\u00e3o<strong>\u00a0<a href=\"https:\/\/www.safinel.fr\/pt\/product-2\/cha-de-alcacuz\/\">ch\u00e1 de alca\u00e7uz<\/a><\/strong>\u00a0Por exemplo, s\u00e3o verdadeiros benef\u00edcios contra certos males do dia a dia! Problemas urin\u00e1rios ou dores nas articula\u00e7\u00f5es, estas infus\u00f5es possuem in\u00fameras virtudes que podem ser ben\u00e9ficas para si.<\/p>\n<p>\u00c9 por isso que a Safinel deseja apresent\u00e1-los a si, para que tamb\u00e9m possa aproveit\u00e1-los como deve ser!<\/p>","protected":false},"excerpt":{"rendered":"<p>Quer descobrir mais produtos da colmeia? Ent\u00e3o, conhe\u00e7a um alimento rico e bom para o organismo! \u00c9 hora de descobrir o mel de nigela e os seus in\u00fameros benef\u00edcios. Gula e rem\u00e9dio se encontram num saboroso produto da colmeia... Mel de nigela? [\u2026]","protected":false},"featured_media":1964,"template":"","meta":[],"product_brand":[],"product_cat":[24],"product_tag":[],"class_list":{"0":"post-1963","1":"product","2":"type-product","3":"status-publish","4":"has-post-thumbnail","6":"product_cat-apiculture","8":"first","9":"outofstock","10":"shipping-taxable","11":"purchasable","12":"product-type-simple"},"yoast_head":"<!-- This site is optimized with the Yoast SEO plugin v26.6 - https:\/\/yoast.com\/wordpress\/plugins\/seo\/ -->\n<title>Miel de nigelle I Miel noir habba sawda I Bienfaits nombreux<\/title>\n<meta name=\"description\" content=\"Il est temps de vous laisser d\u00e9couvrir le\u00a0miel de nigelle\u00a0et les nombreux bienfaits qui en d\u00e9coulent.\u00a0Adoptez-le en quelques clics !\" \/>\n<meta name=\"robots\" content=\"index, follow, max-snippet:-1, max-image-preview:large, max-video-preview:-1\" \/>\n<link rel=\"canonical\" href=\"https:\/\/www.safinel.fr\/pt\/product-2\/mel-de-nigela\/\" \/>\n<meta property=\"og:locale\" content=\"pt_PT\" \/>\n<meta property=\"og:type\" content=\"article\" \/>\n<meta property=\"og:title\" content=\"Miel de nigelle I Miel noir habba sawda I Bienfaits nombreux\" \/>\n<meta property=\"og:description\" content=\"Il est temps de vous laisser d\u00e9couvrir le\u00a0miel de nigelle\u00a0et les nombreux bienfaits qui en d\u00e9coulent.\u00a0Adoptez-le en quelques clics !\" \/>\n<meta property=\"og:url\" content=\"https:\/\/www.safinel.fr\/pt\/product-2\/mel-de-nigela\/\" \/>\n<meta property=\"og:site_name\" content=\"Safinel\" \/>\n<meta property=\"article:modified_time\" content=\"2023-12-28T17:15:21+00:00\" \/>\n<meta property=\"og:image\" content=\"https:\/\/www.safinel.fr\/wp-content\/uploads\/2022\/07\/miel-de-nigelle-1.jpg\" \/>\n\t<meta property=\"og:image:width\" content=\"600\" \/>\n\t<meta property=\"og:image:height\" content=\"600\" \/>\n\t<meta property=\"og:image:type\" content=\"image\/jpeg\" \/>\n<meta name=\"twitter:card\" content=\"summary_large_image\" \/>\n<meta name=\"twitter:label1\" content=\"Tempo estimado de leitura\" \/>\n\t<meta name=\"twitter:data1\" content=\"3 minutos\" \/>\n<script type=\"application\/ld+json\" class=\"yoast-schema-graph\">{\"@context\":\"https:\/\/schema.org\",\"@graph\":[{\"@type\":\"WebPage\",\"@id\":\"https:\/\/www.safinel.fr\/produit\/miel-de-nigelle\/\",\"url\":\"https:\/\/www.safinel.fr\/produit\/miel-de-nigelle\/\",\"name\":\"Miel de nigelle I Miel noir habba sawda I Bienfaits nombreux\",\"isPartOf\":{\"@id\":\"https:\/\/www.safinel.fr\/#website\"},\"primaryImageOfPage\":{\"@id\":\"https:\/\/www.safinel.fr\/produit\/miel-de-nigelle\/#primaryimage\"},\"image\":{\"@id\":\"https:\/\/www.safinel.fr\/produit\/miel-de-nigelle\/#primaryimage\"},\"thumbnailUrl\":\"https:\/\/www.safinel.fr\/wp-content\/uploads\/2022\/07\/miel-de-nigelle-1.jpg\",\"datePublished\":\"2022-07-28T10:56:24+00:00\",\"dateModified\":\"2023-12-28T17:15:21+00:00\",\"description\":\"Il est temps de vous laisser d\u00e9couvrir le\u00a0miel de nigelle\u00a0et les nombreux bienfaits qui en d\u00e9coulent.\u00a0Adoptez-le en quelques clics !\",\"breadcrumb\":{\"@id\":\"https:\/\/www.safinel.fr\/produit\/miel-de-nigelle\/#breadcrumb\"},\"inLanguage\":\"pt-PT\",\"potentialAction\":[{\"@type\":\"ReadAction\",\"target\":[\"https:\/\/www.safinel.fr\/produit\/miel-de-nigelle\/\"]}]},{\"@type\":\"ImageObject\",\"inLanguage\":\"pt-PT\",\"@id\":\"https:\/\/www.safinel.fr\/produit\/miel-de-nigelle\/#primaryimage\",\"url\":\"https:\/\/www.safinel.fr\/wp-content\/uploads\/2022\/07\/miel-de-nigelle-1.jpg\",\"contentUrl\":\"https:\/\/www.safinel.fr\/wp-content\/uploads\/2022\/07\/miel-de-nigelle-1.jpg\",\"width\":600,\"height\":600,\"caption\":\"Miel de nigelle 250g\"},{\"@type\":\"BreadcrumbList\",\"@id\":\"https:\/\/www.safinel.fr\/produit\/miel-de-nigelle\/#breadcrumb\",\"itemListElement\":[{\"@type\":\"ListItem\",\"position\":1,\"name\":\"Accueil\",\"item\":\"https:\/\/www.safinel.fr\/\"},{\"@type\":\"ListItem\",\"position\":2,\"name\":\"Boutique\",\"item\":\"https:\/\/www.safinel.fr\/boutique\/\"},{\"@type\":\"ListItem\",\"position\":3,\"name\":\"Miel de nigelle 250g\"}]},{\"@type\":\"WebSite\",\"@id\":\"https:\/\/www.safinel.fr\/#website\",\"url\":\"https:\/\/www.safinel.fr\/\",\"name\":\"Safinel\",\"description\":\"\",\"publisher\":{\"@id\":\"https:\/\/www.safinel.fr\/#organization\"},\"potentialAction\":[{\"@type\":\"SearchAction\",\"target\":{\"@type\":\"EntryPoint\",\"urlTemplate\":\"https:\/\/www.safinel.fr\/?s={search_term_string}\"},\"query-input\":{\"@type\":\"PropertyValueSpecification\",\"valueRequired\":true,\"valueName\":\"search_term_string\"}}],\"inLanguage\":\"pt-PT\"},{\"@type\":\"Organization\",\"@id\":\"https:\/\/www.safinel.fr\/#organization\",\"name\":\"Safinel\",\"url\":\"https:\/\/www.safinel.fr\/\",\"logo\":{\"@type\":\"ImageObject\",\"inLanguage\":\"pt-PT\",\"@id\":\"https:\/\/www.safinel.fr\/#\/schema\/logo\/image\/\",\"url\":\"https:\/\/www.safinel.fr\/wp-content\/uploads\/2021\/05\/boutique-cosmetique.png\",\"contentUrl\":\"https:\/\/www.safinel.fr\/wp-content\/uploads\/2021\/05\/boutique-cosmetique.png\",\"width\":800,\"height\":200,\"caption\":\"Safinel\"},\"image\":{\"@id\":\"https:\/\/www.safinel.fr\/#\/schema\/logo\/image\/\"}}]}<\/script>\n<!-- \/ Yoast SEO plugin. -->","yoast_head_json":{"title":"Mel de nigela I Mel preto habba sawda I In\u00fameros benef\u00edcios","description":"\u00c9 hora de descobrir o mel de nigela e os seus in\u00fameros benef\u00edcios. Adquira-o com apenas alguns cliques!","robots":{"index":"index","follow":"follow","max-snippet":"max-snippet:-1","max-image-preview":"max-image-preview:large","max-video-preview":"max-video-preview:-1"},"canonical":"https:\/\/www.safinel.fr\/pt\/product-2\/mel-de-nigela\/","og_locale":"pt_PT","og_type":"article","og_title":"Miel de nigelle I Miel noir habba sawda I Bienfaits nombreux","og_description":"Il est temps de vous laisser d\u00e9couvrir le\u00a0miel de nigelle\u00a0et les nombreux bienfaits qui en d\u00e9coulent.\u00a0Adoptez-le en quelques clics !","og_url":"https:\/\/www.safinel.fr\/pt\/product-2\/mel-de-nigela\/","og_site_name":"Safinel","article_modified_time":"2023-12-28T17:15:21+00:00","og_image":[{"width":600,"height":600,"url":"https:\/\/www.safinel.fr\/wp-content\/uploads\/2022\/07\/miel-de-nigelle-1.jpg","type":"image\/jpeg"}],"twitter_card":"summary_large_image","twitter_misc":{"Tempo estimado de leitura":"3 minutos"},"schema":{"@context":"https:\/\/schema.org","@graph":[{"@type":"WebPage","@id":"https:\/\/www.safinel.fr\/produit\/miel-de-nigelle\/","url":"https:\/\/www.safinel.fr\/produit\/miel-de-nigelle\/","name":"Mel de nigela I Mel preto habba sawda I In\u00fameros benef\u00edcios","isPartOf":{"@id":"https:\/\/www.safinel.fr\/#website"},"primaryImageOfPage":{"@id":"https:\/\/www.safinel.fr\/produit\/miel-de-nigelle\/#primaryimage"},"image":{"@id":"https:\/\/www.safinel.fr\/produit\/miel-de-nigelle\/#primaryimage"},"thumbnailUrl":"https:\/\/www.safinel.fr\/wp-content\/uploads\/2022\/07\/miel-de-nigelle-1.jpg","datePublished":"2022-07-28T10:56:24+00:00","dateModified":"2023-12-28T17:15:21+00:00","description":"\u00c9 hora de descobrir o mel de nigela e os seus in\u00fameros benef\u00edcios. Adquira-o com apenas alguns cliques!","breadcrumb":{"@id":"https:\/\/www.safinel.fr\/produit\/miel-de-nigelle\/#breadcrumb"},"inLanguage":"pt-PT","potentialAction":[{"@type":"ReadAction","target":["https:\/\/www.safinel.fr\/produit\/miel-de-nigelle\/"]}]},{"@type":"ImageObject","inLanguage":"pt-PT","@id":"https:\/\/www.safinel.fr\/produit\/miel-de-nigelle\/#primaryimage","url":"https:\/\/www.safinel.fr\/wp-content\/uploads\/2022\/07\/miel-de-nigelle-1.jpg","contentUrl":"https:\/\/www.safinel.fr\/wp-content\/uploads\/2022\/07\/miel-de-nigelle-1.jpg","width":600,"height":600,"caption":"Miel de nigelle 250g"},{"@type":"BreadcrumbList","@id":"https:\/\/www.safinel.fr\/produit\/miel-de-nigelle\/#breadcrumb","itemListElement":[{"@type":"ListItem","position":1,"name":"Accueil","item":"https:\/\/www.safinel.fr\/"},{"@type":"ListItem","position":2,"name":"Boutique","item":"https:\/\/www.safinel.fr\/boutique\/"},{"@type":"ListItem","position":3,"name":"Miel de nigelle 250g"}]},{"@type":"WebSite","@id":"https:\/\/www.safinel.fr\/#website","url":"https:\/\/www.safinel.fr\/","name":"Safinel","description":"","publisher":{"@id":"https:\/\/www.safinel.fr\/#organization"},"potentialAction":[{"@type":"SearchAction","target":{"@type":"EntryPoint","urlTemplate":"https:\/\/www.safinel.fr\/?s={search_term_string}"},"query-input":{"@type":"PropertyValueSpecification","valueRequired":true,"valueName":"search_term_string"}}],"inLanguage":"pt-PT"},{"@type":"Organization","@id":"https:\/\/www.safinel.fr\/#organization","name":"Safinel","url":"https:\/\/www.safinel.fr\/","logo":{"@type":"ImageObject","inLanguage":"pt-PT","@id":"https:\/\/www.safinel.fr\/#\/schema\/logo\/image\/","url":"https:\/\/www.safinel.fr\/wp-content\/uploads\/2021\/05\/boutique-cosmetique.png","contentUrl":"https:\/\/www.safinel.fr\/wp-content\/uploads\/2021\/05\/boutique-cosmetique.png","width":800,"height":200,"caption":"Safinel"},"image":{"@id":"https:\/\/www.safinel.fr\/#\/schema\/logo\/image\/"}}]}},"_links":{"self":[{"href":"https:\/\/www.safinel.fr\/pt\/wp-json\/wp\/v2\/product\/1963","targetHints":{"allow":["GET"]}}],"collection":[{"href":"https:\/\/www.safinel.fr\/pt\/wp-json\/wp\/v2\/product"}],"about":[{"href":"https:\/\/www.safinel.fr\/pt\/wp-json\/wp\/v2\/types\/product"}],"wp:featuredmedia":[{"embeddable":true,"href":"https:\/\/www.safinel.fr\/pt\/wp-json\/wp\/v2\/media\/1964"}],"wp:attachment":[{"href":"https:\/\/www.safinel.fr\/pt\/wp-json\/wp\/v2\/media?parent=1963"}],"wp:term":[{"taxonomy":"product_brand","embeddable":true,"href":"https:\/\/www.safinel.fr\/pt\/wp-json\/wp\/v2\/product_brand?post=1963"},{"taxonomy":"product_cat","embeddable":true,"href":"https:\/\/www.safinel.fr\/pt\/wp-json\/wp\/v2\/product_cat?post=1963"},{"taxonomy":"product_tag","embeddable":true,"href":"https:\/\/www.safinel.fr\/pt\/wp-json\/wp\/v2\/product_tag?post=1963"}],"curies":[{"name":"wp","href":"https:\/\/api.w.org\/{rel}","templated":true}]}}