{"id":1906,"date":"2022-02-26T12:19:15","date_gmt":"2022-02-26T12:19:15","guid":{"rendered":"https:\/\/www.safinel.fr\/?post_type=product&#038;p=1906"},"modified":"2023-12-28T17:15:20","modified_gmt":"2023-12-28T17:15:20","slug":"bisglicinato-de-zinco","status":"publish","type":"product","link":"https:\/\/www.safinel.fr\/pt\/product-2\/bisglicinato-de-zinco\/","title":{"rendered":"Bisglicinato de zinco"},"content":{"rendered":"<p>O zinco \u00e9 um oligoelemento muito importante para o funcionamento do organismo. No entanto, para ser bem assimilado, deve ser associado a uma subst\u00e2ncia org\u00e2nica ou inorg\u00e2nica. Esta \u00faltima encarrega-se de transport\u00e1-lo no sangue. \u00c9 por isso que os fabricantes de suplementos alimentares o oferecem em v\u00e1rias formas, incluindo o bisglicinato de zinco. Aqui est\u00e1 tudo o que precisa de saber sobre este produto.<\/p>\n<h2 id=\"h-bisglycinate-zinc-c-est-quoi\"><strong>Bisglicinato de zinco: o que \u00e9?<\/strong><\/h2>\n<p>O bisglicinato de zinco \u00e9 um\u00a0<strong>suplemento alimentar<\/strong>\u00a0dispon\u00edvel nas farm\u00e1cias. Na verdade, \u00e9 produzido \u00e0 base de zinco e na forma de bisglicinato. \u00c9 uma das formas mais eficazes do produto dispon\u00edvel no mercado. O bisglicinato \u00e9, na verdade, uma mol\u00e9cula org\u00e2nica. Trata-se de um transportador de origem vegetal, um derivado da glicina, um amino\u00e1cido naturalmente presente no organismo. A sua fun\u00e7\u00e3o \u00e9 transportar o zinco at\u00e9 aos seus recetores no organismo.<\/p>\n<p>Na realidade, ap\u00f3s a ingest\u00e3o, o mineral deve atravessar v\u00e1rios obst\u00e1culos para chegar ao local onde ser\u00e1 utilizado. A sua assimila\u00e7\u00e3o pode, portanto, ser prejudicada por v\u00e1rios fatores, nomeadamente secre\u00e7\u00f5es g\u00e1stricas e dist\u00farbios intestinais.<\/p>\n<p>O bisglicinato \u00e9, no entanto, um composto capaz de resistir \u00e0 acidez g\u00e1strica. Ele cobre o mineral para facilitar a sua assimila\u00e7\u00e3o. Gra\u00e7as a este composto, o organismo percebe o zinco como um simples alimento e n\u00e3o como um produto indigesto. Este tamb\u00e9m possui um baixo peso molecular, o que o torna f\u00e1cil de assimilar.<\/p>\n<h2 id=\"h-les-bienfaits-du-bisglycinate-zinc-sur-la-sant\"><strong>Os benef\u00edcios do bisglicinato de zinco para a sa\u00fade<\/strong><\/h2>\n<p>O Bisglicinato de Zinco \u00e9 um suplemento alimentar \u00e0 base de zinco. Produtos deste tipo s\u00e3o mais frequentemente utilizados em casos de inflama\u00e7\u00e3o. Podem, portanto,\u00a0<strong>combater problemas de pele como psor\u00edase, acne ou dermatite<\/strong>. O seu consumo tamb\u00e9m favorece a s\u00edntese de queratina e colag\u00e9nio. Estas s\u00e3o prote\u00ednas encontradas em 95% dos cabelos. O mineral associado \u00e0 vitamina B6 confere mais brilho, flexibilidade e resist\u00eancia aos cabelos.<\/p>\n<p>Al\u00e9m disso, o bisglicinato de zinco \u00e9 conhecido pelo apoio que presta na coagula\u00e7\u00e3o sangu\u00ednea e na melhoria das defesas imunit\u00e1rias. Ele\u00a0<strong>estimula a produ\u00e7\u00e3o de linf\u00f3citos T e promove uma r\u00e1pida cicatriza\u00e7\u00e3o das feridas.<\/strong>\u00a0Ele tamb\u00e9m contribui para eliminar os radicais livres, ajudando assim a combater o envelhecimento. Al\u00e9m disso, regula a glicemia e participa do bom funcionamento do sistema nervoso.<\/p>\n<h2 id=\"h-conseil-d-utilisation-du-produit\"><strong>Conselhos de utiliza\u00e7\u00e3o do produto<\/strong><\/h2>\n<p>O Bisglicinato de Zinco \u00e9 indicado para pessoas\u00a0<strong>vegetarianas e veganas<\/strong>. Tamb\u00e9m \u00e9 recomendado para aqueles que desejam:<\/p>\n<ul>\n<li>fortalecer o sistema imunol\u00f3gico,<\/li>\n<li>manter uma pele bonita,<\/li>\n<li>ter\u00a0<strong><a href=\"https:\/\/www.safinel.fr\/pt\/product-2\/oleo-de-chebe\/\">cabelo brilhante<\/a><\/strong>,<\/li>\n<li>ter uma boa sa\u00fade sexual, etc.<\/li>\n<\/ul>\n<p>Estes podem seguir uma\u00a0<strong>cura de 2 a 6 meses<\/strong>\u00a0(uma caixa) para obter o resultado desejado. Eles dever\u00e3o consumir um\u00a0<strong>meio comprimido por dia<\/strong>\u00a0fora das refei\u00e7\u00f5es durante todo o per\u00edodo. Os cereais cont\u00eam, na verdade, \u00e1cido f\u00edtico ou IP6, que reduz a assimila\u00e7\u00e3o do mineral. \u00c9 por isso que deve consumir o Bisglicinato de Zinco fora das refei\u00e7\u00f5es. Este produto n\u00e3o \u00e9 recomendado para crian\u00e7as com menos de 12 anos. As mulheres gr\u00e1vidas ou a amamentar devem consultar o seu m\u00e9dico antes de tomar este suplemento alimentar.<\/p>","protected":false},"excerpt":{"rendered":"<p>O zinco \u00e9 um oligoelemento muito importante para o funcionamento do organismo. No entanto, para ser bem assimilado, deve ser associado a uma subst\u00e2ncia org\u00e2nica ou inorg\u00e2nica. Esta \u00faltima encarrega-se de transport\u00e1-lo no sangue. \u00c9 por isso que os fabricantes de suplementos alimentares o oferecem em v\u00e1rias formas, incluindo o bisglicinato de zinco. Aqui est\u00e1 [\u2026]","protected":false},"featured_media":0,"template":"","meta":[],"product_brand":[],"product_cat":[28,20],"product_tag":[],"class_list":{"0":"post-1906","1":"product","2":"type-product","3":"status-publish","5":"product_cat-divers","6":"product_cat-gelules","8":"first","9":"outofstock","10":"shipping-taxable","11":"product-type-simple"},"yoast_head":"<!-- This site is optimized with the Yoast SEO plugin v26.6 - https:\/\/yoast.com\/wordpress\/plugins\/seo\/ -->\n<title>Bisglycinate de Zinc I G\u00e9lules &amp; poudre I Achat rapide<\/title>\n<meta name=\"description\" content=\"Le Bisglycinate Zinc est un\u00a0compl\u00e9ment alimentaire. Il est en r\u00e9alit\u00e9 produit \u00e0 base de Zinc et sous forme de bisglycinate.\" \/>\n<meta name=\"robots\" content=\"index, follow, max-snippet:-1, max-image-preview:large, max-video-preview:-1\" \/>\n<link rel=\"canonical\" href=\"https:\/\/www.safinel.fr\/pt\/product-2\/bisglicinato-de-zinco\/\" \/>\n<meta property=\"og:locale\" content=\"pt_PT\" \/>\n<meta property=\"og:type\" content=\"article\" \/>\n<meta property=\"og:title\" content=\"Bisglycinate de Zinc I G\u00e9lules &amp; poudre I Achat rapide\" \/>\n<meta property=\"og:description\" content=\"Le Bisglycinate Zinc est un\u00a0compl\u00e9ment alimentaire. Il est en r\u00e9alit\u00e9 produit \u00e0 base de Zinc et sous forme de bisglycinate.\" \/>\n<meta property=\"og:url\" content=\"https:\/\/www.safinel.fr\/pt\/product-2\/bisglicinato-de-zinco\/\" \/>\n<meta property=\"og:site_name\" content=\"Safinel\" \/>\n<meta property=\"article:modified_time\" content=\"2023-12-28T17:15:20+00:00\" \/>\n<meta name=\"twitter:card\" content=\"summary_large_image\" \/>\n<meta name=\"twitter:label1\" content=\"Tempo estimado de leitura\" \/>\n\t<meta name=\"twitter:data1\" content=\"3 minutos\" \/>\n<script type=\"application\/ld+json\" class=\"yoast-schema-graph\">{\"@context\":\"https:\/\/schema.org\",\"@graph\":[{\"@type\":\"WebPage\",\"@id\":\"https:\/\/www.safinel.fr\/produit\/bisglycinate-de-zinc\/\",\"url\":\"https:\/\/www.safinel.fr\/produit\/bisglycinate-de-zinc\/\",\"name\":\"Bisglycinate de Zinc I G\u00e9lules & poudre I Achat rapide\",\"isPartOf\":{\"@id\":\"https:\/\/www.safinel.fr\/#website\"},\"datePublished\":\"2022-02-26T12:19:15+00:00\",\"dateModified\":\"2023-12-28T17:15:20+00:00\",\"description\":\"Le Bisglycinate Zinc est un\u00a0compl\u00e9ment alimentaire. Il est en r\u00e9alit\u00e9 produit \u00e0 base de Zinc et sous forme de bisglycinate.\",\"breadcrumb\":{\"@id\":\"https:\/\/www.safinel.fr\/produit\/bisglycinate-de-zinc\/#breadcrumb\"},\"inLanguage\":\"pt-PT\",\"potentialAction\":[{\"@type\":\"ReadAction\",\"target\":[\"https:\/\/www.safinel.fr\/produit\/bisglycinate-de-zinc\/\"]}]},{\"@type\":\"BreadcrumbList\",\"@id\":\"https:\/\/www.safinel.fr\/produit\/bisglycinate-de-zinc\/#breadcrumb\",\"itemListElement\":[{\"@type\":\"ListItem\",\"position\":1,\"name\":\"Accueil\",\"item\":\"https:\/\/www.safinel.fr\/\"},{\"@type\":\"ListItem\",\"position\":2,\"name\":\"Boutique\",\"item\":\"https:\/\/www.safinel.fr\/boutique\/\"},{\"@type\":\"ListItem\",\"position\":3,\"name\":\"Bisglycinate de Zinc\"}]},{\"@type\":\"WebSite\",\"@id\":\"https:\/\/www.safinel.fr\/#website\",\"url\":\"https:\/\/www.safinel.fr\/\",\"name\":\"Safinel\",\"description\":\"\",\"publisher\":{\"@id\":\"https:\/\/www.safinel.fr\/#organization\"},\"potentialAction\":[{\"@type\":\"SearchAction\",\"target\":{\"@type\":\"EntryPoint\",\"urlTemplate\":\"https:\/\/www.safinel.fr\/?s={search_term_string}\"},\"query-input\":{\"@type\":\"PropertyValueSpecification\",\"valueRequired\":true,\"valueName\":\"search_term_string\"}}],\"inLanguage\":\"pt-PT\"},{\"@type\":\"Organization\",\"@id\":\"https:\/\/www.safinel.fr\/#organization\",\"name\":\"Safinel\",\"url\":\"https:\/\/www.safinel.fr\/\",\"logo\":{\"@type\":\"ImageObject\",\"inLanguage\":\"pt-PT\",\"@id\":\"https:\/\/www.safinel.fr\/#\/schema\/logo\/image\/\",\"url\":\"https:\/\/www.safinel.fr\/wp-content\/uploads\/2021\/05\/boutique-cosmetique.png\",\"contentUrl\":\"https:\/\/www.safinel.fr\/wp-content\/uploads\/2021\/05\/boutique-cosmetique.png\",\"width\":800,\"height\":200,\"caption\":\"Safinel\"},\"image\":{\"@id\":\"https:\/\/www.safinel.fr\/#\/schema\/logo\/image\/\"}}]}<\/script>\n<!-- \/ Yoast SEO plugin. -->","yoast_head_json":{"title":"Bisglicinato de zinco I C\u00e1psulas e p\u00f3 I Compra r\u00e1pida","description":"O bisglicinato de zinco \u00e9 um suplemento alimentar. Na verdade, \u00e9 produzido \u00e0 base de zinco e na forma de bisglicinato.","robots":{"index":"index","follow":"follow","max-snippet":"max-snippet:-1","max-image-preview":"max-image-preview:large","max-video-preview":"max-video-preview:-1"},"canonical":"https:\/\/www.safinel.fr\/pt\/product-2\/bisglicinato-de-zinco\/","og_locale":"pt_PT","og_type":"article","og_title":"Bisglycinate de Zinc I G\u00e9lules & poudre I Achat rapide","og_description":"Le Bisglycinate Zinc est un\u00a0compl\u00e9ment alimentaire. Il est en r\u00e9alit\u00e9 produit \u00e0 base de Zinc et sous forme de bisglycinate.","og_url":"https:\/\/www.safinel.fr\/pt\/product-2\/bisglicinato-de-zinco\/","og_site_name":"Safinel","article_modified_time":"2023-12-28T17:15:20+00:00","twitter_card":"summary_large_image","twitter_misc":{"Tempo estimado de leitura":"3 minutos"},"schema":{"@context":"https:\/\/schema.org","@graph":[{"@type":"WebPage","@id":"https:\/\/www.safinel.fr\/produit\/bisglycinate-de-zinc\/","url":"https:\/\/www.safinel.fr\/produit\/bisglycinate-de-zinc\/","name":"Bisglicinato de zinco I C\u00e1psulas e p\u00f3 I Compra r\u00e1pida","isPartOf":{"@id":"https:\/\/www.safinel.fr\/#website"},"datePublished":"2022-02-26T12:19:15+00:00","dateModified":"2023-12-28T17:15:20+00:00","description":"O bisglicinato de zinco \u00e9 um suplemento alimentar. Na verdade, \u00e9 produzido \u00e0 base de zinco e na forma de bisglicinato.","breadcrumb":{"@id":"https:\/\/www.safinel.fr\/produit\/bisglycinate-de-zinc\/#breadcrumb"},"inLanguage":"pt-PT","potentialAction":[{"@type":"ReadAction","target":["https:\/\/www.safinel.fr\/produit\/bisglycinate-de-zinc\/"]}]},{"@type":"BreadcrumbList","@id":"https:\/\/www.safinel.fr\/produit\/bisglycinate-de-zinc\/#breadcrumb","itemListElement":[{"@type":"ListItem","position":1,"name":"Accueil","item":"https:\/\/www.safinel.fr\/"},{"@type":"ListItem","position":2,"name":"Boutique","item":"https:\/\/www.safinel.fr\/boutique\/"},{"@type":"ListItem","position":3,"name":"Bisglycinate de Zinc"}]},{"@type":"WebSite","@id":"https:\/\/www.safinel.fr\/#website","url":"https:\/\/www.safinel.fr\/","name":"Safinel","description":"","publisher":{"@id":"https:\/\/www.safinel.fr\/#organization"},"potentialAction":[{"@type":"SearchAction","target":{"@type":"EntryPoint","urlTemplate":"https:\/\/www.safinel.fr\/?s={search_term_string}"},"query-input":{"@type":"PropertyValueSpecification","valueRequired":true,"valueName":"search_term_string"}}],"inLanguage":"pt-PT"},{"@type":"Organization","@id":"https:\/\/www.safinel.fr\/#organization","name":"Safinel","url":"https:\/\/www.safinel.fr\/","logo":{"@type":"ImageObject","inLanguage":"pt-PT","@id":"https:\/\/www.safinel.fr\/#\/schema\/logo\/image\/","url":"https:\/\/www.safinel.fr\/wp-content\/uploads\/2021\/05\/boutique-cosmetique.png","contentUrl":"https:\/\/www.safinel.fr\/wp-content\/uploads\/2021\/05\/boutique-cosmetique.png","width":800,"height":200,"caption":"Safinel"},"image":{"@id":"https:\/\/www.safinel.fr\/#\/schema\/logo\/image\/"}}]}},"_links":{"self":[{"href":"https:\/\/www.safinel.fr\/pt\/wp-json\/wp\/v2\/product\/1906","targetHints":{"allow":["GET"]}}],"collection":[{"href":"https:\/\/www.safinel.fr\/pt\/wp-json\/wp\/v2\/product"}],"about":[{"href":"https:\/\/www.safinel.fr\/pt\/wp-json\/wp\/v2\/types\/product"}],"wp:attachment":[{"href":"https:\/\/www.safinel.fr\/pt\/wp-json\/wp\/v2\/media?parent=1906"}],"wp:term":[{"taxonomy":"product_brand","embeddable":true,"href":"https:\/\/www.safinel.fr\/pt\/wp-json\/wp\/v2\/product_brand?post=1906"},{"taxonomy":"product_cat","embeddable":true,"href":"https:\/\/www.safinel.fr\/pt\/wp-json\/wp\/v2\/product_cat?post=1906"},{"taxonomy":"product_tag","embeddable":true,"href":"https:\/\/www.safinel.fr\/pt\/wp-json\/wp\/v2\/product_tag?post=1906"}],"curies":[{"name":"wp","href":"https:\/\/api.w.org\/{rel}","templated":true}]}}