{"id":188,"date":"2021-07-07T19:06:53","date_gmt":"2021-07-07T19:06:53","guid":{"rendered":"https:\/\/www.safinel.fr\/?post_type=product&#038;p=188"},"modified":"2023-12-28T17:15:00","modified_gmt":"2023-12-28T17:15:00","slug":"kapoor-kachli","status":"publish","type":"product","link":"https:\/\/www.safinel.fr\/pt\/product-2\/kapoor-kachli\/","title":{"rendered":"Kapoor Kachli 100 g"},"content":{"rendered":"<p>O p\u00f3 vegetal Kapoor Kachli \u00e9 um produto natural para o cuidado capilar. \u00c9 utilizado de forma semelhante ao <a href=\"https:\/\/www.safinel.fr\/pt\/product-2\/po-de-chebe-100-g\/\"><b>p\u00f3 de ch\u00e9b\u00e9<\/b><\/a>. Faz parte dos produtos da farmacopeia indiana que embelezam o cabelo, tal como o h\u00e9nis. Este p\u00f3 ayurv\u00e9dico prov\u00e9m da planta chamada Hedychium spicatum. Na linguagem comum, \u00e9 chamada de gengibre ornamental. Trata-se, portanto, de uma planta exuberante que cresce no sop\u00e9 do Himalaia, no subcontinente indiano e na Birm\u00e2nia. \u00c9 uma planta com rizoma, cuja raiz \u00e9 extra\u00edda para produzir o Kapoor Kachli em p\u00f3.<\/p>\n<h2><b>Kapoor Kachli: uma maravilha para cabelos cansados<\/b><\/h2>\n<p>O p\u00f3 Kapoor Kachli \u00e9 um segredo de beleza ancestral indiano. Este tipo de cosm\u00e9tico natural revela-se agora no cora\u00e7\u00e3o da cosm\u00e9tica vegetal. Saindo da sua terra natal, este p\u00f3 ayurv\u00e9dico \u00e9 agora muito conhecido. \u00c9 cada vez mais utilizado em cuidados capilares e colora\u00e7\u00f5es vegetais. Misturado com hena, tem a tend\u00eancia de fortalecer e suavizar o cabelo. Por isso, tem um papel hidratante e d\u00e1 um brilho relativamente bom ao cabelo.<span class=\"Apple-converted-space\">\u00a0<\/span><\/p>\n<p>O Kapoor Kachli tamb\u00e9m pode ser usado como um champ\u00f4 seco natural. Para isso, basta mistur\u00e1-lo com um pouco de \u00e1gua quente ou morna e aplic\u00e1-lo. Em seguida, penteie o cabelo com a sua escova habitual.<\/p>\n<p>Ao respeitar o seu cabelo, este p\u00f3 indiano acabar\u00e1 por fortalecer e dar vitalidade ao cabelo. Por fim, basta enxaguar o cabelo no final do dia.<span class=\"Apple-converted-space\">\u00a0<\/span><\/p>\n<h2><b>Um cosm\u00e9tico natural com um perfume sublime\u00a0<\/b><\/h2>\n<p>Saiba que o Kapoor Kachli tamb\u00e9m tem a capacidade de perfumar bem o cabelo. Por isso, \u00e9 um tratamento que pode ser usado semanalmente. Mantendo a mesma frequ\u00eancia de lavagem do cabelo, use o Kapoor Kachli como acab\u00e1mos de explicar. Gra\u00e7as ao seu aroma semelhante ao do gengibre, ele exala um leve perfume c\u00edtrico com um toque relativamente picante. Natural e sem produtos qu\u00edmicos, voc\u00ea protege o seu cabelo com este aroma familiar de gengibre selvagem.<span class=\"Apple-converted-space\">\u00a0<\/span><\/p>\n<h3><b>Um p\u00f3 ayurv\u00e9dico para todos os tipos de cabelo<\/b><\/h3>\n<p>O Kapoor Kachli em p\u00f3 \u00e9 um produto biol\u00f3gico que n\u00e3o faz exce\u00e7\u00e3o. Pode ser aplicado em qualquer tipo de cabelo. No entanto, embora seja mais indicado para cabelos fr\u00e1geis, algumas pessoas tamb\u00e9m precisam dele:<\/p>\n<ul>\n<li>Em primeiro lugar, os cabelos brancos, que assim poder\u00e3o manter uma cor uniforme e preservar a sua vitalidade e brilho.<span class=\"Apple-converted-space\">\u00a0 <\/span>Sim! Apesar da idade, o que h\u00e1 de mais bonito do que ter cabelos brancos ou grisalhos atraentes e cheios de sa\u00fade?.<span class=\"Apple-converted-space\">\u00a0<\/span><\/li>\n<\/ul>\n<ul>\n<li>Em seguida, em cabelos claros, o Kapoor Kachli cria reflexos bonitos, respeitando essa fibra capilar espec\u00edfica.<\/li>\n<\/ul>\n<ul>\n<li>Por fim, cabelos sem brilho, aos quais este p\u00f3 m\u00e1gico devolve o esplendor. Nesta situa\u00e7\u00e3o, recomendamos que utilize\u2019<a href=\"https:\/\/www.mon-botox-capillaire.com\/produit\/huile-de-ricin-bio-cheveux\/\" target=\"_blank\" rel=\"noopener\"><strong>\u00f3leo de r\u00edcino<\/strong><\/a> ou jojoba para refor\u00e7ar este tratamento capilar. Isto permitir\u00e1 recuperar a for\u00e7a e, acima de tudo, estimular o crescimento.<\/li>\n<\/ul>","protected":false},"excerpt":{"rendered":"<p>La poudre v\u00e9g\u00e9tale de Kapoor Kachli est un soin capillaire naturel. Elle s\u2019utilise un peu dans le m\u00eame style que la poudre de ch\u00e9b\u00e9. Elle fait partie de ses produits de la pharmacop\u00e9e indienne qui subliment les cheveux tout comme le henn\u00e9. Cette poudre ayurv\u00e9dique provient de la plante nomm\u00e9e Hedychium spicatum. Dans le langage [&#8230;]","protected":false},"featured_media":185,"template":"","meta":[],"product_brand":[],"product_cat":[27,110],"product_tag":[],"class_list":{"0":"post-188","1":"product","2":"type-product","3":"status-publish","4":"has-post-thumbnail","6":"product_cat-plantes-medicinales","7":"product_cat-poudre-cheveux-ayurvedique","9":"first","10":"instock","11":"shipping-taxable","12":"purchasable","13":"product-type-simple"},"yoast_head":"<!-- This site is optimized with the Yoast SEO plugin v26.6 - https:\/\/yoast.com\/wordpress\/plugins\/seo\/ -->\n<title>Kapoor Kachli | Poudre ayurv\u00e9dique naturelle | Achat en France<\/title>\n<meta name=\"description\" content=\"La poudre v\u00e9g\u00e9tale de Kapoor Kachli est un soin capillaire naturel. Elle s\u2019utilise un peu dans le m\u00eame style que la poudre de ch\u00e9b\u00e9.\" \/>\n<meta name=\"robots\" content=\"index, follow, max-snippet:-1, max-image-preview:large, max-video-preview:-1\" \/>\n<link rel=\"canonical\" href=\"https:\/\/www.safinel.fr\/pt\/product-2\/kapoor-kachli\/\" \/>\n<meta property=\"og:locale\" content=\"pt_PT\" \/>\n<meta property=\"og:type\" content=\"article\" \/>\n<meta property=\"og:title\" content=\"Kapoor Kachli | Poudre ayurv\u00e9dique naturelle | Achat en France\" \/>\n<meta property=\"og:description\" content=\"La poudre v\u00e9g\u00e9tale de Kapoor Kachli est un soin capillaire naturel. Elle s\u2019utilise un peu dans le m\u00eame style que la poudre de ch\u00e9b\u00e9.\" \/>\n<meta property=\"og:url\" content=\"https:\/\/www.safinel.fr\/pt\/product-2\/kapoor-kachli\/\" \/>\n<meta property=\"og:site_name\" content=\"Safinel\" \/>\n<meta property=\"article:modified_time\" content=\"2023-12-28T17:15:00+00:00\" \/>\n<meta property=\"og:image\" content=\"https:\/\/www.safinel.fr\/wp-content\/uploads\/2021\/07\/kapoor.jpg\" \/>\n\t<meta property=\"og:image:width\" content=\"1001\" \/>\n\t<meta property=\"og:image:height\" content=\"1001\" \/>\n\t<meta property=\"og:image:type\" content=\"image\/jpeg\" \/>\n<meta name=\"twitter:card\" content=\"summary_large_image\" \/>\n<meta name=\"twitter:label1\" content=\"Tempo estimado de leitura\" \/>\n\t<meta name=\"twitter:data1\" content=\"3 minutos\" \/>\n<script type=\"application\/ld+json\" class=\"yoast-schema-graph\">{\"@context\":\"https:\/\/schema.org\",\"@graph\":[{\"@type\":\"WebPage\",\"@id\":\"https:\/\/www.safinel.fr\/produit\/kapoor-kachli\/\",\"url\":\"https:\/\/www.safinel.fr\/produit\/kapoor-kachli\/\",\"name\":\"Kapoor Kachli | Poudre ayurv\u00e9dique naturelle | Achat en France\",\"isPartOf\":{\"@id\":\"https:\/\/www.safinel.fr\/#website\"},\"primaryImageOfPage\":{\"@id\":\"https:\/\/www.safinel.fr\/produit\/kapoor-kachli\/#primaryimage\"},\"image\":{\"@id\":\"https:\/\/www.safinel.fr\/produit\/kapoor-kachli\/#primaryimage\"},\"thumbnailUrl\":\"https:\/\/www.safinel.fr\/wp-content\/uploads\/2021\/07\/kapoor.jpg\",\"datePublished\":\"2021-07-07T19:06:53+00:00\",\"dateModified\":\"2023-12-28T17:15:00+00:00\",\"description\":\"La poudre v\u00e9g\u00e9tale de Kapoor Kachli est un soin capillaire naturel. Elle s\u2019utilise un peu dans le m\u00eame style que la poudre de ch\u00e9b\u00e9.\",\"breadcrumb\":{\"@id\":\"https:\/\/www.safinel.fr\/produit\/kapoor-kachli\/#breadcrumb\"},\"inLanguage\":\"pt-PT\",\"potentialAction\":[{\"@type\":\"ReadAction\",\"target\":[\"https:\/\/www.safinel.fr\/produit\/kapoor-kachli\/\"]}]},{\"@type\":\"ImageObject\",\"inLanguage\":\"pt-PT\",\"@id\":\"https:\/\/www.safinel.fr\/produit\/kapoor-kachli\/#primaryimage\",\"url\":\"https:\/\/www.safinel.fr\/wp-content\/uploads\/2021\/07\/kapoor.jpg\",\"contentUrl\":\"https:\/\/www.safinel.fr\/wp-content\/uploads\/2021\/07\/kapoor.jpg\",\"width\":1001,\"height\":1001,\"caption\":\"Kapoor Kachli en poudre\"},{\"@type\":\"BreadcrumbList\",\"@id\":\"https:\/\/www.safinel.fr\/produit\/kapoor-kachli\/#breadcrumb\",\"itemListElement\":[{\"@type\":\"ListItem\",\"position\":1,\"name\":\"Accueil\",\"item\":\"https:\/\/www.safinel.fr\/\"},{\"@type\":\"ListItem\",\"position\":2,\"name\":\"Boutique\",\"item\":\"https:\/\/www.safinel.fr\/boutique\/\"},{\"@type\":\"ListItem\",\"position\":3,\"name\":\"Kapoor Kachli 100g\"}]},{\"@type\":\"WebSite\",\"@id\":\"https:\/\/www.safinel.fr\/#website\",\"url\":\"https:\/\/www.safinel.fr\/\",\"name\":\"Safinel\",\"description\":\"\",\"publisher\":{\"@id\":\"https:\/\/www.safinel.fr\/#organization\"},\"potentialAction\":[{\"@type\":\"SearchAction\",\"target\":{\"@type\":\"EntryPoint\",\"urlTemplate\":\"https:\/\/www.safinel.fr\/?s={search_term_string}\"},\"query-input\":{\"@type\":\"PropertyValueSpecification\",\"valueRequired\":true,\"valueName\":\"search_term_string\"}}],\"inLanguage\":\"pt-PT\"},{\"@type\":\"Organization\",\"@id\":\"https:\/\/www.safinel.fr\/#organization\",\"name\":\"Safinel\",\"url\":\"https:\/\/www.safinel.fr\/\",\"logo\":{\"@type\":\"ImageObject\",\"inLanguage\":\"pt-PT\",\"@id\":\"https:\/\/www.safinel.fr\/#\/schema\/logo\/image\/\",\"url\":\"https:\/\/www.safinel.fr\/wp-content\/uploads\/2021\/05\/boutique-cosmetique.png\",\"contentUrl\":\"https:\/\/www.safinel.fr\/wp-content\/uploads\/2021\/05\/boutique-cosmetique.png\",\"width\":800,\"height\":200,\"caption\":\"Safinel\"},\"image\":{\"@id\":\"https:\/\/www.safinel.fr\/#\/schema\/logo\/image\/\"}}]}<\/script>\n<!-- \/ Yoast SEO plugin. -->","yoast_head_json":{"title":"Kapoor Kachli | P\u00f3 ayurv\u00e9dico natural | Compra em Fran\u00e7a","description":"O p\u00f3 vegetal Kapoor Kachli \u00e9 um produto natural para o cuidado do cabelo. \u00c9 utilizado de forma semelhante ao p\u00f3 de ch\u00e9b\u00e9.","robots":{"index":"index","follow":"follow","max-snippet":"max-snippet:-1","max-image-preview":"max-image-preview:large","max-video-preview":"max-video-preview:-1"},"canonical":"https:\/\/www.safinel.fr\/pt\/product-2\/kapoor-kachli\/","og_locale":"pt_PT","og_type":"article","og_title":"Kapoor Kachli | Poudre ayurv\u00e9dique naturelle | Achat en France","og_description":"La poudre v\u00e9g\u00e9tale de Kapoor Kachli est un soin capillaire naturel. Elle s\u2019utilise un peu dans le m\u00eame style que la poudre de ch\u00e9b\u00e9.","og_url":"https:\/\/www.safinel.fr\/pt\/product-2\/kapoor-kachli\/","og_site_name":"Safinel","article_modified_time":"2023-12-28T17:15:00+00:00","og_image":[{"width":1001,"height":1001,"url":"https:\/\/www.safinel.fr\/wp-content\/uploads\/2021\/07\/kapoor.jpg","type":"image\/jpeg"}],"twitter_card":"summary_large_image","twitter_misc":{"Tempo estimado de leitura":"3 minutos"},"schema":{"@context":"https:\/\/schema.org","@graph":[{"@type":"WebPage","@id":"https:\/\/www.safinel.fr\/produit\/kapoor-kachli\/","url":"https:\/\/www.safinel.fr\/produit\/kapoor-kachli\/","name":"Kapoor Kachli | P\u00f3 ayurv\u00e9dico natural | Compra em Fran\u00e7a","isPartOf":{"@id":"https:\/\/www.safinel.fr\/#website"},"primaryImageOfPage":{"@id":"https:\/\/www.safinel.fr\/produit\/kapoor-kachli\/#primaryimage"},"image":{"@id":"https:\/\/www.safinel.fr\/produit\/kapoor-kachli\/#primaryimage"},"thumbnailUrl":"https:\/\/www.safinel.fr\/wp-content\/uploads\/2021\/07\/kapoor.jpg","datePublished":"2021-07-07T19:06:53+00:00","dateModified":"2023-12-28T17:15:00+00:00","description":"O p\u00f3 vegetal Kapoor Kachli \u00e9 um produto natural para o cuidado do cabelo. \u00c9 utilizado de forma semelhante ao p\u00f3 de ch\u00e9b\u00e9.","breadcrumb":{"@id":"https:\/\/www.safinel.fr\/produit\/kapoor-kachli\/#breadcrumb"},"inLanguage":"pt-PT","potentialAction":[{"@type":"ReadAction","target":["https:\/\/www.safinel.fr\/produit\/kapoor-kachli\/"]}]},{"@type":"ImageObject","inLanguage":"pt-PT","@id":"https:\/\/www.safinel.fr\/produit\/kapoor-kachli\/#primaryimage","url":"https:\/\/www.safinel.fr\/wp-content\/uploads\/2021\/07\/kapoor.jpg","contentUrl":"https:\/\/www.safinel.fr\/wp-content\/uploads\/2021\/07\/kapoor.jpg","width":1001,"height":1001,"caption":"Kapoor Kachli en poudre"},{"@type":"BreadcrumbList","@id":"https:\/\/www.safinel.fr\/produit\/kapoor-kachli\/#breadcrumb","itemListElement":[{"@type":"ListItem","position":1,"name":"Accueil","item":"https:\/\/www.safinel.fr\/"},{"@type":"ListItem","position":2,"name":"Boutique","item":"https:\/\/www.safinel.fr\/boutique\/"},{"@type":"ListItem","position":3,"name":"Kapoor Kachli 100g"}]},{"@type":"WebSite","@id":"https:\/\/www.safinel.fr\/#website","url":"https:\/\/www.safinel.fr\/","name":"Safinel","description":"","publisher":{"@id":"https:\/\/www.safinel.fr\/#organization"},"potentialAction":[{"@type":"SearchAction","target":{"@type":"EntryPoint","urlTemplate":"https:\/\/www.safinel.fr\/?s={search_term_string}"},"query-input":{"@type":"PropertyValueSpecification","valueRequired":true,"valueName":"search_term_string"}}],"inLanguage":"pt-PT"},{"@type":"Organization","@id":"https:\/\/www.safinel.fr\/#organization","name":"Safinel","url":"https:\/\/www.safinel.fr\/","logo":{"@type":"ImageObject","inLanguage":"pt-PT","@id":"https:\/\/www.safinel.fr\/#\/schema\/logo\/image\/","url":"https:\/\/www.safinel.fr\/wp-content\/uploads\/2021\/05\/boutique-cosmetique.png","contentUrl":"https:\/\/www.safinel.fr\/wp-content\/uploads\/2021\/05\/boutique-cosmetique.png","width":800,"height":200,"caption":"Safinel"},"image":{"@id":"https:\/\/www.safinel.fr\/#\/schema\/logo\/image\/"}}]}},"_links":{"self":[{"href":"https:\/\/www.safinel.fr\/pt\/wp-json\/wp\/v2\/product\/188","targetHints":{"allow":["GET"]}}],"collection":[{"href":"https:\/\/www.safinel.fr\/pt\/wp-json\/wp\/v2\/product"}],"about":[{"href":"https:\/\/www.safinel.fr\/pt\/wp-json\/wp\/v2\/types\/product"}],"wp:featuredmedia":[{"embeddable":true,"href":"https:\/\/www.safinel.fr\/pt\/wp-json\/wp\/v2\/media\/185"}],"wp:attachment":[{"href":"https:\/\/www.safinel.fr\/pt\/wp-json\/wp\/v2\/media?parent=188"}],"wp:term":[{"taxonomy":"product_brand","embeddable":true,"href":"https:\/\/www.safinel.fr\/pt\/wp-json\/wp\/v2\/product_brand?post=188"},{"taxonomy":"product_cat","embeddable":true,"href":"https:\/\/www.safinel.fr\/pt\/wp-json\/wp\/v2\/product_cat?post=188"},{"taxonomy":"product_tag","embeddable":true,"href":"https:\/\/www.safinel.fr\/pt\/wp-json\/wp\/v2\/product_tag?post=188"}],"curies":[{"name":"wp","href":"https:\/\/api.w.org\/{rel}","templated":true}]}}