{"id":17438,"date":"2025-10-03T17:52:41","date_gmt":"2025-10-03T17:52:41","guid":{"rendered":"https:\/\/www.safinel.fr\/?post_type=product&#038;p=17438"},"modified":"2025-10-04T17:13:47","modified_gmt":"2025-10-04T17:13:47","slug":"furikake-mistura-de-especiarias-japonesas","status":"publish","type":"product","link":"https:\/\/www.safinel.fr\/pt\/product-2\/furikake-mistura-de-especiarias-japonesas\/","title":{"rendered":"Furikake \u2013 Mistura de especiarias japonesas \u2013 50 g"},"content":{"rendered":"<p><strong>O furikake<\/strong> atrai cada vez mais apreciadores de <strong>cozinha japonesa<\/strong>, intrigados com isso <strong>mistura de especiarias japonesas<\/strong> colorido e saboroso. Por tr\u00e1s deste nome melodioso esconde-se um <strong>condimento japon\u00eas<\/strong> tradicional que se polvilha generosamente sobre uma tigela de arroz fumegante. Composto por um sutil <strong>mistura de algas secas<\/strong>, sementes de s\u00e9samo e, por vezes, peixe seco, transforma o prato mais simples numa experi\u00eancia intensa de sabor umami e crocante. Vamos mergulhar no universo do furikake, este aliado do dia a dia para aqueles que gostam de combinar simplicidade e explos\u00e3o de sabores.<\/p>\n<h2>O que \u00e9 furikake?<\/h2>\n<p><strong>O furikake<\/strong> \u00e9 um elemento essencial entre os <strong>condimentos japoneses<\/strong>. Este <strong>mistura de especiarias japonesas<\/strong> foi concebido para real\u00e7ar o sabor do arroz natural, mas tamb\u00e9m acompanha na perfei\u00e7\u00e3o peixe, legumes cozidos ou sopas tradicionais. O ingrediente principal continua a ser o <strong>arroz branco<\/strong>, cuja do\u00e7ura \u00e9 sublimada por esta combina\u00e7\u00e3o \u00fanica de aromas.<\/p>\n<p>A sua composi\u00e7\u00e3o varia consoante as regi\u00f5es e as receitas, oferecendo assim uma grande diversidade de texturas e sabores. Encontra-se frequentemente um <strong>mistura de algas<\/strong>, dos <strong>sementes de s\u00e9samo<\/strong> e, por vezes, do <strong>peixe seco<\/strong>. Pr\u00e1tico e rico em <strong>benef\u00edcios nutricionais<\/strong>, o furikake tornou-se um pequeno prazer incontorn\u00e1vel \u00e0 mesa japonesa.<\/p>\n<h2>Os ingredientes principais do furikake<\/h2>\n<p>O que torna o <strong>furikake<\/strong>, \u00e9 o equil\u00edbrio perfeito dos seus ingredientes. Cada componente contribui com o seu toque: sabor, croc\u00e2ncia, cor e benef\u00edcios para a sa\u00fade. \u00c9 essa mistura harmoniosa que confere ao condimento japon\u00eas a sua identidade t\u00e3o particular.<\/p>\n<h3>Por que as algas s\u00e3o indispens\u00e1veis?<\/h3>\n<p>O\u2019<strong>alga nori<\/strong> constitui a base arom\u00e1tica do <strong>mistura de algas<\/strong> presente no furikake. Seca e finamente cortada, ela exala um aroma marinho e iodado inimit\u00e1vel. Al\u00e9m de enriquecer o sabor, a nori \u00e9 rica em minerais como iodo e c\u00e1lcio, essenciais para o bom funcionamento do organismo.<\/p>\n<p>Este componente combina perfeitamente com elementos mais <strong>crocantes<\/strong>, proporcionando uma explos\u00e3o de sensa\u00e7\u00f5es desde a primeira dentada. Dependendo das variantes, a mistura pode incluir outras algas, como wakame ou kombu, para diversificar ainda mais a paleta arom\u00e1tica do furikake. \u00c9 importante notar que existem in\u00fameras misturas inspiradas em diversas culturas, incluindo a cozinha do Magrebe. Os apreciadores da gastronomia oriental ir\u00e3o apreciar a variedade de\u2019<a href=\"https:\/\/www.safinel.fr\/pt\/product-category-2\/especiarias-marroquinas\/\">especiarias tradicionais marroquinas<\/a>, que tamb\u00e9m partilham essa riqueza arom\u00e1tica na elabora\u00e7\u00e3o de condimentos refinados.<\/p>\n<h3>O papel das sementes de s\u00e9samo e dos aditivos nobres<\/h3>\n<p>Os <strong>sementes de s\u00e9samo<\/strong> s\u00e3o indispens\u00e1veis no furikake. A sua textura crocante e o seu leve toque torrado conferem profundidade e sabor a este <strong>condimento japon\u00eas<\/strong>. Torrado na medida certa, o gergelim real\u00e7a cada gr\u00e3o de arroz quente sobre o qual \u00e9 colocado.<\/p>\n<p>Tamb\u00e9m encontramos toques originais, como o <strong>peixe seco<\/strong> (muitas vezes bonito), shiso ou flocos de ovo. O peixe seco intensifica o sabor umami sem mascarar os outros sabores, enquanto o ovo traz cor e riqueza. \u00c0s vezes, legumes secos ou um <strong>mistura de especiarias doces<\/strong> completam a receita para variar os prazeres. Em alguns casos, podem ser encontradas especiarias raras, como o <a href=\"https:\/\/www.safinel.fr\/pt\/product-2\/pimenta-cubeba-pimenta-com-cauda\/\">pimenta cubeba<\/a> que oferece uma dimens\u00e3o ex\u00f3tica ideal para real\u00e7ar subtilmente as receitas fusion.<\/p>\n<ul>\n<li><strong>Algas nori<\/strong> finamente picadas<\/li>\n<li><strong>Sementes de s\u00e9samo<\/strong> brancas ou pretas<\/li>\n<li><strong>Peixe seco<\/strong> ralado ou esfarelado<\/li>\n<li>Ovo em p\u00f3 desidratado<\/li>\n<li>Peda\u00e7os de legumes secos<\/li>\n<li>Mistura de especiarias doces<\/li>\n<\/ul>\n<h2>Como usar o furikake na culin\u00e1ria japonesa?<\/h2>\n<p>Polvilhar com <strong>furikake<\/strong> sobre uma tigela de <strong>arroz<\/strong> continua a ser o gesto emblem\u00e1tico, mas as suas utiliza\u00e7\u00f5es n\u00e3o se ficam por a\u00ed. Tamb\u00e9m real\u00e7a os onigiri \u2013 aqueles tri\u00e2ngulos de arroz recheados \u2013 e d\u00e1 um toque <strong>crocante<\/strong> \u00e0s saladas e revisita subtilmente a sopa miso gra\u00e7as ao seu sabor umami.<\/p>\n<p>Este <strong>condimento japon\u00eas<\/strong> pode substituir o sal ou real\u00e7ar o sabor umami em legumes cozidos no vapor. Muitos chefs incorporam-no em receitas fusion, como ovos cozidos, t\u00e1rtaros ou torradas de abacate. Algumas pitadas de furikake s\u00e3o suficientes para dar relevo a uma poke bowl ou a um ovo cozido, para um efeito gourmet imediato.<\/p>\n<h3>Usos gourmet e criativos<\/h3>\n<p>Para sair do lugar-comum, basta um pouco de imagina\u00e7\u00e3o. Misturado com um molho leve, polvilhado sobre tomates frescos ou incorporado \u00e0 massa de p\u00e3o, o <strong>furikake<\/strong> surpreende a cada utiliza\u00e7\u00e3o. A sua capacidade de dar sabor e tornar crocante qualquer tipo de prato torna-o um verdadeiro trunfo para renovar a cozinha do dia a dia.<\/p>\n<p>Alguns apreciadores gostam de polvilhar sobre os seus <strong>batatas assadas<\/strong>, pipocas caseiras ou mesmo queijos frescos para lhes oferecer um sabor in\u00e9dito. Este <strong>mistura crocante<\/strong> tornando-se assim um parceiro ideal para melhorar facilmente todas as refei\u00e7\u00f5es.<\/p>\n<h3>O lugar do furikake no bento<\/h3>\n<p>No universo do <strong>bento<\/strong>, onde cada ingrediente \u00e9 t\u00e3o importante para os olhos como para o paladar, o <strong>furikake<\/strong> ocupa um lugar de destaque. Ele d\u00e1 uma cor harmoniosa ao arroz e chama a aten\u00e7\u00e3o entre os outros alimentos do almo\u00e7o japon\u00eas para viagem.<\/p>\n<p>Gra\u00e7as \u00e0 sua versatilidade, tamb\u00e9m protege o arroz durante o transporte: ao absorver parte da humidade, evita que os gr\u00e3os grudem uns nos outros. As suas <strong>contribui\u00e7\u00f5es nutricionais<\/strong> contribuem para compor uma refei\u00e7\u00e3o equilibrada, perfeita para uma pausa para o almo\u00e7o saborosa e saud\u00e1vel.<\/p>\n<h2>Quais s\u00e3o os benef\u00edcios nutricionais do furikake?<\/h2>\n<p>Este <strong>condimento japon\u00eas<\/strong> n\u00e3o se contenta em deliciar o paladar. Gra\u00e7as \u00e0s suas <strong>algas ricas em iodo<\/strong> e minerais, tamb\u00e9m fornece prote\u00ednas atrav\u00e9s do <strong>peixe seco<\/strong>. Os <strong>sementes de s\u00e9samo<\/strong>, por sua vez, fornecem fibras, c\u00e1lcio e \u00e1cidos gordos insaturados ben\u00e9ficos para a sa\u00fade.<\/p>\n<p>Escolher o <strong>furikake<\/strong> como\u2019<strong>alternativa ao sal<\/strong> permite reduzir o consumo de s\u00f3dio, mantendo um sabor intenso. O seu uso inteligente enriquece os seus pratos com nutrientes essenciais e contribui para manter uma alimenta\u00e7\u00e3o equilibrada no dia a dia.<\/p>\n<table>\n<tbody>\n<tr>\n<th>Ingrediente principal<\/th>\n<th>Contribui\u00e7\u00e3o nutricional essencial<\/th>\n<th>Efeito na sa\u00fade<\/th>\n<\/tr>\n<tr>\n<td><strong>Algas nori<\/strong><\/td>\n<td>Iodo, magn\u00e9sio, vitaminas<\/td>\n<td>Equil\u00edbrio da tir\u00f3ide e mineral<\/td>\n<\/tr>\n<tr>\n<td><strong>Sementes de s\u00e9samo<\/strong><\/td>\n<td>Fibras, c\u00e1lcio, gorduras boas<\/td>\n<td>Suporte \u00f3sseo e cardiovascular<\/td>\n<\/tr>\n<tr>\n<td><strong>Peixe seco<\/strong><\/td>\n<td>Prote\u00ednas, \u00f3mega 3<\/td>\n<td>Manuten\u00e7\u00e3o muscular e cerebral<\/td>\n<\/tr>\n<\/tbody>\n<\/table>\n<h2>Perguntas frequentes sobre o furikake e a sua utiliza\u00e7\u00e3o na cozinha japonesa<\/h2>\n<div itemscope=\"\" itemtype=\"https:\/\/schema.org\/FAQPage\">\n<div itemprop=\"mainEntity\" itemscope=\"\" itemtype=\"https:\/\/schema.org\/Question\">\n<h3 itemprop=\"name\">\u00c9 poss\u00edvel preparar furikake caseiro facilmente?<\/h3>\n<div itemprop=\"acceptedAnswer\" itemscope=\"\" itemtype=\"https:\/\/schema.org\/Answer\">\n<div itemprop=\"text\">\n<p>\u00c9 perfeitamente poss\u00edvel realizar um <strong>furikake caseiro<\/strong> sem material espec\u00edfico nem ingredientes raros. Basta reunir alguns <strong>algas nori<\/strong>, dos <strong>sementes de s\u00e9samo torradas<\/strong>, um pouco de sal e, se desejar, um pouco de <strong>peixe seco<\/strong> ralado. Misture conforme desejar para obter um condimento personalizado, rico em sabor e crocante.<\/p>\n<ul>\n<li>Cortar as algas em tiras finas<\/li>\n<li>Torrar ligeiramente as sementes de s\u00e9samo<\/li>\n<li>Misture todos os ingredientes num recipiente herm\u00e9tico.<\/li>\n<\/ul>\n<\/div>\n<\/div>\n<\/div>\n<div itemprop=\"mainEntity\" itemscope=\"\" itemtype=\"https:\/\/schema.org\/Question\">\n<h3 itemprop=\"name\">Em que tipos de pratos o furikake pode ser usado al\u00e9m do arroz?<\/h3>\n<div itemprop=\"acceptedAnswer\" itemscope=\"\" itemtype=\"https:\/\/schema.org\/Answer\">\n<div itemprop=\"text\">\n<p>Este <strong>mistura de especiarias japonesas<\/strong> est\u00e1 presente em muitos pratos do dia a dia. Al\u00e9m do <strong>arroz<\/strong>, ele acompanha perfeitamente os <strong>legumes cozidos no vapor<\/strong>, saladas mistas, abacates fatiados ou at\u00e9 mesmo prepara\u00e7\u00f5es divertidas como pipocas e massas. As possibilidades s\u00e3o quase infinitas para dar um toque crocante e saboroso.<\/p>\n<ul>\n<li>Ta\u00e7as com salada mista<\/li>\n<li>Macarr\u00e3o salteado ao estilo wok<\/li>\n<li>Ovos mexidos ou omeletes<\/li>\n<\/ul>\n<\/div>\n<\/div>\n<\/div>\n<div itemprop=\"mainEntity\" itemscope=\"\" itemtype=\"https:\/\/schema.org\/Question\">\n<h3 itemprop=\"name\">O furikake \u00e9 adequado para pessoas que controlam o consumo de sal?<\/h3>\n<div itemprop=\"acceptedAnswer\" itemscope=\"\" itemtype=\"https:\/\/schema.org\/Answer\">\n<div itemprop=\"text\">\n<p>Gra\u00e7as aos seus sabores intensos e ao seu <strong>sabor umami<\/strong>, o furikake \u00e9 uma excelente <strong>alternativa ao sal<\/strong>. Ao escolher uma vers\u00e3o com baixo teor de s\u00f3dio ou ao dosar com modera\u00e7\u00e3o, permite real\u00e7ar os pratos, limitando ao mesmo tempo o consumo de sal.<\/p>\n<table>\n<tbody>\n<tr>\n<th>Tipo de furikake<\/th>\n<th>Teor m\u00e9dio de s\u00f3dio<\/th>\n<\/tr>\n<tr>\n<td>Cl\u00e1ssico<\/td>\n<td>500-800 mg\/15 g<\/td>\n<\/tr>\n<tr>\n<td>Vers\u00e3o pouco salgada<\/td>\n<td>300-400 mg\/15 g<\/td>\n<\/tr>\n<\/tbody>\n<\/table>\n<\/div>\n<\/div>\n<\/div>\n<div itemprop=\"mainEntity\" itemscope=\"\" itemtype=\"https:\/\/schema.org\/Question\">\n<h3 itemprop=\"name\">Quais s\u00e3o os benef\u00edcios do furikake para uma alimenta\u00e7\u00e3o saud\u00e1vel?<\/h3>\n<div itemprop=\"acceptedAnswer\" itemscope=\"\" itemtype=\"https:\/\/schema.org\/Answer\">\n<div itemprop=\"text\">\n<p>O <strong>furikake<\/strong> oferece uma grande variedade de nutrientes gra\u00e7as aos seus ingredientes naturais. Entre as fibras do s\u00e9samo, os minerais dos <strong>algas<\/strong> e as prote\u00ednas do <strong>peixe seco<\/strong>, promove uma alimenta\u00e7\u00e3o equilibrada. O seu lado <strong>crocante<\/strong> tamb\u00e9m limita a adi\u00e7\u00e3o de gorduras ou molhos ricos nos pratos.<\/p>\n<ul>\n<li>Riqueza natural em iodo e fibras alimentares<\/li>\n<li>A combina\u00e7\u00e3o perfeita entre prazer gustativo e sa\u00fade<\/li>\n<\/ul>\n<\/div>\n<\/div>\n<\/div>\n<\/div>","protected":false},"excerpt":{"rendered":"<p><img decoding=\"async\" src=\"https:\/\/www.safinel.fr\/wp-content\/uploads\/2021\/06\/BANNIERE-ICONE-SAFINEL.webp\" alt=\"resseguro satinado\" width=\"800\" height=\"200\" class=\"alignnone size-full wp-image-5091\" srcset=\"https:\/\/www.safinel.fr\/wp-content\/uploads\/2021\/06\/BANNIERE-ICONE-SAFINEL.webp 800w, https:\/\/www.safinel.fr\/wp-content\/uploads\/2021\/06\/BANNIERE-ICONE-SAFINEL-600x150.webp 600w, https:\/\/www.safinel.fr\/wp-content\/uploads\/2021\/06\/BANNIERE-ICONE-SAFINEL-768x192.webp 768w\" sizes=\"(max-width: 800px) 100vw, 800px\" \/><\/p>","protected":false},"featured_media":17439,"template":"","meta":[],"product_brand":[],"product_cat":[169],"product_tag":[],"class_list":{"0":"post-17438","1":"product","2":"type-product","3":"status-publish","4":"has-post-thumbnail","6":"product_cat-epices-du-monde","8":"first","9":"instock","10":"shipping-taxable","11":"purchasable","12":"product-type-simple"},"yoast_head":"<!-- This site is optimized with the Yoast SEO plugin v26.6 - https:\/\/yoast.com\/wordpress\/plugins\/seo\/ -->\n<title>Furikake | Condiment japonais disponible \u00e0 l&#039;achat<\/title>\n<meta name=\"description\" content=\"D\u00e9couvrez le furikake, ce condiment japonais aux mille saveurs qui sublime le riz et d&#039;autres plats avec un m\u00e9lange d&#039;\u00e9pices unique et savoureux.\" \/>\n<meta name=\"robots\" content=\"index, follow, max-snippet:-1, max-image-preview:large, max-video-preview:-1\" \/>\n<link rel=\"canonical\" href=\"https:\/\/www.safinel.fr\/pt\/product-2\/furikake-mistura-de-especiarias-japonesas\/\" \/>\n<meta property=\"og:locale\" content=\"pt_PT\" \/>\n<meta property=\"og:type\" content=\"article\" \/>\n<meta property=\"og:title\" content=\"Furikake | Condiment japonais disponible \u00e0 l&#039;achat\" \/>\n<meta property=\"og:description\" content=\"D\u00e9couvrez le furikake, ce condiment japonais aux mille saveurs qui sublime le riz et d&#039;autres plats avec un m\u00e9lange d&#039;\u00e9pices unique et savoureux.\" \/>\n<meta property=\"og:url\" content=\"https:\/\/www.safinel.fr\/pt\/product-2\/furikake-mistura-de-especiarias-japonesas\/\" \/>\n<meta property=\"og:site_name\" content=\"Safinel\" \/>\n<meta property=\"article:modified_time\" content=\"2025-10-04T17:13:47+00:00\" \/>\n<meta property=\"og:image\" content=\"https:\/\/www.safinel.fr\/wp-content\/uploads\/2025\/10\/furikake.jpg\" \/>\n\t<meta property=\"og:image:width\" content=\"600\" \/>\n\t<meta property=\"og:image:height\" content=\"600\" \/>\n\t<meta property=\"og:image:type\" content=\"image\/jpeg\" \/>\n<meta name=\"twitter:card\" content=\"summary_large_image\" \/>\n<meta name=\"twitter:label1\" content=\"Tempo estimado de leitura\" \/>\n\t<meta name=\"twitter:data1\" content=\"9 minutos\" \/>\n<script type=\"application\/ld+json\" class=\"yoast-schema-graph\">{\"@context\":\"https:\/\/schema.org\",\"@graph\":[{\"@type\":\"WebPage\",\"@id\":\"https:\/\/www.safinel.fr\/produit\/furikake-melange-depices-japonais\/\",\"url\":\"https:\/\/www.safinel.fr\/produit\/furikake-melange-depices-japonais\/\",\"name\":\"Furikake | Condiment japonais disponible \u00e0 l'achat\",\"isPartOf\":{\"@id\":\"https:\/\/www.safinel.fr\/#website\"},\"primaryImageOfPage\":{\"@id\":\"https:\/\/www.safinel.fr\/produit\/furikake-melange-depices-japonais\/#primaryimage\"},\"image\":{\"@id\":\"https:\/\/www.safinel.fr\/produit\/furikake-melange-depices-japonais\/#primaryimage\"},\"thumbnailUrl\":\"https:\/\/www.safinel.fr\/wp-content\/uploads\/2025\/10\/furikake.jpg\",\"datePublished\":\"2025-10-03T17:52:41+00:00\",\"dateModified\":\"2025-10-04T17:13:47+00:00\",\"description\":\"D\u00e9couvrez le furikake, ce condiment japonais aux mille saveurs qui sublime le riz et d'autres plats avec un m\u00e9lange d'\u00e9pices unique et savoureux.\",\"breadcrumb\":{\"@id\":\"https:\/\/www.safinel.fr\/produit\/furikake-melange-depices-japonais\/#breadcrumb\"},\"inLanguage\":\"pt-PT\",\"potentialAction\":[{\"@type\":\"ReadAction\",\"target\":[\"https:\/\/www.safinel.fr\/produit\/furikake-melange-depices-japonais\/\"]}]},{\"@type\":\"ImageObject\",\"inLanguage\":\"pt-PT\",\"@id\":\"https:\/\/www.safinel.fr\/produit\/furikake-melange-depices-japonais\/#primaryimage\",\"url\":\"https:\/\/www.safinel.fr\/wp-content\/uploads\/2025\/10\/furikake.jpg\",\"contentUrl\":\"https:\/\/www.safinel.fr\/wp-content\/uploads\/2025\/10\/furikake.jpg\",\"width\":600,\"height\":600,\"caption\":\"Furikake - M\u00e9lange d'\u00e9pices japonais - 50g\"},{\"@type\":\"BreadcrumbList\",\"@id\":\"https:\/\/www.safinel.fr\/produit\/furikake-melange-depices-japonais\/#breadcrumb\",\"itemListElement\":[{\"@type\":\"ListItem\",\"position\":1,\"name\":\"Accueil\",\"item\":\"https:\/\/www.safinel.fr\/\"},{\"@type\":\"ListItem\",\"position\":2,\"name\":\"Boutique\",\"item\":\"https:\/\/www.safinel.fr\/boutique\/\"},{\"@type\":\"ListItem\",\"position\":3,\"name\":\"Furikake &#8211; M\u00e9lange d&#8217;\u00e9pices japonais &#8211; 50g\"}]},{\"@type\":\"WebSite\",\"@id\":\"https:\/\/www.safinel.fr\/#website\",\"url\":\"https:\/\/www.safinel.fr\/\",\"name\":\"Safinel\",\"description\":\"\",\"publisher\":{\"@id\":\"https:\/\/www.safinel.fr\/#organization\"},\"potentialAction\":[{\"@type\":\"SearchAction\",\"target\":{\"@type\":\"EntryPoint\",\"urlTemplate\":\"https:\/\/www.safinel.fr\/?s={search_term_string}\"},\"query-input\":{\"@type\":\"PropertyValueSpecification\",\"valueRequired\":true,\"valueName\":\"search_term_string\"}}],\"inLanguage\":\"pt-PT\"},{\"@type\":\"Organization\",\"@id\":\"https:\/\/www.safinel.fr\/#organization\",\"name\":\"Safinel\",\"url\":\"https:\/\/www.safinel.fr\/\",\"logo\":{\"@type\":\"ImageObject\",\"inLanguage\":\"pt-PT\",\"@id\":\"https:\/\/www.safinel.fr\/#\/schema\/logo\/image\/\",\"url\":\"https:\/\/www.safinel.fr\/wp-content\/uploads\/2021\/05\/boutique-cosmetique.png\",\"contentUrl\":\"https:\/\/www.safinel.fr\/wp-content\/uploads\/2021\/05\/boutique-cosmetique.png\",\"width\":800,\"height\":200,\"caption\":\"Safinel\"},\"image\":{\"@id\":\"https:\/\/www.safinel.fr\/#\/schema\/logo\/image\/\"}}]}<\/script>\n<!-- \/ Yoast SEO plugin. -->","yoast_head_json":{"title":"Furikake | Condimento japon\u00eas dispon\u00edvel para compra","description":"Descubra o furikake, um condimento japon\u00eas com mil sabores que real\u00e7a o arroz e outros pratos com uma mistura \u00fanica e saborosa de especiarias.","robots":{"index":"index","follow":"follow","max-snippet":"max-snippet:-1","max-image-preview":"max-image-preview:large","max-video-preview":"max-video-preview:-1"},"canonical":"https:\/\/www.safinel.fr\/pt\/product-2\/furikake-mistura-de-especiarias-japonesas\/","og_locale":"pt_PT","og_type":"article","og_title":"Furikake | Condiment japonais disponible \u00e0 l'achat","og_description":"D\u00e9couvrez le furikake, ce condiment japonais aux mille saveurs qui sublime le riz et d'autres plats avec un m\u00e9lange d'\u00e9pices unique et savoureux.","og_url":"https:\/\/www.safinel.fr\/pt\/product-2\/furikake-mistura-de-especiarias-japonesas\/","og_site_name":"Safinel","article_modified_time":"2025-10-04T17:13:47+00:00","og_image":[{"width":600,"height":600,"url":"https:\/\/www.safinel.fr\/wp-content\/uploads\/2025\/10\/furikake.jpg","type":"image\/jpeg"}],"twitter_card":"summary_large_image","twitter_misc":{"Tempo estimado de leitura":"9 minutos"},"schema":{"@context":"https:\/\/schema.org","@graph":[{"@type":"WebPage","@id":"https:\/\/www.safinel.fr\/produit\/furikake-melange-depices-japonais\/","url":"https:\/\/www.safinel.fr\/produit\/furikake-melange-depices-japonais\/","name":"Furikake | Condimento japon\u00eas dispon\u00edvel para compra","isPartOf":{"@id":"https:\/\/www.safinel.fr\/#website"},"primaryImageOfPage":{"@id":"https:\/\/www.safinel.fr\/produit\/furikake-melange-depices-japonais\/#primaryimage"},"image":{"@id":"https:\/\/www.safinel.fr\/produit\/furikake-melange-depices-japonais\/#primaryimage"},"thumbnailUrl":"https:\/\/www.safinel.fr\/wp-content\/uploads\/2025\/10\/furikake.jpg","datePublished":"2025-10-03T17:52:41+00:00","dateModified":"2025-10-04T17:13:47+00:00","description":"Descubra o furikake, um condimento japon\u00eas com mil sabores que real\u00e7a o arroz e outros pratos com uma mistura \u00fanica e saborosa de especiarias.","breadcrumb":{"@id":"https:\/\/www.safinel.fr\/produit\/furikake-melange-depices-japonais\/#breadcrumb"},"inLanguage":"pt-PT","potentialAction":[{"@type":"ReadAction","target":["https:\/\/www.safinel.fr\/produit\/furikake-melange-depices-japonais\/"]}]},{"@type":"ImageObject","inLanguage":"pt-PT","@id":"https:\/\/www.safinel.fr\/produit\/furikake-melange-depices-japonais\/#primaryimage","url":"https:\/\/www.safinel.fr\/wp-content\/uploads\/2025\/10\/furikake.jpg","contentUrl":"https:\/\/www.safinel.fr\/wp-content\/uploads\/2025\/10\/furikake.jpg","width":600,"height":600,"caption":"Furikake - M\u00e9lange d'\u00e9pices japonais - 50g"},{"@type":"BreadcrumbList","@id":"https:\/\/www.safinel.fr\/produit\/furikake-melange-depices-japonais\/#breadcrumb","itemListElement":[{"@type":"ListItem","position":1,"name":"Accueil","item":"https:\/\/www.safinel.fr\/"},{"@type":"ListItem","position":2,"name":"Boutique","item":"https:\/\/www.safinel.fr\/boutique\/"},{"@type":"ListItem","position":3,"name":"Furikake &#8211; M\u00e9lange d&#8217;\u00e9pices japonais &#8211; 50g"}]},{"@type":"WebSite","@id":"https:\/\/www.safinel.fr\/#website","url":"https:\/\/www.safinel.fr\/","name":"Safinel","description":"","publisher":{"@id":"https:\/\/www.safinel.fr\/#organization"},"potentialAction":[{"@type":"SearchAction","target":{"@type":"EntryPoint","urlTemplate":"https:\/\/www.safinel.fr\/?s={search_term_string}"},"query-input":{"@type":"PropertyValueSpecification","valueRequired":true,"valueName":"search_term_string"}}],"inLanguage":"pt-PT"},{"@type":"Organization","@id":"https:\/\/www.safinel.fr\/#organization","name":"Safinel","url":"https:\/\/www.safinel.fr\/","logo":{"@type":"ImageObject","inLanguage":"pt-PT","@id":"https:\/\/www.safinel.fr\/#\/schema\/logo\/image\/","url":"https:\/\/www.safinel.fr\/wp-content\/uploads\/2021\/05\/boutique-cosmetique.png","contentUrl":"https:\/\/www.safinel.fr\/wp-content\/uploads\/2021\/05\/boutique-cosmetique.png","width":800,"height":200,"caption":"Safinel"},"image":{"@id":"https:\/\/www.safinel.fr\/#\/schema\/logo\/image\/"}}]}},"_links":{"self":[{"href":"https:\/\/www.safinel.fr\/pt\/wp-json\/wp\/v2\/product\/17438","targetHints":{"allow":["GET"]}}],"collection":[{"href":"https:\/\/www.safinel.fr\/pt\/wp-json\/wp\/v2\/product"}],"about":[{"href":"https:\/\/www.safinel.fr\/pt\/wp-json\/wp\/v2\/types\/product"}],"wp:featuredmedia":[{"embeddable":true,"href":"https:\/\/www.safinel.fr\/pt\/wp-json\/wp\/v2\/media\/17439"}],"wp:attachment":[{"href":"https:\/\/www.safinel.fr\/pt\/wp-json\/wp\/v2\/media?parent=17438"}],"wp:term":[{"taxonomy":"product_brand","embeddable":true,"href":"https:\/\/www.safinel.fr\/pt\/wp-json\/wp\/v2\/product_brand?post=17438"},{"taxonomy":"product_cat","embeddable":true,"href":"https:\/\/www.safinel.fr\/pt\/wp-json\/wp\/v2\/product_cat?post=17438"},{"taxonomy":"product_tag","embeddable":true,"href":"https:\/\/www.safinel.fr\/pt\/wp-json\/wp\/v2\/product_tag?post=17438"}],"curies":[{"name":"wp","href":"https:\/\/api.w.org\/{rel}","templated":true}]}}