{"id":1680,"date":"2022-07-06T23:41:08","date_gmt":"2022-07-06T23:41:08","guid":{"rendered":"https:\/\/www.safinel.fr\/?post_type=product&#038;p=1680"},"modified":"2023-12-28T17:15:20","modified_gmt":"2023-12-28T17:15:20","slug":"yokebe","status":"publish","type":"product","link":"https:\/\/www.safinel.fr\/pt\/product-2\/yokebe\/","title":{"rendered":"\u00d3leo de yokebe"},"content":{"rendered":"<p>N\u00e3o se sente confiante? E precisa de se sentir bem consigo mesma? A nossa loja deseja o melhor para si! E sabemos que n\u00e3o \u00e9 raro que algumas pessoas sonhem em ter o famoso corpo em forma de 8...<strong>\u00a0Peito forte<\/strong>\u00a0e\u00a0<strong>bunda grande<\/strong>, \u00e9 hora de conhecer o\u2019<strong>\u00f3leo de Yokebe<\/strong>\u00a0!<\/p>\n<h2><strong>Conhe\u00e7a o \u00f3leo Yokebe\u00a0<\/strong><\/h2>\n<p>J\u00e1 ouviu falar da famosa<strong>\u00a0\u00f3leo de Yokebe<\/strong>\u00a0? Tamb\u00e9m encontrado com a grafia\u00a0<strong>Yokobe<\/strong>. Se ainda n\u00e3o \u00e9 o caso, a sua loja Safinel deseja esclarec\u00ea-lo sobre este assunto! Prepare-se, vamos falar sobre curvas e<strong>\u00a0formas generosas<\/strong>\u00a0!<\/p>\n<p>\u00c9 verdade que a apar\u00eancia desempenha um papel essencial na autoconfian\u00e7a, desde cabelos sedosos at\u00e9\u00a0<strong>corpo de sonho<\/strong>, a apar\u00eancia f\u00edsica est\u00e1 no centro dos debates. \u00c9 por isso que queremos apresentar-lhe o \u00f3leo Yokebe!<\/p>\n<p>Esta \u00faltima \u00e9 uma<strong>\u00a0\u00f3leo natural<\/strong>\u00a0\u00e0 base de extratos de plantas. Origin\u00e1ria da \u00c1frica negra, \u00e9 encontrada principalmente na Costa do Marfim, mas tamb\u00e9m conquistou os pa\u00edses do Magrebe. E isso at\u00e9 mesmo no Ocidente.<\/p>\n<h2><strong>O \u00f3leo de yokebe para o prazer das senhoras\u00a0<\/strong><\/h2>\n<p>Se a apar\u00eancia \u00e0s vezes \u00e9 motivo de disc\u00f3rdia, provavelmente \u00e9 hora de conhecer o Yokebe. Descubra os\u00a0<strong><a href=\"https:\/\/www.safinel.fr\/pt\/product-2\/supositorios-yokebe\/\">suposit\u00f3rios yokebe<\/a>\u00a0<\/strong>para\u00a0<strong>bunda grande<\/strong>, Senhoras, preparem-se para ter formas voluptuosas. Na verdade, em \u00f3leo ou em suposit\u00f3rios, o Yokebe \u00e9 conhecido por ajudar as mulheres a terem formas mais volumosas e harmoniosas.<\/p>\n<p>Para os quadris, as panturrilhas, mas tamb\u00e9m os gl\u00fateos, este<strong>\u00a0produto natural\u00a0<\/strong>pode ser a solu\u00e7\u00e3o milagrosa que voc\u00ea estava \u00e0 espera!<\/p>\n<p>Voc\u00ea sempre sonhou em ter quadris e\u00a0<strong>n\u00e1degas generosas<\/strong>\u00a0E se a solu\u00e7\u00e3o estivesse neste \u00f3leo? \u00c9 hora de se deixar encantar e experimentar este \u00f3leo natural.<\/p>\n<h2><strong>Conselhos para a utiliza\u00e7\u00e3o do \u00f3leo de yokebe\u00a0<\/strong><\/h2>\n<p>\u00c9 aconselh\u00e1vel aplicar esta\u00a0<strong>\u00f3leo vegetal<\/strong>\u00a02 a 3 vezes por dia. Recomenda-se massajar as \u00e1reas afetadas durante pelo menos 5 minutos, at\u00e9 que a pele absorva totalmente o \u00f3leo Yokebe.<\/p>\n<p>Saiba, al\u00e9m disso, que o\u2019<a href=\"https:\/\/100feminin.fr\/5-huiles-vegetales-aux-vertus-exceptionnelles-qui-peuvent-traiter-vos-petits-problemes\/\" target=\"_blank\" rel=\"noopener\"><strong>\u00f3leo de feno-grego<\/strong><\/a>\u00a0tem propriedades semelhantes!<\/p>\n<p><strong>A saber\u00a0<\/strong>:<\/p>\n<p>Este produto natural n\u00e3o cont\u00e9m quaisquer produtos qu\u00edmicos. At\u00e9 \u00e0 data, n\u00e3o foram relatados efeitos secund\u00e1rios. No entanto, recomendamos que fa\u00e7a um teste cut\u00e2neo 24 horas antes, para evitar qualquer risco de alergia.<\/p>\n<h3><strong>Safinel \u00e0 baguette para quem quer mais!<\/strong><\/h3>\n<p>Como de costume, a sua loja especializada em produtos naturais deseja apresentar-lhe diversos artigos repletos de benef\u00edcios. Al\u00e9m disso, sabemos que aprecia novidades!<\/p>\n<p>Ao encontro do\u00a0<a href=\"https:\/\/www.safinel.fr\/pt\/product-2\/pebe\/\"><strong>P\u00e9b\u00e9 noz-moscada falsa<\/strong><\/a>. Este \u00faltimo \u00e9 conhecido, nomeadamente, pelas suas propriedades estimulantes, mas tamb\u00e9m por ser um aliado contra certas doen\u00e7as.<\/p>\n<p>Al\u00e9m disso, tamb\u00e9m tem a possibilidade de entrar em contacto com o\u00a0<strong><a href=\"https:\/\/www.safinel.fr\/pt\/product-2\/serum-anti-acne-com-nigela\/\">S\u00e9rum anti-acne com nigela<\/a> !<\/strong>\u00a0Problemas com acne e cravos? Este pequeno s\u00e9rum pode ser a solu\u00e7\u00e3o!<\/p>\n<p>Como voc\u00ea j\u00e1 percebeu, a sua loja Safinel est\u00e1 sempre disposta a apresentar novos produtos naturais.<\/p>","protected":false},"excerpt":{"rendered":"<p>N\u00e3o se sente confiante? E precisa de se sentir bem consigo mesma? A nossa loja deseja o melhor para si! E sabemos que n\u00e3o \u00e9 raro algumas pessoas sonharem em ter o famoso corpo em forma de 8... Peito forte e rabo grande, est\u00e1 na hora de fazer a [...]","protected":false},"featured_media":1682,"template":"","meta":[],"product_brand":[],"product_cat":[28,122],"product_tag":[],"class_list":{"0":"post-1680","1":"product","2":"type-product","3":"status-publish","4":"has-post-thumbnail","6":"product_cat-divers","7":"product_cat-huile-vegetale","9":"first","10":"outofstock","11":"shipping-taxable","12":"purchasable","13":"product-type-simple"},"yoast_head":"<!-- This site is optimized with the Yoast SEO plugin v26.6 - https:\/\/yoast.com\/wordpress\/plugins\/seo\/ -->\n<title>Yokebe suppositoire et huile I Aide au grossissement des fesses<\/title>\n<meta name=\"description\" content=\"Est-ce que vous avez d\u00e9j\u00e0 eu \u00e9cho de la fameuse\u00a0huile de Yokebe\u00a0? \u00c9galement trouv\u00e9e sous l\u2019orthographe\u00a0Yokobe. Adoptez-l\u00e0 !\" \/>\n<meta name=\"robots\" content=\"index, follow, max-snippet:-1, max-image-preview:large, max-video-preview:-1\" \/>\n<link rel=\"canonical\" href=\"https:\/\/www.safinel.fr\/pt\/product-2\/yokebe\/\" \/>\n<meta property=\"og:locale\" content=\"pt_PT\" \/>\n<meta property=\"og:type\" content=\"article\" \/>\n<meta property=\"og:title\" content=\"Yokebe suppositoire et huile I Aide au grossissement des fesses\" \/>\n<meta property=\"og:description\" content=\"Est-ce que vous avez d\u00e9j\u00e0 eu \u00e9cho de la fameuse\u00a0huile de Yokebe\u00a0? \u00c9galement trouv\u00e9e sous l\u2019orthographe\u00a0Yokobe. Adoptez-l\u00e0 !\" \/>\n<meta property=\"og:url\" content=\"https:\/\/www.safinel.fr\/pt\/product-2\/yokebe\/\" \/>\n<meta property=\"og:site_name\" content=\"Safinel\" \/>\n<meta property=\"article:modified_time\" content=\"2023-12-28T17:15:20+00:00\" \/>\n<meta property=\"og:image\" content=\"https:\/\/www.safinel.fr\/wp-content\/uploads\/2022\/07\/huile-de-yokebe.jpg\" \/>\n\t<meta property=\"og:image:width\" content=\"600\" \/>\n\t<meta property=\"og:image:height\" content=\"600\" \/>\n\t<meta property=\"og:image:type\" content=\"image\/jpeg\" \/>\n<meta name=\"twitter:card\" content=\"summary_large_image\" \/>\n<meta name=\"twitter:label1\" content=\"Tempo estimado de leitura\" \/>\n\t<meta name=\"twitter:data1\" content=\"3 minutos\" \/>\n<script type=\"application\/ld+json\" class=\"yoast-schema-graph\">{\"@context\":\"https:\/\/schema.org\",\"@graph\":[{\"@type\":\"WebPage\",\"@id\":\"https:\/\/www.safinel.fr\/produit\/yokebe\/\",\"url\":\"https:\/\/www.safinel.fr\/produit\/yokebe\/\",\"name\":\"Yokebe suppositoire et huile I Aide au grossissement des fesses\",\"isPartOf\":{\"@id\":\"https:\/\/www.safinel.fr\/#website\"},\"primaryImageOfPage\":{\"@id\":\"https:\/\/www.safinel.fr\/produit\/yokebe\/#primaryimage\"},\"image\":{\"@id\":\"https:\/\/www.safinel.fr\/produit\/yokebe\/#primaryimage\"},\"thumbnailUrl\":\"https:\/\/www.safinel.fr\/wp-content\/uploads\/2022\/07\/huile-de-yokebe.jpg\",\"datePublished\":\"2022-07-06T23:41:08+00:00\",\"dateModified\":\"2023-12-28T17:15:20+00:00\",\"description\":\"Est-ce que vous avez d\u00e9j\u00e0 eu \u00e9cho de la fameuse\u00a0huile de Yokebe\u00a0? \u00c9galement trouv\u00e9e sous l\u2019orthographe\u00a0Yokobe. Adoptez-l\u00e0 !\",\"breadcrumb\":{\"@id\":\"https:\/\/www.safinel.fr\/produit\/yokebe\/#breadcrumb\"},\"inLanguage\":\"pt-PT\",\"potentialAction\":[{\"@type\":\"ReadAction\",\"target\":[\"https:\/\/www.safinel.fr\/produit\/yokebe\/\"]}]},{\"@type\":\"ImageObject\",\"inLanguage\":\"pt-PT\",\"@id\":\"https:\/\/www.safinel.fr\/produit\/yokebe\/#primaryimage\",\"url\":\"https:\/\/www.safinel.fr\/wp-content\/uploads\/2022\/07\/huile-de-yokebe.jpg\",\"contentUrl\":\"https:\/\/www.safinel.fr\/wp-content\/uploads\/2022\/07\/huile-de-yokebe.jpg\",\"width\":600,\"height\":600,\"caption\":\"Huile de yokebe\"},{\"@type\":\"BreadcrumbList\",\"@id\":\"https:\/\/www.safinel.fr\/produit\/yokebe\/#breadcrumb\",\"itemListElement\":[{\"@type\":\"ListItem\",\"position\":1,\"name\":\"Accueil\",\"item\":\"https:\/\/www.safinel.fr\/\"},{\"@type\":\"ListItem\",\"position\":2,\"name\":\"Boutique\",\"item\":\"https:\/\/www.safinel.fr\/boutique\/\"},{\"@type\":\"ListItem\",\"position\":3,\"name\":\"Huile de yokebe\"}]},{\"@type\":\"WebSite\",\"@id\":\"https:\/\/www.safinel.fr\/#website\",\"url\":\"https:\/\/www.safinel.fr\/\",\"name\":\"Safinel\",\"description\":\"\",\"publisher\":{\"@id\":\"https:\/\/www.safinel.fr\/#organization\"},\"potentialAction\":[{\"@type\":\"SearchAction\",\"target\":{\"@type\":\"EntryPoint\",\"urlTemplate\":\"https:\/\/www.safinel.fr\/?s={search_term_string}\"},\"query-input\":{\"@type\":\"PropertyValueSpecification\",\"valueRequired\":true,\"valueName\":\"search_term_string\"}}],\"inLanguage\":\"pt-PT\"},{\"@type\":\"Organization\",\"@id\":\"https:\/\/www.safinel.fr\/#organization\",\"name\":\"Safinel\",\"url\":\"https:\/\/www.safinel.fr\/\",\"logo\":{\"@type\":\"ImageObject\",\"inLanguage\":\"pt-PT\",\"@id\":\"https:\/\/www.safinel.fr\/#\/schema\/logo\/image\/\",\"url\":\"https:\/\/www.safinel.fr\/wp-content\/uploads\/2021\/05\/boutique-cosmetique.png\",\"contentUrl\":\"https:\/\/www.safinel.fr\/wp-content\/uploads\/2021\/05\/boutique-cosmetique.png\",\"width\":800,\"height\":200,\"caption\":\"Safinel\"},\"image\":{\"@id\":\"https:\/\/www.safinel.fr\/#\/schema\/logo\/image\/\"}}]}<\/script>\n<!-- \/ Yoast SEO plugin. -->","yoast_head_json":{"title":"Yokebe suposit\u00f3rio e \u00f3leo I Ajuda no aumento dos gl\u00fateos","description":"J\u00e1 ouviu falar do famoso \u00f3leo Yokebe? Tamb\u00e9m encontrado com a grafia Yokobe. Adote-o!","robots":{"index":"index","follow":"follow","max-snippet":"max-snippet:-1","max-image-preview":"max-image-preview:large","max-video-preview":"max-video-preview:-1"},"canonical":"https:\/\/www.safinel.fr\/pt\/product-2\/yokebe\/","og_locale":"pt_PT","og_type":"article","og_title":"Yokebe suppositoire et huile I Aide au grossissement des fesses","og_description":"Est-ce que vous avez d\u00e9j\u00e0 eu \u00e9cho de la fameuse\u00a0huile de Yokebe\u00a0? \u00c9galement trouv\u00e9e sous l\u2019orthographe\u00a0Yokobe. Adoptez-l\u00e0 !","og_url":"https:\/\/www.safinel.fr\/pt\/product-2\/yokebe\/","og_site_name":"Safinel","article_modified_time":"2023-12-28T17:15:20+00:00","og_image":[{"width":600,"height":600,"url":"https:\/\/www.safinel.fr\/wp-content\/uploads\/2022\/07\/huile-de-yokebe.jpg","type":"image\/jpeg"}],"twitter_card":"summary_large_image","twitter_misc":{"Tempo estimado de leitura":"3 minutos"},"schema":{"@context":"https:\/\/schema.org","@graph":[{"@type":"WebPage","@id":"https:\/\/www.safinel.fr\/produit\/yokebe\/","url":"https:\/\/www.safinel.fr\/produit\/yokebe\/","name":"Yokebe suposit\u00f3rio e \u00f3leo I Ajuda no aumento dos gl\u00fateos","isPartOf":{"@id":"https:\/\/www.safinel.fr\/#website"},"primaryImageOfPage":{"@id":"https:\/\/www.safinel.fr\/produit\/yokebe\/#primaryimage"},"image":{"@id":"https:\/\/www.safinel.fr\/produit\/yokebe\/#primaryimage"},"thumbnailUrl":"https:\/\/www.safinel.fr\/wp-content\/uploads\/2022\/07\/huile-de-yokebe.jpg","datePublished":"2022-07-06T23:41:08+00:00","dateModified":"2023-12-28T17:15:20+00:00","description":"J\u00e1 ouviu falar do famoso \u00f3leo Yokebe? Tamb\u00e9m encontrado com a grafia Yokobe. Adote-o!","breadcrumb":{"@id":"https:\/\/www.safinel.fr\/produit\/yokebe\/#breadcrumb"},"inLanguage":"pt-PT","potentialAction":[{"@type":"ReadAction","target":["https:\/\/www.safinel.fr\/produit\/yokebe\/"]}]},{"@type":"ImageObject","inLanguage":"pt-PT","@id":"https:\/\/www.safinel.fr\/produit\/yokebe\/#primaryimage","url":"https:\/\/www.safinel.fr\/wp-content\/uploads\/2022\/07\/huile-de-yokebe.jpg","contentUrl":"https:\/\/www.safinel.fr\/wp-content\/uploads\/2022\/07\/huile-de-yokebe.jpg","width":600,"height":600,"caption":"Huile de yokebe"},{"@type":"BreadcrumbList","@id":"https:\/\/www.safinel.fr\/produit\/yokebe\/#breadcrumb","itemListElement":[{"@type":"ListItem","position":1,"name":"Accueil","item":"https:\/\/www.safinel.fr\/"},{"@type":"ListItem","position":2,"name":"Boutique","item":"https:\/\/www.safinel.fr\/boutique\/"},{"@type":"ListItem","position":3,"name":"Huile de yokebe"}]},{"@type":"WebSite","@id":"https:\/\/www.safinel.fr\/#website","url":"https:\/\/www.safinel.fr\/","name":"Safinel","description":"","publisher":{"@id":"https:\/\/www.safinel.fr\/#organization"},"potentialAction":[{"@type":"SearchAction","target":{"@type":"EntryPoint","urlTemplate":"https:\/\/www.safinel.fr\/?s={search_term_string}"},"query-input":{"@type":"PropertyValueSpecification","valueRequired":true,"valueName":"search_term_string"}}],"inLanguage":"pt-PT"},{"@type":"Organization","@id":"https:\/\/www.safinel.fr\/#organization","name":"Safinel","url":"https:\/\/www.safinel.fr\/","logo":{"@type":"ImageObject","inLanguage":"pt-PT","@id":"https:\/\/www.safinel.fr\/#\/schema\/logo\/image\/","url":"https:\/\/www.safinel.fr\/wp-content\/uploads\/2021\/05\/boutique-cosmetique.png","contentUrl":"https:\/\/www.safinel.fr\/wp-content\/uploads\/2021\/05\/boutique-cosmetique.png","width":800,"height":200,"caption":"Safinel"},"image":{"@id":"https:\/\/www.safinel.fr\/#\/schema\/logo\/image\/"}}]}},"_links":{"self":[{"href":"https:\/\/www.safinel.fr\/pt\/wp-json\/wp\/v2\/product\/1680","targetHints":{"allow":["GET"]}}],"collection":[{"href":"https:\/\/www.safinel.fr\/pt\/wp-json\/wp\/v2\/product"}],"about":[{"href":"https:\/\/www.safinel.fr\/pt\/wp-json\/wp\/v2\/types\/product"}],"wp:featuredmedia":[{"embeddable":true,"href":"https:\/\/www.safinel.fr\/pt\/wp-json\/wp\/v2\/media\/1682"}],"wp:attachment":[{"href":"https:\/\/www.safinel.fr\/pt\/wp-json\/wp\/v2\/media?parent=1680"}],"wp:term":[{"taxonomy":"product_brand","embeddable":true,"href":"https:\/\/www.safinel.fr\/pt\/wp-json\/wp\/v2\/product_brand?post=1680"},{"taxonomy":"product_cat","embeddable":true,"href":"https:\/\/www.safinel.fr\/pt\/wp-json\/wp\/v2\/product_cat?post=1680"},{"taxonomy":"product_tag","embeddable":true,"href":"https:\/\/www.safinel.fr\/pt\/wp-json\/wp\/v2\/product_tag?post=1680"}],"curies":[{"name":"wp","href":"https:\/\/api.w.org\/{rel}","templated":true}]}}