{"id":1668,"date":"2022-07-06T18:43:39","date_gmt":"2022-07-06T18:43:39","guid":{"rendered":"https:\/\/www.safinel.fr\/?post_type=product&#038;p=1668"},"modified":"2025-10-15T10:10:52","modified_gmt":"2025-10-15T10:10:52","slug":"pebe","status":"publish","type":"product","link":"https:\/\/www.safinel.fr\/pt\/product-2\/pebe\/","title":{"rendered":"P\u00e9b\u00e9 100 g"},"content":{"rendered":"<p>Descubra o<strong>\u00a0beb\u00e9<\/strong>\u00a0uma especiaria que tem mais de um truque na manga!<\/p>\n<h2><strong>O p\u00e9b\u00e9: a noz-moscada africana\u00a0<\/strong><\/h2>\n<p>O p\u00e9b\u00e9, tamb\u00e9m conhecido como\u00a0<strong>noz-moscada africana\u00a0<\/strong>\u00e9 o fruto de uma \u00e1rvore de tamanho m\u00e9dio ou grande, nativa da \u00c1frica tropical. Tem a forma de sementes ovais arom\u00e1ticas que podem ser usadas como substituto da noz-moscada. Estas sementes ovais prov\u00eam de uma planta florestal da \u00c1frica tropical e s\u00e3o secas ap\u00f3s a colheita.<\/p>\n<p>Al\u00e9m disso, o seu aroma forte e agrad\u00e1vel mant\u00e9m-se ap\u00f3s a cozedura, sendo estas sementes utilizadas como tempero culin\u00e1rio e at\u00e9 mesmo na medicina tradicional. Quanto ao seu sabor, este \u00e9 ligeiramente semelhante ao da noz-moscada, da\u00ed o seu nome de noz-moscada africana. Por fim, o cheiro e o sabor da semente s\u00e3o semelhantes aos da noz-moscada que conhecemos.<\/p>\n<p>As suas flores s\u00e3o perfumadas, com p\u00e9talas externas amarelo-alaranjadas e manchas vermelhas. O seu fruto esf\u00e9rico pode atingir at\u00e9 15 cm de di\u00e2metro e esconde numerosas sementes envoltas numa polpa branca.<\/p>\n<p>Os\u00a0<strong>sementes\u00a0<\/strong>s\u00e3o utilizadas como\u00a0<strong>condimentos<\/strong>\u00a0e\u00a0<strong>especiarias<\/strong>\u00a0depois de secos ou previamente torrados.<\/p>\n<h2><strong>Os benef\u00edcios do p\u00e9b\u00e9\u00a0<\/strong><\/h2>\n<p>O p\u00e9b\u00e9 tem algumas vantagens que n\u00e3o o deixar\u00e3o indiferente. Por isso, vamos v\u00ea-las agora mesmo:<\/p>\n<ul>\n<li>Este faz parte dos produtos inclu\u00eddos no\u00a0<strong>tratamento da febre.<\/strong><\/li>\n<li>\u00c9 \u00fatil para\u00a0<strong>aliviar a obstipa\u00e7\u00e3o<\/strong>\u00a0quando \u00e9 torrado e para as enxaquecas, quando \u00e9 aplicado na testa.<\/li>\n<li>Ele tamb\u00e9m serve para\u00a0<strong>combater os piolhos\u00a0<\/strong>quando \u00e9 misturado com \u00f3leo de palma ou de palmiste.<\/li>\n<li>O p\u00e9b\u00e9 tamb\u00e9m possui propriedades estimulantes.<\/li>\n<li>Al\u00e9m disso, tamb\u00e9m \u00e9 utilizado na \u00c1frica Ocidental para o tratamento de hemorr\u00f3idas, pernas pesadas e celulite.<\/li>\n<li>Por fim, tamb\u00e9m pode ser considerado um anti-obesidade gra\u00e7as ao seu teor de limoneno.<\/li>\n<\/ul>\n<h2><strong>Modo de utiliza\u00e7\u00e3o do p\u00e9b\u00e9\u00a0<\/strong><\/h2>\n<p>Quer saber como consumir o p\u00e9b\u00e9? N\u00f3s contamos tudo!<\/p>\n<ul>\n<li>Se quiser temperar os seus pratos, a noz-moscada africana est\u00e1 aqui para o ajudar. Na verdade, esta especiaria servir\u00e1 para dar sabor aos seus pratos.<\/li>\n<li>Para utiliz\u00e1-las como especiarias, \u00e9 necess\u00e1rio remover a casca dessas nozes e tritur\u00e1-las antes de utiliz\u00e1-las.<\/li>\n<\/ul>\n<h3><strong>Descubra tamb\u00e9m a especiaria pimenta-longa africana<\/strong><\/h3>\n<p>Proveniente da liana Piper Longum, tamb\u00e9m \u00e9 conhecido como pimenta de Java ou pimenta longa. \u00c9 origin\u00e1ria da \u00cdndia e encontra-se em estado selvagem na regi\u00e3o dos Himalaias.<\/p>\n<p>Este fruto \u00e9 semelhante a uma infrutesc\u00eancia que mede alguns cent\u00edmetros. Tal como a pimenta preta normal, a nossa <a href=\"https:\/\/www.safinel.fr\/pt\/product-2\/pimenta-africana\/\"><strong>pimenta longa<\/strong><\/a> A fruta cont\u00e9m piperina e um alcal\u00f3ide que lhe confere o seu aroma picante.<\/p>\n<p>No entanto, \u00e9 importante saber que isso\u00a0<strong>piper longum<\/strong>\u00a0foi o primeiro a ser exportado para a Europa! Desde ent\u00e3o, conquistou os nossos paladares.<\/p>\n<p>A nossa loja\u00a0<strong>Safinel\u00a0<\/strong>oferece esta especiaria na sua forma bruta, para que possa desfrutar do melhor desta variedade. Al\u00e9m disso, esta especiaria oferece in\u00fameros benef\u00edcios que n\u00e3o devem ser menosprezados. Entre as suas virtudes, destaca-se o facto de ser um vasodilatador natural e, por isso, \u00fatil no combate \u00e0 hipertens\u00e3o arterial.<\/p>","protected":false},"excerpt":{"rendered":"<p>Descubra o p\u00e9b\u00e9, uma especiaria que tem mais de um truque na manga! O p\u00e9b\u00e9: a noz-moscada africana  O p\u00e9b\u00e9, tamb\u00e9m conhecido como noz-moscada africana, \u00e9 o fruto de uma \u00e1rvore de tamanho m\u00e9dio ou grande, nativa da \u00c1frica tropical. Tem a forma de sementes ovais arom\u00e1ticas que podem ser utilizadas [\u2026]","protected":false},"featured_media":1669,"template":"","meta":[],"product_brand":[],"product_cat":[44,169],"product_tag":[],"class_list":{"0":"post-1668","1":"product","2":"type-product","3":"status-publish","4":"has-post-thumbnail","6":"product_cat-epices","7":"product_cat-epices-du-monde","9":"first","10":"outofstock","11":"shipping-taxable","12":"purchasable","13":"product-type-simple"},"yoast_head":"<!-- This site is optimized with the Yoast SEO plugin v26.6 - https:\/\/yoast.com\/wordpress\/plugins\/seo\/ -->\n<title>P\u00e9b\u00e9 I Noix de muscade africaine\u00a0I Bienfaits nombreux<\/title>\n<meta name=\"description\" content=\"D\u00e9couvrez le\u00a0p\u00e9b\u00e9\u00a0une \u00e9pice qui a plus d\u2019un tour dans son sac !\u00a0 Noix de muscade africaine aux bienfaits nombreux !\" \/>\n<meta name=\"robots\" content=\"index, follow, max-snippet:-1, max-image-preview:large, max-video-preview:-1\" \/>\n<link rel=\"canonical\" href=\"https:\/\/www.safinel.fr\/pt\/product-2\/pebe\/\" \/>\n<meta property=\"og:locale\" content=\"pt_PT\" \/>\n<meta property=\"og:type\" content=\"article\" \/>\n<meta property=\"og:title\" content=\"P\u00e9b\u00e9 I Noix de muscade africaine\u00a0I Bienfaits nombreux\" \/>\n<meta property=\"og:description\" content=\"D\u00e9couvrez le\u00a0p\u00e9b\u00e9\u00a0une \u00e9pice qui a plus d\u2019un tour dans son sac !\u00a0 Noix de muscade africaine aux bienfaits nombreux !\" \/>\n<meta property=\"og:url\" content=\"https:\/\/www.safinel.fr\/pt\/product-2\/pebe\/\" \/>\n<meta property=\"og:site_name\" content=\"Safinel\" \/>\n<meta property=\"article:modified_time\" content=\"2025-10-15T10:10:52+00:00\" \/>\n<meta property=\"og:image\" content=\"https:\/\/www.safinel.fr\/wp-content\/uploads\/2022\/07\/pebe-noix-de-muscade.jpg\" \/>\n\t<meta property=\"og:image:width\" content=\"600\" \/>\n\t<meta property=\"og:image:height\" content=\"600\" \/>\n\t<meta property=\"og:image:type\" content=\"image\/jpeg\" \/>\n<meta name=\"twitter:card\" content=\"summary_large_image\" \/>\n<meta name=\"twitter:label1\" content=\"Tempo estimado de leitura\" \/>\n\t<meta name=\"twitter:data1\" content=\"3 minutos\" \/>\n<script type=\"application\/ld+json\" class=\"yoast-schema-graph\">{\"@context\":\"https:\/\/schema.org\",\"@graph\":[{\"@type\":\"WebPage\",\"@id\":\"https:\/\/www.safinel.fr\/produit\/pebe\/\",\"url\":\"https:\/\/www.safinel.fr\/produit\/pebe\/\",\"name\":\"P\u00e9b\u00e9 I Noix de muscade africaine\u00a0I Bienfaits nombreux\",\"isPartOf\":{\"@id\":\"https:\/\/www.safinel.fr\/#website\"},\"primaryImageOfPage\":{\"@id\":\"https:\/\/www.safinel.fr\/produit\/pebe\/#primaryimage\"},\"image\":{\"@id\":\"https:\/\/www.safinel.fr\/produit\/pebe\/#primaryimage\"},\"thumbnailUrl\":\"https:\/\/www.safinel.fr\/wp-content\/uploads\/2022\/07\/pebe-noix-de-muscade.jpg\",\"datePublished\":\"2022-07-06T18:43:39+00:00\",\"dateModified\":\"2025-10-15T10:10:52+00:00\",\"description\":\"D\u00e9couvrez le\u00a0p\u00e9b\u00e9\u00a0une \u00e9pice qui a plus d\u2019un tour dans son sac !\u00a0 Noix de muscade africaine aux bienfaits nombreux !\",\"breadcrumb\":{\"@id\":\"https:\/\/www.safinel.fr\/produit\/pebe\/#breadcrumb\"},\"inLanguage\":\"pt-PT\",\"potentialAction\":[{\"@type\":\"ReadAction\",\"target\":[\"https:\/\/www.safinel.fr\/produit\/pebe\/\"]}]},{\"@type\":\"ImageObject\",\"inLanguage\":\"pt-PT\",\"@id\":\"https:\/\/www.safinel.fr\/produit\/pebe\/#primaryimage\",\"url\":\"https:\/\/www.safinel.fr\/wp-content\/uploads\/2022\/07\/pebe-noix-de-muscade.jpg\",\"contentUrl\":\"https:\/\/www.safinel.fr\/wp-content\/uploads\/2022\/07\/pebe-noix-de-muscade.jpg\",\"width\":600,\"height\":600,\"caption\":\"p\u00e9b\u00e9 noix de muscade\"},{\"@type\":\"BreadcrumbList\",\"@id\":\"https:\/\/www.safinel.fr\/produit\/pebe\/#breadcrumb\",\"itemListElement\":[{\"@type\":\"ListItem\",\"position\":1,\"name\":\"Accueil\",\"item\":\"https:\/\/www.safinel.fr\/\"},{\"@type\":\"ListItem\",\"position\":2,\"name\":\"Boutique\",\"item\":\"https:\/\/www.safinel.fr\/boutique\/\"},{\"@type\":\"ListItem\",\"position\":3,\"name\":\"P\u00e9b\u00e9 100g\"}]},{\"@type\":\"WebSite\",\"@id\":\"https:\/\/www.safinel.fr\/#website\",\"url\":\"https:\/\/www.safinel.fr\/\",\"name\":\"Safinel\",\"description\":\"\",\"publisher\":{\"@id\":\"https:\/\/www.safinel.fr\/#organization\"},\"potentialAction\":[{\"@type\":\"SearchAction\",\"target\":{\"@type\":\"EntryPoint\",\"urlTemplate\":\"https:\/\/www.safinel.fr\/?s={search_term_string}\"},\"query-input\":{\"@type\":\"PropertyValueSpecification\",\"valueRequired\":true,\"valueName\":\"search_term_string\"}}],\"inLanguage\":\"pt-PT\"},{\"@type\":\"Organization\",\"@id\":\"https:\/\/www.safinel.fr\/#organization\",\"name\":\"Safinel\",\"url\":\"https:\/\/www.safinel.fr\/\",\"logo\":{\"@type\":\"ImageObject\",\"inLanguage\":\"pt-PT\",\"@id\":\"https:\/\/www.safinel.fr\/#\/schema\/logo\/image\/\",\"url\":\"https:\/\/www.safinel.fr\/wp-content\/uploads\/2021\/05\/boutique-cosmetique.png\",\"contentUrl\":\"https:\/\/www.safinel.fr\/wp-content\/uploads\/2021\/05\/boutique-cosmetique.png\",\"width\":800,\"height\":200,\"caption\":\"Safinel\"},\"image\":{\"@id\":\"https:\/\/www.safinel.fr\/#\/schema\/logo\/image\/\"}}]}<\/script>\n<!-- \/ Yoast SEO plugin. -->","yoast_head_json":{"title":"P\u00e9b\u00e9 I Noz-moscada africana I In\u00fameros benef\u00edcios","description":"Descubra o p\u00e9b\u00e9, uma especiaria que tem mais de um truque na manga!  Noz-moscada africana com in\u00fameros benef\u00edcios!","robots":{"index":"index","follow":"follow","max-snippet":"max-snippet:-1","max-image-preview":"max-image-preview:large","max-video-preview":"max-video-preview:-1"},"canonical":"https:\/\/www.safinel.fr\/pt\/product-2\/pebe\/","og_locale":"pt_PT","og_type":"article","og_title":"P\u00e9b\u00e9 I Noix de muscade africaine\u00a0I Bienfaits nombreux","og_description":"D\u00e9couvrez le\u00a0p\u00e9b\u00e9\u00a0une \u00e9pice qui a plus d\u2019un tour dans son sac !\u00a0 Noix de muscade africaine aux bienfaits nombreux !","og_url":"https:\/\/www.safinel.fr\/pt\/product-2\/pebe\/","og_site_name":"Safinel","article_modified_time":"2025-10-15T10:10:52+00:00","og_image":[{"width":600,"height":600,"url":"https:\/\/www.safinel.fr\/wp-content\/uploads\/2022\/07\/pebe-noix-de-muscade.jpg","type":"image\/jpeg"}],"twitter_card":"summary_large_image","twitter_misc":{"Tempo estimado de leitura":"3 minutos"},"schema":{"@context":"https:\/\/schema.org","@graph":[{"@type":"WebPage","@id":"https:\/\/www.safinel.fr\/produit\/pebe\/","url":"https:\/\/www.safinel.fr\/produit\/pebe\/","name":"P\u00e9b\u00e9 I Noz-moscada africana I In\u00fameros benef\u00edcios","isPartOf":{"@id":"https:\/\/www.safinel.fr\/#website"},"primaryImageOfPage":{"@id":"https:\/\/www.safinel.fr\/produit\/pebe\/#primaryimage"},"image":{"@id":"https:\/\/www.safinel.fr\/produit\/pebe\/#primaryimage"},"thumbnailUrl":"https:\/\/www.safinel.fr\/wp-content\/uploads\/2022\/07\/pebe-noix-de-muscade.jpg","datePublished":"2022-07-06T18:43:39+00:00","dateModified":"2025-10-15T10:10:52+00:00","description":"Descubra o p\u00e9b\u00e9, uma especiaria que tem mais de um truque na manga!  Noz-moscada africana com in\u00fameros benef\u00edcios!","breadcrumb":{"@id":"https:\/\/www.safinel.fr\/produit\/pebe\/#breadcrumb"},"inLanguage":"pt-PT","potentialAction":[{"@type":"ReadAction","target":["https:\/\/www.safinel.fr\/produit\/pebe\/"]}]},{"@type":"ImageObject","inLanguage":"pt-PT","@id":"https:\/\/www.safinel.fr\/produit\/pebe\/#primaryimage","url":"https:\/\/www.safinel.fr\/wp-content\/uploads\/2022\/07\/pebe-noix-de-muscade.jpg","contentUrl":"https:\/\/www.safinel.fr\/wp-content\/uploads\/2022\/07\/pebe-noix-de-muscade.jpg","width":600,"height":600,"caption":"p\u00e9b\u00e9 noix de muscade"},{"@type":"BreadcrumbList","@id":"https:\/\/www.safinel.fr\/produit\/pebe\/#breadcrumb","itemListElement":[{"@type":"ListItem","position":1,"name":"Accueil","item":"https:\/\/www.safinel.fr\/"},{"@type":"ListItem","position":2,"name":"Boutique","item":"https:\/\/www.safinel.fr\/boutique\/"},{"@type":"ListItem","position":3,"name":"P\u00e9b\u00e9 100g"}]},{"@type":"WebSite","@id":"https:\/\/www.safinel.fr\/#website","url":"https:\/\/www.safinel.fr\/","name":"Safinel","description":"","publisher":{"@id":"https:\/\/www.safinel.fr\/#organization"},"potentialAction":[{"@type":"SearchAction","target":{"@type":"EntryPoint","urlTemplate":"https:\/\/www.safinel.fr\/?s={search_term_string}"},"query-input":{"@type":"PropertyValueSpecification","valueRequired":true,"valueName":"search_term_string"}}],"inLanguage":"pt-PT"},{"@type":"Organization","@id":"https:\/\/www.safinel.fr\/#organization","name":"Safinel","url":"https:\/\/www.safinel.fr\/","logo":{"@type":"ImageObject","inLanguage":"pt-PT","@id":"https:\/\/www.safinel.fr\/#\/schema\/logo\/image\/","url":"https:\/\/www.safinel.fr\/wp-content\/uploads\/2021\/05\/boutique-cosmetique.png","contentUrl":"https:\/\/www.safinel.fr\/wp-content\/uploads\/2021\/05\/boutique-cosmetique.png","width":800,"height":200,"caption":"Safinel"},"image":{"@id":"https:\/\/www.safinel.fr\/#\/schema\/logo\/image\/"}}]}},"_links":{"self":[{"href":"https:\/\/www.safinel.fr\/pt\/wp-json\/wp\/v2\/product\/1668","targetHints":{"allow":["GET"]}}],"collection":[{"href":"https:\/\/www.safinel.fr\/pt\/wp-json\/wp\/v2\/product"}],"about":[{"href":"https:\/\/www.safinel.fr\/pt\/wp-json\/wp\/v2\/types\/product"}],"wp:featuredmedia":[{"embeddable":true,"href":"https:\/\/www.safinel.fr\/pt\/wp-json\/wp\/v2\/media\/1669"}],"wp:attachment":[{"href":"https:\/\/www.safinel.fr\/pt\/wp-json\/wp\/v2\/media?parent=1668"}],"wp:term":[{"taxonomy":"product_brand","embeddable":true,"href":"https:\/\/www.safinel.fr\/pt\/wp-json\/wp\/v2\/product_brand?post=1668"},{"taxonomy":"product_cat","embeddable":true,"href":"https:\/\/www.safinel.fr\/pt\/wp-json\/wp\/v2\/product_cat?post=1668"},{"taxonomy":"product_tag","embeddable":true,"href":"https:\/\/www.safinel.fr\/pt\/wp-json\/wp\/v2\/product_tag?post=1668"}],"curies":[{"name":"wp","href":"https:\/\/api.w.org\/{rel}","templated":true}]}}