{"id":1664,"date":"2022-07-06T18:27:02","date_gmt":"2022-07-06T18:27:02","guid":{"rendered":"https:\/\/www.safinel.fr\/?post_type=product&#038;p=1664"},"modified":"2024-02-21T11:03:02","modified_gmt":"2024-02-21T11:03:02","slug":"turkesterona-em-po","status":"publish","type":"product","link":"https:\/\/www.safinel.fr\/pt\/product-2\/turkesterona-em-po\/","title":{"rendered":"Turkesterona em p\u00f3"},"content":{"rendered":"<p>A<strong>\u00a0turkesterona\u00a0<\/strong>Isso diz-lhe alguma coisa? Trata-se de um suplemento alimentar descoberto antes de 1960, mas que s\u00f3 recentemente se tornou famoso. Utilizado principalmente nos pa\u00edses do Leste, o mundo ocidental est\u00e1 agora a descobrir os seus benef\u00edcios! Por isso, agora \u00e9 a sua vez de descobrir o que \u00e9 a<strong>\u00a0turkestrone.<\/strong><\/p>\n<h2><strong>O que \u00e9 a turkesterona?\u00a0<\/strong><\/h2>\n<p>A turkesterona \u00e9 uma\u00a0<strong>subst\u00e2ncia da fam\u00edlia dos ecdister\u00f3ides<\/strong>. Estes \u00faltimos encontram-se nos insetos, onde desempenham o papel de fatores de crescimento. O seu nome deriva da palavra ecdise, que \u00e9 a troca da carapa\u00e7a dos insetos para permitir o seu crescimento. Al\u00e9m disso, existem muitas plantas que cont\u00eam ecdister\u00f3ides. Para estas \u00faltimas, estas subst\u00e2ncias constituem uma prote\u00e7\u00e3o contra insetos predadores inadequados.<\/p>\n<p>Embora de\u00a0<strong>muitas plantas\u00a0<\/strong>cont\u00eam turkesterona e outros ecdister\u00f3ides, estes \u00faltimos aparecem em pequenas quantidades. O que torna imposs\u00edvel a sua extra\u00e7\u00e3o. Assim, este produto, consumido como suplemento, \u00e9 facilmente extra\u00eddo de plantas como Ajuga turkestanica e Rhaponticum carthamoides. Na verdade, essas plantas t\u00eam uma concentra\u00e7\u00e3o mais elevada da subst\u00e2ncia, o que permite a extra\u00e7\u00e3o com um rendimento mais elevado.<\/p>\n<p>Os efeitos dessas subst\u00e2ncias no corpo humano devem-se ao facto de serem estruturalmente semelhantes aos ester\u00f3ides androg\u00e9nicos, as hormonas masculinas.<\/p>\n<p>Al\u00e9m disso, vamos entender por que esse produto \u00e9 amplamente utilizado no mundo do fitness.<\/p>\n<h2><strong>Para que serve a turkesterona?\u00a0<\/strong><\/h2>\n<p>O principal efeito desta subst\u00e2ncia no corpo humano chama a aten\u00e7\u00e3o. Na verdade, ela promete\u00a0<strong>conduzir ao anabolismo<\/strong>, ou seja, o ganho de massa magra. E isso sem os efeitos secund\u00e1rios das hormonas derivadas da testosterona. Este \u00e9 o sonho ardente de muitos praticantes de atividade f\u00edsica que visam aumentar a massa muscular, a hipertrofia.<\/p>\n<p>Embora utilizadas para esse fim, as\u00a0<strong>hormonas androg\u00e9nicas\u00a0<\/strong>t\u00eam uma s\u00e9rie de efeitos secund\u00e1rios que podem reduzir a sua seguran\u00e7a e ter consequ\u00eancias.<\/p>\n<p>Por outro lado, a<strong>\u00a0turkesterona<\/strong>\u00a0ajuda no aumento muscular sem efeitos secund\u00e1rios, mesmo em doses elevadas. Al\u00e9m disso, al\u00e9m dos efeitos nos m\u00fasculos, este produto pode trazer outros benef\u00edcios para a sa\u00fade. Ele tamb\u00e9m \u00e9 capaz de:<\/p>\n<ul>\n<li>Em primeiro lugar, conduzir \u00e0 redu\u00e7\u00e3o do colesterol; ;<\/li>\n<li>Reduzir os n\u00edveis de a\u00e7\u00facar no sangue, ajudando a controlar a diabetes; ;<\/li>\n<li><strong>Melhorar o metabolismo dos hidratos de carbono e das gorduras, <a href=\"https:\/\/www.safinel.fr\/pt\/product-2\/caules-de-cerejas\/\">ajudando na perda de peso<\/a><\/strong>\u00a0;<\/li>\n<li>Melhorar a sa\u00fade do f\u00edgado, dos rins e dos intestinos; ;<\/li>\n<li>Pode ter efeitos protetores no tecido nervoso; ;<\/li>\n<li>Al\u00e9m disso, melhorar a qualidade do sono; ;<\/li>\n<li>Aumentar a libido; ;<\/li>\n<li>Ter efeitos anti-inflamat\u00f3rios e antioxidantes; ;<\/li>\n<li>Por fim, melhorar o sistema imunol\u00f3gico.<\/li>\n<\/ul>\n<h2><strong>Zoom sobre os efeitos anabolizantes da turkesterona<\/strong><\/h2>\n<p>Embora sejam necess\u00e1rios mais estudos em humanos para comprovar melhor os efeitos ben\u00e9ficos desta subst\u00e2ncia no ganho de massa magra e no desempenho f\u00edsico, os estudos atuais j\u00e1 demonstram o grande potencial desta subst\u00e2ncia.<\/p>\n<p>O principal efeito deste produto que conduz ao anabolismo \u00e9 o\u2019<strong>aumento da s\u00edntese proteica<\/strong>. Na verdade, o m\u00fasculo \u00e9 composto essencialmente por prote\u00ednas, o que facilita a forma\u00e7\u00e3o de tecido muscular, chamada hipertrofia. Este efeito n\u00e3o parece ser devido \u00e0 ativa\u00e7\u00e3o direta dos recetores de androg\u00e9nios nem ao aumento dos n\u00edveis de testosterona.<\/p>\n<p>Al\u00e9m disso, alguns estudos demonstraram que pode haver um aumento na concentra\u00e7\u00e3o de glicog\u00e9nio muscular. Bem como uma estimula\u00e7\u00e3o da s\u00edntese de ATP, uma mol\u00e9cula que armazena a energia produzida pelas c\u00e9lulas. O que significa mais energia dispon\u00edvel para as contra\u00e7\u00f5es musculares e melhoria do desempenho f\u00edsico. Da mesma forma, um treino mais intenso promove uma maior estimula\u00e7\u00e3o da s\u00edntese de prote\u00ednas.<\/p>\n<p>Outro benef\u00edcio para a\u00a0<strong>sa\u00fade muscular\u00a0<\/strong>seria a ajuda na elimina\u00e7\u00e3o do \u00e1cido l\u00e1ctico, produzido pelo metabolismo. E que pode alterar a contra\u00e7\u00e3o das fibras musculares. O que leva a uma redu\u00e7\u00e3o da fadiga muscular.<\/p>\n<h2><strong>Quais s\u00e3o os efeitos secund\u00e1rios deste produto?\u00a0<\/strong><\/h2>\n<p>At\u00e9 agora,\u00a0<strong>nenhum efeito secund\u00e1rio<\/strong>\u00a0n\u00e3o foi citado em todos os estudos. De facto, n\u00e3o houve qualquer altera\u00e7\u00e3o nos par\u00e2metros influenciados pelos n\u00edveis hormonais sexuais. Tais como o desenvolvimento da pr\u00f3stata e das ves\u00edculas seminais em ratos machos e nenhum efeito no \u00fatero das ratas. Assim como nenhum efeito nos n\u00edveis de testosterona ou estrog\u00e9nio.<\/p>\n<p>Os ecdister\u00f3ides s\u00e3o seguros para uso oral. A \u00fanica recomenda\u00e7\u00e3o \u00e9 que a turkesterona seja ingerida com algumas refei\u00e7\u00f5es. Na verdade, ela pode causar n\u00e1useas se o est\u00f4mago estiver vazio.<\/p>\n<p>Da mesma forma, se estiver a tomar algum medicamento ou tratamento, \u00e9 melhor consultar um m\u00e9dico, como com qualquer outro suplemento.<\/p>\n<h2><strong>Como consumir a turkesterona?\u00a0<\/strong><\/h2>\n<p>No que diz respeito \u00e0 dosagem, esta varia entre\u00a0<strong>200 a 300 mg<\/strong>. Na verdade, \u00e9 geralmente o que \u00e9 usado para o objetivo mais comum, que \u00e9 o ganho de massa magra. No entanto, ainda \u00e9 prefer\u00edvel consultar o seu m\u00e9dico e nutricionista para entender a melhor dose indicada para si.<\/p>\n<p>Al\u00e9m disso, \u00e9 importante lembrar que a ingest\u00e3o de qualquer suplemento sem o n\u00edvel adequado de atividade f\u00edsica e uma alimenta\u00e7\u00e3o equilibrada n\u00e3o traz resultados. \u00c9 necess\u00e1rio combin\u00e1-lo com atividade f\u00edsica para que os seus efeitos sejam potencializados. Da mesma forma, tamb\u00e9m \u00e9 necess\u00e1rio ter uma ingest\u00e3o suficiente de nutrientes, que ser\u00e3o a mat\u00e9ria-prima para as mudan\u00e7as no seu corpo.<\/p>\n<p>Por fim, cada pessoa pode reagir de forma diferente \u00e0 suplementa\u00e7\u00e3o com turkesterona, tal como acontece com muitos suplementos e at\u00e9 mesmo medicamentos. Para isso, consulte o seu m\u00e9dico ou nutricionista e fa\u00e7a um teste para ver se \u00e9 ben\u00e9fico e saud\u00e1vel para si.<\/p>\n<h3><strong>Conclus\u00e3o sobre a turkesterona\u00a0<\/strong><\/h3>\n<p>Como acab\u00e1mos de ver,<strong>\u00a0a turkesterona<\/strong>\u00a0\u00e9 um ecdister\u00f3ide promissor e continua a ser um produto muito popular no mercado atual.<\/p>\n<p>Embora a sua efic\u00e1cia tenha sido demonstrada em estudos com animais, ainda n\u00e3o h\u00e1 pesquisas aprofundadas em humanos para comprovar a sua efic\u00e1cia.<\/p>\n<p>No entanto, muitas pessoas parecem obter excelentes resultados ao tomar turkesterona. Em termos de massa muscular e for\u00e7a. Isso vai incentivar muitos atletas a experiment\u00e1-la.<\/p>","protected":false},"excerpt":{"rendered":"<p>O turkesterone diz-lhe alguma coisa? Trata-se de um suplemento alimentar descoberto antes de 1960, mas que s\u00f3 recentemente se tornou famoso. Utilizado principalmente nos pa\u00edses do Leste, o mundo ocidental est\u00e1 agora a descobrir as suas vantagens! Por isso, agora \u00e9 a sua vez de descobrir o que \u00e9 a turkesterona. O que \u00e9 a turkesterona?  A turkesterona \u00e9 uma subst\u00e2ncia de [...]","protected":false},"featured_media":1667,"template":"","meta":[],"product_brand":[],"product_cat":[15],"product_tag":[],"class_list":{"0":"post-1664","1":"product","2":"type-product","3":"status-publish","4":"has-post-thumbnail","6":"product_cat-fertilite","8":"first","9":"outofstock","10":"shipping-taxable","11":"purchasable","12":"product-type-variable"},"yoast_head":"<!-- This site is optimized with the Yoast SEO plugin v26.6 - https:\/\/yoast.com\/wordpress\/plugins\/seo\/ -->\n<title>Turkesterone en poudre I Contenance 100g I Achat rapide en ligne<\/title>\n<meta name=\"description\" content=\"La\u00a0turkesterone\u00a0\u00e7a vous dit quelque chose ? Il s\u2019agit d\u2019un compl\u00e9ment alimentaire d\u00e9couvert avant 1960, mais que r\u00e9cemment devenu c\u00e9l\u00e8bre.\" \/>\n<meta name=\"robots\" content=\"index, follow, max-snippet:-1, max-image-preview:large, max-video-preview:-1\" \/>\n<link rel=\"canonical\" href=\"https:\/\/www.safinel.fr\/pt\/product-2\/turkesterona-em-po\/\" \/>\n<meta property=\"og:locale\" content=\"pt_PT\" \/>\n<meta property=\"og:type\" content=\"article\" \/>\n<meta property=\"og:title\" content=\"Turkesterone en poudre I Contenance 100g I Achat rapide en ligne\" \/>\n<meta property=\"og:description\" content=\"La\u00a0turkesterone\u00a0\u00e7a vous dit quelque chose ? Il s\u2019agit d\u2019un compl\u00e9ment alimentaire d\u00e9couvert avant 1960, mais que r\u00e9cemment devenu c\u00e9l\u00e8bre.\" \/>\n<meta property=\"og:url\" content=\"https:\/\/www.safinel.fr\/pt\/product-2\/turkesterona-em-po\/\" \/>\n<meta property=\"og:site_name\" content=\"Safinel\" \/>\n<meta property=\"article:modified_time\" content=\"2024-02-21T11:03:02+00:00\" \/>\n<meta property=\"og:image\" content=\"https:\/\/www.safinel.fr\/wp-content\/uploads\/2022\/07\/turkesterone.jpg\" \/>\n\t<meta property=\"og:image:width\" content=\"600\" \/>\n\t<meta property=\"og:image:height\" content=\"600\" \/>\n\t<meta property=\"og:image:type\" content=\"image\/jpeg\" \/>\n<meta name=\"twitter:card\" content=\"summary_large_image\" \/>\n<meta name=\"twitter:label1\" content=\"Tempo estimado de leitura\" \/>\n\t<meta name=\"twitter:data1\" content=\"6 minutos\" \/>\n<script type=\"application\/ld+json\" class=\"yoast-schema-graph\">{\"@context\":\"https:\/\/schema.org\",\"@graph\":[{\"@type\":\"WebPage\",\"@id\":\"https:\/\/www.safinel.fr\/produit\/turkesterone-en-poudre\/\",\"url\":\"https:\/\/www.safinel.fr\/produit\/turkesterone-en-poudre\/\",\"name\":\"Turkesterone en poudre I Contenance 100g I Achat rapide en ligne\",\"isPartOf\":{\"@id\":\"https:\/\/www.safinel.fr\/#website\"},\"primaryImageOfPage\":{\"@id\":\"https:\/\/www.safinel.fr\/produit\/turkesterone-en-poudre\/#primaryimage\"},\"image\":{\"@id\":\"https:\/\/www.safinel.fr\/produit\/turkesterone-en-poudre\/#primaryimage\"},\"thumbnailUrl\":\"https:\/\/www.safinel.fr\/wp-content\/uploads\/2022\/07\/turkesterone.jpg\",\"datePublished\":\"2022-07-06T18:27:02+00:00\",\"dateModified\":\"2024-02-21T11:03:02+00:00\",\"description\":\"La\u00a0turkesterone\u00a0\u00e7a vous dit quelque chose ? Il s\u2019agit d\u2019un compl\u00e9ment alimentaire d\u00e9couvert avant 1960, mais que r\u00e9cemment devenu c\u00e9l\u00e8bre.\",\"breadcrumb\":{\"@id\":\"https:\/\/www.safinel.fr\/produit\/turkesterone-en-poudre\/#breadcrumb\"},\"inLanguage\":\"pt-PT\",\"potentialAction\":[{\"@type\":\"ReadAction\",\"target\":[\"https:\/\/www.safinel.fr\/produit\/turkesterone-en-poudre\/\"]}]},{\"@type\":\"ImageObject\",\"inLanguage\":\"pt-PT\",\"@id\":\"https:\/\/www.safinel.fr\/produit\/turkesterone-en-poudre\/#primaryimage\",\"url\":\"https:\/\/www.safinel.fr\/wp-content\/uploads\/2022\/07\/turkesterone.jpg\",\"contentUrl\":\"https:\/\/www.safinel.fr\/wp-content\/uploads\/2022\/07\/turkesterone.jpg\",\"width\":600,\"height\":600,\"caption\":\"Turkesterone en poudre\"},{\"@type\":\"BreadcrumbList\",\"@id\":\"https:\/\/www.safinel.fr\/produit\/turkesterone-en-poudre\/#breadcrumb\",\"itemListElement\":[{\"@type\":\"ListItem\",\"position\":1,\"name\":\"Accueil\",\"item\":\"https:\/\/www.safinel.fr\/\"},{\"@type\":\"ListItem\",\"position\":2,\"name\":\"Boutique\",\"item\":\"https:\/\/www.safinel.fr\/boutique\/\"},{\"@type\":\"ListItem\",\"position\":3,\"name\":\"Turkesterone en poudre\"}]},{\"@type\":\"WebSite\",\"@id\":\"https:\/\/www.safinel.fr\/#website\",\"url\":\"https:\/\/www.safinel.fr\/\",\"name\":\"Safinel\",\"description\":\"\",\"publisher\":{\"@id\":\"https:\/\/www.safinel.fr\/#organization\"},\"potentialAction\":[{\"@type\":\"SearchAction\",\"target\":{\"@type\":\"EntryPoint\",\"urlTemplate\":\"https:\/\/www.safinel.fr\/?s={search_term_string}\"},\"query-input\":{\"@type\":\"PropertyValueSpecification\",\"valueRequired\":true,\"valueName\":\"search_term_string\"}}],\"inLanguage\":\"pt-PT\"},{\"@type\":\"Organization\",\"@id\":\"https:\/\/www.safinel.fr\/#organization\",\"name\":\"Safinel\",\"url\":\"https:\/\/www.safinel.fr\/\",\"logo\":{\"@type\":\"ImageObject\",\"inLanguage\":\"pt-PT\",\"@id\":\"https:\/\/www.safinel.fr\/#\/schema\/logo\/image\/\",\"url\":\"https:\/\/www.safinel.fr\/wp-content\/uploads\/2021\/05\/boutique-cosmetique.png\",\"contentUrl\":\"https:\/\/www.safinel.fr\/wp-content\/uploads\/2021\/05\/boutique-cosmetique.png\",\"width\":800,\"height\":200,\"caption\":\"Safinel\"},\"image\":{\"@id\":\"https:\/\/www.safinel.fr\/#\/schema\/logo\/image\/\"}}]}<\/script>\n<!-- \/ Yoast SEO plugin. -->","yoast_head_json":{"title":"Turkesterona em p\u00f3 I Conte\u00fado 100 g I Compra r\u00e1pida online","description":"O turkesterone diz-lhe alguma coisa? Trata-se de um suplemento alimentar descoberto antes de 1960, mas que s\u00f3 recentemente se tornou famoso.","robots":{"index":"index","follow":"follow","max-snippet":"max-snippet:-1","max-image-preview":"max-image-preview:large","max-video-preview":"max-video-preview:-1"},"canonical":"https:\/\/www.safinel.fr\/pt\/product-2\/turkesterona-em-po\/","og_locale":"pt_PT","og_type":"article","og_title":"Turkesterone en poudre I Contenance 100g I Achat rapide en ligne","og_description":"La\u00a0turkesterone\u00a0\u00e7a vous dit quelque chose ? Il s\u2019agit d\u2019un compl\u00e9ment alimentaire d\u00e9couvert avant 1960, mais que r\u00e9cemment devenu c\u00e9l\u00e8bre.","og_url":"https:\/\/www.safinel.fr\/pt\/product-2\/turkesterona-em-po\/","og_site_name":"Safinel","article_modified_time":"2024-02-21T11:03:02+00:00","og_image":[{"width":600,"height":600,"url":"https:\/\/www.safinel.fr\/wp-content\/uploads\/2022\/07\/turkesterone.jpg","type":"image\/jpeg"}],"twitter_card":"summary_large_image","twitter_misc":{"Tempo estimado de leitura":"6 minutos"},"schema":{"@context":"https:\/\/schema.org","@graph":[{"@type":"WebPage","@id":"https:\/\/www.safinel.fr\/produit\/turkesterone-en-poudre\/","url":"https:\/\/www.safinel.fr\/produit\/turkesterone-en-poudre\/","name":"Turkesterona em p\u00f3 I Conte\u00fado 100 g I Compra r\u00e1pida online","isPartOf":{"@id":"https:\/\/www.safinel.fr\/#website"},"primaryImageOfPage":{"@id":"https:\/\/www.safinel.fr\/produit\/turkesterone-en-poudre\/#primaryimage"},"image":{"@id":"https:\/\/www.safinel.fr\/produit\/turkesterone-en-poudre\/#primaryimage"},"thumbnailUrl":"https:\/\/www.safinel.fr\/wp-content\/uploads\/2022\/07\/turkesterone.jpg","datePublished":"2022-07-06T18:27:02+00:00","dateModified":"2024-02-21T11:03:02+00:00","description":"O turkesterone diz-lhe alguma coisa? Trata-se de um suplemento alimentar descoberto antes de 1960, mas que s\u00f3 recentemente se tornou famoso.","breadcrumb":{"@id":"https:\/\/www.safinel.fr\/produit\/turkesterone-en-poudre\/#breadcrumb"},"inLanguage":"pt-PT","potentialAction":[{"@type":"ReadAction","target":["https:\/\/www.safinel.fr\/produit\/turkesterone-en-poudre\/"]}]},{"@type":"ImageObject","inLanguage":"pt-PT","@id":"https:\/\/www.safinel.fr\/produit\/turkesterone-en-poudre\/#primaryimage","url":"https:\/\/www.safinel.fr\/wp-content\/uploads\/2022\/07\/turkesterone.jpg","contentUrl":"https:\/\/www.safinel.fr\/wp-content\/uploads\/2022\/07\/turkesterone.jpg","width":600,"height":600,"caption":"Turkesterone en poudre"},{"@type":"BreadcrumbList","@id":"https:\/\/www.safinel.fr\/produit\/turkesterone-en-poudre\/#breadcrumb","itemListElement":[{"@type":"ListItem","position":1,"name":"Accueil","item":"https:\/\/www.safinel.fr\/"},{"@type":"ListItem","position":2,"name":"Boutique","item":"https:\/\/www.safinel.fr\/boutique\/"},{"@type":"ListItem","position":3,"name":"Turkesterone en poudre"}]},{"@type":"WebSite","@id":"https:\/\/www.safinel.fr\/#website","url":"https:\/\/www.safinel.fr\/","name":"Safinel","description":"","publisher":{"@id":"https:\/\/www.safinel.fr\/#organization"},"potentialAction":[{"@type":"SearchAction","target":{"@type":"EntryPoint","urlTemplate":"https:\/\/www.safinel.fr\/?s={search_term_string}"},"query-input":{"@type":"PropertyValueSpecification","valueRequired":true,"valueName":"search_term_string"}}],"inLanguage":"pt-PT"},{"@type":"Organization","@id":"https:\/\/www.safinel.fr\/#organization","name":"Safinel","url":"https:\/\/www.safinel.fr\/","logo":{"@type":"ImageObject","inLanguage":"pt-PT","@id":"https:\/\/www.safinel.fr\/#\/schema\/logo\/image\/","url":"https:\/\/www.safinel.fr\/wp-content\/uploads\/2021\/05\/boutique-cosmetique.png","contentUrl":"https:\/\/www.safinel.fr\/wp-content\/uploads\/2021\/05\/boutique-cosmetique.png","width":800,"height":200,"caption":"Safinel"},"image":{"@id":"https:\/\/www.safinel.fr\/#\/schema\/logo\/image\/"}}]}},"_links":{"self":[{"href":"https:\/\/www.safinel.fr\/pt\/wp-json\/wp\/v2\/product\/1664","targetHints":{"allow":["GET"]}}],"collection":[{"href":"https:\/\/www.safinel.fr\/pt\/wp-json\/wp\/v2\/product"}],"about":[{"href":"https:\/\/www.safinel.fr\/pt\/wp-json\/wp\/v2\/types\/product"}],"wp:featuredmedia":[{"embeddable":true,"href":"https:\/\/www.safinel.fr\/pt\/wp-json\/wp\/v2\/media\/1667"}],"wp:attachment":[{"href":"https:\/\/www.safinel.fr\/pt\/wp-json\/wp\/v2\/media?parent=1664"}],"wp:term":[{"taxonomy":"product_brand","embeddable":true,"href":"https:\/\/www.safinel.fr\/pt\/wp-json\/wp\/v2\/product_brand?post=1664"},{"taxonomy":"product_cat","embeddable":true,"href":"https:\/\/www.safinel.fr\/pt\/wp-json\/wp\/v2\/product_cat?post=1664"},{"taxonomy":"product_tag","embeddable":true,"href":"https:\/\/www.safinel.fr\/pt\/wp-json\/wp\/v2\/product_tag?post=1664"}],"curies":[{"name":"wp","href":"https:\/\/api.w.org\/{rel}","templated":true}]}}