{"id":1633,"date":"2022-07-04T10:26:38","date_gmt":"2022-07-04T10:26:38","guid":{"rendered":"https:\/\/www.safinel.fr\/?post_type=product&#038;p=1633"},"modified":"2025-06-01T06:07:26","modified_gmt":"2025-06-01T06:07:26","slug":"raizes-de-gouro","status":"publish","type":"product","link":"https:\/\/www.safinel.fr\/pt\/product-2\/raizes-de-gouro\/","title":{"rendered":"Ra\u00edzes de gouro"},"content":{"rendered":"<p>Os\u00a0<strong>ra\u00edzes de gouro<\/strong>\u00a0s\u00e3o muito conhecidas na Costa do Marfim pelas suas propriedades afrodis\u00edacas. S\u00e3o naturais e muito eficazes para os problemas relacionados com a ere\u00e7\u00e3o no homem. Mas tamb\u00e9m s\u00e3o um rem\u00e9dio natural conhecido para os problemas de impot\u00eancia, ejacula\u00e7\u00e3o precoce, diminui\u00e7\u00e3o da libido e outras patologias.<\/p>\n<h2><strong>O que significa \u201cgouro\u201d? De onde vem essa palavra?<\/strong><\/h2>\n<p>O povo gouro \u00e9 composto por pessoas provenientes de diferentes pa\u00edses: Nig\u00e9ria, Mali, Burquina Faso, bem como outras etnias. A sua principal atividade era a agricultura, a ferraria ou ainda a escultura. Eles comercializavam e trocavam com os povos do Norte certos alimentos, como sal e peixe seco, em troca das suas colheitas. Todas essas trocas permitiram-lhes diversificar os seus produtos de consumo corrente, como tecidos, marfim, etc.<\/p>\n<p>Essa microsociedade dentro da sociedade tinha sua pr\u00f3pria l\u00edngua e seus pr\u00f3prios c\u00f3digos. \u00c9 um povo animista, ou seja, compartilha uma cren\u00e7a pag\u00e3 de que todos os seres vivos (assim como os objetos) possuem uma alma pr\u00f3pria. Resumindo, tudo ao seu redor \u00e9 dotado de uma alma, seja um ser vivo, uma planta ou um objeto.<\/p>\n<p>Os gouros n\u00e3o costumavam fazer trocas ou com\u00e9rcio entre si, mas sim aquele que precisava de ajuda recebia ajuda. Em troca, quem precisava de algo podia servir-se sem pedir permiss\u00e3o. Era um direito seu e essa popula\u00e7\u00e3o vivia assim, mas isso \u00e9 cada vez menos comum hoje em dia.<\/p>\n<p>Mais tarde, as crian\u00e7as gouros eram enviadas bem cedo pela manh\u00e3 para vender ou trocar o excedente das colheitas. Na verdade, o que elas n\u00e3o consumiam e que era excedente tornava-se uma moeda potencial. Ent\u00e3o, os comerciantes que passavam de aldeia em aldeia come\u00e7aram a fazer trocas com elas. Depois, as mulheres assumiram o relevo... Foi o in\u00edcio do com\u00e9rcio e dos mercados gouros, que se tornaram t\u00e3o populares.<\/p>\n<h2><strong>A hist\u00f3ria das ra\u00edzes de gouro ou o viagra natural<\/strong><\/h2>\n<p>Antigamente, um campon\u00eas entre os gurus sofria de dores nos rins enquanto trabalhava no campo. Ele decidiu ent\u00e3o usar isso\u00a0<strong>bast\u00e3o de gouro<\/strong>\u00a0que era conhecido por aliviar essas dores. Ao chegar a casa, come\u00e7ou a mastigar a raiz. Ent\u00e3o, enquanto a mastigava e engolia o seu sumo misturado com a saliva, percebeu o seu efeito afrodis\u00edaco. N\u00e3o deixou de elogiar as suas virtudes junto dos seus familiares e amigos, o que lhe valeu a sua reputa\u00e7\u00e3o.<\/p>\n<p>A colheita dos\u00a0<strong>ra\u00edzes de gouro<\/strong>\u00a0\u00e9 transmitido de gera\u00e7\u00e3o em gera\u00e7\u00e3o e \u00e9 zelosamente guardado. Segundo uma especialista, ele seria feito das ra\u00edzes das \u00e1rvores da floresta e da savana. Alguns dizem que tudo nessa planta \u00e9 aproveit\u00e1vel, sejam as ra\u00edzes, os galhos ou as folhas. Ele pode ser feito de v\u00e1rias \u00e1rvores, como a ac\u00e1cia, o kolatier ou a papaieira.<\/p>\n<p>Os marfinenses s\u00e3o adeptos deste rem\u00e9dio ancestral, que designam como\u00a0<strong>viagra natural\u00a0<\/strong>ou ainda\u00a0<strong>rem\u00e9dio milagroso<\/strong>. Al\u00e9m disso, h\u00e1 muitos testemunhos de casais que foram \u201csalvos\u201d por esta causa na Internet. De facto, algumas mulheres dizem que a impot\u00eancia dos seus maridos impedia que eles as engravidassem. Foi ent\u00e3o que eles come\u00e7aram a usar este bast\u00e3o, que foi um\u00a0<strong>rem\u00e9dio natural eficaz para a procria\u00e7\u00e3o<\/strong>.<\/p>\n<p>No entanto, esta planta terap\u00eautica \u00e9 agora conhecida na maioria dos pa\u00edses africanos, como o Senegal, o Mali, o Burquina Faso, o N\u00edger... Por outro lado, a sua utiliza\u00e7\u00e3o e efic\u00e1cia n\u00e3o se limitam \u00e0 reputa\u00e7\u00e3o que lhe foi atribu\u00edda. Na verdade, as ra\u00edzes do gouro t\u00eam muitos outros benef\u00edcios que iremos partilhar consigo abaixo.<\/p>\n<h2><strong>As virtudes das ra\u00edzes de gouro<\/strong><\/h2>\n<h3><strong>Benef\u00edcios e propriedades<\/strong><\/h3>\n<ul>\n<li><strong>Aumenta as capacidades sexuais<\/strong>\u00a0: De facto, esta planta estimula o apetite sexual nos homens, aumentando os seus n\u00edveis de testosterona.<\/li>\n<li><strong>Contra as hemorr\u00f3idas<\/strong>\u00a0: Gra\u00e7as ao seu efeito sobre a circula\u00e7\u00e3o sangu\u00ednea, \u00e9 uma preven\u00e7\u00e3o e uma ajuda preciosa para desinchar as veias e aliviar as crises. Tal como\u00a0<strong><a href=\"https:\/\/www.safinel.fr\/pt\/product-2\/folhas-de-fumbwa\/\">as folhas de fumbwa<\/a>.\u00a0<\/strong><\/li>\n<li><strong>A impot\u00eancia<\/strong>\u00a0: \u00c9 um rem\u00e9dio natural eficaz para homens que sofrem de diminui\u00e7\u00e3o da libido ou que gostariam de melhor\u00e1-la.<\/li>\n<li><strong>A ejacula\u00e7\u00e3o precoce<\/strong>\u00a0: As ra\u00edzes de gouro permitem prolongar a ere\u00e7\u00e3o.<\/li>\n<li><strong>Melhoria da libido<\/strong>\u00a0: Na verdade, aumenta o t\u00f3nus geral e d\u00e1 energia e desejo sexual.<\/li>\n<li><strong>Limpa os rins<\/strong>\u00a0: \u00c9 um excelente diur\u00e9tico, al\u00e9m de suas propriedades circulat\u00f3rias.<\/li>\n<li><strong>Problemas digestivos<\/strong>\u00a0Al\u00e9m disso, \u00e9 eficaz contra dist\u00farbios gastrointestinais que causam pris\u00e3o de ventre.<\/li>\n<\/ul>\n<p>As ra\u00edzes de gouro s\u00e3o contraindicadas para mulheres gr\u00e1vidas, pois h\u00e1 risco de causar aborto espont\u00e2neo.<\/p>\n<h3><strong>A sua utiliza\u00e7\u00e3o em palitos de dentes gouro<\/strong><\/h3>\n<p>Na \u00c1frica, muitos utilizam-no em vez da escova de dentes para a higiene oral. Segundo os seus utilizadores, eles n\u00e3o t\u00eam problemas de c\u00e1ries e mau h\u00e1lito. Este ramo \u00e9 muito procurado em v\u00e1rios pa\u00edses, como o Senegal, Mali, Maurit\u00e2nia, N\u00edger, Burquina Faso e, claro, a Costa do Marfim. O palito gouro protege os dentes e as gengivas, ao mesmo tempo que refresca o h\u00e1lito.<\/p>\n<h2><strong>Como usar as ra\u00edzes de gouro?<\/strong><\/h2>\n<p>Existem v\u00e1rias maneiras de usar as ra\u00edzes de gouro...<\/p>\n<h3><strong>Tratamento demorado<\/strong><\/h3>\n<p>\u00c9 aconselh\u00e1vel colocar as ra\u00edzes de gouro numa garrafa ou jarro. Em seguida, adicione \u00e1gua e deixe macerar em local fresco durante 6 dias. Depois, recomenda-se beber um copo de ch\u00e1 deste l\u00edquido pela manh\u00e3, em jejum, e ao meio-dia. Recomenda-se consumi-lo durante pelo menos um m\u00eas.<\/p>\n<p>Esta utiliza\u00e7\u00e3o pode lembrar a dos<strong>\u00a0<a href=\"https:\/\/www.safinel.fr\/pt\/product-2\/raizes-de-vetiver\/\">ra\u00edzes de vetiver<\/a><\/strong>\u00a0!<\/p>\n<h3><strong>Utiliza\u00e7\u00e3o pontual<\/strong><\/h3>\n<p>Para uso ocasional ou para apoiar um tratamento prolongado, pode mastigar o caule enquanto engole o sumo! No entanto, \u00e9 aconselh\u00e1vel come\u00e7ar a mastigar cerca de uma hora antes da rela\u00e7\u00e3o sexual para dar tempo ao produto para agir. A sua a\u00e7\u00e3o sobre o fluxo sangu\u00edneo ir\u00e1 favorecer a ere\u00e7\u00e3o.<\/p>\n<h3><strong>Palito de dentes ou escova de dentes<\/strong><\/h3>\n<p>Basta mastigar a parte superior para umedec\u00ea-la. Quando estiver bem amolecida, basta esfregar a\u00a0<strong>escova natural\u00a0<\/strong>nos dentes. No entanto, ap\u00f3s o uso, \u00e9 necess\u00e1rio deixar o bast\u00e3o secar para poder reutiliz\u00e1-lo. Se verificar que n\u00e3o h\u00e1 mais suco, corte a parte usada.<\/p>","protected":false},"excerpt":{"rendered":"<p><strong>Posologia e utiliza\u00e7\u00e3o da raiz de guru:<\/strong><\/p>\n<ul>\n<li>1: Mastigue a ponta de uma raiz 1 hora antes da rela\u00e7\u00e3o sexual, engolindo o sumo da mastiga\u00e7\u00e3o. Pode repetir a opera\u00e7\u00e3o todas as noites.<\/li>\n<li>2: Encha uma garrafa at\u00e9 ao m\u00e1ximo e, em seguida, encha-a com \u00e1gua morna (cerca de 40 graus).<\/li>\n<\/ul>\n<p>Deixe macerar por 24 a 48 horas e, em seguida, beba um copo de \u00e1gua todas as noites antes de comer ou 1 hora antes da rela\u00e7\u00e3o sexual.<\/p>\n<p><img decoding=\"async\" class=\"size-full wp-image-5091 aligncenter\" src=\"https:\/\/www.safinel.fr\/wp-content\/uploads\/2021\/06\/BANNIERE-ICONE-SAFINEL.webp\" alt=\"resseguro satinado\" width=\"800\" height=\"200\" srcset=\"https:\/\/www.safinel.fr\/wp-content\/uploads\/2021\/06\/BANNIERE-ICONE-SAFINEL.webp 800w, https:\/\/www.safinel.fr\/wp-content\/uploads\/2021\/06\/BANNIERE-ICONE-SAFINEL-600x150.webp 600w, https:\/\/www.safinel.fr\/wp-content\/uploads\/2021\/06\/BANNIERE-ICONE-SAFINEL-768x192.webp 768w\" sizes=\"(max-width: 800px) 100vw, 800px\" \/><\/p>","protected":false},"featured_media":1636,"template":"","meta":[],"product_brand":[],"product_cat":[15],"product_tag":[],"class_list":{"0":"post-1633","1":"product","2":"type-product","3":"status-publish","4":"has-post-thumbnail","6":"product_cat-fertilite","8":"first","9":"outofstock","10":"shipping-taxable","11":"purchasable","12":"product-type-variable"},"yoast_head":"<!-- This site is optimized with the Yoast SEO plugin v26.6 - https:\/\/yoast.com\/wordpress\/plugins\/seo\/ -->\n<title>Racines de gouro I Aphrodisiaque naturel I Rem\u00e8de naturel<\/title>\n<meta name=\"description\" content=\"Les\u00a0racines de gouro\u00a0sont tr\u00e8s connues en C\u00f4te d\u2019ivoire pour leurs vertus aphrodisiaques. Bonne d\u00e9couverte \u00e0 vous sur Safinel.fr\" \/>\n<meta name=\"robots\" content=\"index, follow, max-snippet:-1, max-image-preview:large, max-video-preview:-1\" \/>\n<link rel=\"canonical\" href=\"https:\/\/www.safinel.fr\/pt\/product-2\/raizes-de-gouro\/\" \/>\n<meta property=\"og:locale\" content=\"pt_PT\" \/>\n<meta property=\"og:type\" content=\"article\" \/>\n<meta property=\"og:title\" content=\"Racines de gouro I Aphrodisiaque naturel I Rem\u00e8de naturel\" \/>\n<meta property=\"og:description\" content=\"Les\u00a0racines de gouro\u00a0sont tr\u00e8s connues en C\u00f4te d\u2019ivoire pour leurs vertus aphrodisiaques. Bonne d\u00e9couverte \u00e0 vous sur Safinel.fr\" \/>\n<meta property=\"og:url\" content=\"https:\/\/www.safinel.fr\/pt\/product-2\/raizes-de-gouro\/\" \/>\n<meta property=\"og:site_name\" content=\"Safinel\" \/>\n<meta property=\"article:modified_time\" content=\"2025-06-01T06:07:26+00:00\" \/>\n<meta property=\"og:image\" content=\"https:\/\/www.safinel.fr\/wp-content\/uploads\/2022\/07\/racines-de-gouro.jpg\" \/>\n\t<meta property=\"og:image:width\" content=\"600\" \/>\n\t<meta property=\"og:image:height\" content=\"600\" \/>\n\t<meta property=\"og:image:type\" content=\"image\/jpeg\" \/>\n<meta name=\"twitter:card\" content=\"summary_large_image\" \/>\n<meta name=\"twitter:label1\" content=\"Tempo estimado de leitura\" \/>\n\t<meta name=\"twitter:data1\" content=\"6 minutos\" \/>\n<script type=\"application\/ld+json\" class=\"yoast-schema-graph\">{\"@context\":\"https:\/\/schema.org\",\"@graph\":[{\"@type\":\"WebPage\",\"@id\":\"https:\/\/www.safinel.fr\/produit\/racines-de-gouro\/\",\"url\":\"https:\/\/www.safinel.fr\/produit\/racines-de-gouro\/\",\"name\":\"Racines de gouro I Aphrodisiaque naturel I Rem\u00e8de naturel\",\"isPartOf\":{\"@id\":\"https:\/\/www.safinel.fr\/#website\"},\"primaryImageOfPage\":{\"@id\":\"https:\/\/www.safinel.fr\/produit\/racines-de-gouro\/#primaryimage\"},\"image\":{\"@id\":\"https:\/\/www.safinel.fr\/produit\/racines-de-gouro\/#primaryimage\"},\"thumbnailUrl\":\"https:\/\/www.safinel.fr\/wp-content\/uploads\/2022\/07\/racines-de-gouro.jpg\",\"datePublished\":\"2022-07-04T10:26:38+00:00\",\"dateModified\":\"2025-06-01T06:07:26+00:00\",\"description\":\"Les\u00a0racines de gouro\u00a0sont tr\u00e8s connues en C\u00f4te d\u2019ivoire pour leurs vertus aphrodisiaques. Bonne d\u00e9couverte \u00e0 vous sur Safinel.fr\",\"breadcrumb\":{\"@id\":\"https:\/\/www.safinel.fr\/produit\/racines-de-gouro\/#breadcrumb\"},\"inLanguage\":\"pt-PT\",\"potentialAction\":[{\"@type\":\"ReadAction\",\"target\":[\"https:\/\/www.safinel.fr\/produit\/racines-de-gouro\/\"]}]},{\"@type\":\"ImageObject\",\"inLanguage\":\"pt-PT\",\"@id\":\"https:\/\/www.safinel.fr\/produit\/racines-de-gouro\/#primaryimage\",\"url\":\"https:\/\/www.safinel.fr\/wp-content\/uploads\/2022\/07\/racines-de-gouro.jpg\",\"contentUrl\":\"https:\/\/www.safinel.fr\/wp-content\/uploads\/2022\/07\/racines-de-gouro.jpg\",\"width\":600,\"height\":600,\"caption\":\"Racines de gouro\"},{\"@type\":\"BreadcrumbList\",\"@id\":\"https:\/\/www.safinel.fr\/produit\/racines-de-gouro\/#breadcrumb\",\"itemListElement\":[{\"@type\":\"ListItem\",\"position\":1,\"name\":\"Accueil\",\"item\":\"https:\/\/www.safinel.fr\/\"},{\"@type\":\"ListItem\",\"position\":2,\"name\":\"Boutique\",\"item\":\"https:\/\/www.safinel.fr\/boutique\/\"},{\"@type\":\"ListItem\",\"position\":3,\"name\":\"Racines de gouro\"}]},{\"@type\":\"WebSite\",\"@id\":\"https:\/\/www.safinel.fr\/#website\",\"url\":\"https:\/\/www.safinel.fr\/\",\"name\":\"Safinel\",\"description\":\"\",\"publisher\":{\"@id\":\"https:\/\/www.safinel.fr\/#organization\"},\"potentialAction\":[{\"@type\":\"SearchAction\",\"target\":{\"@type\":\"EntryPoint\",\"urlTemplate\":\"https:\/\/www.safinel.fr\/?s={search_term_string}\"},\"query-input\":{\"@type\":\"PropertyValueSpecification\",\"valueRequired\":true,\"valueName\":\"search_term_string\"}}],\"inLanguage\":\"pt-PT\"},{\"@type\":\"Organization\",\"@id\":\"https:\/\/www.safinel.fr\/#organization\",\"name\":\"Safinel\",\"url\":\"https:\/\/www.safinel.fr\/\",\"logo\":{\"@type\":\"ImageObject\",\"inLanguage\":\"pt-PT\",\"@id\":\"https:\/\/www.safinel.fr\/#\/schema\/logo\/image\/\",\"url\":\"https:\/\/www.safinel.fr\/wp-content\/uploads\/2021\/05\/boutique-cosmetique.png\",\"contentUrl\":\"https:\/\/www.safinel.fr\/wp-content\/uploads\/2021\/05\/boutique-cosmetique.png\",\"width\":800,\"height\":200,\"caption\":\"Safinel\"},\"image\":{\"@id\":\"https:\/\/www.safinel.fr\/#\/schema\/logo\/image\/\"}}]}<\/script>\n<!-- \/ Yoast SEO plugin. -->","yoast_head_json":{"title":"Ra\u00edzes de gouro I Afrodis\u00edaco natural I Rem\u00e9dio natural","description":"As ra\u00edzes de gouro s\u00e3o muito conhecidas na Costa do Marfim pelas suas propriedades afrodis\u00edacas. Boa descoberta em Safinel.fr","robots":{"index":"index","follow":"follow","max-snippet":"max-snippet:-1","max-image-preview":"max-image-preview:large","max-video-preview":"max-video-preview:-1"},"canonical":"https:\/\/www.safinel.fr\/pt\/product-2\/raizes-de-gouro\/","og_locale":"pt_PT","og_type":"article","og_title":"Racines de gouro I Aphrodisiaque naturel I Rem\u00e8de naturel","og_description":"Les\u00a0racines de gouro\u00a0sont tr\u00e8s connues en C\u00f4te d\u2019ivoire pour leurs vertus aphrodisiaques. Bonne d\u00e9couverte \u00e0 vous sur Safinel.fr","og_url":"https:\/\/www.safinel.fr\/pt\/product-2\/raizes-de-gouro\/","og_site_name":"Safinel","article_modified_time":"2025-06-01T06:07:26+00:00","og_image":[{"width":600,"height":600,"url":"https:\/\/www.safinel.fr\/wp-content\/uploads\/2022\/07\/racines-de-gouro.jpg","type":"image\/jpeg"}],"twitter_card":"summary_large_image","twitter_misc":{"Tempo estimado de leitura":"6 minutos"},"schema":{"@context":"https:\/\/schema.org","@graph":[{"@type":"WebPage","@id":"https:\/\/www.safinel.fr\/produit\/racines-de-gouro\/","url":"https:\/\/www.safinel.fr\/produit\/racines-de-gouro\/","name":"Ra\u00edzes de gouro I Afrodis\u00edaco natural I Rem\u00e9dio natural","isPartOf":{"@id":"https:\/\/www.safinel.fr\/#website"},"primaryImageOfPage":{"@id":"https:\/\/www.safinel.fr\/produit\/racines-de-gouro\/#primaryimage"},"image":{"@id":"https:\/\/www.safinel.fr\/produit\/racines-de-gouro\/#primaryimage"},"thumbnailUrl":"https:\/\/www.safinel.fr\/wp-content\/uploads\/2022\/07\/racines-de-gouro.jpg","datePublished":"2022-07-04T10:26:38+00:00","dateModified":"2025-06-01T06:07:26+00:00","description":"As ra\u00edzes de gouro s\u00e3o muito conhecidas na Costa do Marfim pelas suas propriedades afrodis\u00edacas. Boa descoberta em Safinel.fr","breadcrumb":{"@id":"https:\/\/www.safinel.fr\/produit\/racines-de-gouro\/#breadcrumb"},"inLanguage":"pt-PT","potentialAction":[{"@type":"ReadAction","target":["https:\/\/www.safinel.fr\/produit\/racines-de-gouro\/"]}]},{"@type":"ImageObject","inLanguage":"pt-PT","@id":"https:\/\/www.safinel.fr\/produit\/racines-de-gouro\/#primaryimage","url":"https:\/\/www.safinel.fr\/wp-content\/uploads\/2022\/07\/racines-de-gouro.jpg","contentUrl":"https:\/\/www.safinel.fr\/wp-content\/uploads\/2022\/07\/racines-de-gouro.jpg","width":600,"height":600,"caption":"Racines de gouro"},{"@type":"BreadcrumbList","@id":"https:\/\/www.safinel.fr\/produit\/racines-de-gouro\/#breadcrumb","itemListElement":[{"@type":"ListItem","position":1,"name":"Accueil","item":"https:\/\/www.safinel.fr\/"},{"@type":"ListItem","position":2,"name":"Boutique","item":"https:\/\/www.safinel.fr\/boutique\/"},{"@type":"ListItem","position":3,"name":"Racines de gouro"}]},{"@type":"WebSite","@id":"https:\/\/www.safinel.fr\/#website","url":"https:\/\/www.safinel.fr\/","name":"Safinel","description":"","publisher":{"@id":"https:\/\/www.safinel.fr\/#organization"},"potentialAction":[{"@type":"SearchAction","target":{"@type":"EntryPoint","urlTemplate":"https:\/\/www.safinel.fr\/?s={search_term_string}"},"query-input":{"@type":"PropertyValueSpecification","valueRequired":true,"valueName":"search_term_string"}}],"inLanguage":"pt-PT"},{"@type":"Organization","@id":"https:\/\/www.safinel.fr\/#organization","name":"Safinel","url":"https:\/\/www.safinel.fr\/","logo":{"@type":"ImageObject","inLanguage":"pt-PT","@id":"https:\/\/www.safinel.fr\/#\/schema\/logo\/image\/","url":"https:\/\/www.safinel.fr\/wp-content\/uploads\/2021\/05\/boutique-cosmetique.png","contentUrl":"https:\/\/www.safinel.fr\/wp-content\/uploads\/2021\/05\/boutique-cosmetique.png","width":800,"height":200,"caption":"Safinel"},"image":{"@id":"https:\/\/www.safinel.fr\/#\/schema\/logo\/image\/"}}]}},"_links":{"self":[{"href":"https:\/\/www.safinel.fr\/pt\/wp-json\/wp\/v2\/product\/1633","targetHints":{"allow":["GET"]}}],"collection":[{"href":"https:\/\/www.safinel.fr\/pt\/wp-json\/wp\/v2\/product"}],"about":[{"href":"https:\/\/www.safinel.fr\/pt\/wp-json\/wp\/v2\/types\/product"}],"wp:featuredmedia":[{"embeddable":true,"href":"https:\/\/www.safinel.fr\/pt\/wp-json\/wp\/v2\/media\/1636"}],"wp:attachment":[{"href":"https:\/\/www.safinel.fr\/pt\/wp-json\/wp\/v2\/media?parent=1633"}],"wp:term":[{"taxonomy":"product_brand","embeddable":true,"href":"https:\/\/www.safinel.fr\/pt\/wp-json\/wp\/v2\/product_brand?post=1633"},{"taxonomy":"product_cat","embeddable":true,"href":"https:\/\/www.safinel.fr\/pt\/wp-json\/wp\/v2\/product_cat?post=1633"},{"taxonomy":"product_tag","embeddable":true,"href":"https:\/\/www.safinel.fr\/pt\/wp-json\/wp\/v2\/product_tag?post=1633"}],"curies":[{"name":"wp","href":"https:\/\/api.w.org\/{rel}","templated":true}]}}