{"id":1594,"date":"2022-06-29T11:32:13","date_gmt":"2022-06-29T11:32:13","guid":{"rendered":"https:\/\/www.safinel.fr\/?post_type=product&#038;p=1594"},"modified":"2024-01-21T21:54:35","modified_gmt":"2024-01-21T21:54:35","slug":"garra-de-gato","status":"publish","type":"product","link":"https:\/\/www.safinel.fr\/pt\/product-2\/garra-de-gato\/","title":{"rendered":"Garra de gato 50 g"},"content":{"rendered":"<p>Est\u00e1 pronto para descobrir um<strong>\u00a0produto natural 100%\u00a0<\/strong>diferente dos outros? O seu apelido suscita curiosidade, mas a sua riqueza j\u00e1 foi comprovada in\u00fameras vezes... Temos o prazer de apresentar em destaque a<strong>\u00a0garra de gato\u00a0<\/strong>!<\/p>\n<h2><strong>Garra de gato: o que \u00e9 isso?\u00a0<\/strong><\/h2>\n<p>Para os curiosos que pensavam que se tratava realmente de arranh\u00f5es de gatinho, devo dizer que est\u00e3o enganados, e que \u00e9 ainda melhor do que isso! Seu nome verdadeiro \u00e9\u00a0<strong>uncaria tomentosa,<\/strong>\u00a0ela tamb\u00e9m \u00e9 apelidada de<strong>\u00a0liana do Peru<\/strong>. Origin\u00e1ria da Amaz\u00f3nia, ela prov\u00e9m de uma \u00e1rvore que pode atingir 30 metros de altura.<\/p>\n<p>Al\u00e9m disso, utilizada pelo povo peruano devido \u00e0s suas in\u00fameras qualidades, a garra de gato conseguiu atravessar fronteiras para nos fazer descobrir toda a sua riqueza.<\/p>\n<h2><strong>A sua loja Safinel apresenta-lhe Garra de gato\u00a0<\/strong><\/h2>\n<p>Sempre preocupada em oferecer produtos naturais que possam ser ben\u00e9ficos para si, a sua loja online Safinel tem o prazer de lhe apresentar a liana do Peru!<\/p>\n<p>Embora alguns permane\u00e7am c\u00e9ticos quanto ao seu aspecto bastante cl\u00e1ssico, vale a pena referir que n\u00e3o \u00e9 a apar\u00eancia que conta! Por baixo da sua apar\u00eancia bruta, a marca da unha do gato \u00e9 semelhante a uma lasca de madeira. No entanto, \u00e9 conhecida pelos seus benef\u00edcios para a sa\u00fade!<\/p>\n<p>\u00c9 por esta raz\u00e3o que o seu\u00a0<strong>loja online de bem-estar<\/strong>\u00a0permite-lhe descobrir este produto natural 100%! A sua embalagem de 50 g \u00e9 ideal para consumo repetido! Agora que j\u00e1 sabe mais sobre o assunto, descubra sem demora os in\u00fameros benef\u00edcios que ele esconde...<\/p>\n<h3><strong>Os benef\u00edcios da Garra de gato\u00a0<\/strong><\/h3>\n<p>A hist\u00f3ria conta que a garra de gato era usada por tribos do Peru, pois era considerada um\u00a0<strong>planta<\/strong>\u00a0maldita! Essas numerosas\u00a0<strong>propriedades medicinais\u00a0<\/strong>demonstraram repetidamente na sua comunidade que era eficaz em v\u00e1rios aspetos, nomeadamente:<\/p>\n<ul>\n<li>Contra os\u00a0<strong>dores nas articula\u00e7\u00f5es<\/strong>\u00a0como, por exemplo, a osteoartrite<\/li>\n<li>As suas propriedades anti-inflamat\u00f3rias<\/li>\n<li>Para ajudar na regenera\u00e7\u00e3o da cartilagem<\/li>\n<li>Para ajudar a combater<strong>\u00a0contra o cancro<\/strong><\/li>\n<li>Como m\u00e9todo contraceptivo<\/li>\n<\/ul>\n<p>Como j\u00e1 percebeu, esta magn\u00edfica<strong>\u00a0planta do Peru<\/strong>\u00a0possui uma riqueza muito ben\u00e9fica para o ser humano.<\/p>\n<p>No entanto, em caso de gravidez ou tratamento espec\u00edfico, recomendamos que consulte o seu m\u00e9dico assistente.<\/p>\n<p>O seu bem-estar \u00e9 a nossa principal motiva\u00e7\u00e3o, e \u00e9 por isso que nos esfor\u00e7amos por selecionar cuidadosamente\u00a0<strong>produtos naturais<\/strong>\u00a0que podem ser adequados para si.<\/p>\n<h3><strong>Natureza, natureza, revela-nos os teus segredos... \u00a0<\/strong><\/h3>\n<p>A natureza \u00e9 conhecida por ter in\u00fameras virtudes. E a sua loja Safinel deseja que descubra sempre mais! Sabemos a import\u00e2ncia que d\u00e1 aos produtos naturais, por isso prepar\u00e1mos uma sele\u00e7\u00e3o especialmente para si!<\/p>\n<p>Conhe\u00e7a a\u00a0<a href=\"https:\/\/www.safinel.fr\/pt\/product-2\/raizes-de-gouro\/\"><strong>Raiz de gouro<\/strong><\/a>\u00a0ou ainda do\u00a0<a href=\"https:\/\/www.safinel.fr\/pt\/product-2\/serum-anti-acne-com-nigela\/\"><strong>s\u00e9rum anti-acne com nigela<\/strong><\/a>\u00a0A sua sa\u00fade \u00e9 o que mais nos importa. Deixe-se seduzir pelos in\u00fameros benef\u00edcios que a natureza esconde...<\/p>","protected":false},"excerpt":{"rendered":"<p>Est\u00e1 pronto para descobrir um produto natural 100% como nenhum outro? A sua alcunha \u00e9 intrigante, mas a sua riqueza foi comprovada vezes sem conta... Temos o prazer de lhe apresentar a unha-de-gato! Unha de gato: o que \u00e9?  Para quem pensava que a unha-de-gato [...]","protected":false},"featured_media":1592,"template":"","meta":[],"product_brand":[],"product_cat":[28],"product_tag":[],"class_list":{"0":"post-1594","1":"product","2":"type-product","3":"status-publish","4":"has-post-thumbnail","6":"product_cat-divers","8":"first","9":"outofstock","10":"shipping-taxable","11":"purchasable","12":"product-type-simple"},"yoast_head":"<!-- This site is optimized with the Yoast SEO plugin v26.6 - https:\/\/yoast.com\/wordpress\/plugins\/seo\/ -->\n<title>Griffe de chat (Uncaria tomentosa) I Liane du P\u00e9rou I 100% naturelle<\/title>\n<meta name=\"description\" content=\"Son surnom suscite l\u2019intrigue, et pourtant, sa richesse a \u00e9t\u00e9 prouv\u00e9 \u00e0 de nombreuses reprises\u2026 D\u00e9couvrez la\u00a0griffe de chat\u00a0!\u00a0\" \/>\n<meta name=\"robots\" content=\"index, follow, max-snippet:-1, max-image-preview:large, max-video-preview:-1\" \/>\n<link rel=\"canonical\" href=\"https:\/\/www.safinel.fr\/pt\/product-2\/garra-de-gato\/\" \/>\n<meta property=\"og:locale\" content=\"pt_PT\" \/>\n<meta property=\"og:type\" content=\"article\" \/>\n<meta property=\"og:title\" content=\"Griffe de chat (Uncaria tomentosa) I Liane du P\u00e9rou I 100% naturelle\" \/>\n<meta property=\"og:description\" content=\"Son surnom suscite l\u2019intrigue, et pourtant, sa richesse a \u00e9t\u00e9 prouv\u00e9 \u00e0 de nombreuses reprises\u2026 D\u00e9couvrez la\u00a0griffe de chat\u00a0!\u00a0\" \/>\n<meta property=\"og:url\" content=\"https:\/\/www.safinel.fr\/pt\/product-2\/garra-de-gato\/\" \/>\n<meta property=\"og:site_name\" content=\"Safinel\" \/>\n<meta property=\"article:modified_time\" content=\"2024-01-21T21:54:35+00:00\" \/>\n<meta property=\"og:image\" content=\"https:\/\/www.safinel.fr\/wp-content\/uploads\/2022\/06\/griffe-de-chat.jpg\" \/>\n\t<meta property=\"og:image:width\" content=\"600\" \/>\n\t<meta property=\"og:image:height\" content=\"600\" \/>\n\t<meta property=\"og:image:type\" content=\"image\/jpeg\" \/>\n<meta name=\"twitter:card\" content=\"summary_large_image\" \/>\n<meta name=\"twitter:label1\" content=\"Tempo estimado de leitura\" \/>\n\t<meta name=\"twitter:data1\" content=\"3 minutos\" \/>\n<script type=\"application\/ld+json\" class=\"yoast-schema-graph\">{\"@context\":\"https:\/\/schema.org\",\"@graph\":[{\"@type\":\"WebPage\",\"@id\":\"https:\/\/www.safinel.fr\/produit\/griffe-de-chat\/\",\"url\":\"https:\/\/www.safinel.fr\/produit\/griffe-de-chat\/\",\"name\":\"Griffe de chat (Uncaria tomentosa) I Liane du P\u00e9rou I 100% naturelle\",\"isPartOf\":{\"@id\":\"https:\/\/www.safinel.fr\/#website\"},\"primaryImageOfPage\":{\"@id\":\"https:\/\/www.safinel.fr\/produit\/griffe-de-chat\/#primaryimage\"},\"image\":{\"@id\":\"https:\/\/www.safinel.fr\/produit\/griffe-de-chat\/#primaryimage\"},\"thumbnailUrl\":\"https:\/\/www.safinel.fr\/wp-content\/uploads\/2022\/06\/griffe-de-chat.jpg\",\"datePublished\":\"2022-06-29T11:32:13+00:00\",\"dateModified\":\"2024-01-21T21:54:35+00:00\",\"description\":\"Son surnom suscite l\u2019intrigue, et pourtant, sa richesse a \u00e9t\u00e9 prouv\u00e9 \u00e0 de nombreuses reprises\u2026 D\u00e9couvrez la\u00a0griffe de chat\u00a0!\u00a0\",\"breadcrumb\":{\"@id\":\"https:\/\/www.safinel.fr\/produit\/griffe-de-chat\/#breadcrumb\"},\"inLanguage\":\"pt-PT\",\"potentialAction\":[{\"@type\":\"ReadAction\",\"target\":[\"https:\/\/www.safinel.fr\/produit\/griffe-de-chat\/\"]}]},{\"@type\":\"ImageObject\",\"inLanguage\":\"pt-PT\",\"@id\":\"https:\/\/www.safinel.fr\/produit\/griffe-de-chat\/#primaryimage\",\"url\":\"https:\/\/www.safinel.fr\/wp-content\/uploads\/2022\/06\/griffe-de-chat.jpg\",\"contentUrl\":\"https:\/\/www.safinel.fr\/wp-content\/uploads\/2022\/06\/griffe-de-chat.jpg\",\"width\":600,\"height\":600,\"caption\":\"Griffe de chat 50g\"},{\"@type\":\"BreadcrumbList\",\"@id\":\"https:\/\/www.safinel.fr\/produit\/griffe-de-chat\/#breadcrumb\",\"itemListElement\":[{\"@type\":\"ListItem\",\"position\":1,\"name\":\"Accueil\",\"item\":\"https:\/\/www.safinel.fr\/\"},{\"@type\":\"ListItem\",\"position\":2,\"name\":\"Boutique\",\"item\":\"https:\/\/www.safinel.fr\/boutique\/\"},{\"@type\":\"ListItem\",\"position\":3,\"name\":\"Griffe de chat 50g\"}]},{\"@type\":\"WebSite\",\"@id\":\"https:\/\/www.safinel.fr\/#website\",\"url\":\"https:\/\/www.safinel.fr\/\",\"name\":\"Safinel\",\"description\":\"\",\"publisher\":{\"@id\":\"https:\/\/www.safinel.fr\/#organization\"},\"potentialAction\":[{\"@type\":\"SearchAction\",\"target\":{\"@type\":\"EntryPoint\",\"urlTemplate\":\"https:\/\/www.safinel.fr\/?s={search_term_string}\"},\"query-input\":{\"@type\":\"PropertyValueSpecification\",\"valueRequired\":true,\"valueName\":\"search_term_string\"}}],\"inLanguage\":\"pt-PT\"},{\"@type\":\"Organization\",\"@id\":\"https:\/\/www.safinel.fr\/#organization\",\"name\":\"Safinel\",\"url\":\"https:\/\/www.safinel.fr\/\",\"logo\":{\"@type\":\"ImageObject\",\"inLanguage\":\"pt-PT\",\"@id\":\"https:\/\/www.safinel.fr\/#\/schema\/logo\/image\/\",\"url\":\"https:\/\/www.safinel.fr\/wp-content\/uploads\/2021\/05\/boutique-cosmetique.png\",\"contentUrl\":\"https:\/\/www.safinel.fr\/wp-content\/uploads\/2021\/05\/boutique-cosmetique.png\",\"width\":800,\"height\":200,\"caption\":\"Safinel\"},\"image\":{\"@id\":\"https:\/\/www.safinel.fr\/#\/schema\/logo\/image\/\"}}]}<\/script>\n<!-- \/ Yoast SEO plugin. -->","yoast_head_json":{"title":"Garra de gato (Uncaria tomentosa) I Liana do Peru I 100% natural","description":"O seu apelido desperta curiosidade, mas a sua riqueza j\u00e1 foi comprovada in\u00fameras vezes... Descubra a marca do gato!\u00a0","robots":{"index":"index","follow":"follow","max-snippet":"max-snippet:-1","max-image-preview":"max-image-preview:large","max-video-preview":"max-video-preview:-1"},"canonical":"https:\/\/www.safinel.fr\/pt\/product-2\/garra-de-gato\/","og_locale":"pt_PT","og_type":"article","og_title":"Griffe de chat (Uncaria tomentosa) I Liane du P\u00e9rou I 100% naturelle","og_description":"Son surnom suscite l\u2019intrigue, et pourtant, sa richesse a \u00e9t\u00e9 prouv\u00e9 \u00e0 de nombreuses reprises\u2026 D\u00e9couvrez la\u00a0griffe de chat\u00a0!\u00a0","og_url":"https:\/\/www.safinel.fr\/pt\/product-2\/garra-de-gato\/","og_site_name":"Safinel","article_modified_time":"2024-01-21T21:54:35+00:00","og_image":[{"width":600,"height":600,"url":"https:\/\/www.safinel.fr\/wp-content\/uploads\/2022\/06\/griffe-de-chat.jpg","type":"image\/jpeg"}],"twitter_card":"summary_large_image","twitter_misc":{"Tempo estimado de leitura":"3 minutos"},"schema":{"@context":"https:\/\/schema.org","@graph":[{"@type":"WebPage","@id":"https:\/\/www.safinel.fr\/produit\/griffe-de-chat\/","url":"https:\/\/www.safinel.fr\/produit\/griffe-de-chat\/","name":"Garra de gato (Uncaria tomentosa) I Liana do Peru I 100% natural","isPartOf":{"@id":"https:\/\/www.safinel.fr\/#website"},"primaryImageOfPage":{"@id":"https:\/\/www.safinel.fr\/produit\/griffe-de-chat\/#primaryimage"},"image":{"@id":"https:\/\/www.safinel.fr\/produit\/griffe-de-chat\/#primaryimage"},"thumbnailUrl":"https:\/\/www.safinel.fr\/wp-content\/uploads\/2022\/06\/griffe-de-chat.jpg","datePublished":"2022-06-29T11:32:13+00:00","dateModified":"2024-01-21T21:54:35+00:00","description":"O seu apelido desperta curiosidade, mas a sua riqueza j\u00e1 foi comprovada in\u00fameras vezes... Descubra a marca do gato!\u00a0","breadcrumb":{"@id":"https:\/\/www.safinel.fr\/produit\/griffe-de-chat\/#breadcrumb"},"inLanguage":"pt-PT","potentialAction":[{"@type":"ReadAction","target":["https:\/\/www.safinel.fr\/produit\/griffe-de-chat\/"]}]},{"@type":"ImageObject","inLanguage":"pt-PT","@id":"https:\/\/www.safinel.fr\/produit\/griffe-de-chat\/#primaryimage","url":"https:\/\/www.safinel.fr\/wp-content\/uploads\/2022\/06\/griffe-de-chat.jpg","contentUrl":"https:\/\/www.safinel.fr\/wp-content\/uploads\/2022\/06\/griffe-de-chat.jpg","width":600,"height":600,"caption":"Griffe de chat 50g"},{"@type":"BreadcrumbList","@id":"https:\/\/www.safinel.fr\/produit\/griffe-de-chat\/#breadcrumb","itemListElement":[{"@type":"ListItem","position":1,"name":"Accueil","item":"https:\/\/www.safinel.fr\/"},{"@type":"ListItem","position":2,"name":"Boutique","item":"https:\/\/www.safinel.fr\/boutique\/"},{"@type":"ListItem","position":3,"name":"Griffe de chat 50g"}]},{"@type":"WebSite","@id":"https:\/\/www.safinel.fr\/#website","url":"https:\/\/www.safinel.fr\/","name":"Safinel","description":"","publisher":{"@id":"https:\/\/www.safinel.fr\/#organization"},"potentialAction":[{"@type":"SearchAction","target":{"@type":"EntryPoint","urlTemplate":"https:\/\/www.safinel.fr\/?s={search_term_string}"},"query-input":{"@type":"PropertyValueSpecification","valueRequired":true,"valueName":"search_term_string"}}],"inLanguage":"pt-PT"},{"@type":"Organization","@id":"https:\/\/www.safinel.fr\/#organization","name":"Safinel","url":"https:\/\/www.safinel.fr\/","logo":{"@type":"ImageObject","inLanguage":"pt-PT","@id":"https:\/\/www.safinel.fr\/#\/schema\/logo\/image\/","url":"https:\/\/www.safinel.fr\/wp-content\/uploads\/2021\/05\/boutique-cosmetique.png","contentUrl":"https:\/\/www.safinel.fr\/wp-content\/uploads\/2021\/05\/boutique-cosmetique.png","width":800,"height":200,"caption":"Safinel"},"image":{"@id":"https:\/\/www.safinel.fr\/#\/schema\/logo\/image\/"}}]}},"_links":{"self":[{"href":"https:\/\/www.safinel.fr\/pt\/wp-json\/wp\/v2\/product\/1594","targetHints":{"allow":["GET"]}}],"collection":[{"href":"https:\/\/www.safinel.fr\/pt\/wp-json\/wp\/v2\/product"}],"about":[{"href":"https:\/\/www.safinel.fr\/pt\/wp-json\/wp\/v2\/types\/product"}],"wp:featuredmedia":[{"embeddable":true,"href":"https:\/\/www.safinel.fr\/pt\/wp-json\/wp\/v2\/media\/1592"}],"wp:attachment":[{"href":"https:\/\/www.safinel.fr\/pt\/wp-json\/wp\/v2\/media?parent=1594"}],"wp:term":[{"taxonomy":"product_brand","embeddable":true,"href":"https:\/\/www.safinel.fr\/pt\/wp-json\/wp\/v2\/product_brand?post=1594"},{"taxonomy":"product_cat","embeddable":true,"href":"https:\/\/www.safinel.fr\/pt\/wp-json\/wp\/v2\/product_cat?post=1594"},{"taxonomy":"product_tag","embeddable":true,"href":"https:\/\/www.safinel.fr\/pt\/wp-json\/wp\/v2\/product_tag?post=1594"}],"curies":[{"name":"wp","href":"https:\/\/api.w.org\/{rel}","templated":true}]}}