{"id":1590,"date":"2024-08-07T03:30:44","date_gmt":"2024-08-07T03:30:44","guid":{"rendered":"https:\/\/www.safinel.fr\/?post_type=product&#038;p=1590"},"modified":"2024-08-07T09:24:35","modified_gmt":"2024-08-07T09:24:35","slug":"goma-arabica-em-po","status":"publish","type":"product","link":"https:\/\/www.safinel.fr\/pt\/product-2\/goma-arabica-em-po\/","title":{"rendered":"Goma ar\u00e1bica em p\u00f3 e inteira 100 g"},"content":{"rendered":"<p>Se ainda n\u00e3o ouviu falar da\u00a0<strong>goma ar\u00e1bica em p\u00f3<\/strong>\u00a0e seus in\u00fameros benef\u00edcios, \u00e9 hora de remediar isso...<\/p>\n<p>Sente-se e conhe\u00e7a um tesouro da natureza!<\/p>\n<h2><strong>E se lhe apresent\u00e1ssemos a goma ar\u00e1bica em p\u00f3?\u00a0<\/strong><\/h2>\n<p>Se alguns se perguntam o que \u00e9 a\u00a0<strong>goma ar\u00e1bica<\/strong>, fique confort\u00e1vel, vamos fazer as apresenta\u00e7\u00f5es como deve ser. Considerado uma liga de pot\u00e1ssio, c\u00e1lcio, mas tamb\u00e9m magn\u00e9sio, para alguns \u00e9 simplesmente um<strong>\u00a0carboidrato natural<\/strong>\u00a0!<\/p>\n<p>Se quiser saber a sua origem, saiba que prov\u00e9m de uma \u00e1rvore conhecida como ac\u00e1cia.<\/p>\n<p>Al\u00e9m disso, esta goma e o seu aspeto de doce s\u00e3o, para os conhecedores, a soma de uma\u00a0<strong>seiva solidificada.<\/strong>\u00a0Embora as mais conhecidas se situem geralmente no Sud\u00e3o, \u00e9 importante saber que o Senegal, o Egito e o Mali n\u00e3o ficam atr\u00e1s deste \u00faltimo.<\/p>\n<p>De facto, muito utilizada por essas comunidades pelas suas virtudes e benef\u00edcios para a sa\u00fade, a goma ar\u00e1bica em p\u00f3 est\u00e1 a conquistar o Ocidente! A sua loja Safinel continua, como sempre, empenhada em destacar os<strong>\u00a0produtos naturais\u00a0<\/strong>que podem ser do seu agrado... N\u00e3o hesite mais e deixe-se surpreender por esta goma que esconde muitas surpresas!<\/p>\n<h2><strong>As famosas virtudes da goma ar\u00e1bica em p\u00f3...\u00a0<\/strong><\/h2>\n<p>Sabemos da sua curiosidade lend\u00e1ria, por isso nos esfor\u00e7amos para lhe dar mais detalhes sobre este produto natural com in\u00fameros benef\u00edcios! Se a sua apar\u00eancia parece apetitosa \u00e0 primeira vista, saiba que ele pode surpreend\u00ea-lo ainda mais! \u00c9 hora de conhecer os in\u00fameros benef\u00edcios deste tesouro natural.<\/p>\n<ul>\n<li>Pode ser considerada uma vantagem para a\u00a0<strong>perda de peso<\/strong><\/li>\n<li>Uma vantagem para certos problemas relacionados com o c\u00f3lon<\/li>\n<li>Antibi\u00f3tico natural<\/li>\n<li>Pode ajudar a combater a\u2019<strong>hipertens\u00e3o arterial\u00a0<\/strong><\/li>\n<li>Tamb\u00e9m \u00e9 bom contra certas doen\u00e7as renais<\/li>\n<li>Ela tamb\u00e9m \u00e9 rica em c\u00e1lcio.<\/li>\n<\/ul>\n<p>Como j\u00e1 percebeu, esta<strong>\u00a0p\u00f3 vegetal\u00a0<\/strong>est\u00e1 repleta de benef\u00edcios para o prazer de muitos de n\u00f3s! E voc\u00ea, como vai passar sem ela agora?<\/p>\n<h2><strong>Algumas dicas para usar a goma ar\u00e1bica em p\u00f3<\/strong><\/h2>\n<p>Se tamb\u00e9m deseja aproveitar as in\u00fameras virtudes que emanam desta\u00a0<strong>seiva solidificada<\/strong>, N\u00e3o fa\u00e7a mais nenhum movimento, vamos contar-lhe mais...<\/p>\n<p>Para obter resultados satisfat\u00f3rios, pode consumi-lo como uma cura! Ou seja, todos os dias e de prefer\u00eancia em jejum. Tal<strong>\u00a0uma infus\u00e3o<\/strong>, deixe  a goma ar\u00e1bica em p\u00f3 em infus\u00e3o para que, quando estiver pronta, possa desfrutar deste tesouro natural.<\/p>\n<h3><strong>Natureza e bem-estar: uma combina\u00e7\u00e3o mais do que satisfat\u00f3ria<\/strong><\/h3>\n<p>Quer sentir-se bem consigo mesmo e, ao mesmo tempo, usar produtos naturais? A sua loja Safinel provavelmente tem a solu\u00e7\u00e3o!<\/p>\n<ul>\n<li>E se voc\u00ea conhecesse o\u2019<strong><a href=\"https:\/\/www.safinel.fr\/pt\/product-2\/yokebe\/\">\u00f3leo de yokebe<\/a>\u00a0<\/strong>Senhoras, preparem-se para causar inveja!<\/li>\n<\/ul>\n<ul>\n<li>Al\u00e9m disso, voc\u00ea tamb\u00e9m tem a possibilidade de conhecer a<strong>\u00a0<a href=\"https:\/\/www.safinel.fr\/pt\/product-2\/garra-de-gato\/\">garra de gato<\/a>\u00a0<\/strong>e os seus in\u00fameros benef\u00edcios!<\/li>\n<\/ul>\n<p>A sua loja online especializada em produtos de bem-estar est\u00e1 sempre empenhada em oferecer artigos que possam ser \u00fateis para si!<\/p>","protected":false},"excerpt":{"rendered":"<p>Se ainda n\u00e3o ouviu falar da goma ar\u00e1bica em p\u00f3 e dos seus in\u00fameros benef\u00edcios, est\u00e1 na hora de remediar isso... Sente-se e conhe\u00e7a um tesouro da natureza! E se lhe apresent\u00e1ssemos a goma ar\u00e1bica em p\u00f3? Se alguns se perguntam o que \u00e9 a goma ar\u00e1bica, fique \u00e0 vontade, [...]","protected":false},"featured_media":14650,"template":"","meta":[],"product_brand":[],"product_cat":[28],"product_tag":[],"class_list":{"0":"post-1590","1":"product","2":"type-product","3":"status-publish","4":"has-post-thumbnail","6":"product_cat-divers","8":"first","9":"instock","10":"shipping-taxable","11":"purchasable","12":"product-type-variable"},"yoast_head":"<!-- This site is optimized with the Yoast SEO plugin v26.6 - https:\/\/yoast.com\/wordpress\/plugins\/seo\/ -->\n<title>Gomme arabique I Contenance 150g I Marque El Nasr<\/title>\n<meta name=\"description\" content=\"Si vous n\u2019avez pas encore entendu parler de la\u00a0gomme arabique en poudre\u00a0et de ses nombreux bienfaits, il est temps d\u2019y rem\u00e9dier\u2026\" \/>\n<meta name=\"robots\" content=\"index, follow, max-snippet:-1, max-image-preview:large, max-video-preview:-1\" \/>\n<link rel=\"canonical\" href=\"https:\/\/www.safinel.fr\/pt\/product-2\/goma-arabica-em-po\/\" \/>\n<meta property=\"og:locale\" content=\"pt_PT\" \/>\n<meta property=\"og:type\" content=\"article\" \/>\n<meta property=\"og:title\" content=\"Gomme arabique I Contenance 150g I Marque El Nasr\" \/>\n<meta property=\"og:description\" content=\"Si vous n\u2019avez pas encore entendu parler de la\u00a0gomme arabique en poudre\u00a0et de ses nombreux bienfaits, il est temps d\u2019y rem\u00e9dier\u2026\" \/>\n<meta property=\"og:url\" content=\"https:\/\/www.safinel.fr\/pt\/product-2\/goma-arabica-em-po\/\" \/>\n<meta property=\"og:site_name\" content=\"Safinel\" \/>\n<meta property=\"article:modified_time\" content=\"2024-08-07T09:24:35+00:00\" \/>\n<meta property=\"og:image\" content=\"https:\/\/www.safinel.fr\/wp-content\/uploads\/2022\/06\/gomme-arabique-en-poudre.jpg\" \/>\n\t<meta property=\"og:image:width\" content=\"600\" \/>\n\t<meta property=\"og:image:height\" content=\"600\" \/>\n\t<meta property=\"og:image:type\" content=\"image\/jpeg\" \/>\n<meta name=\"twitter:card\" content=\"summary_large_image\" \/>\n<meta name=\"twitter:label1\" content=\"Tempo estimado de leitura\" \/>\n\t<meta name=\"twitter:data1\" content=\"3 minutos\" \/>\n<script type=\"application\/ld+json\" class=\"yoast-schema-graph\">{\"@context\":\"https:\/\/schema.org\",\"@graph\":[{\"@type\":\"WebPage\",\"@id\":\"https:\/\/www.safinel.fr\/produit\/gomme-arabique-en-poudre\/\",\"url\":\"https:\/\/www.safinel.fr\/produit\/gomme-arabique-en-poudre\/\",\"name\":\"Gomme arabique I Contenance 150g I Marque El Nasr\",\"isPartOf\":{\"@id\":\"https:\/\/www.safinel.fr\/#website\"},\"primaryImageOfPage\":{\"@id\":\"https:\/\/www.safinel.fr\/produit\/gomme-arabique-en-poudre\/#primaryimage\"},\"image\":{\"@id\":\"https:\/\/www.safinel.fr\/produit\/gomme-arabique-en-poudre\/#primaryimage\"},\"thumbnailUrl\":\"https:\/\/www.safinel.fr\/wp-content\/uploads\/2022\/06\/gomme-arabique-en-poudre.jpg\",\"datePublished\":\"2024-08-07T03:30:44+00:00\",\"dateModified\":\"2024-08-07T09:24:35+00:00\",\"description\":\"Si vous n\u2019avez pas encore entendu parler de la\u00a0gomme arabique en poudre\u00a0et de ses nombreux bienfaits, il est temps d\u2019y rem\u00e9dier\u2026\",\"breadcrumb\":{\"@id\":\"https:\/\/www.safinel.fr\/produit\/gomme-arabique-en-poudre\/#breadcrumb\"},\"inLanguage\":\"pt-PT\",\"potentialAction\":[{\"@type\":\"ReadAction\",\"target\":[\"https:\/\/www.safinel.fr\/produit\/gomme-arabique-en-poudre\/\"]}]},{\"@type\":\"ImageObject\",\"inLanguage\":\"pt-PT\",\"@id\":\"https:\/\/www.safinel.fr\/produit\/gomme-arabique-en-poudre\/#primaryimage\",\"url\":\"https:\/\/www.safinel.fr\/wp-content\/uploads\/2022\/06\/gomme-arabique-en-poudre.jpg\",\"contentUrl\":\"https:\/\/www.safinel.fr\/wp-content\/uploads\/2022\/06\/gomme-arabique-en-poudre.jpg\",\"width\":600,\"height\":600,\"caption\":\"gomme arabique en poudre\"},{\"@type\":\"BreadcrumbList\",\"@id\":\"https:\/\/www.safinel.fr\/produit\/gomme-arabique-en-poudre\/#breadcrumb\",\"itemListElement\":[{\"@type\":\"ListItem\",\"position\":1,\"name\":\"Accueil\",\"item\":\"https:\/\/www.safinel.fr\/\"},{\"@type\":\"ListItem\",\"position\":2,\"name\":\"Boutique\",\"item\":\"https:\/\/www.safinel.fr\/boutique\/\"},{\"@type\":\"ListItem\",\"position\":3,\"name\":\"Gomme arabique en poudre et enti\u00e8re 100g\"}]},{\"@type\":\"WebSite\",\"@id\":\"https:\/\/www.safinel.fr\/#website\",\"url\":\"https:\/\/www.safinel.fr\/\",\"name\":\"Safinel\",\"description\":\"\",\"publisher\":{\"@id\":\"https:\/\/www.safinel.fr\/#organization\"},\"potentialAction\":[{\"@type\":\"SearchAction\",\"target\":{\"@type\":\"EntryPoint\",\"urlTemplate\":\"https:\/\/www.safinel.fr\/?s={search_term_string}\"},\"query-input\":{\"@type\":\"PropertyValueSpecification\",\"valueRequired\":true,\"valueName\":\"search_term_string\"}}],\"inLanguage\":\"pt-PT\"},{\"@type\":\"Organization\",\"@id\":\"https:\/\/www.safinel.fr\/#organization\",\"name\":\"Safinel\",\"url\":\"https:\/\/www.safinel.fr\/\",\"logo\":{\"@type\":\"ImageObject\",\"inLanguage\":\"pt-PT\",\"@id\":\"https:\/\/www.safinel.fr\/#\/schema\/logo\/image\/\",\"url\":\"https:\/\/www.safinel.fr\/wp-content\/uploads\/2021\/05\/boutique-cosmetique.png\",\"contentUrl\":\"https:\/\/www.safinel.fr\/wp-content\/uploads\/2021\/05\/boutique-cosmetique.png\",\"width\":800,\"height\":200,\"caption\":\"Safinel\"},\"image\":{\"@id\":\"https:\/\/www.safinel.fr\/#\/schema\/logo\/image\/\"}}]}<\/script>\n<!-- \/ Yoast SEO plugin. -->","yoast_head_json":{"title":"Goma ar\u00e1bica I Capacidade 150 g I Marca El Nasr","description":"Se ainda n\u00e3o ouviu falar da goma ar\u00e1bica em p\u00f3 e dos seus in\u00fameros benef\u00edcios, est\u00e1 na hora de remediar isso...","robots":{"index":"index","follow":"follow","max-snippet":"max-snippet:-1","max-image-preview":"max-image-preview:large","max-video-preview":"max-video-preview:-1"},"canonical":"https:\/\/www.safinel.fr\/pt\/product-2\/goma-arabica-em-po\/","og_locale":"pt_PT","og_type":"article","og_title":"Gomme arabique I Contenance 150g I Marque El Nasr","og_description":"Si vous n\u2019avez pas encore entendu parler de la\u00a0gomme arabique en poudre\u00a0et de ses nombreux bienfaits, il est temps d\u2019y rem\u00e9dier\u2026","og_url":"https:\/\/www.safinel.fr\/pt\/product-2\/goma-arabica-em-po\/","og_site_name":"Safinel","article_modified_time":"2024-08-07T09:24:35+00:00","og_image":[{"width":600,"height":600,"url":"https:\/\/www.safinel.fr\/wp-content\/uploads\/2022\/06\/gomme-arabique-en-poudre.jpg","type":"image\/jpeg"}],"twitter_card":"summary_large_image","twitter_misc":{"Tempo estimado de leitura":"3 minutos"},"schema":{"@context":"https:\/\/schema.org","@graph":[{"@type":"WebPage","@id":"https:\/\/www.safinel.fr\/produit\/gomme-arabique-en-poudre\/","url":"https:\/\/www.safinel.fr\/produit\/gomme-arabique-en-poudre\/","name":"Goma ar\u00e1bica I Capacidade 150 g I Marca El Nasr","isPartOf":{"@id":"https:\/\/www.safinel.fr\/#website"},"primaryImageOfPage":{"@id":"https:\/\/www.safinel.fr\/produit\/gomme-arabique-en-poudre\/#primaryimage"},"image":{"@id":"https:\/\/www.safinel.fr\/produit\/gomme-arabique-en-poudre\/#primaryimage"},"thumbnailUrl":"https:\/\/www.safinel.fr\/wp-content\/uploads\/2022\/06\/gomme-arabique-en-poudre.jpg","datePublished":"2024-08-07T03:30:44+00:00","dateModified":"2024-08-07T09:24:35+00:00","description":"Se ainda n\u00e3o ouviu falar da goma ar\u00e1bica em p\u00f3 e dos seus in\u00fameros benef\u00edcios, est\u00e1 na hora de remediar isso...","breadcrumb":{"@id":"https:\/\/www.safinel.fr\/produit\/gomme-arabique-en-poudre\/#breadcrumb"},"inLanguage":"pt-PT","potentialAction":[{"@type":"ReadAction","target":["https:\/\/www.safinel.fr\/produit\/gomme-arabique-en-poudre\/"]}]},{"@type":"ImageObject","inLanguage":"pt-PT","@id":"https:\/\/www.safinel.fr\/produit\/gomme-arabique-en-poudre\/#primaryimage","url":"https:\/\/www.safinel.fr\/wp-content\/uploads\/2022\/06\/gomme-arabique-en-poudre.jpg","contentUrl":"https:\/\/www.safinel.fr\/wp-content\/uploads\/2022\/06\/gomme-arabique-en-poudre.jpg","width":600,"height":600,"caption":"gomme arabique en poudre"},{"@type":"BreadcrumbList","@id":"https:\/\/www.safinel.fr\/produit\/gomme-arabique-en-poudre\/#breadcrumb","itemListElement":[{"@type":"ListItem","position":1,"name":"Accueil","item":"https:\/\/www.safinel.fr\/"},{"@type":"ListItem","position":2,"name":"Boutique","item":"https:\/\/www.safinel.fr\/boutique\/"},{"@type":"ListItem","position":3,"name":"Gomme arabique en poudre et enti\u00e8re 100g"}]},{"@type":"WebSite","@id":"https:\/\/www.safinel.fr\/#website","url":"https:\/\/www.safinel.fr\/","name":"Safinel","description":"","publisher":{"@id":"https:\/\/www.safinel.fr\/#organization"},"potentialAction":[{"@type":"SearchAction","target":{"@type":"EntryPoint","urlTemplate":"https:\/\/www.safinel.fr\/?s={search_term_string}"},"query-input":{"@type":"PropertyValueSpecification","valueRequired":true,"valueName":"search_term_string"}}],"inLanguage":"pt-PT"},{"@type":"Organization","@id":"https:\/\/www.safinel.fr\/#organization","name":"Safinel","url":"https:\/\/www.safinel.fr\/","logo":{"@type":"ImageObject","inLanguage":"pt-PT","@id":"https:\/\/www.safinel.fr\/#\/schema\/logo\/image\/","url":"https:\/\/www.safinel.fr\/wp-content\/uploads\/2021\/05\/boutique-cosmetique.png","contentUrl":"https:\/\/www.safinel.fr\/wp-content\/uploads\/2021\/05\/boutique-cosmetique.png","width":800,"height":200,"caption":"Safinel"},"image":{"@id":"https:\/\/www.safinel.fr\/#\/schema\/logo\/image\/"}}]}},"_links":{"self":[{"href":"https:\/\/www.safinel.fr\/pt\/wp-json\/wp\/v2\/product\/1590","targetHints":{"allow":["GET"]}}],"collection":[{"href":"https:\/\/www.safinel.fr\/pt\/wp-json\/wp\/v2\/product"}],"about":[{"href":"https:\/\/www.safinel.fr\/pt\/wp-json\/wp\/v2\/types\/product"}],"wp:featuredmedia":[{"embeddable":true,"href":"https:\/\/www.safinel.fr\/pt\/wp-json\/wp\/v2\/media\/14650"}],"wp:attachment":[{"href":"https:\/\/www.safinel.fr\/pt\/wp-json\/wp\/v2\/media?parent=1590"}],"wp:term":[{"taxonomy":"product_brand","embeddable":true,"href":"https:\/\/www.safinel.fr\/pt\/wp-json\/wp\/v2\/product_brand?post=1590"},{"taxonomy":"product_cat","embeddable":true,"href":"https:\/\/www.safinel.fr\/pt\/wp-json\/wp\/v2\/product_cat?post=1590"},{"taxonomy":"product_tag","embeddable":true,"href":"https:\/\/www.safinel.fr\/pt\/wp-json\/wp\/v2\/product_tag?post=1590"}],"curies":[{"name":"wp","href":"https:\/\/api.w.org\/{rel}","templated":true}]}}