{"id":1457,"date":"2022-06-12T05:33:58","date_gmt":"2022-06-12T05:33:58","guid":{"rendered":"https:\/\/www.safinel.fr\/?post_type=product&#038;p=1457"},"modified":"2023-12-28T17:15:18","modified_gmt":"2023-12-28T17:15:18","slug":"folha-de-mangueira","status":"publish","type":"product","link":"https:\/\/www.safinel.fr\/pt\/product-2\/folha-de-mangueira\/","title":{"rendered":"Folhas de mangueira"},"content":{"rendered":"<p>Os<strong>\u00a0folhas de mangueira<\/strong>\u00a0n\u00e3o s\u00e3o t\u00e3o populares quanto os seus frutos. No entanto, t\u00eam propriedades que contribuem para melhorar a sa\u00fade. Por isso, vamos descobri-las.<\/p>\n<h2><strong>Zoom nas folhas da mangueira\u00a0<\/strong><\/h2>\n<p>Estas \u00faltimas concentram compostos vegetais com atividade farmacol\u00f3gica. Mais especificamente, atribui-se-lhes uma atividade antioxidante, anti-inflamat\u00f3ria, antibacteriana e antitumoral.<\/p>\n<p>Existem aproximadamente 69 esp\u00e9cies de mangifera, sendo a mais conhecida a Mangifera indica. Se em\u00a0<strong>esta planta,\u00a0<\/strong>Podemos aproveitar o caule, a casca, as ra\u00edzes e at\u00e9 mesmo o fruto, mas \u00e9 nas folhas que se encontram os efeitos terap\u00eauticos mais poderosos. Por isso, vamos ver os benef\u00edcios acima.<\/p>\n<h2><strong>Os benef\u00edcios surpreendentes das folhas da mangueira<\/strong><\/h2>\n<p>Muitas pessoas desconhecem os benef\u00edcios das folhas da mangueira. No entanto, embora esta fruta seja bastante conhecida pelo seu sabor e versatilidade, poucas pessoas sabem que as folhas tamb\u00e9m s\u00e3o comest\u00edveis e nutritivas.<\/p>\n<p>As folhas da mangueira s\u00e3o:<\/p>\n<ul>\n<li><strong>Concentrados de compostos vegetais saud\u00e1veis:<\/strong><\/li>\n<\/ul>\n<p>De facto, os benef\u00edcios destas \u00faltimas prov\u00eam da sua interessante concentra\u00e7\u00e3o em compostos vegetais. Mais especificamente, fornecem polifen\u00f3is e terpenos, conhecidos pela sua capacidade de prote\u00e7\u00e3o contra os efeitos negativos dos radicais livres.<\/p>\n<ul>\n<li>Elas t\u00eam uma\u00a0<strong>atividade anti-inflamat\u00f3ria:<\/strong><\/li>\n<\/ul>\n<p>Uma das propriedades mais conhecidas das folhas da mangueira \u00e9 a sua capacidade anti-inflamat\u00f3ria.<\/p>\n<ul>\n<li><strong>Elas ajudam a perder peso:<\/strong><\/li>\n<\/ul>\n<p>Incorporadas a uma dieta saud\u00e1vel e variada, estas folhas podem ajudar a atingir um peso saud\u00e1vel e equilibrado.<\/p>\n<ul>\n<li>Da mesma forma,\u00a0<strong>contribuem para o tratamento da diabetes:<\/strong><\/li>\n<\/ul>\n<p>Esta planta, devido \u00e0 sua capacidade de melhorar o metabolismo das gorduras, tamb\u00e9m tem um efeito favor\u00e1vel no controlo dos n\u00edveis de glicose no sangue.<\/p>\n<ul>\n<li><strong>Estas \u00faltimas tamb\u00e9m promovem a sa\u00fade da pele:<\/strong><\/li>\n<\/ul>\n<p>Os benef\u00edcios dessas folhas tamb\u00e9m afetam a pele. E isso se deve \u00e0 sua alta concentra\u00e7\u00e3o de antioxidantes.<\/p>\n<ul>\n<li>Por fim,\u00a0<strong>elas promovem a sa\u00fade capilar:<\/strong><\/li>\n<\/ul>\n<p>As folhas e as suas propriedades antioxidantes podem ajudar a combater a deteriora\u00e7\u00e3o do cabelo. Na verdade, elas ajudam a evitar a queda excessiva e a promover um bom crescimento.<\/p>\n<p>Muitos benef\u00edcios em todas estas folhas! Tamb\u00e9m oferecemos\u00a0<a href=\"https:\/\/www.safinel.fr\/pt\/product-2\/folha-de-eucalipto\/\"><strong>folhas de eucalipto<\/strong><\/a>, folhas que tamb\u00e9m cont\u00eam in\u00fameros benef\u00edcios.<\/p>\n<h2><strong>Como consumir as folhas da mangueira?\u00a0<\/strong><\/h2>\n<p>Os<strong>\u00a0folhas de mangueira\u00a0<\/strong>s\u00e3o comest\u00edveis e podem ser adicionadas a receitas de saladas. No entanto, a forma mais conhecida de consumo \u00e9 atrav\u00e9s da prepara\u00e7\u00e3o de uma infus\u00e3o. Para isso, basta ferver cerca de 12 folhas de manga em um litro de \u00e1gua. Depois de ferver, deixe repousar at\u00e9 que a infus\u00e3o esteja pronta para beber.<\/p>\n<p>Al\u00e9m disso, tamb\u00e9m pode ser encontrada na forma de p\u00f3 para diluir em \u00e1gua, para consumo oral ou aplica\u00e7\u00e3o externa.<\/p>\n<p>O seu consumo depender\u00e1 das suas necessidades e desejos.<\/p>\n<h3><strong>Precau\u00e7\u00f5es<\/strong><\/h3>\n<p>Se estiver a fazer algum tratamento, \u00e9 melhor consultar o seu m\u00e9dico.<\/p>\n<p>Da mesma forma, por precau\u00e7\u00e3o, \u00e9\u00a0<strong>desaconselhado<\/strong>\u00a0utilizar este produto em crian\u00e7as pequenas e em mulheres gr\u00e1vidas ou a amamentar.<\/p>","protected":false},"excerpt":{"rendered":"<p>Les\u00a0feuilles de manguier\u00a0ne sont pas aussi populaires que leur fruit. Toutefois, elles ont des propri\u00e9t\u00e9s qui contribuent \u00e0 am\u00e9liorer la sant\u00e9. De ce fait, partons \u00e0 leur d\u00e9couverte. Zoom sur les feuilles de manguier\u00a0 Ces derni\u00e8res concentrent des compos\u00e9s v\u00e9g\u00e9taux qui ont une activit\u00e9 pharmacologique. Plus pr\u00e9cis\u00e9ment, on leur attribue une activit\u00e9 antioxydante, anti-inflammatoire, antibact\u00e9rienne [&#8230;]","protected":false},"featured_media":1458,"template":"","meta":[],"product_brand":[],"product_cat":[27],"product_tag":[],"class_list":{"0":"post-1457","1":"product","2":"type-product","3":"status-publish","4":"has-post-thumbnail","6":"product_cat-plantes-medicinales","8":"first","9":"instock","10":"shipping-taxable","11":"purchasable","12":"product-type-variable","13":"has-default-attributes"},"yoast_head":"<!-- This site is optimized with the Yoast SEO plugin v26.6 - https:\/\/yoast.com\/wordpress\/plugins\/seo\/ -->\n<title>Feuilles de manguier I Produits naturels aux bienfaits nombreux<\/title>\n<meta name=\"description\" content=\"Les\u00a0feuilles de manguier\u00a0ne sont pas aussi populaires que leur fruit. Elles ont des propri\u00e9t\u00e9s qui contribuent \u00e0 am\u00e9liorer la sant\u00e9.\" \/>\n<meta name=\"robots\" content=\"index, follow, max-snippet:-1, max-image-preview:large, max-video-preview:-1\" \/>\n<link rel=\"canonical\" href=\"https:\/\/www.safinel.fr\/pt\/product-2\/folha-de-mangueira\/\" \/>\n<meta property=\"og:locale\" content=\"pt_PT\" \/>\n<meta property=\"og:type\" content=\"article\" \/>\n<meta property=\"og:title\" content=\"Feuilles de manguier I Produits naturels aux bienfaits nombreux\" \/>\n<meta property=\"og:description\" content=\"Les\u00a0feuilles de manguier\u00a0ne sont pas aussi populaires que leur fruit. Elles ont des propri\u00e9t\u00e9s qui contribuent \u00e0 am\u00e9liorer la sant\u00e9.\" \/>\n<meta property=\"og:url\" content=\"https:\/\/www.safinel.fr\/pt\/product-2\/folha-de-mangueira\/\" \/>\n<meta property=\"og:site_name\" content=\"Safinel\" \/>\n<meta property=\"article:modified_time\" content=\"2023-12-28T17:15:18+00:00\" \/>\n<meta property=\"og:image\" content=\"https:\/\/www.safinel.fr\/wp-content\/uploads\/2022\/06\/feuilles-de-manguier.jpg\" \/>\n\t<meta property=\"og:image:width\" content=\"600\" \/>\n\t<meta property=\"og:image:height\" content=\"600\" \/>\n\t<meta property=\"og:image:type\" content=\"image\/jpeg\" \/>\n<meta name=\"twitter:card\" content=\"summary_large_image\" \/>\n<meta name=\"twitter:label1\" content=\"Tempo estimado de leitura\" \/>\n\t<meta name=\"twitter:data1\" content=\"3 minutos\" \/>\n<script type=\"application\/ld+json\" class=\"yoast-schema-graph\">{\"@context\":\"https:\/\/schema.org\",\"@graph\":[{\"@type\":\"WebPage\",\"@id\":\"https:\/\/www.safinel.fr\/produit\/feuille-de-manguier\/\",\"url\":\"https:\/\/www.safinel.fr\/produit\/feuille-de-manguier\/\",\"name\":\"Feuilles de manguier I Produits naturels aux bienfaits nombreux\",\"isPartOf\":{\"@id\":\"https:\/\/www.safinel.fr\/#website\"},\"primaryImageOfPage\":{\"@id\":\"https:\/\/www.safinel.fr\/produit\/feuille-de-manguier\/#primaryimage\"},\"image\":{\"@id\":\"https:\/\/www.safinel.fr\/produit\/feuille-de-manguier\/#primaryimage\"},\"thumbnailUrl\":\"https:\/\/www.safinel.fr\/wp-content\/uploads\/2022\/06\/feuilles-de-manguier.jpg\",\"datePublished\":\"2022-06-12T05:33:58+00:00\",\"dateModified\":\"2023-12-28T17:15:18+00:00\",\"description\":\"Les\u00a0feuilles de manguier\u00a0ne sont pas aussi populaires que leur fruit. Elles ont des propri\u00e9t\u00e9s qui contribuent \u00e0 am\u00e9liorer la sant\u00e9.\",\"breadcrumb\":{\"@id\":\"https:\/\/www.safinel.fr\/produit\/feuille-de-manguier\/#breadcrumb\"},\"inLanguage\":\"pt-PT\",\"potentialAction\":[{\"@type\":\"ReadAction\",\"target\":[\"https:\/\/www.safinel.fr\/produit\/feuille-de-manguier\/\"]}]},{\"@type\":\"ImageObject\",\"inLanguage\":\"pt-PT\",\"@id\":\"https:\/\/www.safinel.fr\/produit\/feuille-de-manguier\/#primaryimage\",\"url\":\"https:\/\/www.safinel.fr\/wp-content\/uploads\/2022\/06\/feuilles-de-manguier.jpg\",\"contentUrl\":\"https:\/\/www.safinel.fr\/wp-content\/uploads\/2022\/06\/feuilles-de-manguier.jpg\",\"width\":600,\"height\":600,\"caption\":\"Feuille de manguier\"},{\"@type\":\"BreadcrumbList\",\"@id\":\"https:\/\/www.safinel.fr\/produit\/feuille-de-manguier\/#breadcrumb\",\"itemListElement\":[{\"@type\":\"ListItem\",\"position\":1,\"name\":\"Accueil\",\"item\":\"https:\/\/www.safinel.fr\/\"},{\"@type\":\"ListItem\",\"position\":2,\"name\":\"Boutique\",\"item\":\"https:\/\/www.safinel.fr\/boutique\/\"},{\"@type\":\"ListItem\",\"position\":3,\"name\":\"Feuilles de manguier\"}]},{\"@type\":\"WebSite\",\"@id\":\"https:\/\/www.safinel.fr\/#website\",\"url\":\"https:\/\/www.safinel.fr\/\",\"name\":\"Safinel\",\"description\":\"\",\"publisher\":{\"@id\":\"https:\/\/www.safinel.fr\/#organization\"},\"potentialAction\":[{\"@type\":\"SearchAction\",\"target\":{\"@type\":\"EntryPoint\",\"urlTemplate\":\"https:\/\/www.safinel.fr\/?s={search_term_string}\"},\"query-input\":{\"@type\":\"PropertyValueSpecification\",\"valueRequired\":true,\"valueName\":\"search_term_string\"}}],\"inLanguage\":\"pt-PT\"},{\"@type\":\"Organization\",\"@id\":\"https:\/\/www.safinel.fr\/#organization\",\"name\":\"Safinel\",\"url\":\"https:\/\/www.safinel.fr\/\",\"logo\":{\"@type\":\"ImageObject\",\"inLanguage\":\"pt-PT\",\"@id\":\"https:\/\/www.safinel.fr\/#\/schema\/logo\/image\/\",\"url\":\"https:\/\/www.safinel.fr\/wp-content\/uploads\/2021\/05\/boutique-cosmetique.png\",\"contentUrl\":\"https:\/\/www.safinel.fr\/wp-content\/uploads\/2021\/05\/boutique-cosmetique.png\",\"width\":800,\"height\":200,\"caption\":\"Safinel\"},\"image\":{\"@id\":\"https:\/\/www.safinel.fr\/#\/schema\/logo\/image\/\"}}]}<\/script>\n<!-- \/ Yoast SEO plugin. -->","yoast_head_json":{"title":"Folhas de manga I Produtos naturais com in\u00fameros benef\u00edcios","description":"As folhas da mangueira n\u00e3o s\u00e3o t\u00e3o populares quanto os seus frutos. Elas t\u00eam propriedades que contribuem para melhorar a sa\u00fade.","robots":{"index":"index","follow":"follow","max-snippet":"max-snippet:-1","max-image-preview":"max-image-preview:large","max-video-preview":"max-video-preview:-1"},"canonical":"https:\/\/www.safinel.fr\/pt\/product-2\/folha-de-mangueira\/","og_locale":"pt_PT","og_type":"article","og_title":"Feuilles de manguier I Produits naturels aux bienfaits nombreux","og_description":"Les\u00a0feuilles de manguier\u00a0ne sont pas aussi populaires que leur fruit. Elles ont des propri\u00e9t\u00e9s qui contribuent \u00e0 am\u00e9liorer la sant\u00e9.","og_url":"https:\/\/www.safinel.fr\/pt\/product-2\/folha-de-mangueira\/","og_site_name":"Safinel","article_modified_time":"2023-12-28T17:15:18+00:00","og_image":[{"width":600,"height":600,"url":"https:\/\/www.safinel.fr\/wp-content\/uploads\/2022\/06\/feuilles-de-manguier.jpg","type":"image\/jpeg"}],"twitter_card":"summary_large_image","twitter_misc":{"Tempo estimado de leitura":"3 minutos"},"schema":{"@context":"https:\/\/schema.org","@graph":[{"@type":"WebPage","@id":"https:\/\/www.safinel.fr\/produit\/feuille-de-manguier\/","url":"https:\/\/www.safinel.fr\/produit\/feuille-de-manguier\/","name":"Folhas de manga I Produtos naturais com in\u00fameros benef\u00edcios","isPartOf":{"@id":"https:\/\/www.safinel.fr\/#website"},"primaryImageOfPage":{"@id":"https:\/\/www.safinel.fr\/produit\/feuille-de-manguier\/#primaryimage"},"image":{"@id":"https:\/\/www.safinel.fr\/produit\/feuille-de-manguier\/#primaryimage"},"thumbnailUrl":"https:\/\/www.safinel.fr\/wp-content\/uploads\/2022\/06\/feuilles-de-manguier.jpg","datePublished":"2022-06-12T05:33:58+00:00","dateModified":"2023-12-28T17:15:18+00:00","description":"As folhas da mangueira n\u00e3o s\u00e3o t\u00e3o populares quanto os seus frutos. Elas t\u00eam propriedades que contribuem para melhorar a sa\u00fade.","breadcrumb":{"@id":"https:\/\/www.safinel.fr\/produit\/feuille-de-manguier\/#breadcrumb"},"inLanguage":"pt-PT","potentialAction":[{"@type":"ReadAction","target":["https:\/\/www.safinel.fr\/produit\/feuille-de-manguier\/"]}]},{"@type":"ImageObject","inLanguage":"pt-PT","@id":"https:\/\/www.safinel.fr\/produit\/feuille-de-manguier\/#primaryimage","url":"https:\/\/www.safinel.fr\/wp-content\/uploads\/2022\/06\/feuilles-de-manguier.jpg","contentUrl":"https:\/\/www.safinel.fr\/wp-content\/uploads\/2022\/06\/feuilles-de-manguier.jpg","width":600,"height":600,"caption":"Feuille de manguier"},{"@type":"BreadcrumbList","@id":"https:\/\/www.safinel.fr\/produit\/feuille-de-manguier\/#breadcrumb","itemListElement":[{"@type":"ListItem","position":1,"name":"Accueil","item":"https:\/\/www.safinel.fr\/"},{"@type":"ListItem","position":2,"name":"Boutique","item":"https:\/\/www.safinel.fr\/boutique\/"},{"@type":"ListItem","position":3,"name":"Feuilles de manguier"}]},{"@type":"WebSite","@id":"https:\/\/www.safinel.fr\/#website","url":"https:\/\/www.safinel.fr\/","name":"Safinel","description":"","publisher":{"@id":"https:\/\/www.safinel.fr\/#organization"},"potentialAction":[{"@type":"SearchAction","target":{"@type":"EntryPoint","urlTemplate":"https:\/\/www.safinel.fr\/?s={search_term_string}"},"query-input":{"@type":"PropertyValueSpecification","valueRequired":true,"valueName":"search_term_string"}}],"inLanguage":"pt-PT"},{"@type":"Organization","@id":"https:\/\/www.safinel.fr\/#organization","name":"Safinel","url":"https:\/\/www.safinel.fr\/","logo":{"@type":"ImageObject","inLanguage":"pt-PT","@id":"https:\/\/www.safinel.fr\/#\/schema\/logo\/image\/","url":"https:\/\/www.safinel.fr\/wp-content\/uploads\/2021\/05\/boutique-cosmetique.png","contentUrl":"https:\/\/www.safinel.fr\/wp-content\/uploads\/2021\/05\/boutique-cosmetique.png","width":800,"height":200,"caption":"Safinel"},"image":{"@id":"https:\/\/www.safinel.fr\/#\/schema\/logo\/image\/"}}]}},"_links":{"self":[{"href":"https:\/\/www.safinel.fr\/pt\/wp-json\/wp\/v2\/product\/1457","targetHints":{"allow":["GET"]}}],"collection":[{"href":"https:\/\/www.safinel.fr\/pt\/wp-json\/wp\/v2\/product"}],"about":[{"href":"https:\/\/www.safinel.fr\/pt\/wp-json\/wp\/v2\/types\/product"}],"wp:featuredmedia":[{"embeddable":true,"href":"https:\/\/www.safinel.fr\/pt\/wp-json\/wp\/v2\/media\/1458"}],"wp:attachment":[{"href":"https:\/\/www.safinel.fr\/pt\/wp-json\/wp\/v2\/media?parent=1457"}],"wp:term":[{"taxonomy":"product_brand","embeddable":true,"href":"https:\/\/www.safinel.fr\/pt\/wp-json\/wp\/v2\/product_brand?post=1457"},{"taxonomy":"product_cat","embeddable":true,"href":"https:\/\/www.safinel.fr\/pt\/wp-json\/wp\/v2\/product_cat?post=1457"},{"taxonomy":"product_tag","embeddable":true,"href":"https:\/\/www.safinel.fr\/pt\/wp-json\/wp\/v2\/product_tag?post=1457"}],"curies":[{"name":"wp","href":"https:\/\/api.w.org\/{rel}","templated":true}]}}