{"id":1440,"date":"2022-04-09T14:31:20","date_gmt":"2022-04-09T14:31:20","guid":{"rendered":"https:\/\/www.safinel.fr\/?post_type=product&#038;p=1440"},"modified":"2023-12-28T17:15:18","modified_gmt":"2023-12-28T17:15:18","slug":"rebucado-de-alcacuz","status":"publish","type":"product","link":"https:\/\/www.safinel.fr\/pt\/product-2\/rebucado-de-alcacuz\/","title":{"rendered":"Doce de alca\u00e7uz"},"content":{"rendered":"<p>Na sua mochila, l\u00e1pis de cor, saco de bolinhas de gude, pacote de leite e guloseimas de todos os tipos. Prepare-se para uma viagem diferente de todas as outras... Finalmente chegou a hora de voltar \u00e0 inf\u00e2ncia por um breve instante e falar sobre o famoso <strong>rebu\u00e7ado de alca\u00e7uz<\/strong> !<\/p>\n<h2><strong>Docinho r<\/strong><strong>igreja <\/strong><strong>regresso ao passado...\u00a0<\/strong><\/h2>\n<p>Amarrou bem os sapatos? Segure bem a m\u00e3o, porque a sa\u00edda vai come\u00e7ar em breve. Na ordem do dia, rebu\u00e7ados de alca\u00e7uz e companhia, chegou a hora das recorda\u00e7\u00f5es!<\/p>\n<p>De facto, este doce muito cobi\u00e7ado anteriormente era a guloseima por excel\u00eancia. Existia em diferentes formas, todas igualmente deliciosas!<\/p>\n<ul>\n<li><strong>Bombo duro para chupar<\/strong> que os av\u00f3s guardavam cuidadosamente numa caixa para oferecerem como recompensa.<\/li>\n<li>Pequeno sandu\u00edche em <strong>pasta de am\u00eandoas<\/strong> revelando aquele famoso toque de alca\u00e7uz<\/li>\n<li>Os mais conhecidos s\u00e3o os insubstitu\u00edveis<strong> rolos de alca\u00e7uz <\/strong>!<\/li>\n<\/ul>\n<p>Tantas op\u00e7\u00f5es, para um sabor \u00fanico e fant\u00e1stico. Era combinado com v\u00e1rios sabores, para o deleite dos mais gulosos.<\/p>\n<h2><strong>doce de alca\u00e7uz: Descri\u00e7\u00e3o, emo\u00e7\u00e3o, sensa\u00e7\u00e3o!<\/strong><\/h2>\n<p>As mem\u00f3rias est\u00e3o por vezes ligadas a sensa\u00e7\u00f5es, emo\u00e7\u00f5es ou momentos espec\u00edficos que marcaram a mem\u00f3ria.<strong> As guloseimas<\/strong> t\u00eam essa rela\u00e7\u00e3o segura que as crian\u00e7as adoram... mas n\u00e3o s\u00f3 as crian\u00e7as!<\/p>\n<p>De facto, <strong>os doces<\/strong> s\u00e3o conhecidas por serem<strong> um relaxante<\/strong>, frequentemente administradas \u00e0s crian\u00e7as para ajudar a acalmar as crises, tamb\u00e9m s\u00e3o apreciadas pelos mais velhos em momentos de ansiedade ou eventos dif\u00edceis.<\/p>\n<p>A <strong>do\u00e7ura de um doce<\/strong> para o prazer do paladar. O alca\u00e7uz \u00e9 o seu <a href=\"https:\/\/www.safinel.fr\/pt\/product-2\/cha-de-alcacuz\/\"><strong>sabor de anis<\/strong><\/a> \u00e9 um doce muito agrad\u00e1vel ao paladar. Tanto para a gera\u00e7\u00e3o mais velha como para a atual, este doce \u00e9 simplesmente intemporal!<\/p>\n<h2><strong>Doce de alca\u00e7uz: uma guloseima que est\u00e1 de volta \u00e0 moda<\/strong><\/h2>\n<p>De facto, este lend\u00e1rio doce, muito conhecido nos anos 80, est\u00e1 hoje de volta com mais for\u00e7a do que nunca! Mantendo as suas formas mais conhecidas, ele sabe como seduzir. Lentamente, mas com seguran\u00e7a, ele sobe na lista de prefer\u00eancias das crian\u00e7as, para alegria dos pais!<\/p>\n<p>Em <strong>caixa familiar<\/strong>, ou em <strong>saquinho individual<\/strong>, O alca\u00e7uz \u00e9 um doce que nunca sai de moda! Muitos doces desapareceram, mas este bast\u00e3o decidiu lutar contra as tend\u00eancias da moda.<\/p>\n<p>Se tamb\u00e9m faz parte daqueles que apreciam doces e, principalmente, rebu\u00e7ados de alca\u00e7uz, est\u00e1 no s\u00edtio certo!<\/p>\n<h3><strong>E voc\u00ea, qual \u00e9 o seu doce de alca\u00e7uz preferido?<\/strong><\/h3>\n<p>Estamos curiosos para saber qual \u00e9 a sua <strong>guloseima preta<\/strong> com o sabor de anis que mais aprecia. Torcido ou sandu\u00edche com pasta de a\u00e7\u00facar? Doce para chupar ou pequena guloseima, o importante \u00e9 que sinta o seu prazer!<\/p>\n<p>Dito isto, sem estragar a festa, \u00e9 igualmente importante lembrar que o consumo excessivo de a\u00e7\u00facar n\u00e3o \u00e9 recomendado. E que privilegiar frutas e vegetais \u00e9 bom para o organismo!<\/p>\n<p>Al\u00e9m disso, n\u00e3o se esque\u00e7a de escovar bem os dentes, 2 a 3 vezes por dia, para manter uma denti\u00e7\u00e3o saud\u00e1vel e em bom estado.<\/p>","protected":false},"excerpt":{"rendered":"<p><strong>Caracter\u00edsticas:<\/strong><\/p>\n<p>Vegan, sem lactose, sem subst\u00e2ncias de origem animal.<\/p>","protected":false},"featured_media":1444,"template":"","meta":[],"product_brand":[],"product_cat":[28],"product_tag":[],"class_list":{"0":"post-1440","1":"product","2":"type-product","3":"status-publish","4":"has-post-thumbnail","6":"product_cat-divers","8":"first","9":"outofstock","10":"shipping-taxable","11":"purchasable","12":"product-type-variable"},"yoast_head":"<!-- This site is optimized with the Yoast SEO plugin v26.6 - https:\/\/yoast.com\/wordpress\/plugins\/seo\/ -->\n<title>Bonbon reglisse | V\u00e9gan sans lactose et sans substance animal<\/title>\n<meta name=\"description\" content=\"Il est enfin venu le temps de retourner en enfance pour un court instant et de parler du fameux bonbon reglisse.\" \/>\n<meta name=\"robots\" content=\"index, follow, max-snippet:-1, max-image-preview:large, max-video-preview:-1\" \/>\n<link rel=\"canonical\" href=\"https:\/\/www.safinel.fr\/pt\/product-2\/rebucado-de-alcacuz\/\" \/>\n<meta property=\"og:locale\" content=\"pt_PT\" \/>\n<meta property=\"og:type\" content=\"article\" \/>\n<meta property=\"og:title\" content=\"Bonbon reglisse | V\u00e9gan sans lactose et sans substance animal\" \/>\n<meta property=\"og:description\" content=\"Il est enfin venu le temps de retourner en enfance pour un court instant et de parler du fameux bonbon reglisse.\" \/>\n<meta property=\"og:url\" content=\"https:\/\/www.safinel.fr\/pt\/product-2\/rebucado-de-alcacuz\/\" \/>\n<meta property=\"og:site_name\" content=\"Safinel\" \/>\n<meta property=\"article:modified_time\" content=\"2023-12-28T17:15:18+00:00\" \/>\n<meta property=\"og:image\" content=\"https:\/\/www.safinel.fr\/wp-content\/uploads\/2022\/06\/bonbon-reglisse-vrac.jpg\" \/>\n\t<meta property=\"og:image:width\" content=\"600\" \/>\n\t<meta property=\"og:image:height\" content=\"600\" \/>\n\t<meta property=\"og:image:type\" content=\"image\/jpeg\" \/>\n<meta name=\"twitter:card\" content=\"summary_large_image\" \/>\n<meta name=\"twitter:label1\" content=\"Tempo estimado de leitura\" \/>\n\t<meta name=\"twitter:data1\" content=\"3 minutos\" \/>\n<script type=\"application\/ld+json\" class=\"yoast-schema-graph\">{\"@context\":\"https:\/\/schema.org\",\"@graph\":[{\"@type\":\"WebPage\",\"@id\":\"https:\/\/www.safinel.fr\/produit\/bonbon-reglisse\/\",\"url\":\"https:\/\/www.safinel.fr\/produit\/bonbon-reglisse\/\",\"name\":\"Bonbon reglisse | V\u00e9gan sans lactose et sans substance animal\",\"isPartOf\":{\"@id\":\"https:\/\/www.safinel.fr\/#website\"},\"primaryImageOfPage\":{\"@id\":\"https:\/\/www.safinel.fr\/produit\/bonbon-reglisse\/#primaryimage\"},\"image\":{\"@id\":\"https:\/\/www.safinel.fr\/produit\/bonbon-reglisse\/#primaryimage\"},\"thumbnailUrl\":\"https:\/\/www.safinel.fr\/wp-content\/uploads\/2022\/06\/bonbon-reglisse-vrac.jpg\",\"datePublished\":\"2022-04-09T14:31:20+00:00\",\"dateModified\":\"2023-12-28T17:15:18+00:00\",\"description\":\"Il est enfin venu le temps de retourner en enfance pour un court instant et de parler du fameux bonbon reglisse.\",\"breadcrumb\":{\"@id\":\"https:\/\/www.safinel.fr\/produit\/bonbon-reglisse\/#breadcrumb\"},\"inLanguage\":\"pt-PT\",\"potentialAction\":[{\"@type\":\"ReadAction\",\"target\":[\"https:\/\/www.safinel.fr\/produit\/bonbon-reglisse\/\"]}]},{\"@type\":\"ImageObject\",\"inLanguage\":\"pt-PT\",\"@id\":\"https:\/\/www.safinel.fr\/produit\/bonbon-reglisse\/#primaryimage\",\"url\":\"https:\/\/www.safinel.fr\/wp-content\/uploads\/2022\/06\/bonbon-reglisse-vrac.jpg\",\"contentUrl\":\"https:\/\/www.safinel.fr\/wp-content\/uploads\/2022\/06\/bonbon-reglisse-vrac.jpg\",\"width\":600,\"height\":600,\"caption\":\"Bonbon reglisse\"},{\"@type\":\"BreadcrumbList\",\"@id\":\"https:\/\/www.safinel.fr\/produit\/bonbon-reglisse\/#breadcrumb\",\"itemListElement\":[{\"@type\":\"ListItem\",\"position\":1,\"name\":\"Accueil\",\"item\":\"https:\/\/www.safinel.fr\/\"},{\"@type\":\"ListItem\",\"position\":2,\"name\":\"Boutique\",\"item\":\"https:\/\/www.safinel.fr\/boutique\/\"},{\"@type\":\"ListItem\",\"position\":3,\"name\":\"Bonbon reglisse\"}]},{\"@type\":\"WebSite\",\"@id\":\"https:\/\/www.safinel.fr\/#website\",\"url\":\"https:\/\/www.safinel.fr\/\",\"name\":\"Safinel\",\"description\":\"\",\"publisher\":{\"@id\":\"https:\/\/www.safinel.fr\/#organization\"},\"potentialAction\":[{\"@type\":\"SearchAction\",\"target\":{\"@type\":\"EntryPoint\",\"urlTemplate\":\"https:\/\/www.safinel.fr\/?s={search_term_string}\"},\"query-input\":{\"@type\":\"PropertyValueSpecification\",\"valueRequired\":true,\"valueName\":\"search_term_string\"}}],\"inLanguage\":\"pt-PT\"},{\"@type\":\"Organization\",\"@id\":\"https:\/\/www.safinel.fr\/#organization\",\"name\":\"Safinel\",\"url\":\"https:\/\/www.safinel.fr\/\",\"logo\":{\"@type\":\"ImageObject\",\"inLanguage\":\"pt-PT\",\"@id\":\"https:\/\/www.safinel.fr\/#\/schema\/logo\/image\/\",\"url\":\"https:\/\/www.safinel.fr\/wp-content\/uploads\/2021\/05\/boutique-cosmetique.png\",\"contentUrl\":\"https:\/\/www.safinel.fr\/wp-content\/uploads\/2021\/05\/boutique-cosmetique.png\",\"width\":800,\"height\":200,\"caption\":\"Safinel\"},\"image\":{\"@id\":\"https:\/\/www.safinel.fr\/#\/schema\/logo\/image\/\"}}]}<\/script>\n<!-- \/ Yoast SEO plugin. -->","yoast_head_json":{"title":"Doces de alca\u00e7uz | Veganos, sem lactose e sem subst\u00e2ncias de origem animal","description":"Finalmente chegou a hora de voltar \u00e0 inf\u00e2ncia por um breve momento e falar sobre o famoso doce de alca\u00e7uz.","robots":{"index":"index","follow":"follow","max-snippet":"max-snippet:-1","max-image-preview":"max-image-preview:large","max-video-preview":"max-video-preview:-1"},"canonical":"https:\/\/www.safinel.fr\/pt\/product-2\/rebucado-de-alcacuz\/","og_locale":"pt_PT","og_type":"article","og_title":"Bonbon reglisse | V\u00e9gan sans lactose et sans substance animal","og_description":"Il est enfin venu le temps de retourner en enfance pour un court instant et de parler du fameux bonbon reglisse.","og_url":"https:\/\/www.safinel.fr\/pt\/product-2\/rebucado-de-alcacuz\/","og_site_name":"Safinel","article_modified_time":"2023-12-28T17:15:18+00:00","og_image":[{"width":600,"height":600,"url":"https:\/\/www.safinel.fr\/wp-content\/uploads\/2022\/06\/bonbon-reglisse-vrac.jpg","type":"image\/jpeg"}],"twitter_card":"summary_large_image","twitter_misc":{"Tempo estimado de leitura":"3 minutos"},"schema":{"@context":"https:\/\/schema.org","@graph":[{"@type":"WebPage","@id":"https:\/\/www.safinel.fr\/produit\/bonbon-reglisse\/","url":"https:\/\/www.safinel.fr\/produit\/bonbon-reglisse\/","name":"Doces de alca\u00e7uz | Veganos, sem lactose e sem subst\u00e2ncias de origem animal","isPartOf":{"@id":"https:\/\/www.safinel.fr\/#website"},"primaryImageOfPage":{"@id":"https:\/\/www.safinel.fr\/produit\/bonbon-reglisse\/#primaryimage"},"image":{"@id":"https:\/\/www.safinel.fr\/produit\/bonbon-reglisse\/#primaryimage"},"thumbnailUrl":"https:\/\/www.safinel.fr\/wp-content\/uploads\/2022\/06\/bonbon-reglisse-vrac.jpg","datePublished":"2022-04-09T14:31:20+00:00","dateModified":"2023-12-28T17:15:18+00:00","description":"Finalmente chegou a hora de voltar \u00e0 inf\u00e2ncia por um breve momento e falar sobre o famoso doce de alca\u00e7uz.","breadcrumb":{"@id":"https:\/\/www.safinel.fr\/produit\/bonbon-reglisse\/#breadcrumb"},"inLanguage":"pt-PT","potentialAction":[{"@type":"ReadAction","target":["https:\/\/www.safinel.fr\/produit\/bonbon-reglisse\/"]}]},{"@type":"ImageObject","inLanguage":"pt-PT","@id":"https:\/\/www.safinel.fr\/produit\/bonbon-reglisse\/#primaryimage","url":"https:\/\/www.safinel.fr\/wp-content\/uploads\/2022\/06\/bonbon-reglisse-vrac.jpg","contentUrl":"https:\/\/www.safinel.fr\/wp-content\/uploads\/2022\/06\/bonbon-reglisse-vrac.jpg","width":600,"height":600,"caption":"Bonbon reglisse"},{"@type":"BreadcrumbList","@id":"https:\/\/www.safinel.fr\/produit\/bonbon-reglisse\/#breadcrumb","itemListElement":[{"@type":"ListItem","position":1,"name":"Accueil","item":"https:\/\/www.safinel.fr\/"},{"@type":"ListItem","position":2,"name":"Boutique","item":"https:\/\/www.safinel.fr\/boutique\/"},{"@type":"ListItem","position":3,"name":"Bonbon reglisse"}]},{"@type":"WebSite","@id":"https:\/\/www.safinel.fr\/#website","url":"https:\/\/www.safinel.fr\/","name":"Safinel","description":"","publisher":{"@id":"https:\/\/www.safinel.fr\/#organization"},"potentialAction":[{"@type":"SearchAction","target":{"@type":"EntryPoint","urlTemplate":"https:\/\/www.safinel.fr\/?s={search_term_string}"},"query-input":{"@type":"PropertyValueSpecification","valueRequired":true,"valueName":"search_term_string"}}],"inLanguage":"pt-PT"},{"@type":"Organization","@id":"https:\/\/www.safinel.fr\/#organization","name":"Safinel","url":"https:\/\/www.safinel.fr\/","logo":{"@type":"ImageObject","inLanguage":"pt-PT","@id":"https:\/\/www.safinel.fr\/#\/schema\/logo\/image\/","url":"https:\/\/www.safinel.fr\/wp-content\/uploads\/2021\/05\/boutique-cosmetique.png","contentUrl":"https:\/\/www.safinel.fr\/wp-content\/uploads\/2021\/05\/boutique-cosmetique.png","width":800,"height":200,"caption":"Safinel"},"image":{"@id":"https:\/\/www.safinel.fr\/#\/schema\/logo\/image\/"}}]}},"_links":{"self":[{"href":"https:\/\/www.safinel.fr\/pt\/wp-json\/wp\/v2\/product\/1440","targetHints":{"allow":["GET"]}}],"collection":[{"href":"https:\/\/www.safinel.fr\/pt\/wp-json\/wp\/v2\/product"}],"about":[{"href":"https:\/\/www.safinel.fr\/pt\/wp-json\/wp\/v2\/types\/product"}],"wp:featuredmedia":[{"embeddable":true,"href":"https:\/\/www.safinel.fr\/pt\/wp-json\/wp\/v2\/media\/1444"}],"wp:attachment":[{"href":"https:\/\/www.safinel.fr\/pt\/wp-json\/wp\/v2\/media?parent=1440"}],"wp:term":[{"taxonomy":"product_brand","embeddable":true,"href":"https:\/\/www.safinel.fr\/pt\/wp-json\/wp\/v2\/product_brand?post=1440"},{"taxonomy":"product_cat","embeddable":true,"href":"https:\/\/www.safinel.fr\/pt\/wp-json\/wp\/v2\/product_cat?post=1440"},{"taxonomy":"product_tag","embeddable":true,"href":"https:\/\/www.safinel.fr\/pt\/wp-json\/wp\/v2\/product_tag?post=1440"}],"curies":[{"name":"wp","href":"https:\/\/api.w.org\/{rel}","templated":true}]}}