{"id":140,"date":"2021-06-18T12:02:33","date_gmt":"2021-06-18T12:02:33","guid":{"rendered":"https:\/\/www.safinel.fr\/?post_type=product&#038;p=140"},"modified":"2023-12-28T17:14:59","modified_gmt":"2023-12-28T17:14:59","slug":"po-de-brahmi-para-cabelos","status":"publish","type":"product","link":"https:\/\/www.safinel.fr\/pt\/product-2\/po-de-brahmi-para-cabelos\/","title":{"rendered":"P\u00f3 de Brahmi 100 g"},"content":{"rendered":"<p>O p\u00f3 de Brahmi \u00e9 um p\u00f3 de cor verde. Tem um odor intenso, como muitas plantas. Um odor por vezes terroso, com ligeiras notas amargas, caracter\u00edstico das plantas utilizadas no tratamento capilar. Citemos o caso do <a href=\"https:\/\/www.aroma-zone.com\/tous-nos-produits\/extraits-naturels\/autres-extraits-naturels\/colorations-et-shampooings-vegetaux.html\" target=\"_blank\" rel=\"noopener\"><b>henna<\/b><\/a> cujo aroma \u00e9 certamente forte, mas bastante agrad\u00e1vel ao olfato.<span class=\"Apple-converted-space\">\u00a0<\/span><\/p>\n<h2><b>Origem do p\u00f3 de Brahmi<\/b><\/h2>\n<p>\u00c9 no cora\u00e7\u00e3o da \u00cdndia h\u00famida e tropical que cresce a Bacopa Monnieri. Trata-se de uma planta aqu\u00e1tica que se encontra idealmente nas zonas pantanosas do subcontinente indiano. Esta planta d\u00e1 origem a bonitas flores roxas. \u00c9, portanto, deste arbusto que se extrai o p\u00f3 de Brahmi.<\/p>\n<h2><b>A hipose: um rem\u00e9dio milagroso para o c\u00e9rebro<\/b><\/h2>\n<p>Tamb\u00e9m chamada de \u00abhipose de \u00e1gua\u00bb, a poeira de Brahmi \u00e9 consumida na forma de decoc\u00e7\u00e3o. Ela teria o dom de favorecer a concentra\u00e7\u00e3o e combater os dist\u00farbios da mem\u00f3ria. Atualmente, os cientistas est\u00e3o a estud\u00e1-la para tentar encontrar uma cura para a doen\u00e7a de Parkinson. Ela tamb\u00e9m \u00e9 eficaz no combate a problemas de\u2019<a href=\"https:\/\/www.safinel.fr\/pt\/product-2\/capsulas-de-falso-unicornio\/\"><strong>impot\u00eancia sexual<\/strong><\/a> e o\u2019<strong>ejacula\u00e7\u00e3o precoce<\/strong>.<span class=\"Apple-converted-space\">\u00a0<\/span><\/p>\n<p>Por fim, na forma de decoc\u00e7\u00e3o, o p\u00f3 de Brahmi oferece benef\u00edcios reais para o funcionamento do est\u00f4mago. \u00dalceras, dores abdominais ou pris\u00e3o de ventre tempor\u00e1ria, \u00e9 poss\u00edvel encontrar uma solu\u00e7\u00e3o gra\u00e7as \u00e0 hipose de \u00e1gua.<span class=\"Apple-converted-space\">\u00a0<\/span><\/p>\n<h2><b>O p\u00f3 de Brahmi: um cosm\u00e9tico capilar excecional<\/b><\/h2>\n<p>O nosso p\u00f3 de Brahmi \u00e9 conhecido pela sua a\u00e7\u00e3o tonificante e adstringente no couro cabeludo. \u00c9 atualmente o uso mais recomendado no Ocidente. Utilizado no \u00e2mbito dos cuidados capilares, alivia imediatamente a comich\u00e3o e elimina a caspa. Revitaliza imediatamente o couro cabeludo, conferindo-lhe volume, flexibilidade e suavidade.<\/p>\n<p>N\u00e3o se preocupe! Este cosm\u00e9tico natural pode ser aplicado em qualquer tipo de cabelo. Recomendamos que o utilize semanalmente para cuidar bem do seu cabelo.<span class=\"Apple-converted-space\">\u00a0<\/span><\/p>\n<h3><b>As particularidades do p\u00f3 de Brahmi<\/b><\/h3>\n<p>O p\u00f3 de Brahmi \u00e9 certamente um pouco temperamental. Para us\u00e1-lo em uma m\u00e1scara capilar, \u00e9 absolutamente necess\u00e1rio mistur\u00e1-lo com outros p\u00f3s cosm\u00e9ticos. Por que n\u00e3o<span class=\"Apple-converted-space\">\u00a0 <\/span>basta mistur\u00e1-la com argila ou com <a href=\"https:\/\/www.safinel.fr\/pt\/product-2\/shikakai-em-po\/\"><b>shikakai<\/b><\/a>. Isso \u00e9 necess\u00e1rio porque o p\u00f3 n\u00e3o se mistura bem com \u00e1gua quando aplicado sozinho.<span class=\"Apple-converted-space\">\u00a0<\/span><\/p>\n<p>Caso contr\u00e1rio, para utiliz\u00e1-lo de outra forma, opte por um ingrediente oleoso para incorpor\u00e1-lo. Al\u00e9m disso, ele tem a capacidade de atenuar vermelhid\u00f5es e imperfei\u00e7\u00f5es no rosto. O seu papel iluminador \u00e9 reconhecido nessa \u00e1rea. Nesse caso espec\u00edfico, evite qualquer contacto com os olhos.<span class=\"Apple-converted-space\">\u00a0<\/span><\/p>\n<p>Rico em saponinas e flavonoides, o p\u00f3 de brahmi combate de forma eficaz os efeitos do envelhecimento. No cabelo, isso manifesta-se atrav\u00e9s do atraso no aparecimento dos cabelos brancos. Utilize-o tamb\u00e9m na pele, na forma de esfoliante.<\/p>\n<p>Como qualquer p\u00f3 natural, deve ser preferido em m\u00e1scaras fortificantes.<\/p>","protected":false},"excerpt":{"rendered":"<p>La poudre de Brahmi est une poudre de couleur verte. Elle d\u00e9gage une odeur intense comme beaucoup de v\u00e9g\u00e9taux. Une odeur parfois terreuse avec de l\u00e9g\u00e8res notes am\u00e8res qui est caract\u00e9ristique des plantes \u00e0 usage capillaire. Citons le cas du henn\u00e9 dont la senteur est certes prononc\u00e9e mais tout \u00e0 fait agr\u00e9able \u00e0 l\u2019odorat.\u00a0 Origine [&#8230;]","protected":false},"featured_media":148,"template":"","meta":[],"product_brand":[],"product_cat":[27,110],"product_tag":[],"class_list":{"0":"post-140","1":"product","2":"type-product","3":"status-publish","4":"has-post-thumbnail","6":"product_cat-plantes-medicinales","7":"product_cat-poudre-cheveux-ayurvedique","9":"first","10":"instock","11":"shipping-taxable","12":"purchasable","13":"product-type-simple"},"yoast_head":"<!-- This site is optimized with the Yoast SEO plugin v26.6 - https:\/\/yoast.com\/wordpress\/plugins\/seo\/ -->\n<title>Poudre de brahmi 100g | Bienfaits naturels pour vos cheveux<\/title>\n<meta name=\"description\" content=\"La poudre de Brahmi est une poudre de couleur verte. Elle d\u00e9gage une odeur intense comme beaucoup de v\u00e9g\u00e9taux. Adoptez-l\u00e0 !\" \/>\n<meta name=\"robots\" content=\"index, follow, max-snippet:-1, max-image-preview:large, max-video-preview:-1\" \/>\n<link rel=\"canonical\" href=\"https:\/\/www.safinel.fr\/pt\/product-2\/po-de-brahmi-para-cabelos\/\" \/>\n<meta property=\"og:locale\" content=\"pt_PT\" \/>\n<meta property=\"og:type\" content=\"article\" \/>\n<meta property=\"og:title\" content=\"Poudre de brahmi 100g | Bienfaits naturels pour vos cheveux\" \/>\n<meta property=\"og:description\" content=\"La poudre de Brahmi est une poudre de couleur verte. Elle d\u00e9gage une odeur intense comme beaucoup de v\u00e9g\u00e9taux. Adoptez-l\u00e0 !\" \/>\n<meta property=\"og:url\" content=\"https:\/\/www.safinel.fr\/pt\/product-2\/po-de-brahmi-para-cabelos\/\" \/>\n<meta property=\"og:site_name\" content=\"Safinel\" \/>\n<meta property=\"article:modified_time\" content=\"2023-12-28T17:14:59+00:00\" \/>\n<meta property=\"og:image\" content=\"https:\/\/www.safinel.fr\/wp-content\/uploads\/2021\/06\/brahmi.jpeg\" \/>\n\t<meta property=\"og:image:width\" content=\"401\" \/>\n\t<meta property=\"og:image:height\" content=\"469\" \/>\n\t<meta property=\"og:image:type\" content=\"image\/jpeg\" \/>\n<meta name=\"twitter:card\" content=\"summary_large_image\" \/>\n<meta name=\"twitter:label1\" content=\"Tempo estimado de leitura\" \/>\n\t<meta name=\"twitter:data1\" content=\"3 minutos\" \/>\n<script type=\"application\/ld+json\" class=\"yoast-schema-graph\">{\"@context\":\"https:\/\/schema.org\",\"@graph\":[{\"@type\":\"WebPage\",\"@id\":\"https:\/\/www.safinel.fr\/produit\/poudre-de-brahmi-cheveux\/\",\"url\":\"https:\/\/www.safinel.fr\/produit\/poudre-de-brahmi-cheveux\/\",\"name\":\"Poudre de brahmi 100g | Bienfaits naturels pour vos cheveux\",\"isPartOf\":{\"@id\":\"https:\/\/www.safinel.fr\/#website\"},\"primaryImageOfPage\":{\"@id\":\"https:\/\/www.safinel.fr\/produit\/poudre-de-brahmi-cheveux\/#primaryimage\"},\"image\":{\"@id\":\"https:\/\/www.safinel.fr\/produit\/poudre-de-brahmi-cheveux\/#primaryimage\"},\"thumbnailUrl\":\"https:\/\/www.safinel.fr\/wp-content\/uploads\/2021\/06\/brahmi.jpeg\",\"datePublished\":\"2021-06-18T12:02:33+00:00\",\"dateModified\":\"2023-12-28T17:14:59+00:00\",\"description\":\"La poudre de Brahmi est une poudre de couleur verte. Elle d\u00e9gage une odeur intense comme beaucoup de v\u00e9g\u00e9taux. Adoptez-l\u00e0 !\",\"breadcrumb\":{\"@id\":\"https:\/\/www.safinel.fr\/produit\/poudre-de-brahmi-cheveux\/#breadcrumb\"},\"inLanguage\":\"pt-PT\",\"potentialAction\":[{\"@type\":\"ReadAction\",\"target\":[\"https:\/\/www.safinel.fr\/produit\/poudre-de-brahmi-cheveux\/\"]}]},{\"@type\":\"ImageObject\",\"inLanguage\":\"pt-PT\",\"@id\":\"https:\/\/www.safinel.fr\/produit\/poudre-de-brahmi-cheveux\/#primaryimage\",\"url\":\"https:\/\/www.safinel.fr\/wp-content\/uploads\/2021\/06\/brahmi.jpeg\",\"contentUrl\":\"https:\/\/www.safinel.fr\/wp-content\/uploads\/2021\/06\/brahmi.jpeg\",\"width\":401,\"height\":469,\"caption\":\"Poudre de Brahmi\"},{\"@type\":\"BreadcrumbList\",\"@id\":\"https:\/\/www.safinel.fr\/produit\/poudre-de-brahmi-cheveux\/#breadcrumb\",\"itemListElement\":[{\"@type\":\"ListItem\",\"position\":1,\"name\":\"Accueil\",\"item\":\"https:\/\/www.safinel.fr\/\"},{\"@type\":\"ListItem\",\"position\":2,\"name\":\"Boutique\",\"item\":\"https:\/\/www.safinel.fr\/boutique\/\"},{\"@type\":\"ListItem\",\"position\":3,\"name\":\"Poudre de Brahmi 100g\"}]},{\"@type\":\"WebSite\",\"@id\":\"https:\/\/www.safinel.fr\/#website\",\"url\":\"https:\/\/www.safinel.fr\/\",\"name\":\"Safinel\",\"description\":\"\",\"publisher\":{\"@id\":\"https:\/\/www.safinel.fr\/#organization\"},\"potentialAction\":[{\"@type\":\"SearchAction\",\"target\":{\"@type\":\"EntryPoint\",\"urlTemplate\":\"https:\/\/www.safinel.fr\/?s={search_term_string}\"},\"query-input\":{\"@type\":\"PropertyValueSpecification\",\"valueRequired\":true,\"valueName\":\"search_term_string\"}}],\"inLanguage\":\"pt-PT\"},{\"@type\":\"Organization\",\"@id\":\"https:\/\/www.safinel.fr\/#organization\",\"name\":\"Safinel\",\"url\":\"https:\/\/www.safinel.fr\/\",\"logo\":{\"@type\":\"ImageObject\",\"inLanguage\":\"pt-PT\",\"@id\":\"https:\/\/www.safinel.fr\/#\/schema\/logo\/image\/\",\"url\":\"https:\/\/www.safinel.fr\/wp-content\/uploads\/2021\/05\/boutique-cosmetique.png\",\"contentUrl\":\"https:\/\/www.safinel.fr\/wp-content\/uploads\/2021\/05\/boutique-cosmetique.png\",\"width\":800,\"height\":200,\"caption\":\"Safinel\"},\"image\":{\"@id\":\"https:\/\/www.safinel.fr\/#\/schema\/logo\/image\/\"}}]}<\/script>\n<!-- \/ Yoast SEO plugin. -->","yoast_head_json":{"title":"P\u00f3 de brahmi 100 g | Benef\u00edcios naturais para o seu cabelo","description":"O p\u00f3 de Brahmi \u00e9 um p\u00f3 de cor verde. Tem um odor intenso, como muitas plantas. Adote-o!","robots":{"index":"index","follow":"follow","max-snippet":"max-snippet:-1","max-image-preview":"max-image-preview:large","max-video-preview":"max-video-preview:-1"},"canonical":"https:\/\/www.safinel.fr\/pt\/product-2\/po-de-brahmi-para-cabelos\/","og_locale":"pt_PT","og_type":"article","og_title":"Poudre de brahmi 100g | Bienfaits naturels pour vos cheveux","og_description":"La poudre de Brahmi est une poudre de couleur verte. Elle d\u00e9gage une odeur intense comme beaucoup de v\u00e9g\u00e9taux. Adoptez-l\u00e0 !","og_url":"https:\/\/www.safinel.fr\/pt\/product-2\/po-de-brahmi-para-cabelos\/","og_site_name":"Safinel","article_modified_time":"2023-12-28T17:14:59+00:00","og_image":[{"width":401,"height":469,"url":"https:\/\/www.safinel.fr\/wp-content\/uploads\/2021\/06\/brahmi.jpeg","type":"image\/jpeg"}],"twitter_card":"summary_large_image","twitter_misc":{"Tempo estimado de leitura":"3 minutos"},"schema":{"@context":"https:\/\/schema.org","@graph":[{"@type":"WebPage","@id":"https:\/\/www.safinel.fr\/produit\/poudre-de-brahmi-cheveux\/","url":"https:\/\/www.safinel.fr\/produit\/poudre-de-brahmi-cheveux\/","name":"P\u00f3 de brahmi 100 g | Benef\u00edcios naturais para o seu cabelo","isPartOf":{"@id":"https:\/\/www.safinel.fr\/#website"},"primaryImageOfPage":{"@id":"https:\/\/www.safinel.fr\/produit\/poudre-de-brahmi-cheveux\/#primaryimage"},"image":{"@id":"https:\/\/www.safinel.fr\/produit\/poudre-de-brahmi-cheveux\/#primaryimage"},"thumbnailUrl":"https:\/\/www.safinel.fr\/wp-content\/uploads\/2021\/06\/brahmi.jpeg","datePublished":"2021-06-18T12:02:33+00:00","dateModified":"2023-12-28T17:14:59+00:00","description":"O p\u00f3 de Brahmi \u00e9 um p\u00f3 de cor verde. Tem um odor intenso, como muitas plantas. Adote-o!","breadcrumb":{"@id":"https:\/\/www.safinel.fr\/produit\/poudre-de-brahmi-cheveux\/#breadcrumb"},"inLanguage":"pt-PT","potentialAction":[{"@type":"ReadAction","target":["https:\/\/www.safinel.fr\/produit\/poudre-de-brahmi-cheveux\/"]}]},{"@type":"ImageObject","inLanguage":"pt-PT","@id":"https:\/\/www.safinel.fr\/produit\/poudre-de-brahmi-cheveux\/#primaryimage","url":"https:\/\/www.safinel.fr\/wp-content\/uploads\/2021\/06\/brahmi.jpeg","contentUrl":"https:\/\/www.safinel.fr\/wp-content\/uploads\/2021\/06\/brahmi.jpeg","width":401,"height":469,"caption":"Poudre de Brahmi"},{"@type":"BreadcrumbList","@id":"https:\/\/www.safinel.fr\/produit\/poudre-de-brahmi-cheveux\/#breadcrumb","itemListElement":[{"@type":"ListItem","position":1,"name":"Accueil","item":"https:\/\/www.safinel.fr\/"},{"@type":"ListItem","position":2,"name":"Boutique","item":"https:\/\/www.safinel.fr\/boutique\/"},{"@type":"ListItem","position":3,"name":"Poudre de Brahmi 100g"}]},{"@type":"WebSite","@id":"https:\/\/www.safinel.fr\/#website","url":"https:\/\/www.safinel.fr\/","name":"Safinel","description":"","publisher":{"@id":"https:\/\/www.safinel.fr\/#organization"},"potentialAction":[{"@type":"SearchAction","target":{"@type":"EntryPoint","urlTemplate":"https:\/\/www.safinel.fr\/?s={search_term_string}"},"query-input":{"@type":"PropertyValueSpecification","valueRequired":true,"valueName":"search_term_string"}}],"inLanguage":"pt-PT"},{"@type":"Organization","@id":"https:\/\/www.safinel.fr\/#organization","name":"Safinel","url":"https:\/\/www.safinel.fr\/","logo":{"@type":"ImageObject","inLanguage":"pt-PT","@id":"https:\/\/www.safinel.fr\/#\/schema\/logo\/image\/","url":"https:\/\/www.safinel.fr\/wp-content\/uploads\/2021\/05\/boutique-cosmetique.png","contentUrl":"https:\/\/www.safinel.fr\/wp-content\/uploads\/2021\/05\/boutique-cosmetique.png","width":800,"height":200,"caption":"Safinel"},"image":{"@id":"https:\/\/www.safinel.fr\/#\/schema\/logo\/image\/"}}]}},"_links":{"self":[{"href":"https:\/\/www.safinel.fr\/pt\/wp-json\/wp\/v2\/product\/140","targetHints":{"allow":["GET"]}}],"collection":[{"href":"https:\/\/www.safinel.fr\/pt\/wp-json\/wp\/v2\/product"}],"about":[{"href":"https:\/\/www.safinel.fr\/pt\/wp-json\/wp\/v2\/types\/product"}],"wp:featuredmedia":[{"embeddable":true,"href":"https:\/\/www.safinel.fr\/pt\/wp-json\/wp\/v2\/media\/148"}],"wp:attachment":[{"href":"https:\/\/www.safinel.fr\/pt\/wp-json\/wp\/v2\/media?parent=140"}],"wp:term":[{"taxonomy":"product_brand","embeddable":true,"href":"https:\/\/www.safinel.fr\/pt\/wp-json\/wp\/v2\/product_brand?post=140"},{"taxonomy":"product_cat","embeddable":true,"href":"https:\/\/www.safinel.fr\/pt\/wp-json\/wp\/v2\/product_cat?post=140"},{"taxonomy":"product_tag","embeddable":true,"href":"https:\/\/www.safinel.fr\/pt\/wp-json\/wp\/v2\/product_tag?post=140"}],"curies":[{"name":"wp","href":"https:\/\/api.w.org\/{rel}","templated":true}]}}