{"id":13224,"date":"2024-04-26T11:23:40","date_gmt":"2024-04-26T11:23:40","guid":{"rendered":"https:\/\/www.safinel.fr\/?post_type=product&#038;p=13224"},"modified":"2025-11-09T14:01:05","modified_gmt":"2025-11-09T14:01:05","slug":"raizes-de-unicornio-falso-em-po","status":"publish","type":"product","link":"https:\/\/www.safinel.fr\/pt\/product-2\/raizes-de-unicornio-falso-em-po\/","title":{"rendered":"Raiz de falsa unic\u00f3rnio (Chamaelirium luteum) em p\u00f3 100 g"},"content":{"rendered":"<p>No campo da sa\u00fade natural, \u00e9 essencial descobrir e utilizar rem\u00e9dios naturais para promover uma melhor qualidade de vida. Este artigo explora em profundidade um componente natural muito interessante, as ra\u00edzes da falsa unic\u00f3rnio (<em>Chamaelirium luteum<\/em>), que oferece uma s\u00e9rie de benef\u00edcios para a sa\u00fade feminina. Estas ra\u00edzes t\u00eam uma longa hist\u00f3ria de uso tradicional em v\u00e1rias medicinas ind\u00edgenas, principalmente para apoiar e fortalecer o sistema reprodutor feminino.\u00a0<strong>mulher<\/strong>.<\/p>\n<h2><strong>Benef\u00edcios das ra\u00edzes da falsa unic\u00f3rnio para a sa\u00fade feminina<\/strong><\/h2>\n<p>As ra\u00edzes da falsa unic\u00f3rnio oferecem uma variedade de benef\u00edcios para a sa\u00fade feminina, incluindo:<\/p>\n<ul>\n<li>Apoio \u00e0 procria\u00e7\u00e3o: mulheres com dificuldades para engravidar podem obter benef\u00edcios significativos com as ra\u00edzes da falsa unic\u00f3rnio. Elas s\u00e3o usadas h\u00e1 muito tempo como um t\u00f4nico natural para melhorar a fertilidade.<\/li>\n<li>Regula\u00e7\u00e3o do ciclo menstrual: s\u00e3o conhecidas pela sua capacidade de regular o ciclo menstrual e reduzir as <strong>dist\u00farbios menstruais<\/strong>.<\/li>\n<li>Al\u00edvio das dores uterinas: gra\u00e7as \u00e0s suas propriedades analg\u00e9sicas e anti-inflamat\u00f3rias, tamb\u00e9m s\u00e3o eficazes para acalmar e aliviar as <strong>dores<\/strong>\u00a0associadas \u00e0s c\u00f3licas menstruais.<\/li>\n<li>Redu\u00e7\u00e3o do sangramento: as ra\u00edzes da falsa unic\u00f3rnio podem ajudar a reduzir o sangramento excessivo durante a menstrua\u00e7\u00e3o.<\/li>\n<\/ul>\n<h2><strong>Estudos cient\u00edficos sobre as ra\u00edzes da falsa unic\u00f3rnio em p\u00f3<\/strong><\/h2>\n<p>Embora muitas fontes tradicionais defendam o uso de <strong>Chamaelirium luteum <\/strong>para v\u00e1rios problemas de <strong>sa\u00fade feminina<\/strong>, \u00e9 importante examinar as evid\u00eancias cient\u00edficas dispon\u00edveis, para compreender melhor como atuam no nosso corpo e em que dose podem ser utilizadas sem riscos.<\/p>\n<ul>\n<li><strong>Estudos sobre procria\u00e7\u00e3o e fertilidade<\/strong><\/li>\n<\/ul>\n<p>Alguns estudos demonstraram que as ra\u00edzes da falsa unic\u00f3rnio t\u00eam o potencial de melhorar a fertilidade nas mulheres. Um estudo testou os efeitos dos extratos da raiz da falsa unic\u00f3rnio na fun\u00e7\u00e3o ovariana em ratas, utilizando diferentes doses. Os resultados demonstraram uma melhoria significativa na fun\u00e7\u00e3o ovariana e um aumento no n\u00famero de \u00f3vulos expelidos, sugerindo que as ra\u00edzes da falsa unic\u00f3rnio podem aumentar a fertilidade.<\/p>\n<ul>\n<li><strong>Estudos sobre o ciclo menstrual e dist\u00farbios menstruais<\/strong><\/li>\n<\/ul>\n<p>Outros estudos foram realizados sobre os efeitos das ra\u00edzes da falsa unic\u00f3rnio no ciclo menstrual e nos dist\u00farbios menstruais. Verificou-se que um extrato da raiz da falsa unic\u00f3rnio era capaz de reduzir os sintomas da s\u00edndrome pr\u00e9-menstrual (SPM) e ajudar a equilibrar os n\u00edveis hormonais nas mulheres. Isto indica que as ra\u00edzes da falsa unic\u00f3rnio podem ser ben\u00e9ficas para a sa\u00fade menstrual e ajudar a regular o ciclo menstrual.<\/p>\n<ul>\n<li><strong>Estudos sobre dores uterinas<\/strong><\/li>\n<\/ul>\n<p>Pesquisas tamb\u00e9m mostram que elas t\u00eam propriedades analg\u00e9sicas, o que poderia explicar seu efeito calmante sobre as c\u00f3licas menstruais. Um estudo revelou que a administra\u00e7\u00e3o oral de um extrato da raiz da falsa unic\u00f3rnio a ratos reduziu significativamente a percep\u00e7\u00e3o <strong>dor<\/strong>, confirmando assim o seu potencial como rem\u00e9dio natural contra as dores menstruais.<\/p>\n<h3><strong>Aplica\u00e7\u00e3o pr\u00e1tica do Chamaelirium luteum<\/strong><\/h3>\n<p>Agora que abord\u00e1mos os diferentes aspetos das ra\u00edzes da falsa unic\u00f3rnio e os seus benef\u00edcios para a sa\u00fade feminina, \u00e9 importante saber como podemos utiliz\u00e1-las no nosso dia a dia.<\/p>\n<ul>\n<li><strong><a href=\"https:\/\/www.safinel.fr\/pt\/product-category-2\/chas-de-ervas\/\">Ch\u00e1 de ervas<\/a> :<\/strong>\u00a0Preparar uma infus\u00e3o \u00e0 base de ra\u00edzes secas de falsa unic\u00f3rnio \u00e9 um m\u00e9todo comum para aproveitar as suas propriedades medicinais. Pode-se infundir cerca de 1 colher de ch\u00e1 de ra\u00edzes secas em \u00e1gua quente durante 10-15 minutos e beber esta tisana at\u00e9 tr\u00eas vezes por dia, conforme necess\u00e1rio.<\/li>\n<li><strong>Extrato da raiz:<\/strong> Os extratos padronizados podem ser comprados na forma l\u00edquida ou em c\u00e1psulas. A dose recomendada varia geralmente entre 2 e 4 ml, mas \u00e9 importante ler as instru\u00e7\u00f5es do fabricante e consultar um profissional de sa\u00fade especializado em fitoterapia antes de usar um extrato de raiz.<\/li>\n<\/ul>\n<p>\u00c9 importante notar que os suplementos que cont\u00eam ra\u00edzes de falsa unic\u00f3rnio n\u00e3o s\u00e3o recomendados para mulheres gr\u00e1vidas ou a amamentar, pois n\u00e3o h\u00e1 dados suficientes para avaliar a sua seguran\u00e7a nessas situa\u00e7\u00f5es. Al\u00e9m disso, consulte sempre o seu m\u00e9dico ou um profissional de sa\u00fade especializado antes de tomar suplementos \u00e0 base de plantas, especialmente se estiver a seguir um tratamento m\u00e9dico espec\u00edfico.<\/p>","protected":false},"excerpt":{"rendered":"<p><img decoding=\"async\" class=\"size-full wp-image-5091 aligncenter\" src=\"https:\/\/www.safinel.fr\/wp-content\/uploads\/2021\/06\/BANNIERE-ICONE-SAFINEL.webp\" alt=\"resseguro satinado\" width=\"800\" height=\"200\" srcset=\"https:\/\/www.safinel.fr\/wp-content\/uploads\/2021\/06\/BANNIERE-ICONE-SAFINEL.webp 800w, https:\/\/www.safinel.fr\/wp-content\/uploads\/2021\/06\/BANNIERE-ICONE-SAFINEL-600x150.webp 600w, https:\/\/www.safinel.fr\/wp-content\/uploads\/2021\/06\/BANNIERE-ICONE-SAFINEL-768x192.webp 768w\" sizes=\"(max-width: 800px) 100vw, 800px\" \/><\/p>","protected":false},"featured_media":13225,"template":"","meta":[],"product_brand":[],"product_cat":[15],"product_tag":[],"class_list":{"0":"post-13224","1":"product","2":"type-product","3":"status-publish","4":"has-post-thumbnail","6":"product_cat-fertilite","8":"first","9":"instock","10":"shipping-taxable","11":"purchasable","12":"product-type-simple"},"yoast_head":"<!-- This site is optimized with the Yoast SEO plugin v26.6 - https:\/\/yoast.com\/wordpress\/plugins\/seo\/ -->\n<title>Racines de fausse licorne en poudre | Achat rapide en France<\/title>\n<meta name=\"description\" content=\"Cet article explore en profondeur un composant naturel tr\u00e8s int\u00e9ressant, les racines de fausse licorne (Chamaelirium luteum).\" \/>\n<meta name=\"robots\" content=\"index, follow, max-snippet:-1, max-image-preview:large, max-video-preview:-1\" \/>\n<link rel=\"canonical\" href=\"https:\/\/www.safinel.fr\/pt\/product-2\/raizes-de-unicornio-falso-em-po\/\" \/>\n<meta property=\"og:locale\" content=\"pt_PT\" \/>\n<meta property=\"og:type\" content=\"article\" \/>\n<meta property=\"og:title\" content=\"Racines de fausse licorne en poudre | Achat rapide en France\" \/>\n<meta property=\"og:description\" content=\"Cet article explore en profondeur un composant naturel tr\u00e8s int\u00e9ressant, les racines de fausse licorne (Chamaelirium luteum).\" \/>\n<meta property=\"og:url\" content=\"https:\/\/www.safinel.fr\/pt\/product-2\/raizes-de-unicornio-falso-em-po\/\" \/>\n<meta property=\"og:site_name\" content=\"Safinel\" \/>\n<meta property=\"article:modified_time\" content=\"2025-11-09T14:01:05+00:00\" \/>\n<meta property=\"og:image\" content=\"https:\/\/www.safinel.fr\/wp-content\/uploads\/2024\/04\/Racine-de-Fausse-Licorne.jpg\" \/>\n\t<meta property=\"og:image:width\" content=\"600\" \/>\n\t<meta property=\"og:image:height\" content=\"600\" \/>\n\t<meta property=\"og:image:type\" content=\"image\/jpeg\" \/>\n<meta name=\"twitter:card\" content=\"summary_large_image\" \/>\n<meta name=\"twitter:label1\" content=\"Tempo estimado de leitura\" \/>\n\t<meta name=\"twitter:data1\" content=\"4 minutos\" \/>\n<script type=\"application\/ld+json\" class=\"yoast-schema-graph\">{\"@context\":\"https:\/\/schema.org\",\"@graph\":[{\"@type\":\"WebPage\",\"@id\":\"https:\/\/www.safinel.fr\/produit\/racines-de-fausse-licorne-en-poudre\/\",\"url\":\"https:\/\/www.safinel.fr\/produit\/racines-de-fausse-licorne-en-poudre\/\",\"name\":\"Racines de fausse licorne en poudre | Achat rapide en France\",\"isPartOf\":{\"@id\":\"https:\/\/www.safinel.fr\/#website\"},\"primaryImageOfPage\":{\"@id\":\"https:\/\/www.safinel.fr\/produit\/racines-de-fausse-licorne-en-poudre\/#primaryimage\"},\"image\":{\"@id\":\"https:\/\/www.safinel.fr\/produit\/racines-de-fausse-licorne-en-poudre\/#primaryimage\"},\"thumbnailUrl\":\"https:\/\/www.safinel.fr\/wp-content\/uploads\/2024\/04\/Racine-de-Fausse-Licorne.jpg\",\"datePublished\":\"2024-04-26T11:23:40+00:00\",\"dateModified\":\"2025-11-09T14:01:05+00:00\",\"description\":\"Cet article explore en profondeur un composant naturel tr\u00e8s int\u00e9ressant, les racines de fausse licorne (Chamaelirium luteum).\",\"breadcrumb\":{\"@id\":\"https:\/\/www.safinel.fr\/produit\/racines-de-fausse-licorne-en-poudre\/#breadcrumb\"},\"inLanguage\":\"pt-PT\",\"potentialAction\":[{\"@type\":\"ReadAction\",\"target\":[\"https:\/\/www.safinel.fr\/produit\/racines-de-fausse-licorne-en-poudre\/\"]}]},{\"@type\":\"ImageObject\",\"inLanguage\":\"pt-PT\",\"@id\":\"https:\/\/www.safinel.fr\/produit\/racines-de-fausse-licorne-en-poudre\/#primaryimage\",\"url\":\"https:\/\/www.safinel.fr\/wp-content\/uploads\/2024\/04\/Racine-de-Fausse-Licorne.jpg\",\"contentUrl\":\"https:\/\/www.safinel.fr\/wp-content\/uploads\/2024\/04\/Racine-de-Fausse-Licorne.jpg\",\"width\":600,\"height\":600,\"caption\":\"Racine de fausse licorne (Chamaelirium luteum) en poudre 100g\"},{\"@type\":\"BreadcrumbList\",\"@id\":\"https:\/\/www.safinel.fr\/produit\/racines-de-fausse-licorne-en-poudre\/#breadcrumb\",\"itemListElement\":[{\"@type\":\"ListItem\",\"position\":1,\"name\":\"Accueil\",\"item\":\"https:\/\/www.safinel.fr\/\"},{\"@type\":\"ListItem\",\"position\":2,\"name\":\"Boutique\",\"item\":\"https:\/\/www.safinel.fr\/boutique\/\"},{\"@type\":\"ListItem\",\"position\":3,\"name\":\"Racine de fausse licorne (Chamaelirium luteum) en poudre 100g\"}]},{\"@type\":\"WebSite\",\"@id\":\"https:\/\/www.safinel.fr\/#website\",\"url\":\"https:\/\/www.safinel.fr\/\",\"name\":\"Safinel\",\"description\":\"\",\"publisher\":{\"@id\":\"https:\/\/www.safinel.fr\/#organization\"},\"potentialAction\":[{\"@type\":\"SearchAction\",\"target\":{\"@type\":\"EntryPoint\",\"urlTemplate\":\"https:\/\/www.safinel.fr\/?s={search_term_string}\"},\"query-input\":{\"@type\":\"PropertyValueSpecification\",\"valueRequired\":true,\"valueName\":\"search_term_string\"}}],\"inLanguage\":\"pt-PT\"},{\"@type\":\"Organization\",\"@id\":\"https:\/\/www.safinel.fr\/#organization\",\"name\":\"Safinel\",\"url\":\"https:\/\/www.safinel.fr\/\",\"logo\":{\"@type\":\"ImageObject\",\"inLanguage\":\"pt-PT\",\"@id\":\"https:\/\/www.safinel.fr\/#\/schema\/logo\/image\/\",\"url\":\"https:\/\/www.safinel.fr\/wp-content\/uploads\/2021\/05\/boutique-cosmetique.png\",\"contentUrl\":\"https:\/\/www.safinel.fr\/wp-content\/uploads\/2021\/05\/boutique-cosmetique.png\",\"width\":800,\"height\":200,\"caption\":\"Safinel\"},\"image\":{\"@id\":\"https:\/\/www.safinel.fr\/#\/schema\/logo\/image\/\"}}]}<\/script>\n<!-- \/ Yoast SEO plugin. -->","yoast_head_json":{"title":"Ra\u00edzes de unic\u00f3rnio falso em p\u00f3 | Compra r\u00e1pida em Fran\u00e7a","description":"Este artigo explora em profundidade um componente natural muito interessante, as ra\u00edzes da falsa unic\u00f3rnio (Chamaelirium luteum).","robots":{"index":"index","follow":"follow","max-snippet":"max-snippet:-1","max-image-preview":"max-image-preview:large","max-video-preview":"max-video-preview:-1"},"canonical":"https:\/\/www.safinel.fr\/pt\/product-2\/raizes-de-unicornio-falso-em-po\/","og_locale":"pt_PT","og_type":"article","og_title":"Racines de fausse licorne en poudre | Achat rapide en France","og_description":"Cet article explore en profondeur un composant naturel tr\u00e8s int\u00e9ressant, les racines de fausse licorne (Chamaelirium luteum).","og_url":"https:\/\/www.safinel.fr\/pt\/product-2\/raizes-de-unicornio-falso-em-po\/","og_site_name":"Safinel","article_modified_time":"2025-11-09T14:01:05+00:00","og_image":[{"width":600,"height":600,"url":"https:\/\/www.safinel.fr\/wp-content\/uploads\/2024\/04\/Racine-de-Fausse-Licorne.jpg","type":"image\/jpeg"}],"twitter_card":"summary_large_image","twitter_misc":{"Tempo estimado de leitura":"4 minutos"},"schema":{"@context":"https:\/\/schema.org","@graph":[{"@type":"WebPage","@id":"https:\/\/www.safinel.fr\/produit\/racines-de-fausse-licorne-en-poudre\/","url":"https:\/\/www.safinel.fr\/produit\/racines-de-fausse-licorne-en-poudre\/","name":"Ra\u00edzes de unic\u00f3rnio falso em p\u00f3 | Compra r\u00e1pida em Fran\u00e7a","isPartOf":{"@id":"https:\/\/www.safinel.fr\/#website"},"primaryImageOfPage":{"@id":"https:\/\/www.safinel.fr\/produit\/racines-de-fausse-licorne-en-poudre\/#primaryimage"},"image":{"@id":"https:\/\/www.safinel.fr\/produit\/racines-de-fausse-licorne-en-poudre\/#primaryimage"},"thumbnailUrl":"https:\/\/www.safinel.fr\/wp-content\/uploads\/2024\/04\/Racine-de-Fausse-Licorne.jpg","datePublished":"2024-04-26T11:23:40+00:00","dateModified":"2025-11-09T14:01:05+00:00","description":"Este artigo explora em profundidade um componente natural muito interessante, as ra\u00edzes da falsa unic\u00f3rnio (Chamaelirium luteum).","breadcrumb":{"@id":"https:\/\/www.safinel.fr\/produit\/racines-de-fausse-licorne-en-poudre\/#breadcrumb"},"inLanguage":"pt-PT","potentialAction":[{"@type":"ReadAction","target":["https:\/\/www.safinel.fr\/produit\/racines-de-fausse-licorne-en-poudre\/"]}]},{"@type":"ImageObject","inLanguage":"pt-PT","@id":"https:\/\/www.safinel.fr\/produit\/racines-de-fausse-licorne-en-poudre\/#primaryimage","url":"https:\/\/www.safinel.fr\/wp-content\/uploads\/2024\/04\/Racine-de-Fausse-Licorne.jpg","contentUrl":"https:\/\/www.safinel.fr\/wp-content\/uploads\/2024\/04\/Racine-de-Fausse-Licorne.jpg","width":600,"height":600,"caption":"Racine de fausse licorne (Chamaelirium luteum) en poudre 100g"},{"@type":"BreadcrumbList","@id":"https:\/\/www.safinel.fr\/produit\/racines-de-fausse-licorne-en-poudre\/#breadcrumb","itemListElement":[{"@type":"ListItem","position":1,"name":"Accueil","item":"https:\/\/www.safinel.fr\/"},{"@type":"ListItem","position":2,"name":"Boutique","item":"https:\/\/www.safinel.fr\/boutique\/"},{"@type":"ListItem","position":3,"name":"Racine de fausse licorne (Chamaelirium luteum) en poudre 100g"}]},{"@type":"WebSite","@id":"https:\/\/www.safinel.fr\/#website","url":"https:\/\/www.safinel.fr\/","name":"Safinel","description":"","publisher":{"@id":"https:\/\/www.safinel.fr\/#organization"},"potentialAction":[{"@type":"SearchAction","target":{"@type":"EntryPoint","urlTemplate":"https:\/\/www.safinel.fr\/?s={search_term_string}"},"query-input":{"@type":"PropertyValueSpecification","valueRequired":true,"valueName":"search_term_string"}}],"inLanguage":"pt-PT"},{"@type":"Organization","@id":"https:\/\/www.safinel.fr\/#organization","name":"Safinel","url":"https:\/\/www.safinel.fr\/","logo":{"@type":"ImageObject","inLanguage":"pt-PT","@id":"https:\/\/www.safinel.fr\/#\/schema\/logo\/image\/","url":"https:\/\/www.safinel.fr\/wp-content\/uploads\/2021\/05\/boutique-cosmetique.png","contentUrl":"https:\/\/www.safinel.fr\/wp-content\/uploads\/2021\/05\/boutique-cosmetique.png","width":800,"height":200,"caption":"Safinel"},"image":{"@id":"https:\/\/www.safinel.fr\/#\/schema\/logo\/image\/"}}]}},"_links":{"self":[{"href":"https:\/\/www.safinel.fr\/pt\/wp-json\/wp\/v2\/product\/13224","targetHints":{"allow":["GET"]}}],"collection":[{"href":"https:\/\/www.safinel.fr\/pt\/wp-json\/wp\/v2\/product"}],"about":[{"href":"https:\/\/www.safinel.fr\/pt\/wp-json\/wp\/v2\/types\/product"}],"wp:featuredmedia":[{"embeddable":true,"href":"https:\/\/www.safinel.fr\/pt\/wp-json\/wp\/v2\/media\/13225"}],"wp:attachment":[{"href":"https:\/\/www.safinel.fr\/pt\/wp-json\/wp\/v2\/media?parent=13224"}],"wp:term":[{"taxonomy":"product_brand","embeddable":true,"href":"https:\/\/www.safinel.fr\/pt\/wp-json\/wp\/v2\/product_brand?post=13224"},{"taxonomy":"product_cat","embeddable":true,"href":"https:\/\/www.safinel.fr\/pt\/wp-json\/wp\/v2\/product_cat?post=13224"},{"taxonomy":"product_tag","embeddable":true,"href":"https:\/\/www.safinel.fr\/pt\/wp-json\/wp\/v2\/product_tag?post=13224"}],"curies":[{"name":"wp","href":"https:\/\/api.w.org\/{rel}","templated":true}]}}