{"id":131,"date":"2021-06-03T11:50:21","date_gmt":"2021-06-03T11:50:21","guid":{"rendered":"https:\/\/www.safinel.fr\/?post_type=product&#038;p=131"},"modified":"2024-04-11T15:39:25","modified_gmt":"2024-04-11T15:39:25","slug":"garcinia","status":"publish","type":"product","link":"https:\/\/www.safinel.fr\/pt\/product-2\/garcinia\/","title":{"rendered":"Garcinia 100 g"},"content":{"rendered":"<p>O\u00a0<strong>Garcinia Cambogia<\/strong>\u00a0\u00e9 um\u00a0<strong>fruta tropical<\/strong>\u00a0que \u00e9 frequentemente apelidado de \u00ab<strong>\u2009rei das dietas<\/strong>\u2009Embora ainda seja pouco conhecido na Europa, \u00e9 muito apreciado pelos conhecedores e na medicina ayurv\u00e9dica. Al\u00e9m disso, \u00e9 muito apreciado na culin\u00e1ria como condimento.<\/p>\n<p>Porque consumi-lo como\u00a0<strong>suplemento alimentar\u00a0<\/strong>tem v\u00e1rios benef\u00edcios para a nossa sa\u00fade.<\/p>\n<p>Ent\u00e3o, vamos l\u00e1, com Safinel, a descri\u00e7\u00e3o desta fruta que s\u00f3 quer ser conhecida e adotada!<\/p>\n<h2><strong>Garcinia Cambogia: fruto tropical ainda pouco conhecido\u00a0<\/strong><\/h2>\n<p>A Garcinia Cambogia apresenta-se sob a forma de uma pequena ab\u00f3bora verde ou amarela que mede cerca de 5 cent\u00edmetros. Al\u00e9m disso, desperta a curiosidade, pois \u00e9 um fruto que n\u00e3o se encontra em qualquer lugar.<\/p>\n<p>Embora seja origin\u00e1rio da \u00c1frica Central e do Sudeste Asi\u00e1tico, cresce apenas nas florestas tropicais h\u00famidas. \u00c9 verdade que n\u00e3o \u00e9 muito conhecido, mas \u00e9 facilmente reconhec\u00edvel pelo seu aspeto invulgar e pouco comum. \u00c9, portanto, a sua composi\u00e7\u00e3o que o torna cativante...<\/p>\n<p>Por outro lado, na medicina tradicional e, em particular, na fitoterapia, utiliza-se o fruto na sua totalidade. Na verdade, todas as suas partes s\u00e3o interessantes, como a polpa, os gr\u00e3os e a casca.<\/p>\n<h2><strong>Os impressionantes benef\u00edcios da Garcinia Cambogia a descobrir<\/strong><\/h2>\n<p><strong>Contra a hipercolesterolemia: <\/strong>De acordo com estudos realizados sobre o assunto, este suplemento alimentar permite uma redu\u00e7\u00e3o consider\u00e1vel do n\u00edvel de colesterol no organismo. Portanto, sem d\u00favida, contribui para melhorar a sa\u00fade cardiovascular das pessoas que o consomem.<\/p>\n<p><strong>Contra a hipertens\u00e3o arterial: <\/strong>Al\u00e9m disso, \u00e9 um aliado do cora\u00e7\u00e3o e do c\u00e9rebro, pois cont\u00e9m pot\u00e1ssio. E este \u00faltimo contribui para a redu\u00e7\u00e3o da hipertens\u00e3o arterial e combate os seus efeitos. Assim, limita os riscos de enfarte e acidentes vasculares cerebrais.<\/p>\n<h3><strong>Melhoria do conforto digestivo<\/strong><\/h3>\n<ul>\n<li>Primeiro, na medicina tradicional, a Garcinia Cambogia \u00e9 conhecida por ajudar a eliminar os parasitas intestinais; ;<\/li>\n<\/ul>\n<ul>\n<li>Al\u00e9m disso, cont\u00e9m componentes ativos que favorecem o tr\u00e2nsito intestinal e a qualidade da flora. Isso se deve \u00e0 sua capacidade de facilitar a multiplica\u00e7\u00e3o de probi\u00f3ticos e prebi\u00f3ticos. ;<\/li>\n<\/ul>\n<ul>\n<li>Al\u00e9m disso, ajuda a prevenir epis\u00f3dios de diarreia aguda e disenteria; ;<\/li>\n<\/ul>\n<ul>\n<li>Mais do que isso, \u00e9 especialmente recomendado para tratar dores de est\u00f4mago e intoxica\u00e7\u00e3o alimentar!<\/li>\n<\/ul>\n<ul>\n<li>Al\u00e9m disso, a Garcinia Cambogia \u00e9 utilizada h\u00e1 muito tempo pelas suas propriedades contra a azia. Na verdade, ela ajuda a restabelecer o equil\u00edbrio da acidez g\u00e1strica. ;<\/li>\n<\/ul>\n<ul>\n<li>Por fim, em algumas medicinas tradicionais, ajuda a combater dores intestinais e reumatismos.<\/li>\n<\/ul>\n<h3><strong>Uma fruta naturalmente antioxidante<\/strong><\/h3>\n<p>Tal como muitas frutas tropicais, cont\u00e9m v\u00e1rias vitaminas e minerais conhecidos pelas suas propriedades antioxidantes. Assim, contribui para desintoxicar o organismo e combater o stress oxidativo e emocional.<\/p>\n<p>De facto, o excesso de radicais livres e toxinas no organismo \u00e9 a causa de doen\u00e7as cardiovasculares e cancros. Portanto, elimin\u00e1-los regularmente atrav\u00e9s de uma alimenta\u00e7\u00e3o antioxidante \u00e9 ben\u00e9fico para prevenir essas doen\u00e7as.<\/p>\n<h3><strong>Contra a reten\u00e7\u00e3o de l\u00edquidos<\/strong><\/h3>\n<p>De facto, cont\u00e9m componentes que atuam contra o excesso de \u00e1gua no organismo. Assim, permite uma melhor elimina\u00e7\u00e3o da \u00e1gua, toxinas e gorduras.<\/p>\n<h2><strong>Garcinia Cambogia, o \u201crei das dietas\u201d!<\/strong><\/h2>\n<p>Com raz\u00e3o, este suplemento alimentar \u00e9 frequentemente associado a dietas de emagrecimento. Ali\u00e1s, \u00e9 apelidado de \u00abrei das dietas\u00bb devido aos seus efeitos ben\u00e9ficos na perda de peso.<\/p>\n<p><strong>Uma ajuda para perder peso: <\/strong>Na verdade, este suplemento alimentar cont\u00e9m uma subst\u00e2ncia ativa muito interessante: o \u00e1cido hidroxic\u00edtrico (AHC). Com uma concentra\u00e7\u00e3o de 50 % de AHC, ele tem um efeito na perda de peso. Na verdade, ele estimula a produ\u00e7\u00e3o de serotonina no c\u00e9rebro, refor\u00e7ando assim a sensa\u00e7\u00e3o de saciedade.<\/p>\n<p>Al\u00e9m disso, estudos cl\u00ednicos revelam resultados satisfat\u00f3rios no que diz respeito \u00e0 redu\u00e7\u00e3o da massa adiposa. Por isso, \u00e9 um dos suplementos alimentares mais utilizados para a perda de peso.<\/p>\n<p><strong>Um inibidor de apetite natural: <\/strong>Como explicado anteriormente, o AHC contido na Garcinia Cambogia atua diretamente no c\u00e9rebro, estimulando a sensa\u00e7\u00e3o de saciedade. Na verdade, ele age como um inibidor de apetite natural, permitindo assim reduzir a ingest\u00e3o cal\u00f3rica durante as refei\u00e7\u00f5es.<\/p>\n<p>Al\u00e9m disso, para variar as suas curas de sa\u00fade, sugerimos-lhe as\u00a0<a href=\"https:\/\/www.safinel.fr\/pt\/product-2\/caules-de-cerejas\/\"><strong>caules de cereja<\/strong><\/a>\u00a0dispon\u00edveis na loja...<\/p>\n<h2><strong>O que deve saber sobre a Garcinia Cambogia antes de comprar<\/strong><\/h2>\n<p>Mesmo sendo um produto 100% natural, \u00e9 importante saber como escolh\u00ea-lo. Da mesma forma, \u00e9 bom informar-se sobre os efeitos secund\u00e1rios que o seu consumo pode causar.<\/p>\n<h3><strong>Escolher Garcinia Cambogia<\/strong><\/h3>\n<ul>\n<li>Sim, nem sempre \u00e9 f\u00e1cil reconhecer os bons produtos quando se trata de uma fruta t\u00e3o desconhecida! Portanto, para escolher bem, procure produtos que contenham pelo menos 50 % de AHC; ;<\/li>\n<\/ul>\n<ul>\n<li>Sem d\u00favida, o teor desse \u00e1cido \u00e9 um crit\u00e9rio de sele\u00e7\u00e3o fundamental, assim como a exist\u00eancia do selo org\u00e2nico; ;<\/li>\n<\/ul>\n<ul>\n<li>Por fim, \u00e9 necess\u00e1rio que tenha sido colhido nas florestas tropicais africanas ou asi\u00e1ticas. Pois \u00e9 nessas florestas que cresce nas melhores condi\u00e7\u00f5es poss\u00edveis, ou seja, em estado selvagem.<\/li>\n<\/ul>\n<h3><strong>Contraindica\u00e7\u00f5es<\/strong><\/h3>\n<p>\u00c9 bom saber, no entanto, que existem algumas contraindica\u00e7\u00f5es para o seu uso e consumo. Em outras palavras, \u00e9 particularmente desaconselhado para mulheres gr\u00e1vidas e lactantes, bem como para pacientes que tomam medicamentos anti-colesterol. Da mesma forma, deve ser evitado em casos de dem\u00eancia ou diabetes.<\/p>\n<h2><strong>Ent\u00e3o, como consumir Garcinia Cambogia?<\/strong><\/h2>\n<ul>\n<li>Primeiro, para que o seu consumo seja eficaz para a sua sa\u00fade, \u00e9 prefer\u00edvel seguir uma cura de v\u00e1rias semanas; ;<\/li>\n<\/ul>\n<ul>\n<li>A este respeito, recomenda-se o consumo di\u00e1rio nas doses aconselhadas. Assim, a longo prazo, ir\u00e1 sentir um profundo reequil\u00edbrio do sistema digestivo; ;<\/li>\n<\/ul>\n<ul>\n<li>\u00c9 importante saber que os tratamentos cl\u00e1ssicos com este suplemento alimentar duram entre dois e tr\u00eas meses; ;<\/li>\n<\/ul>\n<ul>\n<li>Por fim, espa\u00e7e as suas curas por uma a v\u00e1rias semanas para que os efeitos da Garcinia Cambogia sejam mais eficazes e potentes.<\/li>\n<\/ul>\n<p>Portanto, seja ass\u00edduo e paciente para aproveitar ao m\u00e1ximo os benef\u00edcios da Garcinia Cambogia!<\/p>\n<h3><strong>Precau\u00e7\u00e3o<\/strong><\/h3>\n<p>No que diz respeito aos seus efeitos secund\u00e1rios, \u00e9 importante saber que, em doses razo\u00e1veis, n\u00e3o provoca efeitos indesej\u00e1veis significativos.<\/p>\n<p>No entanto, em doses elevadas, pode causar flatul\u00eancia, enxaqueca e diarreia. Por isso, preste aten\u00e7\u00e3o e respeite a dosagem indicada na embalagem do suplemento alimentar.<\/p>","protected":false},"excerpt":{"rendered":"<p><strong>Nota importante<\/strong> : Planta inteira desidratada.<\/p>","protected":false},"featured_media":2901,"template":"","meta":[],"product_brand":[],"product_cat":[59,27],"product_tag":[],"class_list":{"0":"post-131","1":"product","2":"type-product","3":"status-publish","4":"has-post-thumbnail","6":"product_cat-fruit-tropical","7":"product_cat-plantes-medicinales","9":"first","10":"outofstock","11":"shipping-taxable","12":"purchasable","13":"product-type-simple"},"yoast_head":"<!-- This site is optimized with the Yoast SEO plugin v26.6 - https:\/\/yoast.com\/wordpress\/plugins\/seo\/ -->\n<title>Garcinia Cambogia | Fruit tropical aux bienfais nombreux<\/title>\n<meta name=\"description\" content=\"Le\u00a0Garcinia Cambogia\u00a0est un\u00a0fruit tropical\u00a0qui est souvent surnomm\u00e9 le \u00ab\u2009roi des r\u00e9gimes\u2009\u00bb. Adoptez-le sans plus attendre !\" \/>\n<meta name=\"robots\" content=\"index, follow, max-snippet:-1, max-image-preview:large, max-video-preview:-1\" \/>\n<link rel=\"canonical\" href=\"https:\/\/www.safinel.fr\/pt\/product-2\/garcinia\/\" \/>\n<meta property=\"og:locale\" content=\"pt_PT\" \/>\n<meta property=\"og:type\" content=\"article\" \/>\n<meta property=\"og:title\" content=\"Garcinia Cambogia | Fruit tropical aux bienfais nombreux\" \/>\n<meta property=\"og:description\" content=\"Le\u00a0Garcinia Cambogia\u00a0est un\u00a0fruit tropical\u00a0qui est souvent surnomm\u00e9 le \u00ab\u2009roi des r\u00e9gimes\u2009\u00bb. Adoptez-le sans plus attendre !\" \/>\n<meta property=\"og:url\" content=\"https:\/\/www.safinel.fr\/pt\/product-2\/garcinia\/\" \/>\n<meta property=\"og:site_name\" content=\"Safinel\" \/>\n<meta property=\"article:modified_time\" content=\"2024-04-11T15:39:25+00:00\" \/>\n<meta property=\"og:image\" content=\"https:\/\/www.safinel.fr\/wp-content\/uploads\/2021\/06\/Garcinia-Cambogia.jpg\" \/>\n\t<meta property=\"og:image:width\" content=\"600\" \/>\n\t<meta property=\"og:image:height\" content=\"600\" \/>\n\t<meta property=\"og:image:type\" content=\"image\/jpeg\" \/>\n<meta name=\"twitter:card\" content=\"summary_large_image\" \/>\n<meta name=\"twitter:label1\" content=\"Tempo estimado de leitura\" \/>\n\t<meta name=\"twitter:data1\" content=\"6 minutos\" \/>\n<script type=\"application\/ld+json\" class=\"yoast-schema-graph\">{\"@context\":\"https:\/\/schema.org\",\"@graph\":[{\"@type\":\"WebPage\",\"@id\":\"https:\/\/www.safinel.fr\/produit\/garcinia\/\",\"url\":\"https:\/\/www.safinel.fr\/produit\/garcinia\/\",\"name\":\"Garcinia Cambogia | Fruit tropical aux bienfais nombreux\",\"isPartOf\":{\"@id\":\"https:\/\/www.safinel.fr\/#website\"},\"primaryImageOfPage\":{\"@id\":\"https:\/\/www.safinel.fr\/produit\/garcinia\/#primaryimage\"},\"image\":{\"@id\":\"https:\/\/www.safinel.fr\/produit\/garcinia\/#primaryimage\"},\"thumbnailUrl\":\"https:\/\/www.safinel.fr\/wp-content\/uploads\/2021\/06\/Garcinia-Cambogia.jpg\",\"datePublished\":\"2021-06-03T11:50:21+00:00\",\"dateModified\":\"2024-04-11T15:39:25+00:00\",\"description\":\"Le\u00a0Garcinia Cambogia\u00a0est un\u00a0fruit tropical\u00a0qui est souvent surnomm\u00e9 le \u00ab\u2009roi des r\u00e9gimes\u2009\u00bb. Adoptez-le sans plus attendre !\",\"breadcrumb\":{\"@id\":\"https:\/\/www.safinel.fr\/produit\/garcinia\/#breadcrumb\"},\"inLanguage\":\"pt-PT\",\"potentialAction\":[{\"@type\":\"ReadAction\",\"target\":[\"https:\/\/www.safinel.fr\/produit\/garcinia\/\"]}]},{\"@type\":\"ImageObject\",\"inLanguage\":\"pt-PT\",\"@id\":\"https:\/\/www.safinel.fr\/produit\/garcinia\/#primaryimage\",\"url\":\"https:\/\/www.safinel.fr\/wp-content\/uploads\/2021\/06\/Garcinia-Cambogia.jpg\",\"contentUrl\":\"https:\/\/www.safinel.fr\/wp-content\/uploads\/2021\/06\/Garcinia-Cambogia.jpg\",\"width\":600,\"height\":600,\"caption\":\"Garcinia Cambogia\"},{\"@type\":\"BreadcrumbList\",\"@id\":\"https:\/\/www.safinel.fr\/produit\/garcinia\/#breadcrumb\",\"itemListElement\":[{\"@type\":\"ListItem\",\"position\":1,\"name\":\"Accueil\",\"item\":\"https:\/\/www.safinel.fr\/\"},{\"@type\":\"ListItem\",\"position\":2,\"name\":\"Boutique\",\"item\":\"https:\/\/www.safinel.fr\/boutique\/\"},{\"@type\":\"ListItem\",\"position\":3,\"name\":\"Garcinia 100g\"}]},{\"@type\":\"WebSite\",\"@id\":\"https:\/\/www.safinel.fr\/#website\",\"url\":\"https:\/\/www.safinel.fr\/\",\"name\":\"Safinel\",\"description\":\"\",\"publisher\":{\"@id\":\"https:\/\/www.safinel.fr\/#organization\"},\"potentialAction\":[{\"@type\":\"SearchAction\",\"target\":{\"@type\":\"EntryPoint\",\"urlTemplate\":\"https:\/\/www.safinel.fr\/?s={search_term_string}\"},\"query-input\":{\"@type\":\"PropertyValueSpecification\",\"valueRequired\":true,\"valueName\":\"search_term_string\"}}],\"inLanguage\":\"pt-PT\"},{\"@type\":\"Organization\",\"@id\":\"https:\/\/www.safinel.fr\/#organization\",\"name\":\"Safinel\",\"url\":\"https:\/\/www.safinel.fr\/\",\"logo\":{\"@type\":\"ImageObject\",\"inLanguage\":\"pt-PT\",\"@id\":\"https:\/\/www.safinel.fr\/#\/schema\/logo\/image\/\",\"url\":\"https:\/\/www.safinel.fr\/wp-content\/uploads\/2021\/05\/boutique-cosmetique.png\",\"contentUrl\":\"https:\/\/www.safinel.fr\/wp-content\/uploads\/2021\/05\/boutique-cosmetique.png\",\"width\":800,\"height\":200,\"caption\":\"Safinel\"},\"image\":{\"@id\":\"https:\/\/www.safinel.fr\/#\/schema\/logo\/image\/\"}}]}<\/script>\n<!-- \/ Yoast SEO plugin. -->","yoast_head_json":{"title":"Garcinia Cambogia | Fruta tropical com in\u00fameros benef\u00edcios","description":"A Garcinia Cambogia \u00e9 uma fruta tropical frequentemente apelidada de \u00abrainha das dietas\u00bb. Adote-a sem mais demora!","robots":{"index":"index","follow":"follow","max-snippet":"max-snippet:-1","max-image-preview":"max-image-preview:large","max-video-preview":"max-video-preview:-1"},"canonical":"https:\/\/www.safinel.fr\/pt\/product-2\/garcinia\/","og_locale":"pt_PT","og_type":"article","og_title":"Garcinia Cambogia | Fruit tropical aux bienfais nombreux","og_description":"Le\u00a0Garcinia Cambogia\u00a0est un\u00a0fruit tropical\u00a0qui est souvent surnomm\u00e9 le \u00ab\u2009roi des r\u00e9gimes\u2009\u00bb. Adoptez-le sans plus attendre !","og_url":"https:\/\/www.safinel.fr\/pt\/product-2\/garcinia\/","og_site_name":"Safinel","article_modified_time":"2024-04-11T15:39:25+00:00","og_image":[{"width":600,"height":600,"url":"https:\/\/www.safinel.fr\/wp-content\/uploads\/2021\/06\/Garcinia-Cambogia.jpg","type":"image\/jpeg"}],"twitter_card":"summary_large_image","twitter_misc":{"Tempo estimado de leitura":"6 minutos"},"schema":{"@context":"https:\/\/schema.org","@graph":[{"@type":"WebPage","@id":"https:\/\/www.safinel.fr\/produit\/garcinia\/","url":"https:\/\/www.safinel.fr\/produit\/garcinia\/","name":"Garcinia Cambogia | Fruta tropical com in\u00fameros benef\u00edcios","isPartOf":{"@id":"https:\/\/www.safinel.fr\/#website"},"primaryImageOfPage":{"@id":"https:\/\/www.safinel.fr\/produit\/garcinia\/#primaryimage"},"image":{"@id":"https:\/\/www.safinel.fr\/produit\/garcinia\/#primaryimage"},"thumbnailUrl":"https:\/\/www.safinel.fr\/wp-content\/uploads\/2021\/06\/Garcinia-Cambogia.jpg","datePublished":"2021-06-03T11:50:21+00:00","dateModified":"2024-04-11T15:39:25+00:00","description":"A Garcinia Cambogia \u00e9 uma fruta tropical frequentemente apelidada de \u00abrainha das dietas\u00bb. Adote-a sem mais demora!","breadcrumb":{"@id":"https:\/\/www.safinel.fr\/produit\/garcinia\/#breadcrumb"},"inLanguage":"pt-PT","potentialAction":[{"@type":"ReadAction","target":["https:\/\/www.safinel.fr\/produit\/garcinia\/"]}]},{"@type":"ImageObject","inLanguage":"pt-PT","@id":"https:\/\/www.safinel.fr\/produit\/garcinia\/#primaryimage","url":"https:\/\/www.safinel.fr\/wp-content\/uploads\/2021\/06\/Garcinia-Cambogia.jpg","contentUrl":"https:\/\/www.safinel.fr\/wp-content\/uploads\/2021\/06\/Garcinia-Cambogia.jpg","width":600,"height":600,"caption":"Garcinia Cambogia"},{"@type":"BreadcrumbList","@id":"https:\/\/www.safinel.fr\/produit\/garcinia\/#breadcrumb","itemListElement":[{"@type":"ListItem","position":1,"name":"Accueil","item":"https:\/\/www.safinel.fr\/"},{"@type":"ListItem","position":2,"name":"Boutique","item":"https:\/\/www.safinel.fr\/boutique\/"},{"@type":"ListItem","position":3,"name":"Garcinia 100g"}]},{"@type":"WebSite","@id":"https:\/\/www.safinel.fr\/#website","url":"https:\/\/www.safinel.fr\/","name":"Safinel","description":"","publisher":{"@id":"https:\/\/www.safinel.fr\/#organization"},"potentialAction":[{"@type":"SearchAction","target":{"@type":"EntryPoint","urlTemplate":"https:\/\/www.safinel.fr\/?s={search_term_string}"},"query-input":{"@type":"PropertyValueSpecification","valueRequired":true,"valueName":"search_term_string"}}],"inLanguage":"pt-PT"},{"@type":"Organization","@id":"https:\/\/www.safinel.fr\/#organization","name":"Safinel","url":"https:\/\/www.safinel.fr\/","logo":{"@type":"ImageObject","inLanguage":"pt-PT","@id":"https:\/\/www.safinel.fr\/#\/schema\/logo\/image\/","url":"https:\/\/www.safinel.fr\/wp-content\/uploads\/2021\/05\/boutique-cosmetique.png","contentUrl":"https:\/\/www.safinel.fr\/wp-content\/uploads\/2021\/05\/boutique-cosmetique.png","width":800,"height":200,"caption":"Safinel"},"image":{"@id":"https:\/\/www.safinel.fr\/#\/schema\/logo\/image\/"}}]}},"_links":{"self":[{"href":"https:\/\/www.safinel.fr\/pt\/wp-json\/wp\/v2\/product\/131","targetHints":{"allow":["GET"]}}],"collection":[{"href":"https:\/\/www.safinel.fr\/pt\/wp-json\/wp\/v2\/product"}],"about":[{"href":"https:\/\/www.safinel.fr\/pt\/wp-json\/wp\/v2\/types\/product"}],"wp:featuredmedia":[{"embeddable":true,"href":"https:\/\/www.safinel.fr\/pt\/wp-json\/wp\/v2\/media\/2901"}],"wp:attachment":[{"href":"https:\/\/www.safinel.fr\/pt\/wp-json\/wp\/v2\/media?parent=131"}],"wp:term":[{"taxonomy":"product_brand","embeddable":true,"href":"https:\/\/www.safinel.fr\/pt\/wp-json\/wp\/v2\/product_brand?post=131"},{"taxonomy":"product_cat","embeddable":true,"href":"https:\/\/www.safinel.fr\/pt\/wp-json\/wp\/v2\/product_cat?post=131"},{"taxonomy":"product_tag","embeddable":true,"href":"https:\/\/www.safinel.fr\/pt\/wp-json\/wp\/v2\/product_tag?post=131"}],"curies":[{"name":"wp","href":"https:\/\/api.w.org\/{rel}","templated":true}]}}