{"id":130,"date":"2021-06-01T19:26:51","date_gmt":"2021-06-01T19:26:51","guid":{"rendered":"https:\/\/www.safinel.fr\/?post_type=product&#038;p=130"},"modified":"2024-01-17T11:43:53","modified_gmt":"2024-01-17T11:43:53","slug":"raiz-de-dente-de-leao","status":"publish","type":"product","link":"https:\/\/www.safinel.fr\/pt\/product-2\/raiz-de-dente-de-leao\/","title":{"rendered":"Raiz de dente-de-le\u00e3o 100 g"},"content":{"rendered":"<p>N\u00e3o, n\u00e3o est\u00e1 a sonhar, o dente-de-le\u00e3o tamb\u00e9m \u00e9 conhecido como \u00abmij\u00e3o\u00bb devido \u00e0 sua excepcional fun\u00e7\u00e3o diur\u00e9tica. De facto, gra\u00e7as ao seu sabor amargo e \u00e0s suas <a href=\"https:\/\/www.espritsante.com\/articles\/acide-phenolique\" target=\"_blank\" rel=\"noopener\"><strong>\u00e1cidos fen\u00f3licos<\/strong><\/a> e ester\u00f3is. A raiz do dente-de-le\u00e3o atua como um diur\u00e9tico eficaz para estimular o f\u00edgado.<\/p>\n<p>\u00c9 uma planta utilizada desde tempos ancestrais na fitoterapia para <a href=\"https:\/\/www.safinel.fr\/pt\/product-2\/caules-de-cerejas\/\"><strong>limpar o organismo de forma geral<\/strong><\/a>.<\/p>\n<h2><b>O dente-de-le\u00e3o: uma raiz ben\u00e9fica para o corpo humano<\/b><\/h2>\n<p>\u00c9 importante saber tamb\u00e9m que esta planta, que se encontra comumente em prados e campos, \u00e9 uma das poucas plantas presentes em quase todo o globo.<\/p>\n<p>Ela pode ser encontrada em praticamente todos os continentes. O seu nome latino \u00e9 \u00abtaraxacum officinale\u00bb. Trata-se de uma planta herb\u00e1cea perene que se caracteriza por uma flor amarela viva que se transforma numa esp\u00e9cie de pompom.<\/p>\n<p>Ideal para o bom funcionamento do f\u00edgado e da ves\u00edcula biliar. No entanto, \u00e9 recomend\u00e1vel consumir a raiz em decoc\u00e7\u00e3o.<\/p>\n<p>Para aproveitar ao m\u00e1ximo os benef\u00edcios desintoxicantes da raiz de dente-de-le\u00e3o, \u00e9 prefer\u00edvel respeitar as doses recomendadas.<\/p>\n<h2><b>Modo de utiliza\u00e7\u00e3o em decoc\u00e7\u00e3o:<\/b><\/h2>\n<p>A nossa equipa recomenda que aque\u00e7a cerca de 5 gramas de ra\u00edzes de dente-de-le\u00e3o at\u00e9 ferver durante cerca de dez minutos. Em seguida, saboreie-as. Para uma experi\u00eancia ideal, \u00e9 prefer\u00edvel repetir este procedimento tr\u00eas vezes ao dia.<\/p>\n<p>No entanto, existem algumas precau\u00e7\u00f5es a tomar antes de iniciar uma cura com dente-de-le\u00e3o:<\/p>\n<ul>\n<li>A nossa equipa gostaria de informar que \u00e9 prefer\u00edvel que as pessoas com c\u00e1lculos biliares consultem primeiro o seu m\u00e9dico.<\/li>\n<li>\u00c9 importante saber que as curas com dente-de-le\u00e3o s\u00e3o indicadas apenas para curtos per\u00edodos.<span class=\"Apple-converted-space\">\u00a0<\/span><\/li>\n<li>Proibido para mulheres gr\u00e1vidas e lactantes.<\/li>\n<li>A cura com raiz de dente-de-le\u00e3o tamb\u00e9m \u00e9 contraindicada em casos de doen\u00e7a renal ou card\u00edaca.<\/li>\n<\/ul>","protected":false},"excerpt":{"rendered":"<p>N\u00e3o, n\u00e3o est\u00e1 a sonhar, o dente-de-le\u00e3o tamb\u00e9m \u00e9 conhecido como \u00abmij\u00e3o\u00bb devido \u00e0 sua excepcional fun\u00e7\u00e3o diur\u00e9tica. De facto, gra\u00e7as ao seu sabor amargo e aos seus \u00e1cidos fen\u00f3licos e ester\u00f3is, a raiz do dente-de-le\u00e3o atua como um diur\u00e9tico eficaz para estimular o f\u00edgado. \u00c9 uma planta utilizada [\u2026]","protected":false},"featured_media":45,"template":"","meta":[],"product_brand":[],"product_cat":[27],"product_tag":[],"class_list":{"0":"post-130","1":"product","2":"type-product","3":"status-publish","4":"has-post-thumbnail","6":"product_cat-plantes-medicinales","8":"first","9":"instock","10":"shipping-taxable","11":"purchasable","12":"product-type-simple"},"yoast_head":"<!-- This site is optimized with the Yoast SEO plugin v26.6 - https:\/\/yoast.com\/wordpress\/plugins\/seo\/ -->\n<title>Racine de pissenlit (taraxacum officinale) | Bienfaits nombreux<\/title>\n<meta name=\"description\" content=\"Gr\u00e2ce \u00e0 son amertume et \u00e0 ses acides ph\u00e9nol et st\u00e9rols. La racine de pissenlit permet d\u2019agir comme un diur\u00e9tique pour stimuler le foie.\" \/>\n<meta name=\"robots\" content=\"index, follow, max-snippet:-1, max-image-preview:large, max-video-preview:-1\" \/>\n<link rel=\"canonical\" href=\"https:\/\/www.safinel.fr\/pt\/product-2\/raiz-de-dente-de-leao\/\" \/>\n<meta property=\"og:locale\" content=\"pt_PT\" \/>\n<meta property=\"og:type\" content=\"article\" \/>\n<meta property=\"og:title\" content=\"Racine de pissenlit (taraxacum officinale) | Bienfaits nombreux\" \/>\n<meta property=\"og:description\" content=\"Gr\u00e2ce \u00e0 son amertume et \u00e0 ses acides ph\u00e9nol et st\u00e9rols. La racine de pissenlit permet d\u2019agir comme un diur\u00e9tique pour stimuler le foie.\" \/>\n<meta property=\"og:url\" content=\"https:\/\/www.safinel.fr\/pt\/product-2\/raiz-de-dente-de-leao\/\" \/>\n<meta property=\"og:site_name\" content=\"Safinel\" \/>\n<meta property=\"article:modified_time\" content=\"2024-01-17T11:43:53+00:00\" \/>\n<meta property=\"og:image\" content=\"https:\/\/www.safinel.fr\/wp-content\/uploads\/2021\/05\/pissenlit-racine-site.jpg\" \/>\n\t<meta property=\"og:image:width\" content=\"311\" \/>\n\t<meta property=\"og:image:height\" content=\"400\" \/>\n\t<meta property=\"og:image:type\" content=\"image\/jpeg\" \/>\n<meta name=\"twitter:card\" content=\"summary_large_image\" \/>\n<meta name=\"twitter:label1\" content=\"Tempo estimado de leitura\" \/>\n\t<meta name=\"twitter:data1\" content=\"2 minutos\" \/>\n<script type=\"application\/ld+json\" class=\"yoast-schema-graph\">{\"@context\":\"https:\/\/schema.org\",\"@graph\":[{\"@type\":\"WebPage\",\"@id\":\"https:\/\/www.safinel.fr\/produit\/racine-de-pissenlit\/\",\"url\":\"https:\/\/www.safinel.fr\/produit\/racine-de-pissenlit\/\",\"name\":\"Racine de pissenlit (taraxacum officinale) | Bienfaits nombreux\",\"isPartOf\":{\"@id\":\"https:\/\/www.safinel.fr\/#website\"},\"primaryImageOfPage\":{\"@id\":\"https:\/\/www.safinel.fr\/produit\/racine-de-pissenlit\/#primaryimage\"},\"image\":{\"@id\":\"https:\/\/www.safinel.fr\/produit\/racine-de-pissenlit\/#primaryimage\"},\"thumbnailUrl\":\"https:\/\/www.safinel.fr\/wp-content\/uploads\/2021\/05\/pissenlit-racine-site.jpg\",\"datePublished\":\"2021-06-01T19:26:51+00:00\",\"dateModified\":\"2024-01-17T11:43:53+00:00\",\"description\":\"Gr\u00e2ce \u00e0 son amertume et \u00e0 ses acides ph\u00e9nol et st\u00e9rols. La racine de pissenlit permet d\u2019agir comme un diur\u00e9tique pour stimuler le foie.\",\"breadcrumb\":{\"@id\":\"https:\/\/www.safinel.fr\/produit\/racine-de-pissenlit\/#breadcrumb\"},\"inLanguage\":\"pt-PT\",\"potentialAction\":[{\"@type\":\"ReadAction\",\"target\":[\"https:\/\/www.safinel.fr\/produit\/racine-de-pissenlit\/\"]}]},{\"@type\":\"ImageObject\",\"inLanguage\":\"pt-PT\",\"@id\":\"https:\/\/www.safinel.fr\/produit\/racine-de-pissenlit\/#primaryimage\",\"url\":\"https:\/\/www.safinel.fr\/wp-content\/uploads\/2021\/05\/pissenlit-racine-site.jpg\",\"contentUrl\":\"https:\/\/www.safinel.fr\/wp-content\/uploads\/2021\/05\/pissenlit-racine-site.jpg\",\"width\":311,\"height\":400,\"caption\":\"Racine de pissenlit\"},{\"@type\":\"BreadcrumbList\",\"@id\":\"https:\/\/www.safinel.fr\/produit\/racine-de-pissenlit\/#breadcrumb\",\"itemListElement\":[{\"@type\":\"ListItem\",\"position\":1,\"name\":\"Accueil\",\"item\":\"https:\/\/www.safinel.fr\/\"},{\"@type\":\"ListItem\",\"position\":2,\"name\":\"Boutique\",\"item\":\"https:\/\/www.safinel.fr\/boutique\/\"},{\"@type\":\"ListItem\",\"position\":3,\"name\":\"Racine de pissenlit 100g\"}]},{\"@type\":\"WebSite\",\"@id\":\"https:\/\/www.safinel.fr\/#website\",\"url\":\"https:\/\/www.safinel.fr\/\",\"name\":\"Safinel\",\"description\":\"\",\"publisher\":{\"@id\":\"https:\/\/www.safinel.fr\/#organization\"},\"potentialAction\":[{\"@type\":\"SearchAction\",\"target\":{\"@type\":\"EntryPoint\",\"urlTemplate\":\"https:\/\/www.safinel.fr\/?s={search_term_string}\"},\"query-input\":{\"@type\":\"PropertyValueSpecification\",\"valueRequired\":true,\"valueName\":\"search_term_string\"}}],\"inLanguage\":\"pt-PT\"},{\"@type\":\"Organization\",\"@id\":\"https:\/\/www.safinel.fr\/#organization\",\"name\":\"Safinel\",\"url\":\"https:\/\/www.safinel.fr\/\",\"logo\":{\"@type\":\"ImageObject\",\"inLanguage\":\"pt-PT\",\"@id\":\"https:\/\/www.safinel.fr\/#\/schema\/logo\/image\/\",\"url\":\"https:\/\/www.safinel.fr\/wp-content\/uploads\/2021\/05\/boutique-cosmetique.png\",\"contentUrl\":\"https:\/\/www.safinel.fr\/wp-content\/uploads\/2021\/05\/boutique-cosmetique.png\",\"width\":800,\"height\":200,\"caption\":\"Safinel\"},\"image\":{\"@id\":\"https:\/\/www.safinel.fr\/#\/schema\/logo\/image\/\"}}]}<\/script>\n<!-- \/ Yoast SEO plugin. -->","yoast_head_json":{"title":"Raiz de dente-de-le\u00e3o (taraxacum officinale) | In\u00fameros benef\u00edcios","description":"Gra\u00e7as ao seu sabor amargo e aos seus \u00e1cidos fen\u00f3licos e ester\u00f3is, a raiz de dente-de-le\u00e3o atua como diur\u00e9tico, estimulando o f\u00edgado.","robots":{"index":"index","follow":"follow","max-snippet":"max-snippet:-1","max-image-preview":"max-image-preview:large","max-video-preview":"max-video-preview:-1"},"canonical":"https:\/\/www.safinel.fr\/pt\/product-2\/raiz-de-dente-de-leao\/","og_locale":"pt_PT","og_type":"article","og_title":"Racine de pissenlit (taraxacum officinale) | Bienfaits nombreux","og_description":"Gr\u00e2ce \u00e0 son amertume et \u00e0 ses acides ph\u00e9nol et st\u00e9rols. La racine de pissenlit permet d\u2019agir comme un diur\u00e9tique pour stimuler le foie.","og_url":"https:\/\/www.safinel.fr\/pt\/product-2\/raiz-de-dente-de-leao\/","og_site_name":"Safinel","article_modified_time":"2024-01-17T11:43:53+00:00","og_image":[{"width":311,"height":400,"url":"https:\/\/www.safinel.fr\/wp-content\/uploads\/2021\/05\/pissenlit-racine-site.jpg","type":"image\/jpeg"}],"twitter_card":"summary_large_image","twitter_misc":{"Tempo estimado de leitura":"2 minutos"},"schema":{"@context":"https:\/\/schema.org","@graph":[{"@type":"WebPage","@id":"https:\/\/www.safinel.fr\/produit\/racine-de-pissenlit\/","url":"https:\/\/www.safinel.fr\/produit\/racine-de-pissenlit\/","name":"Raiz de dente-de-le\u00e3o (taraxacum officinale) | In\u00fameros benef\u00edcios","isPartOf":{"@id":"https:\/\/www.safinel.fr\/#website"},"primaryImageOfPage":{"@id":"https:\/\/www.safinel.fr\/produit\/racine-de-pissenlit\/#primaryimage"},"image":{"@id":"https:\/\/www.safinel.fr\/produit\/racine-de-pissenlit\/#primaryimage"},"thumbnailUrl":"https:\/\/www.safinel.fr\/wp-content\/uploads\/2021\/05\/pissenlit-racine-site.jpg","datePublished":"2021-06-01T19:26:51+00:00","dateModified":"2024-01-17T11:43:53+00:00","description":"Gra\u00e7as ao seu sabor amargo e aos seus \u00e1cidos fen\u00f3licos e ester\u00f3is, a raiz de dente-de-le\u00e3o atua como diur\u00e9tico, estimulando o f\u00edgado.","breadcrumb":{"@id":"https:\/\/www.safinel.fr\/produit\/racine-de-pissenlit\/#breadcrumb"},"inLanguage":"pt-PT","potentialAction":[{"@type":"ReadAction","target":["https:\/\/www.safinel.fr\/produit\/racine-de-pissenlit\/"]}]},{"@type":"ImageObject","inLanguage":"pt-PT","@id":"https:\/\/www.safinel.fr\/produit\/racine-de-pissenlit\/#primaryimage","url":"https:\/\/www.safinel.fr\/wp-content\/uploads\/2021\/05\/pissenlit-racine-site.jpg","contentUrl":"https:\/\/www.safinel.fr\/wp-content\/uploads\/2021\/05\/pissenlit-racine-site.jpg","width":311,"height":400,"caption":"Racine de pissenlit"},{"@type":"BreadcrumbList","@id":"https:\/\/www.safinel.fr\/produit\/racine-de-pissenlit\/#breadcrumb","itemListElement":[{"@type":"ListItem","position":1,"name":"Accueil","item":"https:\/\/www.safinel.fr\/"},{"@type":"ListItem","position":2,"name":"Boutique","item":"https:\/\/www.safinel.fr\/boutique\/"},{"@type":"ListItem","position":3,"name":"Racine de pissenlit 100g"}]},{"@type":"WebSite","@id":"https:\/\/www.safinel.fr\/#website","url":"https:\/\/www.safinel.fr\/","name":"Safinel","description":"","publisher":{"@id":"https:\/\/www.safinel.fr\/#organization"},"potentialAction":[{"@type":"SearchAction","target":{"@type":"EntryPoint","urlTemplate":"https:\/\/www.safinel.fr\/?s={search_term_string}"},"query-input":{"@type":"PropertyValueSpecification","valueRequired":true,"valueName":"search_term_string"}}],"inLanguage":"pt-PT"},{"@type":"Organization","@id":"https:\/\/www.safinel.fr\/#organization","name":"Safinel","url":"https:\/\/www.safinel.fr\/","logo":{"@type":"ImageObject","inLanguage":"pt-PT","@id":"https:\/\/www.safinel.fr\/#\/schema\/logo\/image\/","url":"https:\/\/www.safinel.fr\/wp-content\/uploads\/2021\/05\/boutique-cosmetique.png","contentUrl":"https:\/\/www.safinel.fr\/wp-content\/uploads\/2021\/05\/boutique-cosmetique.png","width":800,"height":200,"caption":"Safinel"},"image":{"@id":"https:\/\/www.safinel.fr\/#\/schema\/logo\/image\/"}}]}},"_links":{"self":[{"href":"https:\/\/www.safinel.fr\/pt\/wp-json\/wp\/v2\/product\/130","targetHints":{"allow":["GET"]}}],"collection":[{"href":"https:\/\/www.safinel.fr\/pt\/wp-json\/wp\/v2\/product"}],"about":[{"href":"https:\/\/www.safinel.fr\/pt\/wp-json\/wp\/v2\/types\/product"}],"wp:featuredmedia":[{"embeddable":true,"href":"https:\/\/www.safinel.fr\/pt\/wp-json\/wp\/v2\/media\/45"}],"wp:attachment":[{"href":"https:\/\/www.safinel.fr\/pt\/wp-json\/wp\/v2\/media?parent=130"}],"wp:term":[{"taxonomy":"product_brand","embeddable":true,"href":"https:\/\/www.safinel.fr\/pt\/wp-json\/wp\/v2\/product_brand?post=130"},{"taxonomy":"product_cat","embeddable":true,"href":"https:\/\/www.safinel.fr\/pt\/wp-json\/wp\/v2\/product_cat?post=130"},{"taxonomy":"product_tag","embeddable":true,"href":"https:\/\/www.safinel.fr\/pt\/wp-json\/wp\/v2\/product_tag?post=130"}],"curies":[{"name":"wp","href":"https:\/\/api.w.org\/{rel}","templated":true}]}}