{"id":1291,"date":"2022-05-14T12:27:47","date_gmt":"2022-05-14T12:27:47","guid":{"rendered":"https:\/\/www.safinel.fr\/?post_type=product&#038;p=1291"},"modified":"2025-03-04T22:30:01","modified_gmt":"2025-03-04T22:30:01","slug":"oleo-de-chebe","status":"publish","type":"product","link":"https:\/\/www.safinel.fr\/pt\/product-2\/oleo-de-chebe\/","title":{"rendered":"\u00d3leo de ch\u00e9b\u00e9"},"content":{"rendered":"<p>Safinel n\u00e3o poderia falar sobre sa\u00fade capilar sem mencionar a famosa\u00a0<strong>\u00f3leo de ch\u00e9b\u00e9<\/strong>\u00a0! De facto, as mulheres Bassara do Chade utilizam esta ferramenta de beleza desde os tempos antigos e os seus cabelos s\u00e3o prova disso.<\/p>\n<p>Embora este produto seja conhecido, em \u00c1frica e no Chade, em particular, continua a ser um mist\u00e9rio para muitos. E talvez seja a primeira vez que ouve falar dele.\u00a0<strong>cuidado africano<\/strong>. Mas, seja voc\u00ea homem ou mulher, este elixir ir\u00e1 encant\u00e1-lo...<\/p>\n<p>Ent\u00e3o, venha descobrir, na Safinel, sem mais demora! O seu cabelo e a sua barba v\u00e3o agradecer-lhe...<\/p>\n<h2><strong>\u00d3leo de chebe: a revela\u00e7\u00e3o da beleza do Chade\u00a0<\/strong><\/h2>\n<p>O \u00f3leo de ch\u00e9b\u00e9, cujo nome significa \u201ctran\u00e7ar\u201d, \u00e9 um cosm\u00e9tico natural sem produtos qu\u00edmicos. Est\u00e1 dispon\u00edvel em dois formatos: 60 ml sem spray e 100 ml com spray. Al\u00e9m disso, este elixir \u00e9 100% puro e natural.<\/p>\n<p>Al\u00e9m disso, \u00e9 um segredo de beleza muito conhecido no Chade. Na verdade, \u00e9 obtido pela macera\u00e7\u00e3o do p\u00f3 misturado com macerado de azeitona, baob\u00e1 e mamona. Por outro lado, \u00e9 o produto final, depois de torrar e esmagar a semente de croton de zamb\u00e9ze. \u00c9 importante saber que esta \u00faltima (Croton gratissimus) \u00e9 uma planta rica em nutrientes conhecidos por acelerar o crescimento do cabelo.<\/p>\n<p>Quanto \u00e0 textura do \u00f3leo de ch\u00e9b\u00e9, ele \u00e9 leve e inodoro. No entanto, n\u00e3o deixa res\u00edduos gordurosos, o que \u00e9 muito agrad\u00e1vel.<\/p>\n<p>Al\u00e9m disso, caso n\u00e3o saiba... Este elixir cont\u00e9m um ingrediente fundamental: a cera de flor de lavanda. Esta \u00faltima possui poderosas propriedades hidratantes que penetram profundamente no couro cabeludo e o nutrem por dentro.<\/p>\n<p>Isso explica por que o cabelo fica mais forte, saud\u00e1vel e cresce mais r\u00e1pido, da raiz \u00e0s pontas. Assim, ele se torna O produto incr\u00edvel para estimular o crescimento e hidratar cabelos afro, mediterr\u00e2neos e rebeldes.<\/p>\n<h2><strong>\u00d3leo de ch\u00e9b\u00e9: benef\u00edcios incr\u00edveis para o cabelo e a barba<\/strong><\/h2>\n<p>Sim, esse\u00a0<strong>ferramenta de beleza<\/strong>\u00a0\u00e9 adequado tanto para mulheres como para homens!<\/p>\n<ul>\n<li>Acima de tudo, o \u00f3leo de ch\u00e9b\u00e9 hidrata profundamente o cabelo e protege-o, refor\u00e7ando o seu brilho; ;<\/li>\n<\/ul>\n<ul>\n<li>Al\u00e9m disso, devolve a vitalidade aos cabelos quebradi\u00e7os, com pontas duplas ou excessivamente tratados, ao mesmo tempo que hidrata profundamente e fortalece os fios; ;<\/li>\n<\/ul>\n<ul>\n<li>Por outro lado, este produto cont\u00e9m uma quantidade consider\u00e1vel de \u00e1cido l\u00e1urico, cujas propriedades antibacterianas foram comprovadas. Al\u00e9m disso, cont\u00e9m vitamina E, que ajuda a reparar as c\u00e9lulas danificadas. Da mesma forma, cont\u00e9m vitamina A, que ajuda a reduzir a inflama\u00e7\u00e3o. ;<\/li>\n<\/ul>\n<ul>\n<li>Por fim, ajuda a combater a queda de cabelo e acelera o crescimento.<\/li>\n<\/ul>\n<p>Ent\u00e3o, se est\u00e1 convencido, ter\u00e1 um cabelo bonito, longo e saud\u00e1vel que dar\u00e1 que falar!<\/p>\n<h2><strong>\u00d3leo de chebe em banho de \u00f3leo para um cabelo sublime!<\/strong><\/h2>\n<h3><strong>1.\u00ba m\u00e9todo<\/strong><\/h3>\n<ul>\n<li>Primeiro, pode mistur\u00e1-la com um macerado vegetal, como o de azeitona; ;<\/li>\n<\/ul>\n<ul>\n<li>Em seguida, pode deixar o produto repousar durante 3 horas no cabelo antes de lavar com champ\u00f4; ;<\/li>\n<\/ul>\n<ul>\n<li>Por fim, n\u00e3o se esque\u00e7a de agitar a garrafa com a mistura antes de cada utiliza\u00e7\u00e3o.<\/li>\n<\/ul>\n<h3><strong>2.\u00ba m\u00e9todo<\/strong><\/h3>\n<ul>\n<li>Primeiro, o \u00f3leo de ch\u00e9b\u00e9 pode ser misturado com p\u00f3 de ch\u00e9b\u00e9, manteiga de karit\u00e9 e coco. Na verdade, isso refor\u00e7ar\u00e1 a f\u00f3rmula do seu tratamento; ;<\/li>\n<\/ul>\n<ul>\n<li>Na verdade, pode aumentar os benef\u00edcios deste elixir usando o p\u00f3 de ch\u00e9b\u00e9. Al\u00e9m disso, com este \u00faltimo, pode obter uma pasta para usar como condicionador ou para pentear o cabelo. ;<\/li>\n<\/ul>\n<ul>\n<li>Da mesma forma, esses elementos podem ser combinados com \u00e1gua e glicerina para fazer um spray; ;<\/li>\n<\/ul>\n<ul>\n<li>Por fim, aplique 3 vezes por semana no couro cabeludo e fa\u00e7a uma massagem circular durante pelo menos 5 minutos.<\/li>\n<\/ul>\n<h3><strong>3.\u00ba m\u00e9todo\u00a0<\/strong><\/h3>\n<ul>\n<li>Primeiro, separe o cabelo em quatro partes; ;<\/li>\n<\/ul>\n<ul>\n<li>Em seguida, aplique este elixir a uma dist\u00e2ncia de 10 cent\u00edmetros da raiz at\u00e9 \u00e0s pontas; ;<\/li>\n<\/ul>\n<ul>\n<li>Depois disso, massageie suavemente o couro cabeludo durante 5 a 10 minutos; ;<\/li>\n<\/ul>\n<ul>\n<li>Por fim, deve-se deixar repousar durante tr\u00eas horas, coberto com celofane, antes de proceder \u00e0 lavagem com champ\u00f4.<\/li>\n<\/ul>\n<h2><strong>\u00d3leo de chebe para uma barba digna desse nome!<\/strong><\/h2>\n<p>A vantagem do \u00f3leo de ch\u00e9b\u00e9 \u00e9 que ele tem os mesmos benef\u00edcios para a barba que para o cabelo. Portanto, ele proporciona a hidrata\u00e7\u00e3o perfeita dos pelos da barba e estimula o seu crescimento. Assim, este elixir n\u00e3o \u00e9 dedicado apenas \u00e0s mulheres e aos seus cabelos; os homens tamb\u00e9m podem us\u00e1-lo.<\/p>\n<ul>\n<li>Primeiro, coloque algumas gotas deste elixir na palma da sua m\u00e3o; ;<\/li>\n<\/ul>\n<ul>\n<li>Em seguida, esfregue os pelos da barba e massageie durante 5 minutos para estimular o crescimento. ;<\/li>\n<\/ul>\n<ul>\n<li>Por fim, d\u00ea prefer\u00eancia \u00e0 manh\u00e3 para facilitar a absor\u00e7\u00e3o pela abertura dos poros e dos fol\u00edculos capilares.<\/li>\n<\/ul>\n<p>Agora \u00e9 a sua vez de agir e se aperfei\u00e7oar com todos esses m\u00e9todos; h\u00e1 muito o que fazer!<\/p>\n<h2><strong>Conselhos adicionais para a utiliza\u00e7\u00e3o do \u00f3leo de chebe<\/strong><\/h2>\n<ul>\n<li>No que diz respeito \u00e0 quantidade, isso vai, obviamente, depender da massa capilar; ;<\/li>\n<\/ul>\n<ul>\n<li>Quanto \u00e0 frequ\u00eancia, este tratamento pode ser aplicado semanalmente como parte da sua rotina de cuidados capilares; ;<\/li>\n<\/ul>\n<ul>\n<li>Mas, para melhores resultados, lave o cabelo com o nosso\u00a0<a href=\"https:\/\/www.safinel.fr\/pt\/product-2\/champo-solido-hidratante-intenso-com-quiabo-e-chebe-80-g\/\"><strong>Champ\u00f4 s\u00f3lido hidratante intenso Gombo Ch\u00e9b\u00e9 80 g<\/strong><\/a>. Este \u00faltimo ajudar\u00e1 a eliminar as c\u00e9lulas mortas e as toxinas do couro cabeludo; ;<\/li>\n<\/ul>\n<ul>\n<li>No entanto, ser\u00e1 necess\u00e1rio esperar alguns meses, ou mesmo alguns anos, antes de ver mudan\u00e7as reais na apar\u00eancia do seu cabelo. Sim, \u00e9 um tratamento que deve ser regular e prolongado, mas por uma boa causa! Portanto, aqui, ser\u00e1 necess\u00e1rio ter paci\u00eancia, como voc\u00ea deve ter percebido...<\/li>\n<\/ul>\n<h3><strong>Precau\u00e7\u00f5es de utiliza\u00e7\u00e3o<\/strong><\/h3>\n<p>Embora este cosm\u00e9tico seja reconhecido, \u00e9 necess\u00e1rio tomar algumas precau\u00e7\u00f5es:<\/p>\n<ul>\n<li>De facto, o \u00f3leo de ch\u00e9b\u00e9 deve ser aplicado longe do couro cabeludo para n\u00e3o o sufocar. Assim, para evitar comich\u00e3o e queda de cabelo, aplique-o a partir de 10 cm das ra\u00edzes at\u00e9 \u00e0s pontas; ;<\/li>\n<\/ul>\n<ul>\n<li>Al\u00e9m disso, teste sistematicamente o \u00f3leo de ch\u00e9b\u00e9 numa pequena \u00e1rea antes de proceder ao tratamento completo; ;<\/li>\n<\/ul>\n<ul>\n<li>Por fim, o \u00f3leo de ch\u00e9b\u00e9 pode manchar a sua roupa, por isso lembre-se de a proteger antes de cada utiliza\u00e7\u00e3o.<\/li>\n<\/ul>","protected":false},"excerpt":{"rendered":"<p>100 ml = Frasco de vidro \u00e2mbar com tampa spray ou pipeta<\/p>","protected":false},"featured_media":1705,"template":"","meta":[],"product_brand":[],"product_cat":[148,122,41],"product_tag":[],"class_list":{"0":"post-1291","1":"product","2":"type-product","3":"status-publish","4":"has-post-thumbnail","6":"product_cat-chebe","7":"product_cat-huile-vegetale","8":"product_cat-produits-naturels-divers","10":"first","11":"instock","12":"shipping-taxable","13":"purchasable","14":"product-type-variable","15":"has-default-attributes"},"yoast_head":"<!-- This site is optimized with the Yoast SEO plugin v26.6 - https:\/\/yoast.com\/wordpress\/plugins\/seo\/ -->\n<title>Huile de chebe | Soin capillaire africain | 100% pure et naturelle<\/title>\n<meta name=\"description\" content=\"Safinel ne pouvait aucunement parler sant\u00e9 capillaire sans \u00e9voquer la fameuse\u00a0huile de chebe\u00a0! Achat rapide et s\u00e9curis\u00e9 en quelques clics.\" \/>\n<meta name=\"robots\" content=\"index, follow, max-snippet:-1, max-image-preview:large, max-video-preview:-1\" \/>\n<link rel=\"canonical\" href=\"https:\/\/www.safinel.fr\/pt\/product-2\/oleo-de-chebe\/\" \/>\n<meta property=\"og:locale\" content=\"pt_PT\" \/>\n<meta property=\"og:type\" content=\"article\" \/>\n<meta property=\"og:title\" content=\"Huile de chebe | Soin capillaire africain | 100% pure et naturelle\" \/>\n<meta property=\"og:description\" content=\"Safinel ne pouvait aucunement parler sant\u00e9 capillaire sans \u00e9voquer la fameuse\u00a0huile de chebe\u00a0! Achat rapide et s\u00e9curis\u00e9 en quelques clics.\" \/>\n<meta property=\"og:url\" content=\"https:\/\/www.safinel.fr\/pt\/product-2\/oleo-de-chebe\/\" \/>\n<meta property=\"og:site_name\" content=\"Safinel\" \/>\n<meta property=\"article:modified_time\" content=\"2025-03-04T22:30:01+00:00\" \/>\n<meta property=\"og:image\" content=\"https:\/\/www.safinel.fr\/wp-content\/uploads\/2022\/05\/huile-de-chebe-60ml.jpg\" \/>\n\t<meta property=\"og:image:width\" content=\"600\" \/>\n\t<meta property=\"og:image:height\" content=\"600\" \/>\n\t<meta property=\"og:image:type\" content=\"image\/jpeg\" \/>\n<meta name=\"twitter:card\" content=\"summary_large_image\" \/>\n<meta name=\"twitter:label1\" content=\"Tempo estimado de leitura\" \/>\n\t<meta name=\"twitter:data1\" content=\"6 minutos\" \/>\n<script type=\"application\/ld+json\" class=\"yoast-schema-graph\">{\"@context\":\"https:\/\/schema.org\",\"@graph\":[{\"@type\":\"WebPage\",\"@id\":\"https:\/\/www.safinel.fr\/produit\/huile-de-chebe\/\",\"url\":\"https:\/\/www.safinel.fr\/produit\/huile-de-chebe\/\",\"name\":\"Huile de chebe | Soin capillaire africain | 100% pure et naturelle\",\"isPartOf\":{\"@id\":\"https:\/\/www.safinel.fr\/#website\"},\"primaryImageOfPage\":{\"@id\":\"https:\/\/www.safinel.fr\/produit\/huile-de-chebe\/#primaryimage\"},\"image\":{\"@id\":\"https:\/\/www.safinel.fr\/produit\/huile-de-chebe\/#primaryimage\"},\"thumbnailUrl\":\"https:\/\/www.safinel.fr\/wp-content\/uploads\/2022\/05\/huile-de-chebe-60ml.jpg\",\"datePublished\":\"2022-05-14T12:27:47+00:00\",\"dateModified\":\"2025-03-04T22:30:01+00:00\",\"description\":\"Safinel ne pouvait aucunement parler sant\u00e9 capillaire sans \u00e9voquer la fameuse\u00a0huile de chebe\u00a0! Achat rapide et s\u00e9curis\u00e9 en quelques clics.\",\"breadcrumb\":{\"@id\":\"https:\/\/www.safinel.fr\/produit\/huile-de-chebe\/#breadcrumb\"},\"inLanguage\":\"pt-PT\",\"potentialAction\":[{\"@type\":\"ReadAction\",\"target\":[\"https:\/\/www.safinel.fr\/produit\/huile-de-chebe\/\"]}]},{\"@type\":\"ImageObject\",\"inLanguage\":\"pt-PT\",\"@id\":\"https:\/\/www.safinel.fr\/produit\/huile-de-chebe\/#primaryimage\",\"url\":\"https:\/\/www.safinel.fr\/wp-content\/uploads\/2022\/05\/huile-de-chebe-60ml.jpg\",\"contentUrl\":\"https:\/\/www.safinel.fr\/wp-content\/uploads\/2022\/05\/huile-de-chebe-60ml.jpg\",\"width\":600,\"height\":600,\"caption\":\"Huile de chebe 60ml\"},{\"@type\":\"BreadcrumbList\",\"@id\":\"https:\/\/www.safinel.fr\/produit\/huile-de-chebe\/#breadcrumb\",\"itemListElement\":[{\"@type\":\"ListItem\",\"position\":1,\"name\":\"Accueil\",\"item\":\"https:\/\/www.safinel.fr\/\"},{\"@type\":\"ListItem\",\"position\":2,\"name\":\"Boutique\",\"item\":\"https:\/\/www.safinel.fr\/boutique\/\"},{\"@type\":\"ListItem\",\"position\":3,\"name\":\"Huile de ch\u00e9b\u00e9\"}]},{\"@type\":\"WebSite\",\"@id\":\"https:\/\/www.safinel.fr\/#website\",\"url\":\"https:\/\/www.safinel.fr\/\",\"name\":\"Safinel\",\"description\":\"\",\"publisher\":{\"@id\":\"https:\/\/www.safinel.fr\/#organization\"},\"potentialAction\":[{\"@type\":\"SearchAction\",\"target\":{\"@type\":\"EntryPoint\",\"urlTemplate\":\"https:\/\/www.safinel.fr\/?s={search_term_string}\"},\"query-input\":{\"@type\":\"PropertyValueSpecification\",\"valueRequired\":true,\"valueName\":\"search_term_string\"}}],\"inLanguage\":\"pt-PT\"},{\"@type\":\"Organization\",\"@id\":\"https:\/\/www.safinel.fr\/#organization\",\"name\":\"Safinel\",\"url\":\"https:\/\/www.safinel.fr\/\",\"logo\":{\"@type\":\"ImageObject\",\"inLanguage\":\"pt-PT\",\"@id\":\"https:\/\/www.safinel.fr\/#\/schema\/logo\/image\/\",\"url\":\"https:\/\/www.safinel.fr\/wp-content\/uploads\/2021\/05\/boutique-cosmetique.png\",\"contentUrl\":\"https:\/\/www.safinel.fr\/wp-content\/uploads\/2021\/05\/boutique-cosmetique.png\",\"width\":800,\"height\":200,\"caption\":\"Safinel\"},\"image\":{\"@id\":\"https:\/\/www.safinel.fr\/#\/schema\/logo\/image\/\"}}]}<\/script>\n<!-- \/ Yoast SEO plugin. -->","yoast_head_json":{"title":"\u00d3leo de chebe | Cuidados capilares africanos | 100% puro e natural","description":"A Safinel n\u00e3o poderia falar sobre sa\u00fade capilar sem mencionar o famoso \u00f3leo de chebe! Compra r\u00e1pida e segura em poucos cliques.","robots":{"index":"index","follow":"follow","max-snippet":"max-snippet:-1","max-image-preview":"max-image-preview:large","max-video-preview":"max-video-preview:-1"},"canonical":"https:\/\/www.safinel.fr\/pt\/product-2\/oleo-de-chebe\/","og_locale":"pt_PT","og_type":"article","og_title":"Huile de chebe | Soin capillaire africain | 100% pure et naturelle","og_description":"Safinel ne pouvait aucunement parler sant\u00e9 capillaire sans \u00e9voquer la fameuse\u00a0huile de chebe\u00a0! Achat rapide et s\u00e9curis\u00e9 en quelques clics.","og_url":"https:\/\/www.safinel.fr\/pt\/product-2\/oleo-de-chebe\/","og_site_name":"Safinel","article_modified_time":"2025-03-04T22:30:01+00:00","og_image":[{"width":600,"height":600,"url":"https:\/\/www.safinel.fr\/wp-content\/uploads\/2022\/05\/huile-de-chebe-60ml.jpg","type":"image\/jpeg"}],"twitter_card":"summary_large_image","twitter_misc":{"Tempo estimado de leitura":"6 minutos"},"schema":{"@context":"https:\/\/schema.org","@graph":[{"@type":"WebPage","@id":"https:\/\/www.safinel.fr\/produit\/huile-de-chebe\/","url":"https:\/\/www.safinel.fr\/produit\/huile-de-chebe\/","name":"\u00d3leo de chebe | Cuidados capilares africanos | 100% puro e natural","isPartOf":{"@id":"https:\/\/www.safinel.fr\/#website"},"primaryImageOfPage":{"@id":"https:\/\/www.safinel.fr\/produit\/huile-de-chebe\/#primaryimage"},"image":{"@id":"https:\/\/www.safinel.fr\/produit\/huile-de-chebe\/#primaryimage"},"thumbnailUrl":"https:\/\/www.safinel.fr\/wp-content\/uploads\/2022\/05\/huile-de-chebe-60ml.jpg","datePublished":"2022-05-14T12:27:47+00:00","dateModified":"2025-03-04T22:30:01+00:00","description":"A Safinel n\u00e3o poderia falar sobre sa\u00fade capilar sem mencionar o famoso \u00f3leo de chebe! Compra r\u00e1pida e segura em poucos cliques.","breadcrumb":{"@id":"https:\/\/www.safinel.fr\/produit\/huile-de-chebe\/#breadcrumb"},"inLanguage":"pt-PT","potentialAction":[{"@type":"ReadAction","target":["https:\/\/www.safinel.fr\/produit\/huile-de-chebe\/"]}]},{"@type":"ImageObject","inLanguage":"pt-PT","@id":"https:\/\/www.safinel.fr\/produit\/huile-de-chebe\/#primaryimage","url":"https:\/\/www.safinel.fr\/wp-content\/uploads\/2022\/05\/huile-de-chebe-60ml.jpg","contentUrl":"https:\/\/www.safinel.fr\/wp-content\/uploads\/2022\/05\/huile-de-chebe-60ml.jpg","width":600,"height":600,"caption":"Huile de chebe 60ml"},{"@type":"BreadcrumbList","@id":"https:\/\/www.safinel.fr\/produit\/huile-de-chebe\/#breadcrumb","itemListElement":[{"@type":"ListItem","position":1,"name":"Accueil","item":"https:\/\/www.safinel.fr\/"},{"@type":"ListItem","position":2,"name":"Boutique","item":"https:\/\/www.safinel.fr\/boutique\/"},{"@type":"ListItem","position":3,"name":"Huile de ch\u00e9b\u00e9"}]},{"@type":"WebSite","@id":"https:\/\/www.safinel.fr\/#website","url":"https:\/\/www.safinel.fr\/","name":"Safinel","description":"","publisher":{"@id":"https:\/\/www.safinel.fr\/#organization"},"potentialAction":[{"@type":"SearchAction","target":{"@type":"EntryPoint","urlTemplate":"https:\/\/www.safinel.fr\/?s={search_term_string}"},"query-input":{"@type":"PropertyValueSpecification","valueRequired":true,"valueName":"search_term_string"}}],"inLanguage":"pt-PT"},{"@type":"Organization","@id":"https:\/\/www.safinel.fr\/#organization","name":"Safinel","url":"https:\/\/www.safinel.fr\/","logo":{"@type":"ImageObject","inLanguage":"pt-PT","@id":"https:\/\/www.safinel.fr\/#\/schema\/logo\/image\/","url":"https:\/\/www.safinel.fr\/wp-content\/uploads\/2021\/05\/boutique-cosmetique.png","contentUrl":"https:\/\/www.safinel.fr\/wp-content\/uploads\/2021\/05\/boutique-cosmetique.png","width":800,"height":200,"caption":"Safinel"},"image":{"@id":"https:\/\/www.safinel.fr\/#\/schema\/logo\/image\/"}}]}},"_links":{"self":[{"href":"https:\/\/www.safinel.fr\/pt\/wp-json\/wp\/v2\/product\/1291","targetHints":{"allow":["GET"]}}],"collection":[{"href":"https:\/\/www.safinel.fr\/pt\/wp-json\/wp\/v2\/product"}],"about":[{"href":"https:\/\/www.safinel.fr\/pt\/wp-json\/wp\/v2\/types\/product"}],"wp:featuredmedia":[{"embeddable":true,"href":"https:\/\/www.safinel.fr\/pt\/wp-json\/wp\/v2\/media\/1705"}],"wp:attachment":[{"href":"https:\/\/www.safinel.fr\/pt\/wp-json\/wp\/v2\/media?parent=1291"}],"wp:term":[{"taxonomy":"product_brand","embeddable":true,"href":"https:\/\/www.safinel.fr\/pt\/wp-json\/wp\/v2\/product_brand?post=1291"},{"taxonomy":"product_cat","embeddable":true,"href":"https:\/\/www.safinel.fr\/pt\/wp-json\/wp\/v2\/product_cat?post=1291"},{"taxonomy":"product_tag","embeddable":true,"href":"https:\/\/www.safinel.fr\/pt\/wp-json\/wp\/v2\/product_tag?post=1291"}],"curies":[{"name":"wp","href":"https:\/\/api.w.org\/{rel}","templated":true}]}}