{"id":12547,"date":"2024-03-23T11:53:28","date_gmt":"2024-03-23T11:53:28","guid":{"rendered":"https:\/\/www.safinel.fr\/?post_type=product&#038;p=12547"},"modified":"2024-08-04T17:32:32","modified_gmt":"2024-08-04T17:32:32","slug":"soro-alfa-arbutina","status":"publish","type":"product","link":"https:\/\/www.safinel.fr\/pt\/product-2\/soro-alfa-arbutina\/","title":{"rendered":"S\u00e9rum alfa-arbutina 50 ml \u2013 Al Badil"},"content":{"rendered":"<p>A busca pela pele perfeita \u00e9 um objetivo comum para muitas pessoas, e existem v\u00e1rios ingredientes promissores que podem ajudar a alcan\u00e7ar esse objetivo. Entre eles, o\u2019<strong>alfa-arbutina<\/strong>\u00a0destaca-se como um componente eficaz na luta contra os problemas de pigmenta\u00e7\u00e3o e na melhoria da apar\u00eancia da pele. Neste artigo, vamos explorar os\u00a0<strong>benef\u00edcios e utiliza\u00e7\u00f5es<\/strong> do soro alfa-arbutina.<\/p>\n<h2><strong>O que \u00e9 alfa-arbutina?<\/strong><\/h2>\n<p>A alfa-arbutina \u00e9 um extrato natural derivado de v\u00e1rias plantas, como mirtilos, amoras e peras. \u00c9 um agente clareador conhecido que atua na produ\u00e7\u00e3o de <a href=\"https:\/\/www.safinel.fr\/pt\/melanina\/\"><strong>melanina<\/strong><\/a> \u2013 o pigmento respons\u00e1vel pela cor da nossa pele \u2013 inibindo a a\u00e7\u00e3o da tirosinase, a enzima envolvida na s\u00edntese da melanina. Em outras palavras, a alfa-arbutina ajuda a reduzir as\u00a0<strong>manchas e hiperpigmenta\u00e7\u00e3o<\/strong>, melhorando assim a uniformidade da tez da pele.<\/p>\n<h2><strong>Os benef\u00edcios da alfa-arbutina<\/strong><\/h2>\n<ul>\n<li><strong>Redu\u00e7\u00e3o da hiperpigmenta\u00e7\u00e3o<\/strong><\/li>\n<\/ul>\n<p>Uma das principais vantagens da alfa-arbutina \u00e9 a sua capacidade de reduzir o aparecimento de manchas escuras e de <a href=\"https:\/\/www.safinel.fr\/pt\/hiperpigmentacao-da-pele-negra\/\"><strong>hiperpigmenta\u00e7\u00e3o<\/strong><\/a>. Seja devido \u00e0 exposi\u00e7\u00e3o solar, a um desequil\u00edbrio hormonal (como o melasma) ou \u00e0s marcas deixadas por espinhas e cicatrizes de acne, o s\u00e9rum com alfa-arbutina pode ajudar a atenuar essas marcas, limitando a produ\u00e7\u00e3o de melanina.<\/p>\n<ul>\n<li><strong>Clareamento da tez<\/strong><\/li>\n<\/ul>\n<p>Al\u00e9m de atuar especificamente nas manchas escuras, a alfa-arbutina tamb\u00e9m pode melhorar a apar\u00eancia geral da pele, uniformizando o tom. Isso pode dar uma apar\u00eancia mais luminosa e fresca \u00e0 superf\u00edcie da pele.<\/p>\n<ul>\n<li><strong>Benef\u00edcios antienvelhecimento<\/strong><\/li>\n<\/ul>\n<p>Quando combinado com outros ingredientes ativos, como o\u2019<strong>\u00e1cido hialur\u00f3nico.<\/strong> A alfa-arbutina tamb\u00e9m oferece benef\u00edcios antienvelhecimento, ajudando a manter a pele hidratada, flex\u00edvel e firme. O \u00e1cido hialur\u00f3nico ajuda a reter a \u00e1gua nas camadas superiores da pele. Isso promove uma apar\u00eancia mais preenchida e suave, diminuindo a apar\u00eancia de rugas e linhas finas.<\/p>\n<h2><strong>Utiliza\u00e7\u00e3o do s\u00e9rum alfa-arbutina: melhores pr\u00e1ticas<\/strong><\/h2>\n<p>Para aproveitar ao m\u00e1ximo os benef\u00edcios oferecidos pela alfa-arbutina, \u00e9 essencial conhecer as boas pr\u00e1ticas durante a sua utiliza\u00e7\u00e3o.<\/p>\n<ul>\n<li><strong>Introduzir gradualmente o produto<\/strong><\/li>\n<\/ul>\n<p>Tal como com qualquer novo produto para a pele, recomenda-se come\u00e7ar lentamente com a alfa-arbutina para permitir que a pele se habitue. Comece por aplicar o s\u00e9rum uma vez por dia e, se a sua pele tolerar bem, aumente gradualmente a frequ\u00eancia para duas aplica\u00e7\u00f5es di\u00e1rias.<\/p>\n<ul>\n<li><strong>Combinar com outros ativos para maximizar os resultados<\/strong><\/li>\n<\/ul>\n<p>A alfa-arbutina pode ser eficaz quando usada sozinha, mas \u00e9 ainda melhor quando combinada com outros ingredientes ativos, como o\u2019<strong>\u00e1cido hialur\u00f3nico<\/strong>, niacinamida, vitamina C ou ainda AHA (\u00e1cidos alfa-hidroxi). Em complemento, estes ativos promovem a esfolia\u00e7\u00e3o, a hidrata\u00e7\u00e3o e a repara\u00e7\u00e3o da barreira cut\u00e2nea para um resultado ideal. No entanto, certifique-se de ler atentamente as instru\u00e7\u00f5es do fabricante para evitar qualquer irrita\u00e7\u00e3o causada por uma combina\u00e7\u00e3o inadequada de produtos.<\/p>\n<ul>\n<li><strong>Proteger a pele do sol<\/strong><\/li>\n<\/ul>\n<p>O uso de um s\u00e9rum \u00e0 base de alfa-arbutina para clarear a pele tamb\u00e9m torna mais importante o uso de um protetor solar de amplo espectro. A prote\u00e7\u00e3o solar \u00e9 fundamental para prevenir danos \u00e0 pele e a forma\u00e7\u00e3o de novas manchas escuras.<\/p>\n<h3><strong>Pontos-chave<\/strong><\/h3>\n<ul>\n<li>A alfa-arbutina \u00e9 um ingrediente natural com propriedades clareadoras para a pele. Pode ser encontrada em uma variedade de s\u00e9runs e produtos cosm\u00e9ticos.<\/li>\n<li>Ao inibir a produ\u00e7\u00e3o de melanina, a alfa-arbutina ajuda a reduzir manchas e hiperpigmenta\u00e7\u00e3o, melhorando a apar\u00eancia geral da pele.<\/li>\n<li>O s\u00e9rum alfa-arbutina pode ser usado em combina\u00e7\u00e3o com outros ingredientes ativos, como o \u00e1cido hialur\u00f3nico, para oferecer benef\u00edcios antienvelhecimento adicionais e maximizar os resultados.<\/li>\n<li>Para aproveitar ao m\u00e1ximo os benef\u00edcios da alfa-arbutina, \u00e9 importante seguir as boas pr\u00e1ticas durante a sua utiliza\u00e7\u00e3o. Isso inclui introduzir o produto gradualmente, escolher uma concentra\u00e7\u00e3o adequada e proteger a pele do sol.<\/li>\n<\/ul>\n<p><strong>Em suma,<\/strong> O s\u00e9rum de alfa-arbutina \u00e9 um recurso valioso para quem procura melhorar a apar\u00eancia e a sa\u00fade da pele, tratando especificamente os problemas de pigmenta\u00e7\u00e3o. Ao implementar as dicas e melhores pr\u00e1ticas mencionadas acima, poder\u00e1 aproveitar ao m\u00e1ximo o que esta subst\u00e2ncia natural tem para oferecer e obter a pele perfeita com que sempre sonhou.<\/p>","protected":false},"excerpt":{"rendered":"<p><strong>Ingredientes:<\/strong><\/p>\n<ul>\n<li>\u00c1cido hialur\u00f3nico<\/li>\n<li>Vitamina C<\/li>\n<\/ul>","protected":false},"featured_media":12548,"template":"","meta":[],"product_brand":[],"product_cat":[192],"product_tag":[],"class_list":{"0":"post-12547","1":"product","2":"type-product","3":"status-publish","4":"has-post-thumbnail","6":"product_cat-cremes-eclaircissantes","8":"first","9":"instock","10":"shipping-taxable","11":"purchasable","12":"product-type-simple"},"yoast_head":"<!-- This site is optimized with the Yoast SEO plugin v26.6 - https:\/\/yoast.com\/wordpress\/plugins\/seo\/ -->\n<title>S\u00e9rum alpha-arbutin | Bienfaits nombreux | Achat en France<\/title>\n<meta name=\"description\" content=\"Le s\u00e9rum alpha-arbutin est un atout pr\u00e9cieux pour ceux qui cherchent \u00e0 am\u00e9liorer l&#039;apparence et la sant\u00e9 de leur peau. Adoptez-le !\" \/>\n<meta name=\"robots\" content=\"index, follow, max-snippet:-1, max-image-preview:large, max-video-preview:-1\" \/>\n<link rel=\"canonical\" href=\"https:\/\/www.safinel.fr\/pt\/product-2\/soro-alfa-arbutina\/\" \/>\n<meta property=\"og:locale\" content=\"pt_PT\" \/>\n<meta property=\"og:type\" content=\"article\" \/>\n<meta property=\"og:title\" content=\"S\u00e9rum alpha-arbutin | Bienfaits nombreux | Achat en France\" \/>\n<meta property=\"og:description\" content=\"Le s\u00e9rum alpha-arbutin est un atout pr\u00e9cieux pour ceux qui cherchent \u00e0 am\u00e9liorer l&#039;apparence et la sant\u00e9 de leur peau. Adoptez-le !\" \/>\n<meta property=\"og:url\" content=\"https:\/\/www.safinel.fr\/pt\/product-2\/soro-alfa-arbutina\/\" \/>\n<meta property=\"og:site_name\" content=\"Safinel\" \/>\n<meta property=\"article:modified_time\" content=\"2024-08-04T17:32:32+00:00\" \/>\n<meta property=\"og:image\" content=\"https:\/\/www.safinel.fr\/wp-content\/uploads\/2024\/03\/serum-alpha-arbutin.jpg\" \/>\n\t<meta property=\"og:image:width\" content=\"600\" \/>\n\t<meta property=\"og:image:height\" content=\"600\" \/>\n\t<meta property=\"og:image:type\" content=\"image\/jpeg\" \/>\n<meta name=\"twitter:card\" content=\"summary_large_image\" \/>\n<meta name=\"twitter:label1\" content=\"Tempo estimado de leitura\" \/>\n\t<meta name=\"twitter:data1\" content=\"4 minutos\" \/>\n<script type=\"application\/ld+json\" class=\"yoast-schema-graph\">{\"@context\":\"https:\/\/schema.org\",\"@graph\":[{\"@type\":\"WebPage\",\"@id\":\"https:\/\/www.safinel.fr\/produit\/serum-alpha-arbutin\/\",\"url\":\"https:\/\/www.safinel.fr\/produit\/serum-alpha-arbutin\/\",\"name\":\"S\u00e9rum alpha-arbutin | Bienfaits nombreux | Achat en France\",\"isPartOf\":{\"@id\":\"https:\/\/www.safinel.fr\/#website\"},\"primaryImageOfPage\":{\"@id\":\"https:\/\/www.safinel.fr\/produit\/serum-alpha-arbutin\/#primaryimage\"},\"image\":{\"@id\":\"https:\/\/www.safinel.fr\/produit\/serum-alpha-arbutin\/#primaryimage\"},\"thumbnailUrl\":\"https:\/\/www.safinel.fr\/wp-content\/uploads\/2024\/03\/serum-alpha-arbutin.jpg\",\"datePublished\":\"2024-03-23T11:53:28+00:00\",\"dateModified\":\"2024-08-04T17:32:32+00:00\",\"description\":\"Le s\u00e9rum alpha-arbutin est un atout pr\u00e9cieux pour ceux qui cherchent \u00e0 am\u00e9liorer l'apparence et la sant\u00e9 de leur peau. Adoptez-le !\",\"breadcrumb\":{\"@id\":\"https:\/\/www.safinel.fr\/produit\/serum-alpha-arbutin\/#breadcrumb\"},\"inLanguage\":\"pt-PT\",\"potentialAction\":[{\"@type\":\"ReadAction\",\"target\":[\"https:\/\/www.safinel.fr\/produit\/serum-alpha-arbutin\/\"]}]},{\"@type\":\"ImageObject\",\"inLanguage\":\"pt-PT\",\"@id\":\"https:\/\/www.safinel.fr\/produit\/serum-alpha-arbutin\/#primaryimage\",\"url\":\"https:\/\/www.safinel.fr\/wp-content\/uploads\/2024\/03\/serum-alpha-arbutin.jpg\",\"contentUrl\":\"https:\/\/www.safinel.fr\/wp-content\/uploads\/2024\/03\/serum-alpha-arbutin.jpg\",\"width\":600,\"height\":600,\"caption\":\"S\u00e9rum alpha-arbutin 50ml - Al Badil\"},{\"@type\":\"BreadcrumbList\",\"@id\":\"https:\/\/www.safinel.fr\/produit\/serum-alpha-arbutin\/#breadcrumb\",\"itemListElement\":[{\"@type\":\"ListItem\",\"position\":1,\"name\":\"Accueil\",\"item\":\"https:\/\/www.safinel.fr\/\"},{\"@type\":\"ListItem\",\"position\":2,\"name\":\"Boutique\",\"item\":\"https:\/\/www.safinel.fr\/boutique\/\"},{\"@type\":\"ListItem\",\"position\":3,\"name\":\"S\u00e9rum alpha-arbutine 50ml &#8211; Al Badil\"}]},{\"@type\":\"WebSite\",\"@id\":\"https:\/\/www.safinel.fr\/#website\",\"url\":\"https:\/\/www.safinel.fr\/\",\"name\":\"Safinel\",\"description\":\"\",\"publisher\":{\"@id\":\"https:\/\/www.safinel.fr\/#organization\"},\"potentialAction\":[{\"@type\":\"SearchAction\",\"target\":{\"@type\":\"EntryPoint\",\"urlTemplate\":\"https:\/\/www.safinel.fr\/?s={search_term_string}\"},\"query-input\":{\"@type\":\"PropertyValueSpecification\",\"valueRequired\":true,\"valueName\":\"search_term_string\"}}],\"inLanguage\":\"pt-PT\"},{\"@type\":\"Organization\",\"@id\":\"https:\/\/www.safinel.fr\/#organization\",\"name\":\"Safinel\",\"url\":\"https:\/\/www.safinel.fr\/\",\"logo\":{\"@type\":\"ImageObject\",\"inLanguage\":\"pt-PT\",\"@id\":\"https:\/\/www.safinel.fr\/#\/schema\/logo\/image\/\",\"url\":\"https:\/\/www.safinel.fr\/wp-content\/uploads\/2021\/05\/boutique-cosmetique.png\",\"contentUrl\":\"https:\/\/www.safinel.fr\/wp-content\/uploads\/2021\/05\/boutique-cosmetique.png\",\"width\":800,\"height\":200,\"caption\":\"Safinel\"},\"image\":{\"@id\":\"https:\/\/www.safinel.fr\/#\/schema\/logo\/image\/\"}}]}<\/script>\n<!-- \/ Yoast SEO plugin. -->","yoast_head_json":{"title":"S\u00e9rum alfa-arbutina | In\u00fameros benef\u00edcios | Compra em Fran\u00e7a","description":"O s\u00e9rum alfa-arbutina \u00e9 um recurso valioso para quem procura melhorar a apar\u00eancia e a sa\u00fade da pele. Adote-o!","robots":{"index":"index","follow":"follow","max-snippet":"max-snippet:-1","max-image-preview":"max-image-preview:large","max-video-preview":"max-video-preview:-1"},"canonical":"https:\/\/www.safinel.fr\/pt\/product-2\/soro-alfa-arbutina\/","og_locale":"pt_PT","og_type":"article","og_title":"S\u00e9rum alpha-arbutin | Bienfaits nombreux | Achat en France","og_description":"Le s\u00e9rum alpha-arbutin est un atout pr\u00e9cieux pour ceux qui cherchent \u00e0 am\u00e9liorer l'apparence et la sant\u00e9 de leur peau. Adoptez-le !","og_url":"https:\/\/www.safinel.fr\/pt\/product-2\/soro-alfa-arbutina\/","og_site_name":"Safinel","article_modified_time":"2024-08-04T17:32:32+00:00","og_image":[{"width":600,"height":600,"url":"https:\/\/www.safinel.fr\/wp-content\/uploads\/2024\/03\/serum-alpha-arbutin.jpg","type":"image\/jpeg"}],"twitter_card":"summary_large_image","twitter_misc":{"Tempo estimado de leitura":"4 minutos"},"schema":{"@context":"https:\/\/schema.org","@graph":[{"@type":"WebPage","@id":"https:\/\/www.safinel.fr\/produit\/serum-alpha-arbutin\/","url":"https:\/\/www.safinel.fr\/produit\/serum-alpha-arbutin\/","name":"S\u00e9rum alfa-arbutina | In\u00fameros benef\u00edcios | Compra em Fran\u00e7a","isPartOf":{"@id":"https:\/\/www.safinel.fr\/#website"},"primaryImageOfPage":{"@id":"https:\/\/www.safinel.fr\/produit\/serum-alpha-arbutin\/#primaryimage"},"image":{"@id":"https:\/\/www.safinel.fr\/produit\/serum-alpha-arbutin\/#primaryimage"},"thumbnailUrl":"https:\/\/www.safinel.fr\/wp-content\/uploads\/2024\/03\/serum-alpha-arbutin.jpg","datePublished":"2024-03-23T11:53:28+00:00","dateModified":"2024-08-04T17:32:32+00:00","description":"O s\u00e9rum alfa-arbutina \u00e9 um recurso valioso para quem procura melhorar a apar\u00eancia e a sa\u00fade da pele. Adote-o!","breadcrumb":{"@id":"https:\/\/www.safinel.fr\/produit\/serum-alpha-arbutin\/#breadcrumb"},"inLanguage":"pt-PT","potentialAction":[{"@type":"ReadAction","target":["https:\/\/www.safinel.fr\/produit\/serum-alpha-arbutin\/"]}]},{"@type":"ImageObject","inLanguage":"pt-PT","@id":"https:\/\/www.safinel.fr\/produit\/serum-alpha-arbutin\/#primaryimage","url":"https:\/\/www.safinel.fr\/wp-content\/uploads\/2024\/03\/serum-alpha-arbutin.jpg","contentUrl":"https:\/\/www.safinel.fr\/wp-content\/uploads\/2024\/03\/serum-alpha-arbutin.jpg","width":600,"height":600,"caption":"S\u00e9rum alpha-arbutin 50ml - Al Badil"},{"@type":"BreadcrumbList","@id":"https:\/\/www.safinel.fr\/produit\/serum-alpha-arbutin\/#breadcrumb","itemListElement":[{"@type":"ListItem","position":1,"name":"Accueil","item":"https:\/\/www.safinel.fr\/"},{"@type":"ListItem","position":2,"name":"Boutique","item":"https:\/\/www.safinel.fr\/boutique\/"},{"@type":"ListItem","position":3,"name":"S\u00e9rum alpha-arbutine 50ml &#8211; Al Badil"}]},{"@type":"WebSite","@id":"https:\/\/www.safinel.fr\/#website","url":"https:\/\/www.safinel.fr\/","name":"Safinel","description":"","publisher":{"@id":"https:\/\/www.safinel.fr\/#organization"},"potentialAction":[{"@type":"SearchAction","target":{"@type":"EntryPoint","urlTemplate":"https:\/\/www.safinel.fr\/?s={search_term_string}"},"query-input":{"@type":"PropertyValueSpecification","valueRequired":true,"valueName":"search_term_string"}}],"inLanguage":"pt-PT"},{"@type":"Organization","@id":"https:\/\/www.safinel.fr\/#organization","name":"Safinel","url":"https:\/\/www.safinel.fr\/","logo":{"@type":"ImageObject","inLanguage":"pt-PT","@id":"https:\/\/www.safinel.fr\/#\/schema\/logo\/image\/","url":"https:\/\/www.safinel.fr\/wp-content\/uploads\/2021\/05\/boutique-cosmetique.png","contentUrl":"https:\/\/www.safinel.fr\/wp-content\/uploads\/2021\/05\/boutique-cosmetique.png","width":800,"height":200,"caption":"Safinel"},"image":{"@id":"https:\/\/www.safinel.fr\/#\/schema\/logo\/image\/"}}]}},"_links":{"self":[{"href":"https:\/\/www.safinel.fr\/pt\/wp-json\/wp\/v2\/product\/12547","targetHints":{"allow":["GET"]}}],"collection":[{"href":"https:\/\/www.safinel.fr\/pt\/wp-json\/wp\/v2\/product"}],"about":[{"href":"https:\/\/www.safinel.fr\/pt\/wp-json\/wp\/v2\/types\/product"}],"wp:featuredmedia":[{"embeddable":true,"href":"https:\/\/www.safinel.fr\/pt\/wp-json\/wp\/v2\/media\/12548"}],"wp:attachment":[{"href":"https:\/\/www.safinel.fr\/pt\/wp-json\/wp\/v2\/media?parent=12547"}],"wp:term":[{"taxonomy":"product_brand","embeddable":true,"href":"https:\/\/www.safinel.fr\/pt\/wp-json\/wp\/v2\/product_brand?post=12547"},{"taxonomy":"product_cat","embeddable":true,"href":"https:\/\/www.safinel.fr\/pt\/wp-json\/wp\/v2\/product_cat?post=12547"},{"taxonomy":"product_tag","embeddable":true,"href":"https:\/\/www.safinel.fr\/pt\/wp-json\/wp\/v2\/product_tag?post=12547"}],"curies":[{"name":"wp","href":"https:\/\/api.w.org\/{rel}","templated":true}]}}