{"id":119,"date":"2021-06-01T16:08:55","date_gmt":"2021-06-01T16:08:55","guid":{"rendered":"https:\/\/www.safinel.fr\/?post_type=product&#038;p=119"},"modified":"2024-02-21T11:04:47","modified_gmt":"2024-02-21T11:04:47","slug":"fruta-4-costelas-3-pecas","status":"publish","type":"product","link":"https:\/\/www.safinel.fr\/pt\/product-2\/fruta-4-costelas-3-pecas\/","title":{"rendered":"Fruta com 4 lados (3 pe\u00e7as)"},"content":{"rendered":"<p>O fruto de quatro lados \u00e9 proveniente da \u00e1rvore tetrapleura tetraptera. Reconhecido na farmacopeia africana para tratar certos problemas \u00edntimos, ele se apresenta como um <a href=\"https:\/\/www.safinel.fr\/pt\/product-2\/po-de-chebe-100-g\/\"><strong>estimulante da fertilidade<\/strong><\/a>. Mas n\u00e3o s\u00f3 isso, a sua a\u00e7\u00e3o completa tem virtudes sobre o aparelho genital feminino. Na verdade, s\u00e3o in\u00fameros os benef\u00edcios que esta fruta revela na esfera \u00edntima. Vejamos em detalhe quais s\u00e3o os efeitos desej\u00e1veis que uma pequena cura de um m\u00eas desencadeia.<\/p>\n<h2><b>A fruta de quatro lados: um estimulante natural da fertilidade<\/b><\/h2>\n<p>A fruta de quatro lados, tal como muitos outros produtos reconhecidos mundialmente, tem um efeito ben\u00e9fico na fertilidade. Ao ferv\u00ea-la em \u00e1gua e beber o l\u00edquido tr\u00eas vezes ao dia fora do per\u00edodo menstrual, aumenta a produ\u00e7\u00e3o de estrog\u00e9nio.<span class=\"Apple-converted-space\">\u00a0<\/span><\/p>\n<p>Ent\u00e3o, j\u00e1 sabe o que tem de fazer. Calcule bem o seu ciclo e as datas importantes para tirar o m\u00e1ximo proveito. Esta fruta muito utilizada nos Camar\u00f5es e nos pa\u00edses do Golfo da Guin\u00e9 como especiaria ou fertilizante sabe do que fala.<span class=\"Apple-converted-space\">\u00a0<\/span><\/p>\n<h2><b>Um al\u00edvio evidente contra as menstrua\u00e7\u00f5es dolorosas<\/b><\/h2>\n<p>O fruto de quatro lados tamb\u00e9m desempenha um papel evidente no \u00e2mbito do ciclo menstrual da mulher. A sua utiliza\u00e7\u00e3o atenua as dores do ciclo hormonal uterino. Ao reduzir os n\u00edveis de progesterona no sangue devido \u00e0 aus\u00eancia de ovula\u00e7\u00e3o, ajuda a regular a dor, tal como a <a href=\"https:\/\/yemaolitea.com\/shop\/bien-etre\/regles-douloureuses\/\"><strong>ch\u00e1 para menstrua\u00e7\u00e3o dolorosa<\/strong><\/a>. E al\u00e9m do mau humor. Tamb\u00e9m se revela eficaz no combate a problemas de miomas e quistos uterinos, em menor grau.<\/p>\n<p>No que diz respeito \u00e0 sua a\u00e7\u00e3o contra os miomas (tumores benignos no \u00fatero), ela resulta da sua incid\u00eancia na queda da progesterona.<\/p>\n<h2><b>Um tratamento eficaz contra a comich\u00e3o vaginal<\/b><\/h2>\n<p>O uso comum da fruta de quatro lados revela-se eficaz no tratamento da flora vaginal. Muitas mulheres africanas t\u00eam o cuidado de ferver a fruta em \u00e1gua a ferver durante 15 minutos. Em seguida, o protocolo consiste em utilizar essa \u00e1gua para a higiene \u00edntima. Esta t\u00e9cnica pode ser realizada regularmente. No entanto, lembre-se de alternar os m\u00e9todos naturais para n\u00e3o habituar a mucosa aos mesmos produtos. Com efeito, a frequ\u00eancia de altern\u00e2ncia \u00e9 importante para otimizar os resultados esperados.<span class=\"Apple-converted-space\">\u00a0<\/span><\/p>\n<p>Em alguns pa\u00edses, como o Benim, algumas mulheres preparam cremes naturais a partir da fruta 4 lados e da manteiga de karit\u00e9. Esses cremes caseiros ajudam a combater a secura vaginal. Al\u00e9m disso, revelam-se eficazes contra a comich\u00e3o. Por fim, esse processo promove bons odores na higiene \u00edntima.<\/p>\n<h3><b>A fruta de 4 lados: qual \u00e9 o seu interesse?<\/b><\/h3>\n<p>Produto que percorreu milhares de quil\u00f3metros, a fruta de quatro lados ainda \u00e9 muito desconhecida em Fran\u00e7a. Gra\u00e7as ao seu trabalho de investiga\u00e7\u00e3o, a loja natural Safinel permite-lhe descobrir rem\u00e9dios milagrosos que s\u00e3o, na verdade, segredos das mulheres do continente africano. Agora que o mist\u00e9rio foi desvendado, esta planta medicinal j\u00e1 n\u00e3o tem motivos para esconder os seus milagres. Est\u00e1 agora dispon\u00edvel em Fran\u00e7a na nossa loja online.<\/p>","protected":false},"excerpt":{"rendered":"<p><img decoding=\"async\" class=\"size-full wp-image-5091 aligncenter\" src=\"https:\/\/www.safinel.fr\/wp-content\/uploads\/2021\/06\/BANNIERE-ICONE-SAFINEL.webp\" alt=\"resseguro satinado\" width=\"800\" height=\"200\" srcset=\"https:\/\/www.safinel.fr\/wp-content\/uploads\/2021\/06\/BANNIERE-ICONE-SAFINEL.webp 800w, https:\/\/www.safinel.fr\/wp-content\/uploads\/2021\/06\/BANNIERE-ICONE-SAFINEL-600x150.webp 600w, https:\/\/www.safinel.fr\/wp-content\/uploads\/2021\/06\/BANNIERE-ICONE-SAFINEL-768x192.webp 768w\" sizes=\"(max-width: 800px) 100vw, 800px\" \/><\/p>","protected":false},"featured_media":58,"template":"","meta":[],"product_brand":[],"product_cat":[15,59,23,150,27],"product_tag":[],"class_list":{"0":"post-119","1":"product","2":"type-product","3":"status-publish","4":"has-post-thumbnail","6":"product_cat-fertilite","7":"product_cat-fruit-tropical","8":"product_cat-hygiene-feminine","9":"product_cat-legume-africain","10":"product_cat-plantes-medicinales","12":"first","13":"instock","14":"shipping-taxable","15":"purchasable","16":"product-type-simple"},"yoast_head":"<!-- This site is optimized with the Yoast SEO plugin v26.6 - https:\/\/yoast.com\/wordpress\/plugins\/seo\/ -->\n<title>Fruit 4 c\u00f4t\u00e9s | Plante naturelle id\u00e9al contre les r\u00e8gles douloureuses<\/title>\n<meta name=\"description\" content=\"Le fruit 4 c\u00f4t\u00e9s est reconnu dans la pharmacop\u00e9e africaine pour traiter certains probl\u00e8mes d\u2019ordre intime. D\u00e9couvrez-le !\" \/>\n<meta name=\"robots\" content=\"index, follow, max-snippet:-1, max-image-preview:large, max-video-preview:-1\" \/>\n<link rel=\"canonical\" href=\"https:\/\/www.safinel.fr\/pt\/product-2\/fruta-4-costelas-3-pecas\/\" \/>\n<meta property=\"og:locale\" content=\"pt_PT\" \/>\n<meta property=\"og:type\" content=\"article\" \/>\n<meta property=\"og:title\" content=\"Fruit 4 c\u00f4t\u00e9s | Plante naturelle id\u00e9al contre les r\u00e8gles douloureuses\" \/>\n<meta property=\"og:description\" content=\"Le fruit 4 c\u00f4t\u00e9s est reconnu dans la pharmacop\u00e9e africaine pour traiter certains probl\u00e8mes d\u2019ordre intime. D\u00e9couvrez-le !\" \/>\n<meta property=\"og:url\" content=\"https:\/\/www.safinel.fr\/pt\/product-2\/fruta-4-costelas-3-pecas\/\" \/>\n<meta property=\"og:site_name\" content=\"Safinel\" \/>\n<meta property=\"article:modified_time\" content=\"2024-02-21T11:04:47+00:00\" \/>\n<meta property=\"og:image\" content=\"https:\/\/www.safinel.fr\/wp-content\/uploads\/2021\/05\/fruit-4-cote-site.jpg\" \/>\n\t<meta property=\"og:image:width\" content=\"352\" \/>\n\t<meta property=\"og:image:height\" content=\"400\" \/>\n\t<meta property=\"og:image:type\" content=\"image\/jpeg\" \/>\n<meta name=\"twitter:card\" content=\"summary_large_image\" \/>\n<meta name=\"twitter:label1\" content=\"Tempo estimado de leitura\" \/>\n\t<meta name=\"twitter:data1\" content=\"3 minutos\" \/>\n<script type=\"application\/ld+json\" class=\"yoast-schema-graph\">{\"@context\":\"https:\/\/schema.org\",\"@graph\":[{\"@type\":\"WebPage\",\"@id\":\"https:\/\/www.safinel.fr\/produit\/fruit-4-cotes-3-pieces\/\",\"url\":\"https:\/\/www.safinel.fr\/produit\/fruit-4-cotes-3-pieces\/\",\"name\":\"Fruit 4 c\u00f4t\u00e9s | Plante naturelle id\u00e9al contre les r\u00e8gles douloureuses\",\"isPartOf\":{\"@id\":\"https:\/\/www.safinel.fr\/#website\"},\"primaryImageOfPage\":{\"@id\":\"https:\/\/www.safinel.fr\/produit\/fruit-4-cotes-3-pieces\/#primaryimage\"},\"image\":{\"@id\":\"https:\/\/www.safinel.fr\/produit\/fruit-4-cotes-3-pieces\/#primaryimage\"},\"thumbnailUrl\":\"https:\/\/www.safinel.fr\/wp-content\/uploads\/2021\/05\/fruit-4-cote-site.jpg\",\"datePublished\":\"2021-06-01T16:08:55+00:00\",\"dateModified\":\"2024-02-21T11:04:47+00:00\",\"description\":\"Le fruit 4 c\u00f4t\u00e9s est reconnu dans la pharmacop\u00e9e africaine pour traiter certains probl\u00e8mes d\u2019ordre intime. D\u00e9couvrez-le !\",\"breadcrumb\":{\"@id\":\"https:\/\/www.safinel.fr\/produit\/fruit-4-cotes-3-pieces\/#breadcrumb\"},\"inLanguage\":\"pt-PT\",\"potentialAction\":[{\"@type\":\"ReadAction\",\"target\":[\"https:\/\/www.safinel.fr\/produit\/fruit-4-cotes-3-pieces\/\"]}]},{\"@type\":\"ImageObject\",\"inLanguage\":\"pt-PT\",\"@id\":\"https:\/\/www.safinel.fr\/produit\/fruit-4-cotes-3-pieces\/#primaryimage\",\"url\":\"https:\/\/www.safinel.fr\/wp-content\/uploads\/2021\/05\/fruit-4-cote-site.jpg\",\"contentUrl\":\"https:\/\/www.safinel.fr\/wp-content\/uploads\/2021\/05\/fruit-4-cote-site.jpg\",\"width\":352,\"height\":400,\"caption\":\"fruit 4 c\u00f4t\u00e9s\"},{\"@type\":\"BreadcrumbList\",\"@id\":\"https:\/\/www.safinel.fr\/produit\/fruit-4-cotes-3-pieces\/#breadcrumb\",\"itemListElement\":[{\"@type\":\"ListItem\",\"position\":1,\"name\":\"Accueil\",\"item\":\"https:\/\/www.safinel.fr\/\"},{\"@type\":\"ListItem\",\"position\":2,\"name\":\"Boutique\",\"item\":\"https:\/\/www.safinel.fr\/boutique\/\"},{\"@type\":\"ListItem\",\"position\":3,\"name\":\"Fruit 4 c\u00f4t\u00e9s (3 pi\u00e8ces)\"}]},{\"@type\":\"WebSite\",\"@id\":\"https:\/\/www.safinel.fr\/#website\",\"url\":\"https:\/\/www.safinel.fr\/\",\"name\":\"Safinel\",\"description\":\"\",\"publisher\":{\"@id\":\"https:\/\/www.safinel.fr\/#organization\"},\"potentialAction\":[{\"@type\":\"SearchAction\",\"target\":{\"@type\":\"EntryPoint\",\"urlTemplate\":\"https:\/\/www.safinel.fr\/?s={search_term_string}\"},\"query-input\":{\"@type\":\"PropertyValueSpecification\",\"valueRequired\":true,\"valueName\":\"search_term_string\"}}],\"inLanguage\":\"pt-PT\"},{\"@type\":\"Organization\",\"@id\":\"https:\/\/www.safinel.fr\/#organization\",\"name\":\"Safinel\",\"url\":\"https:\/\/www.safinel.fr\/\",\"logo\":{\"@type\":\"ImageObject\",\"inLanguage\":\"pt-PT\",\"@id\":\"https:\/\/www.safinel.fr\/#\/schema\/logo\/image\/\",\"url\":\"https:\/\/www.safinel.fr\/wp-content\/uploads\/2021\/05\/boutique-cosmetique.png\",\"contentUrl\":\"https:\/\/www.safinel.fr\/wp-content\/uploads\/2021\/05\/boutique-cosmetique.png\",\"width\":800,\"height\":200,\"caption\":\"Safinel\"},\"image\":{\"@id\":\"https:\/\/www.safinel.fr\/#\/schema\/logo\/image\/\"}}]}<\/script>\n<!-- \/ Yoast SEO plugin. -->","yoast_head_json":{"title":"Fruta de 4 lados | Planta natural ideal contra dores menstruais","description":"A fruta de quatro lados \u00e9 reconhecida na farmacopeia africana para tratar certos problemas \u00edntimos. Descubra-a!","robots":{"index":"index","follow":"follow","max-snippet":"max-snippet:-1","max-image-preview":"max-image-preview:large","max-video-preview":"max-video-preview:-1"},"canonical":"https:\/\/www.safinel.fr\/pt\/product-2\/fruta-4-costelas-3-pecas\/","og_locale":"pt_PT","og_type":"article","og_title":"Fruit 4 c\u00f4t\u00e9s | Plante naturelle id\u00e9al contre les r\u00e8gles douloureuses","og_description":"Le fruit 4 c\u00f4t\u00e9s est reconnu dans la pharmacop\u00e9e africaine pour traiter certains probl\u00e8mes d\u2019ordre intime. D\u00e9couvrez-le !","og_url":"https:\/\/www.safinel.fr\/pt\/product-2\/fruta-4-costelas-3-pecas\/","og_site_name":"Safinel","article_modified_time":"2024-02-21T11:04:47+00:00","og_image":[{"width":352,"height":400,"url":"https:\/\/www.safinel.fr\/wp-content\/uploads\/2021\/05\/fruit-4-cote-site.jpg","type":"image\/jpeg"}],"twitter_card":"summary_large_image","twitter_misc":{"Tempo estimado de leitura":"3 minutos"},"schema":{"@context":"https:\/\/schema.org","@graph":[{"@type":"WebPage","@id":"https:\/\/www.safinel.fr\/produit\/fruit-4-cotes-3-pieces\/","url":"https:\/\/www.safinel.fr\/produit\/fruit-4-cotes-3-pieces\/","name":"Fruta de 4 lados | Planta natural ideal contra dores menstruais","isPartOf":{"@id":"https:\/\/www.safinel.fr\/#website"},"primaryImageOfPage":{"@id":"https:\/\/www.safinel.fr\/produit\/fruit-4-cotes-3-pieces\/#primaryimage"},"image":{"@id":"https:\/\/www.safinel.fr\/produit\/fruit-4-cotes-3-pieces\/#primaryimage"},"thumbnailUrl":"https:\/\/www.safinel.fr\/wp-content\/uploads\/2021\/05\/fruit-4-cote-site.jpg","datePublished":"2021-06-01T16:08:55+00:00","dateModified":"2024-02-21T11:04:47+00:00","description":"A fruta de quatro lados \u00e9 reconhecida na farmacopeia africana para tratar certos problemas \u00edntimos. Descubra-a!","breadcrumb":{"@id":"https:\/\/www.safinel.fr\/produit\/fruit-4-cotes-3-pieces\/#breadcrumb"},"inLanguage":"pt-PT","potentialAction":[{"@type":"ReadAction","target":["https:\/\/www.safinel.fr\/produit\/fruit-4-cotes-3-pieces\/"]}]},{"@type":"ImageObject","inLanguage":"pt-PT","@id":"https:\/\/www.safinel.fr\/produit\/fruit-4-cotes-3-pieces\/#primaryimage","url":"https:\/\/www.safinel.fr\/wp-content\/uploads\/2021\/05\/fruit-4-cote-site.jpg","contentUrl":"https:\/\/www.safinel.fr\/wp-content\/uploads\/2021\/05\/fruit-4-cote-site.jpg","width":352,"height":400,"caption":"fruit 4 c\u00f4t\u00e9s"},{"@type":"BreadcrumbList","@id":"https:\/\/www.safinel.fr\/produit\/fruit-4-cotes-3-pieces\/#breadcrumb","itemListElement":[{"@type":"ListItem","position":1,"name":"Accueil","item":"https:\/\/www.safinel.fr\/"},{"@type":"ListItem","position":2,"name":"Boutique","item":"https:\/\/www.safinel.fr\/boutique\/"},{"@type":"ListItem","position":3,"name":"Fruit 4 c\u00f4t\u00e9s (3 pi\u00e8ces)"}]},{"@type":"WebSite","@id":"https:\/\/www.safinel.fr\/#website","url":"https:\/\/www.safinel.fr\/","name":"Safinel","description":"","publisher":{"@id":"https:\/\/www.safinel.fr\/#organization"},"potentialAction":[{"@type":"SearchAction","target":{"@type":"EntryPoint","urlTemplate":"https:\/\/www.safinel.fr\/?s={search_term_string}"},"query-input":{"@type":"PropertyValueSpecification","valueRequired":true,"valueName":"search_term_string"}}],"inLanguage":"pt-PT"},{"@type":"Organization","@id":"https:\/\/www.safinel.fr\/#organization","name":"Safinel","url":"https:\/\/www.safinel.fr\/","logo":{"@type":"ImageObject","inLanguage":"pt-PT","@id":"https:\/\/www.safinel.fr\/#\/schema\/logo\/image\/","url":"https:\/\/www.safinel.fr\/wp-content\/uploads\/2021\/05\/boutique-cosmetique.png","contentUrl":"https:\/\/www.safinel.fr\/wp-content\/uploads\/2021\/05\/boutique-cosmetique.png","width":800,"height":200,"caption":"Safinel"},"image":{"@id":"https:\/\/www.safinel.fr\/#\/schema\/logo\/image\/"}}]}},"_links":{"self":[{"href":"https:\/\/www.safinel.fr\/pt\/wp-json\/wp\/v2\/product\/119","targetHints":{"allow":["GET"]}}],"collection":[{"href":"https:\/\/www.safinel.fr\/pt\/wp-json\/wp\/v2\/product"}],"about":[{"href":"https:\/\/www.safinel.fr\/pt\/wp-json\/wp\/v2\/types\/product"}],"wp:featuredmedia":[{"embeddable":true,"href":"https:\/\/www.safinel.fr\/pt\/wp-json\/wp\/v2\/media\/58"}],"wp:attachment":[{"href":"https:\/\/www.safinel.fr\/pt\/wp-json\/wp\/v2\/media?parent=119"}],"wp:term":[{"taxonomy":"product_brand","embeddable":true,"href":"https:\/\/www.safinel.fr\/pt\/wp-json\/wp\/v2\/product_brand?post=119"},{"taxonomy":"product_cat","embeddable":true,"href":"https:\/\/www.safinel.fr\/pt\/wp-json\/wp\/v2\/product_cat?post=119"},{"taxonomy":"product_tag","embeddable":true,"href":"https:\/\/www.safinel.fr\/pt\/wp-json\/wp\/v2\/product_tag?post=119"}],"curies":[{"name":"wp","href":"https:\/\/api.w.org\/{rel}","templated":true}]}}