{"id":1162,"date":"2022-04-29T00:28:52","date_gmt":"2022-04-29T00:28:52","guid":{"rendered":"https:\/\/www.safinel.fr\/?post_type=product&#038;p=1162"},"modified":"2024-02-07T15:06:43","modified_gmt":"2024-02-07T15:06:43","slug":"manteiga-de-feno-grego","status":"publish","type":"product","link":"https:\/\/www.safinel.fr\/pt\/product-2\/manteiga-de-feno-grego\/","title":{"rendered":"Manteiga de feno-grego 150 g"},"content":{"rendered":"<p>Na Safinel, o seu\u00a0<strong>loja online de bem-estar<\/strong>, somos apaixonados por novidades naturais. De facto, assim que encontramos uma verdadeira joia, apressamo-nos a apresent\u00e1-la a voc\u00eas. Aqui est\u00e1\u00a0<strong>manteiga de feno-grego<\/strong>. Um\u00a0<strong>cosm\u00e9tico<\/strong>\u00a0conhecido principalmente pela sua incr\u00edvel fun\u00e7\u00e3o: aumentar o volume do peito e dos gl\u00fateos. Garantido sem inje\u00e7\u00f5es e sem precisar de cirurgia! Mas este\u00a0<strong>pomada natural<\/strong>\u00a0apresenta tamb\u00e9m outras virtudes muito interessantes...<\/p>\n<p>Quer que lhe mostremos?<\/p>\n<h2><strong>Zoom sobre a manteiga de feno-grego, uma verdadeira maravilha da natureza\u00a0<\/strong><\/h2>\n<p>Nosso\u00a0<strong>manteiga de feno-grego pura concentrada<\/strong>\u00a0apresenta-se sob a forma de uma\u00a0<strong>creme cosm\u00e9tico\u00a0<\/strong>de 150 g. Mas antes de falar mais detalhadamente sobre este incr\u00edvel produto, vamos aprender um pouco mais sobre o feno-grego.<\/p>\n<p>Talvez o conhe\u00e7a pelo nome de\u00a0<strong>fenugreque, trigonella, fenugreque, feno-grego<\/strong>, ou mais raramente\u00a0<strong>Trigonella<\/strong>, o seu nome cient\u00edfico. Seja como for, todos se referem \u00e0 mesma planta incr\u00edvel, origin\u00e1ria da \u00c1sia e da bacia mediterr\u00e2nica.<\/p>\n<p>Originalmente, este feno grego era utilizado para alimentar cavalos. Mas rapidamente as suas sementes muito ricas tornaram-se um condimento apreciado na cozinha! E tamb\u00e9m para fins terap\u00eauticos, como\u00a0<strong>planta medicinal\u00a0<\/strong>com m\u00faltiplas virtudes.<\/p>\n<p>O<strong>\u00a0feno-grego em gr\u00e3o<\/strong>\u00a0era especialmente apreciado pelas suas propriedades galactog\u00e9nicas, para estimular o apetite, bem como pelo seu efeito ben\u00e9fico sobre a hipoglicemia.<\/p>\n<p>Mas quem fala em sementes... fala em \u00f3leo! Assim, o seu\u00a0<strong>\u00f3leo<\/strong>\u00a0tornou-se um ingrediente indispens\u00e1vel na cosm\u00e9tica. E \u00e9 tamb\u00e9m ela que entra na composi\u00e7\u00e3o da nossa famosa manteiga de feno-grego!<\/p>\n<p><strong>Ingredientes:<\/strong>\u00a0<strong>manteiga de karit\u00e9<\/strong>, \u00f3leo de feno-grego, \u00f3leo de am\u00eandoa doce, vitamina E.<\/p>\n<h2><strong>Qual \u00e9 a composi\u00e7\u00e3o da pomada de feno-grego?\u00a0<\/strong><\/h2>\n<p>Nosso\u00a0<strong>creme de trigonela<\/strong>\u00a0cont\u00e9m muitas vitaminas, oligoelementos, prote\u00ednas e antioxidantes. \u00c9 importante referir que os ingredientes que a comp\u00f5em s\u00e3o conhecidos pela sua composi\u00e7\u00e3o rica, muito ben\u00e9fica para a nossa pele.<\/p>\n<p>Encontram-se essencialmente:<\/p>\n<ul>\n<li>Flavonoides<\/li>\n<li>Vitaminas A, C e E, bem como vitaminas B1 e B6<\/li>\n<li>\u00c1cidos gordos essenciais<\/li>\n<li>Fibras mucilaginosas<\/li>\n<li>\u00d3mega 3, ben\u00e9fico para a pele<\/li>\n<li>Mas tamb\u00e9m f\u00f3sforo, enxofre, ferro<\/li>\n<li>Bem como minerais como c\u00e1lcio e magn\u00e9sio<\/li>\n<\/ul>\n<h2><strong>Manteiga de feno-grego: os seus benef\u00edcios\u00a0<\/strong><\/h2>\n<p>Vamos ao que interessa! O que \u00e9 que este misterioso\u00a0<strong>b\u00e1lsamo corporal<\/strong>\u00a0?! \u00c9 importante saber que ele ser\u00e1 t\u00e3o ben\u00e9fico para o corpo quanto para o cabelo, mas tamb\u00e9m para o rosto. Um verdadeiro\u00a0<strong>produto de beleza multifuncional<\/strong>, que pode substituir sozinho uma grande quantidade de cosm\u00e9ticos...<\/p>\n<p>A lista de benef\u00edcios \u00e9 bastante interessante, veja voc\u00ea mesmo:<\/p>\n<ul>\n<li>Firmador para o peito, n\u00e1degas, ancas e pele em geral; ;<\/li>\n<li>Ajuda a modelar as formas e a ganhar volume naturalmente; ;<\/li>\n<li>Permite regenerar a epiderme e previne o ressecamento da pele; ;<\/li>\n<li>No que diz respeito aos cabelos, pode-se usar manteiga de feno-grego para estimular o crescimento; ;<\/li>\n<li>No rosto, este cosm\u00e9tico \u00e9 eficaz contra a acne; ;<\/li>\n<li>A\u00e7\u00e3o antirrugas e antienvelhecimento; ;<\/li>\n<li>Al\u00e9m disso, tem propriedades anti-inflamat\u00f3rias, tal como<strong>\u00a0<a href=\"https:\/\/www.safinel.fr\/pt\/product-2\/cristais-de-menta\/\">os cristais de menta<\/a>\u00a0<\/strong>;<\/li>\n<li>Ajuda a nutrir a pele, tornando-a mais suave e flex\u00edvel; ;<\/li>\n<li>Esta pomada natural tem efeitos cicatrizantes e calmantes; ;<\/li>\n<li>Hidrata o cabelo e protege as pontas do ressecamento.<\/li>\n<\/ul>\n<h2><strong>Os seus outros produtos naturais para real\u00e7ar os seus pontos fortes...\u00a0<\/strong><\/h2>\n<p>Nosso\u00a0<strong>pomada de feno-grego<\/strong>, por mais incr\u00edvel que pare\u00e7a, n\u00e3o \u00e9 a \u00fanica que pode se orgulhar das suas propriedades. Na verdade, existem outras plantas africanas igualmente capazes de ajudar a aumentar o volume dos seios e dos gl\u00fateos. Certamente quer saber mais, n\u00e3o \u00e9? Nesse caso, a sua loja favorita Safinel conta tudo:<\/p>\n<ul>\n<li><strong>O akpi<\/strong>\u00a0: em\u00a0<strong>semente<\/strong>, em\u00a0<strong>\u00f3leo<\/strong>\u00a0ou ainda em\u00a0<strong>p\u00f3<\/strong>, a akpi est\u00e1 a dar que falar! Especialmente pela sua capacidade de\u00a0<strong>aumentar os seios e os gl\u00fateos<\/strong>. Evidentemente, pode ser utilizado para muitos outros fins. \u00c9 considerado ben\u00e9fico contra a infertilidade feminina, por exemplo.<\/li>\n<\/ul>\n<ul>\n<li><strong>A kigelia:<\/strong>\u00a0esta planta, que pode ser encontrada em\u00a0<strong>\u00f3leo<\/strong>\u00a0e em\u00a0<strong>p\u00f3<\/strong>\u00a0na nossa loja de bem-estar, tamb\u00e9m \u00e9 uma aliada para\u00a0<strong>reafirmar o peito e os gl\u00fateos.<\/strong>\u00a0\u00c9, portanto, um tensor, um preenchedor e um cosm\u00e9tico natural reafirmante muito eficaz. Que pode, ali\u00e1s, ser usado como complemento do nosso\u00a0<strong>manteiga de f\u00e9n\u00e9gr\u00e9<\/strong>.<\/li>\n<\/ul>\n<h2><strong>Manteiga de feno-grego: A sua utiliza\u00e7\u00e3o\u00a0<\/strong><\/h2>\n<p>Este\u00a0<strong>b\u00e1lsamo universal\u00a0<\/strong>possui uma composi\u00e7\u00e3o que lhe permite ser um cosm\u00e9tico multifuncional! Independentemente do seu tipo de cabelo ou pele, este \u00e9 um produto de beleza que rapidamente encontrar\u00e1 um lugar na sua rotina di\u00e1ria!<\/p>\n<h3><strong>Para o corpo\u00a0<\/strong><\/h3>\n<p>Para facilitar a penetra\u00e7\u00e3o do produto, pode deixar a pele ligeiramente h\u00famida ao sair do banho. Ou ainda aquecer ligeiramente o b\u00e1lsamo entre as m\u00e3os para obter uma textura oleosa.<\/p>\n<p>Com o objetivo de\u00a0<strong>aumentar o volume dos gl\u00fateos<\/strong>, ancas ou peito, recomendamos que fa\u00e7a uma massagem de 10 minutos. E isso, de manh\u00e3 e \u00e0 noite. Obviamente, como qualquer produto natural, \u00e9 necess\u00e1ria alguma assiduidade. Recomenda-se um per\u00edodo de 1 a 3 meses para obter resultados vis\u00edveis!<\/p>\n<h3><strong>Para o rosto\u00a0<\/strong><\/h3>\n<p>Este cosm\u00e9tico n\u00e3o comedog\u00e9nico \u00e9 ideal para o rosto. Pode ser aplicado de manh\u00e3 e \u00e0 noite, como qualquer outro creme hidratante. E isso para combater manchas, pontos negros, espinhas, mas tamb\u00e9m para combater os sinais da idade.<\/p>\n<h3><strong>Para o cabelo\u00a0<\/strong><\/h3>\n<p>O\u00a0<strong>manteiga de karit\u00e9 para cabelos<\/strong>\u00a0\u00e9 conhecido pela sua a\u00e7\u00e3o hidratante e nutritiva. Introduzida nos nossos cosm\u00e9ticos, a combina\u00e7\u00e3o destes dois ingredientes permite manter o cabelo bem hidratado.<\/p>\n<p>Recomendamos que o utilize como um tratamento para penetrar na fibra capilar. Pode aplic\u00e1-lo nas pontas e no comprimento do cabelo e deix\u00e1-lo atuar durante toda a noite.<\/p>\n<h2><strong>Precau\u00e7\u00f5es e conserva\u00e7\u00e3o\u00a0<\/strong><\/h2>\n<p>Recomendamos que mantenha o seu frasco longe de m\u00e3os curiosas, como as das crian\u00e7as.<\/p>\n<p>Al\u00e9m disso, \u00e9 prefer\u00edvel colocar o\u00a0<strong>manteiga de senegrain<\/strong>\u00a0longe de fontes de calor, pois pode rapidamente adquirir um aspecto oleoso.<\/p>\n<p>Por fim, embora n\u00e3o tenhamos conhecimento de qualquer contraindica\u00e7\u00e3o ou risco de alergia, \u00e9 aconselh\u00e1vel realizar sempre um teste cut\u00e2neo pr\u00e9vio.<\/p>","protected":false},"excerpt":{"rendered":"<p>Na Safinel, a sua loja online de bem-estar, somos apaixonados por novidades naturais. De facto, assim que encontramos uma verdadeira joia, apressamo-nos a apresent\u00e1-la a si. Apresentamos-lhe a manteiga de feno-grego. Um cosm\u00e9tico conhecido essencialmente pela sua incr\u00edvel fun\u00e7\u00e3o: aumentar o volume do peito e dos gl\u00fateos. Garantidamente sem inje\u00e7\u00f5es e sem [...]","protected":false},"featured_media":1163,"template":"","meta":[],"product_brand":[],"product_cat":[41],"product_tag":[],"class_list":{"0":"post-1162","1":"product","2":"type-product","3":"status-publish","4":"has-post-thumbnail","6":"product_cat-produits-naturels-divers","8":"first","9":"outofstock","10":"shipping-taxable","11":"purchasable","12":"product-type-simple"},"yoast_head":"<!-- This site is optimized with the Yoast SEO plugin v26.6 - https:\/\/yoast.com\/wordpress\/plugins\/seo\/ -->\n<title>Beurre de fenugrec | Cr\u00e8me cosm\u00e9tique | Contenance 150g<\/title>\n<meta name=\"description\" content=\"Voici donc\u00a0le beurre de fenugrec. Un\u00a0cosm\u00e9tique\u00a0r\u00e9put\u00e9 pour sa fonction : celle d\u2019augmenter le volume de la poitrine et des fesses.\" \/>\n<meta name=\"robots\" content=\"index, follow, max-snippet:-1, max-image-preview:large, max-video-preview:-1\" \/>\n<link rel=\"canonical\" href=\"https:\/\/www.safinel.fr\/pt\/product-2\/manteiga-de-feno-grego\/\" \/>\n<meta property=\"og:locale\" content=\"pt_PT\" \/>\n<meta property=\"og:type\" content=\"article\" \/>\n<meta property=\"og:title\" content=\"Beurre de fenugrec | Cr\u00e8me cosm\u00e9tique | Contenance 150g\" \/>\n<meta property=\"og:description\" content=\"Voici donc\u00a0le beurre de fenugrec. Un\u00a0cosm\u00e9tique\u00a0r\u00e9put\u00e9 pour sa fonction : celle d\u2019augmenter le volume de la poitrine et des fesses.\" \/>\n<meta property=\"og:url\" content=\"https:\/\/www.safinel.fr\/pt\/product-2\/manteiga-de-feno-grego\/\" \/>\n<meta property=\"og:site_name\" content=\"Safinel\" \/>\n<meta property=\"article:modified_time\" content=\"2024-02-07T15:06:43+00:00\" \/>\n<meta property=\"og:image\" content=\"https:\/\/www.safinel.fr\/wp-content\/uploads\/2022\/04\/beurre-de-fenugrec.jpg\" \/>\n\t<meta property=\"og:image:width\" content=\"600\" \/>\n\t<meta property=\"og:image:height\" content=\"600\" \/>\n\t<meta property=\"og:image:type\" content=\"image\/jpeg\" \/>\n<meta name=\"twitter:card\" content=\"summary_large_image\" \/>\n<meta name=\"twitter:label1\" content=\"Tempo estimado de leitura\" \/>\n\t<meta name=\"twitter:data1\" content=\"6 minutos\" \/>\n<script type=\"application\/ld+json\" class=\"yoast-schema-graph\">{\"@context\":\"https:\/\/schema.org\",\"@graph\":[{\"@type\":\"WebPage\",\"@id\":\"https:\/\/www.safinel.fr\/produit\/beurre-de-fenugrec\/\",\"url\":\"https:\/\/www.safinel.fr\/produit\/beurre-de-fenugrec\/\",\"name\":\"Beurre de fenugrec | Cr\u00e8me cosm\u00e9tique | Contenance 150g\",\"isPartOf\":{\"@id\":\"https:\/\/www.safinel.fr\/#website\"},\"primaryImageOfPage\":{\"@id\":\"https:\/\/www.safinel.fr\/produit\/beurre-de-fenugrec\/#primaryimage\"},\"image\":{\"@id\":\"https:\/\/www.safinel.fr\/produit\/beurre-de-fenugrec\/#primaryimage\"},\"thumbnailUrl\":\"https:\/\/www.safinel.fr\/wp-content\/uploads\/2022\/04\/beurre-de-fenugrec.jpg\",\"datePublished\":\"2022-04-29T00:28:52+00:00\",\"dateModified\":\"2024-02-07T15:06:43+00:00\",\"description\":\"Voici donc\u00a0le beurre de fenugrec. Un\u00a0cosm\u00e9tique\u00a0r\u00e9put\u00e9 pour sa fonction : celle d\u2019augmenter le volume de la poitrine et des fesses.\",\"breadcrumb\":{\"@id\":\"https:\/\/www.safinel.fr\/produit\/beurre-de-fenugrec\/#breadcrumb\"},\"inLanguage\":\"pt-PT\",\"potentialAction\":[{\"@type\":\"ReadAction\",\"target\":[\"https:\/\/www.safinel.fr\/produit\/beurre-de-fenugrec\/\"]}]},{\"@type\":\"ImageObject\",\"inLanguage\":\"pt-PT\",\"@id\":\"https:\/\/www.safinel.fr\/produit\/beurre-de-fenugrec\/#primaryimage\",\"url\":\"https:\/\/www.safinel.fr\/wp-content\/uploads\/2022\/04\/beurre-de-fenugrec.jpg\",\"contentUrl\":\"https:\/\/www.safinel.fr\/wp-content\/uploads\/2022\/04\/beurre-de-fenugrec.jpg\",\"width\":600,\"height\":600,\"caption\":\"beurre de fenugrec\"},{\"@type\":\"BreadcrumbList\",\"@id\":\"https:\/\/www.safinel.fr\/produit\/beurre-de-fenugrec\/#breadcrumb\",\"itemListElement\":[{\"@type\":\"ListItem\",\"position\":1,\"name\":\"Accueil\",\"item\":\"https:\/\/www.safinel.fr\/\"},{\"@type\":\"ListItem\",\"position\":2,\"name\":\"Boutique\",\"item\":\"https:\/\/www.safinel.fr\/boutique\/\"},{\"@type\":\"ListItem\",\"position\":3,\"name\":\"Beurre de fenugrec 150g\"}]},{\"@type\":\"WebSite\",\"@id\":\"https:\/\/www.safinel.fr\/#website\",\"url\":\"https:\/\/www.safinel.fr\/\",\"name\":\"Safinel\",\"description\":\"\",\"publisher\":{\"@id\":\"https:\/\/www.safinel.fr\/#organization\"},\"potentialAction\":[{\"@type\":\"SearchAction\",\"target\":{\"@type\":\"EntryPoint\",\"urlTemplate\":\"https:\/\/www.safinel.fr\/?s={search_term_string}\"},\"query-input\":{\"@type\":\"PropertyValueSpecification\",\"valueRequired\":true,\"valueName\":\"search_term_string\"}}],\"inLanguage\":\"pt-PT\"},{\"@type\":\"Organization\",\"@id\":\"https:\/\/www.safinel.fr\/#organization\",\"name\":\"Safinel\",\"url\":\"https:\/\/www.safinel.fr\/\",\"logo\":{\"@type\":\"ImageObject\",\"inLanguage\":\"pt-PT\",\"@id\":\"https:\/\/www.safinel.fr\/#\/schema\/logo\/image\/\",\"url\":\"https:\/\/www.safinel.fr\/wp-content\/uploads\/2021\/05\/boutique-cosmetique.png\",\"contentUrl\":\"https:\/\/www.safinel.fr\/wp-content\/uploads\/2021\/05\/boutique-cosmetique.png\",\"width\":800,\"height\":200,\"caption\":\"Safinel\"},\"image\":{\"@id\":\"https:\/\/www.safinel.fr\/#\/schema\/logo\/image\/\"}}]}<\/script>\n<!-- \/ Yoast SEO plugin. -->","yoast_head_json":{"title":"Manteiga de feno-grego | Creme cosm\u00e9tico | Conte\u00fado 150 g","description":"Aqui est\u00e1 a manteiga de feno-grego. Um cosm\u00e9tico conhecido pela sua fun\u00e7\u00e3o: aumentar o volume dos seios e das n\u00e1degas.","robots":{"index":"index","follow":"follow","max-snippet":"max-snippet:-1","max-image-preview":"max-image-preview:large","max-video-preview":"max-video-preview:-1"},"canonical":"https:\/\/www.safinel.fr\/pt\/product-2\/manteiga-de-feno-grego\/","og_locale":"pt_PT","og_type":"article","og_title":"Beurre de fenugrec | Cr\u00e8me cosm\u00e9tique | Contenance 150g","og_description":"Voici donc\u00a0le beurre de fenugrec. Un\u00a0cosm\u00e9tique\u00a0r\u00e9put\u00e9 pour sa fonction : celle d\u2019augmenter le volume de la poitrine et des fesses.","og_url":"https:\/\/www.safinel.fr\/pt\/product-2\/manteiga-de-feno-grego\/","og_site_name":"Safinel","article_modified_time":"2024-02-07T15:06:43+00:00","og_image":[{"width":600,"height":600,"url":"https:\/\/www.safinel.fr\/wp-content\/uploads\/2022\/04\/beurre-de-fenugrec.jpg","type":"image\/jpeg"}],"twitter_card":"summary_large_image","twitter_misc":{"Tempo estimado de leitura":"6 minutos"},"schema":{"@context":"https:\/\/schema.org","@graph":[{"@type":"WebPage","@id":"https:\/\/www.safinel.fr\/produit\/beurre-de-fenugrec\/","url":"https:\/\/www.safinel.fr\/produit\/beurre-de-fenugrec\/","name":"Manteiga de feno-grego | Creme cosm\u00e9tico | Conte\u00fado 150 g","isPartOf":{"@id":"https:\/\/www.safinel.fr\/#website"},"primaryImageOfPage":{"@id":"https:\/\/www.safinel.fr\/produit\/beurre-de-fenugrec\/#primaryimage"},"image":{"@id":"https:\/\/www.safinel.fr\/produit\/beurre-de-fenugrec\/#primaryimage"},"thumbnailUrl":"https:\/\/www.safinel.fr\/wp-content\/uploads\/2022\/04\/beurre-de-fenugrec.jpg","datePublished":"2022-04-29T00:28:52+00:00","dateModified":"2024-02-07T15:06:43+00:00","description":"Aqui est\u00e1 a manteiga de feno-grego. Um cosm\u00e9tico conhecido pela sua fun\u00e7\u00e3o: aumentar o volume dos seios e das n\u00e1degas.","breadcrumb":{"@id":"https:\/\/www.safinel.fr\/produit\/beurre-de-fenugrec\/#breadcrumb"},"inLanguage":"pt-PT","potentialAction":[{"@type":"ReadAction","target":["https:\/\/www.safinel.fr\/produit\/beurre-de-fenugrec\/"]}]},{"@type":"ImageObject","inLanguage":"pt-PT","@id":"https:\/\/www.safinel.fr\/produit\/beurre-de-fenugrec\/#primaryimage","url":"https:\/\/www.safinel.fr\/wp-content\/uploads\/2022\/04\/beurre-de-fenugrec.jpg","contentUrl":"https:\/\/www.safinel.fr\/wp-content\/uploads\/2022\/04\/beurre-de-fenugrec.jpg","width":600,"height":600,"caption":"beurre de fenugrec"},{"@type":"BreadcrumbList","@id":"https:\/\/www.safinel.fr\/produit\/beurre-de-fenugrec\/#breadcrumb","itemListElement":[{"@type":"ListItem","position":1,"name":"Accueil","item":"https:\/\/www.safinel.fr\/"},{"@type":"ListItem","position":2,"name":"Boutique","item":"https:\/\/www.safinel.fr\/boutique\/"},{"@type":"ListItem","position":3,"name":"Beurre de fenugrec 150g"}]},{"@type":"WebSite","@id":"https:\/\/www.safinel.fr\/#website","url":"https:\/\/www.safinel.fr\/","name":"Safinel","description":"","publisher":{"@id":"https:\/\/www.safinel.fr\/#organization"},"potentialAction":[{"@type":"SearchAction","target":{"@type":"EntryPoint","urlTemplate":"https:\/\/www.safinel.fr\/?s={search_term_string}"},"query-input":{"@type":"PropertyValueSpecification","valueRequired":true,"valueName":"search_term_string"}}],"inLanguage":"pt-PT"},{"@type":"Organization","@id":"https:\/\/www.safinel.fr\/#organization","name":"Safinel","url":"https:\/\/www.safinel.fr\/","logo":{"@type":"ImageObject","inLanguage":"pt-PT","@id":"https:\/\/www.safinel.fr\/#\/schema\/logo\/image\/","url":"https:\/\/www.safinel.fr\/wp-content\/uploads\/2021\/05\/boutique-cosmetique.png","contentUrl":"https:\/\/www.safinel.fr\/wp-content\/uploads\/2021\/05\/boutique-cosmetique.png","width":800,"height":200,"caption":"Safinel"},"image":{"@id":"https:\/\/www.safinel.fr\/#\/schema\/logo\/image\/"}}]}},"_links":{"self":[{"href":"https:\/\/www.safinel.fr\/pt\/wp-json\/wp\/v2\/product\/1162","targetHints":{"allow":["GET"]}}],"collection":[{"href":"https:\/\/www.safinel.fr\/pt\/wp-json\/wp\/v2\/product"}],"about":[{"href":"https:\/\/www.safinel.fr\/pt\/wp-json\/wp\/v2\/types\/product"}],"wp:featuredmedia":[{"embeddable":true,"href":"https:\/\/www.safinel.fr\/pt\/wp-json\/wp\/v2\/media\/1163"}],"wp:attachment":[{"href":"https:\/\/www.safinel.fr\/pt\/wp-json\/wp\/v2\/media?parent=1162"}],"wp:term":[{"taxonomy":"product_brand","embeddable":true,"href":"https:\/\/www.safinel.fr\/pt\/wp-json\/wp\/v2\/product_brand?post=1162"},{"taxonomy":"product_cat","embeddable":true,"href":"https:\/\/www.safinel.fr\/pt\/wp-json\/wp\/v2\/product_cat?post=1162"},{"taxonomy":"product_tag","embeddable":true,"href":"https:\/\/www.safinel.fr\/pt\/wp-json\/wp\/v2\/product_tag?post=1162"}],"curies":[{"name":"wp","href":"https:\/\/api.w.org\/{rel}","templated":true}]}}