{"id":1160,"date":"2022-04-29T00:22:30","date_gmt":"2022-04-29T00:22:30","guid":{"rendered":"https:\/\/www.safinel.fr\/?post_type=product&#038;p=1160"},"modified":"2024-10-16T17:38:47","modified_gmt":"2024-10-16T17:38:47","slug":"sabonete-de-papaia","status":"publish","type":"product","link":"https:\/\/www.safinel.fr\/pt\/product-2\/sabonete-de-papaia\/","title":{"rendered":"Sabonete de papaia 90 g"},"content":{"rendered":"<p>A sua cor laranja viva e o seu aroma delicioso d\u00e3o-nos vontade de descobrir o<strong>\u00a0sabonete de papaia<\/strong>. Mas ainda n\u00e3o viu tudo! Recomendada principalmente para peles secas, esta pequena maravilha natural \u00e9 uma verdadeira bomba hidratante. Al\u00e9m de todos os seus outros benef\u00edcios...<\/p>\n<p>Pronto para um efeito saud\u00e1vel e uma tez radiante?<\/p>\n<h2><strong>Zoom sobre o sabonete de papaia\u00a0<\/strong><\/h2>\n<p>A papaia \u00e9 uma fruta bonita e deliciosa, com uma polpa alaranjada muito caracter\u00edstica. Origin\u00e1ria principalmente da Am\u00e9rica tropical, esta fruta ex\u00f3tica prov\u00e9m do\u00a0<strong>papaya<\/strong>, tamb\u00e9m chamado de carica papaya.<\/p>\n<p>Agora que j\u00e1 abord\u00e1mos o ponto cultural, passemos ao nosso intrigante\u00a0<strong>sabonete s\u00f3lido natural.<\/strong>\u00a0Ele se apresenta na forma de um\u00a0<strong>sabonete<\/strong>\u00a0de 90 g, o que garante, de facto, uma utiliza\u00e7\u00e3o prolongada. Mas tamb\u00e9m para toda a fam\u00edlia!<\/p>\n<p>Assim, este sabonete de papaia oferece-lhe a utilidade de um\u00a0<strong>produto de higiene<\/strong>\u00a0comum para a pele, com propriedades extraordin\u00e1rias.<\/p>\n<h2><strong>Quais s\u00e3o os benef\u00edcios do sabonete de papaia para a pele?\u00a0<\/strong><\/h2>\n<p>Este\u00a0<strong>quadrado s\u00f3lido\u00a0<\/strong>pode ser usado para a higiene di\u00e1ria do rosto e do corpo. Aqui est\u00e3o alguns dos seus benef\u00edcios:<\/p>\n<ul>\n<li>Efeito refrescante instant\u00e2neo<\/li>\n<li>Hidrata e nutre a pele seca<\/li>\n<li>Limpa as impurezas em profundidade<\/li>\n<li>Al\u00e9m disso, a papaia cont\u00e9m naturalmente vitaminas A, B1, B2 e C, ben\u00e9ficas para embelezar a pele.<\/li>\n<li>Promove a renova\u00e7\u00e3o celular gra\u00e7as \u00e0 papa\u00edna<\/li>\n<li>Proporciona uma tez fresca e luminosa<\/li>\n<li>Ajuda a proporcionar uma tez suave e uniforme, gra\u00e7as ao aperto dos poros<\/li>\n<li>Por fim, ajuda a combater a acne<\/li>\n<\/ul>\n<h2><strong>Conselhos de utiliza\u00e7\u00e3o do sabonete de papaia\u00a0<\/strong><\/h2>\n<p>Recomendamos que, inicialmente, utilize o sabonete de papaia diariamente, para poder apreciar os resultados.<\/p>\n<p>Este<strong>\u00a0sabonete s\u00f3lido<\/strong>\u00a0pode ser usado de manh\u00e3 e \u00e0 noite no rosto. Basta ensaboar o sabonete de papaia entre as m\u00e3os. Em seguida, hidrate a pele com um creme.<\/p>\n<p>Para o corpo, \u00e9 poss\u00edvel usar em primeiro lugar a\u00a0<a href=\"https:\/\/www.safinel.fr\/pt\/product-2\/chantilly-de-karite\/\"><strong>chantilly de karit\u00e9<\/strong><\/a>\u00a0para proteger o corpo contra a \u00e1gua calc\u00e1ria. Em seguida, use o sabonete de papaia para se lavar como faria com qualquer outro sabonete.<\/p>\n<h2><strong>Cuidar de si mesmo naturalmente na Safinel\u00a0<\/strong><\/h2>\n<p>Os frutos ex\u00f3ticos ocupam um lugar de destaque na nossa<strong>\u00a0loja de produtos naturais e bem-estar.<\/strong>\u00a0Ali\u00e1s, talvez j\u00e1 tenha reparado na nossa categoria \u00ab\u00a0<strong>fruta tropical<\/strong>\u00a0\u00bb ?<\/p>\n<p>Se ainda n\u00e3o o fez, n\u00e3o hesite em visitar o site. L\u00e1 encontrar\u00e1, entre outras coisas,<strong>\u00a0p\u00f3 de laranja<\/strong>, da\u00a0<strong>casca de rom\u00e3\u00a0<\/strong>ou ainda da\u00a0<a href=\"https:\/\/www.safinel.fr\/pt\/product-2\/po-de-baoba-bouye\/\"><strong>p\u00f3 de baob\u00e1<\/strong><\/a>, proveniente do p\u00e3o de macaco. Estes\u00a0<strong>p\u00f3s cosm\u00e9ticos<\/strong>\u00a0s\u00e3o ideais para fazer os seus pr\u00f3prios cosm\u00e9ticos caseiros.<\/p>\n<h3><strong>Como conserv\u00e1-lo?\u00a0<\/strong><\/h3>\n<p>Este sabonete s\u00f3lido pode ser muito econ\u00f3mico, desde que seja bem conservado. Na verdade, um sabonete deixado na borda da banheira corre um grande risco de amolecer e se desgastar muito mais rapidamente.<\/p>\n<p>Portanto, para conservar bem este\u00a0<strong>cosm\u00e9ticos s\u00f3lidos<\/strong>, deve ser colocado sobre um\u00a0<strong>saboneteira\u00a0<\/strong>adequado. Este acess\u00f3rio permitir\u00e1 que o excesso de \u00e1gua escorra, evitando que fique estagnada e humede\u00e7a o seu sabonete de papaia.<\/p>\n<p>Por fim, certifique-se de mant\u00ea-lo longe da \u00e1gua ap\u00f3s o uso. Assim, ele poder\u00e1 secar adequadamente.<\/p>","protected":false},"excerpt":{"rendered":"<p>Sa couleur orange vif et sa senteur d\u00e9licieuse donnent particuli\u00e8rement envie de d\u00e9couvrir le\u00a0savon papaye. Mais vous n\u2019avez pas tout vu ! Essentiellement recommand\u00e9e pour les peaux s\u00e8ches, cette petite merveille naturelle est une v\u00e9ritable bombe hydratante. En plus de tous ses autres bienfaits\u2026 Pr\u00eat pour un effet bonne mine et un teint \u00e9clatant ? [&#8230;]","protected":false},"featured_media":1161,"template":"","meta":[],"product_brand":[],"product_cat":[41,123],"product_tag":[],"class_list":{"0":"post-1160","1":"product","2":"type-product","3":"status-publish","4":"has-post-thumbnail","6":"product_cat-produits-naturels-divers","7":"product_cat-savon","9":"first","10":"instock","11":"shipping-taxable","12":"purchasable","13":"product-type-simple"},"yoast_head":"<!-- This site is optimized with the Yoast SEO plugin v26.6 - https:\/\/yoast.com\/wordpress\/plugins\/seo\/ -->\n<title>Savon papaye 90g I Bienfaits nombreux pour le corps<\/title>\n<meta name=\"description\" content=\"Sa couleur orange vif et sa senteur d\u00e9licieuse donnent particuli\u00e8rement envie de d\u00e9couvrir le\u00a0savon papaye. D\u00e9couvrez-le !\" \/>\n<meta name=\"robots\" content=\"index, follow, max-snippet:-1, max-image-preview:large, max-video-preview:-1\" \/>\n<link rel=\"canonical\" href=\"https:\/\/www.safinel.fr\/pt\/product-2\/sabonete-de-papaia\/\" \/>\n<meta property=\"og:locale\" content=\"pt_PT\" \/>\n<meta property=\"og:type\" content=\"article\" \/>\n<meta property=\"og:title\" content=\"Savon papaye 90g I Bienfaits nombreux pour le corps\" \/>\n<meta property=\"og:description\" content=\"Sa couleur orange vif et sa senteur d\u00e9licieuse donnent particuli\u00e8rement envie de d\u00e9couvrir le\u00a0savon papaye. D\u00e9couvrez-le !\" \/>\n<meta property=\"og:url\" content=\"https:\/\/www.safinel.fr\/pt\/product-2\/sabonete-de-papaia\/\" \/>\n<meta property=\"og:site_name\" content=\"Safinel\" \/>\n<meta property=\"article:modified_time\" content=\"2024-10-16T17:38:47+00:00\" \/>\n<meta property=\"og:image\" content=\"https:\/\/www.safinel.fr\/wp-content\/uploads\/2022\/04\/savon-papaye.jpg\" \/>\n\t<meta property=\"og:image:width\" content=\"600\" \/>\n\t<meta property=\"og:image:height\" content=\"600\" \/>\n\t<meta property=\"og:image:type\" content=\"image\/jpeg\" \/>\n<meta name=\"twitter:card\" content=\"summary_large_image\" \/>\n<meta name=\"twitter:label1\" content=\"Tempo estimado de leitura\" \/>\n\t<meta name=\"twitter:data1\" content=\"3 minutos\" \/>\n<script type=\"application\/ld+json\" class=\"yoast-schema-graph\">{\"@context\":\"https:\/\/schema.org\",\"@graph\":[{\"@type\":\"WebPage\",\"@id\":\"https:\/\/www.safinel.fr\/produit\/savon-papaye\/\",\"url\":\"https:\/\/www.safinel.fr\/produit\/savon-papaye\/\",\"name\":\"Savon papaye 90g I Bienfaits nombreux pour le corps\",\"isPartOf\":{\"@id\":\"https:\/\/www.safinel.fr\/#website\"},\"primaryImageOfPage\":{\"@id\":\"https:\/\/www.safinel.fr\/produit\/savon-papaye\/#primaryimage\"},\"image\":{\"@id\":\"https:\/\/www.safinel.fr\/produit\/savon-papaye\/#primaryimage\"},\"thumbnailUrl\":\"https:\/\/www.safinel.fr\/wp-content\/uploads\/2022\/04\/savon-papaye.jpg\",\"datePublished\":\"2022-04-29T00:22:30+00:00\",\"dateModified\":\"2024-10-16T17:38:47+00:00\",\"description\":\"Sa couleur orange vif et sa senteur d\u00e9licieuse donnent particuli\u00e8rement envie de d\u00e9couvrir le\u00a0savon papaye. D\u00e9couvrez-le !\",\"breadcrumb\":{\"@id\":\"https:\/\/www.safinel.fr\/produit\/savon-papaye\/#breadcrumb\"},\"inLanguage\":\"pt-PT\",\"potentialAction\":[{\"@type\":\"ReadAction\",\"target\":[\"https:\/\/www.safinel.fr\/produit\/savon-papaye\/\"]}]},{\"@type\":\"ImageObject\",\"inLanguage\":\"pt-PT\",\"@id\":\"https:\/\/www.safinel.fr\/produit\/savon-papaye\/#primaryimage\",\"url\":\"https:\/\/www.safinel.fr\/wp-content\/uploads\/2022\/04\/savon-papaye.jpg\",\"contentUrl\":\"https:\/\/www.safinel.fr\/wp-content\/uploads\/2022\/04\/savon-papaye.jpg\",\"width\":600,\"height\":600,\"caption\":\"Savon papaye 100g\"},{\"@type\":\"BreadcrumbList\",\"@id\":\"https:\/\/www.safinel.fr\/produit\/savon-papaye\/#breadcrumb\",\"itemListElement\":[{\"@type\":\"ListItem\",\"position\":1,\"name\":\"Accueil\",\"item\":\"https:\/\/www.safinel.fr\/\"},{\"@type\":\"ListItem\",\"position\":2,\"name\":\"Boutique\",\"item\":\"https:\/\/www.safinel.fr\/boutique\/\"},{\"@type\":\"ListItem\",\"position\":3,\"name\":\"Savon papaye 90g\"}]},{\"@type\":\"WebSite\",\"@id\":\"https:\/\/www.safinel.fr\/#website\",\"url\":\"https:\/\/www.safinel.fr\/\",\"name\":\"Safinel\",\"description\":\"\",\"publisher\":{\"@id\":\"https:\/\/www.safinel.fr\/#organization\"},\"potentialAction\":[{\"@type\":\"SearchAction\",\"target\":{\"@type\":\"EntryPoint\",\"urlTemplate\":\"https:\/\/www.safinel.fr\/?s={search_term_string}\"},\"query-input\":{\"@type\":\"PropertyValueSpecification\",\"valueRequired\":true,\"valueName\":\"search_term_string\"}}],\"inLanguage\":\"pt-PT\"},{\"@type\":\"Organization\",\"@id\":\"https:\/\/www.safinel.fr\/#organization\",\"name\":\"Safinel\",\"url\":\"https:\/\/www.safinel.fr\/\",\"logo\":{\"@type\":\"ImageObject\",\"inLanguage\":\"pt-PT\",\"@id\":\"https:\/\/www.safinel.fr\/#\/schema\/logo\/image\/\",\"url\":\"https:\/\/www.safinel.fr\/wp-content\/uploads\/2021\/05\/boutique-cosmetique.png\",\"contentUrl\":\"https:\/\/www.safinel.fr\/wp-content\/uploads\/2021\/05\/boutique-cosmetique.png\",\"width\":800,\"height\":200,\"caption\":\"Safinel\"},\"image\":{\"@id\":\"https:\/\/www.safinel.fr\/#\/schema\/logo\/image\/\"}}]}<\/script>\n<!-- \/ Yoast SEO plugin. -->","yoast_head_json":{"title":"Sabonete de papaia 90 g I In\u00fameros benef\u00edcios para o corpo","description":"A sua cor laranja viva e o seu aroma delicioso fazem com que apete\u00e7a especialmente descobrir o sabonete de papaia. Descubra-o!","robots":{"index":"index","follow":"follow","max-snippet":"max-snippet:-1","max-image-preview":"max-image-preview:large","max-video-preview":"max-video-preview:-1"},"canonical":"https:\/\/www.safinel.fr\/pt\/product-2\/sabonete-de-papaia\/","og_locale":"pt_PT","og_type":"article","og_title":"Savon papaye 90g I Bienfaits nombreux pour le corps","og_description":"Sa couleur orange vif et sa senteur d\u00e9licieuse donnent particuli\u00e8rement envie de d\u00e9couvrir le\u00a0savon papaye. D\u00e9couvrez-le !","og_url":"https:\/\/www.safinel.fr\/pt\/product-2\/sabonete-de-papaia\/","og_site_name":"Safinel","article_modified_time":"2024-10-16T17:38:47+00:00","og_image":[{"width":600,"height":600,"url":"https:\/\/www.safinel.fr\/wp-content\/uploads\/2022\/04\/savon-papaye.jpg","type":"image\/jpeg"}],"twitter_card":"summary_large_image","twitter_misc":{"Tempo estimado de leitura":"3 minutos"},"schema":{"@context":"https:\/\/schema.org","@graph":[{"@type":"WebPage","@id":"https:\/\/www.safinel.fr\/produit\/savon-papaye\/","url":"https:\/\/www.safinel.fr\/produit\/savon-papaye\/","name":"Sabonete de papaia 90 g I In\u00fameros benef\u00edcios para o corpo","isPartOf":{"@id":"https:\/\/www.safinel.fr\/#website"},"primaryImageOfPage":{"@id":"https:\/\/www.safinel.fr\/produit\/savon-papaye\/#primaryimage"},"image":{"@id":"https:\/\/www.safinel.fr\/produit\/savon-papaye\/#primaryimage"},"thumbnailUrl":"https:\/\/www.safinel.fr\/wp-content\/uploads\/2022\/04\/savon-papaye.jpg","datePublished":"2022-04-29T00:22:30+00:00","dateModified":"2024-10-16T17:38:47+00:00","description":"A sua cor laranja viva e o seu aroma delicioso fazem com que apete\u00e7a especialmente descobrir o sabonete de papaia. Descubra-o!","breadcrumb":{"@id":"https:\/\/www.safinel.fr\/produit\/savon-papaye\/#breadcrumb"},"inLanguage":"pt-PT","potentialAction":[{"@type":"ReadAction","target":["https:\/\/www.safinel.fr\/produit\/savon-papaye\/"]}]},{"@type":"ImageObject","inLanguage":"pt-PT","@id":"https:\/\/www.safinel.fr\/produit\/savon-papaye\/#primaryimage","url":"https:\/\/www.safinel.fr\/wp-content\/uploads\/2022\/04\/savon-papaye.jpg","contentUrl":"https:\/\/www.safinel.fr\/wp-content\/uploads\/2022\/04\/savon-papaye.jpg","width":600,"height":600,"caption":"Savon papaye 100g"},{"@type":"BreadcrumbList","@id":"https:\/\/www.safinel.fr\/produit\/savon-papaye\/#breadcrumb","itemListElement":[{"@type":"ListItem","position":1,"name":"Accueil","item":"https:\/\/www.safinel.fr\/"},{"@type":"ListItem","position":2,"name":"Boutique","item":"https:\/\/www.safinel.fr\/boutique\/"},{"@type":"ListItem","position":3,"name":"Savon papaye 90g"}]},{"@type":"WebSite","@id":"https:\/\/www.safinel.fr\/#website","url":"https:\/\/www.safinel.fr\/","name":"Safinel","description":"","publisher":{"@id":"https:\/\/www.safinel.fr\/#organization"},"potentialAction":[{"@type":"SearchAction","target":{"@type":"EntryPoint","urlTemplate":"https:\/\/www.safinel.fr\/?s={search_term_string}"},"query-input":{"@type":"PropertyValueSpecification","valueRequired":true,"valueName":"search_term_string"}}],"inLanguage":"pt-PT"},{"@type":"Organization","@id":"https:\/\/www.safinel.fr\/#organization","name":"Safinel","url":"https:\/\/www.safinel.fr\/","logo":{"@type":"ImageObject","inLanguage":"pt-PT","@id":"https:\/\/www.safinel.fr\/#\/schema\/logo\/image\/","url":"https:\/\/www.safinel.fr\/wp-content\/uploads\/2021\/05\/boutique-cosmetique.png","contentUrl":"https:\/\/www.safinel.fr\/wp-content\/uploads\/2021\/05\/boutique-cosmetique.png","width":800,"height":200,"caption":"Safinel"},"image":{"@id":"https:\/\/www.safinel.fr\/#\/schema\/logo\/image\/"}}]}},"_links":{"self":[{"href":"https:\/\/www.safinel.fr\/pt\/wp-json\/wp\/v2\/product\/1160","targetHints":{"allow":["GET"]}}],"collection":[{"href":"https:\/\/www.safinel.fr\/pt\/wp-json\/wp\/v2\/product"}],"about":[{"href":"https:\/\/www.safinel.fr\/pt\/wp-json\/wp\/v2\/types\/product"}],"wp:featuredmedia":[{"embeddable":true,"href":"https:\/\/www.safinel.fr\/pt\/wp-json\/wp\/v2\/media\/1161"}],"wp:attachment":[{"href":"https:\/\/www.safinel.fr\/pt\/wp-json\/wp\/v2\/media?parent=1160"}],"wp:term":[{"taxonomy":"product_brand","embeddable":true,"href":"https:\/\/www.safinel.fr\/pt\/wp-json\/wp\/v2\/product_brand?post=1160"},{"taxonomy":"product_cat","embeddable":true,"href":"https:\/\/www.safinel.fr\/pt\/wp-json\/wp\/v2\/product_cat?post=1160"},{"taxonomy":"product_tag","embeddable":true,"href":"https:\/\/www.safinel.fr\/pt\/wp-json\/wp\/v2\/product_tag?post=1160"}],"curies":[{"name":"wp","href":"https:\/\/api.w.org\/{rel}","templated":true}]}}