{"id":116,"date":"2021-06-01T16:05:25","date_gmt":"2021-06-01T16:05:25","guid":{"rendered":"https:\/\/www.safinel.fr\/?post_type=product&#038;p=116"},"modified":"2025-04-12T16:24:43","modified_gmt":"2025-04-12T16:24:43","slug":"salvia-esclareia","status":"publish","type":"product","link":"https:\/\/www.safinel.fr\/pt\/product-2\/salvia-esclareia\/","title":{"rendered":"Salva-esclareia"},"content":{"rendered":"<p>A salva-esclareia, cujo nome latino \u00e9 \u00abSalvia sclarea\u00bb, \u00e9 uma planta herb\u00e1cea perene presente em toda a regi\u00e3o mediterr\u00e2nica. A sua vida \u00fatil \u00e9 muito curta. Esta planta tamb\u00e9m pode ser encontrada na \u00c1sia Ocidental. \u00c9 cultivada principalmente pelas suas flores e folhas, \u00e0s quais s\u00e3o atribu\u00eddas propriedades terap\u00eauticas. O seu uso \u00e9 quase exclusivamente destinado \u00e0s mulheres. Permite melhorar a fertilidade, mas tamb\u00e9m regular e tratar certos dist\u00farbios naturais.<\/p>\n<p>Pode encontrar e utilizar a salva-esclareia em \u00f3leo essencial. Mas tamb\u00e9m pode utilizar a parte a\u00e9rea, como sugerimos aqui.<\/p>\n<h2><b>Os benef\u00edcios da salva-esclareia<\/b><\/h2>\n<p>As virtudes da salva-esclareia s\u00e3o amplamente conhecidas. Na cultura popular, ela \u00e9 muito ben\u00e9fica para tratar problemas do couro cabeludo ou da pele. Mas, atualmente, \u00e9 usada para combater os efeitos indesej\u00e1veis causados por certos dist\u00farbios ou defici\u00eancias. S\u00e3o expressamente visados os inc\u00f3modos que podem ser causados pela amenorreia, menstrua\u00e7\u00f5es dolorosas ou pr\u00e9-menopausa. A salva-esclareia teria um impacto real na atenua\u00e7\u00e3o das ondas de calor.<\/p>\n<p>Gra\u00e7as \u00e0s suas propriedades antif\u00fangicas, tamb\u00e9m permite tratar certos problemas relacionados com altera\u00e7\u00f5es hormonais. Citemos como exemplos o aparecimento de micoses vaginais ou cut\u00e2neas.<\/p>\n<p>Al\u00e9m disso, parece que a salva-esclareia tem efeitos na melhoria da fertilidade feminina. Ela contribui para o aumento da produ\u00e7\u00e3o de estrog\u00e9nio e favorece a regula\u00e7\u00e3o do ciclo menstrual.<\/p>\n<p>Ao atuar sobre a produ\u00e7\u00e3o de estrog\u00e9nio, a salva-esclareia influencia a produ\u00e7\u00e3o natural de hormonas luteinizantes. Estas hormonas preciosas t\u00eam uma rela\u00e7\u00e3o de causa e efeito no desencadeamento da ovula\u00e7\u00e3o.<\/p>\n<p>Ela tamb\u00e9m atua na produ\u00e7\u00e3o de progesterona, a fim de preparar o revestimento uterino para a nidifica\u00e7\u00e3o do \u00f3vulo. Sua a\u00e7\u00e3o estrog\u00eanica permite, portanto, compensar dist\u00farbios hormonais, como a aus\u00eancia de menstrua\u00e7\u00e3o.<\/p>\n<p>Al\u00e9m de suas a\u00e7\u00f5es sobre a fertilidade feminina, a s\u00e1lvia esclareia tamb\u00e9m traz<span class=\"Apple-converted-space\">\u00a0 <\/span>uma vantagem a n\u00edvel dermatol\u00f3gico. Isto gra\u00e7as \u00e0s suas propriedades seborreguladoras favor\u00e1veis contra a acne, os problemas de pele e o couro cabeludo oleoso.<\/p>\n<p>Por fim, podemos acrescentar que a salva-esclareia ajuda a promover o vigor sexual gra\u00e7as \u00e0 sua a\u00e7\u00e3o estimulante.<\/p>\n<h2><b>Conselhos de utiliza\u00e7\u00e3o<\/b><\/h2>\n<p>A salva-esclareia que aqui apresentamos, na sua parte a\u00e9rea, pode ser consumida de diferentes formas, consoante as prefer\u00eancias.<\/p>\n<p>Na pr\u00e1tica, \u00e9 poss\u00edvel consumi-la em infus\u00e3o, tal como o <a href=\"https:\/\/www.safinel.fr\/pt\/product-2\/trevo-vermelho-flores-inteiras\/\"><strong>trevo vermelho<\/strong><\/a>.<\/p>\n<p>Nesse caso:<\/p>\n<ul>\n<li>Voc\u00ea precisa ferver \u00e1gua e<span class=\"Apple-converted-space\">\u00a0 <\/span>Em seguida, despeje sobre as flores e folhas que voc\u00ea colocou previamente em uma x\u00edcara.<\/li>\n<li>Deixe em infus\u00e3o por cerca de 5 minutos antes de come\u00e7ar a degusta\u00e7\u00e3o.<\/li>\n<\/ul>\n<p>Tamb\u00e9m \u00e9 poss\u00edvel preparar uma decoc\u00e7\u00e3o a partir da s\u00e1lvia esclareia. Para isso:<\/p>\n<ul>\n<li>Mergulhe as plantas em \u00e1gua fria e deixe ferver por cerca de 3 minutos.<\/li>\n<\/ul>\n<p>Por fim, se preferir preparar uma macera\u00e7\u00e3o.<\/p>\n<p><strong>Nada mais simples:<\/strong><\/p>\n<ul>\n<li>Coloque as plantas num l\u00edquido, como \u00f3leo, \u00e1gua ou vinagre.<\/li>\n<li>Deixe repousar entre 45 minutos e 2 horas antes de aplicar na \u00e1rea localizada da pele.<\/li>\n<\/ul>","protected":false},"excerpt":{"rendered":"<p>Le sauge sclar\u00e9e de son nom latin \u00ab\u00a0Salvia sclarea\u00a0\u00bb est une plante herbac\u00e9e vivace pr\u00e9sente sur tout le pourtour m\u00e9diterran\u00e9en. La dur\u00e9e de vie de cette derni\u00e8re est tr\u00e8s courte. On peut \u00e9galement retrouver cette plante en Asie occidentale. Elle est principalement cultiv\u00e9e pour ses fleurs et ses feuilles auxquelles on conf\u00e8re des propri\u00e9t\u00e9s th\u00e9rapeutiques. [&#8230;]","protected":false},"featured_media":56,"template":"","meta":[],"product_brand":[],"product_cat":[15,27,19],"product_tag":[],"class_list":{"0":"post-116","1":"product","2":"type-product","3":"status-publish","4":"has-post-thumbnail","6":"product_cat-fertilite","7":"product_cat-plantes-medicinales","8":"product_cat-thes-tisanes","10":"first","11":"instock","12":"shipping-taxable","13":"purchasable","14":"product-type-variable"},"yoast_head":"<!-- This site is optimized with the Yoast SEO plugin v26.6 - https:\/\/yoast.com\/wordpress\/plugins\/seo\/ -->\n<title>Sauge sclar\u00e9e (Salvia sclarea) | Tisane et infusion | Safinel.fr<\/title>\n<meta name=\"description\" content=\"Le sauge sclar\u00e9e de son nom latin &quot;Salvia sclarea&quot; est une plante herbac\u00e9e vivace pr\u00e9sente sur tout le pourtour m\u00e9diterran\u00e9en.\" \/>\n<meta name=\"robots\" content=\"index, follow, max-snippet:-1, max-image-preview:large, max-video-preview:-1\" \/>\n<link rel=\"canonical\" href=\"https:\/\/www.safinel.fr\/pt\/product-2\/salvia-esclareia\/\" \/>\n<meta property=\"og:locale\" content=\"pt_PT\" \/>\n<meta property=\"og:type\" content=\"article\" \/>\n<meta property=\"og:title\" content=\"Sauge sclar\u00e9e (Salvia sclarea) | Tisane et infusion | Safinel.fr\" \/>\n<meta property=\"og:description\" content=\"Le sauge sclar\u00e9e de son nom latin &quot;Salvia sclarea&quot; est une plante herbac\u00e9e vivace pr\u00e9sente sur tout le pourtour m\u00e9diterran\u00e9en.\" \/>\n<meta property=\"og:url\" content=\"https:\/\/www.safinel.fr\/pt\/product-2\/salvia-esclareia\/\" \/>\n<meta property=\"og:site_name\" content=\"Safinel\" \/>\n<meta property=\"article:modified_time\" content=\"2025-04-12T16:24:43+00:00\" \/>\n<meta property=\"og:image\" content=\"https:\/\/www.safinel.fr\/wp-content\/uploads\/2021\/05\/sauge-site.jpg\" \/>\n\t<meta property=\"og:image:width\" content=\"357\" \/>\n\t<meta property=\"og:image:height\" content=\"400\" \/>\n\t<meta property=\"og:image:type\" content=\"image\/jpeg\" \/>\n<meta name=\"twitter:card\" content=\"summary_large_image\" \/>\n<meta name=\"twitter:label1\" content=\"Tempo estimado de leitura\" \/>\n\t<meta name=\"twitter:data1\" content=\"3 minutos\" \/>\n<script type=\"application\/ld+json\" class=\"yoast-schema-graph\">{\"@context\":\"https:\/\/schema.org\",\"@graph\":[{\"@type\":\"WebPage\",\"@id\":\"https:\/\/www.safinel.fr\/produit\/sauge-sclaree\/\",\"url\":\"https:\/\/www.safinel.fr\/produit\/sauge-sclaree\/\",\"name\":\"Sauge sclar\u00e9e (Salvia sclarea) | Tisane et infusion | Safinel.fr\",\"isPartOf\":{\"@id\":\"https:\/\/www.safinel.fr\/#website\"},\"primaryImageOfPage\":{\"@id\":\"https:\/\/www.safinel.fr\/produit\/sauge-sclaree\/#primaryimage\"},\"image\":{\"@id\":\"https:\/\/www.safinel.fr\/produit\/sauge-sclaree\/#primaryimage\"},\"thumbnailUrl\":\"https:\/\/www.safinel.fr\/wp-content\/uploads\/2021\/05\/sauge-site.jpg\",\"datePublished\":\"2021-06-01T16:05:25+00:00\",\"dateModified\":\"2025-04-12T16:24:43+00:00\",\"description\":\"Le sauge sclar\u00e9e de son nom latin \\\"Salvia sclarea\\\" est une plante herbac\u00e9e vivace pr\u00e9sente sur tout le pourtour m\u00e9diterran\u00e9en.\",\"breadcrumb\":{\"@id\":\"https:\/\/www.safinel.fr\/produit\/sauge-sclaree\/#breadcrumb\"},\"inLanguage\":\"pt-PT\",\"potentialAction\":[{\"@type\":\"ReadAction\",\"target\":[\"https:\/\/www.safinel.fr\/produit\/sauge-sclaree\/\"]}]},{\"@type\":\"ImageObject\",\"inLanguage\":\"pt-PT\",\"@id\":\"https:\/\/www.safinel.fr\/produit\/sauge-sclaree\/#primaryimage\",\"url\":\"https:\/\/www.safinel.fr\/wp-content\/uploads\/2021\/05\/sauge-site.jpg\",\"contentUrl\":\"https:\/\/www.safinel.fr\/wp-content\/uploads\/2021\/05\/sauge-site.jpg\",\"width\":357,\"height\":400,\"caption\":\"Sauge sclar\u00e9e (Salvia sclarea)\"},{\"@type\":\"BreadcrumbList\",\"@id\":\"https:\/\/www.safinel.fr\/produit\/sauge-sclaree\/#breadcrumb\",\"itemListElement\":[{\"@type\":\"ListItem\",\"position\":1,\"name\":\"Accueil\",\"item\":\"https:\/\/www.safinel.fr\/\"},{\"@type\":\"ListItem\",\"position\":2,\"name\":\"Boutique\",\"item\":\"https:\/\/www.safinel.fr\/boutique\/\"},{\"@type\":\"ListItem\",\"position\":3,\"name\":\"Sauge sclar\u00e9e\"}]},{\"@type\":\"WebSite\",\"@id\":\"https:\/\/www.safinel.fr\/#website\",\"url\":\"https:\/\/www.safinel.fr\/\",\"name\":\"Safinel\",\"description\":\"\",\"publisher\":{\"@id\":\"https:\/\/www.safinel.fr\/#organization\"},\"potentialAction\":[{\"@type\":\"SearchAction\",\"target\":{\"@type\":\"EntryPoint\",\"urlTemplate\":\"https:\/\/www.safinel.fr\/?s={search_term_string}\"},\"query-input\":{\"@type\":\"PropertyValueSpecification\",\"valueRequired\":true,\"valueName\":\"search_term_string\"}}],\"inLanguage\":\"pt-PT\"},{\"@type\":\"Organization\",\"@id\":\"https:\/\/www.safinel.fr\/#organization\",\"name\":\"Safinel\",\"url\":\"https:\/\/www.safinel.fr\/\",\"logo\":{\"@type\":\"ImageObject\",\"inLanguage\":\"pt-PT\",\"@id\":\"https:\/\/www.safinel.fr\/#\/schema\/logo\/image\/\",\"url\":\"https:\/\/www.safinel.fr\/wp-content\/uploads\/2021\/05\/boutique-cosmetique.png\",\"contentUrl\":\"https:\/\/www.safinel.fr\/wp-content\/uploads\/2021\/05\/boutique-cosmetique.png\",\"width\":800,\"height\":200,\"caption\":\"Safinel\"},\"image\":{\"@id\":\"https:\/\/www.safinel.fr\/#\/schema\/logo\/image\/\"}}]}<\/script>\n<!-- \/ Yoast SEO plugin. -->","yoast_head_json":{"title":"S\u00e1lvia esclareia (Salvia sclarea) | Ch\u00e1 e infus\u00e3o | Safinel.fr","description":"A salva-esclareia, cujo nome latino \u00e9 \"Salvia sclarea\", \u00e9 uma planta herb\u00e1cea perene presente em toda a regi\u00e3o mediterr\u00e2nica.","robots":{"index":"index","follow":"follow","max-snippet":"max-snippet:-1","max-image-preview":"max-image-preview:large","max-video-preview":"max-video-preview:-1"},"canonical":"https:\/\/www.safinel.fr\/pt\/product-2\/salvia-esclareia\/","og_locale":"pt_PT","og_type":"article","og_title":"Sauge sclar\u00e9e (Salvia sclarea) | Tisane et infusion | Safinel.fr","og_description":"Le sauge sclar\u00e9e de son nom latin \"Salvia sclarea\" est une plante herbac\u00e9e vivace pr\u00e9sente sur tout le pourtour m\u00e9diterran\u00e9en.","og_url":"https:\/\/www.safinel.fr\/pt\/product-2\/salvia-esclareia\/","og_site_name":"Safinel","article_modified_time":"2025-04-12T16:24:43+00:00","og_image":[{"width":357,"height":400,"url":"https:\/\/www.safinel.fr\/wp-content\/uploads\/2021\/05\/sauge-site.jpg","type":"image\/jpeg"}],"twitter_card":"summary_large_image","twitter_misc":{"Tempo estimado de leitura":"3 minutos"},"schema":{"@context":"https:\/\/schema.org","@graph":[{"@type":"WebPage","@id":"https:\/\/www.safinel.fr\/produit\/sauge-sclaree\/","url":"https:\/\/www.safinel.fr\/produit\/sauge-sclaree\/","name":"S\u00e1lvia esclareia (Salvia sclarea) | Ch\u00e1 e infus\u00e3o | Safinel.fr","isPartOf":{"@id":"https:\/\/www.safinel.fr\/#website"},"primaryImageOfPage":{"@id":"https:\/\/www.safinel.fr\/produit\/sauge-sclaree\/#primaryimage"},"image":{"@id":"https:\/\/www.safinel.fr\/produit\/sauge-sclaree\/#primaryimage"},"thumbnailUrl":"https:\/\/www.safinel.fr\/wp-content\/uploads\/2021\/05\/sauge-site.jpg","datePublished":"2021-06-01T16:05:25+00:00","dateModified":"2025-04-12T16:24:43+00:00","description":"A salva-esclareia, cujo nome latino \u00e9 \"Salvia sclarea\", \u00e9 uma planta herb\u00e1cea perene presente em toda a regi\u00e3o mediterr\u00e2nica.","breadcrumb":{"@id":"https:\/\/www.safinel.fr\/produit\/sauge-sclaree\/#breadcrumb"},"inLanguage":"pt-PT","potentialAction":[{"@type":"ReadAction","target":["https:\/\/www.safinel.fr\/produit\/sauge-sclaree\/"]}]},{"@type":"ImageObject","inLanguage":"pt-PT","@id":"https:\/\/www.safinel.fr\/produit\/sauge-sclaree\/#primaryimage","url":"https:\/\/www.safinel.fr\/wp-content\/uploads\/2021\/05\/sauge-site.jpg","contentUrl":"https:\/\/www.safinel.fr\/wp-content\/uploads\/2021\/05\/sauge-site.jpg","width":357,"height":400,"caption":"Sauge sclar\u00e9e (Salvia sclarea)"},{"@type":"BreadcrumbList","@id":"https:\/\/www.safinel.fr\/produit\/sauge-sclaree\/#breadcrumb","itemListElement":[{"@type":"ListItem","position":1,"name":"Accueil","item":"https:\/\/www.safinel.fr\/"},{"@type":"ListItem","position":2,"name":"Boutique","item":"https:\/\/www.safinel.fr\/boutique\/"},{"@type":"ListItem","position":3,"name":"Sauge sclar\u00e9e"}]},{"@type":"WebSite","@id":"https:\/\/www.safinel.fr\/#website","url":"https:\/\/www.safinel.fr\/","name":"Safinel","description":"","publisher":{"@id":"https:\/\/www.safinel.fr\/#organization"},"potentialAction":[{"@type":"SearchAction","target":{"@type":"EntryPoint","urlTemplate":"https:\/\/www.safinel.fr\/?s={search_term_string}"},"query-input":{"@type":"PropertyValueSpecification","valueRequired":true,"valueName":"search_term_string"}}],"inLanguage":"pt-PT"},{"@type":"Organization","@id":"https:\/\/www.safinel.fr\/#organization","name":"Safinel","url":"https:\/\/www.safinel.fr\/","logo":{"@type":"ImageObject","inLanguage":"pt-PT","@id":"https:\/\/www.safinel.fr\/#\/schema\/logo\/image\/","url":"https:\/\/www.safinel.fr\/wp-content\/uploads\/2021\/05\/boutique-cosmetique.png","contentUrl":"https:\/\/www.safinel.fr\/wp-content\/uploads\/2021\/05\/boutique-cosmetique.png","width":800,"height":200,"caption":"Safinel"},"image":{"@id":"https:\/\/www.safinel.fr\/#\/schema\/logo\/image\/"}}]}},"_links":{"self":[{"href":"https:\/\/www.safinel.fr\/pt\/wp-json\/wp\/v2\/product\/116","targetHints":{"allow":["GET"]}}],"collection":[{"href":"https:\/\/www.safinel.fr\/pt\/wp-json\/wp\/v2\/product"}],"about":[{"href":"https:\/\/www.safinel.fr\/pt\/wp-json\/wp\/v2\/types\/product"}],"wp:featuredmedia":[{"embeddable":true,"href":"https:\/\/www.safinel.fr\/pt\/wp-json\/wp\/v2\/media\/56"}],"wp:attachment":[{"href":"https:\/\/www.safinel.fr\/pt\/wp-json\/wp\/v2\/media?parent=116"}],"wp:term":[{"taxonomy":"product_brand","embeddable":true,"href":"https:\/\/www.safinel.fr\/pt\/wp-json\/wp\/v2\/product_brand?post=116"},{"taxonomy":"product_cat","embeddable":true,"href":"https:\/\/www.safinel.fr\/pt\/wp-json\/wp\/v2\/product_cat?post=116"},{"taxonomy":"product_tag","embeddable":true,"href":"https:\/\/www.safinel.fr\/pt\/wp-json\/wp\/v2\/product_tag?post=116"}],"curies":[{"name":"wp","href":"https:\/\/api.w.org\/{rel}","templated":true}]}}