{"id":1143,"date":"2022-04-26T23:37:21","date_gmt":"2022-04-26T23:37:21","guid":{"rendered":"https:\/\/www.safinel.fr\/?post_type=product&#038;p=1143"},"modified":"2023-12-28T17:15:17","modified_gmt":"2023-12-28T17:15:17","slug":"pimenta-cavalo-da-india","status":"publish","type":"product","link":"https:\/\/www.safinel.fr\/pt\/product-2\/pimenta-cavalo-da-india\/","title":{"rendered":"Maniguette (Pimenta-alligator)"},"content":{"rendered":"<p>Voc\u00ea provavelmente j\u00e1 viu muitas cores de\u00a0<strong>gr\u00e3os de pimenta<\/strong>. Na sua maioria, s\u00e3o todos brilhantes e, acima de tudo, indispens\u00e1veis nas nossas cozinhas. No entanto, existe um tipo de pimenta que n\u00e3o temos a certeza se j\u00e1 viu. Trata-se da\u00a0<strong>manigueta<\/strong>, prima do gengibre e que tem v\u00e1rios nomes que vamos descobrir.<\/p>\n<p>Com a Safinel, a sua loja online, venha explorar novos horizontes muito apimentados...<\/p>\n<h2><strong>O que \u00e9 a pimenta-malagueta ou pimenta-alligator?<\/strong><\/h2>\n<p>A maniguette \u00e9 uma especiaria end\u00e9mica da Eti\u00f3pia, que tem v\u00e1rios nomes. Na verdade, tamb\u00e9m \u00e9 chamada de pimenta-alligator, devido \u00e0 casca reptiliana que envolve a vagem das sementes. Da mesma forma, \u00e9 chamada de\u00a0<strong>gr\u00e3os do para\u00edso e pimenta da Guin\u00e9.<\/strong>\u00a0Al\u00e9m disso, este alimento tamb\u00e9m \u00e9 conhecido como\u00a0<strong>pimenta melegueta, os gr\u00e3os da Guin\u00e9.\u00a0<\/strong><\/p>\n<p>Al\u00e9m disso, esta misteriosa pimenta \u00e9 origin\u00e1ria da Eti\u00f3pia e dos habitats pantanosos ao longo da costa ocidental africana. Assim, juntamente com as bagas da paix\u00e3o, a pimenta timiz e a kororima, faz parte dos alimentos do dia a dia. Na verdade, \u00e9 um dos alimentos b\u00e1sicos neste pa\u00eds.<\/p>\n<p>Tenha cuidado para n\u00e3o confundir a pimenta-alligator com a kororima. Na verdade, embora sejam duas especiarias da mesma esp\u00e9cie, elas t\u00eam um <a href=\"https:\/\/www.shop-ton-parfum.com\/categorie-produit\/parfum-poivre\/\" target=\"_blank\" rel=\"noopener\"><strong>aroma apimentado<\/strong><\/a> Muito diferente. O primeiro \u00e9 picante e tem um travo a gengibre. O segundo n\u00e3o \u00e9 picante e tem um travo a cardamomo verde.<\/p>\n<h3><strong>O que \u00e9 preciso saber<\/strong><\/h3>\n<p>Na verdade, a pimenta-alligator \u00e9 um ingrediente quase sempre presente na culin\u00e1ria da \u00c1frica Ocidental. Acima de tudo, ela confere um sabor picante e um aroma apimentado a sopas e guisados. N\u00e3o o confunda com as sementes da paz. Na verdade, estas \u00faltimas tamb\u00e9m s\u00e3o uma especiaria da mesma fam\u00edlia e muito semelhantes. No entanto, t\u00eam o sabor adocicado da tangerina.<\/p>\n<p>Por outro lado, a planta da pimenta-alligator pode atingir cinco p\u00e9s de altura. \u00c9 importante saber que as plantas que produzem a\u00a0<strong>pimenta-alligator\u00a0<\/strong>s\u00e3o plantas herb\u00e1ceas perenes e com flores. Al\u00e9m disso, t\u00eam folhas finas em forma de lan\u00e7a que d\u00e3o origem a flores roxas em forma de trombeta. Com o passar do tempo e \u00e0 medida que a flor se desenvolve, transforma-se em vagens secas.<\/p>\n<p>E estas \u00faltimas podem medir de 5 a 7 cent\u00edmetros de comprimento, s\u00e3o castanhas acinzentadas, enrugadas, parecidas com pele de jacar\u00e9. Na verdade, \u00e9 nessas vagens que se encontram as pequenas sementes.<\/p>\n<p>Caso contr\u00e1rio, \u00e9 durante a \u00e9poca da colheita que os homens e as crian\u00e7as recolhem as vagens da planta. J\u00e1 as mulheres s\u00e3o respons\u00e1veis por retirar as sementes da polpa, rachando-a. Para isso, elas batem com as m\u00e3os ou com a lateral de uma faca. Em seguida, as sementes s\u00e3o colocadas sobre as folhas e deixadas a secar ao sol. Depois de completamente secas, s\u00e3o firmemente embrulhadas nas folhas e vendidas.<\/p>\n<h2><strong>Um pouco de hist\u00f3ria sobre a pimenta-da-jamaica...<\/strong><\/h2>\n<p>Na verdade, na antiguidade, os gregos e os romanos j\u00e1 utilizavam esta semente, da qual extra\u00edam propriedades estimulantes.<\/p>\n<p>Ent\u00e3o, na Idade M\u00e9dia, ela teve um enorme sucesso, especialmente em Fran\u00e7a. Al\u00e9m disso, ela surgiu na Europa no s\u00e9culo XIII. Assim, ela \u00e9 chamada de semente do para\u00edso, embora n\u00e3o se saiba sua origem.<\/p>\n<p>Al\u00e9m disso, era preciosa e cara, sendo transportada por comerciantes \u00e1rabes atrav\u00e9s da rota das \u00cdndias. A partir da\u00ed, tornou-se muito procurada e o seu pre\u00e7o diminuiu. \u00c9 por isso que encontramos facilmente a pimenta-alligator em muitas bebidas medievais.<\/p>\n<p>Posteriormente, no s\u00e9culo XVII, a origem da pimenta-alligator foi revelada e, assim, ela perdeu o seu valor. \u00c9 importante saber que a pimenta e a <a href=\"https:\/\/www.safinel.fr\/pt\/product-2\/pasta-de-dentes-natural-com-mentol-em-po-e-cravo-da-india-30-g\/\"><strong>cravo-da-\u00edndia<\/strong><\/a> chegam \u00e0 Europa. Depois, gradualmente, no s\u00e9culo XIX, o uso da pimenta-alligator praticamente desaparece.<\/p>\n<h2><strong>As virtudes insuspeitas da s\u00e1lvia-da-\u00edndia que devemos conhecer\u00a0<\/strong><\/h2>\n<p>Na verdade, \u00e9 importante saber que toda a planta da niger \u00e9 utilizada pelos seus benef\u00edcios. Ou seja, os seus gr\u00e3os tamb\u00e9m s\u00e3o utilizados para fins m\u00e9dicos. E \u00e9 essa descoberta que vamos fazer juntos agora:<\/p>\n<ul>\n<li>Em primeiro lugar, os caules das suas ra\u00edzes, chamados rizomas, s\u00e3o um rem\u00e9dio antimicrobiano e antif\u00fangico; ;<\/li>\n<\/ul>\n<ul>\n<li>Al\u00e9m disso, as suas folhas compridas s\u00e3o utilizadas para ajudar a tratar a sarampo e problemas gastrointestinais; ;<\/li>\n<\/ul>\n<ul>\n<li>Al\u00e9m disso, esta especiaria misteriosa tem propriedades anti-inflamat\u00f3rias; ;<\/li>\n<\/ul>\n<ul>\n<li>Al\u00e9m disso, a manigueta \u00e9 uma boa fonte de v\u00e1rios minerais, como c\u00e1lcio, magn\u00e9sio e zinco; ;<\/li>\n<\/ul>\n<ul>\n<li>Da mesma forma, nela se encontram amino\u00e1cidos, incluindo a l-treonina, que s\u00f3 \u00e9 obtida atrav\u00e9s da alimenta\u00e7\u00e3o; ;<\/li>\n<\/ul>\n<ul>\n<li>Por fim, cont\u00e9m muitos antioxidantes, na forma de flavon\u00f3ides, taninos e terpen\u00f3ides. Estes ajudam a eliminar os radicais livres que causam inflama\u00e7\u00e3o.<\/li>\n<\/ul>\n<h2><strong>A pimenta-da-jamaica: em infus\u00f5es e na cozinha!<\/strong><\/h2>\n<h3><strong>Em infus\u00e3o<\/strong><\/h3>\n<p>Na verdade, recomendamos que fa\u00e7a uma decoc\u00e7\u00e3o com 15 sementes de manigueta. Para isso, ferva-as em 2 litros de \u00e1gua durante 10 minutos.<\/p>\n<h3><strong>Na cozinha, pelo seu sabor extraordin\u00e1rio<\/strong><\/h3>\n<p>Primeiro, pode preparar um molho \u00e0 base de amendoim extra picante e simples. Para isso, adicione 1\/4 de colher de ch\u00e1 de sementes de maniguette esmagadas \u00e0 manteiga de amendoim da sua escolha. A isso, pode adicionar uma pitada de sal marinho e uma boa dose de \u00f3leo de alta qualidade.<\/p>\n<p>Sim, pode esmagar a pimenta-da-jamaica. Assim, as suas sementes libertam uma combina\u00e7\u00e3o de notas de sabor, que v\u00e3o do picante e apimentado a um aroma floral. Al\u00e9m disso, este aroma liberta notas de cravo-da-\u00edndia, jasmim e cardamomo, e at\u00e9 mesmo um pouco de noz.<\/p>\n<p>\u00c0s vezes, \u00e9 poss\u00edvel detectar um sabor terroso, c\u00edtrico, mentolado e de eucalipto. Al\u00e9m disso, se voc\u00ea morder uma, perceber\u00e1 que o calor apimentado se intensifica suavemente e se desenvolve no seu paladar.<\/p>\n<p>Por fim, a pimenta-da-jamaica \u00e9 excelente para temperar peixe. Para isso, torrar as sementes numa frigideira antes de as esmagar e usar como tempero.<\/p>\n<h2><strong>Algumas dicas para usar a maniguette<\/strong><\/h2>\n<p>A vantagem da maniguette \u00e9 que ela pode ser usada de v\u00e1rias maneiras:<\/p>\n<ul>\n<li>Primeiro, pode usar uma pequena quantidade diariamente em vez da pimenta preta mo\u00edda; ;<\/li>\n<\/ul>\n<ul>\n<li>Al\u00e9m disso, as suas notas ousadas de citrinos e eucalipto tornam-no um excelente acompanhamento para molhos vinagretes e pesto; ;<\/li>\n<\/ul>\n<ul>\n<li>Al\u00e9m disso, combina na perfei\u00e7\u00e3o com manteiga composta, xaropes de frutas picantes e pastelaria picante. ;<\/li>\n<\/ul>\n<ul>\n<li>Da mesma forma, adapta-se bem a guisados e marinadas; ;<\/li>\n<\/ul>\n<ul>\n<li>E, claro, tamb\u00e9m pode fazer a sua pr\u00f3pria mistura de especiarias africanas; ;<\/li>\n<\/ul>\n<h3><strong>Conserva\u00e7\u00e3o<\/strong><\/h3>\n<p>Recomendamos que guarde as suas sementes num local fresco, seco e sem luz.<\/p>","protected":false},"excerpt":{"rendered":"<p>Vous avez, sans doute, vu de nombreuses couleurs de\u00a0grains de poivre. Pour la plupart, ils sont tous brillants et surtout incontournables dans nos cuisines. N\u00e9anmoins, il y a un type de poivre, que nous ne sommes pas s\u00fbrs que vous ayez d\u00e9j\u00e0 vu. Et il s\u2019agit de la\u00a0maniguette, la cousine du gingembre et qui porte [&#8230;]","protected":false},"featured_media":1144,"template":"","meta":[],"product_brand":[],"product_cat":[44,169],"product_tag":[],"class_list":{"0":"post-1143","1":"product","2":"type-product","3":"status-publish","4":"has-post-thumbnail","6":"product_cat-epices","7":"product_cat-epices-du-monde","9":"first","10":"instock","11":"shipping-taxable","12":"purchasable","13":"product-type-variable"},"yoast_head":"<!-- This site is optimized with the Yoast SEO plugin v26.6 - https:\/\/yoast.com\/wordpress\/plugins\/seo\/ -->\n<title>Maniguette | Piment d\u2019alligator | Achat rapide en quelques clics<\/title>\n<meta name=\"description\" content=\"La maniguette est une \u00e9pice end\u00e9mique d&#039;\u00c9thiopie, qui porte divers noms. Effectivement, elle est aussi appel\u00e9e piment d\u2019alligator.\" \/>\n<meta name=\"robots\" content=\"index, follow, max-snippet:-1, max-image-preview:large, max-video-preview:-1\" \/>\n<link rel=\"canonical\" href=\"https:\/\/www.safinel.fr\/pt\/product-2\/pimenta-cavalo-da-india\/\" \/>\n<meta property=\"og:locale\" content=\"pt_PT\" \/>\n<meta property=\"og:type\" content=\"article\" \/>\n<meta property=\"og:title\" content=\"Maniguette | Piment d\u2019alligator | Achat rapide en quelques clics\" \/>\n<meta property=\"og:description\" content=\"La maniguette est une \u00e9pice end\u00e9mique d&#039;\u00c9thiopie, qui porte divers noms. Effectivement, elle est aussi appel\u00e9e piment d\u2019alligator.\" \/>\n<meta property=\"og:url\" content=\"https:\/\/www.safinel.fr\/pt\/product-2\/pimenta-cavalo-da-india\/\" \/>\n<meta property=\"og:site_name\" content=\"Safinel\" \/>\n<meta property=\"article:modified_time\" content=\"2023-12-28T17:15:17+00:00\" \/>\n<meta property=\"og:image\" content=\"https:\/\/www.safinel.fr\/wp-content\/uploads\/2022\/04\/maniguette.jpg\" \/>\n\t<meta property=\"og:image:width\" content=\"600\" \/>\n\t<meta property=\"og:image:height\" content=\"600\" \/>\n\t<meta property=\"og:image:type\" content=\"image\/jpeg\" \/>\n<meta name=\"twitter:card\" content=\"summary_large_image\" \/>\n<meta name=\"twitter:label1\" content=\"Tempo estimado de leitura\" \/>\n\t<meta name=\"twitter:data1\" content=\"6 minutos\" \/>\n<script type=\"application\/ld+json\" class=\"yoast-schema-graph\">{\"@context\":\"https:\/\/schema.org\",\"@graph\":[{\"@type\":\"WebPage\",\"@id\":\"https:\/\/www.safinel.fr\/produit\/maniguette-poivre-alligator\/\",\"url\":\"https:\/\/www.safinel.fr\/produit\/maniguette-poivre-alligator\/\",\"name\":\"Maniguette | Piment d\u2019alligator | Achat rapide en quelques clics\",\"isPartOf\":{\"@id\":\"https:\/\/www.safinel.fr\/#website\"},\"primaryImageOfPage\":{\"@id\":\"https:\/\/www.safinel.fr\/produit\/maniguette-poivre-alligator\/#primaryimage\"},\"image\":{\"@id\":\"https:\/\/www.safinel.fr\/produit\/maniguette-poivre-alligator\/#primaryimage\"},\"thumbnailUrl\":\"https:\/\/www.safinel.fr\/wp-content\/uploads\/2022\/04\/maniguette.jpg\",\"datePublished\":\"2022-04-26T23:37:21+00:00\",\"dateModified\":\"2023-12-28T17:15:17+00:00\",\"description\":\"La maniguette est une \u00e9pice end\u00e9mique d'\u00c9thiopie, qui porte divers noms. Effectivement, elle est aussi appel\u00e9e piment d\u2019alligator.\",\"breadcrumb\":{\"@id\":\"https:\/\/www.safinel.fr\/produit\/maniguette-poivre-alligator\/#breadcrumb\"},\"inLanguage\":\"pt-PT\",\"potentialAction\":[{\"@type\":\"ReadAction\",\"target\":[\"https:\/\/www.safinel.fr\/produit\/maniguette-poivre-alligator\/\"]}]},{\"@type\":\"ImageObject\",\"inLanguage\":\"pt-PT\",\"@id\":\"https:\/\/www.safinel.fr\/produit\/maniguette-poivre-alligator\/#primaryimage\",\"url\":\"https:\/\/www.safinel.fr\/wp-content\/uploads\/2022\/04\/maniguette.jpg\",\"contentUrl\":\"https:\/\/www.safinel.fr\/wp-content\/uploads\/2022\/04\/maniguette.jpg\",\"width\":600,\"height\":600,\"caption\":\"Maniguette (Poivre alligator)\"},{\"@type\":\"BreadcrumbList\",\"@id\":\"https:\/\/www.safinel.fr\/produit\/maniguette-poivre-alligator\/#breadcrumb\",\"itemListElement\":[{\"@type\":\"ListItem\",\"position\":1,\"name\":\"Accueil\",\"item\":\"https:\/\/www.safinel.fr\/\"},{\"@type\":\"ListItem\",\"position\":2,\"name\":\"Boutique\",\"item\":\"https:\/\/www.safinel.fr\/boutique\/\"},{\"@type\":\"ListItem\",\"position\":3,\"name\":\"Maniguette (Poivre alligator)\"}]},{\"@type\":\"WebSite\",\"@id\":\"https:\/\/www.safinel.fr\/#website\",\"url\":\"https:\/\/www.safinel.fr\/\",\"name\":\"Safinel\",\"description\":\"\",\"publisher\":{\"@id\":\"https:\/\/www.safinel.fr\/#organization\"},\"potentialAction\":[{\"@type\":\"SearchAction\",\"target\":{\"@type\":\"EntryPoint\",\"urlTemplate\":\"https:\/\/www.safinel.fr\/?s={search_term_string}\"},\"query-input\":{\"@type\":\"PropertyValueSpecification\",\"valueRequired\":true,\"valueName\":\"search_term_string\"}}],\"inLanguage\":\"pt-PT\"},{\"@type\":\"Organization\",\"@id\":\"https:\/\/www.safinel.fr\/#organization\",\"name\":\"Safinel\",\"url\":\"https:\/\/www.safinel.fr\/\",\"logo\":{\"@type\":\"ImageObject\",\"inLanguage\":\"pt-PT\",\"@id\":\"https:\/\/www.safinel.fr\/#\/schema\/logo\/image\/\",\"url\":\"https:\/\/www.safinel.fr\/wp-content\/uploads\/2021\/05\/boutique-cosmetique.png\",\"contentUrl\":\"https:\/\/www.safinel.fr\/wp-content\/uploads\/2021\/05\/boutique-cosmetique.png\",\"width\":800,\"height\":200,\"caption\":\"Safinel\"},\"image\":{\"@id\":\"https:\/\/www.safinel.fr\/#\/schema\/logo\/image\/\"}}]}<\/script>\n<!-- \/ Yoast SEO plugin. -->","yoast_head_json":{"title":"Maniguette | Pimenta-alligator | Compra r\u00e1pida em poucos cliques","description":"A pimenta-da-\u00edndia \u00e9 uma especiaria end\u00e9mica da Eti\u00f3pia, que tem v\u00e1rios nomes. Na verdade, tamb\u00e9m \u00e9 chamada de pimenta-alligator.","robots":{"index":"index","follow":"follow","max-snippet":"max-snippet:-1","max-image-preview":"max-image-preview:large","max-video-preview":"max-video-preview:-1"},"canonical":"https:\/\/www.safinel.fr\/pt\/product-2\/pimenta-cavalo-da-india\/","og_locale":"pt_PT","og_type":"article","og_title":"Maniguette | Piment d\u2019alligator | Achat rapide en quelques clics","og_description":"La maniguette est une \u00e9pice end\u00e9mique d'\u00c9thiopie, qui porte divers noms. Effectivement, elle est aussi appel\u00e9e piment d\u2019alligator.","og_url":"https:\/\/www.safinel.fr\/pt\/product-2\/pimenta-cavalo-da-india\/","og_site_name":"Safinel","article_modified_time":"2023-12-28T17:15:17+00:00","og_image":[{"width":600,"height":600,"url":"https:\/\/www.safinel.fr\/wp-content\/uploads\/2022\/04\/maniguette.jpg","type":"image\/jpeg"}],"twitter_card":"summary_large_image","twitter_misc":{"Tempo estimado de leitura":"6 minutos"},"schema":{"@context":"https:\/\/schema.org","@graph":[{"@type":"WebPage","@id":"https:\/\/www.safinel.fr\/produit\/maniguette-poivre-alligator\/","url":"https:\/\/www.safinel.fr\/produit\/maniguette-poivre-alligator\/","name":"Maniguette | Pimenta-alligator | Compra r\u00e1pida em poucos cliques","isPartOf":{"@id":"https:\/\/www.safinel.fr\/#website"},"primaryImageOfPage":{"@id":"https:\/\/www.safinel.fr\/produit\/maniguette-poivre-alligator\/#primaryimage"},"image":{"@id":"https:\/\/www.safinel.fr\/produit\/maniguette-poivre-alligator\/#primaryimage"},"thumbnailUrl":"https:\/\/www.safinel.fr\/wp-content\/uploads\/2022\/04\/maniguette.jpg","datePublished":"2022-04-26T23:37:21+00:00","dateModified":"2023-12-28T17:15:17+00:00","description":"A pimenta-da-\u00edndia \u00e9 uma especiaria end\u00e9mica da Eti\u00f3pia, que tem v\u00e1rios nomes. Na verdade, tamb\u00e9m \u00e9 chamada de pimenta-alligator.","breadcrumb":{"@id":"https:\/\/www.safinel.fr\/produit\/maniguette-poivre-alligator\/#breadcrumb"},"inLanguage":"pt-PT","potentialAction":[{"@type":"ReadAction","target":["https:\/\/www.safinel.fr\/produit\/maniguette-poivre-alligator\/"]}]},{"@type":"ImageObject","inLanguage":"pt-PT","@id":"https:\/\/www.safinel.fr\/produit\/maniguette-poivre-alligator\/#primaryimage","url":"https:\/\/www.safinel.fr\/wp-content\/uploads\/2022\/04\/maniguette.jpg","contentUrl":"https:\/\/www.safinel.fr\/wp-content\/uploads\/2022\/04\/maniguette.jpg","width":600,"height":600,"caption":"Maniguette (Poivre alligator)"},{"@type":"BreadcrumbList","@id":"https:\/\/www.safinel.fr\/produit\/maniguette-poivre-alligator\/#breadcrumb","itemListElement":[{"@type":"ListItem","position":1,"name":"Accueil","item":"https:\/\/www.safinel.fr\/"},{"@type":"ListItem","position":2,"name":"Boutique","item":"https:\/\/www.safinel.fr\/boutique\/"},{"@type":"ListItem","position":3,"name":"Maniguette (Poivre alligator)"}]},{"@type":"WebSite","@id":"https:\/\/www.safinel.fr\/#website","url":"https:\/\/www.safinel.fr\/","name":"Safinel","description":"","publisher":{"@id":"https:\/\/www.safinel.fr\/#organization"},"potentialAction":[{"@type":"SearchAction","target":{"@type":"EntryPoint","urlTemplate":"https:\/\/www.safinel.fr\/?s={search_term_string}"},"query-input":{"@type":"PropertyValueSpecification","valueRequired":true,"valueName":"search_term_string"}}],"inLanguage":"pt-PT"},{"@type":"Organization","@id":"https:\/\/www.safinel.fr\/#organization","name":"Safinel","url":"https:\/\/www.safinel.fr\/","logo":{"@type":"ImageObject","inLanguage":"pt-PT","@id":"https:\/\/www.safinel.fr\/#\/schema\/logo\/image\/","url":"https:\/\/www.safinel.fr\/wp-content\/uploads\/2021\/05\/boutique-cosmetique.png","contentUrl":"https:\/\/www.safinel.fr\/wp-content\/uploads\/2021\/05\/boutique-cosmetique.png","width":800,"height":200,"caption":"Safinel"},"image":{"@id":"https:\/\/www.safinel.fr\/#\/schema\/logo\/image\/"}}]}},"_links":{"self":[{"href":"https:\/\/www.safinel.fr\/pt\/wp-json\/wp\/v2\/product\/1143","targetHints":{"allow":["GET"]}}],"collection":[{"href":"https:\/\/www.safinel.fr\/pt\/wp-json\/wp\/v2\/product"}],"about":[{"href":"https:\/\/www.safinel.fr\/pt\/wp-json\/wp\/v2\/types\/product"}],"wp:featuredmedia":[{"embeddable":true,"href":"https:\/\/www.safinel.fr\/pt\/wp-json\/wp\/v2\/media\/1144"}],"wp:attachment":[{"href":"https:\/\/www.safinel.fr\/pt\/wp-json\/wp\/v2\/media?parent=1143"}],"wp:term":[{"taxonomy":"product_brand","embeddable":true,"href":"https:\/\/www.safinel.fr\/pt\/wp-json\/wp\/v2\/product_brand?post=1143"},{"taxonomy":"product_cat","embeddable":true,"href":"https:\/\/www.safinel.fr\/pt\/wp-json\/wp\/v2\/product_cat?post=1143"},{"taxonomy":"product_tag","embeddable":true,"href":"https:\/\/www.safinel.fr\/pt\/wp-json\/wp\/v2\/product_tag?post=1143"}],"curies":[{"name":"wp","href":"https:\/\/api.w.org\/{rel}","templated":true}]}}