{"id":112,"date":"2021-06-01T15:57:24","date_gmt":"2021-06-01T15:57:24","guid":{"rendered":"https:\/\/www.safinel.fr\/?post_type=product&#038;p=112"},"modified":"2025-11-11T20:20:31","modified_gmt":"2025-11-11T20:20:31","slug":"folhas-de-djeka","status":"publish","type":"product","link":"https:\/\/www.safinel.fr\/pt\/product-2\/folhas-de-djeka\/","title":{"rendered":"Folhas de Djeka"},"content":{"rendered":"<p>Conhecidas e utilizadas desde sempre pelas mulheres da \u00c1frica Ocidental, as folhas de Djeka s\u00e3o um verdadeiro aliado para a higiene \u00edntima feminina. S\u00e3o designadas pela denomina\u00e7\u00e3o cient\u00edfica \u00abAlchornea Cordifolia\u00bb.\u00a0\u00c9 ineg\u00e1vel que, depois de ler os in\u00fameros benef\u00edcios que a folha de Djeka pode trazer \u00e0 rotina de bem-estar da mulher, n\u00e3o hesitar\u00e1 em inclu\u00ed-la nos seus cuidados \u00edntimos.<\/p>\n<h2><b>Os benef\u00edcios t\u00e3o esperados do Djeka<\/b><\/h2>\n<p>As folhas de Djeka s\u00e3o conhecidas por serem um antibi\u00f3tico e um antiss\u00e9ptico natural muito eficaz, que n\u00e3o deve ser confundido com a <a href=\"https:\/\/www.huiles-de-ricin.com\/plantes-graines\/11-feuille-de-jujubier.html\" target=\"_blank\" rel=\"noopener\"><strong>folha de sidr<\/strong><\/a>. Na verdade, atribui-se a eles a capacidade de agir sobre o \u00fatero, mas tamb\u00e9m sobre o ventre.<\/p>\n<p>Assim, ela alivia as dores causadas por certos problemas intestinais, como \u00falceras ou o aparecimento de vermes. Al\u00e9m disso, esta folha ben\u00e9fica facilita a limpeza profunda dos intestinos e das suas impurezas.<span class=\"Apple-converted-space\">\u00a0<\/span><\/p>\n<p>Tamb\u00e9m se reconhecem as suas propriedades tonificantes na vagina. A folha de Djeka tem a particularidade de contribuir para o fortalecimento e o aperto do per\u00edneo. Esta reabilita\u00e7\u00e3o \u00e9 necess\u00e1ria ap\u00f3s o parto para evitar fugas urin\u00e1rias e outros inc\u00f3modos. \u00c9 desta extraordin\u00e1ria propriedade que vem a sua alcunha de \u00abcolado-apertado\u00bb.<\/p>\n<p>As folhas de Djeka tamb\u00e9m s\u00e3o um verdadeiro aliado para a manuten\u00e7\u00e3o da <a href=\"https:\/\/www.safinel.fr\/pt\/product-2\/raizes-de-vetiver\/\"><strong>flora vaginal<\/strong><\/a>. Al\u00e9m de combater a comich\u00e3o vaginal, elas atenuam e aliviam eficazmente as dores menstruais.<\/p>\n<p>Por fim, a folha de djeka tamb\u00e9m seria eficaz contra c\u00e1ries e dores de dentes. Especialmente quando consumida em infus\u00e3o.<\/p>\n<h3><b>Folhas de Djeka: conselhos de utiliza\u00e7\u00e3o e modo de emprego<\/b><\/h3>\n<p>Antes de mais nada, \u00e9 importante esclarecer que esta folha n\u00e3o deve ser utilizada por mulheres gr\u00e1vidas. Como visto anteriormente, trata-se de uma folha indicada para uso ap\u00f3s o parto.<\/p>\n<p>A folha de Djeka pode ser utilizada de v\u00e1rias maneiras, dependendo dos benef\u00edcios que se deseja obter.<\/p>\n<ul>\n<li>Para fazer uma infus\u00e3o, lave cuidadosamente as folhas de djeka antes de as ferver durante cerca de 10 minutos em \u00e1gua. Em seguida, pode filtrar a mistura e beber ao longo do dia. Desta forma, permite limpar internamente a zona uterina.<\/li>\n<\/ul>\n<ul>\n<li>Voc\u00ea tamb\u00e9m pode usar as folhas de djeka para sua higiene \u00edntima. Para preparar sua \u00e1gua de higiene \u00edntima, voc\u00ea precisar\u00e1 lavar e ferver as folhas de djeka em \u00e1gua por 10 a 15 minutos.<\/li>\n<li>Deixe a decoc\u00e7\u00e3o arrefecer. Quando estiver pronta, transfira-a para um recipiente ou um contentor para poder utiliz\u00e1-la mais facilmente durante a lavagem.<\/li>\n<\/ul>\n<p><span class=\"Apple-converted-space\">\u00a0<\/span>Desta forma, ela permitir\u00e1 que voc\u00ea combata os odores desagrad\u00e1veis e os<span class=\"Apple-converted-space\">\u00a0<\/span>comich\u00e3o vaginal.<\/p>\n<ul>\n<li>Por fim, para otimizar os cuidados com a zona vaginal, recomendamos ferver as folhas de Djeka. Em seguida, despeje a prepara\u00e7\u00e3o num recipiente grande o suficiente para que possa se agachar sobre ele.<span class=\"Apple-converted-space\">\u00a0<\/span><\/li>\n<\/ul>\n<p>Aguarde cerca de vinte minutos para que o vapor se difunda no interior da zona \u00edntima.<span class=\"Apple-converted-space\">\u00a0<\/span><\/p>","protected":false},"excerpt":{"rendered":"<p>Conhecidas e utilizadas desde sempre pelas mulheres da \u00c1frica Ocidental, as folhas de Djeka s\u00e3o um verdadeiro aliado para a higiene \u00edntima feminina. S\u00e3o conhecidas pelo nome cient\u00edfico \u00abAlchornea Cordifolia\u00bb. \u00c9 ineg\u00e1vel que, depois de ler os in\u00fameros benef\u00edcios que a folha de Djeka pode trazer para [\u2026]","protected":false},"featured_media":76,"template":"","meta":[],"product_brand":[],"product_cat":[15,23,27,19],"product_tag":[],"class_list":{"0":"post-112","1":"product","2":"type-product","3":"status-publish","4":"has-post-thumbnail","6":"product_cat-fertilite","7":"product_cat-hygiene-feminine","8":"product_cat-plantes-medicinales","9":"product_cat-thes-tisanes","11":"first","12":"outofstock","13":"shipping-taxable","14":"purchasable","15":"product-type-variable"},"yoast_head":"<!-- This site is optimized with the Yoast SEO plugin v26.6 - https:\/\/yoast.com\/wordpress\/plugins\/seo\/ -->\n<title>Feuilles de djeka (Alchornea Cordifolia) | Livraison rapide<\/title>\n<meta name=\"description\" content=\"Les feuilles de Djeka sont \u00e9galement un v\u00e9ritable alli\u00e9 pour l&#039;entretien de la flore vaginale. Livraison rapide et soign\u00e9e en France.\" \/>\n<meta name=\"robots\" content=\"index, follow, max-snippet:-1, max-image-preview:large, max-video-preview:-1\" \/>\n<link rel=\"canonical\" href=\"https:\/\/www.safinel.fr\/pt\/product-2\/folhas-de-djeka\/\" \/>\n<meta property=\"og:locale\" content=\"pt_PT\" \/>\n<meta property=\"og:type\" content=\"article\" \/>\n<meta property=\"og:title\" content=\"Feuilles de djeka (Alchornea Cordifolia) | Livraison rapide\" \/>\n<meta property=\"og:description\" content=\"Les feuilles de Djeka sont \u00e9galement un v\u00e9ritable alli\u00e9 pour l&#039;entretien de la flore vaginale. Livraison rapide et soign\u00e9e en France.\" \/>\n<meta property=\"og:url\" content=\"https:\/\/www.safinel.fr\/pt\/product-2\/folhas-de-djeka\/\" \/>\n<meta property=\"og:site_name\" content=\"Safinel\" \/>\n<meta property=\"article:modified_time\" content=\"2025-11-11T20:20:31+00:00\" \/>\n<meta property=\"og:image\" content=\"https:\/\/www.safinel.fr\/wp-content\/uploads\/2021\/05\/djeka-poudre-site.jpg\" \/>\n\t<meta property=\"og:image:width\" content=\"327\" \/>\n\t<meta property=\"og:image:height\" content=\"400\" \/>\n\t<meta property=\"og:image:type\" content=\"image\/jpeg\" \/>\n<meta name=\"twitter:card\" content=\"summary_large_image\" \/>\n<meta name=\"twitter:label1\" content=\"Tempo estimado de leitura\" \/>\n\t<meta name=\"twitter:data1\" content=\"3 minutos\" \/>\n<script type=\"application\/ld+json\" class=\"yoast-schema-graph\">{\"@context\":\"https:\/\/schema.org\",\"@graph\":[{\"@type\":\"WebPage\",\"@id\":\"https:\/\/www.safinel.fr\/produit\/feuilles-de-djeka\/\",\"url\":\"https:\/\/www.safinel.fr\/produit\/feuilles-de-djeka\/\",\"name\":\"Feuilles de djeka (Alchornea Cordifolia) | Livraison rapide\",\"isPartOf\":{\"@id\":\"https:\/\/www.safinel.fr\/#website\"},\"primaryImageOfPage\":{\"@id\":\"https:\/\/www.safinel.fr\/produit\/feuilles-de-djeka\/#primaryimage\"},\"image\":{\"@id\":\"https:\/\/www.safinel.fr\/produit\/feuilles-de-djeka\/#primaryimage\"},\"thumbnailUrl\":\"https:\/\/www.safinel.fr\/wp-content\/uploads\/2021\/05\/djeka-poudre-site.jpg\",\"datePublished\":\"2021-06-01T15:57:24+00:00\",\"dateModified\":\"2025-11-11T20:20:31+00:00\",\"description\":\"Les feuilles de Djeka sont \u00e9galement un v\u00e9ritable alli\u00e9 pour l'entretien de la flore vaginale. Livraison rapide et soign\u00e9e en France.\",\"breadcrumb\":{\"@id\":\"https:\/\/www.safinel.fr\/produit\/feuilles-de-djeka\/#breadcrumb\"},\"inLanguage\":\"pt-PT\",\"potentialAction\":[{\"@type\":\"ReadAction\",\"target\":[\"https:\/\/www.safinel.fr\/produit\/feuilles-de-djeka\/\"]}]},{\"@type\":\"ImageObject\",\"inLanguage\":\"pt-PT\",\"@id\":\"https:\/\/www.safinel.fr\/produit\/feuilles-de-djeka\/#primaryimage\",\"url\":\"https:\/\/www.safinel.fr\/wp-content\/uploads\/2021\/05\/djeka-poudre-site.jpg\",\"contentUrl\":\"https:\/\/www.safinel.fr\/wp-content\/uploads\/2021\/05\/djeka-poudre-site.jpg\",\"width\":327,\"height\":400,\"caption\":\"Feuilles de djeka (Alchornea Cordifolia)\"},{\"@type\":\"BreadcrumbList\",\"@id\":\"https:\/\/www.safinel.fr\/produit\/feuilles-de-djeka\/#breadcrumb\",\"itemListElement\":[{\"@type\":\"ListItem\",\"position\":1,\"name\":\"Accueil\",\"item\":\"https:\/\/www.safinel.fr\/\"},{\"@type\":\"ListItem\",\"position\":2,\"name\":\"Boutique\",\"item\":\"https:\/\/www.safinel.fr\/boutique\/\"},{\"@type\":\"ListItem\",\"position\":3,\"name\":\"Feuilles de Djeka\"}]},{\"@type\":\"WebSite\",\"@id\":\"https:\/\/www.safinel.fr\/#website\",\"url\":\"https:\/\/www.safinel.fr\/\",\"name\":\"Safinel\",\"description\":\"\",\"publisher\":{\"@id\":\"https:\/\/www.safinel.fr\/#organization\"},\"potentialAction\":[{\"@type\":\"SearchAction\",\"target\":{\"@type\":\"EntryPoint\",\"urlTemplate\":\"https:\/\/www.safinel.fr\/?s={search_term_string}\"},\"query-input\":{\"@type\":\"PropertyValueSpecification\",\"valueRequired\":true,\"valueName\":\"search_term_string\"}}],\"inLanguage\":\"pt-PT\"},{\"@type\":\"Organization\",\"@id\":\"https:\/\/www.safinel.fr\/#organization\",\"name\":\"Safinel\",\"url\":\"https:\/\/www.safinel.fr\/\",\"logo\":{\"@type\":\"ImageObject\",\"inLanguage\":\"pt-PT\",\"@id\":\"https:\/\/www.safinel.fr\/#\/schema\/logo\/image\/\",\"url\":\"https:\/\/www.safinel.fr\/wp-content\/uploads\/2021\/05\/boutique-cosmetique.png\",\"contentUrl\":\"https:\/\/www.safinel.fr\/wp-content\/uploads\/2021\/05\/boutique-cosmetique.png\",\"width\":800,\"height\":200,\"caption\":\"Safinel\"},\"image\":{\"@id\":\"https:\/\/www.safinel.fr\/#\/schema\/logo\/image\/\"}}]}<\/script>\n<!-- \/ Yoast SEO plugin. -->","yoast_head_json":{"title":"Folhas de djeka (Alchornea Cordifolia) | Entrega r\u00e1pida","description":"As folhas de Djeka tamb\u00e9m s\u00e3o um verdadeiro aliado para a manuten\u00e7\u00e3o da flora vaginal. Entrega r\u00e1pida e cuidadosa em Fran\u00e7a.","robots":{"index":"index","follow":"follow","max-snippet":"max-snippet:-1","max-image-preview":"max-image-preview:large","max-video-preview":"max-video-preview:-1"},"canonical":"https:\/\/www.safinel.fr\/pt\/product-2\/folhas-de-djeka\/","og_locale":"pt_PT","og_type":"article","og_title":"Feuilles de djeka (Alchornea Cordifolia) | Livraison rapide","og_description":"Les feuilles de Djeka sont \u00e9galement un v\u00e9ritable alli\u00e9 pour l'entretien de la flore vaginale. Livraison rapide et soign\u00e9e en France.","og_url":"https:\/\/www.safinel.fr\/pt\/product-2\/folhas-de-djeka\/","og_site_name":"Safinel","article_modified_time":"2025-11-11T20:20:31+00:00","og_image":[{"width":327,"height":400,"url":"https:\/\/www.safinel.fr\/wp-content\/uploads\/2021\/05\/djeka-poudre-site.jpg","type":"image\/jpeg"}],"twitter_card":"summary_large_image","twitter_misc":{"Tempo estimado de leitura":"3 minutos"},"schema":{"@context":"https:\/\/schema.org","@graph":[{"@type":"WebPage","@id":"https:\/\/www.safinel.fr\/produit\/feuilles-de-djeka\/","url":"https:\/\/www.safinel.fr\/produit\/feuilles-de-djeka\/","name":"Folhas de djeka (Alchornea Cordifolia) | Entrega r\u00e1pida","isPartOf":{"@id":"https:\/\/www.safinel.fr\/#website"},"primaryImageOfPage":{"@id":"https:\/\/www.safinel.fr\/produit\/feuilles-de-djeka\/#primaryimage"},"image":{"@id":"https:\/\/www.safinel.fr\/produit\/feuilles-de-djeka\/#primaryimage"},"thumbnailUrl":"https:\/\/www.safinel.fr\/wp-content\/uploads\/2021\/05\/djeka-poudre-site.jpg","datePublished":"2021-06-01T15:57:24+00:00","dateModified":"2025-11-11T20:20:31+00:00","description":"As folhas de Djeka tamb\u00e9m s\u00e3o um verdadeiro aliado para a manuten\u00e7\u00e3o da flora vaginal. Entrega r\u00e1pida e cuidadosa em Fran\u00e7a.","breadcrumb":{"@id":"https:\/\/www.safinel.fr\/produit\/feuilles-de-djeka\/#breadcrumb"},"inLanguage":"pt-PT","potentialAction":[{"@type":"ReadAction","target":["https:\/\/www.safinel.fr\/produit\/feuilles-de-djeka\/"]}]},{"@type":"ImageObject","inLanguage":"pt-PT","@id":"https:\/\/www.safinel.fr\/produit\/feuilles-de-djeka\/#primaryimage","url":"https:\/\/www.safinel.fr\/wp-content\/uploads\/2021\/05\/djeka-poudre-site.jpg","contentUrl":"https:\/\/www.safinel.fr\/wp-content\/uploads\/2021\/05\/djeka-poudre-site.jpg","width":327,"height":400,"caption":"Feuilles de djeka (Alchornea Cordifolia)"},{"@type":"BreadcrumbList","@id":"https:\/\/www.safinel.fr\/produit\/feuilles-de-djeka\/#breadcrumb","itemListElement":[{"@type":"ListItem","position":1,"name":"Accueil","item":"https:\/\/www.safinel.fr\/"},{"@type":"ListItem","position":2,"name":"Boutique","item":"https:\/\/www.safinel.fr\/boutique\/"},{"@type":"ListItem","position":3,"name":"Feuilles de Djeka"}]},{"@type":"WebSite","@id":"https:\/\/www.safinel.fr\/#website","url":"https:\/\/www.safinel.fr\/","name":"Safinel","description":"","publisher":{"@id":"https:\/\/www.safinel.fr\/#organization"},"potentialAction":[{"@type":"SearchAction","target":{"@type":"EntryPoint","urlTemplate":"https:\/\/www.safinel.fr\/?s={search_term_string}"},"query-input":{"@type":"PropertyValueSpecification","valueRequired":true,"valueName":"search_term_string"}}],"inLanguage":"pt-PT"},{"@type":"Organization","@id":"https:\/\/www.safinel.fr\/#organization","name":"Safinel","url":"https:\/\/www.safinel.fr\/","logo":{"@type":"ImageObject","inLanguage":"pt-PT","@id":"https:\/\/www.safinel.fr\/#\/schema\/logo\/image\/","url":"https:\/\/www.safinel.fr\/wp-content\/uploads\/2021\/05\/boutique-cosmetique.png","contentUrl":"https:\/\/www.safinel.fr\/wp-content\/uploads\/2021\/05\/boutique-cosmetique.png","width":800,"height":200,"caption":"Safinel"},"image":{"@id":"https:\/\/www.safinel.fr\/#\/schema\/logo\/image\/"}}]}},"_links":{"self":[{"href":"https:\/\/www.safinel.fr\/pt\/wp-json\/wp\/v2\/product\/112","targetHints":{"allow":["GET"]}}],"collection":[{"href":"https:\/\/www.safinel.fr\/pt\/wp-json\/wp\/v2\/product"}],"about":[{"href":"https:\/\/www.safinel.fr\/pt\/wp-json\/wp\/v2\/types\/product"}],"wp:featuredmedia":[{"embeddable":true,"href":"https:\/\/www.safinel.fr\/pt\/wp-json\/wp\/v2\/media\/76"}],"wp:attachment":[{"href":"https:\/\/www.safinel.fr\/pt\/wp-json\/wp\/v2\/media?parent=112"}],"wp:term":[{"taxonomy":"product_brand","embeddable":true,"href":"https:\/\/www.safinel.fr\/pt\/wp-json\/wp\/v2\/product_brand?post=112"},{"taxonomy":"product_cat","embeddable":true,"href":"https:\/\/www.safinel.fr\/pt\/wp-json\/wp\/v2\/product_cat?post=112"},{"taxonomy":"product_tag","embeddable":true,"href":"https:\/\/www.safinel.fr\/pt\/wp-json\/wp\/v2\/product_tag?post=112"}],"curies":[{"name":"wp","href":"https:\/\/api.w.org\/{rel}","templated":true}]}}