{"id":11050,"date":"2024-01-20T14:43:52","date_gmt":"2024-01-20T14:43:52","guid":{"rendered":"https:\/\/www.safinel.fr\/?post_type=product&#038;p=11050"},"modified":"2025-06-28T01:23:25","modified_gmt":"2025-06-28T01:23:25","slug":"sabonete-clareador-white-secret","status":"publish","type":"product","link":"https:\/\/www.safinel.fr\/pt\/product-2\/sabonete-clareador-white-secret\/","title":{"rendered":"Sabonete clareador (corpo e rosto) 90 g \u2013 White Secret"},"content":{"rendered":"<p>O <strong>sabonete s\u00f3lido clareador White Secret<\/strong>\u00a0\u00e9 um produto indispens\u00e1vel na sua rotina de cuidados com a pele. Concebido para o corpo e o rosto, este sabonete cosm\u00e9tico vers\u00e1til oferece in\u00fameros benef\u00edcios para a pele. Al\u00e9m de ser nutritivo, destaca-se pelas suas propriedades clareadoras, proporcionando um benef\u00edcio de beleza indiscut\u00edvel para uma pele brilhante e radiante.<\/p>\n<h2><strong>O sabonete s\u00f3lido est\u00e1 de volta \u00e0 moda!<\/strong><\/h2>\n<p>Com o forte retorno dos produtos de beleza tradicionais, o sabonete s\u00f3lido imp\u00f5e-se como <a href=\"https:\/\/www.safinel.fr\/pt\/product-2\/oleo-super-clareador-com-colagenio\/\"><strong>\u00d3leo M\u00e1gico<\/strong><\/a>, como uma escolha privilegiada para cuidar da pele.<\/p>\n<p>O sabonete em barra White Secret oferece uma alternativa pr\u00e1tica e ecol\u00f3gica aos g\u00e9is de banho l\u00edquidos. Al\u00e9m disso, proporciona benef\u00edcios \u00fanicos para a pele, tornando a rotina de limpeza um momento de puro prazer e bem-estar.<\/p>\n<h2><strong>O sabonete clareador para uma pele incr\u00edvel!<\/strong><\/h2>\n<p>O\u00a0<strong>produto de limpeza s\u00f3lido\u00a0<\/strong>White Secret destaca-se pela sua a\u00e7\u00e3o clareadora. Na verdade, ajuda a atenuar manchas escuras, imperfei\u00e7\u00f5es e a uniformizar a tez da pele. A sua f\u00f3rmula especial contribui para revelar o brilho natural da pele, dando-lhe uma apar\u00eancia mais luminosa e uniforme, para uma pele notavelmente bonita.<\/p>\n<h3><strong>Como usar o sabonete clareador White Secret?<\/strong><\/h3>\n<p>Para tirar o m\u00e1ximo proveito dos\u00a0<strong>benef\u00edcios clareadores\u00a0<\/strong>sabonete s\u00f3lido White Secret, recomenda-se o uso di\u00e1rio.<\/p>\n<p>Para isso:<\/p>\n<ul>\n<li>Ensaboe o sabonete entre as m\u00e3os<\/li>\n<li>Em seguida, aplique a espuma no rosto e no corpo com movimentos circulares.<\/li>\n<li>Enxague abundantemente com \u00e1gua morna e seque delicadamente a pele.<\/li>\n<\/ul>\n<p>Como pode ver, para uma efic\u00e1cia ideal, evite o contacto com os olhos e guarde o sabonete num local fresco e seco ap\u00f3s a utiliza\u00e7\u00e3o.<\/p>\n<p>White Secret oferece uma experi\u00eancia de limpeza luxuosa e um momento de bem-estar e beleza. Ofere\u00e7a finalmente \u00e0 sua pele o brilho e a suavidade que ela merece com este\u00a0<strong>sabonete cosm\u00e9tico<\/strong>\u00a0not\u00e1vel.<\/p>","protected":false},"excerpt":{"rendered":"<p><img decoding=\"async\" class=\"size-full wp-image-5091 aligncenter\" src=\"https:\/\/www.safinel.fr\/wp-content\/uploads\/2021\/06\/BANNIERE-ICONE-SAFINEL.webp\" alt=\"resseguro satinado\" width=\"800\" height=\"200\" srcset=\"https:\/\/www.safinel.fr\/wp-content\/uploads\/2021\/06\/BANNIERE-ICONE-SAFINEL.webp 800w, https:\/\/www.safinel.fr\/wp-content\/uploads\/2021\/06\/BANNIERE-ICONE-SAFINEL-600x150.webp 600w, https:\/\/www.safinel.fr\/wp-content\/uploads\/2021\/06\/BANNIERE-ICONE-SAFINEL-768x192.webp 768w\" sizes=\"(max-width: 800px) 100vw, 800px\" \/><\/p>","protected":false},"featured_media":11051,"template":"","meta":[],"product_brand":[],"product_cat":[123],"product_tag":[],"class_list":{"0":"post-11050","1":"product","2":"type-product","3":"status-publish","4":"has-post-thumbnail","6":"product_cat-savon","8":"first","9":"instock","10":"shipping-taxable","11":"purchasable","12":"product-type-simple"},"yoast_head":"<!-- This site is optimized with the Yoast SEO plugin v26.6 - https:\/\/yoast.com\/wordpress\/plugins\/seo\/ -->\n<title>Savon \u00e9claircissant | Corps &amp; visage | White Secret<\/title>\n<meta name=\"description\" content=\"Le savon solide \u00e9claircissant White Secret\u00a0est un indispensable de votre routine de soins cutan\u00e9s. Adoptez-le sans plus attendre !\" \/>\n<meta name=\"robots\" content=\"index, follow, max-snippet:-1, max-image-preview:large, max-video-preview:-1\" \/>\n<link rel=\"canonical\" href=\"https:\/\/www.safinel.fr\/pt\/product-2\/sabonete-clareador-white-secret\/\" \/>\n<meta property=\"og:locale\" content=\"pt_PT\" \/>\n<meta property=\"og:type\" content=\"article\" \/>\n<meta property=\"og:title\" content=\"Savon \u00e9claircissant | Corps &amp; visage | White Secret\" \/>\n<meta property=\"og:description\" content=\"Le savon solide \u00e9claircissant White Secret\u00a0est un indispensable de votre routine de soins cutan\u00e9s. Adoptez-le sans plus attendre !\" \/>\n<meta property=\"og:url\" content=\"https:\/\/www.safinel.fr\/pt\/product-2\/sabonete-clareador-white-secret\/\" \/>\n<meta property=\"og:site_name\" content=\"Safinel\" \/>\n<meta property=\"article:modified_time\" content=\"2025-06-28T01:23:25+00:00\" \/>\n<meta property=\"og:image\" content=\"https:\/\/www.safinel.fr\/wp-content\/uploads\/2024\/01\/Savon-Eclaircissant-Corps-Visage-White-Secret-\u2013-90g-.jpg\" \/>\n\t<meta property=\"og:image:width\" content=\"600\" \/>\n\t<meta property=\"og:image:height\" content=\"600\" \/>\n\t<meta property=\"og:image:type\" content=\"image\/jpeg\" \/>\n<meta name=\"twitter:card\" content=\"summary_large_image\" \/>\n<meta name=\"twitter:label1\" content=\"Tempo estimado de leitura\" \/>\n\t<meta name=\"twitter:data1\" content=\"2 minutos\" \/>\n<script type=\"application\/ld+json\" class=\"yoast-schema-graph\">{\"@context\":\"https:\/\/schema.org\",\"@graph\":[{\"@type\":\"WebPage\",\"@id\":\"https:\/\/www.safinel.fr\/produit\/savon-eclaircissant-white-secret\/\",\"url\":\"https:\/\/www.safinel.fr\/produit\/savon-eclaircissant-white-secret\/\",\"name\":\"Savon \u00e9claircissant | Corps & visage | White Secret\",\"isPartOf\":{\"@id\":\"https:\/\/www.safinel.fr\/#website\"},\"primaryImageOfPage\":{\"@id\":\"https:\/\/www.safinel.fr\/produit\/savon-eclaircissant-white-secret\/#primaryimage\"},\"image\":{\"@id\":\"https:\/\/www.safinel.fr\/produit\/savon-eclaircissant-white-secret\/#primaryimage\"},\"thumbnailUrl\":\"https:\/\/www.safinel.fr\/wp-content\/uploads\/2024\/01\/Savon-Eclaircissant-Corps-Visage-White-Secret-\u2013-90g-.jpg\",\"datePublished\":\"2024-01-20T14:43:52+00:00\",\"dateModified\":\"2025-06-28T01:23:25+00:00\",\"description\":\"Le savon solide \u00e9claircissant White Secret\u00a0est un indispensable de votre routine de soins cutan\u00e9s. Adoptez-le sans plus attendre !\",\"breadcrumb\":{\"@id\":\"https:\/\/www.safinel.fr\/produit\/savon-eclaircissant-white-secret\/#breadcrumb\"},\"inLanguage\":\"pt-PT\",\"potentialAction\":[{\"@type\":\"ReadAction\",\"target\":[\"https:\/\/www.safinel.fr\/produit\/savon-eclaircissant-white-secret\/\"]}]},{\"@type\":\"ImageObject\",\"inLanguage\":\"pt-PT\",\"@id\":\"https:\/\/www.safinel.fr\/produit\/savon-eclaircissant-white-secret\/#primaryimage\",\"url\":\"https:\/\/www.safinel.fr\/wp-content\/uploads\/2024\/01\/Savon-Eclaircissant-Corps-Visage-White-Secret-\u2013-90g-.jpg\",\"contentUrl\":\"https:\/\/www.safinel.fr\/wp-content\/uploads\/2024\/01\/Savon-Eclaircissant-Corps-Visage-White-Secret-\u2013-90g-.jpg\",\"width\":600,\"height\":600,\"caption\":\"Savon \u00e9claircissant (Corps & visage) 90g - White Secret\"},{\"@type\":\"BreadcrumbList\",\"@id\":\"https:\/\/www.safinel.fr\/produit\/savon-eclaircissant-white-secret\/#breadcrumb\",\"itemListElement\":[{\"@type\":\"ListItem\",\"position\":1,\"name\":\"Accueil\",\"item\":\"https:\/\/www.safinel.fr\/\"},{\"@type\":\"ListItem\",\"position\":2,\"name\":\"Boutique\",\"item\":\"https:\/\/www.safinel.fr\/boutique\/\"},{\"@type\":\"ListItem\",\"position\":3,\"name\":\"Savon \u00e9claircissant (Corps &#038; visage) 90g &#8211; White Secret\"}]},{\"@type\":\"WebSite\",\"@id\":\"https:\/\/www.safinel.fr\/#website\",\"url\":\"https:\/\/www.safinel.fr\/\",\"name\":\"Safinel\",\"description\":\"\",\"publisher\":{\"@id\":\"https:\/\/www.safinel.fr\/#organization\"},\"potentialAction\":[{\"@type\":\"SearchAction\",\"target\":{\"@type\":\"EntryPoint\",\"urlTemplate\":\"https:\/\/www.safinel.fr\/?s={search_term_string}\"},\"query-input\":{\"@type\":\"PropertyValueSpecification\",\"valueRequired\":true,\"valueName\":\"search_term_string\"}}],\"inLanguage\":\"pt-PT\"},{\"@type\":\"Organization\",\"@id\":\"https:\/\/www.safinel.fr\/#organization\",\"name\":\"Safinel\",\"url\":\"https:\/\/www.safinel.fr\/\",\"logo\":{\"@type\":\"ImageObject\",\"inLanguage\":\"pt-PT\",\"@id\":\"https:\/\/www.safinel.fr\/#\/schema\/logo\/image\/\",\"url\":\"https:\/\/www.safinel.fr\/wp-content\/uploads\/2021\/05\/boutique-cosmetique.png\",\"contentUrl\":\"https:\/\/www.safinel.fr\/wp-content\/uploads\/2021\/05\/boutique-cosmetique.png\",\"width\":800,\"height\":200,\"caption\":\"Safinel\"},\"image\":{\"@id\":\"https:\/\/www.safinel.fr\/#\/schema\/logo\/image\/\"}}]}<\/script>\n<!-- \/ Yoast SEO plugin. -->","yoast_head_json":{"title":"Sabonete clareador | Corpo e rosto | White Secret","description":"O sabonete s\u00f3lido clareador White Secret \u00e9 indispens\u00e1vel na sua rotina de cuidados com a pele. Adote-o sem mais demora!","robots":{"index":"index","follow":"follow","max-snippet":"max-snippet:-1","max-image-preview":"max-image-preview:large","max-video-preview":"max-video-preview:-1"},"canonical":"https:\/\/www.safinel.fr\/pt\/product-2\/sabonete-clareador-white-secret\/","og_locale":"pt_PT","og_type":"article","og_title":"Savon \u00e9claircissant | Corps & visage | White Secret","og_description":"Le savon solide \u00e9claircissant White Secret\u00a0est un indispensable de votre routine de soins cutan\u00e9s. Adoptez-le sans plus attendre !","og_url":"https:\/\/www.safinel.fr\/pt\/product-2\/sabonete-clareador-white-secret\/","og_site_name":"Safinel","article_modified_time":"2025-06-28T01:23:25+00:00","og_image":[{"width":600,"height":600,"url":"https:\/\/www.safinel.fr\/wp-content\/uploads\/2024\/01\/Savon-Eclaircissant-Corps-Visage-White-Secret-\u2013-90g-.jpg","type":"image\/jpeg"}],"twitter_card":"summary_large_image","twitter_misc":{"Tempo estimado de leitura":"2 minutos"},"schema":{"@context":"https:\/\/schema.org","@graph":[{"@type":"WebPage","@id":"https:\/\/www.safinel.fr\/produit\/savon-eclaircissant-white-secret\/","url":"https:\/\/www.safinel.fr\/produit\/savon-eclaircissant-white-secret\/","name":"Sabonete clareador | Corpo e rosto | White Secret","isPartOf":{"@id":"https:\/\/www.safinel.fr\/#website"},"primaryImageOfPage":{"@id":"https:\/\/www.safinel.fr\/produit\/savon-eclaircissant-white-secret\/#primaryimage"},"image":{"@id":"https:\/\/www.safinel.fr\/produit\/savon-eclaircissant-white-secret\/#primaryimage"},"thumbnailUrl":"https:\/\/www.safinel.fr\/wp-content\/uploads\/2024\/01\/Savon-Eclaircissant-Corps-Visage-White-Secret-\u2013-90g-.jpg","datePublished":"2024-01-20T14:43:52+00:00","dateModified":"2025-06-28T01:23:25+00:00","description":"O sabonete s\u00f3lido clareador White Secret \u00e9 indispens\u00e1vel na sua rotina de cuidados com a pele. Adote-o sem mais demora!","breadcrumb":{"@id":"https:\/\/www.safinel.fr\/produit\/savon-eclaircissant-white-secret\/#breadcrumb"},"inLanguage":"pt-PT","potentialAction":[{"@type":"ReadAction","target":["https:\/\/www.safinel.fr\/produit\/savon-eclaircissant-white-secret\/"]}]},{"@type":"ImageObject","inLanguage":"pt-PT","@id":"https:\/\/www.safinel.fr\/produit\/savon-eclaircissant-white-secret\/#primaryimage","url":"https:\/\/www.safinel.fr\/wp-content\/uploads\/2024\/01\/Savon-Eclaircissant-Corps-Visage-White-Secret-\u2013-90g-.jpg","contentUrl":"https:\/\/www.safinel.fr\/wp-content\/uploads\/2024\/01\/Savon-Eclaircissant-Corps-Visage-White-Secret-\u2013-90g-.jpg","width":600,"height":600,"caption":"Savon \u00e9claircissant (Corps & visage) 90g - White Secret"},{"@type":"BreadcrumbList","@id":"https:\/\/www.safinel.fr\/produit\/savon-eclaircissant-white-secret\/#breadcrumb","itemListElement":[{"@type":"ListItem","position":1,"name":"Accueil","item":"https:\/\/www.safinel.fr\/"},{"@type":"ListItem","position":2,"name":"Boutique","item":"https:\/\/www.safinel.fr\/boutique\/"},{"@type":"ListItem","position":3,"name":"Savon \u00e9claircissant (Corps &#038; visage) 90g &#8211; White Secret"}]},{"@type":"WebSite","@id":"https:\/\/www.safinel.fr\/#website","url":"https:\/\/www.safinel.fr\/","name":"Safinel","description":"","publisher":{"@id":"https:\/\/www.safinel.fr\/#organization"},"potentialAction":[{"@type":"SearchAction","target":{"@type":"EntryPoint","urlTemplate":"https:\/\/www.safinel.fr\/?s={search_term_string}"},"query-input":{"@type":"PropertyValueSpecification","valueRequired":true,"valueName":"search_term_string"}}],"inLanguage":"pt-PT"},{"@type":"Organization","@id":"https:\/\/www.safinel.fr\/#organization","name":"Safinel","url":"https:\/\/www.safinel.fr\/","logo":{"@type":"ImageObject","inLanguage":"pt-PT","@id":"https:\/\/www.safinel.fr\/#\/schema\/logo\/image\/","url":"https:\/\/www.safinel.fr\/wp-content\/uploads\/2021\/05\/boutique-cosmetique.png","contentUrl":"https:\/\/www.safinel.fr\/wp-content\/uploads\/2021\/05\/boutique-cosmetique.png","width":800,"height":200,"caption":"Safinel"},"image":{"@id":"https:\/\/www.safinel.fr\/#\/schema\/logo\/image\/"}}]}},"_links":{"self":[{"href":"https:\/\/www.safinel.fr\/pt\/wp-json\/wp\/v2\/product\/11050","targetHints":{"allow":["GET"]}}],"collection":[{"href":"https:\/\/www.safinel.fr\/pt\/wp-json\/wp\/v2\/product"}],"about":[{"href":"https:\/\/www.safinel.fr\/pt\/wp-json\/wp\/v2\/types\/product"}],"wp:featuredmedia":[{"embeddable":true,"href":"https:\/\/www.safinel.fr\/pt\/wp-json\/wp\/v2\/media\/11051"}],"wp:attachment":[{"href":"https:\/\/www.safinel.fr\/pt\/wp-json\/wp\/v2\/media?parent=11050"}],"wp:term":[{"taxonomy":"product_brand","embeddable":true,"href":"https:\/\/www.safinel.fr\/pt\/wp-json\/wp\/v2\/product_brand?post=11050"},{"taxonomy":"product_cat","embeddable":true,"href":"https:\/\/www.safinel.fr\/pt\/wp-json\/wp\/v2\/product_cat?post=11050"},{"taxonomy":"product_tag","embeddable":true,"href":"https:\/\/www.safinel.fr\/pt\/wp-json\/wp\/v2\/product_tag?post=11050"}],"curies":[{"name":"wp","href":"https:\/\/api.w.org\/{rel}","templated":true}]}}