{"id":11044,"date":"2024-01-20T14:38:03","date_gmt":"2024-01-20T14:38:03","guid":{"rendered":"https:\/\/www.safinel.fr\/?post_type=product&#038;p=11044"},"modified":"2024-09-30T09:40:15","modified_gmt":"2024-09-30T09:40:15","slug":"oleo-super-clareador-com-colagenio","status":"publish","type":"product","link":"https:\/\/www.safinel.fr\/pt\/product-2\/oleo-super-clareador-com-colagenio\/","title":{"rendered":"\u00d3leo superclareador com colag\u00e9nio (Magic Oil) \u2013 125 ml"},"content":{"rendered":"<p>\u00d3leo super clareador com colag\u00e9nio, <strong>\u00d3leo M\u00e1gico<\/strong>, \u00e9 uma solu\u00e7\u00e3o vers\u00e1til para a sua rotina de beleza. Gra\u00e7as \u00e0s suas propriedades hidratantes e clareadoras, este \u00f3leo \u00e9 um aliado indispens\u00e1vel para cuidar da sua pele diariamente. A sua composi\u00e7\u00e3o oferece uma vitalidade \u00fanica \u00e0 sua pele, deixando-a suave, luminosa e radiante.<\/p>\n<h2><strong>Os benef\u00edcios do colag\u00e9nio para a pele<\/strong><\/h2>\n<p>Cuidar da apar\u00eancia \u00e9 fundamental para se sentir bem consigo mesmo. \u00c9 por isso que a sua loja de <strong>produtos naturais<\/strong>\u00a0gostaria de lhe apresentar um cosm\u00e9tico que poder\u00e1 lhe agradar.<\/p>\n<p>Trata-se de uma\u00a0<strong>\u00f3leo \u00e0 base de colag\u00e9nio<\/strong>\u00a0! Este \u00faltimo, presente naturalmente na pele, desempenha um papel crucial na elasticidade, firmeza e brilho da epiderme. E isso \u00e9 \u00f3timo, porque, assim como o \u00f3leo de alface, o Magic Oil ajuda a estimular a produ\u00e7\u00e3o de colag\u00e9nio!<\/p>\n<h2><strong>Magic Oil: um \u00f3leo superclareador com colag\u00e9nio<\/strong><\/h2>\n<p>O\u2019<strong>\u00f3leo cosm\u00e9tico<\/strong>\u00a0O Magic Oil oferece uma a\u00e7\u00e3o clareadora excepcional, ajudando a atenuar manchas escuras, imperfei\u00e7\u00f5es e uniformizar a tez da pele. Gra\u00e7as \u00e0s suas propriedades clareadoras, este \u00f3leo ajuda a revelar o brilho natural da sua pele. E isso, dando-lhe uma apar\u00eancia mais luminosa e radiante.<\/p>\n<h3><strong>Um \u00f3leo superclareador para todos!<\/strong><\/h3>\n<p>Concebido para se adequar a todos os tipos de pele, o Magic Oil \u00e9 adequado tanto para mulheres como para homens. A sua f\u00f3rmula equilibrada permite que todos beneficiem dos seus efeitos hidratantes, <a href=\"https:\/\/www.safinel.fr\/pt\/product-2\/sabonete-clareador-white-secret\/\"><strong>clareadores<\/strong><\/a> e revitalizantes. E isso oferece uma solu\u00e7\u00e3o vers\u00e1til para cuidar da pele no dia a dia.<\/p>\n<p>Em suma, quer esteja \u00e0 procura de uma\u00a0<strong>hidrata\u00e7\u00e3o intensa<\/strong>, Se procura um efeito clareador ou revitalizante para a sua pele, o \u00f3leo cosm\u00e9tico Magic Oil ir\u00e1 satisfazer as suas necessidades, trazendo um toque de magia \u00e0 sua rotina de beleza.<\/p>\n<p>Por fim, ofere\u00e7a \u00e0 sua pele o brilho e a vitalidade que ela merece com esta <strong>\u00f3leo para a pele\u00a0<\/strong>vers\u00e1til e eficiente.<\/p>","protected":false},"excerpt":{"rendered":"<p><img decoding=\"async\" class=\"size-full wp-image-5091 aligncenter\" src=\"https:\/\/www.safinel.fr\/wp-content\/uploads\/2021\/06\/BANNIERE-ICONE-SAFINEL.webp\" alt=\"resseguro satinado\" width=\"800\" height=\"200\" srcset=\"https:\/\/www.safinel.fr\/wp-content\/uploads\/2021\/06\/BANNIERE-ICONE-SAFINEL.webp 800w, https:\/\/www.safinel.fr\/wp-content\/uploads\/2021\/06\/BANNIERE-ICONE-SAFINEL-600x150.webp 600w, https:\/\/www.safinel.fr\/wp-content\/uploads\/2021\/06\/BANNIERE-ICONE-SAFINEL-768x192.webp 768w\" sizes=\"(max-width: 800px) 100vw, 800px\" \/><\/p>","protected":false},"featured_media":11045,"template":"","meta":[],"product_brand":[],"product_cat":[192],"product_tag":[],"class_list":{"0":"post-11044","1":"product","2":"type-product","3":"status-publish","4":"has-post-thumbnail","6":"product_cat-cremes-eclaircissantes","8":"first","9":"outofstock","10":"shipping-taxable","11":"purchasable","12":"product-type-simple"},"yoast_head":"<!-- This site is optimized with the Yoast SEO plugin v26.6 - https:\/\/yoast.com\/wordpress\/plugins\/seo\/ -->\n<title>Huile super \u00e9claircissante au collag\u00e8ne | Achat de la Magic Oil<\/title>\n<meta name=\"description\" content=\"L&#039;huile super \u00e9claircissante au collag\u00e8ne, Magic Oil, est une solution polyvalente pour votre routine beaut\u00e9. Adoptez-l\u00e0 !\" \/>\n<meta name=\"robots\" content=\"index, follow, max-snippet:-1, max-image-preview:large, max-video-preview:-1\" \/>\n<link rel=\"canonical\" href=\"https:\/\/www.safinel.fr\/pt\/product-2\/oleo-super-clareador-com-colagenio\/\" \/>\n<meta property=\"og:locale\" content=\"pt_PT\" \/>\n<meta property=\"og:type\" content=\"article\" \/>\n<meta property=\"og:title\" content=\"Huile super \u00e9claircissante au collag\u00e8ne | Achat de la Magic Oil\" \/>\n<meta property=\"og:description\" content=\"L&#039;huile super \u00e9claircissante au collag\u00e8ne, Magic Oil, est une solution polyvalente pour votre routine beaut\u00e9. Adoptez-l\u00e0 !\" \/>\n<meta property=\"og:url\" content=\"https:\/\/www.safinel.fr\/pt\/product-2\/oleo-super-clareador-com-colagenio\/\" \/>\n<meta property=\"og:site_name\" content=\"Safinel\" \/>\n<meta property=\"article:modified_time\" content=\"2024-09-30T09:40:15+00:00\" \/>\n<meta property=\"og:image\" content=\"https:\/\/www.safinel.fr\/wp-content\/uploads\/2024\/01\/Huile-super-eclaircissante-au-collagene.jpg\" \/>\n\t<meta property=\"og:image:width\" content=\"600\" \/>\n\t<meta property=\"og:image:height\" content=\"600\" \/>\n\t<meta property=\"og:image:type\" content=\"image\/jpeg\" \/>\n<meta name=\"twitter:card\" content=\"summary_large_image\" \/>\n<meta name=\"twitter:label1\" content=\"Tempo estimado de leitura\" \/>\n\t<meta name=\"twitter:data1\" content=\"2 minutos\" \/>\n<script type=\"application\/ld+json\" class=\"yoast-schema-graph\">{\"@context\":\"https:\/\/schema.org\",\"@graph\":[{\"@type\":\"WebPage\",\"@id\":\"https:\/\/www.safinel.fr\/produit\/huile-super-eclaircissante-au-collagene\/\",\"url\":\"https:\/\/www.safinel.fr\/produit\/huile-super-eclaircissante-au-collagene\/\",\"name\":\"Huile super \u00e9claircissante au collag\u00e8ne | Achat de la Magic Oil\",\"isPartOf\":{\"@id\":\"https:\/\/www.safinel.fr\/#website\"},\"primaryImageOfPage\":{\"@id\":\"https:\/\/www.safinel.fr\/produit\/huile-super-eclaircissante-au-collagene\/#primaryimage\"},\"image\":{\"@id\":\"https:\/\/www.safinel.fr\/produit\/huile-super-eclaircissante-au-collagene\/#primaryimage\"},\"thumbnailUrl\":\"https:\/\/www.safinel.fr\/wp-content\/uploads\/2024\/01\/Huile-super-eclaircissante-au-collagene.jpg\",\"datePublished\":\"2024-01-20T14:38:03+00:00\",\"dateModified\":\"2024-09-30T09:40:15+00:00\",\"description\":\"L'huile super \u00e9claircissante au collag\u00e8ne, Magic Oil, est une solution polyvalente pour votre routine beaut\u00e9. Adoptez-l\u00e0 !\",\"breadcrumb\":{\"@id\":\"https:\/\/www.safinel.fr\/produit\/huile-super-eclaircissante-au-collagene\/#breadcrumb\"},\"inLanguage\":\"pt-PT\",\"potentialAction\":[{\"@type\":\"ReadAction\",\"target\":[\"https:\/\/www.safinel.fr\/produit\/huile-super-eclaircissante-au-collagene\/\"]}]},{\"@type\":\"ImageObject\",\"inLanguage\":\"pt-PT\",\"@id\":\"https:\/\/www.safinel.fr\/produit\/huile-super-eclaircissante-au-collagene\/#primaryimage\",\"url\":\"https:\/\/www.safinel.fr\/wp-content\/uploads\/2024\/01\/Huile-super-eclaircissante-au-collagene.jpg\",\"contentUrl\":\"https:\/\/www.safinel.fr\/wp-content\/uploads\/2024\/01\/Huile-super-eclaircissante-au-collagene.jpg\",\"width\":600,\"height\":600,\"caption\":\"Huile super \u00e9claircissante au collag\u00e8ne\"},{\"@type\":\"BreadcrumbList\",\"@id\":\"https:\/\/www.safinel.fr\/produit\/huile-super-eclaircissante-au-collagene\/#breadcrumb\",\"itemListElement\":[{\"@type\":\"ListItem\",\"position\":1,\"name\":\"Accueil\",\"item\":\"https:\/\/www.safinel.fr\/\"},{\"@type\":\"ListItem\",\"position\":2,\"name\":\"Boutique\",\"item\":\"https:\/\/www.safinel.fr\/boutique\/\"},{\"@type\":\"ListItem\",\"position\":3,\"name\":\"Huile super \u00e9claircissante au collag\u00e8ne (Magic Oil) &#8211; 125ml\"}]},{\"@type\":\"WebSite\",\"@id\":\"https:\/\/www.safinel.fr\/#website\",\"url\":\"https:\/\/www.safinel.fr\/\",\"name\":\"Safinel\",\"description\":\"\",\"publisher\":{\"@id\":\"https:\/\/www.safinel.fr\/#organization\"},\"potentialAction\":[{\"@type\":\"SearchAction\",\"target\":{\"@type\":\"EntryPoint\",\"urlTemplate\":\"https:\/\/www.safinel.fr\/?s={search_term_string}\"},\"query-input\":{\"@type\":\"PropertyValueSpecification\",\"valueRequired\":true,\"valueName\":\"search_term_string\"}}],\"inLanguage\":\"pt-PT\"},{\"@type\":\"Organization\",\"@id\":\"https:\/\/www.safinel.fr\/#organization\",\"name\":\"Safinel\",\"url\":\"https:\/\/www.safinel.fr\/\",\"logo\":{\"@type\":\"ImageObject\",\"inLanguage\":\"pt-PT\",\"@id\":\"https:\/\/www.safinel.fr\/#\/schema\/logo\/image\/\",\"url\":\"https:\/\/www.safinel.fr\/wp-content\/uploads\/2021\/05\/boutique-cosmetique.png\",\"contentUrl\":\"https:\/\/www.safinel.fr\/wp-content\/uploads\/2021\/05\/boutique-cosmetique.png\",\"width\":800,\"height\":200,\"caption\":\"Safinel\"},\"image\":{\"@id\":\"https:\/\/www.safinel.fr\/#\/schema\/logo\/image\/\"}}]}<\/script>\n<!-- \/ Yoast SEO plugin. -->","yoast_head_json":{"title":"\u00d3leo super clareador com colag\u00e9nio | Compra do Magic Oil","description":"O \u00f3leo superclareador com colag\u00e9nio, Magic Oil, \u00e9 uma solu\u00e7\u00e3o vers\u00e1til para a sua rotina de beleza. Adote-o!","robots":{"index":"index","follow":"follow","max-snippet":"max-snippet:-1","max-image-preview":"max-image-preview:large","max-video-preview":"max-video-preview:-1"},"canonical":"https:\/\/www.safinel.fr\/pt\/product-2\/oleo-super-clareador-com-colagenio\/","og_locale":"pt_PT","og_type":"article","og_title":"Huile super \u00e9claircissante au collag\u00e8ne | Achat de la Magic Oil","og_description":"L'huile super \u00e9claircissante au collag\u00e8ne, Magic Oil, est une solution polyvalente pour votre routine beaut\u00e9. Adoptez-l\u00e0 !","og_url":"https:\/\/www.safinel.fr\/pt\/product-2\/oleo-super-clareador-com-colagenio\/","og_site_name":"Safinel","article_modified_time":"2024-09-30T09:40:15+00:00","og_image":[{"width":600,"height":600,"url":"https:\/\/www.safinel.fr\/wp-content\/uploads\/2024\/01\/Huile-super-eclaircissante-au-collagene.jpg","type":"image\/jpeg"}],"twitter_card":"summary_large_image","twitter_misc":{"Tempo estimado de leitura":"2 minutos"},"schema":{"@context":"https:\/\/schema.org","@graph":[{"@type":"WebPage","@id":"https:\/\/www.safinel.fr\/produit\/huile-super-eclaircissante-au-collagene\/","url":"https:\/\/www.safinel.fr\/produit\/huile-super-eclaircissante-au-collagene\/","name":"\u00d3leo super clareador com colag\u00e9nio | Compra do Magic Oil","isPartOf":{"@id":"https:\/\/www.safinel.fr\/#website"},"primaryImageOfPage":{"@id":"https:\/\/www.safinel.fr\/produit\/huile-super-eclaircissante-au-collagene\/#primaryimage"},"image":{"@id":"https:\/\/www.safinel.fr\/produit\/huile-super-eclaircissante-au-collagene\/#primaryimage"},"thumbnailUrl":"https:\/\/www.safinel.fr\/wp-content\/uploads\/2024\/01\/Huile-super-eclaircissante-au-collagene.jpg","datePublished":"2024-01-20T14:38:03+00:00","dateModified":"2024-09-30T09:40:15+00:00","description":"O \u00f3leo superclareador com colag\u00e9nio, Magic Oil, \u00e9 uma solu\u00e7\u00e3o vers\u00e1til para a sua rotina de beleza. Adote-o!","breadcrumb":{"@id":"https:\/\/www.safinel.fr\/produit\/huile-super-eclaircissante-au-collagene\/#breadcrumb"},"inLanguage":"pt-PT","potentialAction":[{"@type":"ReadAction","target":["https:\/\/www.safinel.fr\/produit\/huile-super-eclaircissante-au-collagene\/"]}]},{"@type":"ImageObject","inLanguage":"pt-PT","@id":"https:\/\/www.safinel.fr\/produit\/huile-super-eclaircissante-au-collagene\/#primaryimage","url":"https:\/\/www.safinel.fr\/wp-content\/uploads\/2024\/01\/Huile-super-eclaircissante-au-collagene.jpg","contentUrl":"https:\/\/www.safinel.fr\/wp-content\/uploads\/2024\/01\/Huile-super-eclaircissante-au-collagene.jpg","width":600,"height":600,"caption":"Huile super \u00e9claircissante au collag\u00e8ne"},{"@type":"BreadcrumbList","@id":"https:\/\/www.safinel.fr\/produit\/huile-super-eclaircissante-au-collagene\/#breadcrumb","itemListElement":[{"@type":"ListItem","position":1,"name":"Accueil","item":"https:\/\/www.safinel.fr\/"},{"@type":"ListItem","position":2,"name":"Boutique","item":"https:\/\/www.safinel.fr\/boutique\/"},{"@type":"ListItem","position":3,"name":"Huile super \u00e9claircissante au collag\u00e8ne (Magic Oil) &#8211; 125ml"}]},{"@type":"WebSite","@id":"https:\/\/www.safinel.fr\/#website","url":"https:\/\/www.safinel.fr\/","name":"Safinel","description":"","publisher":{"@id":"https:\/\/www.safinel.fr\/#organization"},"potentialAction":[{"@type":"SearchAction","target":{"@type":"EntryPoint","urlTemplate":"https:\/\/www.safinel.fr\/?s={search_term_string}"},"query-input":{"@type":"PropertyValueSpecification","valueRequired":true,"valueName":"search_term_string"}}],"inLanguage":"pt-PT"},{"@type":"Organization","@id":"https:\/\/www.safinel.fr\/#organization","name":"Safinel","url":"https:\/\/www.safinel.fr\/","logo":{"@type":"ImageObject","inLanguage":"pt-PT","@id":"https:\/\/www.safinel.fr\/#\/schema\/logo\/image\/","url":"https:\/\/www.safinel.fr\/wp-content\/uploads\/2021\/05\/boutique-cosmetique.png","contentUrl":"https:\/\/www.safinel.fr\/wp-content\/uploads\/2021\/05\/boutique-cosmetique.png","width":800,"height":200,"caption":"Safinel"},"image":{"@id":"https:\/\/www.safinel.fr\/#\/schema\/logo\/image\/"}}]}},"_links":{"self":[{"href":"https:\/\/www.safinel.fr\/pt\/wp-json\/wp\/v2\/product\/11044","targetHints":{"allow":["GET"]}}],"collection":[{"href":"https:\/\/www.safinel.fr\/pt\/wp-json\/wp\/v2\/product"}],"about":[{"href":"https:\/\/www.safinel.fr\/pt\/wp-json\/wp\/v2\/types\/product"}],"wp:featuredmedia":[{"embeddable":true,"href":"https:\/\/www.safinel.fr\/pt\/wp-json\/wp\/v2\/media\/11045"}],"wp:attachment":[{"href":"https:\/\/www.safinel.fr\/pt\/wp-json\/wp\/v2\/media?parent=11044"}],"wp:term":[{"taxonomy":"product_brand","embeddable":true,"href":"https:\/\/www.safinel.fr\/pt\/wp-json\/wp\/v2\/product_brand?post=11044"},{"taxonomy":"product_cat","embeddable":true,"href":"https:\/\/www.safinel.fr\/pt\/wp-json\/wp\/v2\/product_cat?post=11044"},{"taxonomy":"product_tag","embeddable":true,"href":"https:\/\/www.safinel.fr\/pt\/wp-json\/wp\/v2\/product_tag?post=11044"}],"curies":[{"name":"wp","href":"https:\/\/api.w.org\/{rel}","templated":true}]}}